{"id":90128,"date":"2026-02-26T09:38:14","date_gmt":"2026-02-26T07:38:14","guid":{"rendered":"https:\/\/kidsplay.lt\/produktas\/woopie-pop-it-elektrinis-antistresinis-arkadinis-zaidimas-dinozauras\/"},"modified":"2026-04-13T15:15:37","modified_gmt":"2026-04-13T12:15:37","slug":"woopie-pop-it-elektrinis-antistresinis-arkadinis-zaidimas-dinozauras","status":"publish","type":"product","link":"https:\/\/kidsplay.lt\/lv\/products\/woopie-pop-it-elektrinis-antistresinis-arkadinis-zaidimas-dinozauras\/","title":{"rendered":"WOOPIE POP IT elektrisk\u0101 pretstresa ark\u0101des sp\u0113le dinozaurs"},"content":{"rendered":"<p>Woopie POP IT \u201eTriu\u0161iuko ausys\u201c \u2013 tai \u017eaisminga, sensorin\u0117 ir antistresin\u0117 pramoga, kuri patiks tiek vaikams, tiek suaugusiesiems. \u017daislas skleid\u017eia linksmus garsus, \u0161vie\u010dia ir reaguoja \u012f paspaudimus, tod\u0117l \u017eaidimas tampa dar \u012fdomesnis ir labiau \u012ftraukiantis.<\/p>\n<p>Kompakti\u0161kas dydis leid\u017eia \u017eaisl\u0105 pasiimti \u012f kelion\u0119, \u012f lauk\u0105 ar tur\u0117ti po ranka, kai reikia nusiraminti ar u\u017eimti ma\u017eyl\u012f. Tai puikus b\u016bdas lavinti smulki\u0105j\u0105 motorik\u0105, reakcij\u0105, d\u0117mesio sutelkim\u0105 ir spostrum\u0105.<\/p>\n<p>Raksturojums<\/p>\n<p> \tB\u0113rniem no 3 gadu vecuma<br \/>\n \tSkleid\u017eia linksmus, \u017eaidimui skatinan\u010dius garsus<br \/>\n \tPadeda ma\u017einti stres\u0105 ir \u012ftamp\u0105<br \/>\n \tLavina smulki\u0105j\u0105 motorik\u0105, rank\u0173\u2013aki\u0173 koordinacij\u0105 ir m\u0105stym\u0105<br \/>\n \tKompakti\u0161kas, lengvas, patogus kelion\u0117ms<br \/>\n \t4 interaktyv\u016bs \u017eaidimo re\u017eimai<\/p>\n<p>\u017daidimo re\u017eimai<br \/>\n1. Atminties re\u017eimas<br \/>\n\u012esimink atsitiktinai \u0161vie\u010dian\u010di\u0173 burbuliuk\u0173 sek\u0105 ir tiksliai j\u0105 pakartok.<br \/>\n2. Ta\u0161k\u0173 rinkimo re\u017eimas<br \/>\nSpausk \u0161vie\u010dian\u010dius burbuliukus kuo grei\u010diau ir surink kuo daugiau ta\u0161k\u0173.<br \/>\n3. Daugelio \u017eaid\u0117j\u0173 re\u017eimas<br \/>\nLeid\u017eia var\u017eytis su draugu ar \u0161eimos nariu.<br \/>\n4. \u201eBreakout\u201c re\u017eimas<br \/>\nNet 30 lygi\u0173, kuriuose reikia greitai reaguoti ir spausti \u0161vie\u010dian\u010dius burbuliukus.<\/p>\n<p>Rota\u013clietu lav\u012bna<\/p>\n<p> \tM\u0105stym\u0105 ir reakcij\u0105<br \/>\n \tSmalk\u0101s motorikas prasmes<br \/>\n \tRoku-acu koordin\u0101cija<br \/>\n \tSpostr\u0117gum\u0105<br \/>\n \tKoncentracij\u0105<\/p>","protected":false},"excerpt":{"rendered":"<p>Woopie POP IT \u201eTriu\u0161iuko ausys\u201c \u2013 tai \u017eaisminga, sensorin\u0117 ir antistresin\u0117 pramoga, kuri patiks tiek vaikams, tiek suaugusiesiems. \u017daislas skleid\u017eia<\/p>","protected":false},"featured_media":90130,"template":"","meta":{"_acf_changed":false,"_glsr_average":0,"_glsr_ranking":0,"_glsr_reviews":0},"product_brand":[],"product_cat":[388,229],"product_tag":[],"class_list":{"0":"post-90128","1":"product","2":"type-product","3":"status-publish","4":"has-post-thumbnail","6":"product_cat-edukaciniai-lavinamieji-zaislai","7":"product_cat-zaislai-vaikams","8":"\"style=\"background-color: #2ecc711c;\"","10":"first","11":"instock","12":"purchasable","13":"product-type-simple"},"acf":[],"yoast_head":"<!-- This site is optimized with the Yoast SEO plugin v27.3 - https:\/\/yoast.com\/product\/yoast-seo-wordpress\/ -->\n<title>WOOPIE POP IT elektrinis antistresinis arkadinis \u017eaidimas dinozauras<\/title>\n<meta name=\"description\" content=\"WOOPIE POP IT elektrinis antistresinis arkadinis \u017eaidimas dinozauras - KidsPlay. Did\u017eiausias vaik\u0173 \u017eaisl\u0173 pasirinkimas.\" \/>\n<meta name=\"robots\" content=\"index, follow, max-snippet:-1, max-image-preview:large, max-video-preview:-1\" \/>\n<link rel=\"canonical\" href=\"https:\/\/kidsplay.lt\/lv\/products\/woopie-pop-it-elektrinis-antistresinis-arkadinis-zaidimas-dinozauras\/\" \/>\n<meta property=\"og:locale\" content=\"lv_LV\" \/>\n<meta property=\"og:type\" content=\"article\" \/>\n<meta property=\"og:title\" content=\"WOOPIE POP IT elektrinis antistresinis arkadinis \u017eaidimas dinozauras\" \/>\n<meta property=\"og:description\" content=\"WOOPIE POP IT elektrinis antistresinis arkadinis \u017eaidimas dinozauras - KidsPlay. Did\u017eiausias vaik\u0173 \u017eaisl\u0173 pasirinkimas.\" \/>\n<meta property=\"og:url\" content=\"https:\/\/kidsplay.lt\/lv\/products\/woopie-pop-it-elektrinis-antistresinis-arkadinis-zaidimas-dinozauras\/\" \/>\n<meta property=\"og:site_name\" content=\"KidsPlay\" \/>\n<meta property=\"article:publisher\" content=\"https:\/\/www.facebook.com\/www.kidsplay.lt\" \/>\n<meta property=\"article:modified_time\" content=\"2026-04-13T12:15:37+00:00\" \/>\n<meta property=\"og:image\" content=\"https:\/\/kidsplay.lt\/wp-content\/uploads\/2026\/02\/WOOPIE-POP-IT-elektrinis-antistresinis-arkadinis-zaidimas-dinozauras.jpg\" \/>\n\t<meta property=\"og:image:width\" content=\"1000\" \/>\n\t<meta property=\"og:image:height\" content=\"1000\" \/>\n\t<meta property=\"og:image:type\" content=\"image\/jpeg\" \/>\n<meta name=\"twitter:card\" content=\"summary_large_image\" \/>\n<meta name=\"twitter:label1\" content=\"Est. reading time\" \/>\n\t<meta name=\"twitter:data1\" content=\"1 min\u016bte\" \/>\n<script type=\"application\/ld+json\" class=\"yoast-schema-graph\">{\"@context\":\"https:\\\/\\\/schema.org\",\"@graph\":[{\"@type\":\"WebPage\",\"@id\":\"https:\\\/\\\/kidsplay.lt\\\/produktas\\\/woopie-pop-it-elektrinis-antistresinis-arkadinis-zaidimas-dinozauras\\\/\",\"url\":\"https:\\\/\\\/kidsplay.lt\\\/produktas\\\/woopie-pop-it-elektrinis-antistresinis-arkadinis-zaidimas-dinozauras\\\/\",\"name\":\"WOOPIE POP IT elektrinis antistresinis arkadinis \u017eaidimas dinozauras\",\"isPartOf\":{\"@id\":\"https:\\\/\\\/kidsplay.lt\\\/#website\"},\"primaryImageOfPage\":{\"@id\":\"https:\\\/\\\/kidsplay.lt\\\/produktas\\\/woopie-pop-it-elektrinis-antistresinis-arkadinis-zaidimas-dinozauras\\\/#primaryimage\"},\"image\":{\"@id\":\"https:\\\/\\\/kidsplay.lt\\\/produktas\\\/woopie-pop-it-elektrinis-antistresinis-arkadinis-zaidimas-dinozauras\\\/#primaryimage\"},\"thumbnailUrl\":\"https:\\\/\\\/kidsplay.lt\\\/wp-content\\\/uploads\\\/2026\\\/02\\\/WOOPIE-POP-IT-elektrinis-antistresinis-arkadinis-zaidimas-dinozauras.jpg\",\"datePublished\":\"2026-02-26T07:38:14+00:00\",\"dateModified\":\"2026-04-13T12:15:37+00:00\",\"description\":\"WOOPIE POP IT elektrinis antistresinis arkadinis \u017eaidimas dinozauras - KidsPlay. Did\u017eiausias vaik\u0173 \u017eaisl\u0173 pasirinkimas.\",\"breadcrumb\":{\"@id\":\"https:\\\/\\\/kidsplay.lt\\\/produktas\\\/woopie-pop-it-elektrinis-antistresinis-arkadinis-zaidimas-dinozauras\\\/#breadcrumb\"},\"inLanguage\":\"lv-LV\",\"potentialAction\":[{\"@type\":\"ReadAction\",\"target\":[\"https:\\\/\\\/kidsplay.lt\\\/produktas\\\/woopie-pop-it-elektrinis-antistresinis-arkadinis-zaidimas-dinozauras\\\/\"]}]},{\"@type\":\"ImageObject\",\"inLanguage\":\"lv-LV\",\"@id\":\"https:\\\/\\\/kidsplay.lt\\\/produktas\\\/woopie-pop-it-elektrinis-antistresinis-arkadinis-zaidimas-dinozauras\\\/#primaryimage\",\"url\":\"https:\\\/\\\/kidsplay.lt\\\/wp-content\\\/uploads\\\/2026\\\/02\\\/WOOPIE-POP-IT-elektrinis-antistresinis-arkadinis-zaidimas-dinozauras.jpg\",\"contentUrl\":\"https:\\\/\\\/kidsplay.lt\\\/wp-content\\\/uploads\\\/2026\\\/02\\\/WOOPIE-POP-IT-elektrinis-antistresinis-arkadinis-zaidimas-dinozauras.jpg\",\"width\":1000,\"height\":1000,\"caption\":\"WOOPIE POP IT elektrinis antistresinis arkadinis \u017eaidimas dinozauras\"},{\"@type\":\"BreadcrumbList\",\"@id\":\"https:\\\/\\\/kidsplay.lt\\\/produktas\\\/woopie-pop-it-elektrinis-antistresinis-arkadinis-zaidimas-dinozauras\\\/#breadcrumb\",\"itemListElement\":[{\"@type\":\"ListItem\",\"position\":1,\"name\":\"Pagrindinis\",\"item\":\"https:\\\/\\\/kidsplay.lt\\\/\"},{\"@type\":\"ListItem\",\"position\":2,\"name\":\"Parduotuv\u0117\",\"item\":\"https:\\\/\\\/kidsplay.lt\\\/parduotuve\\\/\"},{\"@type\":\"ListItem\",\"position\":3,\"name\":\"WOOPIE POP IT elektrinis antistresinis arkadinis \u017eaidimas dinozauras\"}]},{\"@type\":\"WebSite\",\"@id\":\"https:\\\/\\\/kidsplay.lt\\\/#website\",\"url\":\"https:\\\/\\\/kidsplay.lt\\\/\",\"name\":\"Kidsplay.lt\",\"description\":\"\u012evairios prek\u0117s vaikams\",\"publisher\":{\"@id\":\"https:\\\/\\\/kidsplay.lt\\\/#organization\"},\"alternateName\":\"Kidsplay\",\"potentialAction\":[{\"@type\":\"SearchAction\",\"target\":{\"@type\":\"EntryPoint\",\"urlTemplate\":\"https:\\\/\\\/kidsplay.lt\\\/?s={search_term_string}\"},\"query-input\":{\"@type\":\"PropertyValueSpecification\",\"valueRequired\":true,\"valueName\":\"search_term_string\"}}],\"inLanguage\":\"lv-LV\"},{\"@type\":\"Organization\",\"@id\":\"https:\\\/\\\/kidsplay.lt\\\/#organization\",\"name\":\"KidsPlay\",\"url\":\"https:\\\/\\\/kidsplay.lt\\\/\",\"logo\":{\"@type\":\"ImageObject\",\"inLanguage\":\"lv-LV\",\"@id\":\"https:\\\/\\\/kidsplay.lt\\\/#\\\/schema\\\/logo\\\/image\\\/\",\"url\":\"https:\\\/\\\/kidsplay.lt\\\/wp-content\\\/uploads\\\/2023\\\/07\\\/kidsplay-logo.png\",\"contentUrl\":\"https:\\\/\\\/kidsplay.lt\\\/wp-content\\\/uploads\\\/2023\\\/07\\\/kidsplay-logo.png\",\"width\":451,\"height\":98,\"caption\":\"KidsPlay\"},\"image\":{\"@id\":\"https:\\\/\\\/kidsplay.lt\\\/#\\\/schema\\\/logo\\\/image\\\/\"},\"sameAs\":[\"https:\\\/\\\/www.facebook.com\\\/www.kidsplay.lt\"]}]}<\/script>\n<!-- \/ Yoast SEO plugin. -->","yoast_head_json":{"title":"WOOPIE POP IT elektrisk\u0101 pretstresa ark\u0101des sp\u0113le dinozaurs","description":"WOOPIE POP IT elektrinis antistresinis arkadinis \u017eaidimas dinozauras - KidsPlay. Did\u017eiausias vaik\u0173 \u017eaisl\u0173 pasirinkimas.","robots":{"index":"index","follow":"follow","max-snippet":"max-snippet:-1","max-image-preview":"max-image-preview:large","max-video-preview":"max-video-preview:-1"},"canonical":"https:\/\/kidsplay.lt\/lv\/products\/woopie-pop-it-elektrinis-antistresinis-arkadinis-zaidimas-dinozauras\/","og_locale":"lv_LV","og_type":"article","og_title":"WOOPIE POP IT elektrinis antistresinis arkadinis \u017eaidimas dinozauras","og_description":"WOOPIE POP IT elektrinis antistresinis arkadinis \u017eaidimas dinozauras - KidsPlay. Did\u017eiausias vaik\u0173 \u017eaisl\u0173 pasirinkimas.","og_url":"https:\/\/kidsplay.lt\/lv\/products\/woopie-pop-it-elektrinis-antistresinis-arkadinis-zaidimas-dinozauras\/","og_site_name":"KidsPlay","article_publisher":"https:\/\/www.facebook.com\/www.kidsplay.lt","article_modified_time":"2026-04-13T12:15:37+00:00","og_image":[{"width":1000,"height":1000,"url":"https:\/\/kidsplay.lt\/wp-content\/uploads\/2026\/02\/WOOPIE-POP-IT-elektrinis-antistresinis-arkadinis-zaidimas-dinozauras.jpg","type":"image\/jpeg"}],"twitter_card":"summary_large_image","twitter_misc":{"Est. reading time":"1 min\u016bte"},"schema":{"@context":"https:\/\/schema.org","@graph":[{"@type":"WebPage","@id":"https:\/\/kidsplay.lt\/produktas\/woopie-pop-it-elektrinis-antistresinis-arkadinis-zaidimas-dinozauras\/","url":"https:\/\/kidsplay.lt\/produktas\/woopie-pop-it-elektrinis-antistresinis-arkadinis-zaidimas-dinozauras\/","name":"WOOPIE POP IT elektrisk\u0101 pretstresa ark\u0101des sp\u0113le dinozaurs","isPartOf":{"@id":"https:\/\/kidsplay.lt\/#website"},"primaryImageOfPage":{"@id":"https:\/\/kidsplay.lt\/produktas\/woopie-pop-it-elektrinis-antistresinis-arkadinis-zaidimas-dinozauras\/#primaryimage"},"image":{"@id":"https:\/\/kidsplay.lt\/produktas\/woopie-pop-it-elektrinis-antistresinis-arkadinis-zaidimas-dinozauras\/#primaryimage"},"thumbnailUrl":"https:\/\/kidsplay.lt\/wp-content\/uploads\/2026\/02\/WOOPIE-POP-IT-elektrinis-antistresinis-arkadinis-zaidimas-dinozauras.jpg","datePublished":"2026-02-26T07:38:14+00:00","dateModified":"2026-04-13T12:15:37+00:00","description":"WOOPIE POP IT elektrinis antistresinis arkadinis \u017eaidimas dinozauras - KidsPlay. Did\u017eiausias vaik\u0173 \u017eaisl\u0173 pasirinkimas.","breadcrumb":{"@id":"https:\/\/kidsplay.lt\/produktas\/woopie-pop-it-elektrinis-antistresinis-arkadinis-zaidimas-dinozauras\/#breadcrumb"},"inLanguage":"lv-LV","potentialAction":[{"@type":"ReadAction","target":["https:\/\/kidsplay.lt\/produktas\/woopie-pop-it-elektrinis-antistresinis-arkadinis-zaidimas-dinozauras\/"]}]},{"@type":"ImageObject","inLanguage":"lv-LV","@id":"https:\/\/kidsplay.lt\/produktas\/woopie-pop-it-elektrinis-antistresinis-arkadinis-zaidimas-dinozauras\/#primaryimage","url":"https:\/\/kidsplay.lt\/wp-content\/uploads\/2026\/02\/WOOPIE-POP-IT-elektrinis-antistresinis-arkadinis-zaidimas-dinozauras.jpg","contentUrl":"https:\/\/kidsplay.lt\/wp-content\/uploads\/2026\/02\/WOOPIE-POP-IT-elektrinis-antistresinis-arkadinis-zaidimas-dinozauras.jpg","width":1000,"height":1000,"caption":"WOOPIE POP IT elektrinis antistresinis arkadinis \u017eaidimas dinozauras"},{"@type":"BreadcrumbList","@id":"https:\/\/kidsplay.lt\/produktas\/woopie-pop-it-elektrinis-antistresinis-arkadinis-zaidimas-dinozauras\/#breadcrumb","itemListElement":[{"@type":"ListItem","position":1,"name":"Pagrindinis","item":"https:\/\/kidsplay.lt\/"},{"@type":"ListItem","position":2,"name":"Parduotuv\u0117","item":"https:\/\/kidsplay.lt\/parduotuve\/"},{"@type":"ListItem","position":3,"name":"WOOPIE POP IT elektrinis antistresinis arkadinis \u017eaidimas dinozauras"}]},{"@type":"WebSite","@id":"https:\/\/kidsplay.lt\/#website","url":"https:\/\/kidsplay.lt\/","name":"B\u0113rnu sp\u0113les.lv","description":"\u012evairios prek\u0117s vaikams","publisher":{"@id":"https:\/\/kidsplay.lt\/#organization"},"alternateName":"Kidsplay","potentialAction":[{"@type":"SearchAction","target":{"@type":"EntryPoint","urlTemplate":"https:\/\/kidsplay.lt\/?s={search_term_string}"},"query-input":{"@type":"PropertyValueSpecification","valueRequired":true,"valueName":"search_term_string"}}],"inLanguage":"lv-LV"},{"@type":"Organization","@id":"https:\/\/kidsplay.lt\/#organization","name":"B\u0113rnu sp\u0113le","url":"https:\/\/kidsplay.lt\/","logo":{"@type":"ImageObject","inLanguage":"lv-LV","@id":"https:\/\/kidsplay.lt\/#\/schema\/logo\/image\/","url":"https:\/\/kidsplay.lt\/wp-content\/uploads\/2023\/07\/kidsplay-logo.png","contentUrl":"https:\/\/kidsplay.lt\/wp-content\/uploads\/2023\/07\/kidsplay-logo.png","width":451,"height":98,"caption":"KidsPlay"},"image":{"@id":"https:\/\/kidsplay.lt\/#\/schema\/logo\/image\/"},"sameAs":["https:\/\/www.facebook.com\/www.kidsplay.lt"]}]}},"_links":{"self":[{"href":"https:\/\/kidsplay.lt\/lv\/wp-json\/wp\/v2\/product\/90128","targetHints":{"allow":["GET"]}}],"collection":[{"href":"https:\/\/kidsplay.lt\/lv\/wp-json\/wp\/v2\/product"}],"about":[{"href":"https:\/\/kidsplay.lt\/lv\/wp-json\/wp\/v2\/types\/product"}],"version-history":[{"count":1,"href":"https:\/\/kidsplay.lt\/lv\/wp-json\/wp\/v2\/product\/90128\/revisions"}],"predecessor-version":[{"id":90129,"href":"https:\/\/kidsplay.lt\/lv\/wp-json\/wp\/v2\/product\/90128\/revisions\/90129"}],"wp:featuredmedia":[{"embeddable":true,"href":"https:\/\/kidsplay.lt\/lv\/wp-json\/wp\/v2\/media\/90130"}],"wp:attachment":[{"href":"https:\/\/kidsplay.lt\/lv\/wp-json\/wp\/v2\/media?parent=90128"}],"wp:term":[{"taxonomy":"product_brand","embeddable":true,"href":"https:\/\/kidsplay.lt\/lv\/wp-json\/wp\/v2\/product_brand?post=90128"},{"taxonomy":"product_cat","embeddable":true,"href":"https:\/\/kidsplay.lt\/lv\/wp-json\/wp\/v2\/product_cat?post=90128"},{"taxonomy":"product_tag","embeddable":true,"href":"https:\/\/kidsplay.lt\/lv\/wp-json\/wp\/v2\/product_tag?post=90128"}],"curies":[{"name":"wp","href":"https:\/\/api.w.org\/{rel}","templated":true}]}}