{"id":90137,"date":"2026-02-26T09:38:23","date_gmt":"2026-02-26T07:38:23","guid":{"rendered":"https:\/\/kidsplay.lt\/produktas\/woopie-kodo-lauzymo-delione\/"},"modified":"2026-04-07T10:52:26","modified_gmt":"2026-04-07T07:52:26","slug":"woopie-kodo-lauzymo-delione","status":"publish","type":"product","link":"https:\/\/kidsplay.lt\/lv\/products\/woopie-kodo-lauzymo-delione\/","title":{"rendered":"WOOPIE kodo lau\u017eymo d\u0117lion\u0117"},"content":{"rendered":"<p>\u201e Woopie\u00a0\u00a0\u00a0Codebreaker\u201c\u00a0d\u0117lion\u0117\u00a0yra fantasti\u0161kas \u0161eimos \u017eaidimas, kuriame pramogos derinamos su protini\u0173 \u012fg\u016bd\u017ei\u0173 lavinimu. Tai modernus vieno populiariausi\u0173 vis\u0173 laik\u0173 d\u0117lioni\u0173 \u017eaidimo variantas, kuriame \u017eaid\u0117jai atlieka kod\u0173 lau\u017eytoj\u0173 ir detektyv\u0173 vaidmenis \u2013 vienas \u017eaid\u0117jas nustato spalvot\u0173 fig\u016br\u0117li\u0173 slapt\u0105 kod\u0105, o kiti bando j\u012f atsp\u0117ti, pasitelkdami\u00a0login\u012f m\u0105stym\u0105, analiz\u0119 ir strategij\u0105.\u00a0\u017daidimas si\u016blo\u00a0daug jaudulio\u00a0, kiekvienas \u017eaidimas yra\u00a0skirtingas ir stebinantis\u00a0. D\u0117l tvirtos konstrukcijos ir spalving\u0173 komponent\u0173 \u017eaidimas patraukia vaik\u0173 d\u0117mes\u012f ir yra pakankamai \u012ftraukiantis, kad prie jo prisijungt\u0173 ir suaugusieji. Produktas skirtas leisti laik\u0105 kartu, lavinti intelektinius \u012fg\u016bd\u017eius ir stiprinti dalyvi\u0173 santykius.\u00a0Kompakti\u0161ka lenta\u00a0ir \u012fmontuota vieta fig\u016br\u0117l\u0117ms laikyti taip pat daro \u0161\u012f \u017eaidim\u0105 idealiu kelion\u0117ms ar atostogoms. \u017daislas skatina mokym\u0105si \u017eaid\u017eiant, lavina vaizduot\u0119, moko kantryb\u0117s ir moko efektyviai veikti esant laiko spaudimui.<\/p>\n<p>Rakstur\u012bgs:<\/p>\n<p> \t&#8211;\u00a0\u017daislas vaikams\u00a0nuo 5 met\u0173 am\u017eiaus<br \/>\n \t&#8211;\u00a0\u00a0Moderni klasikinio d\u0117lion\u0117s \u017eaidimo versija\u00a0\u2013 sukurkite slapt\u0105 kod\u0105 ir leiskite kitiems j\u012f nulau\u017eti<br \/>\n \t&#8211;\u00a0\u00a0Iki 5 \u017eaid\u0117j\u0173\u00a0\u2013 puiki pramoga visai \u0161eimai ar draug\u0173 grupei<br \/>\n \t&#8211;\u00a0\u00a0Paprastos ir suprantamos taisykl\u0117s\u00a0\u2013 puikiai tinka vaikams, bet pakankamai sud\u0117tingos ir suaugusiems<br \/>\n \t&#8211;\u00a0\u00a0Judantys elementai ir spalvingos detal\u0117s\u00a0\u2013 suteikia vizualin\u012f patrauklum\u0105<br \/>\n \t&#8211;\u00a0\u00a0Integruotas skyrius slaptam kodui\u00a0\u2013 leid\u017eia pasl\u0117pti ra\u0161t\u0105 nuo prie\u0161inink\u0173<br \/>\n \t&#8211;\u00a0\u00a0Permatomas dangtelis\u00a0\u2013 padeda palaikyti tvark\u0105 \u017eaidimo metu ir po jo<br \/>\n \t&#8211;\u00a0\u00a0Auk\u0161tos kokyb\u0117s apdaila\u00a0\u2013 patvarios med\u017eiagos, atsparios pa\u017eeidimams<br \/>\n \t&#8211;\u00a0\u00a0Pilnas detali\u0173 rinkinys\u00a0\u2013 skirting\u0173 spalv\u0173, kad b\u016bt\u0173 galima sukurti begalin\u012f derini\u0173 skai\u010di\u0173<\/p>\n<p>Komplekt\u0101 ietilpst:<\/p>\n<p> \t&#8211; Didel\u0117 lenta su stovu ir skyriumi kodui<br \/>\n \t&#8211; 96 spalvingos detal\u0117s 8 skirting\u0173 spalv\u0173<br \/>\n \t&#8211; Balti ir raudoni \u017eymekliai teisingiems ir neteisingiems sp\u0117jimams pa\u017eym\u0117ti<br \/>\n \t&#8211; Skaidrus dangtelis detal\u0117ms laikyti<br \/>\n \t&#8211; Pakuot\u0117 su patrauklia grafika ir instrukcijomis<\/p>\n<p>Rota\u013clieta att\u012bst\u0101s:<\/p>\n<p> \t&#8211; loginis m\u0105stymas ir geb\u0117jimas analizuoti situacijas<br \/>\n \t&#8211; pastabumas ir tikslumas<br \/>\n \t&#8211; strategija ir veiksm\u0173 planavimas<br \/>\n \t&#8211; bendravimas ir bendradarbiavimas su kitais<\/p>\n<p>Gaminio matmenys\u00a0: 34 x 7 x 5 (cm)<br \/>\nPakuot\u0117s matmenys\u00a0: 26 x 26 x 6 (cm)<\/p>","protected":false},"excerpt":{"rendered":"<p>\u201e Woopie\u00a0\u00a0\u00a0Codebreaker\u201c\u00a0d\u0117lion\u0117\u00a0yra fantasti\u0161kas \u0161eimos \u017eaidimas, kuriame pramogos derinamos su protini\u0173 \u012fg\u016bd\u017ei\u0173 lavinimu. Tai modernus vieno populiariausi\u0173 vis\u0173 laik\u0173 d\u0117lioni\u0173 \u017eaidimo<\/p>","protected":false},"featured_media":66628,"template":"","meta":{"_acf_changed":false,"_glsr_average":0,"_glsr_ranking":0,"_glsr_reviews":0},"product_brand":[],"product_cat":[388,229],"product_tag":[],"class_list":{"0":"post-90137","1":"product","2":"type-product","3":"status-publish","4":"has-post-thumbnail","6":"product_cat-edukaciniai-lavinamieji-zaislai","7":"product_cat-zaislai-vaikams","8":"\"style=\"background-color: #2ecc711c;\"","10":"first","11":"instock","12":"purchasable","13":"product-type-simple"},"acf":[],"yoast_head":"<!-- This site is optimized with the Yoast SEO plugin v27.3 - https:\/\/yoast.com\/product\/yoast-seo-wordpress\/ -->\n<title>WOOPIE kodo lau\u017eymo d\u0117lion\u0117<\/title>\n<meta name=\"description\" content=\"WOOPIE kodo lau\u017eymo d\u0117lion\u0117 - KidsPlay. Did\u017eiausias vaik\u0173 \u017eaisl\u0173 pasirinkimas.\" \/>\n<meta name=\"robots\" content=\"index, follow, max-snippet:-1, max-image-preview:large, max-video-preview:-1\" \/>\n<link rel=\"canonical\" href=\"https:\/\/kidsplay.lt\/lv\/products\/woopie-kodo-lauzymo-delione\/\" \/>\n<meta property=\"og:locale\" content=\"lv_LV\" \/>\n<meta property=\"og:type\" content=\"article\" \/>\n<meta property=\"og:title\" content=\"WOOPIE kodo lau\u017eymo d\u0117lion\u0117\" \/>\n<meta property=\"og:description\" content=\"WOOPIE kodo lau\u017eymo d\u0117lion\u0117 - KidsPlay. Did\u017eiausias vaik\u0173 \u017eaisl\u0173 pasirinkimas.\" \/>\n<meta property=\"og:url\" content=\"https:\/\/kidsplay.lt\/lv\/products\/woopie-kodo-lauzymo-delione\/\" \/>\n<meta property=\"og:site_name\" content=\"KidsPlay\" \/>\n<meta property=\"article:publisher\" content=\"https:\/\/www.facebook.com\/www.kidsplay.lt\" \/>\n<meta property=\"article:modified_time\" content=\"2026-04-07T07:52:26+00:00\" \/>\n<meta property=\"og:image\" content=\"https:\/\/kidsplay.lt\/wp-content\/uploads\/2025\/09\/WOOPIE-kodo-lauzymo-delione.jpg\" \/>\n\t<meta property=\"og:image:width\" content=\"1000\" \/>\n\t<meta property=\"og:image:height\" content=\"1000\" \/>\n\t<meta property=\"og:image:type\" content=\"image\/jpeg\" \/>\n<meta name=\"twitter:card\" content=\"summary_large_image\" \/>\n<meta name=\"twitter:label1\" content=\"Est. reading time\" \/>\n\t<meta name=\"twitter:data1\" content=\"2 min\u016btes\" \/>\n<script type=\"application\/ld+json\" class=\"yoast-schema-graph\">{\"@context\":\"https:\\\/\\\/schema.org\",\"@graph\":[{\"@type\":\"WebPage\",\"@id\":\"https:\\\/\\\/kidsplay.lt\\\/produktas\\\/woopie-kodo-lauzymo-delione\\\/\",\"url\":\"https:\\\/\\\/kidsplay.lt\\\/produktas\\\/woopie-kodo-lauzymo-delione\\\/\",\"name\":\"WOOPIE kodo lau\u017eymo d\u0117lion\u0117\",\"isPartOf\":{\"@id\":\"https:\\\/\\\/kidsplay.lt\\\/#website\"},\"primaryImageOfPage\":{\"@id\":\"https:\\\/\\\/kidsplay.lt\\\/produktas\\\/woopie-kodo-lauzymo-delione\\\/#primaryimage\"},\"image\":{\"@id\":\"https:\\\/\\\/kidsplay.lt\\\/produktas\\\/woopie-kodo-lauzymo-delione\\\/#primaryimage\"},\"thumbnailUrl\":\"https:\\\/\\\/kidsplay.lt\\\/wp-content\\\/uploads\\\/2025\\\/09\\\/WOOPIE-kodo-lauzymo-delione.jpg\",\"datePublished\":\"2026-02-26T07:38:23+00:00\",\"dateModified\":\"2026-04-07T07:52:26+00:00\",\"description\":\"WOOPIE kodo lau\u017eymo d\u0117lion\u0117 - KidsPlay. Did\u017eiausias vaik\u0173 \u017eaisl\u0173 pasirinkimas.\",\"breadcrumb\":{\"@id\":\"https:\\\/\\\/kidsplay.lt\\\/produktas\\\/woopie-kodo-lauzymo-delione\\\/#breadcrumb\"},\"inLanguage\":\"lv-LV\",\"potentialAction\":[{\"@type\":\"ReadAction\",\"target\":[\"https:\\\/\\\/kidsplay.lt\\\/produktas\\\/woopie-kodo-lauzymo-delione\\\/\"]}]},{\"@type\":\"ImageObject\",\"inLanguage\":\"lv-LV\",\"@id\":\"https:\\\/\\\/kidsplay.lt\\\/produktas\\\/woopie-kodo-lauzymo-delione\\\/#primaryimage\",\"url\":\"https:\\\/\\\/kidsplay.lt\\\/wp-content\\\/uploads\\\/2025\\\/09\\\/WOOPIE-kodo-lauzymo-delione.jpg\",\"contentUrl\":\"https:\\\/\\\/kidsplay.lt\\\/wp-content\\\/uploads\\\/2025\\\/09\\\/WOOPIE-kodo-lauzymo-delione.jpg\",\"width\":1000,\"height\":1000,\"caption\":\"WOOPIE kodo lau\u017eymo d\u0117lion\u0117\"},{\"@type\":\"BreadcrumbList\",\"@id\":\"https:\\\/\\\/kidsplay.lt\\\/produktas\\\/woopie-kodo-lauzymo-delione\\\/#breadcrumb\",\"itemListElement\":[{\"@type\":\"ListItem\",\"position\":1,\"name\":\"Pagrindinis\",\"item\":\"https:\\\/\\\/kidsplay.lt\\\/\"},{\"@type\":\"ListItem\",\"position\":2,\"name\":\"Parduotuv\u0117\",\"item\":\"https:\\\/\\\/kidsplay.lt\\\/parduotuve\\\/\"},{\"@type\":\"ListItem\",\"position\":3,\"name\":\"WOOPIE kodo lau\u017eymo d\u0117lion\u0117\"}]},{\"@type\":\"WebSite\",\"@id\":\"https:\\\/\\\/kidsplay.lt\\\/#website\",\"url\":\"https:\\\/\\\/kidsplay.lt\\\/\",\"name\":\"Kidsplay.lt\",\"description\":\"\u012evairios prek\u0117s vaikams\",\"publisher\":{\"@id\":\"https:\\\/\\\/kidsplay.lt\\\/#organization\"},\"alternateName\":\"Kidsplay\",\"potentialAction\":[{\"@type\":\"SearchAction\",\"target\":{\"@type\":\"EntryPoint\",\"urlTemplate\":\"https:\\\/\\\/kidsplay.lt\\\/?s={search_term_string}\"},\"query-input\":{\"@type\":\"PropertyValueSpecification\",\"valueRequired\":true,\"valueName\":\"search_term_string\"}}],\"inLanguage\":\"lv-LV\"},{\"@type\":\"Organization\",\"@id\":\"https:\\\/\\\/kidsplay.lt\\\/#organization\",\"name\":\"KidsPlay\",\"url\":\"https:\\\/\\\/kidsplay.lt\\\/\",\"logo\":{\"@type\":\"ImageObject\",\"inLanguage\":\"lv-LV\",\"@id\":\"https:\\\/\\\/kidsplay.lt\\\/#\\\/schema\\\/logo\\\/image\\\/\",\"url\":\"https:\\\/\\\/kidsplay.lt\\\/wp-content\\\/uploads\\\/2023\\\/07\\\/kidsplay-logo.png\",\"contentUrl\":\"https:\\\/\\\/kidsplay.lt\\\/wp-content\\\/uploads\\\/2023\\\/07\\\/kidsplay-logo.png\",\"width\":451,\"height\":98,\"caption\":\"KidsPlay\"},\"image\":{\"@id\":\"https:\\\/\\\/kidsplay.lt\\\/#\\\/schema\\\/logo\\\/image\\\/\"},\"sameAs\":[\"https:\\\/\\\/www.facebook.com\\\/www.kidsplay.lt\"]}]}<\/script>\n<!-- \/ Yoast SEO plugin. -->","yoast_head_json":{"title":"WOOPIE kodo lau\u017eymo d\u0117lion\u0117","description":"WOOPIE kodo lau\u017eymo d\u0117lion\u0117 - KidsPlay. Did\u017eiausias vaik\u0173 \u017eaisl\u0173 pasirinkimas.","robots":{"index":"index","follow":"follow","max-snippet":"max-snippet:-1","max-image-preview":"max-image-preview:large","max-video-preview":"max-video-preview:-1"},"canonical":"https:\/\/kidsplay.lt\/lv\/products\/woopie-kodo-lauzymo-delione\/","og_locale":"lv_LV","og_type":"article","og_title":"WOOPIE kodo lau\u017eymo d\u0117lion\u0117","og_description":"WOOPIE kodo lau\u017eymo d\u0117lion\u0117 - KidsPlay. Did\u017eiausias vaik\u0173 \u017eaisl\u0173 pasirinkimas.","og_url":"https:\/\/kidsplay.lt\/lv\/products\/woopie-kodo-lauzymo-delione\/","og_site_name":"KidsPlay","article_publisher":"https:\/\/www.facebook.com\/www.kidsplay.lt","article_modified_time":"2026-04-07T07:52:26+00:00","og_image":[{"width":1000,"height":1000,"url":"https:\/\/kidsplay.lt\/wp-content\/uploads\/2025\/09\/WOOPIE-kodo-lauzymo-delione.jpg","type":"image\/jpeg"}],"twitter_card":"summary_large_image","twitter_misc":{"Est. reading time":"2 min\u016btes"},"schema":{"@context":"https:\/\/schema.org","@graph":[{"@type":"WebPage","@id":"https:\/\/kidsplay.lt\/produktas\/woopie-kodo-lauzymo-delione\/","url":"https:\/\/kidsplay.lt\/produktas\/woopie-kodo-lauzymo-delione\/","name":"WOOPIE kodo lau\u017eymo d\u0117lion\u0117","isPartOf":{"@id":"https:\/\/kidsplay.lt\/#website"},"primaryImageOfPage":{"@id":"https:\/\/kidsplay.lt\/produktas\/woopie-kodo-lauzymo-delione\/#primaryimage"},"image":{"@id":"https:\/\/kidsplay.lt\/produktas\/woopie-kodo-lauzymo-delione\/#primaryimage"},"thumbnailUrl":"https:\/\/kidsplay.lt\/wp-content\/uploads\/2025\/09\/WOOPIE-kodo-lauzymo-delione.jpg","datePublished":"2026-02-26T07:38:23+00:00","dateModified":"2026-04-07T07:52:26+00:00","description":"WOOPIE kodo lau\u017eymo d\u0117lion\u0117 - KidsPlay. Did\u017eiausias vaik\u0173 \u017eaisl\u0173 pasirinkimas.","breadcrumb":{"@id":"https:\/\/kidsplay.lt\/produktas\/woopie-kodo-lauzymo-delione\/#breadcrumb"},"inLanguage":"lv-LV","potentialAction":[{"@type":"ReadAction","target":["https:\/\/kidsplay.lt\/produktas\/woopie-kodo-lauzymo-delione\/"]}]},{"@type":"ImageObject","inLanguage":"lv-LV","@id":"https:\/\/kidsplay.lt\/produktas\/woopie-kodo-lauzymo-delione\/#primaryimage","url":"https:\/\/kidsplay.lt\/wp-content\/uploads\/2025\/09\/WOOPIE-kodo-lauzymo-delione.jpg","contentUrl":"https:\/\/kidsplay.lt\/wp-content\/uploads\/2025\/09\/WOOPIE-kodo-lauzymo-delione.jpg","width":1000,"height":1000,"caption":"WOOPIE kodo lau\u017eymo d\u0117lion\u0117"},{"@type":"BreadcrumbList","@id":"https:\/\/kidsplay.lt\/produktas\/woopie-kodo-lauzymo-delione\/#breadcrumb","itemListElement":[{"@type":"ListItem","position":1,"name":"Pagrindinis","item":"https:\/\/kidsplay.lt\/"},{"@type":"ListItem","position":2,"name":"Parduotuv\u0117","item":"https:\/\/kidsplay.lt\/parduotuve\/"},{"@type":"ListItem","position":3,"name":"WOOPIE kodo lau\u017eymo d\u0117lion\u0117"}]},{"@type":"WebSite","@id":"https:\/\/kidsplay.lt\/#website","url":"https:\/\/kidsplay.lt\/","name":"B\u0113rnu sp\u0113les.lv","description":"\u012evairios prek\u0117s vaikams","publisher":{"@id":"https:\/\/kidsplay.lt\/#organization"},"alternateName":"Kidsplay","potentialAction":[{"@type":"SearchAction","target":{"@type":"EntryPoint","urlTemplate":"https:\/\/kidsplay.lt\/?s={search_term_string}"},"query-input":{"@type":"PropertyValueSpecification","valueRequired":true,"valueName":"search_term_string"}}],"inLanguage":"lv-LV"},{"@type":"Organization","@id":"https:\/\/kidsplay.lt\/#organization","name":"B\u0113rnu sp\u0113le","url":"https:\/\/kidsplay.lt\/","logo":{"@type":"ImageObject","inLanguage":"lv-LV","@id":"https:\/\/kidsplay.lt\/#\/schema\/logo\/image\/","url":"https:\/\/kidsplay.lt\/wp-content\/uploads\/2023\/07\/kidsplay-logo.png","contentUrl":"https:\/\/kidsplay.lt\/wp-content\/uploads\/2023\/07\/kidsplay-logo.png","width":451,"height":98,"caption":"KidsPlay"},"image":{"@id":"https:\/\/kidsplay.lt\/#\/schema\/logo\/image\/"},"sameAs":["https:\/\/www.facebook.com\/www.kidsplay.lt"]}]}},"_links":{"self":[{"href":"https:\/\/kidsplay.lt\/lv\/wp-json\/wp\/v2\/product\/90137","targetHints":{"allow":["GET"]}}],"collection":[{"href":"https:\/\/kidsplay.lt\/lv\/wp-json\/wp\/v2\/product"}],"about":[{"href":"https:\/\/kidsplay.lt\/lv\/wp-json\/wp\/v2\/types\/product"}],"version-history":[{"count":1,"href":"https:\/\/kidsplay.lt\/lv\/wp-json\/wp\/v2\/product\/90137\/revisions"}],"predecessor-version":[{"id":90138,"href":"https:\/\/kidsplay.lt\/lv\/wp-json\/wp\/v2\/product\/90137\/revisions\/90138"}],"wp:featuredmedia":[{"embeddable":true,"href":"https:\/\/kidsplay.lt\/lv\/wp-json\/wp\/v2\/media\/66628"}],"wp:attachment":[{"href":"https:\/\/kidsplay.lt\/lv\/wp-json\/wp\/v2\/media?parent=90137"}],"wp:term":[{"taxonomy":"product_brand","embeddable":true,"href":"https:\/\/kidsplay.lt\/lv\/wp-json\/wp\/v2\/product_brand?post=90137"},{"taxonomy":"product_cat","embeddable":true,"href":"https:\/\/kidsplay.lt\/lv\/wp-json\/wp\/v2\/product_cat?post=90137"},{"taxonomy":"product_tag","embeddable":true,"href":"https:\/\/kidsplay.lt\/lv\/wp-json\/wp\/v2\/product_tag?post=90137"}],"curies":[{"name":"wp","href":"https:\/\/api.w.org\/{rel}","templated":true}]}}