{"id":90139,"date":"2026-02-26T09:38:26","date_gmt":"2026-02-26T07:38:26","guid":{"rendered":"https:\/\/kidsplay.lt\/produktas\/woopie-2-viename-stalo-zaidimas-mazasis-detektyvas-kinietis\/"},"modified":"2026-04-07T10:52:30","modified_gmt":"2026-04-07T07:52:30","slug":"woopie-2-viename-stalo-zaidimas-mazasis-detektyvas-kinietis","status":"publish","type":"product","link":"https:\/\/kidsplay.lt\/lv\/products\/woopie-2-viename-stalo-zaidimas-mazasis-detektyvas-kinietis\/","title":{"rendered":"WOOPIE 2 viename stalo \u017eaidimas Ma\u017easis detektyvas + kinietis"},"content":{"rendered":"<p>\u201e WOOPIE\u00a0\u201c\u00a02 viename \u201eMa\u017easis detektyvas + Ludo\u201c \u017eaidimas\u00a0\u2013 tai\u00a0dviej\u0173 stalo \u017eaidim\u0173 rinkinys vienoje d\u0117\u017eut\u0117je. Vienoje pus\u0117je \u2013 dinami\u0161kas\u00a0\u201eMa\u017easis detektyvas\u00a0\u201c , o kitoje \u2013 klasikinis\u00a0\u201eLudo\u201c\u00a0, kur\u012f pam\u0117go i\u0161tisos kartos ! Tai puikus pasirinkimas \u0161eimos popiet\u0117ms, susib\u016brimams su draugais arba dovana jaunam galvos\u016bki\u0173 ir stalo \u017eaidim\u0173 gerb\u0117jui.\u00a0\u00a0\u017daidimas skirtas vaikams nuo 4 met\u0173 am\u017eiaus, j\u012f gali \u017eaisti 2\u20134 \u017eaid\u0117jai. \u0160is rinkinys, pilnas spalving\u0173 detali\u0173 ir \u012ftraukian\u010di\u0173 u\u017eduo\u010di\u0173, suteikia\u00a0valand\u0173 valandas k\u016brybi\u0161ko \u017eaidimo\u00a0ir lavina\u00a0steb\u0117jimo \u012fg\u016bd\u017eius, atmint\u012f, refleksus ir login\u012f m\u0105stym\u0105\u00a0. Pridedamas\u00a0sm\u0117lio laikrodis\u00a0padeda vaikams i\u0161mokti veikti esant laiko spaudimui, o\u00a0u\u017euomin\u0173 kortel\u0117s\u00a0skatina j\u0173 vaizduot\u0119 ir lavina kalbos \u012fg\u016bd\u017eius. Pagamintas i\u0161\u00a0saugi\u0173 ir patvari\u0173 med\u017eiag\u0173\u00a0, \u017eaidimas garantuoja ilgalaik\u012f ir saug\u0173 \u017eaidim\u0105.<\/p>\n<p>Rakstur\u012bgs:<\/p>\n<p> \t&#8211; \u017daidimas vaikams nuo 4 met\u0173 am\u017eiaus<br \/>\n \t&#8211;\u00a0\u00a02 \u017eaidimai viename rinkinyje\u00a0&#8211; Kinas ir Ma\u017easis detektyvas<br \/>\n \t&#8211;\u00a0\u00a0Paprastos taisykl\u0117s<br \/>\n \t&#8211;\u00a0\u00a0\u0160eimos \u017eaidimas\u00a02\u20134 \u017eaid\u0117jams<br \/>\n \t&#8211; Ugdo\u00a0login\u012f m\u0105stym\u0105\u00a0ir\u00a0k\u016brybi\u0161kum\u0105<br \/>\n \t&#8211; Pagaminta i\u0161\u00a0patvaraus plastiko\u00a0, saugi vaikams<\/p>\n<p>Komplekt\u0101 ietilpst:<\/p>\n<p> \t&#8211; 4 dideli galvos\u016bkiai \u2013 jie sudaro dvipus\u0119 lent\u0105<br \/>\n \t&#8211; 60 detektyvini\u0173 monet\u0173<br \/>\n \t&#8211; 16 detektyv\u0173 p\u0117stinink\u0173 \/ \u017eymekli\u0173<br \/>\n \t&#8211; 60 u\u017euomin\u0173 korteli\u0173<br \/>\n \t&#8211; 1 kubas<br \/>\n \t&#8211; 1 sm\u0117lio laikrodis laikui matuoti<\/p>\n<p>Rota\u013clieta att\u012bst\u0101s:<\/p>\n<p> \t&#8211;\u00a0\u00a0Loginis ir analitinis m\u0105stymas<br \/>\n \t&#8211;\u00a0\u00a0Koncentracija ir steb\u0117jimas<br \/>\n \t&#8211;\u00a0\u00a0Reg\u0117jimo suvokimas<br \/>\n \t&#8211;\u00a0\u00a0Socialiniai \u012fg\u016bd\u017eiai<\/p>\n<p>\u017daidimo taisykl\u0117s:<\/p>\n<p> \tKin\u0173 kalba:\u00a0Paruo\u0161kite \u017eaidimo lent\u0105, kauliuk\u0105 ir p\u0117stininkus. \u017daid\u0117jai pasirenka savo p\u0117stinink\u0173 spalv\u0105. Pad\u0117kite keturis p\u0117stininkus ant nam\u0173 baz\u0117s. \u017daidimui prad\u0117ti reikia i\u0161ridenti \u0161e\u0161et\u0105. Jei i\u0161ridenamas \u0161e\u0161etas, vien\u0105 p\u0117stinink\u0105 pastatykite ant pirmojo langelio savo nam\u0173 baz\u0117je. Einimas rei\u0161kia bet kurio savo p\u0117stininko perk\u0117lim\u0105 lentoje langeli\u0173 skai\u010diumi, lygiu i\u0161rident\u0173 kauliuko skai\u010diui (1\u20136). Jei prie\u0161ininko p\u0117stininkas yra tiksliniame langelyje, jis pa\u0161alinamas ir gr\u0105\u017einamas \u012f pradin\u0119 pad\u0117t\u012f. \u017daidimo tikslas \u2013 perkelti keturis p\u0117stininkus aplink lent\u0105 i\u0161 pradin\u0117s pad\u0117ties \u012f nam\u0173 baz\u0119. Pirmasis \u017eaid\u0117jas, tai padar\u0119s, laimi.<\/p>\n<p> \tMa\u017easis detektyvas:\u00a0Paruo\u0161kite lent\u0105, korteles (u\u017euominas) ir monetas. Padalinkite korteles taip: du \u017eaid\u0117jai po 8 korteles, trys \u017eaid\u0117jai po 6 korteles ir keturi \u017eaid\u0117jai po 5 korteles. \u012e kortas negalima \u017evilgtel\u0117ti. Kiekvienas \u017eaid\u0117jas pasirenka po vien\u0105 kortel\u0119. Prad\u0117kite nuo jauniausio \u017eaid\u0117jo. Apverskite savo kortel\u0119 (u\u017euominas) ir pad\u0117kite j\u0105 lentos centre. U\u017euomin\u0173 kortel\u0117je pasirodys trys ra\u0161tai. \u017daid\u0117jas turi kuo grei\u010diau rasti ra\u0161t\u0105 ir j\u012f u\u017edengti. Jei randami trys ra\u0161tai, raundas baigiasi. U\u017e kiekvien\u0105 teising\u0105 ra\u0161t\u0105 \u017eaid\u0117jas gauna detektyvo monet\u0105. Jei jis atsp\u0117ja ra\u0161t\u0105 neteisingai, jis turi gr\u0105\u017einti monet\u0105. Sm\u0117lio laikrodis naudojamas laikui matuoti; kai laikas baigiasi, raundas baigiasi.<\/p>\n<p> \tAntras \u017eaidimo b\u016bdas\u00a0\u2013 paskirstyti visas monetas \u017eaid\u0117jams. Jie visi pradeda ie\u0161koti vienu metu. Laimi \u017eaid\u0117jas, kuris randa daugiausiai ra\u0161t\u0173.<\/p>","protected":false},"excerpt":{"rendered":"<p>\u201e WOOPIE\u00a0\u201c\u00a02 viename \u201eMa\u017easis detektyvas + Ludo\u201c \u017eaidimas\u00a0\u2013 tai\u00a0dviej\u0173 stalo \u017eaidim\u0173 rinkinys vienoje d\u0117\u017eut\u0117je. Vienoje pus\u0117je \u2013 dinami\u0161kas\u00a0\u201eMa\u017easis detektyvas\u00a0\u201c ,<\/p>","protected":false},"featured_media":66633,"template":"","meta":{"_acf_changed":false,"_glsr_average":0,"_glsr_ranking":0,"_glsr_reviews":0},"product_brand":[],"product_cat":[445,229],"product_tag":[],"class_list":{"0":"post-90139","1":"product","2":"type-product","3":"status-publish","4":"has-post-thumbnail","6":"product_cat-stalo-zaidimai","7":"product_cat-zaislai-vaikams","8":"\"style=\"background-color: #2ecc711c;\"","10":"first","11":"instock","12":"purchasable","13":"product-type-simple"},"acf":[],"yoast_head":"<!-- This site is optimized with the Yoast SEO plugin v27.3 - https:\/\/yoast.com\/product\/yoast-seo-wordpress\/ -->\n<title>WOOPIE 2 viename stalo \u017eaidimas Ma\u017easis detektyvas + kinietis<\/title>\n<meta name=\"description\" content=\"WOOPIE 2 viename stalo \u017eaidimas Ma\u017easis detektyvas + kinietis - KidsPlay. Did\u017eiausias vaik\u0173 \u017eaisl\u0173 pasirinkimas.\" \/>\n<meta name=\"robots\" content=\"index, follow, max-snippet:-1, max-image-preview:large, max-video-preview:-1\" \/>\n<link rel=\"canonical\" href=\"https:\/\/kidsplay.lt\/lv\/products\/woopie-2-viename-stalo-zaidimas-mazasis-detektyvas-kinietis\/\" \/>\n<meta property=\"og:locale\" content=\"lv_LV\" \/>\n<meta property=\"og:type\" content=\"article\" \/>\n<meta property=\"og:title\" content=\"WOOPIE 2 viename stalo \u017eaidimas Ma\u017easis detektyvas + kinietis\" \/>\n<meta property=\"og:description\" content=\"WOOPIE 2 viename stalo \u017eaidimas Ma\u017easis detektyvas + kinietis - KidsPlay. Did\u017eiausias vaik\u0173 \u017eaisl\u0173 pasirinkimas.\" \/>\n<meta property=\"og:url\" content=\"https:\/\/kidsplay.lt\/lv\/products\/woopie-2-viename-stalo-zaidimas-mazasis-detektyvas-kinietis\/\" \/>\n<meta property=\"og:site_name\" content=\"KidsPlay\" \/>\n<meta property=\"article:publisher\" content=\"https:\/\/www.facebook.com\/www.kidsplay.lt\" \/>\n<meta property=\"article:modified_time\" content=\"2026-04-07T07:52:30+00:00\" \/>\n<meta property=\"og:image\" content=\"https:\/\/kidsplay.lt\/wp-content\/uploads\/2025\/09\/WOOPIE-2-viename-stalo-zaidimas-Mazasis-detektyvas-kinietis.jpg\" \/>\n\t<meta property=\"og:image:width\" content=\"1000\" \/>\n\t<meta property=\"og:image:height\" content=\"1000\" \/>\n\t<meta property=\"og:image:type\" content=\"image\/jpeg\" \/>\n<meta name=\"twitter:card\" content=\"summary_large_image\" \/>\n<meta name=\"twitter:label1\" content=\"Est. reading time\" \/>\n\t<meta name=\"twitter:data1\" content=\"2 min\u016btes\" \/>\n<script type=\"application\/ld+json\" class=\"yoast-schema-graph\">{\"@context\":\"https:\\\/\\\/schema.org\",\"@graph\":[{\"@type\":\"WebPage\",\"@id\":\"https:\\\/\\\/kidsplay.lt\\\/produktas\\\/woopie-2-viename-stalo-zaidimas-mazasis-detektyvas-kinietis\\\/\",\"url\":\"https:\\\/\\\/kidsplay.lt\\\/produktas\\\/woopie-2-viename-stalo-zaidimas-mazasis-detektyvas-kinietis\\\/\",\"name\":\"WOOPIE 2 viename stalo \u017eaidimas Ma\u017easis detektyvas + kinietis\",\"isPartOf\":{\"@id\":\"https:\\\/\\\/kidsplay.lt\\\/#website\"},\"primaryImageOfPage\":{\"@id\":\"https:\\\/\\\/kidsplay.lt\\\/produktas\\\/woopie-2-viename-stalo-zaidimas-mazasis-detektyvas-kinietis\\\/#primaryimage\"},\"image\":{\"@id\":\"https:\\\/\\\/kidsplay.lt\\\/produktas\\\/woopie-2-viename-stalo-zaidimas-mazasis-detektyvas-kinietis\\\/#primaryimage\"},\"thumbnailUrl\":\"https:\\\/\\\/kidsplay.lt\\\/wp-content\\\/uploads\\\/2025\\\/09\\\/WOOPIE-2-viename-stalo-zaidimas-Mazasis-detektyvas-kinietis.jpg\",\"datePublished\":\"2026-02-26T07:38:26+00:00\",\"dateModified\":\"2026-04-07T07:52:30+00:00\",\"description\":\"WOOPIE 2 viename stalo \u017eaidimas Ma\u017easis detektyvas + kinietis - KidsPlay. Did\u017eiausias vaik\u0173 \u017eaisl\u0173 pasirinkimas.\",\"breadcrumb\":{\"@id\":\"https:\\\/\\\/kidsplay.lt\\\/produktas\\\/woopie-2-viename-stalo-zaidimas-mazasis-detektyvas-kinietis\\\/#breadcrumb\"},\"inLanguage\":\"lv-LV\",\"potentialAction\":[{\"@type\":\"ReadAction\",\"target\":[\"https:\\\/\\\/kidsplay.lt\\\/produktas\\\/woopie-2-viename-stalo-zaidimas-mazasis-detektyvas-kinietis\\\/\"]}]},{\"@type\":\"ImageObject\",\"inLanguage\":\"lv-LV\",\"@id\":\"https:\\\/\\\/kidsplay.lt\\\/produktas\\\/woopie-2-viename-stalo-zaidimas-mazasis-detektyvas-kinietis\\\/#primaryimage\",\"url\":\"https:\\\/\\\/kidsplay.lt\\\/wp-content\\\/uploads\\\/2025\\\/09\\\/WOOPIE-2-viename-stalo-zaidimas-Mazasis-detektyvas-kinietis.jpg\",\"contentUrl\":\"https:\\\/\\\/kidsplay.lt\\\/wp-content\\\/uploads\\\/2025\\\/09\\\/WOOPIE-2-viename-stalo-zaidimas-Mazasis-detektyvas-kinietis.jpg\",\"width\":1000,\"height\":1000,\"caption\":\"WOOPIE 2 viename stalo \u017eaidimas Ma\u017easis detektyvas + kinietis\"},{\"@type\":\"BreadcrumbList\",\"@id\":\"https:\\\/\\\/kidsplay.lt\\\/produktas\\\/woopie-2-viename-stalo-zaidimas-mazasis-detektyvas-kinietis\\\/#breadcrumb\",\"itemListElement\":[{\"@type\":\"ListItem\",\"position\":1,\"name\":\"Pagrindinis\",\"item\":\"https:\\\/\\\/kidsplay.lt\\\/\"},{\"@type\":\"ListItem\",\"position\":2,\"name\":\"Parduotuv\u0117\",\"item\":\"https:\\\/\\\/kidsplay.lt\\\/parduotuve\\\/\"},{\"@type\":\"ListItem\",\"position\":3,\"name\":\"WOOPIE 2 viename stalo \u017eaidimas Ma\u017easis detektyvas + kinietis\"}]},{\"@type\":\"WebSite\",\"@id\":\"https:\\\/\\\/kidsplay.lt\\\/#website\",\"url\":\"https:\\\/\\\/kidsplay.lt\\\/\",\"name\":\"Kidsplay.lt\",\"description\":\"\u012evairios prek\u0117s vaikams\",\"publisher\":{\"@id\":\"https:\\\/\\\/kidsplay.lt\\\/#organization\"},\"alternateName\":\"Kidsplay\",\"potentialAction\":[{\"@type\":\"SearchAction\",\"target\":{\"@type\":\"EntryPoint\",\"urlTemplate\":\"https:\\\/\\\/kidsplay.lt\\\/?s={search_term_string}\"},\"query-input\":{\"@type\":\"PropertyValueSpecification\",\"valueRequired\":true,\"valueName\":\"search_term_string\"}}],\"inLanguage\":\"lv-LV\"},{\"@type\":\"Organization\",\"@id\":\"https:\\\/\\\/kidsplay.lt\\\/#organization\",\"name\":\"KidsPlay\",\"url\":\"https:\\\/\\\/kidsplay.lt\\\/\",\"logo\":{\"@type\":\"ImageObject\",\"inLanguage\":\"lv-LV\",\"@id\":\"https:\\\/\\\/kidsplay.lt\\\/#\\\/schema\\\/logo\\\/image\\\/\",\"url\":\"https:\\\/\\\/kidsplay.lt\\\/wp-content\\\/uploads\\\/2023\\\/07\\\/kidsplay-logo.png\",\"contentUrl\":\"https:\\\/\\\/kidsplay.lt\\\/wp-content\\\/uploads\\\/2023\\\/07\\\/kidsplay-logo.png\",\"width\":451,\"height\":98,\"caption\":\"KidsPlay\"},\"image\":{\"@id\":\"https:\\\/\\\/kidsplay.lt\\\/#\\\/schema\\\/logo\\\/image\\\/\"},\"sameAs\":[\"https:\\\/\\\/www.facebook.com\\\/www.kidsplay.lt\"]}]}<\/script>\n<!-- \/ Yoast SEO plugin. -->","yoast_head_json":{"title":"WOOPIE 2 viename stalo \u017eaidimas Ma\u017easis detektyvas + kinietis","description":"WOOPIE 2 viename stalo \u017eaidimas Ma\u017easis detektyvas + kinietis - KidsPlay. Did\u017eiausias vaik\u0173 \u017eaisl\u0173 pasirinkimas.","robots":{"index":"index","follow":"follow","max-snippet":"max-snippet:-1","max-image-preview":"max-image-preview:large","max-video-preview":"max-video-preview:-1"},"canonical":"https:\/\/kidsplay.lt\/lv\/products\/woopie-2-viename-stalo-zaidimas-mazasis-detektyvas-kinietis\/","og_locale":"lv_LV","og_type":"article","og_title":"WOOPIE 2 viename stalo \u017eaidimas Ma\u017easis detektyvas + kinietis","og_description":"WOOPIE 2 viename stalo \u017eaidimas Ma\u017easis detektyvas + kinietis - KidsPlay. Did\u017eiausias vaik\u0173 \u017eaisl\u0173 pasirinkimas.","og_url":"https:\/\/kidsplay.lt\/lv\/products\/woopie-2-viename-stalo-zaidimas-mazasis-detektyvas-kinietis\/","og_site_name":"KidsPlay","article_publisher":"https:\/\/www.facebook.com\/www.kidsplay.lt","article_modified_time":"2026-04-07T07:52:30+00:00","og_image":[{"width":1000,"height":1000,"url":"https:\/\/kidsplay.lt\/wp-content\/uploads\/2025\/09\/WOOPIE-2-viename-stalo-zaidimas-Mazasis-detektyvas-kinietis.jpg","type":"image\/jpeg"}],"twitter_card":"summary_large_image","twitter_misc":{"Est. reading time":"2 min\u016btes"},"schema":{"@context":"https:\/\/schema.org","@graph":[{"@type":"WebPage","@id":"https:\/\/kidsplay.lt\/produktas\/woopie-2-viename-stalo-zaidimas-mazasis-detektyvas-kinietis\/","url":"https:\/\/kidsplay.lt\/produktas\/woopie-2-viename-stalo-zaidimas-mazasis-detektyvas-kinietis\/","name":"WOOPIE 2 viename stalo \u017eaidimas Ma\u017easis detektyvas + kinietis","isPartOf":{"@id":"https:\/\/kidsplay.lt\/#website"},"primaryImageOfPage":{"@id":"https:\/\/kidsplay.lt\/produktas\/woopie-2-viename-stalo-zaidimas-mazasis-detektyvas-kinietis\/#primaryimage"},"image":{"@id":"https:\/\/kidsplay.lt\/produktas\/woopie-2-viename-stalo-zaidimas-mazasis-detektyvas-kinietis\/#primaryimage"},"thumbnailUrl":"https:\/\/kidsplay.lt\/wp-content\/uploads\/2025\/09\/WOOPIE-2-viename-stalo-zaidimas-Mazasis-detektyvas-kinietis.jpg","datePublished":"2026-02-26T07:38:26+00:00","dateModified":"2026-04-07T07:52:30+00:00","description":"WOOPIE 2 viename stalo \u017eaidimas Ma\u017easis detektyvas + kinietis - KidsPlay. Did\u017eiausias vaik\u0173 \u017eaisl\u0173 pasirinkimas.","breadcrumb":{"@id":"https:\/\/kidsplay.lt\/produktas\/woopie-2-viename-stalo-zaidimas-mazasis-detektyvas-kinietis\/#breadcrumb"},"inLanguage":"lv-LV","potentialAction":[{"@type":"ReadAction","target":["https:\/\/kidsplay.lt\/produktas\/woopie-2-viename-stalo-zaidimas-mazasis-detektyvas-kinietis\/"]}]},{"@type":"ImageObject","inLanguage":"lv-LV","@id":"https:\/\/kidsplay.lt\/produktas\/woopie-2-viename-stalo-zaidimas-mazasis-detektyvas-kinietis\/#primaryimage","url":"https:\/\/kidsplay.lt\/wp-content\/uploads\/2025\/09\/WOOPIE-2-viename-stalo-zaidimas-Mazasis-detektyvas-kinietis.jpg","contentUrl":"https:\/\/kidsplay.lt\/wp-content\/uploads\/2025\/09\/WOOPIE-2-viename-stalo-zaidimas-Mazasis-detektyvas-kinietis.jpg","width":1000,"height":1000,"caption":"WOOPIE 2 viename stalo \u017eaidimas Ma\u017easis detektyvas + kinietis"},{"@type":"BreadcrumbList","@id":"https:\/\/kidsplay.lt\/produktas\/woopie-2-viename-stalo-zaidimas-mazasis-detektyvas-kinietis\/#breadcrumb","itemListElement":[{"@type":"ListItem","position":1,"name":"Pagrindinis","item":"https:\/\/kidsplay.lt\/"},{"@type":"ListItem","position":2,"name":"Parduotuv\u0117","item":"https:\/\/kidsplay.lt\/parduotuve\/"},{"@type":"ListItem","position":3,"name":"WOOPIE 2 viename stalo \u017eaidimas Ma\u017easis detektyvas + kinietis"}]},{"@type":"WebSite","@id":"https:\/\/kidsplay.lt\/#website","url":"https:\/\/kidsplay.lt\/","name":"B\u0113rnu sp\u0113les.lv","description":"\u012evairios prek\u0117s vaikams","publisher":{"@id":"https:\/\/kidsplay.lt\/#organization"},"alternateName":"Kidsplay","potentialAction":[{"@type":"SearchAction","target":{"@type":"EntryPoint","urlTemplate":"https:\/\/kidsplay.lt\/?s={search_term_string}"},"query-input":{"@type":"PropertyValueSpecification","valueRequired":true,"valueName":"search_term_string"}}],"inLanguage":"lv-LV"},{"@type":"Organization","@id":"https:\/\/kidsplay.lt\/#organization","name":"B\u0113rnu sp\u0113le","url":"https:\/\/kidsplay.lt\/","logo":{"@type":"ImageObject","inLanguage":"lv-LV","@id":"https:\/\/kidsplay.lt\/#\/schema\/logo\/image\/","url":"https:\/\/kidsplay.lt\/wp-content\/uploads\/2023\/07\/kidsplay-logo.png","contentUrl":"https:\/\/kidsplay.lt\/wp-content\/uploads\/2023\/07\/kidsplay-logo.png","width":451,"height":98,"caption":"KidsPlay"},"image":{"@id":"https:\/\/kidsplay.lt\/#\/schema\/logo\/image\/"},"sameAs":["https:\/\/www.facebook.com\/www.kidsplay.lt"]}]}},"_links":{"self":[{"href":"https:\/\/kidsplay.lt\/lv\/wp-json\/wp\/v2\/product\/90139","targetHints":{"allow":["GET"]}}],"collection":[{"href":"https:\/\/kidsplay.lt\/lv\/wp-json\/wp\/v2\/product"}],"about":[{"href":"https:\/\/kidsplay.lt\/lv\/wp-json\/wp\/v2\/types\/product"}],"version-history":[{"count":1,"href":"https:\/\/kidsplay.lt\/lv\/wp-json\/wp\/v2\/product\/90139\/revisions"}],"predecessor-version":[{"id":90140,"href":"https:\/\/kidsplay.lt\/lv\/wp-json\/wp\/v2\/product\/90139\/revisions\/90140"}],"wp:featuredmedia":[{"embeddable":true,"href":"https:\/\/kidsplay.lt\/lv\/wp-json\/wp\/v2\/media\/66633"}],"wp:attachment":[{"href":"https:\/\/kidsplay.lt\/lv\/wp-json\/wp\/v2\/media?parent=90139"}],"wp:term":[{"taxonomy":"product_brand","embeddable":true,"href":"https:\/\/kidsplay.lt\/lv\/wp-json\/wp\/v2\/product_brand?post=90139"},{"taxonomy":"product_cat","embeddable":true,"href":"https:\/\/kidsplay.lt\/lv\/wp-json\/wp\/v2\/product_cat?post=90139"},{"taxonomy":"product_tag","embeddable":true,"href":"https:\/\/kidsplay.lt\/lv\/wp-json\/wp\/v2\/product_tag?post=90139"}],"curies":[{"name":"wp","href":"https:\/\/api.w.org\/{rel}","templated":true}]}}