{"id":90168,"date":"2026-02-26T09:38:56","date_gmt":"2026-02-26T07:38:56","guid":{"rendered":"https:\/\/kidsplay.lt\/produktas\/woopie-dinozauru-musio-arkadinis-saudymo-zaidimas\/"},"modified":"2026-04-13T15:16:36","modified_gmt":"2026-04-13T12:16:36","slug":"woopie-dinozauru-musio-arkadinis-saudymo-zaidimas","status":"publish","type":"product","link":"https:\/\/kidsplay.lt\/lv\/products\/woopie-dinozauru-musio-arkadinis-saudymo-zaidimas\/","title":{"rendered":"WOOPIE dinozaur\u0173 m\u016b\u0161io arkadinis \u0161audymo \u017eaidimas"},"content":{"rendered":"<p>Nukelkite savo vaik\u0105 \u012f prie\u0161istorini\u0173 nuotyki\u0173 pasaul\u012f su\u00a0\u201eWoopie\u201c\u00a0dinozaur\u0173 m\u016b\u0161io\u00a0\u00a0rinkiniu\u00a0\u00a0\u2013 \u012fdomiu arkadiniu \u017eaidimu, kuriame derinamas\u00a0judesys, jaudulys ir k\u016brybi\u0161kas \u017eaidimas\u00a0. \u012etraukiantis \u017eaidimo procesas, kurio metu \u017eaid\u0117jai \u0161audo \u012f prie\u0161inink\u0173 dinozaurus katapultomis ir putplas\u010dio kamuoliukais, garantuoja\u00a0daug juoko ir sveik\u0105 konkurencij\u0105\u00a0! Svarbiausia \u2013\u00a0tikslumas, refleksai ir koordinacija\u00a0. \u00a0\u0160is rinkinys yra ne tik dinami\u0161kas \u017eaidimas vienas prie\u0161 vien\u0105, bet ir\u00a0spalving\u0173 dinozaur\u0173 fig\u016br\u0117li\u0173 kolekcija\u00a0, kuri\u0105 galima naudoti savaranki\u0161kam \u017eaidimui u\u017e lentos rib\u0173! Rinkin\u012f sudaro\u00a016 a\u0161tuoni\u0173 dinozaur\u0173 r\u016b\u0161i\u0173 fig\u016br\u0117li\u0173,\u00a0\u012fvairi\u0173 spalv\u0173 ir form\u0173, kurios skatina vaizduot\u0119 ir skatina\u00a0kurti savo scenarijus\u00a0\u2013 nuo \u200b\u200bvaidmen\u0173 \u017eaidimo iki prie\u0161istorini\u0173 m\u016b\u0161i\u0173 ir edukacini\u0173 istorij\u0173 apie dinozaurus. Kiekvienas ma\u017eylis gali tapti ma\u017euoju paleontologu ir savaranki\u0161kai \u017eaisti su dinozaurais bet kur \u2013 ant kilimo, ant stalo ar sode. Tai puikus \u017eaislas, kuris suteiks valand\u0173 valandas \u012fdomi\u0173 pramog\u0173!<\/p>\n<p>Rakstur\u012bgs:<\/p>\n<p> \t&#8211; \u017daislas vaikams\u00a0nuo 3 met\u0173 am\u017eiaus<br \/>\n \t&#8211;\u00a0\u00a0\u017daidimas dviem \u017eaid\u0117jams\u00a0\u2013 kiekvienas dalyvis valdo savo paleidimo \u012frengin\u012f ir var\u017eosi, kas pataikys \u012f kuo daugiau prie\u0161inink\u0173 dinozaur\u0173.<br \/>\n \t&#8211;\u00a0\u00a0Spalvingos dinozaur\u0173 fig\u016br\u0117l\u0117s\u00a0\u2013\u00a0iki 16\u00a0\u00a0skirting\u0173 spalv\u0173 ir form\u0173 detali\u0173, kad b\u016bt\u0173 kuo smagiau<br \/>\n \t&#8211;\u00a0\u00a0Saug\u016bs putplas\u010dio kamuoliukai<br \/>\n \t&#8211;\u00a0\u00a0Patraukli lenta su permatomu dangteliu\u00a0\u2013 viskas lieka savo vietose, o \u017eaidimas teka skland\u017eiai ir dinami\u0161kai.<br \/>\n \t&#8211;\u00a0\u00a0Intuityvus valdymas\u00a0\u2013 tiesiog \u012fki\u0161kite kamuoliuk\u0105 \u012f paleidimo \u012frengin\u012f ir paspauskite, kad i\u0161\u0161autum\u0117te!<br \/>\n \t&#8211;\u00a0\u00a0Puikiai tinka kaip dovana\u00a0\u2013 didel\u0117 d\u0117\u017eut\u0117, spalvinga grafika ir dinozaur\u0173 tema sukuria puik\u0173 pirm\u0105j\u012f \u012fsp\u016bd\u012f.<\/p>\n<p>Komplekt\u0101 ietilpst:<\/p>\n<p> \t&#8211; 1 x lenta su dang\u010diu ir vietomis dinozaurams<br \/>\n \t&#8211; 2 x kamuoliuk\u0173 paleidimo \u012frenginiai<br \/>\n \t&#8211; 24 putplas\u010dio kamuoliukai (geltoni ir oran\u017einiai)<br \/>\n \t&#8211; 16 spalving\u0173 dinozaur\u0173 fig\u016br\u0117li\u0173<br \/>\n \t&#8211; spalvinga pakuot\u0117 &#8211; puikiai tinka dovanai<\/p>\n<p>Rota\u013clieta att\u012bst\u0101s:<\/p>\n<p> \t\u2013 Roku-acu koordin\u0101cija<br \/>\n \t&#8211; Tikslumas ir kruop\u0161tumas<br \/>\n \t&#8211; Rankiniai \u012fg\u016bd\u017eiai<br \/>\n \t&#8211; Loginis m\u0105stymas ir refleksai<br \/>\n \t&#8211; Vaizduot\u0117<br \/>\n \t&#8211; Konkurencingumas<\/p>\n<p>\u25b6\ufe0f Gaminio matmenys:\u00a0\u00a050 x 22 x 18 (cm)<\/p>\n<p>\u25b6\ufe0f Pakuot\u0117s matmenys\u00a0: 47 x 23,5 x 8 (cm)<\/p>","protected":false},"excerpt":{"rendered":"<p>Nukelkite savo vaik\u0105 \u012f prie\u0161istorini\u0173 nuotyki\u0173 pasaul\u012f su\u00a0\u201eWoopie\u201c\u00a0dinozaur\u0173 m\u016b\u0161io\u00a0\u00a0rinkiniu\u00a0\u00a0\u2013 \u012fdomiu arkadiniu \u017eaidimu, kuriame derinamas\u00a0judesys, jaudulys ir k\u016brybi\u0161kas \u017eaidimas\u00a0. \u012etraukiantis \u017eaidimo<\/p>","protected":false},"featured_media":66686,"template":"","meta":{"_acf_changed":false,"_glsr_average":0,"_glsr_ranking":0,"_glsr_reviews":0},"product_brand":[],"product_cat":[445,229],"product_tag":[],"class_list":{"0":"post-90168","1":"product","2":"type-product","3":"status-publish","4":"has-post-thumbnail","6":"product_cat-stalo-zaidimai","7":"product_cat-zaislai-vaikams","8":"\"style=\"background-color: #2ecc711c;\"","10":"first","11":"instock","12":"purchasable","13":"product-type-simple"},"acf":[],"yoast_head":"<!-- This site is optimized with the Yoast SEO plugin v27.4 - https:\/\/yoast.com\/product\/yoast-seo-wordpress\/ -->\n<title>WOOPIE dinozaur\u0173 m\u016b\u0161io arkadinis \u0161audymo \u017eaidimas<\/title>\n<meta name=\"description\" content=\"WOOPIE dinozaur\u0173 m\u016b\u0161io arkadinis \u0161audymo \u017eaidimas - KidsPlay. Did\u017eiausias vaik\u0173 \u017eaisl\u0173 pasirinkimas.\" \/>\n<meta name=\"robots\" content=\"index, follow, max-snippet:-1, max-image-preview:large, max-video-preview:-1\" \/>\n<link rel=\"canonical\" href=\"https:\/\/kidsplay.lt\/lv\/products\/woopie-dinozauru-musio-arkadinis-saudymo-zaidimas\/\" \/>\n<meta property=\"og:locale\" content=\"lv_LV\" \/>\n<meta property=\"og:type\" content=\"article\" \/>\n<meta property=\"og:title\" content=\"WOOPIE dinozaur\u0173 m\u016b\u0161io arkadinis \u0161audymo \u017eaidimas\" \/>\n<meta property=\"og:description\" content=\"WOOPIE dinozaur\u0173 m\u016b\u0161io arkadinis \u0161audymo \u017eaidimas - KidsPlay. Did\u017eiausias vaik\u0173 \u017eaisl\u0173 pasirinkimas.\" \/>\n<meta property=\"og:url\" content=\"https:\/\/kidsplay.lt\/lv\/products\/woopie-dinozauru-musio-arkadinis-saudymo-zaidimas\/\" \/>\n<meta property=\"og:site_name\" content=\"KidsPlay\" \/>\n<meta property=\"article:publisher\" content=\"https:\/\/www.facebook.com\/www.kidsplay.lt\" \/>\n<meta property=\"article:modified_time\" content=\"2026-04-13T12:16:36+00:00\" \/>\n<meta property=\"og:image\" content=\"https:\/\/kidsplay.lt\/wp-content\/uploads\/2025\/09\/WOOPIE-dinozauru-musio-arkadinis-saudymo-zaidimas.jpg\" \/>\n\t<meta property=\"og:image:width\" content=\"832\" \/>\n\t<meta property=\"og:image:height\" content=\"832\" \/>\n\t<meta property=\"og:image:type\" content=\"image\/jpeg\" \/>\n<meta name=\"twitter:card\" content=\"summary_large_image\" \/>\n<meta name=\"twitter:label1\" content=\"Est. reading time\" \/>\n\t<meta name=\"twitter:data1\" content=\"2 min\u016btes\" \/>\n<script type=\"application\/ld+json\" class=\"yoast-schema-graph\">{\"@context\":\"https:\\\/\\\/schema.org\",\"@graph\":[{\"@type\":\"WebPage\",\"@id\":\"https:\\\/\\\/kidsplay.lt\\\/produktas\\\/woopie-dinozauru-musio-arkadinis-saudymo-zaidimas\\\/\",\"url\":\"https:\\\/\\\/kidsplay.lt\\\/produktas\\\/woopie-dinozauru-musio-arkadinis-saudymo-zaidimas\\\/\",\"name\":\"WOOPIE dinozaur\u0173 m\u016b\u0161io arkadinis \u0161audymo \u017eaidimas\",\"isPartOf\":{\"@id\":\"https:\\\/\\\/kidsplay.lt\\\/#website\"},\"primaryImageOfPage\":{\"@id\":\"https:\\\/\\\/kidsplay.lt\\\/produktas\\\/woopie-dinozauru-musio-arkadinis-saudymo-zaidimas\\\/#primaryimage\"},\"image\":{\"@id\":\"https:\\\/\\\/kidsplay.lt\\\/produktas\\\/woopie-dinozauru-musio-arkadinis-saudymo-zaidimas\\\/#primaryimage\"},\"thumbnailUrl\":\"https:\\\/\\\/kidsplay.lt\\\/wp-content\\\/uploads\\\/2025\\\/09\\\/WOOPIE-dinozauru-musio-arkadinis-saudymo-zaidimas.jpg\",\"datePublished\":\"2026-02-26T07:38:56+00:00\",\"dateModified\":\"2026-04-13T12:16:36+00:00\",\"description\":\"WOOPIE dinozaur\u0173 m\u016b\u0161io arkadinis \u0161audymo \u017eaidimas - KidsPlay. Did\u017eiausias vaik\u0173 \u017eaisl\u0173 pasirinkimas.\",\"breadcrumb\":{\"@id\":\"https:\\\/\\\/kidsplay.lt\\\/produktas\\\/woopie-dinozauru-musio-arkadinis-saudymo-zaidimas\\\/#breadcrumb\"},\"inLanguage\":\"lv-LV\",\"potentialAction\":[{\"@type\":\"ReadAction\",\"target\":[\"https:\\\/\\\/kidsplay.lt\\\/produktas\\\/woopie-dinozauru-musio-arkadinis-saudymo-zaidimas\\\/\"]}]},{\"@type\":\"ImageObject\",\"inLanguage\":\"lv-LV\",\"@id\":\"https:\\\/\\\/kidsplay.lt\\\/produktas\\\/woopie-dinozauru-musio-arkadinis-saudymo-zaidimas\\\/#primaryimage\",\"url\":\"https:\\\/\\\/kidsplay.lt\\\/wp-content\\\/uploads\\\/2025\\\/09\\\/WOOPIE-dinozauru-musio-arkadinis-saudymo-zaidimas.jpg\",\"contentUrl\":\"https:\\\/\\\/kidsplay.lt\\\/wp-content\\\/uploads\\\/2025\\\/09\\\/WOOPIE-dinozauru-musio-arkadinis-saudymo-zaidimas.jpg\",\"width\":832,\"height\":832,\"caption\":\"WOOPIE dinozaur\u0173 m\u016b\u0161io arkadinis \u0161audymo \u017eaidimas\"},{\"@type\":\"BreadcrumbList\",\"@id\":\"https:\\\/\\\/kidsplay.lt\\\/produktas\\\/woopie-dinozauru-musio-arkadinis-saudymo-zaidimas\\\/#breadcrumb\",\"itemListElement\":[{\"@type\":\"ListItem\",\"position\":1,\"name\":\"Pagrindinis\",\"item\":\"https:\\\/\\\/kidsplay.lt\\\/\"},{\"@type\":\"ListItem\",\"position\":2,\"name\":\"Parduotuv\u0117\",\"item\":\"https:\\\/\\\/kidsplay.lt\\\/parduotuve\\\/\"},{\"@type\":\"ListItem\",\"position\":3,\"name\":\"WOOPIE dinozaur\u0173 m\u016b\u0161io arkadinis \u0161audymo \u017eaidimas\"}]},{\"@type\":\"WebSite\",\"@id\":\"https:\\\/\\\/kidsplay.lt\\\/#website\",\"url\":\"https:\\\/\\\/kidsplay.lt\\\/\",\"name\":\"Kidsplay.lt\",\"description\":\"\u012evairios prek\u0117s vaikams\",\"publisher\":{\"@id\":\"https:\\\/\\\/kidsplay.lt\\\/#organization\"},\"alternateName\":\"Kidsplay\",\"potentialAction\":[{\"@type\":\"SearchAction\",\"target\":{\"@type\":\"EntryPoint\",\"urlTemplate\":\"https:\\\/\\\/kidsplay.lt\\\/?s={search_term_string}\"},\"query-input\":{\"@type\":\"PropertyValueSpecification\",\"valueRequired\":true,\"valueName\":\"search_term_string\"}}],\"inLanguage\":\"lv-LV\"},{\"@type\":\"Organization\",\"@id\":\"https:\\\/\\\/kidsplay.lt\\\/#organization\",\"name\":\"KidsPlay\",\"url\":\"https:\\\/\\\/kidsplay.lt\\\/\",\"logo\":{\"@type\":\"ImageObject\",\"inLanguage\":\"lv-LV\",\"@id\":\"https:\\\/\\\/kidsplay.lt\\\/#\\\/schema\\\/logo\\\/image\\\/\",\"url\":\"https:\\\/\\\/kidsplay.lt\\\/wp-content\\\/uploads\\\/2023\\\/07\\\/kidsplay-logo.png\",\"contentUrl\":\"https:\\\/\\\/kidsplay.lt\\\/wp-content\\\/uploads\\\/2023\\\/07\\\/kidsplay-logo.png\",\"width\":451,\"height\":98,\"caption\":\"KidsPlay\"},\"image\":{\"@id\":\"https:\\\/\\\/kidsplay.lt\\\/#\\\/schema\\\/logo\\\/image\\\/\"},\"sameAs\":[\"https:\\\/\\\/www.facebook.com\\\/www.kidsplay.lt\"]}]}<\/script>\n<!-- \/ Yoast SEO plugin. -->","yoast_head_json":{"title":"WOOPIE dinozaur\u0173 m\u016b\u0161io arkadinis \u0161audymo \u017eaidimas","description":"WOOPIE dinozaur\u0173 m\u016b\u0161io arkadinis \u0161audymo \u017eaidimas - KidsPlay. Did\u017eiausias vaik\u0173 \u017eaisl\u0173 pasirinkimas.","robots":{"index":"index","follow":"follow","max-snippet":"max-snippet:-1","max-image-preview":"max-image-preview:large","max-video-preview":"max-video-preview:-1"},"canonical":"https:\/\/kidsplay.lt\/lv\/products\/woopie-dinozauru-musio-arkadinis-saudymo-zaidimas\/","og_locale":"lv_LV","og_type":"article","og_title":"WOOPIE dinozaur\u0173 m\u016b\u0161io arkadinis \u0161audymo \u017eaidimas","og_description":"WOOPIE dinozaur\u0173 m\u016b\u0161io arkadinis \u0161audymo \u017eaidimas - KidsPlay. Did\u017eiausias vaik\u0173 \u017eaisl\u0173 pasirinkimas.","og_url":"https:\/\/kidsplay.lt\/lv\/products\/woopie-dinozauru-musio-arkadinis-saudymo-zaidimas\/","og_site_name":"KidsPlay","article_publisher":"https:\/\/www.facebook.com\/www.kidsplay.lt","article_modified_time":"2026-04-13T12:16:36+00:00","og_image":[{"width":832,"height":832,"url":"https:\/\/kidsplay.lt\/wp-content\/uploads\/2025\/09\/WOOPIE-dinozauru-musio-arkadinis-saudymo-zaidimas.jpg","type":"image\/jpeg"}],"twitter_card":"summary_large_image","twitter_misc":{"Est. reading time":"2 min\u016btes"},"schema":{"@context":"https:\/\/schema.org","@graph":[{"@type":"WebPage","@id":"https:\/\/kidsplay.lt\/produktas\/woopie-dinozauru-musio-arkadinis-saudymo-zaidimas\/","url":"https:\/\/kidsplay.lt\/produktas\/woopie-dinozauru-musio-arkadinis-saudymo-zaidimas\/","name":"WOOPIE dinozaur\u0173 m\u016b\u0161io arkadinis \u0161audymo \u017eaidimas","isPartOf":{"@id":"https:\/\/kidsplay.lt\/#website"},"primaryImageOfPage":{"@id":"https:\/\/kidsplay.lt\/produktas\/woopie-dinozauru-musio-arkadinis-saudymo-zaidimas\/#primaryimage"},"image":{"@id":"https:\/\/kidsplay.lt\/produktas\/woopie-dinozauru-musio-arkadinis-saudymo-zaidimas\/#primaryimage"},"thumbnailUrl":"https:\/\/kidsplay.lt\/wp-content\/uploads\/2025\/09\/WOOPIE-dinozauru-musio-arkadinis-saudymo-zaidimas.jpg","datePublished":"2026-02-26T07:38:56+00:00","dateModified":"2026-04-13T12:16:36+00:00","description":"WOOPIE dinozaur\u0173 m\u016b\u0161io arkadinis \u0161audymo \u017eaidimas - KidsPlay. Did\u017eiausias vaik\u0173 \u017eaisl\u0173 pasirinkimas.","breadcrumb":{"@id":"https:\/\/kidsplay.lt\/produktas\/woopie-dinozauru-musio-arkadinis-saudymo-zaidimas\/#breadcrumb"},"inLanguage":"lv-LV","potentialAction":[{"@type":"ReadAction","target":["https:\/\/kidsplay.lt\/produktas\/woopie-dinozauru-musio-arkadinis-saudymo-zaidimas\/"]}]},{"@type":"ImageObject","inLanguage":"lv-LV","@id":"https:\/\/kidsplay.lt\/produktas\/woopie-dinozauru-musio-arkadinis-saudymo-zaidimas\/#primaryimage","url":"https:\/\/kidsplay.lt\/wp-content\/uploads\/2025\/09\/WOOPIE-dinozauru-musio-arkadinis-saudymo-zaidimas.jpg","contentUrl":"https:\/\/kidsplay.lt\/wp-content\/uploads\/2025\/09\/WOOPIE-dinozauru-musio-arkadinis-saudymo-zaidimas.jpg","width":832,"height":832,"caption":"WOOPIE dinozaur\u0173 m\u016b\u0161io arkadinis \u0161audymo \u017eaidimas"},{"@type":"BreadcrumbList","@id":"https:\/\/kidsplay.lt\/produktas\/woopie-dinozauru-musio-arkadinis-saudymo-zaidimas\/#breadcrumb","itemListElement":[{"@type":"ListItem","position":1,"name":"Pagrindinis","item":"https:\/\/kidsplay.lt\/"},{"@type":"ListItem","position":2,"name":"Parduotuv\u0117","item":"https:\/\/kidsplay.lt\/parduotuve\/"},{"@type":"ListItem","position":3,"name":"WOOPIE dinozaur\u0173 m\u016b\u0161io arkadinis \u0161audymo \u017eaidimas"}]},{"@type":"WebSite","@id":"https:\/\/kidsplay.lt\/#website","url":"https:\/\/kidsplay.lt\/","name":"B\u0113rnu sp\u0113les.lv","description":"\u012evairios prek\u0117s vaikams","publisher":{"@id":"https:\/\/kidsplay.lt\/#organization"},"alternateName":"Kidsplay","potentialAction":[{"@type":"SearchAction","target":{"@type":"EntryPoint","urlTemplate":"https:\/\/kidsplay.lt\/?s={search_term_string}"},"query-input":{"@type":"PropertyValueSpecification","valueRequired":true,"valueName":"search_term_string"}}],"inLanguage":"lv-LV"},{"@type":"Organization","@id":"https:\/\/kidsplay.lt\/#organization","name":"B\u0113rnu sp\u0113le","url":"https:\/\/kidsplay.lt\/","logo":{"@type":"ImageObject","inLanguage":"lv-LV","@id":"https:\/\/kidsplay.lt\/#\/schema\/logo\/image\/","url":"https:\/\/kidsplay.lt\/wp-content\/uploads\/2023\/07\/kidsplay-logo.png","contentUrl":"https:\/\/kidsplay.lt\/wp-content\/uploads\/2023\/07\/kidsplay-logo.png","width":451,"height":98,"caption":"KidsPlay"},"image":{"@id":"https:\/\/kidsplay.lt\/#\/schema\/logo\/image\/"},"sameAs":["https:\/\/www.facebook.com\/www.kidsplay.lt"]}]}},"_links":{"self":[{"href":"https:\/\/kidsplay.lt\/lv\/wp-json\/wp\/v2\/product\/90168","targetHints":{"allow":["GET"]}}],"collection":[{"href":"https:\/\/kidsplay.lt\/lv\/wp-json\/wp\/v2\/product"}],"about":[{"href":"https:\/\/kidsplay.lt\/lv\/wp-json\/wp\/v2\/types\/product"}],"version-history":[{"count":1,"href":"https:\/\/kidsplay.lt\/lv\/wp-json\/wp\/v2\/product\/90168\/revisions"}],"predecessor-version":[{"id":90169,"href":"https:\/\/kidsplay.lt\/lv\/wp-json\/wp\/v2\/product\/90168\/revisions\/90169"}],"wp:featuredmedia":[{"embeddable":true,"href":"https:\/\/kidsplay.lt\/lv\/wp-json\/wp\/v2\/media\/66686"}],"wp:attachment":[{"href":"https:\/\/kidsplay.lt\/lv\/wp-json\/wp\/v2\/media?parent=90168"}],"wp:term":[{"taxonomy":"product_brand","embeddable":true,"href":"https:\/\/kidsplay.lt\/lv\/wp-json\/wp\/v2\/product_brand?post=90168"},{"taxonomy":"product_cat","embeddable":true,"href":"https:\/\/kidsplay.lt\/lv\/wp-json\/wp\/v2\/product_cat?post=90168"},{"taxonomy":"product_tag","embeddable":true,"href":"https:\/\/kidsplay.lt\/lv\/wp-json\/wp\/v2\/product_tag?post=90168"}],"curies":[{"name":"wp","href":"https:\/\/api.w.org\/{rel}","templated":true}]}}