{"id":90172,"date":"2026-02-26T09:39:04","date_gmt":"2026-02-26T07:39:04","guid":{"rendered":"https:\/\/kidsplay.lt\/produktas\/woopie-edukaciniai-kaladeles-vafliai\/"},"modified":"2026-04-13T15:16:40","modified_gmt":"2026-04-13T12:16:40","slug":"woopie-edukaciniai-kaladeles-vafliai","status":"publish","type":"product","link":"https:\/\/kidsplay.lt\/lv\/products\/woopie-edukaciniai-kaladeles-vafliai\/","title":{"rendered":"WOOPIE edukaciniai kalad\u0117l\u0117s Vafliai"},"content":{"rendered":"<p>Edukacinis kalad\u0117li\u0173 rinkinys \u201eWaffle\u201c\u00a0puikiai tinka naudoti tiek\u00a0namuose\u00a0, tiek\u00a0sode\u00a0.<\/p>\n<p>Kalad\u0117l\u0117s sukurtos\u00a0taip, kad tilpt\u0173 viena \u012f kit\u0105 skirtingais kampais\u00a0. Vaikai naudoja \u0161ias kalad\u0117les susikaupimui\u00a0ir\u00a0vaizduotei\u00a0lavinti\u00a0.\u00a0Jie mokosi nauj\u0173 form\u0173,\u00a0konstruodami\u00a0\u012fdomius statinius\u00a0, tokius kaip \u017eaislinis automobilis, namas, kiemas, siena, labirintas ir daugel\u012f kit\u0173.<\/p>\n<p>Rakstur\u012bgs:<\/p>\n<p>\u00a0&#8211; Rinkin\u012f sudaro\u00a020 dali\u0173\u00a0.<br \/>\n\u00a0&#8211;\u00a0Rinkinius taip pat galima sujungti\u00a0, kad b\u016bt\u0173 sukurtos didesn\u0117s konstrukcijos.<br \/>\n\u00a0&#8211; Idealus produktas tiek namams, tiek sodui.<\/p>\n<p>\u201eWoopie\u201c\u00a0\u00a0yra viena i\u0161 pirmaujan\u010di\u0173 plastikini\u0173 \u017eaisl\u0173 gamintoj\u0173 Europoje.\u00a0\u201eWoopie\u201c\u00a0produktai s\u0117kmingai parduodami \u0161alies viduje ir visoje Europoje.<\/p>\n<p>\u201eWoopie\u201c\u00a0\u017eaislai\u00a0turi vien\u0105 tiksl\u0105: suteikti vaikams d\u017eiaugsmo! Plat\u0173 \u201eWoopie\u201c \u017eaisl\u0173 asortiment\u0105 sudaro karnavaliniai ir vaiki\u0161ki kostiumai, taip pat kaban\u010dios s\u016bpyn\u0117s, putplas\u010dio \u017eaislai, \u012fvair\u016bs sodo \u017eaislai ir daug daugiau! Tegul linksmyb\u0117s liejasi \u2013 tegul liejasi \u201eWoopie\u201c!<\/p>","protected":false},"excerpt":{"rendered":"<p>Edukacinis kalad\u0117li\u0173 rinkinys \u201eWaffle\u201c\u00a0puikiai tinka naudoti tiek\u00a0namuose\u00a0, tiek\u00a0sode\u00a0. Kalad\u0117l\u0117s sukurtos\u00a0taip, kad tilpt\u0173 viena \u012f kit\u0105 skirtingais kampais\u00a0. Vaikai naudoja \u0161ias<\/p>","protected":false},"featured_media":62041,"template":"","meta":{"_acf_changed":false,"_glsr_average":0,"_glsr_ranking":0,"_glsr_reviews":0},"product_brand":[],"product_cat":[388,229],"product_tag":[],"class_list":{"0":"post-90172","1":"product","2":"type-product","3":"status-publish","4":"has-post-thumbnail","6":"product_cat-edukaciniai-lavinamieji-zaislai","7":"product_cat-zaislai-vaikams","8":"\"style=\"background-color: #2ecc711c;\"","10":"first","11":"instock","12":"purchasable","13":"product-type-simple"},"acf":[],"yoast_head":"<!-- This site is optimized with the Yoast SEO plugin v27.4 - https:\/\/yoast.com\/product\/yoast-seo-wordpress\/ -->\n<title>WOOPIE edukaciniai kalad\u0117l\u0117s Vafliai<\/title>\n<meta name=\"description\" content=\"WOOPIE edukaciniai kalad\u0117l\u0117s Vafliai - KidsPlay. Did\u017eiausias vaik\u0173 \u017eaisl\u0173 pasirinkimas.\" \/>\n<meta name=\"robots\" content=\"index, follow, max-snippet:-1, max-image-preview:large, max-video-preview:-1\" \/>\n<link rel=\"canonical\" href=\"https:\/\/kidsplay.lt\/lv\/products\/woopie-edukaciniai-kaladeles-vafliai\/\" \/>\n<meta property=\"og:locale\" content=\"lv_LV\" \/>\n<meta property=\"og:type\" content=\"article\" \/>\n<meta property=\"og:title\" content=\"WOOPIE edukaciniai kalad\u0117l\u0117s Vafliai\" \/>\n<meta property=\"og:description\" content=\"WOOPIE edukaciniai kalad\u0117l\u0117s Vafliai - KidsPlay. Did\u017eiausias vaik\u0173 \u017eaisl\u0173 pasirinkimas.\" \/>\n<meta property=\"og:url\" content=\"https:\/\/kidsplay.lt\/lv\/products\/woopie-edukaciniai-kaladeles-vafliai\/\" \/>\n<meta property=\"og:site_name\" content=\"KidsPlay\" \/>\n<meta property=\"article:publisher\" content=\"https:\/\/www.facebook.com\/www.kidsplay.lt\" \/>\n<meta property=\"article:modified_time\" content=\"2026-04-13T12:16:40+00:00\" \/>\n<meta property=\"og:image\" content=\"https:\/\/kidsplay.lt\/wp-content\/uploads\/2025\/09\/WOOPIE-edukaciniai-kaladeles-Vafliai.jpg\" \/>\n\t<meta property=\"og:image:width\" content=\"815\" \/>\n\t<meta property=\"og:image:height\" content=\"621\" \/>\n\t<meta property=\"og:image:type\" content=\"image\/jpeg\" \/>\n<meta name=\"twitter:card\" content=\"summary_large_image\" \/>\n<meta name=\"twitter:label1\" content=\"Est. reading time\" \/>\n\t<meta name=\"twitter:data1\" content=\"1 min\u016bte\" \/>\n<script type=\"application\/ld+json\" class=\"yoast-schema-graph\">{\"@context\":\"https:\\\/\\\/schema.org\",\"@graph\":[{\"@type\":\"WebPage\",\"@id\":\"https:\\\/\\\/kidsplay.lt\\\/produktas\\\/woopie-edukaciniai-kaladeles-vafliai\\\/\",\"url\":\"https:\\\/\\\/kidsplay.lt\\\/produktas\\\/woopie-edukaciniai-kaladeles-vafliai\\\/\",\"name\":\"WOOPIE edukaciniai kalad\u0117l\u0117s Vafliai\",\"isPartOf\":{\"@id\":\"https:\\\/\\\/kidsplay.lt\\\/#website\"},\"primaryImageOfPage\":{\"@id\":\"https:\\\/\\\/kidsplay.lt\\\/produktas\\\/woopie-edukaciniai-kaladeles-vafliai\\\/#primaryimage\"},\"image\":{\"@id\":\"https:\\\/\\\/kidsplay.lt\\\/produktas\\\/woopie-edukaciniai-kaladeles-vafliai\\\/#primaryimage\"},\"thumbnailUrl\":\"https:\\\/\\\/kidsplay.lt\\\/wp-content\\\/uploads\\\/2025\\\/09\\\/WOOPIE-edukaciniai-kaladeles-Vafliai.jpg\",\"datePublished\":\"2026-02-26T07:39:04+00:00\",\"dateModified\":\"2026-04-13T12:16:40+00:00\",\"description\":\"WOOPIE edukaciniai kalad\u0117l\u0117s Vafliai - KidsPlay. Did\u017eiausias vaik\u0173 \u017eaisl\u0173 pasirinkimas.\",\"breadcrumb\":{\"@id\":\"https:\\\/\\\/kidsplay.lt\\\/produktas\\\/woopie-edukaciniai-kaladeles-vafliai\\\/#breadcrumb\"},\"inLanguage\":\"lv-LV\",\"potentialAction\":[{\"@type\":\"ReadAction\",\"target\":[\"https:\\\/\\\/kidsplay.lt\\\/produktas\\\/woopie-edukaciniai-kaladeles-vafliai\\\/\"]}]},{\"@type\":\"ImageObject\",\"inLanguage\":\"lv-LV\",\"@id\":\"https:\\\/\\\/kidsplay.lt\\\/produktas\\\/woopie-edukaciniai-kaladeles-vafliai\\\/#primaryimage\",\"url\":\"https:\\\/\\\/kidsplay.lt\\\/wp-content\\\/uploads\\\/2025\\\/09\\\/WOOPIE-edukaciniai-kaladeles-Vafliai.jpg\",\"contentUrl\":\"https:\\\/\\\/kidsplay.lt\\\/wp-content\\\/uploads\\\/2025\\\/09\\\/WOOPIE-edukaciniai-kaladeles-Vafliai.jpg\",\"width\":815,\"height\":621,\"caption\":\"WOOPIE edukaciniai kalad\u0117l\u0117s Vafliai\"},{\"@type\":\"BreadcrumbList\",\"@id\":\"https:\\\/\\\/kidsplay.lt\\\/produktas\\\/woopie-edukaciniai-kaladeles-vafliai\\\/#breadcrumb\",\"itemListElement\":[{\"@type\":\"ListItem\",\"position\":1,\"name\":\"Pagrindinis\",\"item\":\"https:\\\/\\\/kidsplay.lt\\\/\"},{\"@type\":\"ListItem\",\"position\":2,\"name\":\"Parduotuv\u0117\",\"item\":\"https:\\\/\\\/kidsplay.lt\\\/parduotuve\\\/\"},{\"@type\":\"ListItem\",\"position\":3,\"name\":\"WOOPIE edukaciniai kalad\u0117l\u0117s Vafliai\"}]},{\"@type\":\"WebSite\",\"@id\":\"https:\\\/\\\/kidsplay.lt\\\/#website\",\"url\":\"https:\\\/\\\/kidsplay.lt\\\/\",\"name\":\"Kidsplay.lt\",\"description\":\"\u012evairios prek\u0117s vaikams\",\"publisher\":{\"@id\":\"https:\\\/\\\/kidsplay.lt\\\/#organization\"},\"alternateName\":\"Kidsplay\",\"potentialAction\":[{\"@type\":\"SearchAction\",\"target\":{\"@type\":\"EntryPoint\",\"urlTemplate\":\"https:\\\/\\\/kidsplay.lt\\\/?s={search_term_string}\"},\"query-input\":{\"@type\":\"PropertyValueSpecification\",\"valueRequired\":true,\"valueName\":\"search_term_string\"}}],\"inLanguage\":\"lv-LV\"},{\"@type\":\"Organization\",\"@id\":\"https:\\\/\\\/kidsplay.lt\\\/#organization\",\"name\":\"KidsPlay\",\"url\":\"https:\\\/\\\/kidsplay.lt\\\/\",\"logo\":{\"@type\":\"ImageObject\",\"inLanguage\":\"lv-LV\",\"@id\":\"https:\\\/\\\/kidsplay.lt\\\/#\\\/schema\\\/logo\\\/image\\\/\",\"url\":\"https:\\\/\\\/kidsplay.lt\\\/wp-content\\\/uploads\\\/2023\\\/07\\\/kidsplay-logo.png\",\"contentUrl\":\"https:\\\/\\\/kidsplay.lt\\\/wp-content\\\/uploads\\\/2023\\\/07\\\/kidsplay-logo.png\",\"width\":451,\"height\":98,\"caption\":\"KidsPlay\"},\"image\":{\"@id\":\"https:\\\/\\\/kidsplay.lt\\\/#\\\/schema\\\/logo\\\/image\\\/\"},\"sameAs\":[\"https:\\\/\\\/www.facebook.com\\\/www.kidsplay.lt\"]}]}<\/script>\n<!-- \/ Yoast SEO plugin. -->","yoast_head_json":{"title":"WOOPIE edukaciniai kalad\u0117l\u0117s Vafliai","description":"WOOPIE edukaciniai kalad\u0117l\u0117s Vafliai - KidsPlay. Did\u017eiausias vaik\u0173 \u017eaisl\u0173 pasirinkimas.","robots":{"index":"index","follow":"follow","max-snippet":"max-snippet:-1","max-image-preview":"max-image-preview:large","max-video-preview":"max-video-preview:-1"},"canonical":"https:\/\/kidsplay.lt\/lv\/products\/woopie-edukaciniai-kaladeles-vafliai\/","og_locale":"lv_LV","og_type":"article","og_title":"WOOPIE edukaciniai kalad\u0117l\u0117s Vafliai","og_description":"WOOPIE edukaciniai kalad\u0117l\u0117s Vafliai - KidsPlay. Did\u017eiausias vaik\u0173 \u017eaisl\u0173 pasirinkimas.","og_url":"https:\/\/kidsplay.lt\/lv\/products\/woopie-edukaciniai-kaladeles-vafliai\/","og_site_name":"KidsPlay","article_publisher":"https:\/\/www.facebook.com\/www.kidsplay.lt","article_modified_time":"2026-04-13T12:16:40+00:00","og_image":[{"width":815,"height":621,"url":"https:\/\/kidsplay.lt\/wp-content\/uploads\/2025\/09\/WOOPIE-edukaciniai-kaladeles-Vafliai.jpg","type":"image\/jpeg"}],"twitter_card":"summary_large_image","twitter_misc":{"Est. reading time":"1 min\u016bte"},"schema":{"@context":"https:\/\/schema.org","@graph":[{"@type":"WebPage","@id":"https:\/\/kidsplay.lt\/produktas\/woopie-edukaciniai-kaladeles-vafliai\/","url":"https:\/\/kidsplay.lt\/produktas\/woopie-edukaciniai-kaladeles-vafliai\/","name":"WOOPIE edukaciniai kalad\u0117l\u0117s Vafliai","isPartOf":{"@id":"https:\/\/kidsplay.lt\/#website"},"primaryImageOfPage":{"@id":"https:\/\/kidsplay.lt\/produktas\/woopie-edukaciniai-kaladeles-vafliai\/#primaryimage"},"image":{"@id":"https:\/\/kidsplay.lt\/produktas\/woopie-edukaciniai-kaladeles-vafliai\/#primaryimage"},"thumbnailUrl":"https:\/\/kidsplay.lt\/wp-content\/uploads\/2025\/09\/WOOPIE-edukaciniai-kaladeles-Vafliai.jpg","datePublished":"2026-02-26T07:39:04+00:00","dateModified":"2026-04-13T12:16:40+00:00","description":"WOOPIE edukaciniai kalad\u0117l\u0117s Vafliai - KidsPlay. Did\u017eiausias vaik\u0173 \u017eaisl\u0173 pasirinkimas.","breadcrumb":{"@id":"https:\/\/kidsplay.lt\/produktas\/woopie-edukaciniai-kaladeles-vafliai\/#breadcrumb"},"inLanguage":"lv-LV","potentialAction":[{"@type":"ReadAction","target":["https:\/\/kidsplay.lt\/produktas\/woopie-edukaciniai-kaladeles-vafliai\/"]}]},{"@type":"ImageObject","inLanguage":"lv-LV","@id":"https:\/\/kidsplay.lt\/produktas\/woopie-edukaciniai-kaladeles-vafliai\/#primaryimage","url":"https:\/\/kidsplay.lt\/wp-content\/uploads\/2025\/09\/WOOPIE-edukaciniai-kaladeles-Vafliai.jpg","contentUrl":"https:\/\/kidsplay.lt\/wp-content\/uploads\/2025\/09\/WOOPIE-edukaciniai-kaladeles-Vafliai.jpg","width":815,"height":621,"caption":"WOOPIE edukaciniai kalad\u0117l\u0117s Vafliai"},{"@type":"BreadcrumbList","@id":"https:\/\/kidsplay.lt\/produktas\/woopie-edukaciniai-kaladeles-vafliai\/#breadcrumb","itemListElement":[{"@type":"ListItem","position":1,"name":"Pagrindinis","item":"https:\/\/kidsplay.lt\/"},{"@type":"ListItem","position":2,"name":"Parduotuv\u0117","item":"https:\/\/kidsplay.lt\/parduotuve\/"},{"@type":"ListItem","position":3,"name":"WOOPIE edukaciniai kalad\u0117l\u0117s Vafliai"}]},{"@type":"WebSite","@id":"https:\/\/kidsplay.lt\/#website","url":"https:\/\/kidsplay.lt\/","name":"B\u0113rnu sp\u0113les.lv","description":"\u012evairios prek\u0117s vaikams","publisher":{"@id":"https:\/\/kidsplay.lt\/#organization"},"alternateName":"Kidsplay","potentialAction":[{"@type":"SearchAction","target":{"@type":"EntryPoint","urlTemplate":"https:\/\/kidsplay.lt\/?s={search_term_string}"},"query-input":{"@type":"PropertyValueSpecification","valueRequired":true,"valueName":"search_term_string"}}],"inLanguage":"lv-LV"},{"@type":"Organization","@id":"https:\/\/kidsplay.lt\/#organization","name":"B\u0113rnu sp\u0113le","url":"https:\/\/kidsplay.lt\/","logo":{"@type":"ImageObject","inLanguage":"lv-LV","@id":"https:\/\/kidsplay.lt\/#\/schema\/logo\/image\/","url":"https:\/\/kidsplay.lt\/wp-content\/uploads\/2023\/07\/kidsplay-logo.png","contentUrl":"https:\/\/kidsplay.lt\/wp-content\/uploads\/2023\/07\/kidsplay-logo.png","width":451,"height":98,"caption":"KidsPlay"},"image":{"@id":"https:\/\/kidsplay.lt\/#\/schema\/logo\/image\/"},"sameAs":["https:\/\/www.facebook.com\/www.kidsplay.lt"]}]}},"_links":{"self":[{"href":"https:\/\/kidsplay.lt\/lv\/wp-json\/wp\/v2\/product\/90172","targetHints":{"allow":["GET"]}}],"collection":[{"href":"https:\/\/kidsplay.lt\/lv\/wp-json\/wp\/v2\/product"}],"about":[{"href":"https:\/\/kidsplay.lt\/lv\/wp-json\/wp\/v2\/types\/product"}],"version-history":[{"count":1,"href":"https:\/\/kidsplay.lt\/lv\/wp-json\/wp\/v2\/product\/90172\/revisions"}],"predecessor-version":[{"id":90173,"href":"https:\/\/kidsplay.lt\/lv\/wp-json\/wp\/v2\/product\/90172\/revisions\/90173"}],"wp:featuredmedia":[{"embeddable":true,"href":"https:\/\/kidsplay.lt\/lv\/wp-json\/wp\/v2\/media\/62041"}],"wp:attachment":[{"href":"https:\/\/kidsplay.lt\/lv\/wp-json\/wp\/v2\/media?parent=90172"}],"wp:term":[{"taxonomy":"product_brand","embeddable":true,"href":"https:\/\/kidsplay.lt\/lv\/wp-json\/wp\/v2\/product_brand?post=90172"},{"taxonomy":"product_cat","embeddable":true,"href":"https:\/\/kidsplay.lt\/lv\/wp-json\/wp\/v2\/product_cat?post=90172"},{"taxonomy":"product_tag","embeddable":true,"href":"https:\/\/kidsplay.lt\/lv\/wp-json\/wp\/v2\/product_tag?post=90172"}],"curies":[{"name":"wp","href":"https:\/\/api.w.org\/{rel}","templated":true}]}}