{"id":90174,"date":"2026-02-26T09:39:08","date_gmt":"2026-02-26T07:39:08","guid":{"rendered":"https:\/\/kidsplay.lt\/produktas\/woopie-nuotoliniu-budu-valdomas-traktorius-su-priekaba\/"},"modified":"2026-04-13T15:16:44","modified_gmt":"2026-04-13T12:16:44","slug":"woopie-nuotoliniu-budu-valdomas-traktorius-su-priekaba","status":"publish","type":"product","link":"https:\/\/kidsplay.lt\/lv\/products\/woopie-nuotoliniu-budu-valdomas-traktorius-su-priekaba\/","title":{"rendered":"WOOPIE t\u0101lvad\u012bbas traktors ar piekabi"},"content":{"rendered":"<p>WOOPIE\u00a0traktorius \u201e\u016akininko sunkve\u017eimis\u201c\u00a0yra ne tik labai smagi pramoga, bet ir puikus b\u016bdas supa\u017eindinti vaik\u0105 su \u016bkininkavimo\u00a0pasauliu\u00a0. Tai dovana, kuri \u017eadina\u00a0smalsum\u0105\u00a0, skatina\u00a0koordinacij\u0105\u00a0ir moko planuoti \u016bk\u012f. Rinkin\u012f sudaro realisti\u0161kai pagamintas traktorius su priekaba, kurio dizainas ir funkcijos nugabens j\u016bs\u0173 vaik\u0105 tiesiai \u012f \u016bkio lauk\u0105, suteikdamos jam tikro \u016bkininkavimo poj\u016bt\u012f.<br \/>\nNuotolinio valdymo pultas\u00a0suteikia\u00a0interaktyvumo\u00a0patir\u010diai , suteikdamas j\u016bs\u0173 vaikui visi\u0161k\u0105 traktoriaus valdym\u0105, kur\u012f galima vairuoti pirmyn, atgal ir pasukti \u012f kair\u0119 bei \u012f de\u0161in\u0119. \u201e\u016akininko sunkve\u017eimis\u201c traktorius taip pat turi\u00a0LED\u00a0\u017eibintus ir mirksint\u012f \u0161vytur\u0117l\u012f, suteikian\u010dius \u017eaidimui realisti\u0161kumo, o judantys,\u00a0sulankstomi\u00a0veidrod\u0117liai\u00a0skatina interaktyv\u0173 \u017eaidim\u0105.<br \/>\nSupakuotas eleganti\u0161koje kartonin\u0117je pakuot\u0117je, \u201e\u016akininko sunkve\u017eimis\u201c traktorius yra paruo\u0161tas \u017eaisti i\u0161 karto i\u0161pakavus. Tai ideali\u00a0dovana\u00a0, skatinanti vaikus\u00a0b\u016bti k\u016brybingus\u00a0ir tyrin\u0117ti \u016bkio gyvenim\u0105. Transporto priemon\u0117 sukurta galvojant apie ma\u017eas rankeles, u\u017etikrinant saugum\u0105 ir paprast\u0105 naudojim\u0105. Padovanokite savo vaikui\u00a0lavinamojo\u00a0\u016bkio\u00a0nuotykio !<\/p>\n<p>Funkcijas:<\/p>\n<p> \t&#8211; Vaikams\u00a0\u00a0nuo 3 met\u0173\u00a0am\u017eiaus<br \/>\n \t&#8211;\u00a0\u00a0Mastelis\u00a0: 1:24<br \/>\n \t&#8211; Visi\u0161kas va\u017eiavimo krypties valdymas \u2013 pirmyn\/atgal, \u012f kair\u0119\/de\u0161in\u0119<br \/>\n \t&#8211; Moko \u017eem\u0117s \u016bkio technikos veikimo princip\u0173 ir logikos<br \/>\n \t&#8211; LED \u017eibintai, mirksintis \u0161vytur\u0117lis, judantys veidrod\u0117liai, gumin\u0117s padangos<br \/>\n \t&#8211; Pagaminta su r\u016bpes\u010diu<br \/>\n \t&#8211; Maitinimo \u0161altinis\u00a0: 3,7 V baterija (pridedama), nuotolinio valdymo pultas 2 x AA baterijos (nepridedamos)<\/p>\n<p>Komplekt\u0101 ietilpst:<\/p>\n<p> \t&#8211; Nuotoliniu b\u016bdu valdomas traktorius su baterija<br \/>\n \t&#8211; Priekaba su 5 malk\u0173 r\u0105stais<br \/>\n \t&#8211; USB \u012fkroviklis<br \/>\n \t&#8211; Nuotolinio valdymo pultas<\/p>\n<p>Produkto matmenys:<\/p>\n<p> \t&#8211; Traktorius\u00a0: 20 cm ilgio<br \/>\n \t&#8211;\u00a0Rinkinys\u00a0: 41 x 9,5 x 11,5 cm<\/p>","protected":false},"excerpt":{"rendered":"<p>WOOPIE\u00a0traktorius \u201e\u016akininko sunkve\u017eimis\u201c\u00a0yra ne tik labai smagi pramoga, bet ir puikus b\u016bdas supa\u017eindinti vaik\u0105 su \u016bkininkavimo\u00a0pasauliu\u00a0. Tai dovana, kuri \u017eadina\u00a0smalsum\u0105\u00a0,<\/p>","protected":false},"featured_media":62055,"template":"","meta":{"_acf_changed":false,"_glsr_average":0,"_glsr_ranking":0,"_glsr_reviews":0},"product_brand":[],"product_cat":[447,229],"product_tag":[],"class_list":{"0":"post-90174","1":"product","2":"type-product","3":"status-publish","4":"has-post-thumbnail","6":"product_cat-rc-zaislai","7":"product_cat-zaislai-vaikams","8":"\"style=\"background-color: #2ecc711c;\"","10":"first","11":"instock","12":"purchasable","13":"product-type-simple"},"acf":[],"yoast_head":"<!-- This site is optimized with the Yoast SEO plugin v27.3 - https:\/\/yoast.com\/product\/yoast-seo-wordpress\/ -->\n<title>WOOPIE nuotoliniu b\u016bdu valdomas traktorius su priekaba<\/title>\n<meta name=\"description\" content=\"WOOPIE nuotoliniu b\u016bdu valdomas traktorius su priekaba - KidsPlay. Did\u017eiausias vaik\u0173 \u017eaisl\u0173 pasirinkimas.\" \/>\n<meta name=\"robots\" content=\"index, follow, max-snippet:-1, max-image-preview:large, max-video-preview:-1\" \/>\n<link rel=\"canonical\" href=\"https:\/\/kidsplay.lt\/lv\/products\/woopie-nuotoliniu-budu-valdomas-traktorius-su-priekaba\/\" \/>\n<meta property=\"og:locale\" content=\"lv_LV\" \/>\n<meta property=\"og:type\" content=\"article\" \/>\n<meta property=\"og:title\" content=\"WOOPIE nuotoliniu b\u016bdu valdomas traktorius su priekaba\" \/>\n<meta property=\"og:description\" content=\"WOOPIE nuotoliniu b\u016bdu valdomas traktorius su priekaba - KidsPlay. Did\u017eiausias vaik\u0173 \u017eaisl\u0173 pasirinkimas.\" \/>\n<meta property=\"og:url\" content=\"https:\/\/kidsplay.lt\/lv\/products\/woopie-nuotoliniu-budu-valdomas-traktorius-su-priekaba\/\" \/>\n<meta property=\"og:site_name\" content=\"KidsPlay\" \/>\n<meta property=\"article:publisher\" content=\"https:\/\/www.facebook.com\/www.kidsplay.lt\" \/>\n<meta property=\"article:modified_time\" content=\"2026-04-13T12:16:44+00:00\" \/>\n<meta property=\"og:image\" content=\"https:\/\/kidsplay.lt\/wp-content\/uploads\/2025\/09\/WOOPIE-nuotoliniu-budu-valdomas-traktorius-su-priekaba.jpg\" \/>\n\t<meta property=\"og:image:width\" content=\"787\" \/>\n\t<meta property=\"og:image:height\" content=\"787\" \/>\n\t<meta property=\"og:image:type\" content=\"image\/jpeg\" \/>\n<meta name=\"twitter:card\" content=\"summary_large_image\" \/>\n<meta name=\"twitter:label1\" content=\"Est. reading time\" \/>\n\t<meta name=\"twitter:data1\" content=\"1 min\u016bte\" \/>\n<script type=\"application\/ld+json\" class=\"yoast-schema-graph\">{\"@context\":\"https:\\\/\\\/schema.org\",\"@graph\":[{\"@type\":\"WebPage\",\"@id\":\"https:\\\/\\\/kidsplay.lt\\\/produktas\\\/woopie-nuotoliniu-budu-valdomas-traktorius-su-priekaba\\\/\",\"url\":\"https:\\\/\\\/kidsplay.lt\\\/produktas\\\/woopie-nuotoliniu-budu-valdomas-traktorius-su-priekaba\\\/\",\"name\":\"WOOPIE nuotoliniu b\u016bdu valdomas traktorius su priekaba\",\"isPartOf\":{\"@id\":\"https:\\\/\\\/kidsplay.lt\\\/#website\"},\"primaryImageOfPage\":{\"@id\":\"https:\\\/\\\/kidsplay.lt\\\/produktas\\\/woopie-nuotoliniu-budu-valdomas-traktorius-su-priekaba\\\/#primaryimage\"},\"image\":{\"@id\":\"https:\\\/\\\/kidsplay.lt\\\/produktas\\\/woopie-nuotoliniu-budu-valdomas-traktorius-su-priekaba\\\/#primaryimage\"},\"thumbnailUrl\":\"https:\\\/\\\/kidsplay.lt\\\/wp-content\\\/uploads\\\/2025\\\/09\\\/WOOPIE-nuotoliniu-budu-valdomas-traktorius-su-priekaba.jpg\",\"datePublished\":\"2026-02-26T07:39:08+00:00\",\"dateModified\":\"2026-04-13T12:16:44+00:00\",\"description\":\"WOOPIE nuotoliniu b\u016bdu valdomas traktorius su priekaba - KidsPlay. Did\u017eiausias vaik\u0173 \u017eaisl\u0173 pasirinkimas.\",\"breadcrumb\":{\"@id\":\"https:\\\/\\\/kidsplay.lt\\\/produktas\\\/woopie-nuotoliniu-budu-valdomas-traktorius-su-priekaba\\\/#breadcrumb\"},\"inLanguage\":\"lv-LV\",\"potentialAction\":[{\"@type\":\"ReadAction\",\"target\":[\"https:\\\/\\\/kidsplay.lt\\\/produktas\\\/woopie-nuotoliniu-budu-valdomas-traktorius-su-priekaba\\\/\"]}]},{\"@type\":\"ImageObject\",\"inLanguage\":\"lv-LV\",\"@id\":\"https:\\\/\\\/kidsplay.lt\\\/produktas\\\/woopie-nuotoliniu-budu-valdomas-traktorius-su-priekaba\\\/#primaryimage\",\"url\":\"https:\\\/\\\/kidsplay.lt\\\/wp-content\\\/uploads\\\/2025\\\/09\\\/WOOPIE-nuotoliniu-budu-valdomas-traktorius-su-priekaba.jpg\",\"contentUrl\":\"https:\\\/\\\/kidsplay.lt\\\/wp-content\\\/uploads\\\/2025\\\/09\\\/WOOPIE-nuotoliniu-budu-valdomas-traktorius-su-priekaba.jpg\",\"width\":787,\"height\":787,\"caption\":\"WOOPIE nuotoliniu b\u016bdu valdomas traktorius su priekaba\"},{\"@type\":\"BreadcrumbList\",\"@id\":\"https:\\\/\\\/kidsplay.lt\\\/produktas\\\/woopie-nuotoliniu-budu-valdomas-traktorius-su-priekaba\\\/#breadcrumb\",\"itemListElement\":[{\"@type\":\"ListItem\",\"position\":1,\"name\":\"Pagrindinis\",\"item\":\"https:\\\/\\\/kidsplay.lt\\\/\"},{\"@type\":\"ListItem\",\"position\":2,\"name\":\"Parduotuv\u0117\",\"item\":\"https:\\\/\\\/kidsplay.lt\\\/parduotuve\\\/\"},{\"@type\":\"ListItem\",\"position\":3,\"name\":\"WOOPIE nuotoliniu b\u016bdu valdomas traktorius su priekaba\"}]},{\"@type\":\"WebSite\",\"@id\":\"https:\\\/\\\/kidsplay.lt\\\/#website\",\"url\":\"https:\\\/\\\/kidsplay.lt\\\/\",\"name\":\"Kidsplay.lt\",\"description\":\"\u012evairios prek\u0117s vaikams\",\"publisher\":{\"@id\":\"https:\\\/\\\/kidsplay.lt\\\/#organization\"},\"alternateName\":\"Kidsplay\",\"potentialAction\":[{\"@type\":\"SearchAction\",\"target\":{\"@type\":\"EntryPoint\",\"urlTemplate\":\"https:\\\/\\\/kidsplay.lt\\\/?s={search_term_string}\"},\"query-input\":{\"@type\":\"PropertyValueSpecification\",\"valueRequired\":true,\"valueName\":\"search_term_string\"}}],\"inLanguage\":\"lv-LV\"},{\"@type\":\"Organization\",\"@id\":\"https:\\\/\\\/kidsplay.lt\\\/#organization\",\"name\":\"KidsPlay\",\"url\":\"https:\\\/\\\/kidsplay.lt\\\/\",\"logo\":{\"@type\":\"ImageObject\",\"inLanguage\":\"lv-LV\",\"@id\":\"https:\\\/\\\/kidsplay.lt\\\/#\\\/schema\\\/logo\\\/image\\\/\",\"url\":\"https:\\\/\\\/kidsplay.lt\\\/wp-content\\\/uploads\\\/2023\\\/07\\\/kidsplay-logo.png\",\"contentUrl\":\"https:\\\/\\\/kidsplay.lt\\\/wp-content\\\/uploads\\\/2023\\\/07\\\/kidsplay-logo.png\",\"width\":451,\"height\":98,\"caption\":\"KidsPlay\"},\"image\":{\"@id\":\"https:\\\/\\\/kidsplay.lt\\\/#\\\/schema\\\/logo\\\/image\\\/\"},\"sameAs\":[\"https:\\\/\\\/www.facebook.com\\\/www.kidsplay.lt\"]}]}<\/script>\n<!-- \/ Yoast SEO plugin. -->","yoast_head_json":{"title":"WOOPIE t\u0101lvad\u012bbas traktors ar piekabi","description":"WOOPIE nuotoliniu b\u016bdu valdomas traktorius su priekaba - KidsPlay. Did\u017eiausias vaik\u0173 \u017eaisl\u0173 pasirinkimas.","robots":{"index":"index","follow":"follow","max-snippet":"max-snippet:-1","max-image-preview":"max-image-preview:large","max-video-preview":"max-video-preview:-1"},"canonical":"https:\/\/kidsplay.lt\/lv\/products\/woopie-nuotoliniu-budu-valdomas-traktorius-su-priekaba\/","og_locale":"lv_LV","og_type":"article","og_title":"WOOPIE nuotoliniu b\u016bdu valdomas traktorius su priekaba","og_description":"WOOPIE nuotoliniu b\u016bdu valdomas traktorius su priekaba - KidsPlay. Did\u017eiausias vaik\u0173 \u017eaisl\u0173 pasirinkimas.","og_url":"https:\/\/kidsplay.lt\/lv\/products\/woopie-nuotoliniu-budu-valdomas-traktorius-su-priekaba\/","og_site_name":"KidsPlay","article_publisher":"https:\/\/www.facebook.com\/www.kidsplay.lt","article_modified_time":"2026-04-13T12:16:44+00:00","og_image":[{"width":787,"height":787,"url":"https:\/\/kidsplay.lt\/wp-content\/uploads\/2025\/09\/WOOPIE-nuotoliniu-budu-valdomas-traktorius-su-priekaba.jpg","type":"image\/jpeg"}],"twitter_card":"summary_large_image","twitter_misc":{"Est. reading time":"1 min\u016bte"},"schema":{"@context":"https:\/\/schema.org","@graph":[{"@type":"WebPage","@id":"https:\/\/kidsplay.lt\/produktas\/woopie-nuotoliniu-budu-valdomas-traktorius-su-priekaba\/","url":"https:\/\/kidsplay.lt\/produktas\/woopie-nuotoliniu-budu-valdomas-traktorius-su-priekaba\/","name":"WOOPIE t\u0101lvad\u012bbas traktors ar piekabi","isPartOf":{"@id":"https:\/\/kidsplay.lt\/#website"},"primaryImageOfPage":{"@id":"https:\/\/kidsplay.lt\/produktas\/woopie-nuotoliniu-budu-valdomas-traktorius-su-priekaba\/#primaryimage"},"image":{"@id":"https:\/\/kidsplay.lt\/produktas\/woopie-nuotoliniu-budu-valdomas-traktorius-su-priekaba\/#primaryimage"},"thumbnailUrl":"https:\/\/kidsplay.lt\/wp-content\/uploads\/2025\/09\/WOOPIE-nuotoliniu-budu-valdomas-traktorius-su-priekaba.jpg","datePublished":"2026-02-26T07:39:08+00:00","dateModified":"2026-04-13T12:16:44+00:00","description":"WOOPIE nuotoliniu b\u016bdu valdomas traktorius su priekaba - KidsPlay. Did\u017eiausias vaik\u0173 \u017eaisl\u0173 pasirinkimas.","breadcrumb":{"@id":"https:\/\/kidsplay.lt\/produktas\/woopie-nuotoliniu-budu-valdomas-traktorius-su-priekaba\/#breadcrumb"},"inLanguage":"lv-LV","potentialAction":[{"@type":"ReadAction","target":["https:\/\/kidsplay.lt\/produktas\/woopie-nuotoliniu-budu-valdomas-traktorius-su-priekaba\/"]}]},{"@type":"ImageObject","inLanguage":"lv-LV","@id":"https:\/\/kidsplay.lt\/produktas\/woopie-nuotoliniu-budu-valdomas-traktorius-su-priekaba\/#primaryimage","url":"https:\/\/kidsplay.lt\/wp-content\/uploads\/2025\/09\/WOOPIE-nuotoliniu-budu-valdomas-traktorius-su-priekaba.jpg","contentUrl":"https:\/\/kidsplay.lt\/wp-content\/uploads\/2025\/09\/WOOPIE-nuotoliniu-budu-valdomas-traktorius-su-priekaba.jpg","width":787,"height":787,"caption":"WOOPIE nuotoliniu b\u016bdu valdomas traktorius su priekaba"},{"@type":"BreadcrumbList","@id":"https:\/\/kidsplay.lt\/produktas\/woopie-nuotoliniu-budu-valdomas-traktorius-su-priekaba\/#breadcrumb","itemListElement":[{"@type":"ListItem","position":1,"name":"Pagrindinis","item":"https:\/\/kidsplay.lt\/"},{"@type":"ListItem","position":2,"name":"Parduotuv\u0117","item":"https:\/\/kidsplay.lt\/parduotuve\/"},{"@type":"ListItem","position":3,"name":"WOOPIE nuotoliniu b\u016bdu valdomas traktorius su priekaba"}]},{"@type":"WebSite","@id":"https:\/\/kidsplay.lt\/#website","url":"https:\/\/kidsplay.lt\/","name":"B\u0113rnu sp\u0113les.lv","description":"\u012evairios prek\u0117s vaikams","publisher":{"@id":"https:\/\/kidsplay.lt\/#organization"},"alternateName":"Kidsplay","potentialAction":[{"@type":"SearchAction","target":{"@type":"EntryPoint","urlTemplate":"https:\/\/kidsplay.lt\/?s={search_term_string}"},"query-input":{"@type":"PropertyValueSpecification","valueRequired":true,"valueName":"search_term_string"}}],"inLanguage":"lv-LV"},{"@type":"Organization","@id":"https:\/\/kidsplay.lt\/#organization","name":"B\u0113rnu sp\u0113le","url":"https:\/\/kidsplay.lt\/","logo":{"@type":"ImageObject","inLanguage":"lv-LV","@id":"https:\/\/kidsplay.lt\/#\/schema\/logo\/image\/","url":"https:\/\/kidsplay.lt\/wp-content\/uploads\/2023\/07\/kidsplay-logo.png","contentUrl":"https:\/\/kidsplay.lt\/wp-content\/uploads\/2023\/07\/kidsplay-logo.png","width":451,"height":98,"caption":"KidsPlay"},"image":{"@id":"https:\/\/kidsplay.lt\/#\/schema\/logo\/image\/"},"sameAs":["https:\/\/www.facebook.com\/www.kidsplay.lt"]}]}},"_links":{"self":[{"href":"https:\/\/kidsplay.lt\/lv\/wp-json\/wp\/v2\/product\/90174","targetHints":{"allow":["GET"]}}],"collection":[{"href":"https:\/\/kidsplay.lt\/lv\/wp-json\/wp\/v2\/product"}],"about":[{"href":"https:\/\/kidsplay.lt\/lv\/wp-json\/wp\/v2\/types\/product"}],"version-history":[{"count":1,"href":"https:\/\/kidsplay.lt\/lv\/wp-json\/wp\/v2\/product\/90174\/revisions"}],"predecessor-version":[{"id":90175,"href":"https:\/\/kidsplay.lt\/lv\/wp-json\/wp\/v2\/product\/90174\/revisions\/90175"}],"wp:featuredmedia":[{"embeddable":true,"href":"https:\/\/kidsplay.lt\/lv\/wp-json\/wp\/v2\/media\/62055"}],"wp:attachment":[{"href":"https:\/\/kidsplay.lt\/lv\/wp-json\/wp\/v2\/media?parent=90174"}],"wp:term":[{"taxonomy":"product_brand","embeddable":true,"href":"https:\/\/kidsplay.lt\/lv\/wp-json\/wp\/v2\/product_brand?post=90174"},{"taxonomy":"product_cat","embeddable":true,"href":"https:\/\/kidsplay.lt\/lv\/wp-json\/wp\/v2\/product_cat?post=90174"},{"taxonomy":"product_tag","embeddable":true,"href":"https:\/\/kidsplay.lt\/lv\/wp-json\/wp\/v2\/product_tag?post=90174"}],"curies":[{"name":"wp","href":"https:\/\/api.w.org\/{rel}","templated":true}]}}