{"id":90176,"date":"2026-02-26T09:39:11","date_gmt":"2026-02-26T07:39:11","guid":{"rendered":"https:\/\/kidsplay.lt\/produktas\/woopie-autobusas-su-sviesomis-ir-atidaromomis-durimis\/"},"modified":"2026-04-07T10:52:59","modified_gmt":"2026-04-07T07:52:59","slug":"woopie-autobusas-su-sviesomis-ir-atidaromomis-durimis","status":"publish","type":"product","link":"https:\/\/kidsplay.lt\/lv\/products\/woopie-autobusas-su-sviesomis-ir-atidaromomis-durimis\/","title":{"rendered":"\ufeff WOOPIE autobusas su \u0161viesomis ir atidaromomis durimis"},"content":{"rendered":"<p>WOOPIE\u00a0autobusas su \u0161viesomis ir atidaromomis durimis\u00a0vienoje pus\u0117je turi\u00a0dvejas atidaromas duris\u00a0. Transporto priemon\u0117 taip pat apr\u016bpinta\u00a0trinties pavara;\u00a0tiesiog stumkite duris \u012f priek\u012f, kad ji va\u017eiuot\u0173 pirmyn. \u017daislas skleid\u017eia garsus, o\u00a0transporto\u00a0priemon\u0117s viduje u\u017esidega m\u0117lyna lemput\u0117\u00a0. Jis puikiai tinka vaikams, kurie m\u0117gsta \u017eaisti su \u012fvairiomis transporto priemon\u0117mis.<\/p>\n<p>Rakstur\u012bgs:<\/p>\n<p> \t&#8211; \u017eaislas vaikams\u00a0nuo 3 met\u0173 am\u017eiaus,<br \/>\n \t&#8211; 1:16 mastelio modelis,<br \/>\n \t&#8211;\u00a0trinties pavara \u2013\u00a0tiesiog stumkite \u017eaisl\u0105 \u012f priek\u012f ir jis pajud\u0117s,<br \/>\n \t&#8211; \u0161viesos ir garso\u00a0efektai\u00a0&#8211; \u012fjungiami mygtukais,<br \/>\n \t&#8211;\u00a0automobilio viduje mirksi m\u0117lyna lemput\u0117,\u00a0kol i\u0161 jo sklinda garsas<br \/>\n \t&#8211;\u00a0gumin\u0117s padangos\u00a0,<br \/>\n \t&#8211; atidarant\u00a0automobilio\u00a0priekines\u00a0ir\u00a0vidurines duris naudojant \u201eritin\u0117lius\u201c,<br \/>\n \t&#8211; Reikalingos 3 x\u00a0AG13\/LR44\u00a0baterijos .<\/p>\n<p>Poveikis:<\/p>\n<p> \t&#8211;\u00a0m\u0117lynas mygtukas\u00a0&#8211; veikian\u010dio variklio ir atidarom\u0173 dureli\u0173 garsas,<br \/>\n \t&#8211;\u00a0geltonas mygtukas &#8211;\u00a0\u012fsp\u0117jamasis garsas kitiems eismo dalyviams,<br \/>\n \t&#8211;\u00a0\u017ealias\u00a0mygtukas\u00a0&#8211; signalas transporto priemon\u0117s keleiviams apie kit\u0105 stotel\u0119,<br \/>\n \t&#8211;\u00a0oran\u017einis\u00a0mygtukas\u00a0&#8211; dur\u0173 u\u017edarymo garsas.<\/p>","protected":false},"excerpt":{"rendered":"<p>WOOPIE\u00a0autobusas su \u0161viesomis ir atidaromomis durimis\u00a0vienoje pus\u0117je turi\u00a0dvejas atidaromas duris\u00a0. Transporto priemon\u0117 taip pat apr\u016bpinta\u00a0trinties pavara;\u00a0tiesiog stumkite duris \u012f priek\u012f,<\/p>","protected":false},"featured_media":66707,"template":"","meta":{"_acf_changed":false,"_glsr_average":0,"_glsr_ranking":0,"_glsr_reviews":0},"product_brand":[],"product_cat":[448,229],"product_tag":[],"class_list":{"0":"post-90176","1":"product","2":"type-product","3":"status-publish","4":"has-post-thumbnail","6":"product_cat-automobiliai-ir-transportas","7":"product_cat-zaislai-vaikams","8":"\"style=\"background-color: #2ecc711c;\"","10":"first","11":"instock","12":"purchasable","13":"product-type-simple"},"acf":[],"yoast_head":"<!-- This site is optimized with the Yoast SEO plugin v27.3 - https:\/\/yoast.com\/product\/yoast-seo-wordpress\/ -->\n<title>\ufeff WOOPIE autobusas su \u0161viesomis ir atidaromomis durimis<\/title>\n<meta name=\"description\" content=\"\ufeff WOOPIE autobusas su \u0161viesomis ir atidaromomis durimis - KidsPlay. Did\u017eiausias vaik\u0173 \u017eaisl\u0173 pasirinkimas.\" \/>\n<meta name=\"robots\" content=\"index, follow, max-snippet:-1, max-image-preview:large, max-video-preview:-1\" \/>\n<link rel=\"canonical\" href=\"https:\/\/kidsplay.lt\/lv\/products\/woopie-autobusas-su-sviesomis-ir-atidaromomis-durimis\/\" \/>\n<meta property=\"og:locale\" content=\"lv_LV\" \/>\n<meta property=\"og:type\" content=\"article\" \/>\n<meta property=\"og:title\" content=\"\ufeff WOOPIE autobusas su \u0161viesomis ir atidaromomis durimis\" \/>\n<meta property=\"og:description\" content=\"\ufeff WOOPIE autobusas su \u0161viesomis ir atidaromomis durimis - KidsPlay. Did\u017eiausias vaik\u0173 \u017eaisl\u0173 pasirinkimas.\" \/>\n<meta property=\"og:url\" content=\"https:\/\/kidsplay.lt\/lv\/products\/woopie-autobusas-su-sviesomis-ir-atidaromomis-durimis\/\" \/>\n<meta property=\"og:site_name\" content=\"KidsPlay\" \/>\n<meta property=\"article:publisher\" content=\"https:\/\/www.facebook.com\/www.kidsplay.lt\" \/>\n<meta property=\"article:modified_time\" content=\"2026-04-07T07:52:59+00:00\" \/>\n<meta property=\"og:image\" content=\"https:\/\/kidsplay.lt\/wp-content\/uploads\/2025\/09\/\ufeff-WOOPIE-autobusas-su-sviesomis-ir-atidaromomis-durimis.jpg\" \/>\n\t<meta property=\"og:image:width\" content=\"1000\" \/>\n\t<meta property=\"og:image:height\" content=\"1000\" \/>\n\t<meta property=\"og:image:type\" content=\"image\/jpeg\" \/>\n<meta name=\"twitter:card\" content=\"summary_large_image\" \/>\n<meta name=\"twitter:label1\" content=\"Est. reading time\" \/>\n\t<meta name=\"twitter:data1\" content=\"1 min\u016bte\" \/>\n<script type=\"application\/ld+json\" class=\"yoast-schema-graph\">{\"@context\":\"https:\\\/\\\/schema.org\",\"@graph\":[{\"@type\":\"WebPage\",\"@id\":\"https:\\\/\\\/kidsplay.lt\\\/produktas\\\/woopie-autobusas-su-sviesomis-ir-atidaromomis-durimis\\\/\",\"url\":\"https:\\\/\\\/kidsplay.lt\\\/produktas\\\/woopie-autobusas-su-sviesomis-ir-atidaromomis-durimis\\\/\",\"name\":\"\ufeff WOOPIE autobusas su \u0161viesomis ir atidaromomis durimis\",\"isPartOf\":{\"@id\":\"https:\\\/\\\/kidsplay.lt\\\/#website\"},\"primaryImageOfPage\":{\"@id\":\"https:\\\/\\\/kidsplay.lt\\\/produktas\\\/woopie-autobusas-su-sviesomis-ir-atidaromomis-durimis\\\/#primaryimage\"},\"image\":{\"@id\":\"https:\\\/\\\/kidsplay.lt\\\/produktas\\\/woopie-autobusas-su-sviesomis-ir-atidaromomis-durimis\\\/#primaryimage\"},\"thumbnailUrl\":\"https:\\\/\\\/kidsplay.lt\\\/wp-content\\\/uploads\\\/2025\\\/09\\\/\ufeff-WOOPIE-autobusas-su-sviesomis-ir-atidaromomis-durimis.jpg\",\"datePublished\":\"2026-02-26T07:39:11+00:00\",\"dateModified\":\"2026-04-07T07:52:59+00:00\",\"description\":\"\ufeff WOOPIE autobusas su \u0161viesomis ir atidaromomis durimis - KidsPlay. Did\u017eiausias vaik\u0173 \u017eaisl\u0173 pasirinkimas.\",\"breadcrumb\":{\"@id\":\"https:\\\/\\\/kidsplay.lt\\\/produktas\\\/woopie-autobusas-su-sviesomis-ir-atidaromomis-durimis\\\/#breadcrumb\"},\"inLanguage\":\"lv-LV\",\"potentialAction\":[{\"@type\":\"ReadAction\",\"target\":[\"https:\\\/\\\/kidsplay.lt\\\/produktas\\\/woopie-autobusas-su-sviesomis-ir-atidaromomis-durimis\\\/\"]}]},{\"@type\":\"ImageObject\",\"inLanguage\":\"lv-LV\",\"@id\":\"https:\\\/\\\/kidsplay.lt\\\/produktas\\\/woopie-autobusas-su-sviesomis-ir-atidaromomis-durimis\\\/#primaryimage\",\"url\":\"https:\\\/\\\/kidsplay.lt\\\/wp-content\\\/uploads\\\/2025\\\/09\\\/\ufeff-WOOPIE-autobusas-su-sviesomis-ir-atidaromomis-durimis.jpg\",\"contentUrl\":\"https:\\\/\\\/kidsplay.lt\\\/wp-content\\\/uploads\\\/2025\\\/09\\\/\ufeff-WOOPIE-autobusas-su-sviesomis-ir-atidaromomis-durimis.jpg\",\"width\":1000,\"height\":1000,\"caption\":\"\ufeff WOOPIE autobusas su \u0161viesomis ir atidaromomis durimis\"},{\"@type\":\"BreadcrumbList\",\"@id\":\"https:\\\/\\\/kidsplay.lt\\\/produktas\\\/woopie-autobusas-su-sviesomis-ir-atidaromomis-durimis\\\/#breadcrumb\",\"itemListElement\":[{\"@type\":\"ListItem\",\"position\":1,\"name\":\"Pagrindinis\",\"item\":\"https:\\\/\\\/kidsplay.lt\\\/\"},{\"@type\":\"ListItem\",\"position\":2,\"name\":\"Parduotuv\u0117\",\"item\":\"https:\\\/\\\/kidsplay.lt\\\/parduotuve\\\/\"},{\"@type\":\"ListItem\",\"position\":3,\"name\":\"\ufeff WOOPIE autobusas su \u0161viesomis ir atidaromomis durimis\"}]},{\"@type\":\"WebSite\",\"@id\":\"https:\\\/\\\/kidsplay.lt\\\/#website\",\"url\":\"https:\\\/\\\/kidsplay.lt\\\/\",\"name\":\"Kidsplay.lt\",\"description\":\"\u012evairios prek\u0117s vaikams\",\"publisher\":{\"@id\":\"https:\\\/\\\/kidsplay.lt\\\/#organization\"},\"alternateName\":\"Kidsplay\",\"potentialAction\":[{\"@type\":\"SearchAction\",\"target\":{\"@type\":\"EntryPoint\",\"urlTemplate\":\"https:\\\/\\\/kidsplay.lt\\\/?s={search_term_string}\"},\"query-input\":{\"@type\":\"PropertyValueSpecification\",\"valueRequired\":true,\"valueName\":\"search_term_string\"}}],\"inLanguage\":\"lv-LV\"},{\"@type\":\"Organization\",\"@id\":\"https:\\\/\\\/kidsplay.lt\\\/#organization\",\"name\":\"KidsPlay\",\"url\":\"https:\\\/\\\/kidsplay.lt\\\/\",\"logo\":{\"@type\":\"ImageObject\",\"inLanguage\":\"lv-LV\",\"@id\":\"https:\\\/\\\/kidsplay.lt\\\/#\\\/schema\\\/logo\\\/image\\\/\",\"url\":\"https:\\\/\\\/kidsplay.lt\\\/wp-content\\\/uploads\\\/2023\\\/07\\\/kidsplay-logo.png\",\"contentUrl\":\"https:\\\/\\\/kidsplay.lt\\\/wp-content\\\/uploads\\\/2023\\\/07\\\/kidsplay-logo.png\",\"width\":451,\"height\":98,\"caption\":\"KidsPlay\"},\"image\":{\"@id\":\"https:\\\/\\\/kidsplay.lt\\\/#\\\/schema\\\/logo\\\/image\\\/\"},\"sameAs\":[\"https:\\\/\\\/www.facebook.com\\\/www.kidsplay.lt\"]}]}<\/script>\n<!-- \/ Yoast SEO plugin. -->","yoast_head_json":{"title":"\ufeff WOOPIE autobusas su \u0161viesomis ir atidaromomis durimis","description":"\ufeff WOOPIE autobusas su \u0161viesomis ir atidaromomis durimis - KidsPlay. Did\u017eiausias vaik\u0173 \u017eaisl\u0173 pasirinkimas.","robots":{"index":"index","follow":"follow","max-snippet":"max-snippet:-1","max-image-preview":"max-image-preview:large","max-video-preview":"max-video-preview:-1"},"canonical":"https:\/\/kidsplay.lt\/lv\/products\/woopie-autobusas-su-sviesomis-ir-atidaromomis-durimis\/","og_locale":"lv_LV","og_type":"article","og_title":"\ufeff WOOPIE autobusas su \u0161viesomis ir atidaromomis durimis","og_description":"\ufeff WOOPIE autobusas su \u0161viesomis ir atidaromomis durimis - KidsPlay. Did\u017eiausias vaik\u0173 \u017eaisl\u0173 pasirinkimas.","og_url":"https:\/\/kidsplay.lt\/lv\/products\/woopie-autobusas-su-sviesomis-ir-atidaromomis-durimis\/","og_site_name":"KidsPlay","article_publisher":"https:\/\/www.facebook.com\/www.kidsplay.lt","article_modified_time":"2026-04-07T07:52:59+00:00","og_image":[{"width":1000,"height":1000,"url":"https:\/\/kidsplay.lt\/wp-content\/uploads\/2025\/09\/\ufeff-WOOPIE-autobusas-su-sviesomis-ir-atidaromomis-durimis.jpg","type":"image\/jpeg"}],"twitter_card":"summary_large_image","twitter_misc":{"Est. reading time":"1 min\u016bte"},"schema":{"@context":"https:\/\/schema.org","@graph":[{"@type":"WebPage","@id":"https:\/\/kidsplay.lt\/produktas\/woopie-autobusas-su-sviesomis-ir-atidaromomis-durimis\/","url":"https:\/\/kidsplay.lt\/produktas\/woopie-autobusas-su-sviesomis-ir-atidaromomis-durimis\/","name":"\ufeff WOOPIE autobusas su \u0161viesomis ir atidaromomis durimis","isPartOf":{"@id":"https:\/\/kidsplay.lt\/#website"},"primaryImageOfPage":{"@id":"https:\/\/kidsplay.lt\/produktas\/woopie-autobusas-su-sviesomis-ir-atidaromomis-durimis\/#primaryimage"},"image":{"@id":"https:\/\/kidsplay.lt\/produktas\/woopie-autobusas-su-sviesomis-ir-atidaromomis-durimis\/#primaryimage"},"thumbnailUrl":"https:\/\/kidsplay.lt\/wp-content\/uploads\/2025\/09\/\ufeff-WOOPIE-autobusas-su-sviesomis-ir-atidaromomis-durimis.jpg","datePublished":"2026-02-26T07:39:11+00:00","dateModified":"2026-04-07T07:52:59+00:00","description":"\ufeff WOOPIE autobusas su \u0161viesomis ir atidaromomis durimis - KidsPlay. Did\u017eiausias vaik\u0173 \u017eaisl\u0173 pasirinkimas.","breadcrumb":{"@id":"https:\/\/kidsplay.lt\/produktas\/woopie-autobusas-su-sviesomis-ir-atidaromomis-durimis\/#breadcrumb"},"inLanguage":"lv-LV","potentialAction":[{"@type":"ReadAction","target":["https:\/\/kidsplay.lt\/produktas\/woopie-autobusas-su-sviesomis-ir-atidaromomis-durimis\/"]}]},{"@type":"ImageObject","inLanguage":"lv-LV","@id":"https:\/\/kidsplay.lt\/produktas\/woopie-autobusas-su-sviesomis-ir-atidaromomis-durimis\/#primaryimage","url":"https:\/\/kidsplay.lt\/wp-content\/uploads\/2025\/09\/\ufeff-WOOPIE-autobusas-su-sviesomis-ir-atidaromomis-durimis.jpg","contentUrl":"https:\/\/kidsplay.lt\/wp-content\/uploads\/2025\/09\/\ufeff-WOOPIE-autobusas-su-sviesomis-ir-atidaromomis-durimis.jpg","width":1000,"height":1000,"caption":"\ufeff WOOPIE autobusas su \u0161viesomis ir atidaromomis durimis"},{"@type":"BreadcrumbList","@id":"https:\/\/kidsplay.lt\/produktas\/woopie-autobusas-su-sviesomis-ir-atidaromomis-durimis\/#breadcrumb","itemListElement":[{"@type":"ListItem","position":1,"name":"Pagrindinis","item":"https:\/\/kidsplay.lt\/"},{"@type":"ListItem","position":2,"name":"Parduotuv\u0117","item":"https:\/\/kidsplay.lt\/parduotuve\/"},{"@type":"ListItem","position":3,"name":"\ufeff WOOPIE autobusas su \u0161viesomis ir atidaromomis durimis"}]},{"@type":"WebSite","@id":"https:\/\/kidsplay.lt\/#website","url":"https:\/\/kidsplay.lt\/","name":"B\u0113rnu sp\u0113les.lv","description":"\u012evairios prek\u0117s vaikams","publisher":{"@id":"https:\/\/kidsplay.lt\/#organization"},"alternateName":"Kidsplay","potentialAction":[{"@type":"SearchAction","target":{"@type":"EntryPoint","urlTemplate":"https:\/\/kidsplay.lt\/?s={search_term_string}"},"query-input":{"@type":"PropertyValueSpecification","valueRequired":true,"valueName":"search_term_string"}}],"inLanguage":"lv-LV"},{"@type":"Organization","@id":"https:\/\/kidsplay.lt\/#organization","name":"B\u0113rnu sp\u0113le","url":"https:\/\/kidsplay.lt\/","logo":{"@type":"ImageObject","inLanguage":"lv-LV","@id":"https:\/\/kidsplay.lt\/#\/schema\/logo\/image\/","url":"https:\/\/kidsplay.lt\/wp-content\/uploads\/2023\/07\/kidsplay-logo.png","contentUrl":"https:\/\/kidsplay.lt\/wp-content\/uploads\/2023\/07\/kidsplay-logo.png","width":451,"height":98,"caption":"KidsPlay"},"image":{"@id":"https:\/\/kidsplay.lt\/#\/schema\/logo\/image\/"},"sameAs":["https:\/\/www.facebook.com\/www.kidsplay.lt"]}]}},"_links":{"self":[{"href":"https:\/\/kidsplay.lt\/lv\/wp-json\/wp\/v2\/product\/90176","targetHints":{"allow":["GET"]}}],"collection":[{"href":"https:\/\/kidsplay.lt\/lv\/wp-json\/wp\/v2\/product"}],"about":[{"href":"https:\/\/kidsplay.lt\/lv\/wp-json\/wp\/v2\/types\/product"}],"version-history":[{"count":1,"href":"https:\/\/kidsplay.lt\/lv\/wp-json\/wp\/v2\/product\/90176\/revisions"}],"predecessor-version":[{"id":90177,"href":"https:\/\/kidsplay.lt\/lv\/wp-json\/wp\/v2\/product\/90176\/revisions\/90177"}],"wp:featuredmedia":[{"embeddable":true,"href":"https:\/\/kidsplay.lt\/lv\/wp-json\/wp\/v2\/media\/66707"}],"wp:attachment":[{"href":"https:\/\/kidsplay.lt\/lv\/wp-json\/wp\/v2\/media?parent=90176"}],"wp:term":[{"taxonomy":"product_brand","embeddable":true,"href":"https:\/\/kidsplay.lt\/lv\/wp-json\/wp\/v2\/product_brand?post=90176"},{"taxonomy":"product_cat","embeddable":true,"href":"https:\/\/kidsplay.lt\/lv\/wp-json\/wp\/v2\/product_cat?post=90176"},{"taxonomy":"product_tag","embeddable":true,"href":"https:\/\/kidsplay.lt\/lv\/wp-json\/wp\/v2\/product_tag?post=90176"}],"curies":[{"name":"wp","href":"https:\/\/api.w.org\/{rel}","templated":true}]}}