{"id":90178,"date":"2026-02-26T09:39:14","date_gmt":"2026-02-26T07:39:14","guid":{"rendered":"https:\/\/kidsplay.lt\/produktas\/woopie-mega-statybvietes-5in1-xxl-pasidaryk-pats-varztu-rinkinys\/"},"modified":"2026-04-07T10:53:02","modified_gmt":"2026-04-07T07:53:02","slug":"woopie-mega-statybvietes-5in1-xxl-pasidaryk-pats-varztu-rinkinys","status":"publish","type":"product","link":"https:\/\/kidsplay.lt\/lv\/products\/woopie-mega-statybvietes-5in1-xxl-pasidaryk-pats-varztu-rinkinys\/","title":{"rendered":"WOOPIE Mega b\u016bvlaukuma 5in1 XXL DIY skr\u016bvju komplekts"},"content":{"rendered":"<p>\u201e WOOPIE\u00a0\u201c\u00a0\u201eMega Construction Aire 5-in-1\u201c\u00a0\u2013 tai pilnas rinkinys kiekvienam ekstremali\u0173 transporto priemoni\u0173 gerb\u0117jui! Pramogos apima vienos i\u0161\u00a0penki\u0173 transporto priemoni\u0173 tip\u0173\u00a0surinkim\u0105\u00a0naudojant gr\u0105\u017et\u0105 arba atsuktuv\u0105,\u00a0o tada konstravim\u0105 su daugybe pried\u0173, \u012fskaitant statybininko fig\u016br\u0117l\u0119, keturias mini transporto priemones ir nuolau\u017eas. Rinkinys yra kruop\u0161\u010diai sukurtas iki smulkiausi\u0173 detali\u0173, o dauguma transporto priemon\u0117s komponent\u0173 yra\u00a0kilnojami,\u00a0pavyzd\u017eiui, ekskavatoriaus stogelis. \u201eStatybviet\u0117s su b\u0117giais\u201c re\u017eimu vaikai gali\u00a0paleisti\u00a0vien\u0105 i\u0161 keturi\u0173 mini transporto priemoni\u0173 i\u0161\u00a0paleidimo \u012frenginio,\u00a0esan\u010dio b\u0117gi\u0173 prad\u017eioje. Be\u00a0k\u016brybi\u0161kumo ir vaizduot\u0117s , \u0161is \u017eaislas taip pat lavina vaik\u0173\u00a0smulki\u0105j\u0105 motorik\u0105\u00a0sukant\u00a0ir sukant. Su rinkiniu galima \u017eaisti bet kur, net\u00a0sm\u0117lio d\u0117\u017e\u0117je\u00a0!<\/p>\n<p>Rakstur\u012bgs:<\/p>\n<p> \t&#8211; \u017eaislas\u00a0nuo 3 met\u0173 am\u017eiaus,<br \/>\n \t&#8211;\u00a05 viename rinkinys &#8211;\u00a0transformacija \u012f 5 transporto priemones,<br \/>\n \t&#8211; konstrukcinis rinkinys\u00a0\u012fsukimui\u00a0ir atsukimui,<br \/>\n \t&#8211;\u00a0judantys elementai,<br \/>\n \t&#8211; \u017eaislini\u0173 automobili\u0173\u00a0paleidimo \u012frenginys\u00a0\u012ftrauktas,<br \/>\n \t&#8211; transporto priemon\u0117je gali\u00a0tilpti\u00a04 mini statybin\u0117s technikos,<br \/>\n \t&#8211; lavina vaiko\u00a0rankinius\u00a0\u012fg\u016bd\u017eius\u00a0&#8211;\u00a0smulki\u0105j\u0105 motorik\u0105,<br \/>\n \t&#8211; puikus rinkinys\u00a0\u017eaidimui\u00a0sm\u0117lio d\u0117\u017e\u0117je\u00a0.<\/p>\n<p>Komplekt\u0101 ietilpst:<\/p>\n<p> \t&#8211; transporto priemon\u0117 su surinkimui skirtomis dalimis ir priedais,<br \/>\n \t&#8211; priedai, \u012fskaitant: statybininko fig\u016br\u0117l\u0119, akmenis arba medien\u0105,<br \/>\n \t&#8211; 4 mini transporto priemon\u0117s,<br \/>\n \t&#8211; gr\u0105\u017etas su 2 kei\u010diamais antgaliais,<br \/>\n \t&#8211; atsuktuvas.<\/p>\n<p>5 viename variantai:<\/p>\n<p> \tStatybviet\u0117 su b\u0117giais<br \/>\n \tKranas su rampa<br \/>\n \tEkskavatorius su plaktuku<br \/>\n \tEkskavatorius su griebtuvu<br \/>\n \tEkskavatorius su kibiru<\/p>","protected":false},"excerpt":{"rendered":"<p>\u201e WOOPIE\u00a0\u201c\u00a0\u201eMega Construction Aire 5-in-1\u201c\u00a0\u2013 tai pilnas rinkinys kiekvienam ekstremali\u0173 transporto priemoni\u0173 gerb\u0117jui! Pramogos apima vienos i\u0161\u00a0penki\u0173 transporto priemoni\u0173 tip\u0173\u00a0surinkim\u0105\u00a0naudojant<\/p>","protected":false},"featured_media":62069,"template":"","meta":{"_acf_changed":false,"_glsr_average":0,"_glsr_ranking":0,"_glsr_reviews":0},"product_brand":[],"product_cat":[448,446,229],"product_tag":[],"class_list":{"0":"post-90178","1":"product","2":"type-product","3":"status-publish","4":"has-post-thumbnail","6":"product_cat-automobiliai-ir-transportas","7":"product_cat-konstruktoriai","8":"product_cat-zaislai-vaikams","9":"\"style=\"background-color: #2ecc711c;\"","11":"first","12":"instock","13":"purchasable","14":"product-type-simple"},"acf":[],"yoast_head":"<!-- This site is optimized with the Yoast SEO plugin v27.3 - https:\/\/yoast.com\/product\/yoast-seo-wordpress\/ -->\n<title>WOOPIE Mega statybviet\u0117s 5in1 XXL \u201epasidaryk pats\u201c var\u017et\u0173 rinkinys<\/title>\n<meta name=\"description\" content=\"WOOPIE Mega statybviet\u0117s 5in1 XXL \u201epasidaryk pats\u201c var\u017et\u0173 rinkinys - KidsPlay. Did\u017eiausias vaik\u0173 \u017eaisl\u0173 pasirinkimas.\" \/>\n<meta name=\"robots\" content=\"index, follow, max-snippet:-1, max-image-preview:large, max-video-preview:-1\" \/>\n<link rel=\"canonical\" href=\"https:\/\/kidsplay.lt\/lv\/products\/woopie-mega-statybvietes-5in1-xxl-pasidaryk-pats-varztu-rinkinys\/\" \/>\n<meta property=\"og:locale\" content=\"lv_LV\" \/>\n<meta property=\"og:type\" content=\"article\" \/>\n<meta property=\"og:title\" content=\"WOOPIE Mega statybviet\u0117s 5in1 XXL \u201epasidaryk pats\u201c var\u017et\u0173 rinkinys\" \/>\n<meta property=\"og:description\" content=\"WOOPIE Mega statybviet\u0117s 5in1 XXL \u201epasidaryk pats\u201c var\u017et\u0173 rinkinys - KidsPlay. Did\u017eiausias vaik\u0173 \u017eaisl\u0173 pasirinkimas.\" \/>\n<meta property=\"og:url\" content=\"https:\/\/kidsplay.lt\/lv\/products\/woopie-mega-statybvietes-5in1-xxl-pasidaryk-pats-varztu-rinkinys\/\" \/>\n<meta property=\"og:site_name\" content=\"KidsPlay\" \/>\n<meta property=\"article:publisher\" content=\"https:\/\/www.facebook.com\/www.kidsplay.lt\" \/>\n<meta property=\"article:modified_time\" content=\"2026-04-07T07:53:02+00:00\" \/>\n<meta property=\"og:image\" content=\"https:\/\/kidsplay.lt\/wp-content\/uploads\/2025\/09\/WOOPIE-Mega-statybvietes-5in1-XXL-\u201epasidaryk-pats-varztu-rinkinys.jpg\" \/>\n\t<meta property=\"og:image:width\" content=\"1000\" \/>\n\t<meta property=\"og:image:height\" content=\"1000\" \/>\n\t<meta property=\"og:image:type\" content=\"image\/jpeg\" \/>\n<meta name=\"twitter:card\" content=\"summary_large_image\" \/>\n<meta name=\"twitter:label1\" content=\"Est. reading time\" \/>\n\t<meta name=\"twitter:data1\" content=\"1 min\u016bte\" \/>\n<script type=\"application\/ld+json\" class=\"yoast-schema-graph\">{\"@context\":\"https:\\\/\\\/schema.org\",\"@graph\":[{\"@type\":\"WebPage\",\"@id\":\"https:\\\/\\\/kidsplay.lt\\\/produktas\\\/woopie-mega-statybvietes-5in1-xxl-pasidaryk-pats-varztu-rinkinys\\\/\",\"url\":\"https:\\\/\\\/kidsplay.lt\\\/produktas\\\/woopie-mega-statybvietes-5in1-xxl-pasidaryk-pats-varztu-rinkinys\\\/\",\"name\":\"WOOPIE Mega statybviet\u0117s 5in1 XXL \u201epasidaryk pats\u201c var\u017et\u0173 rinkinys\",\"isPartOf\":{\"@id\":\"https:\\\/\\\/kidsplay.lt\\\/#website\"},\"primaryImageOfPage\":{\"@id\":\"https:\\\/\\\/kidsplay.lt\\\/produktas\\\/woopie-mega-statybvietes-5in1-xxl-pasidaryk-pats-varztu-rinkinys\\\/#primaryimage\"},\"image\":{\"@id\":\"https:\\\/\\\/kidsplay.lt\\\/produktas\\\/woopie-mega-statybvietes-5in1-xxl-pasidaryk-pats-varztu-rinkinys\\\/#primaryimage\"},\"thumbnailUrl\":\"https:\\\/\\\/kidsplay.lt\\\/wp-content\\\/uploads\\\/2025\\\/09\\\/WOOPIE-Mega-statybvietes-5in1-XXL-\u201epasidaryk-pats-varztu-rinkinys.jpg\",\"datePublished\":\"2026-02-26T07:39:14+00:00\",\"dateModified\":\"2026-04-07T07:53:02+00:00\",\"description\":\"WOOPIE Mega statybviet\u0117s 5in1 XXL \u201epasidaryk pats\u201c var\u017et\u0173 rinkinys - KidsPlay. Did\u017eiausias vaik\u0173 \u017eaisl\u0173 pasirinkimas.\",\"breadcrumb\":{\"@id\":\"https:\\\/\\\/kidsplay.lt\\\/produktas\\\/woopie-mega-statybvietes-5in1-xxl-pasidaryk-pats-varztu-rinkinys\\\/#breadcrumb\"},\"inLanguage\":\"lv-LV\",\"potentialAction\":[{\"@type\":\"ReadAction\",\"target\":[\"https:\\\/\\\/kidsplay.lt\\\/produktas\\\/woopie-mega-statybvietes-5in1-xxl-pasidaryk-pats-varztu-rinkinys\\\/\"]}]},{\"@type\":\"ImageObject\",\"inLanguage\":\"lv-LV\",\"@id\":\"https:\\\/\\\/kidsplay.lt\\\/produktas\\\/woopie-mega-statybvietes-5in1-xxl-pasidaryk-pats-varztu-rinkinys\\\/#primaryimage\",\"url\":\"https:\\\/\\\/kidsplay.lt\\\/wp-content\\\/uploads\\\/2025\\\/09\\\/WOOPIE-Mega-statybvietes-5in1-XXL-\u201epasidaryk-pats-varztu-rinkinys.jpg\",\"contentUrl\":\"https:\\\/\\\/kidsplay.lt\\\/wp-content\\\/uploads\\\/2025\\\/09\\\/WOOPIE-Mega-statybvietes-5in1-XXL-\u201epasidaryk-pats-varztu-rinkinys.jpg\",\"width\":1000,\"height\":1000,\"caption\":\"WOOPIE Mega statybviet\u0117s 5in1 XXL \u201epasidaryk pats\u201c var\u017et\u0173 rinkinys\"},{\"@type\":\"BreadcrumbList\",\"@id\":\"https:\\\/\\\/kidsplay.lt\\\/produktas\\\/woopie-mega-statybvietes-5in1-xxl-pasidaryk-pats-varztu-rinkinys\\\/#breadcrumb\",\"itemListElement\":[{\"@type\":\"ListItem\",\"position\":1,\"name\":\"Pagrindinis\",\"item\":\"https:\\\/\\\/kidsplay.lt\\\/\"},{\"@type\":\"ListItem\",\"position\":2,\"name\":\"Parduotuv\u0117\",\"item\":\"https:\\\/\\\/kidsplay.lt\\\/parduotuve\\\/\"},{\"@type\":\"ListItem\",\"position\":3,\"name\":\"WOOPIE Mega statybviet\u0117s 5in1 XXL \u201epasidaryk pats\u201c var\u017et\u0173 rinkinys\"}]},{\"@type\":\"WebSite\",\"@id\":\"https:\\\/\\\/kidsplay.lt\\\/#website\",\"url\":\"https:\\\/\\\/kidsplay.lt\\\/\",\"name\":\"Kidsplay.lt\",\"description\":\"\u012evairios prek\u0117s vaikams\",\"publisher\":{\"@id\":\"https:\\\/\\\/kidsplay.lt\\\/#organization\"},\"alternateName\":\"Kidsplay\",\"potentialAction\":[{\"@type\":\"SearchAction\",\"target\":{\"@type\":\"EntryPoint\",\"urlTemplate\":\"https:\\\/\\\/kidsplay.lt\\\/?s={search_term_string}\"},\"query-input\":{\"@type\":\"PropertyValueSpecification\",\"valueRequired\":true,\"valueName\":\"search_term_string\"}}],\"inLanguage\":\"lv-LV\"},{\"@type\":\"Organization\",\"@id\":\"https:\\\/\\\/kidsplay.lt\\\/#organization\",\"name\":\"KidsPlay\",\"url\":\"https:\\\/\\\/kidsplay.lt\\\/\",\"logo\":{\"@type\":\"ImageObject\",\"inLanguage\":\"lv-LV\",\"@id\":\"https:\\\/\\\/kidsplay.lt\\\/#\\\/schema\\\/logo\\\/image\\\/\",\"url\":\"https:\\\/\\\/kidsplay.lt\\\/wp-content\\\/uploads\\\/2023\\\/07\\\/kidsplay-logo.png\",\"contentUrl\":\"https:\\\/\\\/kidsplay.lt\\\/wp-content\\\/uploads\\\/2023\\\/07\\\/kidsplay-logo.png\",\"width\":451,\"height\":98,\"caption\":\"KidsPlay\"},\"image\":{\"@id\":\"https:\\\/\\\/kidsplay.lt\\\/#\\\/schema\\\/logo\\\/image\\\/\"},\"sameAs\":[\"https:\\\/\\\/www.facebook.com\\\/www.kidsplay.lt\"]}]}<\/script>\n<!-- \/ Yoast SEO plugin. -->","yoast_head_json":{"title":"WOOPIE Mega b\u016bvlaukuma 5in1 XXL DIY skr\u016bvju komplekts","description":"WOOPIE Mega statybviet\u0117s 5in1 XXL \u201epasidaryk pats\u201c var\u017et\u0173 rinkinys - KidsPlay. Did\u017eiausias vaik\u0173 \u017eaisl\u0173 pasirinkimas.","robots":{"index":"index","follow":"follow","max-snippet":"max-snippet:-1","max-image-preview":"max-image-preview:large","max-video-preview":"max-video-preview:-1"},"canonical":"https:\/\/kidsplay.lt\/lv\/products\/woopie-mega-statybvietes-5in1-xxl-pasidaryk-pats-varztu-rinkinys\/","og_locale":"lv_LV","og_type":"article","og_title":"WOOPIE Mega statybviet\u0117s 5in1 XXL \u201epasidaryk pats\u201c var\u017et\u0173 rinkinys","og_description":"WOOPIE Mega statybviet\u0117s 5in1 XXL \u201epasidaryk pats\u201c var\u017et\u0173 rinkinys - KidsPlay. Did\u017eiausias vaik\u0173 \u017eaisl\u0173 pasirinkimas.","og_url":"https:\/\/kidsplay.lt\/lv\/products\/woopie-mega-statybvietes-5in1-xxl-pasidaryk-pats-varztu-rinkinys\/","og_site_name":"KidsPlay","article_publisher":"https:\/\/www.facebook.com\/www.kidsplay.lt","article_modified_time":"2026-04-07T07:53:02+00:00","og_image":[{"width":1000,"height":1000,"url":"https:\/\/kidsplay.lt\/wp-content\/uploads\/2025\/09\/WOOPIE-Mega-statybvietes-5in1-XXL-\u201epasidaryk-pats-varztu-rinkinys.jpg","type":"image\/jpeg"}],"twitter_card":"summary_large_image","twitter_misc":{"Est. reading time":"1 min\u016bte"},"schema":{"@context":"https:\/\/schema.org","@graph":[{"@type":"WebPage","@id":"https:\/\/kidsplay.lt\/produktas\/woopie-mega-statybvietes-5in1-xxl-pasidaryk-pats-varztu-rinkinys\/","url":"https:\/\/kidsplay.lt\/produktas\/woopie-mega-statybvietes-5in1-xxl-pasidaryk-pats-varztu-rinkinys\/","name":"WOOPIE Mega b\u016bvlaukuma 5in1 XXL DIY skr\u016bvju komplekts","isPartOf":{"@id":"https:\/\/kidsplay.lt\/#website"},"primaryImageOfPage":{"@id":"https:\/\/kidsplay.lt\/produktas\/woopie-mega-statybvietes-5in1-xxl-pasidaryk-pats-varztu-rinkinys\/#primaryimage"},"image":{"@id":"https:\/\/kidsplay.lt\/produktas\/woopie-mega-statybvietes-5in1-xxl-pasidaryk-pats-varztu-rinkinys\/#primaryimage"},"thumbnailUrl":"https:\/\/kidsplay.lt\/wp-content\/uploads\/2025\/09\/WOOPIE-Mega-statybvietes-5in1-XXL-\u201epasidaryk-pats-varztu-rinkinys.jpg","datePublished":"2026-02-26T07:39:14+00:00","dateModified":"2026-04-07T07:53:02+00:00","description":"WOOPIE Mega statybviet\u0117s 5in1 XXL \u201epasidaryk pats\u201c var\u017et\u0173 rinkinys - KidsPlay. Did\u017eiausias vaik\u0173 \u017eaisl\u0173 pasirinkimas.","breadcrumb":{"@id":"https:\/\/kidsplay.lt\/produktas\/woopie-mega-statybvietes-5in1-xxl-pasidaryk-pats-varztu-rinkinys\/#breadcrumb"},"inLanguage":"lv-LV","potentialAction":[{"@type":"ReadAction","target":["https:\/\/kidsplay.lt\/produktas\/woopie-mega-statybvietes-5in1-xxl-pasidaryk-pats-varztu-rinkinys\/"]}]},{"@type":"ImageObject","inLanguage":"lv-LV","@id":"https:\/\/kidsplay.lt\/produktas\/woopie-mega-statybvietes-5in1-xxl-pasidaryk-pats-varztu-rinkinys\/#primaryimage","url":"https:\/\/kidsplay.lt\/wp-content\/uploads\/2025\/09\/WOOPIE-Mega-statybvietes-5in1-XXL-\u201epasidaryk-pats-varztu-rinkinys.jpg","contentUrl":"https:\/\/kidsplay.lt\/wp-content\/uploads\/2025\/09\/WOOPIE-Mega-statybvietes-5in1-XXL-\u201epasidaryk-pats-varztu-rinkinys.jpg","width":1000,"height":1000,"caption":"WOOPIE Mega statybviet\u0117s 5in1 XXL \u201epasidaryk pats\u201c var\u017et\u0173 rinkinys"},{"@type":"BreadcrumbList","@id":"https:\/\/kidsplay.lt\/produktas\/woopie-mega-statybvietes-5in1-xxl-pasidaryk-pats-varztu-rinkinys\/#breadcrumb","itemListElement":[{"@type":"ListItem","position":1,"name":"Pagrindinis","item":"https:\/\/kidsplay.lt\/"},{"@type":"ListItem","position":2,"name":"Parduotuv\u0117","item":"https:\/\/kidsplay.lt\/parduotuve\/"},{"@type":"ListItem","position":3,"name":"WOOPIE Mega statybviet\u0117s 5in1 XXL \u201epasidaryk pats\u201c var\u017et\u0173 rinkinys"}]},{"@type":"WebSite","@id":"https:\/\/kidsplay.lt\/#website","url":"https:\/\/kidsplay.lt\/","name":"B\u0113rnu sp\u0113les.lv","description":"\u012evairios prek\u0117s vaikams","publisher":{"@id":"https:\/\/kidsplay.lt\/#organization"},"alternateName":"Kidsplay","potentialAction":[{"@type":"SearchAction","target":{"@type":"EntryPoint","urlTemplate":"https:\/\/kidsplay.lt\/?s={search_term_string}"},"query-input":{"@type":"PropertyValueSpecification","valueRequired":true,"valueName":"search_term_string"}}],"inLanguage":"lv-LV"},{"@type":"Organization","@id":"https:\/\/kidsplay.lt\/#organization","name":"B\u0113rnu sp\u0113le","url":"https:\/\/kidsplay.lt\/","logo":{"@type":"ImageObject","inLanguage":"lv-LV","@id":"https:\/\/kidsplay.lt\/#\/schema\/logo\/image\/","url":"https:\/\/kidsplay.lt\/wp-content\/uploads\/2023\/07\/kidsplay-logo.png","contentUrl":"https:\/\/kidsplay.lt\/wp-content\/uploads\/2023\/07\/kidsplay-logo.png","width":451,"height":98,"caption":"KidsPlay"},"image":{"@id":"https:\/\/kidsplay.lt\/#\/schema\/logo\/image\/"},"sameAs":["https:\/\/www.facebook.com\/www.kidsplay.lt"]}]}},"_links":{"self":[{"href":"https:\/\/kidsplay.lt\/lv\/wp-json\/wp\/v2\/product\/90178","targetHints":{"allow":["GET"]}}],"collection":[{"href":"https:\/\/kidsplay.lt\/lv\/wp-json\/wp\/v2\/product"}],"about":[{"href":"https:\/\/kidsplay.lt\/lv\/wp-json\/wp\/v2\/types\/product"}],"version-history":[{"count":1,"href":"https:\/\/kidsplay.lt\/lv\/wp-json\/wp\/v2\/product\/90178\/revisions"}],"predecessor-version":[{"id":90179,"href":"https:\/\/kidsplay.lt\/lv\/wp-json\/wp\/v2\/product\/90178\/revisions\/90179"}],"wp:featuredmedia":[{"embeddable":true,"href":"https:\/\/kidsplay.lt\/lv\/wp-json\/wp\/v2\/media\/62069"}],"wp:attachment":[{"href":"https:\/\/kidsplay.lt\/lv\/wp-json\/wp\/v2\/media?parent=90178"}],"wp:term":[{"taxonomy":"product_brand","embeddable":true,"href":"https:\/\/kidsplay.lt\/lv\/wp-json\/wp\/v2\/product_brand?post=90178"},{"taxonomy":"product_cat","embeddable":true,"href":"https:\/\/kidsplay.lt\/lv\/wp-json\/wp\/v2\/product_cat?post=90178"},{"taxonomy":"product_tag","embeddable":true,"href":"https:\/\/kidsplay.lt\/lv\/wp-json\/wp\/v2\/product_tag?post=90178"}],"curies":[{"name":"wp","href":"https:\/\/api.w.org\/{rel}","templated":true}]}}