{"id":90184,"date":"2026-02-26T09:39:23","date_gmt":"2026-02-26T07:39:23","guid":{"rendered":"https:\/\/kidsplay.lt\/produktas\/woopie-green-sensorines-atminties-formu-delione-fsc\/"},"modified":"2026-03-23T09:05:04","modified_gmt":"2026-03-23T07:05:04","slug":"woopie-green-sensorines-atminties-formu-delione-fsc","status":"publish","type":"product","link":"https:\/\/kidsplay.lt\/lv\/products\/woopie-green-sensorines-atminties-formu-delione-fsc\/","title":{"rendered":"WOOPIE GREEN Sensorin\u0117s atminties form\u0173 d\u0117lion\u0117 FSC"},"content":{"rendered":"<p>Paliesk ir rask\u00a0\u201eWoopie Green\u201c \u2013 sensorinis \u017eaidimas visai \u0161eimai!<\/p>\n<p>\u0160is unikalus\u00a0stalo \u017eaidimas\u00a0yra\u00a0labai smagus ir puikiai padeda lavinti vaik\u0173 motorinius \u012fg\u016bd\u017eius.\u00a0D\u0117l unikali\u0173 sensorini\u0173 i\u0161\u0161\u016bki\u0173 vaikai mokosi lavinti lyt\u0117jimo poj\u016bt\u012f, gerindami aki\u0173 ir rank\u0173 koordinacij\u0105 bei susikaupim\u0105.\u00a0M\u0117gaukit\u0117s laiku kartu , lavindami\u00a0sensorinius ir k\u016brybinius\u00a0\u012fg\u016bd\u017eius\u00a0bei tuo pa\u010diu metu mokydamiesi \u012fvairi\u0173 dalyk\u0173. \u0160is \u017eaidimas \u2013 puiki proga praleisti nepamir\u0161tam\u0173 akimirk\u0173 su \u0161eima!<\/p>\n<p>\u017daidimo taisykl\u0117s paprastos\u00a0: kiekvienas \u017eaid\u0117jas, pasitelkdamas tik lyt\u0117jimo poj\u016bt\u012f, turi drobiniame mai\u0161elyje rasti tinkam\u0105 medin\u012f daikt\u0105. Pasirinkimas i\u0161 \u012fvairi\u0173 form\u0173, toki\u0173 kaip gyv\u016bnai, vaisiai ar transporto priemon\u0117s, leid\u017eia pritaikyti sud\u0117tingumo lyg\u012f pagal \u017eaid\u0117j\u0173 am\u017ei\u0173 ir \u012fg\u016bd\u017eius, tod\u0117l \u017eaidimas yra ir\u00a0lavinantis\u00a0, ir\u00a0\u012fdomus\u00a0!<\/p>\n<p>Rakstur\u012bgs:<\/p>\n<p> \t&#8211; \u017daislas vaikams\u00a0nuo 3 met\u0173 am\u017eiaus<br \/>\n \t&#8211;\u00a0Rinkin\u012f sudaro 33 detal\u0117s\u00a0&#8211; 16 medini\u0173 kalad\u0117li\u0173, 16 d\u0117lioni\u0173 su paveiksl\u0117liais ir med\u017eiaginis mai\u0161elis<br \/>\n \t&#8211; Puikiai tinka pramogoms kelyje<br \/>\n \t&#8211; \u017daislas padeda mokytis pagal\u00a0STEAM model\u012f<\/p>\n<p>S\u00a0&#8211; mokslas<br \/>\nT\u00a0&#8211; technologijos<br \/>\nE\u00a0&#8211; in\u017einerija<br \/>\nA\u00a0&#8211; menas<br \/>\nM\u00a0&#8211; matematika<\/p>\n<p>Rota\u013clieta att\u012bst\u0101s:<\/p>\n<p> \t&#8211; Lyt\u0117jimo poj\u016btis \u2013 daikt\u0173 paie\u0161ka krep\u0161yje lavina sensorin\u012f jautrum\u0105 ir rank\u0173 \u012fg\u016bd\u017eius, o tai turi \u012ftakos judesi\u0173 tikslumui.<br \/>\n \t&#8211; Susikaupimas \u2013 vaikai mokosi kantryb\u0117s, tikslaus objekt\u0173 derinimo ir susikaupimo atliekant u\u017eduot\u012f.<br \/>\n \t&#8211; Socialiniai \u012fg\u016bd\u017eiai \u2013 \u017eaidimas lavina bendravimo ir bendradarbiavimo \u012fg\u016bd\u017eius, idealiai tinka \u017eaisti kartu su \u0161eima.<\/p>","protected":false},"excerpt":{"rendered":"<p>Paliesk ir rask\u00a0\u201eWoopie Green\u201c \u2013 sensorinis \u017eaidimas visai \u0161eimai! \u0160is unikalus\u00a0stalo \u017eaidimas\u00a0yra\u00a0labai smagus ir puikiai padeda lavinti vaik\u0173 motorinius \u012fg\u016bd\u017eius.\u00a0D\u0117l<\/p>","protected":false},"featured_media":66735,"template":"","meta":{"_acf_changed":false,"_glsr_average":0,"_glsr_ranking":0,"_glsr_reviews":0},"product_brand":[],"product_cat":[884,883],"product_tag":[],"class_list":{"0":"post-90184","1":"product","2":"type-product","3":"status-publish","4":"has-post-thumbnail","6":"product_cat-edukaciniai-lavinamieji-mediniai-zaislai","7":"product_cat-mediniai-zaislai-2","8":"\"style=\"background-color: #2ecc711c;\"","10":"first","11":"outofstock","12":"purchasable","13":"product-type-simple"},"acf":[],"yoast_head":"<!-- This site is optimized with the Yoast SEO plugin v27.4 - https:\/\/yoast.com\/product\/yoast-seo-wordpress\/ -->\n<title>WOOPIE GREEN Sensorin\u0117s atminties form\u0173 d\u0117lion\u0117 FSC<\/title>\n<meta name=\"description\" content=\"WOOPIE GREEN Sensorin\u0117s atminties form\u0173 d\u0117lion\u0117 FSC - KidsPlay. Did\u017eiausias vaik\u0173 \u017eaisl\u0173 pasirinkimas.\" \/>\n<meta name=\"robots\" content=\"index, follow, max-snippet:-1, max-image-preview:large, max-video-preview:-1\" \/>\n<link rel=\"canonical\" href=\"https:\/\/kidsplay.lt\/lv\/products\/woopie-green-sensorines-atminties-formu-delione-fsc\/\" \/>\n<meta property=\"og:locale\" content=\"lv_LV\" \/>\n<meta property=\"og:type\" content=\"article\" \/>\n<meta property=\"og:title\" content=\"WOOPIE GREEN Sensorin\u0117s atminties form\u0173 d\u0117lion\u0117 FSC\" \/>\n<meta property=\"og:description\" content=\"WOOPIE GREEN Sensorin\u0117s atminties form\u0173 d\u0117lion\u0117 FSC - KidsPlay. Did\u017eiausias vaik\u0173 \u017eaisl\u0173 pasirinkimas.\" \/>\n<meta property=\"og:url\" content=\"https:\/\/kidsplay.lt\/lv\/products\/woopie-green-sensorines-atminties-formu-delione-fsc\/\" \/>\n<meta property=\"og:site_name\" content=\"KidsPlay\" \/>\n<meta property=\"article:publisher\" content=\"https:\/\/www.facebook.com\/www.kidsplay.lt\" \/>\n<meta property=\"article:modified_time\" content=\"2026-03-23T07:05:04+00:00\" \/>\n<meta property=\"og:image\" content=\"https:\/\/kidsplay.lt\/wp-content\/uploads\/2025\/09\/WOOPIE-GREEN-Sensorines-atminties-formu-delione-FSC.jpg\" \/>\n\t<meta property=\"og:image:width\" content=\"1000\" \/>\n\t<meta property=\"og:image:height\" content=\"1000\" \/>\n\t<meta property=\"og:image:type\" content=\"image\/jpeg\" \/>\n<meta name=\"twitter:card\" content=\"summary_large_image\" \/>\n<meta name=\"twitter:label1\" content=\"Est. reading time\" \/>\n\t<meta name=\"twitter:data1\" content=\"1 min\u016bte\" \/>\n<script type=\"application\/ld+json\" class=\"yoast-schema-graph\">{\"@context\":\"https:\\\/\\\/schema.org\",\"@graph\":[{\"@type\":\"WebPage\",\"@id\":\"https:\\\/\\\/kidsplay.lt\\\/produktas\\\/woopie-green-sensorines-atminties-formu-delione-fsc\\\/\",\"url\":\"https:\\\/\\\/kidsplay.lt\\\/produktas\\\/woopie-green-sensorines-atminties-formu-delione-fsc\\\/\",\"name\":\"WOOPIE GREEN Sensorin\u0117s atminties form\u0173 d\u0117lion\u0117 FSC\",\"isPartOf\":{\"@id\":\"https:\\\/\\\/kidsplay.lt\\\/#website\"},\"primaryImageOfPage\":{\"@id\":\"https:\\\/\\\/kidsplay.lt\\\/produktas\\\/woopie-green-sensorines-atminties-formu-delione-fsc\\\/#primaryimage\"},\"image\":{\"@id\":\"https:\\\/\\\/kidsplay.lt\\\/produktas\\\/woopie-green-sensorines-atminties-formu-delione-fsc\\\/#primaryimage\"},\"thumbnailUrl\":\"https:\\\/\\\/kidsplay.lt\\\/wp-content\\\/uploads\\\/2025\\\/09\\\/WOOPIE-GREEN-Sensorines-atminties-formu-delione-FSC.jpg\",\"datePublished\":\"2026-02-26T07:39:23+00:00\",\"dateModified\":\"2026-03-23T07:05:04+00:00\",\"description\":\"WOOPIE GREEN Sensorin\u0117s atminties form\u0173 d\u0117lion\u0117 FSC - KidsPlay. Did\u017eiausias vaik\u0173 \u017eaisl\u0173 pasirinkimas.\",\"breadcrumb\":{\"@id\":\"https:\\\/\\\/kidsplay.lt\\\/produktas\\\/woopie-green-sensorines-atminties-formu-delione-fsc\\\/#breadcrumb\"},\"inLanguage\":\"lv-LV\",\"potentialAction\":[{\"@type\":\"ReadAction\",\"target\":[\"https:\\\/\\\/kidsplay.lt\\\/produktas\\\/woopie-green-sensorines-atminties-formu-delione-fsc\\\/\"]}]},{\"@type\":\"ImageObject\",\"inLanguage\":\"lv-LV\",\"@id\":\"https:\\\/\\\/kidsplay.lt\\\/produktas\\\/woopie-green-sensorines-atminties-formu-delione-fsc\\\/#primaryimage\",\"url\":\"https:\\\/\\\/kidsplay.lt\\\/wp-content\\\/uploads\\\/2025\\\/09\\\/WOOPIE-GREEN-Sensorines-atminties-formu-delione-FSC.jpg\",\"contentUrl\":\"https:\\\/\\\/kidsplay.lt\\\/wp-content\\\/uploads\\\/2025\\\/09\\\/WOOPIE-GREEN-Sensorines-atminties-formu-delione-FSC.jpg\",\"width\":1000,\"height\":1000,\"caption\":\"WOOPIE GREEN Sensorin\u0117s atminties form\u0173 d\u0117lion\u0117 FSC\"},{\"@type\":\"BreadcrumbList\",\"@id\":\"https:\\\/\\\/kidsplay.lt\\\/produktas\\\/woopie-green-sensorines-atminties-formu-delione-fsc\\\/#breadcrumb\",\"itemListElement\":[{\"@type\":\"ListItem\",\"position\":1,\"name\":\"Pagrindinis\",\"item\":\"https:\\\/\\\/kidsplay.lt\\\/\"},{\"@type\":\"ListItem\",\"position\":2,\"name\":\"Parduotuv\u0117\",\"item\":\"https:\\\/\\\/kidsplay.lt\\\/parduotuve\\\/\"},{\"@type\":\"ListItem\",\"position\":3,\"name\":\"WOOPIE GREEN Sensorin\u0117s atminties form\u0173 d\u0117lion\u0117 FSC\"}]},{\"@type\":\"WebSite\",\"@id\":\"https:\\\/\\\/kidsplay.lt\\\/#website\",\"url\":\"https:\\\/\\\/kidsplay.lt\\\/\",\"name\":\"Kidsplay.lt\",\"description\":\"\u012evairios prek\u0117s vaikams\",\"publisher\":{\"@id\":\"https:\\\/\\\/kidsplay.lt\\\/#organization\"},\"alternateName\":\"Kidsplay\",\"potentialAction\":[{\"@type\":\"SearchAction\",\"target\":{\"@type\":\"EntryPoint\",\"urlTemplate\":\"https:\\\/\\\/kidsplay.lt\\\/?s={search_term_string}\"},\"query-input\":{\"@type\":\"PropertyValueSpecification\",\"valueRequired\":true,\"valueName\":\"search_term_string\"}}],\"inLanguage\":\"lv-LV\"},{\"@type\":\"Organization\",\"@id\":\"https:\\\/\\\/kidsplay.lt\\\/#organization\",\"name\":\"KidsPlay\",\"url\":\"https:\\\/\\\/kidsplay.lt\\\/\",\"logo\":{\"@type\":\"ImageObject\",\"inLanguage\":\"lv-LV\",\"@id\":\"https:\\\/\\\/kidsplay.lt\\\/#\\\/schema\\\/logo\\\/image\\\/\",\"url\":\"https:\\\/\\\/kidsplay.lt\\\/wp-content\\\/uploads\\\/2023\\\/07\\\/kidsplay-logo.png\",\"contentUrl\":\"https:\\\/\\\/kidsplay.lt\\\/wp-content\\\/uploads\\\/2023\\\/07\\\/kidsplay-logo.png\",\"width\":451,\"height\":98,\"caption\":\"KidsPlay\"},\"image\":{\"@id\":\"https:\\\/\\\/kidsplay.lt\\\/#\\\/schema\\\/logo\\\/image\\\/\"},\"sameAs\":[\"https:\\\/\\\/www.facebook.com\\\/www.kidsplay.lt\"]}]}<\/script>\n<!-- \/ Yoast SEO plugin. -->","yoast_head_json":{"title":"WOOPIE GREEN Sensorin\u0117s atminties form\u0173 d\u0117lion\u0117 FSC","description":"WOOPIE GREEN Sensorin\u0117s atminties form\u0173 d\u0117lion\u0117 FSC - KidsPlay. Did\u017eiausias vaik\u0173 \u017eaisl\u0173 pasirinkimas.","robots":{"index":"index","follow":"follow","max-snippet":"max-snippet:-1","max-image-preview":"max-image-preview:large","max-video-preview":"max-video-preview:-1"},"canonical":"https:\/\/kidsplay.lt\/lv\/products\/woopie-green-sensorines-atminties-formu-delione-fsc\/","og_locale":"lv_LV","og_type":"article","og_title":"WOOPIE GREEN Sensorin\u0117s atminties form\u0173 d\u0117lion\u0117 FSC","og_description":"WOOPIE GREEN Sensorin\u0117s atminties form\u0173 d\u0117lion\u0117 FSC - KidsPlay. Did\u017eiausias vaik\u0173 \u017eaisl\u0173 pasirinkimas.","og_url":"https:\/\/kidsplay.lt\/lv\/products\/woopie-green-sensorines-atminties-formu-delione-fsc\/","og_site_name":"KidsPlay","article_publisher":"https:\/\/www.facebook.com\/www.kidsplay.lt","article_modified_time":"2026-03-23T07:05:04+00:00","og_image":[{"width":1000,"height":1000,"url":"https:\/\/kidsplay.lt\/wp-content\/uploads\/2025\/09\/WOOPIE-GREEN-Sensorines-atminties-formu-delione-FSC.jpg","type":"image\/jpeg"}],"twitter_card":"summary_large_image","twitter_misc":{"Est. reading time":"1 min\u016bte"},"schema":{"@context":"https:\/\/schema.org","@graph":[{"@type":"WebPage","@id":"https:\/\/kidsplay.lt\/produktas\/woopie-green-sensorines-atminties-formu-delione-fsc\/","url":"https:\/\/kidsplay.lt\/produktas\/woopie-green-sensorines-atminties-formu-delione-fsc\/","name":"WOOPIE GREEN Sensorin\u0117s atminties form\u0173 d\u0117lion\u0117 FSC","isPartOf":{"@id":"https:\/\/kidsplay.lt\/#website"},"primaryImageOfPage":{"@id":"https:\/\/kidsplay.lt\/produktas\/woopie-green-sensorines-atminties-formu-delione-fsc\/#primaryimage"},"image":{"@id":"https:\/\/kidsplay.lt\/produktas\/woopie-green-sensorines-atminties-formu-delione-fsc\/#primaryimage"},"thumbnailUrl":"https:\/\/kidsplay.lt\/wp-content\/uploads\/2025\/09\/WOOPIE-GREEN-Sensorines-atminties-formu-delione-FSC.jpg","datePublished":"2026-02-26T07:39:23+00:00","dateModified":"2026-03-23T07:05:04+00:00","description":"WOOPIE GREEN Sensorin\u0117s atminties form\u0173 d\u0117lion\u0117 FSC - KidsPlay. Did\u017eiausias vaik\u0173 \u017eaisl\u0173 pasirinkimas.","breadcrumb":{"@id":"https:\/\/kidsplay.lt\/produktas\/woopie-green-sensorines-atminties-formu-delione-fsc\/#breadcrumb"},"inLanguage":"lv-LV","potentialAction":[{"@type":"ReadAction","target":["https:\/\/kidsplay.lt\/produktas\/woopie-green-sensorines-atminties-formu-delione-fsc\/"]}]},{"@type":"ImageObject","inLanguage":"lv-LV","@id":"https:\/\/kidsplay.lt\/produktas\/woopie-green-sensorines-atminties-formu-delione-fsc\/#primaryimage","url":"https:\/\/kidsplay.lt\/wp-content\/uploads\/2025\/09\/WOOPIE-GREEN-Sensorines-atminties-formu-delione-FSC.jpg","contentUrl":"https:\/\/kidsplay.lt\/wp-content\/uploads\/2025\/09\/WOOPIE-GREEN-Sensorines-atminties-formu-delione-FSC.jpg","width":1000,"height":1000,"caption":"WOOPIE GREEN Sensorin\u0117s atminties form\u0173 d\u0117lion\u0117 FSC"},{"@type":"BreadcrumbList","@id":"https:\/\/kidsplay.lt\/produktas\/woopie-green-sensorines-atminties-formu-delione-fsc\/#breadcrumb","itemListElement":[{"@type":"ListItem","position":1,"name":"Pagrindinis","item":"https:\/\/kidsplay.lt\/"},{"@type":"ListItem","position":2,"name":"Parduotuv\u0117","item":"https:\/\/kidsplay.lt\/parduotuve\/"},{"@type":"ListItem","position":3,"name":"WOOPIE GREEN Sensorin\u0117s atminties form\u0173 d\u0117lion\u0117 FSC"}]},{"@type":"WebSite","@id":"https:\/\/kidsplay.lt\/#website","url":"https:\/\/kidsplay.lt\/","name":"B\u0113rnu sp\u0113les.lv","description":"\u012evairios prek\u0117s vaikams","publisher":{"@id":"https:\/\/kidsplay.lt\/#organization"},"alternateName":"Kidsplay","potentialAction":[{"@type":"SearchAction","target":{"@type":"EntryPoint","urlTemplate":"https:\/\/kidsplay.lt\/?s={search_term_string}"},"query-input":{"@type":"PropertyValueSpecification","valueRequired":true,"valueName":"search_term_string"}}],"inLanguage":"lv-LV"},{"@type":"Organization","@id":"https:\/\/kidsplay.lt\/#organization","name":"B\u0113rnu sp\u0113le","url":"https:\/\/kidsplay.lt\/","logo":{"@type":"ImageObject","inLanguage":"lv-LV","@id":"https:\/\/kidsplay.lt\/#\/schema\/logo\/image\/","url":"https:\/\/kidsplay.lt\/wp-content\/uploads\/2023\/07\/kidsplay-logo.png","contentUrl":"https:\/\/kidsplay.lt\/wp-content\/uploads\/2023\/07\/kidsplay-logo.png","width":451,"height":98,"caption":"KidsPlay"},"image":{"@id":"https:\/\/kidsplay.lt\/#\/schema\/logo\/image\/"},"sameAs":["https:\/\/www.facebook.com\/www.kidsplay.lt"]}]}},"_links":{"self":[{"href":"https:\/\/kidsplay.lt\/lv\/wp-json\/wp\/v2\/product\/90184","targetHints":{"allow":["GET"]}}],"collection":[{"href":"https:\/\/kidsplay.lt\/lv\/wp-json\/wp\/v2\/product"}],"about":[{"href":"https:\/\/kidsplay.lt\/lv\/wp-json\/wp\/v2\/types\/product"}],"version-history":[{"count":1,"href":"https:\/\/kidsplay.lt\/lv\/wp-json\/wp\/v2\/product\/90184\/revisions"}],"predecessor-version":[{"id":90185,"href":"https:\/\/kidsplay.lt\/lv\/wp-json\/wp\/v2\/product\/90184\/revisions\/90185"}],"wp:featuredmedia":[{"embeddable":true,"href":"https:\/\/kidsplay.lt\/lv\/wp-json\/wp\/v2\/media\/66735"}],"wp:attachment":[{"href":"https:\/\/kidsplay.lt\/lv\/wp-json\/wp\/v2\/media?parent=90184"}],"wp:term":[{"taxonomy":"product_brand","embeddable":true,"href":"https:\/\/kidsplay.lt\/lv\/wp-json\/wp\/v2\/product_brand?post=90184"},{"taxonomy":"product_cat","embeddable":true,"href":"https:\/\/kidsplay.lt\/lv\/wp-json\/wp\/v2\/product_cat?post=90184"},{"taxonomy":"product_tag","embeddable":true,"href":"https:\/\/kidsplay.lt\/lv\/wp-json\/wp\/v2\/product_tag?post=90184"}],"curies":[{"name":"wp","href":"https:\/\/api.w.org\/{rel}","templated":true}]}}