{"id":90188,"date":"2026-02-26T09:39:29","date_gmt":"2026-02-26T07:39:29","guid":{"rendered":"https:\/\/kidsplay.lt\/produktas\/woopie-parduotuve-restoranas-greitas-maistas\/"},"modified":"2026-04-07T10:53:09","modified_gmt":"2026-04-07T07:53:09","slug":"woopie-parduotuve-restoranas-greitas-maistas","status":"publish","type":"product","link":"https:\/\/kidsplay.lt\/lv\/products\/woopie-parduotuve-restoranas-greitas-maistas\/","title":{"rendered":"WOOPIE parduotuv\u0117, restoranas, greitas maistas"},"content":{"rendered":"<p>WOOPIE mini\u00a0m\u0117saini\u0173\u00a0parduotuv\u0117\u00a0\u201eBIG BURGER\u201c\u00a0\u2013 tai fantasti\u0161kas \u017eaidim\u0173 rinkinys.\u00a0Klientai gali patiekti\u00a0savo m\u0117gstamiausius patiekalus\u00a0tiesiai i\u0161 ap\u0161viesto prekystalio!\u00a0Jame yra\u00a0ekranas su mygtukais\u00a0, kuriuos paspaudus suveikia\u00a0garso efektai! \u012e\u00a0dozatori\u0173 ir\u00a0\u012f specialiai tam skirtus puodelius su \u0161iaudeliais galite pilti vanden\u012f\u00a0. \u0160is rinkinys lavina\u00a0rank\u0173 \u012fg\u016bd\u017eius, vaizduot\u0119, k\u016brybi\u0161kum\u0105 ir savaranki\u0161k\u0105 m\u0105stym\u0105.<\/p>\n<p>Rakstur\u012bgs:<\/p>\n<p> \t&#8211;\u00a0rinkinys vaikams nuo\u00a03 met\u0173 am\u017eiaus<br \/>\n \t&#8211; turi\u00a025 elementus<br \/>\n \t&#8211; paspaudus mygtuk\u0105 ekrane,\u00a0rinkinys angl\u0173 kalba atkuria paveiksl\u0117lyje esan\u010dio produkto pavadinim\u0105<br \/>\n \t&#8211; komplekte yra\u00a0g\u0117rim\u0173 dozatorius,\u00a0\u012f kur\u012f galite pilti vanden\u012f<br \/>\n \t&#8211; rinkiniui reikalingos baterijos: 2 x 1,5 V &#8222;AAA&#8221; (\u012f komplekt\u0105 ne\u012feina)<br \/>\n \t&#8211;\u00a0ap\u0161viestas prekystalis.<\/p>\n<p>Komplekt\u0101 ietilpst:<\/p>\n<p> \t&#8211; m\u0117sainiai<br \/>\n \t&#8211; sumu\u0161tiniai<br \/>\n \t&#8211; bulvyt\u0117s fri<br \/>\n \t&#8211; 2 sprag\u0117siai<br \/>\n \t&#8211; puodeliai su \u0161iaudeliais<br \/>\n \t&#8211; pad\u0117klai patiekalams patiekti<br \/>\n \t&#8211; ekranas<br \/>\n \t&#8211; g\u0117rim\u0173 dozatorius<br \/>\n \t&#8211; monetos ir mok\u0117jimo kortel\u0117s<\/p>","protected":false},"excerpt":{"rendered":"<p>WOOPIE mini\u00a0m\u0117saini\u0173\u00a0parduotuv\u0117\u00a0\u201eBIG BURGER\u201c\u00a0\u2013 tai fantasti\u0161kas \u017eaidim\u0173 rinkinys.\u00a0Klientai gali patiekti\u00a0savo m\u0117gstamiausius patiekalus\u00a0tiesiai i\u0161 ap\u0161viesto prekystalio!\u00a0Jame yra\u00a0ekranas su mygtukais\u00a0, kuriuos paspaudus suveikia\u00a0garso<\/p>","protected":false},"featured_media":62098,"template":"","meta":{"_acf_changed":false,"_glsr_average":0,"_glsr_ranking":0,"_glsr_reviews":0},"product_brand":[],"product_cat":[399,282],"product_tag":[],"class_list":{"0":"post-90188","1":"product","2":"type-product","3":"status-publish","4":"has-post-thumbnail","6":"product_cat-vaidmenu-zaidimai-2","7":"product_cat-virtuves-reikmenys-vaidmenu-zaidimai","8":"\"style=\"background-color: #2ecc711c;\"","10":"first","11":"instock","12":"purchasable","13":"product-type-simple"},"acf":[],"yoast_head":"<!-- This site is optimized with the Yoast SEO plugin v27.3 - https:\/\/yoast.com\/product\/yoast-seo-wordpress\/ -->\n<title>WOOPIE parduotuv\u0117, restoranas, greitas maistas<\/title>\n<meta name=\"description\" content=\"WOOPIE parduotuv\u0117, restoranas, greitas maistas - KidsPlay. Did\u017eiausias vaik\u0173 \u017eaisl\u0173 pasirinkimas.\" \/>\n<meta name=\"robots\" content=\"index, follow, max-snippet:-1, max-image-preview:large, max-video-preview:-1\" \/>\n<link rel=\"canonical\" href=\"https:\/\/kidsplay.lt\/lv\/products\/woopie-parduotuve-restoranas-greitas-maistas\/\" \/>\n<meta property=\"og:locale\" content=\"lv_LV\" \/>\n<meta property=\"og:type\" content=\"article\" \/>\n<meta property=\"og:title\" content=\"WOOPIE parduotuv\u0117, restoranas, greitas maistas\" \/>\n<meta property=\"og:description\" content=\"WOOPIE parduotuv\u0117, restoranas, greitas maistas - KidsPlay. Did\u017eiausias vaik\u0173 \u017eaisl\u0173 pasirinkimas.\" \/>\n<meta property=\"og:url\" content=\"https:\/\/kidsplay.lt\/lv\/products\/woopie-parduotuve-restoranas-greitas-maistas\/\" \/>\n<meta property=\"og:site_name\" content=\"KidsPlay\" \/>\n<meta property=\"article:publisher\" content=\"https:\/\/www.facebook.com\/www.kidsplay.lt\" \/>\n<meta property=\"article:modified_time\" content=\"2026-04-07T07:53:09+00:00\" \/>\n<meta property=\"og:image\" content=\"https:\/\/kidsplay.lt\/wp-content\/uploads\/2025\/09\/WOOPIE-parduotuve-restoranas-greitas-maistas.jpg\" \/>\n\t<meta property=\"og:image:width\" content=\"1000\" \/>\n\t<meta property=\"og:image:height\" content=\"1000\" \/>\n\t<meta property=\"og:image:type\" content=\"image\/jpeg\" \/>\n<meta name=\"twitter:card\" content=\"summary_large_image\" \/>\n<meta name=\"twitter:label1\" content=\"Est. reading time\" \/>\n\t<meta name=\"twitter:data1\" content=\"1 min\u016bte\" \/>\n<script type=\"application\/ld+json\" class=\"yoast-schema-graph\">{\"@context\":\"https:\\\/\\\/schema.org\",\"@graph\":[{\"@type\":\"WebPage\",\"@id\":\"https:\\\/\\\/kidsplay.lt\\\/produktas\\\/woopie-parduotuve-restoranas-greitas-maistas\\\/\",\"url\":\"https:\\\/\\\/kidsplay.lt\\\/produktas\\\/woopie-parduotuve-restoranas-greitas-maistas\\\/\",\"name\":\"WOOPIE parduotuv\u0117, restoranas, greitas maistas\",\"isPartOf\":{\"@id\":\"https:\\\/\\\/kidsplay.lt\\\/#website\"},\"primaryImageOfPage\":{\"@id\":\"https:\\\/\\\/kidsplay.lt\\\/produktas\\\/woopie-parduotuve-restoranas-greitas-maistas\\\/#primaryimage\"},\"image\":{\"@id\":\"https:\\\/\\\/kidsplay.lt\\\/produktas\\\/woopie-parduotuve-restoranas-greitas-maistas\\\/#primaryimage\"},\"thumbnailUrl\":\"https:\\\/\\\/kidsplay.lt\\\/wp-content\\\/uploads\\\/2025\\\/09\\\/WOOPIE-parduotuve-restoranas-greitas-maistas.jpg\",\"datePublished\":\"2026-02-26T07:39:29+00:00\",\"dateModified\":\"2026-04-07T07:53:09+00:00\",\"description\":\"WOOPIE parduotuv\u0117, restoranas, greitas maistas - KidsPlay. Did\u017eiausias vaik\u0173 \u017eaisl\u0173 pasirinkimas.\",\"breadcrumb\":{\"@id\":\"https:\\\/\\\/kidsplay.lt\\\/produktas\\\/woopie-parduotuve-restoranas-greitas-maistas\\\/#breadcrumb\"},\"inLanguage\":\"lv-LV\",\"potentialAction\":[{\"@type\":\"ReadAction\",\"target\":[\"https:\\\/\\\/kidsplay.lt\\\/produktas\\\/woopie-parduotuve-restoranas-greitas-maistas\\\/\"]}]},{\"@type\":\"ImageObject\",\"inLanguage\":\"lv-LV\",\"@id\":\"https:\\\/\\\/kidsplay.lt\\\/produktas\\\/woopie-parduotuve-restoranas-greitas-maistas\\\/#primaryimage\",\"url\":\"https:\\\/\\\/kidsplay.lt\\\/wp-content\\\/uploads\\\/2025\\\/09\\\/WOOPIE-parduotuve-restoranas-greitas-maistas.jpg\",\"contentUrl\":\"https:\\\/\\\/kidsplay.lt\\\/wp-content\\\/uploads\\\/2025\\\/09\\\/WOOPIE-parduotuve-restoranas-greitas-maistas.jpg\",\"width\":1000,\"height\":1000,\"caption\":\"WOOPIE parduotuv\u0117\"},{\"@type\":\"BreadcrumbList\",\"@id\":\"https:\\\/\\\/kidsplay.lt\\\/produktas\\\/woopie-parduotuve-restoranas-greitas-maistas\\\/#breadcrumb\",\"itemListElement\":[{\"@type\":\"ListItem\",\"position\":1,\"name\":\"Pagrindinis\",\"item\":\"https:\\\/\\\/kidsplay.lt\\\/\"},{\"@type\":\"ListItem\",\"position\":2,\"name\":\"Parduotuv\u0117\",\"item\":\"https:\\\/\\\/kidsplay.lt\\\/parduotuve\\\/\"},{\"@type\":\"ListItem\",\"position\":3,\"name\":\"WOOPIE parduotuv\u0117, restoranas, greitas maistas\"}]},{\"@type\":\"WebSite\",\"@id\":\"https:\\\/\\\/kidsplay.lt\\\/#website\",\"url\":\"https:\\\/\\\/kidsplay.lt\\\/\",\"name\":\"Kidsplay.lt\",\"description\":\"\u012evairios prek\u0117s vaikams\",\"publisher\":{\"@id\":\"https:\\\/\\\/kidsplay.lt\\\/#organization\"},\"alternateName\":\"Kidsplay\",\"potentialAction\":[{\"@type\":\"SearchAction\",\"target\":{\"@type\":\"EntryPoint\",\"urlTemplate\":\"https:\\\/\\\/kidsplay.lt\\\/?s={search_term_string}\"},\"query-input\":{\"@type\":\"PropertyValueSpecification\",\"valueRequired\":true,\"valueName\":\"search_term_string\"}}],\"inLanguage\":\"lv-LV\"},{\"@type\":\"Organization\",\"@id\":\"https:\\\/\\\/kidsplay.lt\\\/#organization\",\"name\":\"KidsPlay\",\"url\":\"https:\\\/\\\/kidsplay.lt\\\/\",\"logo\":{\"@type\":\"ImageObject\",\"inLanguage\":\"lv-LV\",\"@id\":\"https:\\\/\\\/kidsplay.lt\\\/#\\\/schema\\\/logo\\\/image\\\/\",\"url\":\"https:\\\/\\\/kidsplay.lt\\\/wp-content\\\/uploads\\\/2023\\\/07\\\/kidsplay-logo.png\",\"contentUrl\":\"https:\\\/\\\/kidsplay.lt\\\/wp-content\\\/uploads\\\/2023\\\/07\\\/kidsplay-logo.png\",\"width\":451,\"height\":98,\"caption\":\"KidsPlay\"},\"image\":{\"@id\":\"https:\\\/\\\/kidsplay.lt\\\/#\\\/schema\\\/logo\\\/image\\\/\"},\"sameAs\":[\"https:\\\/\\\/www.facebook.com\\\/www.kidsplay.lt\"]}]}<\/script>\n<!-- \/ Yoast SEO plugin. -->","yoast_head_json":{"title":"WOOPIE parduotuv\u0117, restoranas, greitas maistas","description":"WOOPIE parduotuv\u0117, restoranas, greitas maistas - KidsPlay. Did\u017eiausias vaik\u0173 \u017eaisl\u0173 pasirinkimas.","robots":{"index":"index","follow":"follow","max-snippet":"max-snippet:-1","max-image-preview":"max-image-preview:large","max-video-preview":"max-video-preview:-1"},"canonical":"https:\/\/kidsplay.lt\/lv\/products\/woopie-parduotuve-restoranas-greitas-maistas\/","og_locale":"lv_LV","og_type":"article","og_title":"WOOPIE parduotuv\u0117, restoranas, greitas maistas","og_description":"WOOPIE parduotuv\u0117, restoranas, greitas maistas - KidsPlay. Did\u017eiausias vaik\u0173 \u017eaisl\u0173 pasirinkimas.","og_url":"https:\/\/kidsplay.lt\/lv\/products\/woopie-parduotuve-restoranas-greitas-maistas\/","og_site_name":"KidsPlay","article_publisher":"https:\/\/www.facebook.com\/www.kidsplay.lt","article_modified_time":"2026-04-07T07:53:09+00:00","og_image":[{"width":1000,"height":1000,"url":"https:\/\/kidsplay.lt\/wp-content\/uploads\/2025\/09\/WOOPIE-parduotuve-restoranas-greitas-maistas.jpg","type":"image\/jpeg"}],"twitter_card":"summary_large_image","twitter_misc":{"Est. reading time":"1 min\u016bte"},"schema":{"@context":"https:\/\/schema.org","@graph":[{"@type":"WebPage","@id":"https:\/\/kidsplay.lt\/produktas\/woopie-parduotuve-restoranas-greitas-maistas\/","url":"https:\/\/kidsplay.lt\/produktas\/woopie-parduotuve-restoranas-greitas-maistas\/","name":"WOOPIE parduotuv\u0117, restoranas, greitas maistas","isPartOf":{"@id":"https:\/\/kidsplay.lt\/#website"},"primaryImageOfPage":{"@id":"https:\/\/kidsplay.lt\/produktas\/woopie-parduotuve-restoranas-greitas-maistas\/#primaryimage"},"image":{"@id":"https:\/\/kidsplay.lt\/produktas\/woopie-parduotuve-restoranas-greitas-maistas\/#primaryimage"},"thumbnailUrl":"https:\/\/kidsplay.lt\/wp-content\/uploads\/2025\/09\/WOOPIE-parduotuve-restoranas-greitas-maistas.jpg","datePublished":"2026-02-26T07:39:29+00:00","dateModified":"2026-04-07T07:53:09+00:00","description":"WOOPIE parduotuv\u0117, restoranas, greitas maistas - KidsPlay. Did\u017eiausias vaik\u0173 \u017eaisl\u0173 pasirinkimas.","breadcrumb":{"@id":"https:\/\/kidsplay.lt\/produktas\/woopie-parduotuve-restoranas-greitas-maistas\/#breadcrumb"},"inLanguage":"lv-LV","potentialAction":[{"@type":"ReadAction","target":["https:\/\/kidsplay.lt\/produktas\/woopie-parduotuve-restoranas-greitas-maistas\/"]}]},{"@type":"ImageObject","inLanguage":"lv-LV","@id":"https:\/\/kidsplay.lt\/produktas\/woopie-parduotuve-restoranas-greitas-maistas\/#primaryimage","url":"https:\/\/kidsplay.lt\/wp-content\/uploads\/2025\/09\/WOOPIE-parduotuve-restoranas-greitas-maistas.jpg","contentUrl":"https:\/\/kidsplay.lt\/wp-content\/uploads\/2025\/09\/WOOPIE-parduotuve-restoranas-greitas-maistas.jpg","width":1000,"height":1000,"caption":"WOOPIE parduotuv\u0117"},{"@type":"BreadcrumbList","@id":"https:\/\/kidsplay.lt\/produktas\/woopie-parduotuve-restoranas-greitas-maistas\/#breadcrumb","itemListElement":[{"@type":"ListItem","position":1,"name":"Pagrindinis","item":"https:\/\/kidsplay.lt\/"},{"@type":"ListItem","position":2,"name":"Parduotuv\u0117","item":"https:\/\/kidsplay.lt\/parduotuve\/"},{"@type":"ListItem","position":3,"name":"WOOPIE parduotuv\u0117, restoranas, greitas maistas"}]},{"@type":"WebSite","@id":"https:\/\/kidsplay.lt\/#website","url":"https:\/\/kidsplay.lt\/","name":"B\u0113rnu sp\u0113les.lv","description":"\u012evairios prek\u0117s vaikams","publisher":{"@id":"https:\/\/kidsplay.lt\/#organization"},"alternateName":"Kidsplay","potentialAction":[{"@type":"SearchAction","target":{"@type":"EntryPoint","urlTemplate":"https:\/\/kidsplay.lt\/?s={search_term_string}"},"query-input":{"@type":"PropertyValueSpecification","valueRequired":true,"valueName":"search_term_string"}}],"inLanguage":"lv-LV"},{"@type":"Organization","@id":"https:\/\/kidsplay.lt\/#organization","name":"B\u0113rnu sp\u0113le","url":"https:\/\/kidsplay.lt\/","logo":{"@type":"ImageObject","inLanguage":"lv-LV","@id":"https:\/\/kidsplay.lt\/#\/schema\/logo\/image\/","url":"https:\/\/kidsplay.lt\/wp-content\/uploads\/2023\/07\/kidsplay-logo.png","contentUrl":"https:\/\/kidsplay.lt\/wp-content\/uploads\/2023\/07\/kidsplay-logo.png","width":451,"height":98,"caption":"KidsPlay"},"image":{"@id":"https:\/\/kidsplay.lt\/#\/schema\/logo\/image\/"},"sameAs":["https:\/\/www.facebook.com\/www.kidsplay.lt"]}]}},"_links":{"self":[{"href":"https:\/\/kidsplay.lt\/lv\/wp-json\/wp\/v2\/product\/90188","targetHints":{"allow":["GET"]}}],"collection":[{"href":"https:\/\/kidsplay.lt\/lv\/wp-json\/wp\/v2\/product"}],"about":[{"href":"https:\/\/kidsplay.lt\/lv\/wp-json\/wp\/v2\/types\/product"}],"version-history":[{"count":1,"href":"https:\/\/kidsplay.lt\/lv\/wp-json\/wp\/v2\/product\/90188\/revisions"}],"predecessor-version":[{"id":90189,"href":"https:\/\/kidsplay.lt\/lv\/wp-json\/wp\/v2\/product\/90188\/revisions\/90189"}],"wp:featuredmedia":[{"embeddable":true,"href":"https:\/\/kidsplay.lt\/lv\/wp-json\/wp\/v2\/media\/62098"}],"wp:attachment":[{"href":"https:\/\/kidsplay.lt\/lv\/wp-json\/wp\/v2\/media?parent=90188"}],"wp:term":[{"taxonomy":"product_brand","embeddable":true,"href":"https:\/\/kidsplay.lt\/lv\/wp-json\/wp\/v2\/product_brand?post=90188"},{"taxonomy":"product_cat","embeddable":true,"href":"https:\/\/kidsplay.lt\/lv\/wp-json\/wp\/v2\/product_cat?post=90188"},{"taxonomy":"product_tag","embeddable":true,"href":"https:\/\/kidsplay.lt\/lv\/wp-json\/wp\/v2\/product_tag?post=90188"}],"curies":[{"name":"wp","href":"https:\/\/api.w.org\/{rel}","templated":true}]}}