{"id":90190,"date":"2026-02-26T09:39:32","date_gmt":"2026-02-26T07:39:32","guid":{"rendered":"https:\/\/kidsplay.lt\/produktas\/woopie-parduotuves-prekybos-centro-kasos-aparatas-42-vnt\/"},"modified":"2026-04-13T15:17:01","modified_gmt":"2026-04-13T12:17:01","slug":"woopie-parduotuves-prekybos-centro-kasos-aparatas-42-vnt","status":"publish","type":"product","link":"https:\/\/kidsplay.lt\/lv\/products\/woopie-parduotuves-prekybos-centro-kasos-aparatas-42-vnt\/","title":{"rendered":"WOOPIE veikala lielveikala kases apar\u0101ts, 42 gab."},"content":{"rendered":"<p>WOOPIE\u00a0prekybos centras\u00a0\u2013\u00a0puiki pramoga ma\u017eiesiems pirk\u0117jams! Vaikai gali aptarnauti klientus, sverti produktus ir naudotis skaitytuvu. \u017daidimas apsipirkin\u0117jant padeda lavinti k\u016brybi\u0161kum\u0105, vaizduot\u0119, rank\u0173 \u012fg\u016bd\u017eius ir savaranki\u0161k\u0105 m\u0105stym\u0105.\u00a0Tai puikus b\u016bdas apsipirkti kartu ir smagiai praleisti laik\u0105!<\/p>\n<p>Rakstur\u012bgs:<\/p>\n<p> \t&#8211; rinkinys vaikams nuo 3 met\u0173 am\u017eiaus<br \/>\n \t&#8211; yra 42 elementai<br \/>\n \t&#8211; skaitytuvas skleid\u017eia garsus nuskaitydamas gaminius<br \/>\n \t&#8211; turi \u017enyples produktams patiekti nuo prekystalio<\/p>\n<p>Komplekt\u0101 ietilpst:<\/p>\n<p> \t&#8211; prekybos centras<br \/>\n \t&#8211; parduotuv\u0117s svarstykl\u0117s<br \/>\n \t&#8211; br\u016bk\u0161nini\u0173 kod\u0173 skaitytuvas<br \/>\n \t&#8211; popieriniai pinigai<br \/>\n \t&#8211; monetos<br \/>\n \t&#8211; maisto produktai (vaisiai, dar\u017eov\u0117s, g\u0117rimai ir kt.)<\/p>","protected":false},"excerpt":{"rendered":"<p>WOOPIE\u00a0prekybos centras\u00a0\u2013\u00a0puiki pramoga ma\u017eiesiems pirk\u0117jams! Vaikai gali aptarnauti klientus, sverti produktus ir naudotis skaitytuvu. \u017daidimas apsipirkin\u0117jant padeda lavinti k\u016brybi\u0161kum\u0105, vaizduot\u0119,<\/p>","protected":false},"featured_media":66769,"template":"","meta":{"_acf_changed":false,"_glsr_average":0,"_glsr_ranking":0,"_glsr_reviews":0},"product_brand":[],"product_cat":[893,399],"product_tag":[],"class_list":{"0":"post-90190","1":"product","2":"type-product","3":"status-publish","4":"has-post-thumbnail","6":"product_cat-parduotuves","7":"product_cat-vaidmenu-zaidimai-2","8":"\"style=\"background-color: #2ecc711c;\"","10":"first","11":"instock","12":"purchasable","13":"product-type-simple"},"acf":[],"yoast_head":"<!-- This site is optimized with the Yoast SEO plugin v27.4 - https:\/\/yoast.com\/product\/yoast-seo-wordpress\/ -->\n<title>WOOPIE parduotuv\u0117s prekybos centro kasos aparatas, 42 vnt.<\/title>\n<meta name=\"description\" content=\"WOOPIE parduotuv\u0117s prekybos centro kasos aparatas, 42 vnt. - KidsPlay. Did\u017eiausias vaik\u0173 \u017eaisl\u0173 pasirinkimas.\" \/>\n<meta name=\"robots\" content=\"index, follow, max-snippet:-1, max-image-preview:large, max-video-preview:-1\" \/>\n<link rel=\"canonical\" href=\"https:\/\/kidsplay.lt\/lv\/products\/woopie-parduotuves-prekybos-centro-kasos-aparatas-42-vnt\/\" \/>\n<meta property=\"og:locale\" content=\"lv_LV\" \/>\n<meta property=\"og:type\" content=\"article\" \/>\n<meta property=\"og:title\" content=\"WOOPIE parduotuv\u0117s prekybos centro kasos aparatas, 42 vnt.\" \/>\n<meta property=\"og:description\" content=\"WOOPIE parduotuv\u0117s prekybos centro kasos aparatas, 42 vnt. - KidsPlay. Did\u017eiausias vaik\u0173 \u017eaisl\u0173 pasirinkimas.\" \/>\n<meta property=\"og:url\" content=\"https:\/\/kidsplay.lt\/lv\/products\/woopie-parduotuves-prekybos-centro-kasos-aparatas-42-vnt\/\" \/>\n<meta property=\"og:site_name\" content=\"KidsPlay\" \/>\n<meta property=\"article:publisher\" content=\"https:\/\/www.facebook.com\/www.kidsplay.lt\" \/>\n<meta property=\"article:modified_time\" content=\"2026-04-13T12:17:01+00:00\" \/>\n<meta property=\"og:image\" content=\"https:\/\/kidsplay.lt\/wp-content\/uploads\/2025\/09\/WOOPIE-parduotuves-prekybos-centro-kasos-aparatas-42-vnt.jpg\" \/>\n\t<meta property=\"og:image:width\" content=\"1000\" \/>\n\t<meta property=\"og:image:height\" content=\"1000\" \/>\n\t<meta property=\"og:image:type\" content=\"image\/jpeg\" \/>\n<meta name=\"twitter:card\" content=\"summary_large_image\" \/>\n<meta name=\"twitter:label1\" content=\"Est. reading time\" \/>\n\t<meta name=\"twitter:data1\" content=\"1 min\u016bte\" \/>\n<script type=\"application\/ld+json\" class=\"yoast-schema-graph\">{\"@context\":\"https:\\\/\\\/schema.org\",\"@graph\":[{\"@type\":\"WebPage\",\"@id\":\"https:\\\/\\\/kidsplay.lt\\\/produktas\\\/woopie-parduotuves-prekybos-centro-kasos-aparatas-42-vnt\\\/\",\"url\":\"https:\\\/\\\/kidsplay.lt\\\/produktas\\\/woopie-parduotuves-prekybos-centro-kasos-aparatas-42-vnt\\\/\",\"name\":\"WOOPIE parduotuv\u0117s prekybos centro kasos aparatas, 42 vnt.\",\"isPartOf\":{\"@id\":\"https:\\\/\\\/kidsplay.lt\\\/#website\"},\"primaryImageOfPage\":{\"@id\":\"https:\\\/\\\/kidsplay.lt\\\/produktas\\\/woopie-parduotuves-prekybos-centro-kasos-aparatas-42-vnt\\\/#primaryimage\"},\"image\":{\"@id\":\"https:\\\/\\\/kidsplay.lt\\\/produktas\\\/woopie-parduotuves-prekybos-centro-kasos-aparatas-42-vnt\\\/#primaryimage\"},\"thumbnailUrl\":\"https:\\\/\\\/kidsplay.lt\\\/wp-content\\\/uploads\\\/2025\\\/09\\\/WOOPIE-parduotuves-prekybos-centro-kasos-aparatas-42-vnt.jpg\",\"datePublished\":\"2026-02-26T07:39:32+00:00\",\"dateModified\":\"2026-04-13T12:17:01+00:00\",\"description\":\"WOOPIE parduotuv\u0117s prekybos centro kasos aparatas, 42 vnt. - KidsPlay. Did\u017eiausias vaik\u0173 \u017eaisl\u0173 pasirinkimas.\",\"breadcrumb\":{\"@id\":\"https:\\\/\\\/kidsplay.lt\\\/produktas\\\/woopie-parduotuves-prekybos-centro-kasos-aparatas-42-vnt\\\/#breadcrumb\"},\"inLanguage\":\"lv-LV\",\"potentialAction\":[{\"@type\":\"ReadAction\",\"target\":[\"https:\\\/\\\/kidsplay.lt\\\/produktas\\\/woopie-parduotuves-prekybos-centro-kasos-aparatas-42-vnt\\\/\"]}]},{\"@type\":\"ImageObject\",\"inLanguage\":\"lv-LV\",\"@id\":\"https:\\\/\\\/kidsplay.lt\\\/produktas\\\/woopie-parduotuves-prekybos-centro-kasos-aparatas-42-vnt\\\/#primaryimage\",\"url\":\"https:\\\/\\\/kidsplay.lt\\\/wp-content\\\/uploads\\\/2025\\\/09\\\/WOOPIE-parduotuves-prekybos-centro-kasos-aparatas-42-vnt.jpg\",\"contentUrl\":\"https:\\\/\\\/kidsplay.lt\\\/wp-content\\\/uploads\\\/2025\\\/09\\\/WOOPIE-parduotuves-prekybos-centro-kasos-aparatas-42-vnt.jpg\",\"width\":1000,\"height\":1000,\"caption\":\"WOOPIE parduotuv\u0117s prekybos centro kasos aparatas\"},{\"@type\":\"BreadcrumbList\",\"@id\":\"https:\\\/\\\/kidsplay.lt\\\/produktas\\\/woopie-parduotuves-prekybos-centro-kasos-aparatas-42-vnt\\\/#breadcrumb\",\"itemListElement\":[{\"@type\":\"ListItem\",\"position\":1,\"name\":\"Pagrindinis\",\"item\":\"https:\\\/\\\/kidsplay.lt\\\/\"},{\"@type\":\"ListItem\",\"position\":2,\"name\":\"Parduotuv\u0117\",\"item\":\"https:\\\/\\\/kidsplay.lt\\\/parduotuve\\\/\"},{\"@type\":\"ListItem\",\"position\":3,\"name\":\"WOOPIE parduotuv\u0117s prekybos centro kasos aparatas, 42 vnt.\"}]},{\"@type\":\"WebSite\",\"@id\":\"https:\\\/\\\/kidsplay.lt\\\/#website\",\"url\":\"https:\\\/\\\/kidsplay.lt\\\/\",\"name\":\"Kidsplay.lt\",\"description\":\"\u012evairios prek\u0117s vaikams\",\"publisher\":{\"@id\":\"https:\\\/\\\/kidsplay.lt\\\/#organization\"},\"alternateName\":\"Kidsplay\",\"potentialAction\":[{\"@type\":\"SearchAction\",\"target\":{\"@type\":\"EntryPoint\",\"urlTemplate\":\"https:\\\/\\\/kidsplay.lt\\\/?s={search_term_string}\"},\"query-input\":{\"@type\":\"PropertyValueSpecification\",\"valueRequired\":true,\"valueName\":\"search_term_string\"}}],\"inLanguage\":\"lv-LV\"},{\"@type\":\"Organization\",\"@id\":\"https:\\\/\\\/kidsplay.lt\\\/#organization\",\"name\":\"KidsPlay\",\"url\":\"https:\\\/\\\/kidsplay.lt\\\/\",\"logo\":{\"@type\":\"ImageObject\",\"inLanguage\":\"lv-LV\",\"@id\":\"https:\\\/\\\/kidsplay.lt\\\/#\\\/schema\\\/logo\\\/image\\\/\",\"url\":\"https:\\\/\\\/kidsplay.lt\\\/wp-content\\\/uploads\\\/2023\\\/07\\\/kidsplay-logo.png\",\"contentUrl\":\"https:\\\/\\\/kidsplay.lt\\\/wp-content\\\/uploads\\\/2023\\\/07\\\/kidsplay-logo.png\",\"width\":451,\"height\":98,\"caption\":\"KidsPlay\"},\"image\":{\"@id\":\"https:\\\/\\\/kidsplay.lt\\\/#\\\/schema\\\/logo\\\/image\\\/\"},\"sameAs\":[\"https:\\\/\\\/www.facebook.com\\\/www.kidsplay.lt\"]}]}<\/script>\n<!-- \/ Yoast SEO plugin. -->","yoast_head_json":{"title":"WOOPIE veikala lielveikala kases apar\u0101ts, 42 gab.","description":"WOOPIE parduotuv\u0117s prekybos centro kasos aparatas, 42 vnt. - KidsPlay. Did\u017eiausias vaik\u0173 \u017eaisl\u0173 pasirinkimas.","robots":{"index":"index","follow":"follow","max-snippet":"max-snippet:-1","max-image-preview":"max-image-preview:large","max-video-preview":"max-video-preview:-1"},"canonical":"https:\/\/kidsplay.lt\/lv\/products\/woopie-parduotuves-prekybos-centro-kasos-aparatas-42-vnt\/","og_locale":"lv_LV","og_type":"article","og_title":"WOOPIE parduotuv\u0117s prekybos centro kasos aparatas, 42 vnt.","og_description":"WOOPIE parduotuv\u0117s prekybos centro kasos aparatas, 42 vnt. - KidsPlay. Did\u017eiausias vaik\u0173 \u017eaisl\u0173 pasirinkimas.","og_url":"https:\/\/kidsplay.lt\/lv\/products\/woopie-parduotuves-prekybos-centro-kasos-aparatas-42-vnt\/","og_site_name":"KidsPlay","article_publisher":"https:\/\/www.facebook.com\/www.kidsplay.lt","article_modified_time":"2026-04-13T12:17:01+00:00","og_image":[{"width":1000,"height":1000,"url":"https:\/\/kidsplay.lt\/wp-content\/uploads\/2025\/09\/WOOPIE-parduotuves-prekybos-centro-kasos-aparatas-42-vnt.jpg","type":"image\/jpeg"}],"twitter_card":"summary_large_image","twitter_misc":{"Est. reading time":"1 min\u016bte"},"schema":{"@context":"https:\/\/schema.org","@graph":[{"@type":"WebPage","@id":"https:\/\/kidsplay.lt\/produktas\/woopie-parduotuves-prekybos-centro-kasos-aparatas-42-vnt\/","url":"https:\/\/kidsplay.lt\/produktas\/woopie-parduotuves-prekybos-centro-kasos-aparatas-42-vnt\/","name":"WOOPIE veikala lielveikala kases apar\u0101ts, 42 gab.","isPartOf":{"@id":"https:\/\/kidsplay.lt\/#website"},"primaryImageOfPage":{"@id":"https:\/\/kidsplay.lt\/produktas\/woopie-parduotuves-prekybos-centro-kasos-aparatas-42-vnt\/#primaryimage"},"image":{"@id":"https:\/\/kidsplay.lt\/produktas\/woopie-parduotuves-prekybos-centro-kasos-aparatas-42-vnt\/#primaryimage"},"thumbnailUrl":"https:\/\/kidsplay.lt\/wp-content\/uploads\/2025\/09\/WOOPIE-parduotuves-prekybos-centro-kasos-aparatas-42-vnt.jpg","datePublished":"2026-02-26T07:39:32+00:00","dateModified":"2026-04-13T12:17:01+00:00","description":"WOOPIE parduotuv\u0117s prekybos centro kasos aparatas, 42 vnt. - KidsPlay. Did\u017eiausias vaik\u0173 \u017eaisl\u0173 pasirinkimas.","breadcrumb":{"@id":"https:\/\/kidsplay.lt\/produktas\/woopie-parduotuves-prekybos-centro-kasos-aparatas-42-vnt\/#breadcrumb"},"inLanguage":"lv-LV","potentialAction":[{"@type":"ReadAction","target":["https:\/\/kidsplay.lt\/produktas\/woopie-parduotuves-prekybos-centro-kasos-aparatas-42-vnt\/"]}]},{"@type":"ImageObject","inLanguage":"lv-LV","@id":"https:\/\/kidsplay.lt\/produktas\/woopie-parduotuves-prekybos-centro-kasos-aparatas-42-vnt\/#primaryimage","url":"https:\/\/kidsplay.lt\/wp-content\/uploads\/2025\/09\/WOOPIE-parduotuves-prekybos-centro-kasos-aparatas-42-vnt.jpg","contentUrl":"https:\/\/kidsplay.lt\/wp-content\/uploads\/2025\/09\/WOOPIE-parduotuves-prekybos-centro-kasos-aparatas-42-vnt.jpg","width":1000,"height":1000,"caption":"WOOPIE parduotuv\u0117s prekybos centro kasos aparatas"},{"@type":"BreadcrumbList","@id":"https:\/\/kidsplay.lt\/produktas\/woopie-parduotuves-prekybos-centro-kasos-aparatas-42-vnt\/#breadcrumb","itemListElement":[{"@type":"ListItem","position":1,"name":"Pagrindinis","item":"https:\/\/kidsplay.lt\/"},{"@type":"ListItem","position":2,"name":"Parduotuv\u0117","item":"https:\/\/kidsplay.lt\/parduotuve\/"},{"@type":"ListItem","position":3,"name":"WOOPIE parduotuv\u0117s prekybos centro kasos aparatas, 42 vnt."}]},{"@type":"WebSite","@id":"https:\/\/kidsplay.lt\/#website","url":"https:\/\/kidsplay.lt\/","name":"B\u0113rnu sp\u0113les.lv","description":"\u012evairios prek\u0117s vaikams","publisher":{"@id":"https:\/\/kidsplay.lt\/#organization"},"alternateName":"Kidsplay","potentialAction":[{"@type":"SearchAction","target":{"@type":"EntryPoint","urlTemplate":"https:\/\/kidsplay.lt\/?s={search_term_string}"},"query-input":{"@type":"PropertyValueSpecification","valueRequired":true,"valueName":"search_term_string"}}],"inLanguage":"lv-LV"},{"@type":"Organization","@id":"https:\/\/kidsplay.lt\/#organization","name":"B\u0113rnu sp\u0113le","url":"https:\/\/kidsplay.lt\/","logo":{"@type":"ImageObject","inLanguage":"lv-LV","@id":"https:\/\/kidsplay.lt\/#\/schema\/logo\/image\/","url":"https:\/\/kidsplay.lt\/wp-content\/uploads\/2023\/07\/kidsplay-logo.png","contentUrl":"https:\/\/kidsplay.lt\/wp-content\/uploads\/2023\/07\/kidsplay-logo.png","width":451,"height":98,"caption":"KidsPlay"},"image":{"@id":"https:\/\/kidsplay.lt\/#\/schema\/logo\/image\/"},"sameAs":["https:\/\/www.facebook.com\/www.kidsplay.lt"]}]}},"_links":{"self":[{"href":"https:\/\/kidsplay.lt\/lv\/wp-json\/wp\/v2\/product\/90190","targetHints":{"allow":["GET"]}}],"collection":[{"href":"https:\/\/kidsplay.lt\/lv\/wp-json\/wp\/v2\/product"}],"about":[{"href":"https:\/\/kidsplay.lt\/lv\/wp-json\/wp\/v2\/types\/product"}],"version-history":[{"count":1,"href":"https:\/\/kidsplay.lt\/lv\/wp-json\/wp\/v2\/product\/90190\/revisions"}],"predecessor-version":[{"id":90191,"href":"https:\/\/kidsplay.lt\/lv\/wp-json\/wp\/v2\/product\/90190\/revisions\/90191"}],"wp:featuredmedia":[{"embeddable":true,"href":"https:\/\/kidsplay.lt\/lv\/wp-json\/wp\/v2\/media\/66769"}],"wp:attachment":[{"href":"https:\/\/kidsplay.lt\/lv\/wp-json\/wp\/v2\/media?parent=90190"}],"wp:term":[{"taxonomy":"product_brand","embeddable":true,"href":"https:\/\/kidsplay.lt\/lv\/wp-json\/wp\/v2\/product_brand?post=90190"},{"taxonomy":"product_cat","embeddable":true,"href":"https:\/\/kidsplay.lt\/lv\/wp-json\/wp\/v2\/product_cat?post=90190"},{"taxonomy":"product_tag","embeddable":true,"href":"https:\/\/kidsplay.lt\/lv\/wp-json\/wp\/v2\/product_tag?post=90190"}],"curies":[{"name":"wp","href":"https:\/\/api.w.org\/{rel}","templated":true}]}}