{"id":90192,"date":"2026-02-26T09:39:34","date_gmt":"2026-02-26T07:39:34","guid":{"rendered":"https:\/\/kidsplay.lt\/produktas\/woopie-dino-melynas-kasos-aparatas-su-lentyna\/"},"modified":"2026-04-07T10:53:15","modified_gmt":"2026-04-07T07:53:15","slug":"woopie-dino-melynas-kasos-aparatas-su-lentyna","status":"publish","type":"product","link":"https:\/\/kidsplay.lt\/lv\/products\/woopie-dino-melynas-kasos-aparatas-su-lentyna\/","title":{"rendered":"\ufeff WOOPIE DINO m\u0117lynas kasos aparatas su lentyna"},"content":{"rendered":"<p>Interaktyvus kasos aparatas\u00a0su \u017eavingu dinozauru\u00a0puikiai tinka vaikams, kurie m\u0117gsta k\u016brybi\u0161kus vaidmen\u0173 \u017eaidimus. \u0160is spalvingas rinkinys paver\u010dia bet kur\u012f kambar\u012f tikra parduotuve, kurioje vaikai gali atlikti\u00a0pardav\u0117jo\u00a0,\u00a0kasininko\u00a0ar\u00a0kliento\u00a0vaidmen\u012f . Realisti\u0161kos detal\u0117s, tokios kaip\u00a0skai\u010diuotuvas\u00a0,\u00a0br\u016bk\u0161nini\u0173 kod\u0173 skaitytuvas\u00a0su garso efektais ir\u00a0atidaromas kasos stal\u010dius\u00a0, \u017eaidim\u0105 daro dar \u012fdomesn\u012f ir lavinamesn\u012f. Rinkinyje taip pat yra daugyb\u0117 pried\u0173, toki\u0173 kaip\u00a0miniati\u016briniai buteliai, sausaini\u0173 d\u0117\u017eut\u0117, pinig\u0173 imitacija\u00a0ir\u00a0banko kortel\u0117s\u00a0, leid\u017eian\u010dios visapusi\u0161kai apsipirkti. Pagamintas i\u0161 saugi\u0173 ir patvari\u0173 med\u017eiag\u0173, \u017eaisminga pastelin\u0117 estetika ir draugi\u0161kas dinozauras skatina vaikus m\u0117gautis valand\u0173 valandas linksmybi\u0173. Tai puikus pasirinkimas t\u0117vams, norintiems derinti\u00a0pramogas su mokymusi\u00a0\u00a0per saug\u0173, lavinam\u0105j\u012f \u017eaidim\u0105. \u017daislas padeda lavinti\u00a0matematikos \u012fg\u016bd\u017eius\u00a0,\u00a0aki\u0173 ir rank\u0173 koordinacij\u0105\u00a0bei\u00a0bendravimo \u012fg\u016bd\u017eius\u00a0. Jo d\u0117ka vaikai mokosi\u00a0skai\u010diuoti\u00a0,\u00a0atpa\u017einti pinigus\u00a0,\u00a0priimti sprendimus\u00a0ir\u00a0bendrauti\u00a0socialiai. Rinkinys supakuotas patrauklioje, spalvingoje pakuot\u0117je su langeliu, kuris i\u0161 karto patraukia ak\u012f ir d\u017eiugina ma\u017euosius.<\/p>\n<p>Rakstur\u012bgs:<\/p>\n<p> \t&#8211; \u017daislas vaikams\u00a0nuo 3 met\u0173 am\u017eiaus<br \/>\n \t&#8211;\u00a0\u00a0Interaktyvus kasos aparatas su skai\u010diuotuvu\u00a0\u2013 maitinamas baterijomis (nepridedamas)<br \/>\n \t&#8211;\u00a0\u00a0Skenavimo funkcija\u00a0su garsu<br \/>\n \t&#8211;\u00a0\u00a0Kasos stal\u010diaus\u00a0atidarymas<br \/>\n \t&#8211;\u00a0\u00a0Mielas dinozauras\u00a0patraukia vaiko d\u0117mes\u012f<br \/>\n \t&#8211;\u00a0\u00a0Funkcinis mok\u0117jimo korteli\u0173 skaitytuvas<br \/>\n \t&#8211;\u00a0\u00a0Realisti\u0161ki buteliai ir kartonas\u00a0kaip parduodami produktai<br \/>\n \t&#8211;\u00a0 Galimyb\u0117 atlikti pardav\u0117jo\u00a0arba kliento\u00a0vaidmen\u012f<\/p>\n<p>Komplekt\u0101 ietilpst:<\/p>\n<p> \t&#8211; Kasos aparatas su skai\u010diuotuvu ir stal\u010diumi<br \/>\n \t&#8211; Interaktyvus br\u016bk\u0161nini\u0173 kod\u0173 skaitytuvas<br \/>\n \t&#8211; Dvi mok\u0117jimo kortel\u0117s<br \/>\n \t&#8211; \u017daisliniai banknotai ir monetos<br \/>\n \t&#8211; 2 lentynos produktams<br \/>\n \t&#8211; Miniati\u016brini\u0173 buteli\u0173 rinkinys (g\u0117rimams, pienui, ke\u010dupui ir kt.)<br \/>\n \t&#8211; D\u0117\u017eut\u0117 sausaini\u0173<\/p>\n<p>Rota\u013clieta att\u012bst\u0101s:<\/p>\n<p> \t&#8211; vaizduot\u0117<br \/>\n \t&#8211; k\u016brybi\u0161kumas<br \/>\n \t&#8211; matematiniai \u012fg\u016bd\u017eiai<br \/>\n \t&#8211; vaidmen\u0173 \u017eaidimai<br \/>\n \t&#8211; aki\u0173-rank\u0173 koordinacija<br \/>\n \t&#8211; loginis m\u0105stymas<br \/>\n \t&#8211; tarpasmeniniai \u012fg\u016bd\u017eiai<\/p>\n<p>Gaminio matmenys: 25 x 12 x 18 (cm)<\/p>\n<p>Pakuot\u0117s matmenys: 30 x 15 x 20 (cm)<\/p>","protected":false},"excerpt":{"rendered":"<p>Interaktyvus kasos aparatas\u00a0su \u017eavingu dinozauru\u00a0puikiai tinka vaikams, kurie m\u0117gsta k\u016brybi\u0161kus vaidmen\u0173 \u017eaidimus. \u0160is spalvingas rinkinys paver\u010dia bet kur\u012f kambar\u012f tikra<\/p>","protected":false},"featured_media":66776,"template":"","meta":{"_acf_changed":false,"_glsr_average":0,"_glsr_ranking":0,"_glsr_reviews":0},"product_brand":[],"product_cat":[893,399],"product_tag":[],"class_list":{"0":"post-90192","1":"product","2":"type-product","3":"status-publish","4":"has-post-thumbnail","6":"product_cat-parduotuves","7":"product_cat-vaidmenu-zaidimai-2","8":"\"style=\"background-color: #2ecc711c;\"","10":"first","11":"instock","12":"purchasable","13":"product-type-simple"},"acf":[],"yoast_head":"<!-- This site is optimized with the Yoast SEO plugin v27.3 - https:\/\/yoast.com\/product\/yoast-seo-wordpress\/ -->\n<title>\ufeff WOOPIE DINO m\u0117lynas kasos aparatas su lentyna<\/title>\n<meta name=\"description\" content=\"\ufeff WOOPIE DINO m\u0117lynas kasos aparatas su lentyna - KidsPlay. Did\u017eiausias vaik\u0173 \u017eaisl\u0173 pasirinkimas.\" \/>\n<meta name=\"robots\" content=\"index, follow, max-snippet:-1, max-image-preview:large, max-video-preview:-1\" \/>\n<link rel=\"canonical\" href=\"https:\/\/kidsplay.lt\/lv\/products\/woopie-dino-melynas-kasos-aparatas-su-lentyna\/\" \/>\n<meta property=\"og:locale\" content=\"lv_LV\" \/>\n<meta property=\"og:type\" content=\"article\" \/>\n<meta property=\"og:title\" content=\"\ufeff WOOPIE DINO m\u0117lynas kasos aparatas su lentyna\" \/>\n<meta property=\"og:description\" content=\"\ufeff WOOPIE DINO m\u0117lynas kasos aparatas su lentyna - KidsPlay. Did\u017eiausias vaik\u0173 \u017eaisl\u0173 pasirinkimas.\" \/>\n<meta property=\"og:url\" content=\"https:\/\/kidsplay.lt\/lv\/products\/woopie-dino-melynas-kasos-aparatas-su-lentyna\/\" \/>\n<meta property=\"og:site_name\" content=\"KidsPlay\" \/>\n<meta property=\"article:publisher\" content=\"https:\/\/www.facebook.com\/www.kidsplay.lt\" \/>\n<meta property=\"article:modified_time\" content=\"2026-04-07T07:53:15+00:00\" \/>\n<meta property=\"og:image\" content=\"https:\/\/kidsplay.lt\/wp-content\/uploads\/2025\/09\/\ufeff-WOOPIE-DINO-melynas-kasos-aparatas-su-lentyna.jpg\" \/>\n\t<meta property=\"og:image:width\" content=\"1000\" \/>\n\t<meta property=\"og:image:height\" content=\"1000\" \/>\n\t<meta property=\"og:image:type\" content=\"image\/jpeg\" \/>\n<meta name=\"twitter:card\" content=\"summary_large_image\" \/>\n<meta name=\"twitter:label1\" content=\"Est. reading time\" \/>\n\t<meta name=\"twitter:data1\" content=\"2 min\u016btes\" \/>\n<script type=\"application\/ld+json\" class=\"yoast-schema-graph\">{\"@context\":\"https:\\\/\\\/schema.org\",\"@graph\":[{\"@type\":\"WebPage\",\"@id\":\"https:\\\/\\\/kidsplay.lt\\\/produktas\\\/woopie-dino-melynas-kasos-aparatas-su-lentyna\\\/\",\"url\":\"https:\\\/\\\/kidsplay.lt\\\/produktas\\\/woopie-dino-melynas-kasos-aparatas-su-lentyna\\\/\",\"name\":\"\ufeff WOOPIE DINO m\u0117lynas kasos aparatas su lentyna\",\"isPartOf\":{\"@id\":\"https:\\\/\\\/kidsplay.lt\\\/#website\"},\"primaryImageOfPage\":{\"@id\":\"https:\\\/\\\/kidsplay.lt\\\/produktas\\\/woopie-dino-melynas-kasos-aparatas-su-lentyna\\\/#primaryimage\"},\"image\":{\"@id\":\"https:\\\/\\\/kidsplay.lt\\\/produktas\\\/woopie-dino-melynas-kasos-aparatas-su-lentyna\\\/#primaryimage\"},\"thumbnailUrl\":\"https:\\\/\\\/kidsplay.lt\\\/wp-content\\\/uploads\\\/2025\\\/09\\\/\ufeff-WOOPIE-DINO-melynas-kasos-aparatas-su-lentyna.jpg\",\"datePublished\":\"2026-02-26T07:39:34+00:00\",\"dateModified\":\"2026-04-07T07:53:15+00:00\",\"description\":\"\ufeff WOOPIE DINO m\u0117lynas kasos aparatas su lentyna - KidsPlay. Did\u017eiausias vaik\u0173 \u017eaisl\u0173 pasirinkimas.\",\"breadcrumb\":{\"@id\":\"https:\\\/\\\/kidsplay.lt\\\/produktas\\\/woopie-dino-melynas-kasos-aparatas-su-lentyna\\\/#breadcrumb\"},\"inLanguage\":\"lv-LV\",\"potentialAction\":[{\"@type\":\"ReadAction\",\"target\":[\"https:\\\/\\\/kidsplay.lt\\\/produktas\\\/woopie-dino-melynas-kasos-aparatas-su-lentyna\\\/\"]}]},{\"@type\":\"ImageObject\",\"inLanguage\":\"lv-LV\",\"@id\":\"https:\\\/\\\/kidsplay.lt\\\/produktas\\\/woopie-dino-melynas-kasos-aparatas-su-lentyna\\\/#primaryimage\",\"url\":\"https:\\\/\\\/kidsplay.lt\\\/wp-content\\\/uploads\\\/2025\\\/09\\\/\ufeff-WOOPIE-DINO-melynas-kasos-aparatas-su-lentyna.jpg\",\"contentUrl\":\"https:\\\/\\\/kidsplay.lt\\\/wp-content\\\/uploads\\\/2025\\\/09\\\/\ufeff-WOOPIE-DINO-melynas-kasos-aparatas-su-lentyna.jpg\",\"width\":1000,\"height\":1000,\"caption\":\"\ufeff WOOPIE DINO m\u0117lynas kasos aparatas su lentyna\"},{\"@type\":\"BreadcrumbList\",\"@id\":\"https:\\\/\\\/kidsplay.lt\\\/produktas\\\/woopie-dino-melynas-kasos-aparatas-su-lentyna\\\/#breadcrumb\",\"itemListElement\":[{\"@type\":\"ListItem\",\"position\":1,\"name\":\"Pagrindinis\",\"item\":\"https:\\\/\\\/kidsplay.lt\\\/\"},{\"@type\":\"ListItem\",\"position\":2,\"name\":\"Parduotuv\u0117\",\"item\":\"https:\\\/\\\/kidsplay.lt\\\/parduotuve\\\/\"},{\"@type\":\"ListItem\",\"position\":3,\"name\":\"\ufeff WOOPIE DINO m\u0117lynas kasos aparatas su lentyna\"}]},{\"@type\":\"WebSite\",\"@id\":\"https:\\\/\\\/kidsplay.lt\\\/#website\",\"url\":\"https:\\\/\\\/kidsplay.lt\\\/\",\"name\":\"Kidsplay.lt\",\"description\":\"\u012evairios prek\u0117s vaikams\",\"publisher\":{\"@id\":\"https:\\\/\\\/kidsplay.lt\\\/#organization\"},\"alternateName\":\"Kidsplay\",\"potentialAction\":[{\"@type\":\"SearchAction\",\"target\":{\"@type\":\"EntryPoint\",\"urlTemplate\":\"https:\\\/\\\/kidsplay.lt\\\/?s={search_term_string}\"},\"query-input\":{\"@type\":\"PropertyValueSpecification\",\"valueRequired\":true,\"valueName\":\"search_term_string\"}}],\"inLanguage\":\"lv-LV\"},{\"@type\":\"Organization\",\"@id\":\"https:\\\/\\\/kidsplay.lt\\\/#organization\",\"name\":\"KidsPlay\",\"url\":\"https:\\\/\\\/kidsplay.lt\\\/\",\"logo\":{\"@type\":\"ImageObject\",\"inLanguage\":\"lv-LV\",\"@id\":\"https:\\\/\\\/kidsplay.lt\\\/#\\\/schema\\\/logo\\\/image\\\/\",\"url\":\"https:\\\/\\\/kidsplay.lt\\\/wp-content\\\/uploads\\\/2023\\\/07\\\/kidsplay-logo.png\",\"contentUrl\":\"https:\\\/\\\/kidsplay.lt\\\/wp-content\\\/uploads\\\/2023\\\/07\\\/kidsplay-logo.png\",\"width\":451,\"height\":98,\"caption\":\"KidsPlay\"},\"image\":{\"@id\":\"https:\\\/\\\/kidsplay.lt\\\/#\\\/schema\\\/logo\\\/image\\\/\"},\"sameAs\":[\"https:\\\/\\\/www.facebook.com\\\/www.kidsplay.lt\"]}]}<\/script>\n<!-- \/ Yoast SEO plugin. -->","yoast_head_json":{"title":"\ufeff WOOPIE DINO m\u0117lynas kasos aparatas su lentyna","description":"\ufeff WOOPIE DINO m\u0117lynas kasos aparatas su lentyna - KidsPlay. Did\u017eiausias vaik\u0173 \u017eaisl\u0173 pasirinkimas.","robots":{"index":"index","follow":"follow","max-snippet":"max-snippet:-1","max-image-preview":"max-image-preview:large","max-video-preview":"max-video-preview:-1"},"canonical":"https:\/\/kidsplay.lt\/lv\/products\/woopie-dino-melynas-kasos-aparatas-su-lentyna\/","og_locale":"lv_LV","og_type":"article","og_title":"\ufeff WOOPIE DINO m\u0117lynas kasos aparatas su lentyna","og_description":"\ufeff WOOPIE DINO m\u0117lynas kasos aparatas su lentyna - KidsPlay. Did\u017eiausias vaik\u0173 \u017eaisl\u0173 pasirinkimas.","og_url":"https:\/\/kidsplay.lt\/lv\/products\/woopie-dino-melynas-kasos-aparatas-su-lentyna\/","og_site_name":"KidsPlay","article_publisher":"https:\/\/www.facebook.com\/www.kidsplay.lt","article_modified_time":"2026-04-07T07:53:15+00:00","og_image":[{"width":1000,"height":1000,"url":"https:\/\/kidsplay.lt\/wp-content\/uploads\/2025\/09\/\ufeff-WOOPIE-DINO-melynas-kasos-aparatas-su-lentyna.jpg","type":"image\/jpeg"}],"twitter_card":"summary_large_image","twitter_misc":{"Est. reading time":"2 min\u016btes"},"schema":{"@context":"https:\/\/schema.org","@graph":[{"@type":"WebPage","@id":"https:\/\/kidsplay.lt\/produktas\/woopie-dino-melynas-kasos-aparatas-su-lentyna\/","url":"https:\/\/kidsplay.lt\/produktas\/woopie-dino-melynas-kasos-aparatas-su-lentyna\/","name":"\ufeff WOOPIE DINO m\u0117lynas kasos aparatas su lentyna","isPartOf":{"@id":"https:\/\/kidsplay.lt\/#website"},"primaryImageOfPage":{"@id":"https:\/\/kidsplay.lt\/produktas\/woopie-dino-melynas-kasos-aparatas-su-lentyna\/#primaryimage"},"image":{"@id":"https:\/\/kidsplay.lt\/produktas\/woopie-dino-melynas-kasos-aparatas-su-lentyna\/#primaryimage"},"thumbnailUrl":"https:\/\/kidsplay.lt\/wp-content\/uploads\/2025\/09\/\ufeff-WOOPIE-DINO-melynas-kasos-aparatas-su-lentyna.jpg","datePublished":"2026-02-26T07:39:34+00:00","dateModified":"2026-04-07T07:53:15+00:00","description":"\ufeff WOOPIE DINO m\u0117lynas kasos aparatas su lentyna - KidsPlay. Did\u017eiausias vaik\u0173 \u017eaisl\u0173 pasirinkimas.","breadcrumb":{"@id":"https:\/\/kidsplay.lt\/produktas\/woopie-dino-melynas-kasos-aparatas-su-lentyna\/#breadcrumb"},"inLanguage":"lv-LV","potentialAction":[{"@type":"ReadAction","target":["https:\/\/kidsplay.lt\/produktas\/woopie-dino-melynas-kasos-aparatas-su-lentyna\/"]}]},{"@type":"ImageObject","inLanguage":"lv-LV","@id":"https:\/\/kidsplay.lt\/produktas\/woopie-dino-melynas-kasos-aparatas-su-lentyna\/#primaryimage","url":"https:\/\/kidsplay.lt\/wp-content\/uploads\/2025\/09\/\ufeff-WOOPIE-DINO-melynas-kasos-aparatas-su-lentyna.jpg","contentUrl":"https:\/\/kidsplay.lt\/wp-content\/uploads\/2025\/09\/\ufeff-WOOPIE-DINO-melynas-kasos-aparatas-su-lentyna.jpg","width":1000,"height":1000,"caption":"\ufeff WOOPIE DINO m\u0117lynas kasos aparatas su lentyna"},{"@type":"BreadcrumbList","@id":"https:\/\/kidsplay.lt\/produktas\/woopie-dino-melynas-kasos-aparatas-su-lentyna\/#breadcrumb","itemListElement":[{"@type":"ListItem","position":1,"name":"Pagrindinis","item":"https:\/\/kidsplay.lt\/"},{"@type":"ListItem","position":2,"name":"Parduotuv\u0117","item":"https:\/\/kidsplay.lt\/parduotuve\/"},{"@type":"ListItem","position":3,"name":"\ufeff WOOPIE DINO m\u0117lynas kasos aparatas su lentyna"}]},{"@type":"WebSite","@id":"https:\/\/kidsplay.lt\/#website","url":"https:\/\/kidsplay.lt\/","name":"B\u0113rnu sp\u0113les.lv","description":"\u012evairios prek\u0117s vaikams","publisher":{"@id":"https:\/\/kidsplay.lt\/#organization"},"alternateName":"Kidsplay","potentialAction":[{"@type":"SearchAction","target":{"@type":"EntryPoint","urlTemplate":"https:\/\/kidsplay.lt\/?s={search_term_string}"},"query-input":{"@type":"PropertyValueSpecification","valueRequired":true,"valueName":"search_term_string"}}],"inLanguage":"lv-LV"},{"@type":"Organization","@id":"https:\/\/kidsplay.lt\/#organization","name":"B\u0113rnu sp\u0113le","url":"https:\/\/kidsplay.lt\/","logo":{"@type":"ImageObject","inLanguage":"lv-LV","@id":"https:\/\/kidsplay.lt\/#\/schema\/logo\/image\/","url":"https:\/\/kidsplay.lt\/wp-content\/uploads\/2023\/07\/kidsplay-logo.png","contentUrl":"https:\/\/kidsplay.lt\/wp-content\/uploads\/2023\/07\/kidsplay-logo.png","width":451,"height":98,"caption":"KidsPlay"},"image":{"@id":"https:\/\/kidsplay.lt\/#\/schema\/logo\/image\/"},"sameAs":["https:\/\/www.facebook.com\/www.kidsplay.lt"]}]}},"_links":{"self":[{"href":"https:\/\/kidsplay.lt\/lv\/wp-json\/wp\/v2\/product\/90192","targetHints":{"allow":["GET"]}}],"collection":[{"href":"https:\/\/kidsplay.lt\/lv\/wp-json\/wp\/v2\/product"}],"about":[{"href":"https:\/\/kidsplay.lt\/lv\/wp-json\/wp\/v2\/types\/product"}],"version-history":[{"count":1,"href":"https:\/\/kidsplay.lt\/lv\/wp-json\/wp\/v2\/product\/90192\/revisions"}],"predecessor-version":[{"id":90193,"href":"https:\/\/kidsplay.lt\/lv\/wp-json\/wp\/v2\/product\/90192\/revisions\/90193"}],"wp:featuredmedia":[{"embeddable":true,"href":"https:\/\/kidsplay.lt\/lv\/wp-json\/wp\/v2\/media\/66776"}],"wp:attachment":[{"href":"https:\/\/kidsplay.lt\/lv\/wp-json\/wp\/v2\/media?parent=90192"}],"wp:term":[{"taxonomy":"product_brand","embeddable":true,"href":"https:\/\/kidsplay.lt\/lv\/wp-json\/wp\/v2\/product_brand?post=90192"},{"taxonomy":"product_cat","embeddable":true,"href":"https:\/\/kidsplay.lt\/lv\/wp-json\/wp\/v2\/product_cat?post=90192"},{"taxonomy":"product_tag","embeddable":true,"href":"https:\/\/kidsplay.lt\/lv\/wp-json\/wp\/v2\/product_tag?post=90192"}],"curies":[{"name":"wp","href":"https:\/\/api.w.org\/{rel}","templated":true}]}}