{"id":90196,"date":"2026-02-26T09:39:40","date_gmt":"2026-02-26T07:39:40","guid":{"rendered":"https:\/\/kidsplay.lt\/produktas\/woopie-kasos-aparatas-su-lentyna-ir-priedais-rozinis\/"},"modified":"2026-04-13T15:17:12","modified_gmt":"2026-04-13T12:17:12","slug":"woopie-kasos-aparatas-su-lentyna-ir-priedais-rozinis","status":"publish","type":"product","link":"https:\/\/kidsplay.lt\/lv\/products\/woopie-kasos-aparatas-su-lentyna-ir-priedais-rozinis\/","title":{"rendered":"WOOPIE kases apar\u0101ts ar plauktu un aksesu\u0101riem, roz\u0101"},"content":{"rendered":"<p>WOOPIE\u00a0kasos aparatas su lentyna \u2013 puiki dovana vaikui, pakelianti vaik\u0173 \u017eaidimus \u012f kit\u0105 lyg\u012f! Jaunieji parduotuvi\u0173 savininkai gali i\u0161sirinkti produktus, nuskaityti juos skaitytuvu\u00a0, kuris\u00a0skleid\u017eia tikrovi\u0161kus garsus, ir suskai\u010diuoti pirkinius naudodami tikr\u0105 skai\u010diuotuv\u0105. Klientai tur\u0117s \u012fdom\u0173 pasirinkim\u0105: mok\u0117ti kortele ar monetomis?<\/p>\n<p>Rakstur\u012bgs:<\/p>\n<p> \t&#8211; \u017eaislas vaikams nuo 3 met\u0173 am\u017eiaus,<br \/>\n \t&#8211; Kasos aparatas turi\u00a0tikr\u0105 skai\u010diuotuv\u0105\u00a0, kad skai\u010diavimas b\u016bt\u0173 malonumas<br \/>\n \t&#8211; Prakti\u0161kas pinig\u0173 stal\u010dius i\u0161slysta kaip tikrame kasos aparate, tod\u0117l kiekviena operacija tampa dar smagesn\u0117<br \/>\n \t&#8211; realisti\u0161ki produkt\u0173 skenavimo garsai \u2013 j\u016bs\u0173 ma\u017eylis pasijus lyg tikroje parduotuv\u0117je!<\/p>\n<p>Rota\u013clieta att\u012bst\u0101s:<\/p>\n<p> \tKomunikabilumas\u00a0\u2013 vaikai mokosi bendradarbiauti ir kalb\u0117tis \u017eaisdami \u201eapsipirkim\u0105\u201c<br \/>\n \tPagrindin\u0117 matematika\u00a0\u2013 skai\u010diuokl\u0117 leid\u017eia paprastai ir smagiai praktikuoti sud\u0117ties ir atimties veiksmus<br \/>\n \tSmulkioji motorika\u00a0\u2013 monet\u0173 ir banknot\u0173 valdymas lavina pir\u0161t\u0173 miklum\u0105<br \/>\n \tK\u016brybi\u0161kumas ir vaizduot\u0117\u00a0\u2013 tai ne tik \u017eaislas, tai visas miniati\u016brinis apsipirkimo pasaulis!<\/p>\n<p>Komplekt\u0101 ietilpst:<\/p>\n<p> \t&#8211; kasos aparatas su skai\u010diuotuvu ir atidaroma pinig\u0173 d\u0117\u017eute<br \/>\n \t&#8211; d\u0117\u017eut\u0117 \u201esu sausainiais\u201c<br \/>\n \t&#8211; monetos,<br \/>\n \t&#8211; kreditin\u0117s kortel\u0117s<br \/>\n \t&#8211; banknotai<br \/>\n \t&#8211; lentyna su daiktais<br \/>\n \t&#8211; skeneris skleid\u017eia garsus<\/p>","protected":false},"excerpt":{"rendered":"<p>WOOPIE\u00a0kasos aparatas su lentyna \u2013 puiki dovana vaikui, pakelianti vaik\u0173 \u017eaidimus \u012f kit\u0105 lyg\u012f! Jaunieji parduotuvi\u0173 savininkai gali i\u0161sirinkti produktus,<\/p>","protected":false},"featured_media":66790,"template":"","meta":{"_acf_changed":false,"_glsr_average":0,"_glsr_ranking":0,"_glsr_reviews":0},"product_brand":[],"product_cat":[893,399],"product_tag":[],"class_list":{"0":"post-90196","1":"product","2":"type-product","3":"status-publish","4":"has-post-thumbnail","6":"product_cat-parduotuves","7":"product_cat-vaidmenu-zaidimai-2","8":"\"style=\"background-color: #2ecc711c;\"","10":"first","11":"instock","12":"purchasable","13":"product-type-simple"},"acf":[],"yoast_head":"<!-- This site is optimized with the Yoast SEO plugin v27.4 - https:\/\/yoast.com\/product\/yoast-seo-wordpress\/ -->\n<title>WOOPIE kasos aparatas su lentyna ir priedais, ro\u017einis<\/title>\n<meta name=\"description\" content=\"WOOPIE kasos aparatas su lentyna ir priedais, ro\u017einis - KidsPlay. Did\u017eiausias vaik\u0173 \u017eaisl\u0173 pasirinkimas.\" \/>\n<meta name=\"robots\" content=\"index, follow, max-snippet:-1, max-image-preview:large, max-video-preview:-1\" \/>\n<link rel=\"canonical\" href=\"https:\/\/kidsplay.lt\/lv\/products\/woopie-kasos-aparatas-su-lentyna-ir-priedais-rozinis\/\" \/>\n<meta property=\"og:locale\" content=\"lv_LV\" \/>\n<meta property=\"og:type\" content=\"article\" \/>\n<meta property=\"og:title\" content=\"WOOPIE kasos aparatas su lentyna ir priedais, ro\u017einis\" \/>\n<meta property=\"og:description\" content=\"WOOPIE kasos aparatas su lentyna ir priedais, ro\u017einis - KidsPlay. Did\u017eiausias vaik\u0173 \u017eaisl\u0173 pasirinkimas.\" \/>\n<meta property=\"og:url\" content=\"https:\/\/kidsplay.lt\/lv\/products\/woopie-kasos-aparatas-su-lentyna-ir-priedais-rozinis\/\" \/>\n<meta property=\"og:site_name\" content=\"KidsPlay\" \/>\n<meta property=\"article:publisher\" content=\"https:\/\/www.facebook.com\/www.kidsplay.lt\" \/>\n<meta property=\"article:modified_time\" content=\"2026-04-13T12:17:12+00:00\" \/>\n<meta property=\"og:image\" content=\"https:\/\/kidsplay.lt\/wp-content\/uploads\/2025\/09\/WOOPIE-kasos-aparatas-su-lentyna-ir-priedais-rozinis.jpg\" \/>\n\t<meta property=\"og:image:width\" content=\"1000\" \/>\n\t<meta property=\"og:image:height\" content=\"1000\" \/>\n\t<meta property=\"og:image:type\" content=\"image\/jpeg\" \/>\n<meta name=\"twitter:card\" content=\"summary_large_image\" \/>\n<meta name=\"twitter:label1\" content=\"Est. reading time\" \/>\n\t<meta name=\"twitter:data1\" content=\"1 min\u016bte\" \/>\n<script type=\"application\/ld+json\" class=\"yoast-schema-graph\">{\"@context\":\"https:\\\/\\\/schema.org\",\"@graph\":[{\"@type\":\"WebPage\",\"@id\":\"https:\\\/\\\/kidsplay.lt\\\/produktas\\\/woopie-kasos-aparatas-su-lentyna-ir-priedais-rozinis\\\/\",\"url\":\"https:\\\/\\\/kidsplay.lt\\\/produktas\\\/woopie-kasos-aparatas-su-lentyna-ir-priedais-rozinis\\\/\",\"name\":\"WOOPIE kasos aparatas su lentyna ir priedais, ro\u017einis\",\"isPartOf\":{\"@id\":\"https:\\\/\\\/kidsplay.lt\\\/#website\"},\"primaryImageOfPage\":{\"@id\":\"https:\\\/\\\/kidsplay.lt\\\/produktas\\\/woopie-kasos-aparatas-su-lentyna-ir-priedais-rozinis\\\/#primaryimage\"},\"image\":{\"@id\":\"https:\\\/\\\/kidsplay.lt\\\/produktas\\\/woopie-kasos-aparatas-su-lentyna-ir-priedais-rozinis\\\/#primaryimage\"},\"thumbnailUrl\":\"https:\\\/\\\/kidsplay.lt\\\/wp-content\\\/uploads\\\/2025\\\/09\\\/WOOPIE-kasos-aparatas-su-lentyna-ir-priedais-rozinis.jpg\",\"datePublished\":\"2026-02-26T07:39:40+00:00\",\"dateModified\":\"2026-04-13T12:17:12+00:00\",\"description\":\"WOOPIE kasos aparatas su lentyna ir priedais, ro\u017einis - KidsPlay. Did\u017eiausias vaik\u0173 \u017eaisl\u0173 pasirinkimas.\",\"breadcrumb\":{\"@id\":\"https:\\\/\\\/kidsplay.lt\\\/produktas\\\/woopie-kasos-aparatas-su-lentyna-ir-priedais-rozinis\\\/#breadcrumb\"},\"inLanguage\":\"lv-LV\",\"potentialAction\":[{\"@type\":\"ReadAction\",\"target\":[\"https:\\\/\\\/kidsplay.lt\\\/produktas\\\/woopie-kasos-aparatas-su-lentyna-ir-priedais-rozinis\\\/\"]}]},{\"@type\":\"ImageObject\",\"inLanguage\":\"lv-LV\",\"@id\":\"https:\\\/\\\/kidsplay.lt\\\/produktas\\\/woopie-kasos-aparatas-su-lentyna-ir-priedais-rozinis\\\/#primaryimage\",\"url\":\"https:\\\/\\\/kidsplay.lt\\\/wp-content\\\/uploads\\\/2025\\\/09\\\/WOOPIE-kasos-aparatas-su-lentyna-ir-priedais-rozinis.jpg\",\"contentUrl\":\"https:\\\/\\\/kidsplay.lt\\\/wp-content\\\/uploads\\\/2025\\\/09\\\/WOOPIE-kasos-aparatas-su-lentyna-ir-priedais-rozinis.jpg\",\"width\":1000,\"height\":1000,\"caption\":\"WOOPIE kasos aparatas su lentyna ir priedais\"},{\"@type\":\"BreadcrumbList\",\"@id\":\"https:\\\/\\\/kidsplay.lt\\\/produktas\\\/woopie-kasos-aparatas-su-lentyna-ir-priedais-rozinis\\\/#breadcrumb\",\"itemListElement\":[{\"@type\":\"ListItem\",\"position\":1,\"name\":\"Pagrindinis\",\"item\":\"https:\\\/\\\/kidsplay.lt\\\/\"},{\"@type\":\"ListItem\",\"position\":2,\"name\":\"Parduotuv\u0117\",\"item\":\"https:\\\/\\\/kidsplay.lt\\\/parduotuve\\\/\"},{\"@type\":\"ListItem\",\"position\":3,\"name\":\"WOOPIE kasos aparatas su lentyna ir priedais, ro\u017einis\"}]},{\"@type\":\"WebSite\",\"@id\":\"https:\\\/\\\/kidsplay.lt\\\/#website\",\"url\":\"https:\\\/\\\/kidsplay.lt\\\/\",\"name\":\"Kidsplay.lt\",\"description\":\"\u012evairios prek\u0117s vaikams\",\"publisher\":{\"@id\":\"https:\\\/\\\/kidsplay.lt\\\/#organization\"},\"alternateName\":\"Kidsplay\",\"potentialAction\":[{\"@type\":\"SearchAction\",\"target\":{\"@type\":\"EntryPoint\",\"urlTemplate\":\"https:\\\/\\\/kidsplay.lt\\\/?s={search_term_string}\"},\"query-input\":{\"@type\":\"PropertyValueSpecification\",\"valueRequired\":true,\"valueName\":\"search_term_string\"}}],\"inLanguage\":\"lv-LV\"},{\"@type\":\"Organization\",\"@id\":\"https:\\\/\\\/kidsplay.lt\\\/#organization\",\"name\":\"KidsPlay\",\"url\":\"https:\\\/\\\/kidsplay.lt\\\/\",\"logo\":{\"@type\":\"ImageObject\",\"inLanguage\":\"lv-LV\",\"@id\":\"https:\\\/\\\/kidsplay.lt\\\/#\\\/schema\\\/logo\\\/image\\\/\",\"url\":\"https:\\\/\\\/kidsplay.lt\\\/wp-content\\\/uploads\\\/2023\\\/07\\\/kidsplay-logo.png\",\"contentUrl\":\"https:\\\/\\\/kidsplay.lt\\\/wp-content\\\/uploads\\\/2023\\\/07\\\/kidsplay-logo.png\",\"width\":451,\"height\":98,\"caption\":\"KidsPlay\"},\"image\":{\"@id\":\"https:\\\/\\\/kidsplay.lt\\\/#\\\/schema\\\/logo\\\/image\\\/\"},\"sameAs\":[\"https:\\\/\\\/www.facebook.com\\\/www.kidsplay.lt\"]}]}<\/script>\n<!-- \/ Yoast SEO plugin. -->","yoast_head_json":{"title":"WOOPIE kases apar\u0101ts ar plauktu un aksesu\u0101riem, roz\u0101","description":"WOOPIE kasos aparatas su lentyna ir priedais, ro\u017einis - KidsPlay. Did\u017eiausias vaik\u0173 \u017eaisl\u0173 pasirinkimas.","robots":{"index":"index","follow":"follow","max-snippet":"max-snippet:-1","max-image-preview":"max-image-preview:large","max-video-preview":"max-video-preview:-1"},"canonical":"https:\/\/kidsplay.lt\/lv\/products\/woopie-kasos-aparatas-su-lentyna-ir-priedais-rozinis\/","og_locale":"lv_LV","og_type":"article","og_title":"WOOPIE kasos aparatas su lentyna ir priedais, ro\u017einis","og_description":"WOOPIE kasos aparatas su lentyna ir priedais, ro\u017einis - KidsPlay. Did\u017eiausias vaik\u0173 \u017eaisl\u0173 pasirinkimas.","og_url":"https:\/\/kidsplay.lt\/lv\/products\/woopie-kasos-aparatas-su-lentyna-ir-priedais-rozinis\/","og_site_name":"KidsPlay","article_publisher":"https:\/\/www.facebook.com\/www.kidsplay.lt","article_modified_time":"2026-04-13T12:17:12+00:00","og_image":[{"width":1000,"height":1000,"url":"https:\/\/kidsplay.lt\/wp-content\/uploads\/2025\/09\/WOOPIE-kasos-aparatas-su-lentyna-ir-priedais-rozinis.jpg","type":"image\/jpeg"}],"twitter_card":"summary_large_image","twitter_misc":{"Est. reading time":"1 min\u016bte"},"schema":{"@context":"https:\/\/schema.org","@graph":[{"@type":"WebPage","@id":"https:\/\/kidsplay.lt\/produktas\/woopie-kasos-aparatas-su-lentyna-ir-priedais-rozinis\/","url":"https:\/\/kidsplay.lt\/produktas\/woopie-kasos-aparatas-su-lentyna-ir-priedais-rozinis\/","name":"WOOPIE kases apar\u0101ts ar plauktu un aksesu\u0101riem, roz\u0101","isPartOf":{"@id":"https:\/\/kidsplay.lt\/#website"},"primaryImageOfPage":{"@id":"https:\/\/kidsplay.lt\/produktas\/woopie-kasos-aparatas-su-lentyna-ir-priedais-rozinis\/#primaryimage"},"image":{"@id":"https:\/\/kidsplay.lt\/produktas\/woopie-kasos-aparatas-su-lentyna-ir-priedais-rozinis\/#primaryimage"},"thumbnailUrl":"https:\/\/kidsplay.lt\/wp-content\/uploads\/2025\/09\/WOOPIE-kasos-aparatas-su-lentyna-ir-priedais-rozinis.jpg","datePublished":"2026-02-26T07:39:40+00:00","dateModified":"2026-04-13T12:17:12+00:00","description":"WOOPIE kasos aparatas su lentyna ir priedais, ro\u017einis - KidsPlay. Did\u017eiausias vaik\u0173 \u017eaisl\u0173 pasirinkimas.","breadcrumb":{"@id":"https:\/\/kidsplay.lt\/produktas\/woopie-kasos-aparatas-su-lentyna-ir-priedais-rozinis\/#breadcrumb"},"inLanguage":"lv-LV","potentialAction":[{"@type":"ReadAction","target":["https:\/\/kidsplay.lt\/produktas\/woopie-kasos-aparatas-su-lentyna-ir-priedais-rozinis\/"]}]},{"@type":"ImageObject","inLanguage":"lv-LV","@id":"https:\/\/kidsplay.lt\/produktas\/woopie-kasos-aparatas-su-lentyna-ir-priedais-rozinis\/#primaryimage","url":"https:\/\/kidsplay.lt\/wp-content\/uploads\/2025\/09\/WOOPIE-kasos-aparatas-su-lentyna-ir-priedais-rozinis.jpg","contentUrl":"https:\/\/kidsplay.lt\/wp-content\/uploads\/2025\/09\/WOOPIE-kasos-aparatas-su-lentyna-ir-priedais-rozinis.jpg","width":1000,"height":1000,"caption":"WOOPIE kasos aparatas su lentyna ir priedais"},{"@type":"BreadcrumbList","@id":"https:\/\/kidsplay.lt\/produktas\/woopie-kasos-aparatas-su-lentyna-ir-priedais-rozinis\/#breadcrumb","itemListElement":[{"@type":"ListItem","position":1,"name":"Pagrindinis","item":"https:\/\/kidsplay.lt\/"},{"@type":"ListItem","position":2,"name":"Parduotuv\u0117","item":"https:\/\/kidsplay.lt\/parduotuve\/"},{"@type":"ListItem","position":3,"name":"WOOPIE kasos aparatas su lentyna ir priedais, ro\u017einis"}]},{"@type":"WebSite","@id":"https:\/\/kidsplay.lt\/#website","url":"https:\/\/kidsplay.lt\/","name":"B\u0113rnu sp\u0113les.lv","description":"\u012evairios prek\u0117s vaikams","publisher":{"@id":"https:\/\/kidsplay.lt\/#organization"},"alternateName":"Kidsplay","potentialAction":[{"@type":"SearchAction","target":{"@type":"EntryPoint","urlTemplate":"https:\/\/kidsplay.lt\/?s={search_term_string}"},"query-input":{"@type":"PropertyValueSpecification","valueRequired":true,"valueName":"search_term_string"}}],"inLanguage":"lv-LV"},{"@type":"Organization","@id":"https:\/\/kidsplay.lt\/#organization","name":"B\u0113rnu sp\u0113le","url":"https:\/\/kidsplay.lt\/","logo":{"@type":"ImageObject","inLanguage":"lv-LV","@id":"https:\/\/kidsplay.lt\/#\/schema\/logo\/image\/","url":"https:\/\/kidsplay.lt\/wp-content\/uploads\/2023\/07\/kidsplay-logo.png","contentUrl":"https:\/\/kidsplay.lt\/wp-content\/uploads\/2023\/07\/kidsplay-logo.png","width":451,"height":98,"caption":"KidsPlay"},"image":{"@id":"https:\/\/kidsplay.lt\/#\/schema\/logo\/image\/"},"sameAs":["https:\/\/www.facebook.com\/www.kidsplay.lt"]}]}},"_links":{"self":[{"href":"https:\/\/kidsplay.lt\/lv\/wp-json\/wp\/v2\/product\/90196","targetHints":{"allow":["GET"]}}],"collection":[{"href":"https:\/\/kidsplay.lt\/lv\/wp-json\/wp\/v2\/product"}],"about":[{"href":"https:\/\/kidsplay.lt\/lv\/wp-json\/wp\/v2\/types\/product"}],"version-history":[{"count":1,"href":"https:\/\/kidsplay.lt\/lv\/wp-json\/wp\/v2\/product\/90196\/revisions"}],"predecessor-version":[{"id":90197,"href":"https:\/\/kidsplay.lt\/lv\/wp-json\/wp\/v2\/product\/90196\/revisions\/90197"}],"wp:featuredmedia":[{"embeddable":true,"href":"https:\/\/kidsplay.lt\/lv\/wp-json\/wp\/v2\/media\/66790"}],"wp:attachment":[{"href":"https:\/\/kidsplay.lt\/lv\/wp-json\/wp\/v2\/media?parent=90196"}],"wp:term":[{"taxonomy":"product_brand","embeddable":true,"href":"https:\/\/kidsplay.lt\/lv\/wp-json\/wp\/v2\/product_brand?post=90196"},{"taxonomy":"product_cat","embeddable":true,"href":"https:\/\/kidsplay.lt\/lv\/wp-json\/wp\/v2\/product_cat?post=90196"},{"taxonomy":"product_tag","embeddable":true,"href":"https:\/\/kidsplay.lt\/lv\/wp-json\/wp\/v2\/product_tag?post=90196"}],"curies":[{"name":"wp","href":"https:\/\/api.w.org\/{rel}","templated":true}]}}