{"id":90198,"date":"2026-02-26T09:39:42","date_gmt":"2026-02-26T07:39:42","guid":{"rendered":"https:\/\/kidsplay.lt\/produktas\/woopie-kasos-aparatas-su-skaiciuotuvu-ir-priedais\/"},"modified":"2026-04-07T10:53:27","modified_gmt":"2026-04-07T07:53:27","slug":"woopie-kasos-aparatas-su-skaiciuotuvu-ir-priedais","status":"publish","type":"product","link":"https:\/\/kidsplay.lt\/lv\/products\/woopie-kasos-aparatas-su-skaiciuotuvu-ir-priedais\/","title":{"rendered":"WOOPIE kases apar\u0101ts ar kalkulatoru un piederumiem"},"content":{"rendered":"<p>WOOPIE\u00a0kasos aparat\u0173 rinkinys\u00a0\u00a0su priedais yra puikus pasirinkimas vaikams, kurie m\u0117gsta vaidmen\u0173 \u017eaidimus. \u0160is\u00a0interaktyvus edukacinis \u017eaislas\u00a0derina mokym\u0105si su pramogomis, supa\u017eindindamas ma\u017eus vaikus su apsipirkimo, skai\u010diavimo ir kasos aparato naudojimo pasauliu. D\u0117l\u00a0realisti\u0161k\u0173 detali\u0173\u00a0ir\u00a0plataus pried\u0173 asortimento\u00a0vaikai gali pasijusti ir pardav\u0117ju, ir klientu. Vaikai gali i\u0161sirinkti norimus pirkti produktus, sud\u0117ti juos \u012f krep\u0161el\u012f ir tada, naudodamiesi skaitytuvu, \u012fkelti \u012f kas\u0105. Pirk\u0117jas gali atsiskaityti grynaisiais arba mok\u0117jimo kortele. \u017daislas idealiai tinka naudoti su didesne \u017emoni\u0173 grupe, suskirstyta \u012f vaidmenis.<\/p>\n<p>Rakstur\u012bgs:<\/p>\n<p> \t&#8211; Interaktyvus kasos aparatas su ekranu<br \/>\n \t&#8211; Veikiantys skaitmeniniai mygtukai ir skai\u010diuotuvo funkcija<br \/>\n \t&#8211; Atidaroma pinig\u0173 d\u0117\u017eut\u0117<br \/>\n \t&#8211; Kilnojamas skaitytuvas su garsu ir \u0161viesa \u2013 tiesiog priartinkite j\u012f prie gaminio<br \/>\n \t&#8211; Mok\u0117jimo korteli\u0173 skaitytuvas &#8211; plastikin\u0117s kortel\u0117s pridedamos<br \/>\n \t&#8211; Realisti\u0161ki kasos aparato, nuskaitymo ir stal\u010di\u0173 atidarymo garsai<br \/>\n \t&#8211; Pirkini\u0173 krep\u0161elis su maisto produktais<br \/>\n \t&#8211; Banknot\u0173, monet\u0173 ir mok\u0117jimo korteli\u0173 rinkinys pramogai<\/p>\n<p>Komplekt\u0101 ietilpst:<\/p>\n<p> \t&#8211; kasos aparatas su skai\u010diuotuvu, atidaromas kasos aparatas pinigams laikyti<br \/>\n \t&#8211; maisto produktai, pagaminti i\u0161 plastiko, pvz., paprikos, kukur\u016bzai ar vi\u0161tienos blauzdel\u0117s<br \/>\n \t&#8211; monetos<br \/>\n \t&#8211; kreditin\u0117s kortel\u0117s<br \/>\n \t&#8211; banknotai<br \/>\n \t&#8211; pirkini\u0173 krep\u0161elis<br \/>\n \t&#8211; skaitytuvas, skleid\u017eiantis garsus<\/p>\n<p>Rota\u013clieta att\u012bst\u0101s:<\/p>\n<p> \t&#8211; komunikabilumas<br \/>\n \t&#8211; pagrindiniai matematikos ir skai\u010diuotuvo naudojimo principai<br \/>\n \t&#8211; smulkiosios motorikos \u012fg\u016bd\u017eiai<br \/>\n \t&#8211; k\u016brybi\u0161kumas ir vaizduot\u0117<\/p>","protected":false},"excerpt":{"rendered":"<p>WOOPIE\u00a0kasos aparat\u0173 rinkinys\u00a0\u00a0su priedais yra puikus pasirinkimas vaikams, kurie m\u0117gsta vaidmen\u0173 \u017eaidimus. \u0160is\u00a0interaktyvus edukacinis \u017eaislas\u00a0derina mokym\u0105si su pramogomis, supa\u017eindindamas ma\u017eus<\/p>","protected":false},"featured_media":66797,"template":"","meta":{"_acf_changed":false,"_glsr_average":0,"_glsr_ranking":0,"_glsr_reviews":0},"product_brand":[],"product_cat":[893,399],"product_tag":[],"class_list":{"0":"post-90198","1":"product","2":"type-product","3":"status-publish","4":"has-post-thumbnail","6":"product_cat-parduotuves","7":"product_cat-vaidmenu-zaidimai-2","8":"\"style=\"background-color: #2ecc711c;\"","10":"first","11":"instock","12":"purchasable","13":"product-type-simple"},"acf":[],"yoast_head":"<!-- This site is optimized with the Yoast SEO plugin v27.3 - https:\/\/yoast.com\/product\/yoast-seo-wordpress\/ -->\n<title>WOOPIE kasos aparatas su skai\u010diuotuvu ir priedais<\/title>\n<meta name=\"description\" content=\"WOOPIE kasos aparatas su skai\u010diuotuvu ir priedais - KidsPlay. Did\u017eiausias vaik\u0173 \u017eaisl\u0173 pasirinkimas.\" \/>\n<meta name=\"robots\" content=\"index, follow, max-snippet:-1, max-image-preview:large, max-video-preview:-1\" \/>\n<link rel=\"canonical\" href=\"https:\/\/kidsplay.lt\/lv\/products\/woopie-kasos-aparatas-su-skaiciuotuvu-ir-priedais\/\" \/>\n<meta property=\"og:locale\" content=\"lv_LV\" \/>\n<meta property=\"og:type\" content=\"article\" \/>\n<meta property=\"og:title\" content=\"WOOPIE kasos aparatas su skai\u010diuotuvu ir priedais\" \/>\n<meta property=\"og:description\" content=\"WOOPIE kasos aparatas su skai\u010diuotuvu ir priedais - KidsPlay. Did\u017eiausias vaik\u0173 \u017eaisl\u0173 pasirinkimas.\" \/>\n<meta property=\"og:url\" content=\"https:\/\/kidsplay.lt\/lv\/products\/woopie-kasos-aparatas-su-skaiciuotuvu-ir-priedais\/\" \/>\n<meta property=\"og:site_name\" content=\"KidsPlay\" \/>\n<meta property=\"article:publisher\" content=\"https:\/\/www.facebook.com\/www.kidsplay.lt\" \/>\n<meta property=\"article:modified_time\" content=\"2026-04-07T07:53:27+00:00\" \/>\n<meta property=\"og:image\" content=\"https:\/\/kidsplay.lt\/wp-content\/uploads\/2025\/09\/WOOPIE-kasos-aparatas-su-skaiciuotuvu-ir-priedais.jpg\" \/>\n\t<meta property=\"og:image:width\" content=\"1000\" \/>\n\t<meta property=\"og:image:height\" content=\"1000\" \/>\n\t<meta property=\"og:image:type\" content=\"image\/jpeg\" \/>\n<meta name=\"twitter:card\" content=\"summary_large_image\" \/>\n<meta name=\"twitter:label1\" content=\"Est. reading time\" \/>\n\t<meta name=\"twitter:data1\" content=\"1 min\u016bte\" \/>\n<script type=\"application\/ld+json\" class=\"yoast-schema-graph\">{\"@context\":\"https:\\\/\\\/schema.org\",\"@graph\":[{\"@type\":\"WebPage\",\"@id\":\"https:\\\/\\\/kidsplay.lt\\\/produktas\\\/woopie-kasos-aparatas-su-skaiciuotuvu-ir-priedais\\\/\",\"url\":\"https:\\\/\\\/kidsplay.lt\\\/produktas\\\/woopie-kasos-aparatas-su-skaiciuotuvu-ir-priedais\\\/\",\"name\":\"WOOPIE kasos aparatas su skai\u010diuotuvu ir priedais\",\"isPartOf\":{\"@id\":\"https:\\\/\\\/kidsplay.lt\\\/#website\"},\"primaryImageOfPage\":{\"@id\":\"https:\\\/\\\/kidsplay.lt\\\/produktas\\\/woopie-kasos-aparatas-su-skaiciuotuvu-ir-priedais\\\/#primaryimage\"},\"image\":{\"@id\":\"https:\\\/\\\/kidsplay.lt\\\/produktas\\\/woopie-kasos-aparatas-su-skaiciuotuvu-ir-priedais\\\/#primaryimage\"},\"thumbnailUrl\":\"https:\\\/\\\/kidsplay.lt\\\/wp-content\\\/uploads\\\/2025\\\/09\\\/WOOPIE-kasos-aparatas-su-skaiciuotuvu-ir-priedais.jpg\",\"datePublished\":\"2026-02-26T07:39:42+00:00\",\"dateModified\":\"2026-04-07T07:53:27+00:00\",\"description\":\"WOOPIE kasos aparatas su skai\u010diuotuvu ir priedais - KidsPlay. Did\u017eiausias vaik\u0173 \u017eaisl\u0173 pasirinkimas.\",\"breadcrumb\":{\"@id\":\"https:\\\/\\\/kidsplay.lt\\\/produktas\\\/woopie-kasos-aparatas-su-skaiciuotuvu-ir-priedais\\\/#breadcrumb\"},\"inLanguage\":\"lv-LV\",\"potentialAction\":[{\"@type\":\"ReadAction\",\"target\":[\"https:\\\/\\\/kidsplay.lt\\\/produktas\\\/woopie-kasos-aparatas-su-skaiciuotuvu-ir-priedais\\\/\"]}]},{\"@type\":\"ImageObject\",\"inLanguage\":\"lv-LV\",\"@id\":\"https:\\\/\\\/kidsplay.lt\\\/produktas\\\/woopie-kasos-aparatas-su-skaiciuotuvu-ir-priedais\\\/#primaryimage\",\"url\":\"https:\\\/\\\/kidsplay.lt\\\/wp-content\\\/uploads\\\/2025\\\/09\\\/WOOPIE-kasos-aparatas-su-skaiciuotuvu-ir-priedais.jpg\",\"contentUrl\":\"https:\\\/\\\/kidsplay.lt\\\/wp-content\\\/uploads\\\/2025\\\/09\\\/WOOPIE-kasos-aparatas-su-skaiciuotuvu-ir-priedais.jpg\",\"width\":1000,\"height\":1000,\"caption\":\"WOOPIE kasos aparatas su skai\u010diuotuvu ir priedais\"},{\"@type\":\"BreadcrumbList\",\"@id\":\"https:\\\/\\\/kidsplay.lt\\\/produktas\\\/woopie-kasos-aparatas-su-skaiciuotuvu-ir-priedais\\\/#breadcrumb\",\"itemListElement\":[{\"@type\":\"ListItem\",\"position\":1,\"name\":\"Pagrindinis\",\"item\":\"https:\\\/\\\/kidsplay.lt\\\/\"},{\"@type\":\"ListItem\",\"position\":2,\"name\":\"Parduotuv\u0117\",\"item\":\"https:\\\/\\\/kidsplay.lt\\\/parduotuve\\\/\"},{\"@type\":\"ListItem\",\"position\":3,\"name\":\"WOOPIE kasos aparatas su skai\u010diuotuvu ir priedais\"}]},{\"@type\":\"WebSite\",\"@id\":\"https:\\\/\\\/kidsplay.lt\\\/#website\",\"url\":\"https:\\\/\\\/kidsplay.lt\\\/\",\"name\":\"Kidsplay.lt\",\"description\":\"\u012evairios prek\u0117s vaikams\",\"publisher\":{\"@id\":\"https:\\\/\\\/kidsplay.lt\\\/#organization\"},\"alternateName\":\"Kidsplay\",\"potentialAction\":[{\"@type\":\"SearchAction\",\"target\":{\"@type\":\"EntryPoint\",\"urlTemplate\":\"https:\\\/\\\/kidsplay.lt\\\/?s={search_term_string}\"},\"query-input\":{\"@type\":\"PropertyValueSpecification\",\"valueRequired\":true,\"valueName\":\"search_term_string\"}}],\"inLanguage\":\"lv-LV\"},{\"@type\":\"Organization\",\"@id\":\"https:\\\/\\\/kidsplay.lt\\\/#organization\",\"name\":\"KidsPlay\",\"url\":\"https:\\\/\\\/kidsplay.lt\\\/\",\"logo\":{\"@type\":\"ImageObject\",\"inLanguage\":\"lv-LV\",\"@id\":\"https:\\\/\\\/kidsplay.lt\\\/#\\\/schema\\\/logo\\\/image\\\/\",\"url\":\"https:\\\/\\\/kidsplay.lt\\\/wp-content\\\/uploads\\\/2023\\\/07\\\/kidsplay-logo.png\",\"contentUrl\":\"https:\\\/\\\/kidsplay.lt\\\/wp-content\\\/uploads\\\/2023\\\/07\\\/kidsplay-logo.png\",\"width\":451,\"height\":98,\"caption\":\"KidsPlay\"},\"image\":{\"@id\":\"https:\\\/\\\/kidsplay.lt\\\/#\\\/schema\\\/logo\\\/image\\\/\"},\"sameAs\":[\"https:\\\/\\\/www.facebook.com\\\/www.kidsplay.lt\"]}]}<\/script>\n<!-- \/ Yoast SEO plugin. -->","yoast_head_json":{"title":"WOOPIE kases apar\u0101ts ar kalkulatoru un piederumiem","description":"WOOPIE kasos aparatas su skai\u010diuotuvu ir priedais - KidsPlay. Did\u017eiausias vaik\u0173 \u017eaisl\u0173 pasirinkimas.","robots":{"index":"index","follow":"follow","max-snippet":"max-snippet:-1","max-image-preview":"max-image-preview:large","max-video-preview":"max-video-preview:-1"},"canonical":"https:\/\/kidsplay.lt\/lv\/products\/woopie-kasos-aparatas-su-skaiciuotuvu-ir-priedais\/","og_locale":"lv_LV","og_type":"article","og_title":"WOOPIE kasos aparatas su skai\u010diuotuvu ir priedais","og_description":"WOOPIE kasos aparatas su skai\u010diuotuvu ir priedais - KidsPlay. Did\u017eiausias vaik\u0173 \u017eaisl\u0173 pasirinkimas.","og_url":"https:\/\/kidsplay.lt\/lv\/products\/woopie-kasos-aparatas-su-skaiciuotuvu-ir-priedais\/","og_site_name":"KidsPlay","article_publisher":"https:\/\/www.facebook.com\/www.kidsplay.lt","article_modified_time":"2026-04-07T07:53:27+00:00","og_image":[{"width":1000,"height":1000,"url":"https:\/\/kidsplay.lt\/wp-content\/uploads\/2025\/09\/WOOPIE-kasos-aparatas-su-skaiciuotuvu-ir-priedais.jpg","type":"image\/jpeg"}],"twitter_card":"summary_large_image","twitter_misc":{"Est. reading time":"1 min\u016bte"},"schema":{"@context":"https:\/\/schema.org","@graph":[{"@type":"WebPage","@id":"https:\/\/kidsplay.lt\/produktas\/woopie-kasos-aparatas-su-skaiciuotuvu-ir-priedais\/","url":"https:\/\/kidsplay.lt\/produktas\/woopie-kasos-aparatas-su-skaiciuotuvu-ir-priedais\/","name":"WOOPIE kases apar\u0101ts ar kalkulatoru un piederumiem","isPartOf":{"@id":"https:\/\/kidsplay.lt\/#website"},"primaryImageOfPage":{"@id":"https:\/\/kidsplay.lt\/produktas\/woopie-kasos-aparatas-su-skaiciuotuvu-ir-priedais\/#primaryimage"},"image":{"@id":"https:\/\/kidsplay.lt\/produktas\/woopie-kasos-aparatas-su-skaiciuotuvu-ir-priedais\/#primaryimage"},"thumbnailUrl":"https:\/\/kidsplay.lt\/wp-content\/uploads\/2025\/09\/WOOPIE-kasos-aparatas-su-skaiciuotuvu-ir-priedais.jpg","datePublished":"2026-02-26T07:39:42+00:00","dateModified":"2026-04-07T07:53:27+00:00","description":"WOOPIE kasos aparatas su skai\u010diuotuvu ir priedais - KidsPlay. Did\u017eiausias vaik\u0173 \u017eaisl\u0173 pasirinkimas.","breadcrumb":{"@id":"https:\/\/kidsplay.lt\/produktas\/woopie-kasos-aparatas-su-skaiciuotuvu-ir-priedais\/#breadcrumb"},"inLanguage":"lv-LV","potentialAction":[{"@type":"ReadAction","target":["https:\/\/kidsplay.lt\/produktas\/woopie-kasos-aparatas-su-skaiciuotuvu-ir-priedais\/"]}]},{"@type":"ImageObject","inLanguage":"lv-LV","@id":"https:\/\/kidsplay.lt\/produktas\/woopie-kasos-aparatas-su-skaiciuotuvu-ir-priedais\/#primaryimage","url":"https:\/\/kidsplay.lt\/wp-content\/uploads\/2025\/09\/WOOPIE-kasos-aparatas-su-skaiciuotuvu-ir-priedais.jpg","contentUrl":"https:\/\/kidsplay.lt\/wp-content\/uploads\/2025\/09\/WOOPIE-kasos-aparatas-su-skaiciuotuvu-ir-priedais.jpg","width":1000,"height":1000,"caption":"WOOPIE kasos aparatas su skai\u010diuotuvu ir priedais"},{"@type":"BreadcrumbList","@id":"https:\/\/kidsplay.lt\/produktas\/woopie-kasos-aparatas-su-skaiciuotuvu-ir-priedais\/#breadcrumb","itemListElement":[{"@type":"ListItem","position":1,"name":"Pagrindinis","item":"https:\/\/kidsplay.lt\/"},{"@type":"ListItem","position":2,"name":"Parduotuv\u0117","item":"https:\/\/kidsplay.lt\/parduotuve\/"},{"@type":"ListItem","position":3,"name":"WOOPIE kasos aparatas su skai\u010diuotuvu ir priedais"}]},{"@type":"WebSite","@id":"https:\/\/kidsplay.lt\/#website","url":"https:\/\/kidsplay.lt\/","name":"B\u0113rnu sp\u0113les.lv","description":"\u012evairios prek\u0117s vaikams","publisher":{"@id":"https:\/\/kidsplay.lt\/#organization"},"alternateName":"Kidsplay","potentialAction":[{"@type":"SearchAction","target":{"@type":"EntryPoint","urlTemplate":"https:\/\/kidsplay.lt\/?s={search_term_string}"},"query-input":{"@type":"PropertyValueSpecification","valueRequired":true,"valueName":"search_term_string"}}],"inLanguage":"lv-LV"},{"@type":"Organization","@id":"https:\/\/kidsplay.lt\/#organization","name":"B\u0113rnu sp\u0113le","url":"https:\/\/kidsplay.lt\/","logo":{"@type":"ImageObject","inLanguage":"lv-LV","@id":"https:\/\/kidsplay.lt\/#\/schema\/logo\/image\/","url":"https:\/\/kidsplay.lt\/wp-content\/uploads\/2023\/07\/kidsplay-logo.png","contentUrl":"https:\/\/kidsplay.lt\/wp-content\/uploads\/2023\/07\/kidsplay-logo.png","width":451,"height":98,"caption":"KidsPlay"},"image":{"@id":"https:\/\/kidsplay.lt\/#\/schema\/logo\/image\/"},"sameAs":["https:\/\/www.facebook.com\/www.kidsplay.lt"]}]}},"_links":{"self":[{"href":"https:\/\/kidsplay.lt\/lv\/wp-json\/wp\/v2\/product\/90198","targetHints":{"allow":["GET"]}}],"collection":[{"href":"https:\/\/kidsplay.lt\/lv\/wp-json\/wp\/v2\/product"}],"about":[{"href":"https:\/\/kidsplay.lt\/lv\/wp-json\/wp\/v2\/types\/product"}],"version-history":[{"count":1,"href":"https:\/\/kidsplay.lt\/lv\/wp-json\/wp\/v2\/product\/90198\/revisions"}],"predecessor-version":[{"id":90199,"href":"https:\/\/kidsplay.lt\/lv\/wp-json\/wp\/v2\/product\/90198\/revisions\/90199"}],"wp:featuredmedia":[{"embeddable":true,"href":"https:\/\/kidsplay.lt\/lv\/wp-json\/wp\/v2\/media\/66797"}],"wp:attachment":[{"href":"https:\/\/kidsplay.lt\/lv\/wp-json\/wp\/v2\/media?parent=90198"}],"wp:term":[{"taxonomy":"product_brand","embeddable":true,"href":"https:\/\/kidsplay.lt\/lv\/wp-json\/wp\/v2\/product_brand?post=90198"},{"taxonomy":"product_cat","embeddable":true,"href":"https:\/\/kidsplay.lt\/lv\/wp-json\/wp\/v2\/product_cat?post=90198"},{"taxonomy":"product_tag","embeddable":true,"href":"https:\/\/kidsplay.lt\/lv\/wp-json\/wp\/v2\/product_tag?post=90198"}],"curies":[{"name":"wp","href":"https:\/\/api.w.org\/{rel}","templated":true}]}}