{"id":90211,"date":"2026-02-26T09:40:03","date_gmt":"2026-02-26T07:40:03","guid":{"rendered":"https:\/\/kidsplay.lt\/produktas\/woopie-baby-misko-gyvunu-uodegu-audinio-knyga\/"},"modified":"2026-04-13T15:17:33","modified_gmt":"2026-04-13T12:17:33","slug":"woopie-baby-misko-gyvunu-uodegu-audinio-knyga","status":"publish","type":"product","link":"https:\/\/kidsplay.lt\/lv\/products\/woopie-baby-misko-gyvunu-uodegu-audinio-knyga\/","title":{"rendered":"WOOPIE BABY Me\u017ea dz\u012bvnieku astes auduma gr\u0101mata"},"content":{"rendered":"<p>\u0160i \u201eWoopie\u201c prek\u0117s \u017eenklo\u00a0knygel\u0117 su mi\u0161ko gyv\u016bn\u0173 uodegomis puikiai tinka patiems ma\u017eiausiems vaikams. \u010ciurlenantys,\u00a0mink\u0161ti\u00a0puslapiai lavina k\u016bdikio poj\u016b\u010dius ir suteikia\u00a0sensorin\u0119 patirt\u012f\u00a0.\u00a0Spalvingos iliustracijos\u00a0lavina reg\u0117jim\u0105 ir steb\u0117jimo \u012fg\u016bd\u017eius. Kiekviename puslapyje yra skirting\u0173 gyv\u016bn\u0173 uodeg\u0173, kurias k\u016bdikis gali suimti, kad lavint\u0173\u00a0rank\u0173 ir aki\u0173 koordinacij\u0105\u00a0. Knygel\u0117 gali b\u016bti naudojama kaip\u00a0ve\u017eim\u0117lio ar lovel\u0117s pakabukas\u00a0, ji tvirtinama \u201eVelcro\u201c juosta.<\/p>\n<p>Rakstur\u012bgs:<\/p>\n<p> \t&#8211; \u017eaislas, skirtas vaikams nuo\u00a0gimimo<br \/>\n \t&#8211; spalvingos iliustracijos<br \/>\n \t&#8211; turi \u010de\u017e\u0117jimo element\u0173<br \/>\n \t&#8211; vandeniui atspari ir lengvai valoma knygel\u0117<\/p>\n<p>Rota\u013clieta att\u012bst\u0101s:<\/p>\n<p> \t&#8211; visi poj\u016b\u010diai nuo gimimo<br \/>\n \t&#8211; lavina reg\u0117jim\u0105 ir steb\u0117jimo \u012fg\u016bd\u017eius<br \/>\n \t&#8211; lavina aki\u0173-rank\u0173 koordinacij\u0105<\/p>","protected":false},"excerpt":{"rendered":"<p>\u0160i \u201eWoopie\u201c prek\u0117s \u017eenklo\u00a0knygel\u0117 su mi\u0161ko gyv\u016bn\u0173 uodegomis puikiai tinka patiems ma\u017eiausiems vaikams. \u010ciurlenantys,\u00a0mink\u0161ti\u00a0puslapiai lavina k\u016bdikio poj\u016b\u010dius ir suteikia\u00a0sensorin\u0119 patirt\u012f\u00a0.\u00a0Spalvingos<\/p>","protected":false},"featured_media":66853,"template":"","meta":{"_acf_changed":false,"_glsr_average":0,"_glsr_ranking":0,"_glsr_reviews":0},"product_brand":[],"product_cat":[396,229],"product_tag":[],"class_list":{"0":"post-90211","1":"product","2":"type-product","3":"status-publish","4":"has-post-thumbnail","6":"product_cat-kudikiu-zaislai-vaikams2","7":"product_cat-zaislai-vaikams","8":"\"style=\"background-color: #2ecc711c;\"","10":"first","11":"instock","12":"purchasable","13":"product-type-simple"},"acf":[],"yoast_head":"<!-- This site is optimized with the Yoast SEO plugin v27.3 - https:\/\/yoast.com\/product\/yoast-seo-wordpress\/ -->\n<title>\ufeff WOOPIE BABY mi\u0161ko gyv\u016bn\u0173 uodeg\u0173 audinio knyga<\/title>\n<meta name=\"description\" content=\"\ufeff WOOPIE BABY mi\u0161ko gyv\u016bn\u0173 uodeg\u0173 audinio knyga - KidsPlay. Did\u017eiausias vaik\u0173 \u017eaisl\u0173 pasirinkimas.\" \/>\n<meta name=\"robots\" content=\"index, follow, max-snippet:-1, max-image-preview:large, max-video-preview:-1\" \/>\n<link rel=\"canonical\" href=\"https:\/\/kidsplay.lt\/lv\/products\/woopie-baby-misko-gyvunu-uodegu-audinio-knyga\/\" \/>\n<meta property=\"og:locale\" content=\"lv_LV\" \/>\n<meta property=\"og:type\" content=\"article\" \/>\n<meta property=\"og:title\" content=\"\ufeff WOOPIE BABY mi\u0161ko gyv\u016bn\u0173 uodeg\u0173 audinio knyga\" \/>\n<meta property=\"og:description\" content=\"\ufeff WOOPIE BABY mi\u0161ko gyv\u016bn\u0173 uodeg\u0173 audinio knyga - KidsPlay. Did\u017eiausias vaik\u0173 \u017eaisl\u0173 pasirinkimas.\" \/>\n<meta property=\"og:url\" content=\"https:\/\/kidsplay.lt\/lv\/products\/woopie-baby-misko-gyvunu-uodegu-audinio-knyga\/\" \/>\n<meta property=\"og:site_name\" content=\"KidsPlay\" \/>\n<meta property=\"article:publisher\" content=\"https:\/\/www.facebook.com\/www.kidsplay.lt\" \/>\n<meta property=\"article:modified_time\" content=\"2026-04-13T12:17:33+00:00\" \/>\n<meta property=\"og:image\" content=\"https:\/\/kidsplay.lt\/wp-content\/uploads\/2025\/09\/\ufeff-WOOPIE-BABY-misko-gyvunu-uodegu-audinio-knyga.jpg\" \/>\n\t<meta property=\"og:image:width\" content=\"1000\" \/>\n\t<meta property=\"og:image:height\" content=\"1000\" \/>\n\t<meta property=\"og:image:type\" content=\"image\/jpeg\" \/>\n<meta name=\"twitter:card\" content=\"summary_large_image\" \/>\n<meta name=\"twitter:label1\" content=\"Est. reading time\" \/>\n\t<meta name=\"twitter:data1\" content=\"1 min\u016bte\" \/>\n<script type=\"application\/ld+json\" class=\"yoast-schema-graph\">{\"@context\":\"https:\\\/\\\/schema.org\",\"@graph\":[{\"@type\":\"WebPage\",\"@id\":\"https:\\\/\\\/kidsplay.lt\\\/produktas\\\/woopie-baby-misko-gyvunu-uodegu-audinio-knyga\\\/\",\"url\":\"https:\\\/\\\/kidsplay.lt\\\/produktas\\\/woopie-baby-misko-gyvunu-uodegu-audinio-knyga\\\/\",\"name\":\"\ufeff WOOPIE BABY mi\u0161ko gyv\u016bn\u0173 uodeg\u0173 audinio knyga\",\"isPartOf\":{\"@id\":\"https:\\\/\\\/kidsplay.lt\\\/#website\"},\"primaryImageOfPage\":{\"@id\":\"https:\\\/\\\/kidsplay.lt\\\/produktas\\\/woopie-baby-misko-gyvunu-uodegu-audinio-knyga\\\/#primaryimage\"},\"image\":{\"@id\":\"https:\\\/\\\/kidsplay.lt\\\/produktas\\\/woopie-baby-misko-gyvunu-uodegu-audinio-knyga\\\/#primaryimage\"},\"thumbnailUrl\":\"https:\\\/\\\/kidsplay.lt\\\/wp-content\\\/uploads\\\/2025\\\/09\\\/\ufeff-WOOPIE-BABY-misko-gyvunu-uodegu-audinio-knyga.jpg\",\"datePublished\":\"2026-02-26T07:40:03+00:00\",\"dateModified\":\"2026-04-13T12:17:33+00:00\",\"description\":\"\ufeff WOOPIE BABY mi\u0161ko gyv\u016bn\u0173 uodeg\u0173 audinio knyga - KidsPlay. Did\u017eiausias vaik\u0173 \u017eaisl\u0173 pasirinkimas.\",\"breadcrumb\":{\"@id\":\"https:\\\/\\\/kidsplay.lt\\\/produktas\\\/woopie-baby-misko-gyvunu-uodegu-audinio-knyga\\\/#breadcrumb\"},\"inLanguage\":\"lv-LV\",\"potentialAction\":[{\"@type\":\"ReadAction\",\"target\":[\"https:\\\/\\\/kidsplay.lt\\\/produktas\\\/woopie-baby-misko-gyvunu-uodegu-audinio-knyga\\\/\"]}]},{\"@type\":\"ImageObject\",\"inLanguage\":\"lv-LV\",\"@id\":\"https:\\\/\\\/kidsplay.lt\\\/produktas\\\/woopie-baby-misko-gyvunu-uodegu-audinio-knyga\\\/#primaryimage\",\"url\":\"https:\\\/\\\/kidsplay.lt\\\/wp-content\\\/uploads\\\/2025\\\/09\\\/\ufeff-WOOPIE-BABY-misko-gyvunu-uodegu-audinio-knyga.jpg\",\"contentUrl\":\"https:\\\/\\\/kidsplay.lt\\\/wp-content\\\/uploads\\\/2025\\\/09\\\/\ufeff-WOOPIE-BABY-misko-gyvunu-uodegu-audinio-knyga.jpg\",\"width\":1000,\"height\":1000,\"caption\":\"\ufeff WOOPIE BABY mi\u0161ko gyv\u016bn\u0173 uodeg\u0173 audinio knyga\"},{\"@type\":\"BreadcrumbList\",\"@id\":\"https:\\\/\\\/kidsplay.lt\\\/produktas\\\/woopie-baby-misko-gyvunu-uodegu-audinio-knyga\\\/#breadcrumb\",\"itemListElement\":[{\"@type\":\"ListItem\",\"position\":1,\"name\":\"Pagrindinis\",\"item\":\"https:\\\/\\\/kidsplay.lt\\\/\"},{\"@type\":\"ListItem\",\"position\":2,\"name\":\"Parduotuv\u0117\",\"item\":\"https:\\\/\\\/kidsplay.lt\\\/parduotuve\\\/\"},{\"@type\":\"ListItem\",\"position\":3,\"name\":\"\ufeff WOOPIE BABY mi\u0161ko gyv\u016bn\u0173 uodeg\u0173 audinio knyga\"}]},{\"@type\":\"WebSite\",\"@id\":\"https:\\\/\\\/kidsplay.lt\\\/#website\",\"url\":\"https:\\\/\\\/kidsplay.lt\\\/\",\"name\":\"Kidsplay.lt\",\"description\":\"\u012evairios prek\u0117s vaikams\",\"publisher\":{\"@id\":\"https:\\\/\\\/kidsplay.lt\\\/#organization\"},\"alternateName\":\"Kidsplay\",\"potentialAction\":[{\"@type\":\"SearchAction\",\"target\":{\"@type\":\"EntryPoint\",\"urlTemplate\":\"https:\\\/\\\/kidsplay.lt\\\/?s={search_term_string}\"},\"query-input\":{\"@type\":\"PropertyValueSpecification\",\"valueRequired\":true,\"valueName\":\"search_term_string\"}}],\"inLanguage\":\"lv-LV\"},{\"@type\":\"Organization\",\"@id\":\"https:\\\/\\\/kidsplay.lt\\\/#organization\",\"name\":\"KidsPlay\",\"url\":\"https:\\\/\\\/kidsplay.lt\\\/\",\"logo\":{\"@type\":\"ImageObject\",\"inLanguage\":\"lv-LV\",\"@id\":\"https:\\\/\\\/kidsplay.lt\\\/#\\\/schema\\\/logo\\\/image\\\/\",\"url\":\"https:\\\/\\\/kidsplay.lt\\\/wp-content\\\/uploads\\\/2023\\\/07\\\/kidsplay-logo.png\",\"contentUrl\":\"https:\\\/\\\/kidsplay.lt\\\/wp-content\\\/uploads\\\/2023\\\/07\\\/kidsplay-logo.png\",\"width\":451,\"height\":98,\"caption\":\"KidsPlay\"},\"image\":{\"@id\":\"https:\\\/\\\/kidsplay.lt\\\/#\\\/schema\\\/logo\\\/image\\\/\"},\"sameAs\":[\"https:\\\/\\\/www.facebook.com\\\/www.kidsplay.lt\"]}]}<\/script>\n<!-- \/ Yoast SEO plugin. -->","yoast_head_json":{"title":"WOOPIE BABY Me\u017ea dz\u012bvnieku astes auduma gr\u0101mata","description":"\ufeff WOOPIE BABY mi\u0161ko gyv\u016bn\u0173 uodeg\u0173 audinio knyga - KidsPlay. Did\u017eiausias vaik\u0173 \u017eaisl\u0173 pasirinkimas.","robots":{"index":"index","follow":"follow","max-snippet":"max-snippet:-1","max-image-preview":"max-image-preview:large","max-video-preview":"max-video-preview:-1"},"canonical":"https:\/\/kidsplay.lt\/lv\/products\/woopie-baby-misko-gyvunu-uodegu-audinio-knyga\/","og_locale":"lv_LV","og_type":"article","og_title":"\ufeff WOOPIE BABY mi\u0161ko gyv\u016bn\u0173 uodeg\u0173 audinio knyga","og_description":"\ufeff WOOPIE BABY mi\u0161ko gyv\u016bn\u0173 uodeg\u0173 audinio knyga - KidsPlay. Did\u017eiausias vaik\u0173 \u017eaisl\u0173 pasirinkimas.","og_url":"https:\/\/kidsplay.lt\/lv\/products\/woopie-baby-misko-gyvunu-uodegu-audinio-knyga\/","og_site_name":"KidsPlay","article_publisher":"https:\/\/www.facebook.com\/www.kidsplay.lt","article_modified_time":"2026-04-13T12:17:33+00:00","og_image":[{"width":1000,"height":1000,"url":"https:\/\/kidsplay.lt\/wp-content\/uploads\/2025\/09\/\ufeff-WOOPIE-BABY-misko-gyvunu-uodegu-audinio-knyga.jpg","type":"image\/jpeg"}],"twitter_card":"summary_large_image","twitter_misc":{"Est. reading time":"1 min\u016bte"},"schema":{"@context":"https:\/\/schema.org","@graph":[{"@type":"WebPage","@id":"https:\/\/kidsplay.lt\/produktas\/woopie-baby-misko-gyvunu-uodegu-audinio-knyga\/","url":"https:\/\/kidsplay.lt\/produktas\/woopie-baby-misko-gyvunu-uodegu-audinio-knyga\/","name":"WOOPIE BABY Me\u017ea dz\u012bvnieku astes auduma gr\u0101mata","isPartOf":{"@id":"https:\/\/kidsplay.lt\/#website"},"primaryImageOfPage":{"@id":"https:\/\/kidsplay.lt\/produktas\/woopie-baby-misko-gyvunu-uodegu-audinio-knyga\/#primaryimage"},"image":{"@id":"https:\/\/kidsplay.lt\/produktas\/woopie-baby-misko-gyvunu-uodegu-audinio-knyga\/#primaryimage"},"thumbnailUrl":"https:\/\/kidsplay.lt\/wp-content\/uploads\/2025\/09\/\ufeff-WOOPIE-BABY-misko-gyvunu-uodegu-audinio-knyga.jpg","datePublished":"2026-02-26T07:40:03+00:00","dateModified":"2026-04-13T12:17:33+00:00","description":"\ufeff WOOPIE BABY mi\u0161ko gyv\u016bn\u0173 uodeg\u0173 audinio knyga - KidsPlay. Did\u017eiausias vaik\u0173 \u017eaisl\u0173 pasirinkimas.","breadcrumb":{"@id":"https:\/\/kidsplay.lt\/produktas\/woopie-baby-misko-gyvunu-uodegu-audinio-knyga\/#breadcrumb"},"inLanguage":"lv-LV","potentialAction":[{"@type":"ReadAction","target":["https:\/\/kidsplay.lt\/produktas\/woopie-baby-misko-gyvunu-uodegu-audinio-knyga\/"]}]},{"@type":"ImageObject","inLanguage":"lv-LV","@id":"https:\/\/kidsplay.lt\/produktas\/woopie-baby-misko-gyvunu-uodegu-audinio-knyga\/#primaryimage","url":"https:\/\/kidsplay.lt\/wp-content\/uploads\/2025\/09\/\ufeff-WOOPIE-BABY-misko-gyvunu-uodegu-audinio-knyga.jpg","contentUrl":"https:\/\/kidsplay.lt\/wp-content\/uploads\/2025\/09\/\ufeff-WOOPIE-BABY-misko-gyvunu-uodegu-audinio-knyga.jpg","width":1000,"height":1000,"caption":"\ufeff WOOPIE BABY mi\u0161ko gyv\u016bn\u0173 uodeg\u0173 audinio knyga"},{"@type":"BreadcrumbList","@id":"https:\/\/kidsplay.lt\/produktas\/woopie-baby-misko-gyvunu-uodegu-audinio-knyga\/#breadcrumb","itemListElement":[{"@type":"ListItem","position":1,"name":"Pagrindinis","item":"https:\/\/kidsplay.lt\/"},{"@type":"ListItem","position":2,"name":"Parduotuv\u0117","item":"https:\/\/kidsplay.lt\/parduotuve\/"},{"@type":"ListItem","position":3,"name":"\ufeff WOOPIE BABY mi\u0161ko gyv\u016bn\u0173 uodeg\u0173 audinio knyga"}]},{"@type":"WebSite","@id":"https:\/\/kidsplay.lt\/#website","url":"https:\/\/kidsplay.lt\/","name":"B\u0113rnu sp\u0113les.lv","description":"\u012evairios prek\u0117s vaikams","publisher":{"@id":"https:\/\/kidsplay.lt\/#organization"},"alternateName":"Kidsplay","potentialAction":[{"@type":"SearchAction","target":{"@type":"EntryPoint","urlTemplate":"https:\/\/kidsplay.lt\/?s={search_term_string}"},"query-input":{"@type":"PropertyValueSpecification","valueRequired":true,"valueName":"search_term_string"}}],"inLanguage":"lv-LV"},{"@type":"Organization","@id":"https:\/\/kidsplay.lt\/#organization","name":"B\u0113rnu sp\u0113le","url":"https:\/\/kidsplay.lt\/","logo":{"@type":"ImageObject","inLanguage":"lv-LV","@id":"https:\/\/kidsplay.lt\/#\/schema\/logo\/image\/","url":"https:\/\/kidsplay.lt\/wp-content\/uploads\/2023\/07\/kidsplay-logo.png","contentUrl":"https:\/\/kidsplay.lt\/wp-content\/uploads\/2023\/07\/kidsplay-logo.png","width":451,"height":98,"caption":"KidsPlay"},"image":{"@id":"https:\/\/kidsplay.lt\/#\/schema\/logo\/image\/"},"sameAs":["https:\/\/www.facebook.com\/www.kidsplay.lt"]}]}},"_links":{"self":[{"href":"https:\/\/kidsplay.lt\/lv\/wp-json\/wp\/v2\/product\/90211","targetHints":{"allow":["GET"]}}],"collection":[{"href":"https:\/\/kidsplay.lt\/lv\/wp-json\/wp\/v2\/product"}],"about":[{"href":"https:\/\/kidsplay.lt\/lv\/wp-json\/wp\/v2\/types\/product"}],"version-history":[{"count":1,"href":"https:\/\/kidsplay.lt\/lv\/wp-json\/wp\/v2\/product\/90211\/revisions"}],"predecessor-version":[{"id":90212,"href":"https:\/\/kidsplay.lt\/lv\/wp-json\/wp\/v2\/product\/90211\/revisions\/90212"}],"wp:featuredmedia":[{"embeddable":true,"href":"https:\/\/kidsplay.lt\/lv\/wp-json\/wp\/v2\/media\/66853"}],"wp:attachment":[{"href":"https:\/\/kidsplay.lt\/lv\/wp-json\/wp\/v2\/media?parent=90211"}],"wp:term":[{"taxonomy":"product_brand","embeddable":true,"href":"https:\/\/kidsplay.lt\/lv\/wp-json\/wp\/v2\/product_brand?post=90211"},{"taxonomy":"product_cat","embeddable":true,"href":"https:\/\/kidsplay.lt\/lv\/wp-json\/wp\/v2\/product_cat?post=90211"},{"taxonomy":"product_tag","embeddable":true,"href":"https:\/\/kidsplay.lt\/lv\/wp-json\/wp\/v2\/product_tag?post=90211"}],"curies":[{"name":"wp","href":"https:\/\/api.w.org\/{rel}","templated":true}]}}