{"id":90213,"date":"2026-02-26T09:40:06","date_gmt":"2026-02-26T07:40:06","guid":{"rendered":"https:\/\/kidsplay.lt\/produktas\/woopie-baby-kontrastine-sensorine-knyga-kudikiams\/"},"modified":"2026-04-07T10:53:45","modified_gmt":"2026-04-07T07:53:45","slug":"woopie-baby-kontrastine-sensorine-knyga-kudikiams","status":"publish","type":"product","link":"https:\/\/kidsplay.lt\/lv\/products\/woopie-baby-kontrastine-sensorine-knyga-kudikiams\/","title":{"rendered":"WOOPIE BABY kontrastu sensorisk\u0101 gr\u0101mata mazu\u013ciem"},"content":{"rendered":"<p>Didelio kontrasto\u00a0\u201eWoopie\u201c\u00a0prek\u0117s \u017eenklo knyga\u00a0, sukurta specialiai ma\u017eyliams. \u010ciurlenantys,\u00a0mink\u0161ti\u00a0puslapiai lavina k\u016bdikio poj\u016b\u010dius, suteikdami\u00a0sensorin\u0119 patirt\u012f\u00a0.\u00a0Nespalvotos iliustracijos\u00a0lavina reg\u0117jim\u0105 ir steb\u0117jimo \u012fg\u016bd\u017eius. Kiekviename puslapyje pavaizduotos \u012fvairi\u0173 gyv\u016bn\u0173 uodegos, kurias su\u0117mus, lavina k\u016bdikio\u00a0aki\u0173 ir rank\u0173 koordinacij\u0105\u00a0. Knyga gali b\u016bti naudojama kaip\u00a0ve\u017eim\u0117lio ar lovel\u0117s pakabukas\u00a0, ji tvirtinama lipnia juosta.<\/p>\n<p>Rakstur\u012bgs:<\/p>\n<p> \t&#8211; kontrastingos nespalvotos iliustracijos<br \/>\n \t&#8211; turi \u010de\u017e\u0117jimo element\u0173<br \/>\n \t&#8211; vandeniui atspari ir lengvai valoma knygel\u0117<\/p>\n<p>Rota\u013clieta att\u012bst\u0101s:<\/p>\n<p> \t&#8211; visi poj\u016b\u010diai nuo gimimo<br \/>\n \t&#8211; lavina reg\u0117jim\u0105 ir steb\u0117jimo \u012fg\u016bd\u017eius<br \/>\n \t&#8211; lavina aki\u0173-rank\u0173 koordinacij\u0105<\/p>","protected":false},"excerpt":{"rendered":"<p>Didelio kontrasto\u00a0\u201eWoopie\u201c\u00a0prek\u0117s \u017eenklo knyga\u00a0, sukurta specialiai ma\u017eyliams. \u010ciurlenantys,\u00a0mink\u0161ti\u00a0puslapiai lavina k\u016bdikio poj\u016b\u010dius, suteikdami\u00a0sensorin\u0119 patirt\u012f\u00a0.\u00a0Nespalvotos iliustracijos\u00a0lavina reg\u0117jim\u0105 ir steb\u0117jimo \u012fg\u016bd\u017eius. Kiekviename puslapyje<\/p>","protected":false},"featured_media":66857,"template":"","meta":{"_acf_changed":false,"_glsr_average":0,"_glsr_ranking":0,"_glsr_reviews":0},"product_brand":[],"product_cat":[396,229],"product_tag":[],"class_list":{"0":"post-90213","1":"product","2":"type-product","3":"status-publish","4":"has-post-thumbnail","6":"product_cat-kudikiu-zaislai-vaikams2","7":"product_cat-zaislai-vaikams","8":"\"style=\"background-color: #2ecc711c;\"","10":"first","11":"instock","12":"purchasable","13":"product-type-simple"},"acf":[],"yoast_head":"<!-- This site is optimized with the Yoast SEO plugin v27.3 - https:\/\/yoast.com\/product\/yoast-seo-wordpress\/ -->\n<title>WOOPIE BABY kontrastin\u0117 sensorin\u0117 knyga k\u016bdikiams<\/title>\n<meta name=\"description\" content=\"WOOPIE BABY kontrastin\u0117 sensorin\u0117 knyga k\u016bdikiams - KidsPlay. Did\u017eiausias vaik\u0173 \u017eaisl\u0173 pasirinkimas.\" \/>\n<meta name=\"robots\" content=\"index, follow, max-snippet:-1, max-image-preview:large, max-video-preview:-1\" \/>\n<link rel=\"canonical\" href=\"https:\/\/kidsplay.lt\/lv\/products\/woopie-baby-kontrastine-sensorine-knyga-kudikiams\/\" \/>\n<meta property=\"og:locale\" content=\"lv_LV\" \/>\n<meta property=\"og:type\" content=\"article\" \/>\n<meta property=\"og:title\" content=\"WOOPIE BABY kontrastin\u0117 sensorin\u0117 knyga k\u016bdikiams\" \/>\n<meta property=\"og:description\" content=\"WOOPIE BABY kontrastin\u0117 sensorin\u0117 knyga k\u016bdikiams - KidsPlay. Did\u017eiausias vaik\u0173 \u017eaisl\u0173 pasirinkimas.\" \/>\n<meta property=\"og:url\" content=\"https:\/\/kidsplay.lt\/lv\/products\/woopie-baby-kontrastine-sensorine-knyga-kudikiams\/\" \/>\n<meta property=\"og:site_name\" content=\"KidsPlay\" \/>\n<meta property=\"article:publisher\" content=\"https:\/\/www.facebook.com\/www.kidsplay.lt\" \/>\n<meta property=\"article:modified_time\" content=\"2026-04-07T07:53:45+00:00\" \/>\n<meta property=\"og:image\" content=\"https:\/\/kidsplay.lt\/wp-content\/uploads\/2025\/09\/WOOPIE-BABY-kontrastine-sensorine-knyga-kudikiams.jpg\" \/>\n\t<meta property=\"og:image:width\" content=\"1000\" \/>\n\t<meta property=\"og:image:height\" content=\"1000\" \/>\n\t<meta property=\"og:image:type\" content=\"image\/jpeg\" \/>\n<meta name=\"twitter:card\" content=\"summary_large_image\" \/>\n<meta name=\"twitter:label1\" content=\"Est. reading time\" \/>\n\t<meta name=\"twitter:data1\" content=\"1 min\u016bte\" \/>\n<script type=\"application\/ld+json\" class=\"yoast-schema-graph\">{\"@context\":\"https:\\\/\\\/schema.org\",\"@graph\":[{\"@type\":\"WebPage\",\"@id\":\"https:\\\/\\\/kidsplay.lt\\\/produktas\\\/woopie-baby-kontrastine-sensorine-knyga-kudikiams\\\/\",\"url\":\"https:\\\/\\\/kidsplay.lt\\\/produktas\\\/woopie-baby-kontrastine-sensorine-knyga-kudikiams\\\/\",\"name\":\"WOOPIE BABY kontrastin\u0117 sensorin\u0117 knyga k\u016bdikiams\",\"isPartOf\":{\"@id\":\"https:\\\/\\\/kidsplay.lt\\\/#website\"},\"primaryImageOfPage\":{\"@id\":\"https:\\\/\\\/kidsplay.lt\\\/produktas\\\/woopie-baby-kontrastine-sensorine-knyga-kudikiams\\\/#primaryimage\"},\"image\":{\"@id\":\"https:\\\/\\\/kidsplay.lt\\\/produktas\\\/woopie-baby-kontrastine-sensorine-knyga-kudikiams\\\/#primaryimage\"},\"thumbnailUrl\":\"https:\\\/\\\/kidsplay.lt\\\/wp-content\\\/uploads\\\/2025\\\/09\\\/WOOPIE-BABY-kontrastine-sensorine-knyga-kudikiams.jpg\",\"datePublished\":\"2026-02-26T07:40:06+00:00\",\"dateModified\":\"2026-04-07T07:53:45+00:00\",\"description\":\"WOOPIE BABY kontrastin\u0117 sensorin\u0117 knyga k\u016bdikiams - KidsPlay. Did\u017eiausias vaik\u0173 \u017eaisl\u0173 pasirinkimas.\",\"breadcrumb\":{\"@id\":\"https:\\\/\\\/kidsplay.lt\\\/produktas\\\/woopie-baby-kontrastine-sensorine-knyga-kudikiams\\\/#breadcrumb\"},\"inLanguage\":\"lv-LV\",\"potentialAction\":[{\"@type\":\"ReadAction\",\"target\":[\"https:\\\/\\\/kidsplay.lt\\\/produktas\\\/woopie-baby-kontrastine-sensorine-knyga-kudikiams\\\/\"]}]},{\"@type\":\"ImageObject\",\"inLanguage\":\"lv-LV\",\"@id\":\"https:\\\/\\\/kidsplay.lt\\\/produktas\\\/woopie-baby-kontrastine-sensorine-knyga-kudikiams\\\/#primaryimage\",\"url\":\"https:\\\/\\\/kidsplay.lt\\\/wp-content\\\/uploads\\\/2025\\\/09\\\/WOOPIE-BABY-kontrastine-sensorine-knyga-kudikiams.jpg\",\"contentUrl\":\"https:\\\/\\\/kidsplay.lt\\\/wp-content\\\/uploads\\\/2025\\\/09\\\/WOOPIE-BABY-kontrastine-sensorine-knyga-kudikiams.jpg\",\"width\":1000,\"height\":1000,\"caption\":\"WOOPIE BABY kontrastin\u0117 sensorin\u0117 knyga k\u016bdikiams\"},{\"@type\":\"BreadcrumbList\",\"@id\":\"https:\\\/\\\/kidsplay.lt\\\/produktas\\\/woopie-baby-kontrastine-sensorine-knyga-kudikiams\\\/#breadcrumb\",\"itemListElement\":[{\"@type\":\"ListItem\",\"position\":1,\"name\":\"Pagrindinis\",\"item\":\"https:\\\/\\\/kidsplay.lt\\\/\"},{\"@type\":\"ListItem\",\"position\":2,\"name\":\"Parduotuv\u0117\",\"item\":\"https:\\\/\\\/kidsplay.lt\\\/parduotuve\\\/\"},{\"@type\":\"ListItem\",\"position\":3,\"name\":\"WOOPIE BABY kontrastin\u0117 sensorin\u0117 knyga k\u016bdikiams\"}]},{\"@type\":\"WebSite\",\"@id\":\"https:\\\/\\\/kidsplay.lt\\\/#website\",\"url\":\"https:\\\/\\\/kidsplay.lt\\\/\",\"name\":\"Kidsplay.lt\",\"description\":\"\u012evairios prek\u0117s vaikams\",\"publisher\":{\"@id\":\"https:\\\/\\\/kidsplay.lt\\\/#organization\"},\"alternateName\":\"Kidsplay\",\"potentialAction\":[{\"@type\":\"SearchAction\",\"target\":{\"@type\":\"EntryPoint\",\"urlTemplate\":\"https:\\\/\\\/kidsplay.lt\\\/?s={search_term_string}\"},\"query-input\":{\"@type\":\"PropertyValueSpecification\",\"valueRequired\":true,\"valueName\":\"search_term_string\"}}],\"inLanguage\":\"lv-LV\"},{\"@type\":\"Organization\",\"@id\":\"https:\\\/\\\/kidsplay.lt\\\/#organization\",\"name\":\"KidsPlay\",\"url\":\"https:\\\/\\\/kidsplay.lt\\\/\",\"logo\":{\"@type\":\"ImageObject\",\"inLanguage\":\"lv-LV\",\"@id\":\"https:\\\/\\\/kidsplay.lt\\\/#\\\/schema\\\/logo\\\/image\\\/\",\"url\":\"https:\\\/\\\/kidsplay.lt\\\/wp-content\\\/uploads\\\/2023\\\/07\\\/kidsplay-logo.png\",\"contentUrl\":\"https:\\\/\\\/kidsplay.lt\\\/wp-content\\\/uploads\\\/2023\\\/07\\\/kidsplay-logo.png\",\"width\":451,\"height\":98,\"caption\":\"KidsPlay\"},\"image\":{\"@id\":\"https:\\\/\\\/kidsplay.lt\\\/#\\\/schema\\\/logo\\\/image\\\/\"},\"sameAs\":[\"https:\\\/\\\/www.facebook.com\\\/www.kidsplay.lt\"]}]}<\/script>\n<!-- \/ Yoast SEO plugin. -->","yoast_head_json":{"title":"WOOPIE BABY kontrastu sensorisk\u0101 gr\u0101mata mazu\u013ciem","description":"WOOPIE BABY kontrastin\u0117 sensorin\u0117 knyga k\u016bdikiams - KidsPlay. Did\u017eiausias vaik\u0173 \u017eaisl\u0173 pasirinkimas.","robots":{"index":"index","follow":"follow","max-snippet":"max-snippet:-1","max-image-preview":"max-image-preview:large","max-video-preview":"max-video-preview:-1"},"canonical":"https:\/\/kidsplay.lt\/lv\/products\/woopie-baby-kontrastine-sensorine-knyga-kudikiams\/","og_locale":"lv_LV","og_type":"article","og_title":"WOOPIE BABY kontrastin\u0117 sensorin\u0117 knyga k\u016bdikiams","og_description":"WOOPIE BABY kontrastin\u0117 sensorin\u0117 knyga k\u016bdikiams - KidsPlay. Did\u017eiausias vaik\u0173 \u017eaisl\u0173 pasirinkimas.","og_url":"https:\/\/kidsplay.lt\/lv\/products\/woopie-baby-kontrastine-sensorine-knyga-kudikiams\/","og_site_name":"KidsPlay","article_publisher":"https:\/\/www.facebook.com\/www.kidsplay.lt","article_modified_time":"2026-04-07T07:53:45+00:00","og_image":[{"width":1000,"height":1000,"url":"https:\/\/kidsplay.lt\/wp-content\/uploads\/2025\/09\/WOOPIE-BABY-kontrastine-sensorine-knyga-kudikiams.jpg","type":"image\/jpeg"}],"twitter_card":"summary_large_image","twitter_misc":{"Est. reading time":"1 min\u016bte"},"schema":{"@context":"https:\/\/schema.org","@graph":[{"@type":"WebPage","@id":"https:\/\/kidsplay.lt\/produktas\/woopie-baby-kontrastine-sensorine-knyga-kudikiams\/","url":"https:\/\/kidsplay.lt\/produktas\/woopie-baby-kontrastine-sensorine-knyga-kudikiams\/","name":"WOOPIE BABY kontrastu sensorisk\u0101 gr\u0101mata mazu\u013ciem","isPartOf":{"@id":"https:\/\/kidsplay.lt\/#website"},"primaryImageOfPage":{"@id":"https:\/\/kidsplay.lt\/produktas\/woopie-baby-kontrastine-sensorine-knyga-kudikiams\/#primaryimage"},"image":{"@id":"https:\/\/kidsplay.lt\/produktas\/woopie-baby-kontrastine-sensorine-knyga-kudikiams\/#primaryimage"},"thumbnailUrl":"https:\/\/kidsplay.lt\/wp-content\/uploads\/2025\/09\/WOOPIE-BABY-kontrastine-sensorine-knyga-kudikiams.jpg","datePublished":"2026-02-26T07:40:06+00:00","dateModified":"2026-04-07T07:53:45+00:00","description":"WOOPIE BABY kontrastin\u0117 sensorin\u0117 knyga k\u016bdikiams - KidsPlay. Did\u017eiausias vaik\u0173 \u017eaisl\u0173 pasirinkimas.","breadcrumb":{"@id":"https:\/\/kidsplay.lt\/produktas\/woopie-baby-kontrastine-sensorine-knyga-kudikiams\/#breadcrumb"},"inLanguage":"lv-LV","potentialAction":[{"@type":"ReadAction","target":["https:\/\/kidsplay.lt\/produktas\/woopie-baby-kontrastine-sensorine-knyga-kudikiams\/"]}]},{"@type":"ImageObject","inLanguage":"lv-LV","@id":"https:\/\/kidsplay.lt\/produktas\/woopie-baby-kontrastine-sensorine-knyga-kudikiams\/#primaryimage","url":"https:\/\/kidsplay.lt\/wp-content\/uploads\/2025\/09\/WOOPIE-BABY-kontrastine-sensorine-knyga-kudikiams.jpg","contentUrl":"https:\/\/kidsplay.lt\/wp-content\/uploads\/2025\/09\/WOOPIE-BABY-kontrastine-sensorine-knyga-kudikiams.jpg","width":1000,"height":1000,"caption":"WOOPIE BABY kontrastin\u0117 sensorin\u0117 knyga k\u016bdikiams"},{"@type":"BreadcrumbList","@id":"https:\/\/kidsplay.lt\/produktas\/woopie-baby-kontrastine-sensorine-knyga-kudikiams\/#breadcrumb","itemListElement":[{"@type":"ListItem","position":1,"name":"Pagrindinis","item":"https:\/\/kidsplay.lt\/"},{"@type":"ListItem","position":2,"name":"Parduotuv\u0117","item":"https:\/\/kidsplay.lt\/parduotuve\/"},{"@type":"ListItem","position":3,"name":"WOOPIE BABY kontrastin\u0117 sensorin\u0117 knyga k\u016bdikiams"}]},{"@type":"WebSite","@id":"https:\/\/kidsplay.lt\/#website","url":"https:\/\/kidsplay.lt\/","name":"B\u0113rnu sp\u0113les.lv","description":"\u012evairios prek\u0117s vaikams","publisher":{"@id":"https:\/\/kidsplay.lt\/#organization"},"alternateName":"Kidsplay","potentialAction":[{"@type":"SearchAction","target":{"@type":"EntryPoint","urlTemplate":"https:\/\/kidsplay.lt\/?s={search_term_string}"},"query-input":{"@type":"PropertyValueSpecification","valueRequired":true,"valueName":"search_term_string"}}],"inLanguage":"lv-LV"},{"@type":"Organization","@id":"https:\/\/kidsplay.lt\/#organization","name":"B\u0113rnu sp\u0113le","url":"https:\/\/kidsplay.lt\/","logo":{"@type":"ImageObject","inLanguage":"lv-LV","@id":"https:\/\/kidsplay.lt\/#\/schema\/logo\/image\/","url":"https:\/\/kidsplay.lt\/wp-content\/uploads\/2023\/07\/kidsplay-logo.png","contentUrl":"https:\/\/kidsplay.lt\/wp-content\/uploads\/2023\/07\/kidsplay-logo.png","width":451,"height":98,"caption":"KidsPlay"},"image":{"@id":"https:\/\/kidsplay.lt\/#\/schema\/logo\/image\/"},"sameAs":["https:\/\/www.facebook.com\/www.kidsplay.lt"]}]}},"_links":{"self":[{"href":"https:\/\/kidsplay.lt\/lv\/wp-json\/wp\/v2\/product\/90213","targetHints":{"allow":["GET"]}}],"collection":[{"href":"https:\/\/kidsplay.lt\/lv\/wp-json\/wp\/v2\/product"}],"about":[{"href":"https:\/\/kidsplay.lt\/lv\/wp-json\/wp\/v2\/types\/product"}],"version-history":[{"count":1,"href":"https:\/\/kidsplay.lt\/lv\/wp-json\/wp\/v2\/product\/90213\/revisions"}],"predecessor-version":[{"id":90214,"href":"https:\/\/kidsplay.lt\/lv\/wp-json\/wp\/v2\/product\/90213\/revisions\/90214"}],"wp:featuredmedia":[{"embeddable":true,"href":"https:\/\/kidsplay.lt\/lv\/wp-json\/wp\/v2\/media\/66857"}],"wp:attachment":[{"href":"https:\/\/kidsplay.lt\/lv\/wp-json\/wp\/v2\/media?parent=90213"}],"wp:term":[{"taxonomy":"product_brand","embeddable":true,"href":"https:\/\/kidsplay.lt\/lv\/wp-json\/wp\/v2\/product_brand?post=90213"},{"taxonomy":"product_cat","embeddable":true,"href":"https:\/\/kidsplay.lt\/lv\/wp-json\/wp\/v2\/product_cat?post=90213"},{"taxonomy":"product_tag","embeddable":true,"href":"https:\/\/kidsplay.lt\/lv\/wp-json\/wp\/v2\/product_tag?post=90213"}],"curies":[{"name":"wp","href":"https:\/\/api.w.org\/{rel}","templated":true}]}}