{"id":90229,"date":"2026-02-26T09:40:22","date_gmt":"2026-02-26T07:40:22","guid":{"rendered":"https:\/\/kidsplay.lt\/produktas\/woopie-baby-kamuoliuku-takelio-spirales-rinkinys-3-kamuoliukai\/"},"modified":"2026-04-07T10:53:55","modified_gmt":"2026-04-07T07:53:55","slug":"woopie-baby-kamuoliuku-takelio-spirales-rinkinys-3-kamuoliukai","status":"publish","type":"product","link":"https:\/\/kidsplay.lt\/lv\/products\/woopie-baby-kamuoliuku-takelio-spirales-rinkinys-3-kamuoliukai\/","title":{"rendered":"WOOPIE BABY spir\u0101lveida bumbu skrejce\u013ca komplekts + 3 bumbi\u0146as"},"content":{"rendered":"<p>WOOPIE\u00a0kamuoliuk\u0173 takelis\u00a0\u00a0 yra\u00a0spiralinis bok\u0161tas\u00a0, teikiantis nesibaigian\u010dias pramogas. \u0160\u012f spalving\u0105 rinkin\u012f sudaro\u00a0\u0161e\u0161ios spalvingos dalys\u00a0, kurias\u00a0ma\u017eyliai gali lengvai sud\u0117lioti vien\u0105 ant kitos\u00a0. Kamuoliukai rieda per konstrukcijos segmentus ir galiausiai i\u0161krenta pro vien\u0105 i\u0161 trij\u0173 i\u0161\u0117jim\u0173. Kamuoliuk\u0173 takel\u012f sudaro\u00a0trys lengvi, lengvai\u00a0suimami skirting\u0173 spalv\u0173 kamuoliukai, kurie judinant skleid\u017eia garsus. Dydis puikiai tinka ma\u017eoms rankyt\u0117ms ir\u00a0padeda lavinti aki\u0173 ir rank\u0173 koordinacij\u0105\u00a0.<\/p>\n<p>Raksturojums:<\/p>\n<p> \t&#8211; nuo\u00a06 m\u0117nesi\u0173 am\u017eiaus,<br \/>\n \t&#8211;\u00a0komplekte yra:\u00a03 kamuoliukai,<br \/>\n \t&#8211; kamuoliukai\u00a0skleid\u017eia gars\u0105,\u00a0pana\u0161\u0173 \u012f\u00a0bar\u0161kut\u012f,<br \/>\n \t&#8211; padeda lavinti aki\u0173-rank\u0173 koordinacij\u0105;<br \/>\n \t&#8211; saug\u016bs elementai,<br \/>\n \t&#8211; dalys gali b\u016bti lengvai sujungtos.<\/p>","protected":false},"excerpt":{"rendered":"<p>WOOPIE\u00a0kamuoliuk\u0173 takelis\u00a0\u00a0 yra\u00a0spiralinis bok\u0161tas\u00a0, teikiantis nesibaigian\u010dias pramogas. \u0160\u012f spalving\u0105 rinkin\u012f sudaro\u00a0\u0161e\u0161ios spalvingos dalys\u00a0, kurias\u00a0ma\u017eyliai gali lengvai sud\u0117lioti vien\u0105 ant kitos\u00a0.<\/p>","protected":false},"featured_media":62124,"template":"","meta":{"_acf_changed":false,"_glsr_average":0,"_glsr_ranking":0,"_glsr_reviews":0},"product_brand":[],"product_cat":[396,229],"product_tag":[],"class_list":{"0":"post-90229","1":"product","2":"type-product","3":"status-publish","4":"has-post-thumbnail","6":"product_cat-kudikiu-zaislai-vaikams2","7":"product_cat-zaislai-vaikams","8":"\"style=\"background-color: #2ecc711c;\"","10":"first","11":"instock","12":"purchasable","13":"product-type-simple"},"acf":[],"yoast_head":"<!-- This site is optimized with the Yoast SEO plugin v27.3 - https:\/\/yoast.com\/product\/yoast-seo-wordpress\/ -->\n<title>WOOPIE BABY kamuoliuk\u0173 takelio spiral\u0117s rinkinys + 3 kamuoliukai<\/title>\n<meta name=\"description\" content=\"WOOPIE BABY kamuoliuk\u0173 takelio spiral\u0117s rinkinys + 3 kamuoliukai - KidsPlay. Did\u017eiausias vaik\u0173 \u017eaisl\u0173 pasirinkimas.\" \/>\n<meta name=\"robots\" content=\"index, follow, max-snippet:-1, max-image-preview:large, max-video-preview:-1\" \/>\n<link rel=\"canonical\" href=\"https:\/\/kidsplay.lt\/lv\/products\/woopie-baby-kamuoliuku-takelio-spirales-rinkinys-3-kamuoliukai\/\" \/>\n<meta property=\"og:locale\" content=\"lv_LV\" \/>\n<meta property=\"og:type\" content=\"article\" \/>\n<meta property=\"og:title\" content=\"WOOPIE BABY kamuoliuk\u0173 takelio spiral\u0117s rinkinys + 3 kamuoliukai\" \/>\n<meta property=\"og:description\" content=\"WOOPIE BABY kamuoliuk\u0173 takelio spiral\u0117s rinkinys + 3 kamuoliukai - KidsPlay. Did\u017eiausias vaik\u0173 \u017eaisl\u0173 pasirinkimas.\" \/>\n<meta property=\"og:url\" content=\"https:\/\/kidsplay.lt\/lv\/products\/woopie-baby-kamuoliuku-takelio-spirales-rinkinys-3-kamuoliukai\/\" \/>\n<meta property=\"og:site_name\" content=\"KidsPlay\" \/>\n<meta property=\"article:publisher\" content=\"https:\/\/www.facebook.com\/www.kidsplay.lt\" \/>\n<meta property=\"article:modified_time\" content=\"2026-04-07T07:53:55+00:00\" \/>\n<meta property=\"og:image\" content=\"https:\/\/kidsplay.lt\/wp-content\/uploads\/2025\/09\/WOOPIE-BABY-kamuoliuku-takelio-spirales-rinkinys-3-kamuoliukai.jpg\" \/>\n\t<meta property=\"og:image:width\" content=\"1000\" \/>\n\t<meta property=\"og:image:height\" content=\"1000\" \/>\n\t<meta property=\"og:image:type\" content=\"image\/jpeg\" \/>\n<meta name=\"twitter:card\" content=\"summary_large_image\" \/>\n<meta name=\"twitter:label1\" content=\"Est. reading time\" \/>\n\t<meta name=\"twitter:data1\" content=\"1 min\u016bte\" \/>\n<script type=\"application\/ld+json\" class=\"yoast-schema-graph\">{\"@context\":\"https:\\\/\\\/schema.org\",\"@graph\":[{\"@type\":\"WebPage\",\"@id\":\"https:\\\/\\\/kidsplay.lt\\\/produktas\\\/woopie-baby-kamuoliuku-takelio-spirales-rinkinys-3-kamuoliukai\\\/\",\"url\":\"https:\\\/\\\/kidsplay.lt\\\/produktas\\\/woopie-baby-kamuoliuku-takelio-spirales-rinkinys-3-kamuoliukai\\\/\",\"name\":\"WOOPIE BABY kamuoliuk\u0173 takelio spiral\u0117s rinkinys + 3 kamuoliukai\",\"isPartOf\":{\"@id\":\"https:\\\/\\\/kidsplay.lt\\\/#website\"},\"primaryImageOfPage\":{\"@id\":\"https:\\\/\\\/kidsplay.lt\\\/produktas\\\/woopie-baby-kamuoliuku-takelio-spirales-rinkinys-3-kamuoliukai\\\/#primaryimage\"},\"image\":{\"@id\":\"https:\\\/\\\/kidsplay.lt\\\/produktas\\\/woopie-baby-kamuoliuku-takelio-spirales-rinkinys-3-kamuoliukai\\\/#primaryimage\"},\"thumbnailUrl\":\"https:\\\/\\\/kidsplay.lt\\\/wp-content\\\/uploads\\\/2025\\\/09\\\/WOOPIE-BABY-kamuoliuku-takelio-spirales-rinkinys-3-kamuoliukai.jpg\",\"datePublished\":\"2026-02-26T07:40:22+00:00\",\"dateModified\":\"2026-04-07T07:53:55+00:00\",\"description\":\"WOOPIE BABY kamuoliuk\u0173 takelio spiral\u0117s rinkinys + 3 kamuoliukai - KidsPlay. Did\u017eiausias vaik\u0173 \u017eaisl\u0173 pasirinkimas.\",\"breadcrumb\":{\"@id\":\"https:\\\/\\\/kidsplay.lt\\\/produktas\\\/woopie-baby-kamuoliuku-takelio-spirales-rinkinys-3-kamuoliukai\\\/#breadcrumb\"},\"inLanguage\":\"lv-LV\",\"potentialAction\":[{\"@type\":\"ReadAction\",\"target\":[\"https:\\\/\\\/kidsplay.lt\\\/produktas\\\/woopie-baby-kamuoliuku-takelio-spirales-rinkinys-3-kamuoliukai\\\/\"]}]},{\"@type\":\"ImageObject\",\"inLanguage\":\"lv-LV\",\"@id\":\"https:\\\/\\\/kidsplay.lt\\\/produktas\\\/woopie-baby-kamuoliuku-takelio-spirales-rinkinys-3-kamuoliukai\\\/#primaryimage\",\"url\":\"https:\\\/\\\/kidsplay.lt\\\/wp-content\\\/uploads\\\/2025\\\/09\\\/WOOPIE-BABY-kamuoliuku-takelio-spirales-rinkinys-3-kamuoliukai.jpg\",\"contentUrl\":\"https:\\\/\\\/kidsplay.lt\\\/wp-content\\\/uploads\\\/2025\\\/09\\\/WOOPIE-BABY-kamuoliuku-takelio-spirales-rinkinys-3-kamuoliukai.jpg\",\"width\":1000,\"height\":1000,\"caption\":\"WOOPIE BABY kamuoliuk\u0173 takelio spiral\u0117s rinkinys + 3 kamuoliukai\"},{\"@type\":\"BreadcrumbList\",\"@id\":\"https:\\\/\\\/kidsplay.lt\\\/produktas\\\/woopie-baby-kamuoliuku-takelio-spirales-rinkinys-3-kamuoliukai\\\/#breadcrumb\",\"itemListElement\":[{\"@type\":\"ListItem\",\"position\":1,\"name\":\"Pagrindinis\",\"item\":\"https:\\\/\\\/kidsplay.lt\\\/\"},{\"@type\":\"ListItem\",\"position\":2,\"name\":\"Parduotuv\u0117\",\"item\":\"https:\\\/\\\/kidsplay.lt\\\/parduotuve\\\/\"},{\"@type\":\"ListItem\",\"position\":3,\"name\":\"WOOPIE BABY kamuoliuk\u0173 takelio spiral\u0117s rinkinys + 3 kamuoliukai\"}]},{\"@type\":\"WebSite\",\"@id\":\"https:\\\/\\\/kidsplay.lt\\\/#website\",\"url\":\"https:\\\/\\\/kidsplay.lt\\\/\",\"name\":\"Kidsplay.lt\",\"description\":\"\u012evairios prek\u0117s vaikams\",\"publisher\":{\"@id\":\"https:\\\/\\\/kidsplay.lt\\\/#organization\"},\"alternateName\":\"Kidsplay\",\"potentialAction\":[{\"@type\":\"SearchAction\",\"target\":{\"@type\":\"EntryPoint\",\"urlTemplate\":\"https:\\\/\\\/kidsplay.lt\\\/?s={search_term_string}\"},\"query-input\":{\"@type\":\"PropertyValueSpecification\",\"valueRequired\":true,\"valueName\":\"search_term_string\"}}],\"inLanguage\":\"lv-LV\"},{\"@type\":\"Organization\",\"@id\":\"https:\\\/\\\/kidsplay.lt\\\/#organization\",\"name\":\"KidsPlay\",\"url\":\"https:\\\/\\\/kidsplay.lt\\\/\",\"logo\":{\"@type\":\"ImageObject\",\"inLanguage\":\"lv-LV\",\"@id\":\"https:\\\/\\\/kidsplay.lt\\\/#\\\/schema\\\/logo\\\/image\\\/\",\"url\":\"https:\\\/\\\/kidsplay.lt\\\/wp-content\\\/uploads\\\/2023\\\/07\\\/kidsplay-logo.png\",\"contentUrl\":\"https:\\\/\\\/kidsplay.lt\\\/wp-content\\\/uploads\\\/2023\\\/07\\\/kidsplay-logo.png\",\"width\":451,\"height\":98,\"caption\":\"KidsPlay\"},\"image\":{\"@id\":\"https:\\\/\\\/kidsplay.lt\\\/#\\\/schema\\\/logo\\\/image\\\/\"},\"sameAs\":[\"https:\\\/\\\/www.facebook.com\\\/www.kidsplay.lt\"]}]}<\/script>\n<!-- \/ Yoast SEO plugin. -->","yoast_head_json":{"title":"WOOPIE BABY spir\u0101lveida bumbu skrejce\u013ca komplekts + 3 bumbi\u0146as","description":"WOOPIE BABY kamuoliuk\u0173 takelio spiral\u0117s rinkinys + 3 kamuoliukai - KidsPlay. Did\u017eiausias vaik\u0173 \u017eaisl\u0173 pasirinkimas.","robots":{"index":"index","follow":"follow","max-snippet":"max-snippet:-1","max-image-preview":"max-image-preview:large","max-video-preview":"max-video-preview:-1"},"canonical":"https:\/\/kidsplay.lt\/lv\/products\/woopie-baby-kamuoliuku-takelio-spirales-rinkinys-3-kamuoliukai\/","og_locale":"lv_LV","og_type":"article","og_title":"WOOPIE BABY kamuoliuk\u0173 takelio spiral\u0117s rinkinys + 3 kamuoliukai","og_description":"WOOPIE BABY kamuoliuk\u0173 takelio spiral\u0117s rinkinys + 3 kamuoliukai - KidsPlay. Did\u017eiausias vaik\u0173 \u017eaisl\u0173 pasirinkimas.","og_url":"https:\/\/kidsplay.lt\/lv\/products\/woopie-baby-kamuoliuku-takelio-spirales-rinkinys-3-kamuoliukai\/","og_site_name":"KidsPlay","article_publisher":"https:\/\/www.facebook.com\/www.kidsplay.lt","article_modified_time":"2026-04-07T07:53:55+00:00","og_image":[{"width":1000,"height":1000,"url":"https:\/\/kidsplay.lt\/wp-content\/uploads\/2025\/09\/WOOPIE-BABY-kamuoliuku-takelio-spirales-rinkinys-3-kamuoliukai.jpg","type":"image\/jpeg"}],"twitter_card":"summary_large_image","twitter_misc":{"Est. reading time":"1 min\u016bte"},"schema":{"@context":"https:\/\/schema.org","@graph":[{"@type":"WebPage","@id":"https:\/\/kidsplay.lt\/produktas\/woopie-baby-kamuoliuku-takelio-spirales-rinkinys-3-kamuoliukai\/","url":"https:\/\/kidsplay.lt\/produktas\/woopie-baby-kamuoliuku-takelio-spirales-rinkinys-3-kamuoliukai\/","name":"WOOPIE BABY spir\u0101lveida bumbu skrejce\u013ca komplekts + 3 bumbi\u0146as","isPartOf":{"@id":"https:\/\/kidsplay.lt\/#website"},"primaryImageOfPage":{"@id":"https:\/\/kidsplay.lt\/produktas\/woopie-baby-kamuoliuku-takelio-spirales-rinkinys-3-kamuoliukai\/#primaryimage"},"image":{"@id":"https:\/\/kidsplay.lt\/produktas\/woopie-baby-kamuoliuku-takelio-spirales-rinkinys-3-kamuoliukai\/#primaryimage"},"thumbnailUrl":"https:\/\/kidsplay.lt\/wp-content\/uploads\/2025\/09\/WOOPIE-BABY-kamuoliuku-takelio-spirales-rinkinys-3-kamuoliukai.jpg","datePublished":"2026-02-26T07:40:22+00:00","dateModified":"2026-04-07T07:53:55+00:00","description":"WOOPIE BABY kamuoliuk\u0173 takelio spiral\u0117s rinkinys + 3 kamuoliukai - KidsPlay. Did\u017eiausias vaik\u0173 \u017eaisl\u0173 pasirinkimas.","breadcrumb":{"@id":"https:\/\/kidsplay.lt\/produktas\/woopie-baby-kamuoliuku-takelio-spirales-rinkinys-3-kamuoliukai\/#breadcrumb"},"inLanguage":"lv-LV","potentialAction":[{"@type":"ReadAction","target":["https:\/\/kidsplay.lt\/produktas\/woopie-baby-kamuoliuku-takelio-spirales-rinkinys-3-kamuoliukai\/"]}]},{"@type":"ImageObject","inLanguage":"lv-LV","@id":"https:\/\/kidsplay.lt\/produktas\/woopie-baby-kamuoliuku-takelio-spirales-rinkinys-3-kamuoliukai\/#primaryimage","url":"https:\/\/kidsplay.lt\/wp-content\/uploads\/2025\/09\/WOOPIE-BABY-kamuoliuku-takelio-spirales-rinkinys-3-kamuoliukai.jpg","contentUrl":"https:\/\/kidsplay.lt\/wp-content\/uploads\/2025\/09\/WOOPIE-BABY-kamuoliuku-takelio-spirales-rinkinys-3-kamuoliukai.jpg","width":1000,"height":1000,"caption":"WOOPIE BABY kamuoliuk\u0173 takelio spiral\u0117s rinkinys + 3 kamuoliukai"},{"@type":"BreadcrumbList","@id":"https:\/\/kidsplay.lt\/produktas\/woopie-baby-kamuoliuku-takelio-spirales-rinkinys-3-kamuoliukai\/#breadcrumb","itemListElement":[{"@type":"ListItem","position":1,"name":"Pagrindinis","item":"https:\/\/kidsplay.lt\/"},{"@type":"ListItem","position":2,"name":"Parduotuv\u0117","item":"https:\/\/kidsplay.lt\/parduotuve\/"},{"@type":"ListItem","position":3,"name":"WOOPIE BABY kamuoliuk\u0173 takelio spiral\u0117s rinkinys + 3 kamuoliukai"}]},{"@type":"WebSite","@id":"https:\/\/kidsplay.lt\/#website","url":"https:\/\/kidsplay.lt\/","name":"B\u0113rnu sp\u0113les.lv","description":"\u012evairios prek\u0117s vaikams","publisher":{"@id":"https:\/\/kidsplay.lt\/#organization"},"alternateName":"Kidsplay","potentialAction":[{"@type":"SearchAction","target":{"@type":"EntryPoint","urlTemplate":"https:\/\/kidsplay.lt\/?s={search_term_string}"},"query-input":{"@type":"PropertyValueSpecification","valueRequired":true,"valueName":"search_term_string"}}],"inLanguage":"lv-LV"},{"@type":"Organization","@id":"https:\/\/kidsplay.lt\/#organization","name":"B\u0113rnu sp\u0113le","url":"https:\/\/kidsplay.lt\/","logo":{"@type":"ImageObject","inLanguage":"lv-LV","@id":"https:\/\/kidsplay.lt\/#\/schema\/logo\/image\/","url":"https:\/\/kidsplay.lt\/wp-content\/uploads\/2023\/07\/kidsplay-logo.png","contentUrl":"https:\/\/kidsplay.lt\/wp-content\/uploads\/2023\/07\/kidsplay-logo.png","width":451,"height":98,"caption":"KidsPlay"},"image":{"@id":"https:\/\/kidsplay.lt\/#\/schema\/logo\/image\/"},"sameAs":["https:\/\/www.facebook.com\/www.kidsplay.lt"]}]}},"_links":{"self":[{"href":"https:\/\/kidsplay.lt\/lv\/wp-json\/wp\/v2\/product\/90229","targetHints":{"allow":["GET"]}}],"collection":[{"href":"https:\/\/kidsplay.lt\/lv\/wp-json\/wp\/v2\/product"}],"about":[{"href":"https:\/\/kidsplay.lt\/lv\/wp-json\/wp\/v2\/types\/product"}],"version-history":[{"count":1,"href":"https:\/\/kidsplay.lt\/lv\/wp-json\/wp\/v2\/product\/90229\/revisions"}],"predecessor-version":[{"id":90230,"href":"https:\/\/kidsplay.lt\/lv\/wp-json\/wp\/v2\/product\/90229\/revisions\/90230"}],"wp:featuredmedia":[{"embeddable":true,"href":"https:\/\/kidsplay.lt\/lv\/wp-json\/wp\/v2\/media\/62124"}],"wp:attachment":[{"href":"https:\/\/kidsplay.lt\/lv\/wp-json\/wp\/v2\/media?parent=90229"}],"wp:term":[{"taxonomy":"product_brand","embeddable":true,"href":"https:\/\/kidsplay.lt\/lv\/wp-json\/wp\/v2\/product_brand?post=90229"},{"taxonomy":"product_cat","embeddable":true,"href":"https:\/\/kidsplay.lt\/lv\/wp-json\/wp\/v2\/product_cat?post=90229"},{"taxonomy":"product_tag","embeddable":true,"href":"https:\/\/kidsplay.lt\/lv\/wp-json\/wp\/v2\/product_tag?post=90229"}],"curies":[{"name":"wp","href":"https:\/\/api.w.org\/{rel}","templated":true}]}}