{"id":90239,"date":"2026-02-26T09:40:36","date_gmt":"2026-02-26T07:40:36","guid":{"rendered":"https:\/\/kidsplay.lt\/produktas\/classic-world-edu-muzikine-sienine-lenta-lisek\/"},"modified":"2026-04-13T15:18:03","modified_gmt":"2026-04-13T12:18:03","slug":"classic-world-edu-muzikine-sienine-lenta-lisek","status":"publish","type":"product","link":"https:\/\/kidsplay.lt\/lv\/products\/classic-world-edu-muzikine-sienine-lenta-lisek\/","title":{"rendered":"CLASSIC WORLD EDU muzikin\u0117 sienin\u0117 lenta LISEK"},"content":{"rendered":"<p>\u201eCLASSIC WORLD\u201c\u00a0\u201e\u00a0Lisek\u201c muzikos lenta\u00a0yra puikus bet kurios klas\u0117s papildymas. Ji skatins vaikus\u00a0eksperimentuoti\u00a0su\u00a0muzika\u00a0ir lavins klausos \u012fg\u016bd\u017eius. Muzika yra\u00a0puiki priemon\u0117 skatinti visapusi\u0161k\u0105 vaiko vystym\u0105si.\u00a0Profesionalus\u00a0rinkinys j\u016bs\u0173 vaikui.<\/p>\n<p>Rakstur\u012bgs:<\/p>\n<p> \t- rota\u013clieta no 3 gadu vecuma<br \/>\n \t&#8211; puikus papildymas\u00a0edukaciniam kambariui<br \/>\n \t&#8211; skatina muzikinio ugdymo\u00a0pl\u0117tr\u0105<br \/>\n \t&#8211;\u00a0lengvas\u00a0surinkimas<br \/>\n \t&#8211;\u00a0\u00a0pagaminta i\u0161\u00a0\u00a0auk\u0161tos kokyb\u0117s medienos &#8211; profesionali<\/p>\n<p> \t&#8211; da\u017eyta\u00a0\u00a0netoksi\u0161ka\u00a0\u00a0impregnavimo priemone<\/p>\n<p>Ekologi\u0161ki \u017eaislai\u00a0\u00a0 skirti net ir patiems ma\u017eiausiems vaikams ir yra pagaminti i\u0161 visi\u0161kai nat\u016brali\u0173, biologi\u0161kai skaid\u017ei\u0173 ir hipoalergini\u0173 med\u017eiag\u0173, tod\u0117l jie yra 100 % saug\u016bs ir nekenksmingi ne tik aplinkai, bet ir j\u016bs\u0173 vaikui.<\/p>","protected":false},"excerpt":{"rendered":"<p>\u201eCLASSIC WORLD\u201c\u00a0\u201e\u00a0Lisek\u201c muzikos lenta\u00a0yra puikus bet kurios klas\u0117s papildymas. Ji skatins vaikus\u00a0eksperimentuoti\u00a0su\u00a0muzika\u00a0ir lavins klausos \u012fg\u016bd\u017eius. Muzika yra\u00a0puiki priemon\u0117 skatinti visapusi\u0161k\u0105<\/p>","protected":false},"featured_media":76687,"template":"","meta":{"_acf_changed":false,"_glsr_average":0,"_glsr_ranking":0,"_glsr_reviews":0},"product_brand":[],"product_cat":[449,229],"product_tag":[],"class_list":{"0":"post-90239","1":"product","2":"type-product","3":"status-publish","4":"has-post-thumbnail","6":"product_cat-muzikiniai","7":"product_cat-zaislai-vaikams","8":"\"style=\"background-color: #2ecc711c;\"","10":"first","11":"instock","12":"purchasable","13":"product-type-simple"},"acf":[],"yoast_head":"<!-- This site is optimized with the Yoast SEO plugin v27.3 - https:\/\/yoast.com\/product\/yoast-seo-wordpress\/ -->\n<title>CLASSIC WORLD EDU muzikin\u0117 sienin\u0117 lenta LISEK<\/title>\n<meta name=\"description\" content=\"CLASSIC WORLD EDU muzikin\u0117 sienin\u0117 lenta LISEK - KidsPlay. Did\u017eiausias vaik\u0173 \u017eaisl\u0173 pasirinkimas.\" \/>\n<meta name=\"robots\" content=\"index, follow, max-snippet:-1, max-image-preview:large, max-video-preview:-1\" \/>\n<link rel=\"canonical\" href=\"https:\/\/kidsplay.lt\/lv\/products\/classic-world-edu-muzikine-sienine-lenta-lisek\/\" \/>\n<meta property=\"og:locale\" content=\"lv_LV\" \/>\n<meta property=\"og:type\" content=\"article\" \/>\n<meta property=\"og:title\" content=\"CLASSIC WORLD EDU muzikin\u0117 sienin\u0117 lenta LISEK\" \/>\n<meta property=\"og:description\" content=\"CLASSIC WORLD EDU muzikin\u0117 sienin\u0117 lenta LISEK - KidsPlay. Did\u017eiausias vaik\u0173 \u017eaisl\u0173 pasirinkimas.\" \/>\n<meta property=\"og:url\" content=\"https:\/\/kidsplay.lt\/lv\/products\/classic-world-edu-muzikine-sienine-lenta-lisek\/\" \/>\n<meta property=\"og:site_name\" content=\"KidsPlay\" \/>\n<meta property=\"article:publisher\" content=\"https:\/\/www.facebook.com\/www.kidsplay.lt\" \/>\n<meta property=\"article:modified_time\" content=\"2026-04-13T12:18:03+00:00\" \/>\n<meta property=\"og:image\" content=\"https:\/\/kidsplay.lt\/wp-content\/uploads\/2025\/10\/CLASSIC-WORLD-EDU-muzikine-sienine-lenta-LISEK.jpg\" \/>\n\t<meta property=\"og:image:width\" content=\"1000\" \/>\n\t<meta property=\"og:image:height\" content=\"1000\" \/>\n\t<meta property=\"og:image:type\" content=\"image\/jpeg\" \/>\n<meta name=\"twitter:card\" content=\"summary_large_image\" \/>\n<meta name=\"twitter:label1\" content=\"Est. reading time\" \/>\n\t<meta name=\"twitter:data1\" content=\"1 min\u016bte\" \/>\n<script type=\"application\/ld+json\" class=\"yoast-schema-graph\">{\"@context\":\"https:\\\/\\\/schema.org\",\"@graph\":[{\"@type\":\"WebPage\",\"@id\":\"https:\\\/\\\/kidsplay.lt\\\/produktas\\\/classic-world-edu-muzikine-sienine-lenta-lisek\\\/\",\"url\":\"https:\\\/\\\/kidsplay.lt\\\/produktas\\\/classic-world-edu-muzikine-sienine-lenta-lisek\\\/\",\"name\":\"CLASSIC WORLD EDU muzikin\u0117 sienin\u0117 lenta LISEK\",\"isPartOf\":{\"@id\":\"https:\\\/\\\/kidsplay.lt\\\/#website\"},\"primaryImageOfPage\":{\"@id\":\"https:\\\/\\\/kidsplay.lt\\\/produktas\\\/classic-world-edu-muzikine-sienine-lenta-lisek\\\/#primaryimage\"},\"image\":{\"@id\":\"https:\\\/\\\/kidsplay.lt\\\/produktas\\\/classic-world-edu-muzikine-sienine-lenta-lisek\\\/#primaryimage\"},\"thumbnailUrl\":\"https:\\\/\\\/kidsplay.lt\\\/wp-content\\\/uploads\\\/2025\\\/10\\\/CLASSIC-WORLD-EDU-muzikine-sienine-lenta-LISEK.jpg\",\"datePublished\":\"2026-02-26T07:40:36+00:00\",\"dateModified\":\"2026-04-13T12:18:03+00:00\",\"description\":\"CLASSIC WORLD EDU muzikin\u0117 sienin\u0117 lenta LISEK - KidsPlay. Did\u017eiausias vaik\u0173 \u017eaisl\u0173 pasirinkimas.\",\"breadcrumb\":{\"@id\":\"https:\\\/\\\/kidsplay.lt\\\/produktas\\\/classic-world-edu-muzikine-sienine-lenta-lisek\\\/#breadcrumb\"},\"inLanguage\":\"lv-LV\",\"potentialAction\":[{\"@type\":\"ReadAction\",\"target\":[\"https:\\\/\\\/kidsplay.lt\\\/produktas\\\/classic-world-edu-muzikine-sienine-lenta-lisek\\\/\"]}]},{\"@type\":\"ImageObject\",\"inLanguage\":\"lv-LV\",\"@id\":\"https:\\\/\\\/kidsplay.lt\\\/produktas\\\/classic-world-edu-muzikine-sienine-lenta-lisek\\\/#primaryimage\",\"url\":\"https:\\\/\\\/kidsplay.lt\\\/wp-content\\\/uploads\\\/2025\\\/10\\\/CLASSIC-WORLD-EDU-muzikine-sienine-lenta-LISEK.jpg\",\"contentUrl\":\"https:\\\/\\\/kidsplay.lt\\\/wp-content\\\/uploads\\\/2025\\\/10\\\/CLASSIC-WORLD-EDU-muzikine-sienine-lenta-LISEK.jpg\",\"width\":1000,\"height\":1000,\"caption\":\"CLASSIC WORLD EDU muzikin\u0117 sienin\u0117 lenta LISEK\"},{\"@type\":\"BreadcrumbList\",\"@id\":\"https:\\\/\\\/kidsplay.lt\\\/produktas\\\/classic-world-edu-muzikine-sienine-lenta-lisek\\\/#breadcrumb\",\"itemListElement\":[{\"@type\":\"ListItem\",\"position\":1,\"name\":\"Pagrindinis\",\"item\":\"https:\\\/\\\/kidsplay.lt\\\/\"},{\"@type\":\"ListItem\",\"position\":2,\"name\":\"Parduotuv\u0117\",\"item\":\"https:\\\/\\\/kidsplay.lt\\\/parduotuve\\\/\"},{\"@type\":\"ListItem\",\"position\":3,\"name\":\"CLASSIC WORLD EDU muzikin\u0117 sienin\u0117 lenta LISEK\"}]},{\"@type\":\"WebSite\",\"@id\":\"https:\\\/\\\/kidsplay.lt\\\/#website\",\"url\":\"https:\\\/\\\/kidsplay.lt\\\/\",\"name\":\"Kidsplay.lt\",\"description\":\"\u012evairios prek\u0117s vaikams\",\"publisher\":{\"@id\":\"https:\\\/\\\/kidsplay.lt\\\/#organization\"},\"alternateName\":\"Kidsplay\",\"potentialAction\":[{\"@type\":\"SearchAction\",\"target\":{\"@type\":\"EntryPoint\",\"urlTemplate\":\"https:\\\/\\\/kidsplay.lt\\\/?s={search_term_string}\"},\"query-input\":{\"@type\":\"PropertyValueSpecification\",\"valueRequired\":true,\"valueName\":\"search_term_string\"}}],\"inLanguage\":\"lv-LV\"},{\"@type\":\"Organization\",\"@id\":\"https:\\\/\\\/kidsplay.lt\\\/#organization\",\"name\":\"KidsPlay\",\"url\":\"https:\\\/\\\/kidsplay.lt\\\/\",\"logo\":{\"@type\":\"ImageObject\",\"inLanguage\":\"lv-LV\",\"@id\":\"https:\\\/\\\/kidsplay.lt\\\/#\\\/schema\\\/logo\\\/image\\\/\",\"url\":\"https:\\\/\\\/kidsplay.lt\\\/wp-content\\\/uploads\\\/2023\\\/07\\\/kidsplay-logo.png\",\"contentUrl\":\"https:\\\/\\\/kidsplay.lt\\\/wp-content\\\/uploads\\\/2023\\\/07\\\/kidsplay-logo.png\",\"width\":451,\"height\":98,\"caption\":\"KidsPlay\"},\"image\":{\"@id\":\"https:\\\/\\\/kidsplay.lt\\\/#\\\/schema\\\/logo\\\/image\\\/\"},\"sameAs\":[\"https:\\\/\\\/www.facebook.com\\\/www.kidsplay.lt\"]}]}<\/script>\n<!-- \/ Yoast SEO plugin. -->","yoast_head_json":{"title":"CLASSIC WORLD EDU muzikin\u0117 sienin\u0117 lenta LISEK","description":"CLASSIC WORLD EDU muzikin\u0117 sienin\u0117 lenta LISEK - KidsPlay. Did\u017eiausias vaik\u0173 \u017eaisl\u0173 pasirinkimas.","robots":{"index":"index","follow":"follow","max-snippet":"max-snippet:-1","max-image-preview":"max-image-preview:large","max-video-preview":"max-video-preview:-1"},"canonical":"https:\/\/kidsplay.lt\/lv\/products\/classic-world-edu-muzikine-sienine-lenta-lisek\/","og_locale":"lv_LV","og_type":"article","og_title":"CLASSIC WORLD EDU muzikin\u0117 sienin\u0117 lenta LISEK","og_description":"CLASSIC WORLD EDU muzikin\u0117 sienin\u0117 lenta LISEK - KidsPlay. Did\u017eiausias vaik\u0173 \u017eaisl\u0173 pasirinkimas.","og_url":"https:\/\/kidsplay.lt\/lv\/products\/classic-world-edu-muzikine-sienine-lenta-lisek\/","og_site_name":"KidsPlay","article_publisher":"https:\/\/www.facebook.com\/www.kidsplay.lt","article_modified_time":"2026-04-13T12:18:03+00:00","og_image":[{"width":1000,"height":1000,"url":"https:\/\/kidsplay.lt\/wp-content\/uploads\/2025\/10\/CLASSIC-WORLD-EDU-muzikine-sienine-lenta-LISEK.jpg","type":"image\/jpeg"}],"twitter_card":"summary_large_image","twitter_misc":{"Est. reading time":"1 min\u016bte"},"schema":{"@context":"https:\/\/schema.org","@graph":[{"@type":"WebPage","@id":"https:\/\/kidsplay.lt\/produktas\/classic-world-edu-muzikine-sienine-lenta-lisek\/","url":"https:\/\/kidsplay.lt\/produktas\/classic-world-edu-muzikine-sienine-lenta-lisek\/","name":"CLASSIC WORLD EDU muzikin\u0117 sienin\u0117 lenta LISEK","isPartOf":{"@id":"https:\/\/kidsplay.lt\/#website"},"primaryImageOfPage":{"@id":"https:\/\/kidsplay.lt\/produktas\/classic-world-edu-muzikine-sienine-lenta-lisek\/#primaryimage"},"image":{"@id":"https:\/\/kidsplay.lt\/produktas\/classic-world-edu-muzikine-sienine-lenta-lisek\/#primaryimage"},"thumbnailUrl":"https:\/\/kidsplay.lt\/wp-content\/uploads\/2025\/10\/CLASSIC-WORLD-EDU-muzikine-sienine-lenta-LISEK.jpg","datePublished":"2026-02-26T07:40:36+00:00","dateModified":"2026-04-13T12:18:03+00:00","description":"CLASSIC WORLD EDU muzikin\u0117 sienin\u0117 lenta LISEK - KidsPlay. Did\u017eiausias vaik\u0173 \u017eaisl\u0173 pasirinkimas.","breadcrumb":{"@id":"https:\/\/kidsplay.lt\/produktas\/classic-world-edu-muzikine-sienine-lenta-lisek\/#breadcrumb"},"inLanguage":"lv-LV","potentialAction":[{"@type":"ReadAction","target":["https:\/\/kidsplay.lt\/produktas\/classic-world-edu-muzikine-sienine-lenta-lisek\/"]}]},{"@type":"ImageObject","inLanguage":"lv-LV","@id":"https:\/\/kidsplay.lt\/produktas\/classic-world-edu-muzikine-sienine-lenta-lisek\/#primaryimage","url":"https:\/\/kidsplay.lt\/wp-content\/uploads\/2025\/10\/CLASSIC-WORLD-EDU-muzikine-sienine-lenta-LISEK.jpg","contentUrl":"https:\/\/kidsplay.lt\/wp-content\/uploads\/2025\/10\/CLASSIC-WORLD-EDU-muzikine-sienine-lenta-LISEK.jpg","width":1000,"height":1000,"caption":"CLASSIC WORLD EDU muzikin\u0117 sienin\u0117 lenta LISEK"},{"@type":"BreadcrumbList","@id":"https:\/\/kidsplay.lt\/produktas\/classic-world-edu-muzikine-sienine-lenta-lisek\/#breadcrumb","itemListElement":[{"@type":"ListItem","position":1,"name":"Pagrindinis","item":"https:\/\/kidsplay.lt\/"},{"@type":"ListItem","position":2,"name":"Parduotuv\u0117","item":"https:\/\/kidsplay.lt\/parduotuve\/"},{"@type":"ListItem","position":3,"name":"CLASSIC WORLD EDU muzikin\u0117 sienin\u0117 lenta LISEK"}]},{"@type":"WebSite","@id":"https:\/\/kidsplay.lt\/#website","url":"https:\/\/kidsplay.lt\/","name":"B\u0113rnu sp\u0113les.lv","description":"\u012evairios prek\u0117s vaikams","publisher":{"@id":"https:\/\/kidsplay.lt\/#organization"},"alternateName":"Kidsplay","potentialAction":[{"@type":"SearchAction","target":{"@type":"EntryPoint","urlTemplate":"https:\/\/kidsplay.lt\/?s={search_term_string}"},"query-input":{"@type":"PropertyValueSpecification","valueRequired":true,"valueName":"search_term_string"}}],"inLanguage":"lv-LV"},{"@type":"Organization","@id":"https:\/\/kidsplay.lt\/#organization","name":"B\u0113rnu sp\u0113le","url":"https:\/\/kidsplay.lt\/","logo":{"@type":"ImageObject","inLanguage":"lv-LV","@id":"https:\/\/kidsplay.lt\/#\/schema\/logo\/image\/","url":"https:\/\/kidsplay.lt\/wp-content\/uploads\/2023\/07\/kidsplay-logo.png","contentUrl":"https:\/\/kidsplay.lt\/wp-content\/uploads\/2023\/07\/kidsplay-logo.png","width":451,"height":98,"caption":"KidsPlay"},"image":{"@id":"https:\/\/kidsplay.lt\/#\/schema\/logo\/image\/"},"sameAs":["https:\/\/www.facebook.com\/www.kidsplay.lt"]}]}},"_links":{"self":[{"href":"https:\/\/kidsplay.lt\/lv\/wp-json\/wp\/v2\/product\/90239","targetHints":{"allow":["GET"]}}],"collection":[{"href":"https:\/\/kidsplay.lt\/lv\/wp-json\/wp\/v2\/product"}],"about":[{"href":"https:\/\/kidsplay.lt\/lv\/wp-json\/wp\/v2\/types\/product"}],"version-history":[{"count":1,"href":"https:\/\/kidsplay.lt\/lv\/wp-json\/wp\/v2\/product\/90239\/revisions"}],"predecessor-version":[{"id":90240,"href":"https:\/\/kidsplay.lt\/lv\/wp-json\/wp\/v2\/product\/90239\/revisions\/90240"}],"wp:featuredmedia":[{"embeddable":true,"href":"https:\/\/kidsplay.lt\/lv\/wp-json\/wp\/v2\/media\/76687"}],"wp:attachment":[{"href":"https:\/\/kidsplay.lt\/lv\/wp-json\/wp\/v2\/media?parent=90239"}],"wp:term":[{"taxonomy":"product_brand","embeddable":true,"href":"https:\/\/kidsplay.lt\/lv\/wp-json\/wp\/v2\/product_brand?post=90239"},{"taxonomy":"product_cat","embeddable":true,"href":"https:\/\/kidsplay.lt\/lv\/wp-json\/wp\/v2\/product_cat?post=90239"},{"taxonomy":"product_tag","embeddable":true,"href":"https:\/\/kidsplay.lt\/lv\/wp-json\/wp\/v2\/product_tag?post=90239"}],"curies":[{"name":"wp","href":"https:\/\/api.w.org\/{rel}","templated":true}]}}