{"id":90241,"date":"2026-02-26T09:40:39","date_gmt":"2026-02-26T07:40:39","guid":{"rendered":"https:\/\/kidsplay.lt\/produktas\/woopie-interaktyvus-dinozauru-dulkiu-siurblys-3in1-su-siurbimo-funkcija-sviesa-ir-garsu\/"},"modified":"2026-04-20T08:44:58","modified_gmt":"2026-04-20T05:44:58","slug":"woopie-interaktyvus-dinozauru-dulkiu-siurblys-3in1-su-siurbimo-funkcija-sviesa-ir-garsu","status":"publish","type":"product","link":"https:\/\/kidsplay.lt\/lv\/products\/woopie-interaktyvus-dinozauru-dulkiu-siurblys-3in1-su-siurbimo-funkcija-sviesa-ir-garsu\/","title":{"rendered":"WOOPIE interakt\u012bvs dinozauru putek\u013cs\u016bc\u0113js 3in1 ar s\u016bk\u0161anas funkciju, gaismu un ska\u0146u"},"content":{"rendered":"<p>\u201e Woopie\u00a0\u201c\u00a0\u201eDino 3-in-1\u201c\u00a0dulki\u0173 siurblys\u00a0\u2013 puikus pasirinkimas ma\u017eiesiems nam\u0173 pagalbininkams.\u00a0Siurbimo funkcija,\u00a0garsai\u00a0ir\u00a0lemput\u0117s\u00a0valym\u0105 paver\u010dia dar tikrovi\u0161kesniu ir \u012fdomesniu.\u00a0Pirmas\u00a0spustel\u0117jimas\u00a0ant rankenos \u012fjungia dulki\u0173 siurbl\u012f,\u00a0antrasis \u2013\u00a0suskamba linksma melodija, o\u00a0tre\u010diasis \u2013\u00a0j\u012f i\u0161jungia.\u00a0Nuimam\u0105 plastikin\u0119 atliek\u0173 talpykl\u0105\u00a0lengva i\u0161tu\u0161tinti.\u00a0\u201eDino\u201c\u00a0dulki\u0173 siurblys turi\u00a0tris \u0161epet\u0117lius\u00a0, tod\u0117l vaikai gali savaranki\u0161kai naudoti dulki\u0173 siurbl\u012f trimis re\u017eimais. \u017daislas pagamintas i\u0161 auk\u0161tos kokyb\u0117s,\u00a0vaikams saugi\u0173 med\u017eiag\u0173\u00a0.\u00a0Dulki\u0173 siurblys turi\u00a0patogi\u0105 ranken\u0105\u00a0, leid\u017eian\u010di\u0105 vaikams j\u012f ne\u0161iotis i\u0161 vienos vietos \u012f kit\u0105. Tai ideali dovana,\u00a0pad\u0117sianti vaikams m\u0117gd\u017eioti savo t\u0117vus\u00a0, nes kuris vaikas nenor\u0117t\u0173 b\u016bti suaug\u0119s?<\/p>\n<p>Rakstur\u012bgs:<\/p>\n<p> \t&#8211; Vaikams nuo\u00a03 met\u0173 am\u017eiaus<br \/>\n \t&#8211; dulki\u0173 siurblys turi\u00a0siurbimo funkcij\u0105<br \/>\n \t&#8211; garso funkcija &#8211;\u00a0pirmas spustel\u0117jimas ant rankenos \u012fjungia dulki\u0173 siurbl\u012f, o antrasis taip pat groja linksm\u0105 melodij\u0105<\/p>\n<p> \t&#8211;\u00a0\u00a0galimas siurbimo re\u017eimas su melodija ir be jos<br \/>\n \t&#8211; ap\u0161vietimo funkcija &#8211; indas veikimo metu \u0161vie\u010dia spalvingai<br \/>\n \t&#8211; \u017eaislas\u00a0imituoja tikro prietaiso gars\u0105<br \/>\n \t&#8211; turi 3 kei\u010diamus antgalius<br \/>\n \t&#8211; pagaminta i\u0161 auk\u0161tos kokyb\u0117s med\u017eiag\u0173, saugi\u0173 vaikams<br \/>\n \t&#8211; Reikalingos baterijos: 5 x AA (nepridedamos)<\/p>\n<p>Komplekt\u0101 ietilpst:<\/p>\n<p> \t&#8211; Dinozaur\u0173 dulki\u0173 siurblys<br \/>\n \t&#8211; Platus grind\u0173 antgalis su ratukais<br \/>\n \t&#8211; Vidutinio dyd\u017eio apmu\u0161al\u0173 antgalis<br \/>\n \t&#8211; Ply\u0161inis antgalis<br \/>\n \t&#8211; Vamzdis<br \/>\n \t&#8211; Jungtis<\/p>\n<p>Rota\u013clieta att\u012bst\u0101s:<\/p>\n<p> \t&#8211; Nepriklausomyb\u0117<br \/>\n \t\u2013 Lo\u0123ika<br \/>\n \t\u2013 Motorisk\u0101s prasmes<\/p>","protected":false},"excerpt":{"rendered":"<p>\u201e Woopie\u00a0\u201c\u00a0\u201eDino 3-in-1\u201c\u00a0dulki\u0173 siurblys\u00a0\u2013 puikus pasirinkimas ma\u017eiesiems nam\u0173 pagalbininkams.\u00a0Siurbimo funkcija,\u00a0garsai\u00a0ir\u00a0lemput\u0117s\u00a0valym\u0105 paver\u010dia dar tikrovi\u0161kesniu ir \u012fdomesniu.\u00a0Pirmas\u00a0spustel\u0117jimas\u00a0ant rankenos \u012fjungia dulki\u0173 siurbl\u012f,\u00a0antrasis \u2013\u00a0suskamba<\/p>","protected":false},"featured_media":66867,"template":"","meta":{"_acf_changed":false,"_glsr_average":0,"_glsr_ranking":0,"_glsr_reviews":0},"product_brand":[],"product_cat":[896,399],"product_tag":[],"class_list":{"0":"post-90241","1":"product","2":"type-product","3":"status-publish","4":"has-post-thumbnail","6":"product_cat-namu-ukis-vaidmenu-zaidimai","7":"product_cat-vaidmenu-zaidimai-2","8":"\"style=\"background-color: #2ecc711c;\"","10":"first","11":"instock","12":"purchasable","13":"product-type-simple"},"acf":[],"yoast_head":"<!-- This site is optimized with the Yoast SEO plugin v27.4 - https:\/\/yoast.com\/product\/yoast-seo-wordpress\/ -->\n<title>WOOPIE interaktyvus dinozaur\u0173 dulki\u0173 siurblys 3in1 su siurbimo funkcija, \u0161viesa ir garsu<\/title>\n<meta name=\"description\" content=\"WOOPIE interaktyvus dinozaur\u0173 dulki\u0173 siurblys 3in1 su siurbimo funkcija, \u0161viesa ir garsu - KidsPlay. Did\u017eiausias vaik\u0173 \u017eaisl\u0173 pasirinkimas.\" \/>\n<meta name=\"robots\" content=\"index, follow, max-snippet:-1, max-image-preview:large, max-video-preview:-1\" \/>\n<link rel=\"canonical\" href=\"https:\/\/kidsplay.lt\/lv\/products\/woopie-interaktyvus-dinozauru-dulkiu-siurblys-3in1-su-siurbimo-funkcija-sviesa-ir-garsu\/\" \/>\n<meta property=\"og:locale\" content=\"lv_LV\" \/>\n<meta property=\"og:type\" content=\"article\" \/>\n<meta property=\"og:title\" content=\"WOOPIE interaktyvus dinozaur\u0173 dulki\u0173 siurblys 3in1 su siurbimo funkcija, \u0161viesa ir garsu\" \/>\n<meta property=\"og:description\" content=\"WOOPIE interaktyvus dinozaur\u0173 dulki\u0173 siurblys 3in1 su siurbimo funkcija, \u0161viesa ir garsu - KidsPlay. Did\u017eiausias vaik\u0173 \u017eaisl\u0173 pasirinkimas.\" \/>\n<meta property=\"og:url\" content=\"https:\/\/kidsplay.lt\/lv\/products\/woopie-interaktyvus-dinozauru-dulkiu-siurblys-3in1-su-siurbimo-funkcija-sviesa-ir-garsu\/\" \/>\n<meta property=\"og:site_name\" content=\"KidsPlay\" \/>\n<meta property=\"article:publisher\" content=\"https:\/\/www.facebook.com\/www.kidsplay.lt\" \/>\n<meta property=\"article:modified_time\" content=\"2026-04-20T05:44:58+00:00\" \/>\n<meta property=\"og:image\" content=\"https:\/\/kidsplay.lt\/wp-content\/uploads\/2025\/09\/WOOPIE-interaktyvus-dinozauru-dulkiu-siurblys-3in1-su-siurbimo-funkcija-sviesa-ir-garsu.jpg\" \/>\n\t<meta property=\"og:image:width\" content=\"1000\" \/>\n\t<meta property=\"og:image:height\" content=\"1000\" \/>\n\t<meta property=\"og:image:type\" content=\"image\/jpeg\" \/>\n<meta name=\"twitter:card\" content=\"summary_large_image\" \/>\n<meta name=\"twitter:label1\" content=\"Est. reading time\" \/>\n\t<meta name=\"twitter:data1\" content=\"1 min\u016bte\" \/>\n<script type=\"application\/ld+json\" class=\"yoast-schema-graph\">{\"@context\":\"https:\\\/\\\/schema.org\",\"@graph\":[{\"@type\":\"WebPage\",\"@id\":\"https:\\\/\\\/kidsplay.lt\\\/produktas\\\/woopie-interaktyvus-dinozauru-dulkiu-siurblys-3in1-su-siurbimo-funkcija-sviesa-ir-garsu\\\/\",\"url\":\"https:\\\/\\\/kidsplay.lt\\\/produktas\\\/woopie-interaktyvus-dinozauru-dulkiu-siurblys-3in1-su-siurbimo-funkcija-sviesa-ir-garsu\\\/\",\"name\":\"WOOPIE interaktyvus dinozaur\u0173 dulki\u0173 siurblys 3in1 su siurbimo funkcija, \u0161viesa ir garsu\",\"isPartOf\":{\"@id\":\"https:\\\/\\\/kidsplay.lt\\\/#website\"},\"primaryImageOfPage\":{\"@id\":\"https:\\\/\\\/kidsplay.lt\\\/produktas\\\/woopie-interaktyvus-dinozauru-dulkiu-siurblys-3in1-su-siurbimo-funkcija-sviesa-ir-garsu\\\/#primaryimage\"},\"image\":{\"@id\":\"https:\\\/\\\/kidsplay.lt\\\/produktas\\\/woopie-interaktyvus-dinozauru-dulkiu-siurblys-3in1-su-siurbimo-funkcija-sviesa-ir-garsu\\\/#primaryimage\"},\"thumbnailUrl\":\"https:\\\/\\\/kidsplay.lt\\\/wp-content\\\/uploads\\\/2025\\\/09\\\/WOOPIE-interaktyvus-dinozauru-dulkiu-siurblys-3in1-su-siurbimo-funkcija-sviesa-ir-garsu.jpg\",\"datePublished\":\"2026-02-26T07:40:39+00:00\",\"dateModified\":\"2026-04-20T05:44:58+00:00\",\"description\":\"WOOPIE interaktyvus dinozaur\u0173 dulki\u0173 siurblys 3in1 su siurbimo funkcija, \u0161viesa ir garsu - KidsPlay. Did\u017eiausias vaik\u0173 \u017eaisl\u0173 pasirinkimas.\",\"breadcrumb\":{\"@id\":\"https:\\\/\\\/kidsplay.lt\\\/produktas\\\/woopie-interaktyvus-dinozauru-dulkiu-siurblys-3in1-su-siurbimo-funkcija-sviesa-ir-garsu\\\/#breadcrumb\"},\"inLanguage\":\"lv-LV\",\"potentialAction\":[{\"@type\":\"ReadAction\",\"target\":[\"https:\\\/\\\/kidsplay.lt\\\/produktas\\\/woopie-interaktyvus-dinozauru-dulkiu-siurblys-3in1-su-siurbimo-funkcija-sviesa-ir-garsu\\\/\"]}]},{\"@type\":\"ImageObject\",\"inLanguage\":\"lv-LV\",\"@id\":\"https:\\\/\\\/kidsplay.lt\\\/produktas\\\/woopie-interaktyvus-dinozauru-dulkiu-siurblys-3in1-su-siurbimo-funkcija-sviesa-ir-garsu\\\/#primaryimage\",\"url\":\"https:\\\/\\\/kidsplay.lt\\\/wp-content\\\/uploads\\\/2025\\\/09\\\/WOOPIE-interaktyvus-dinozauru-dulkiu-siurblys-3in1-su-siurbimo-funkcija-sviesa-ir-garsu.jpg\",\"contentUrl\":\"https:\\\/\\\/kidsplay.lt\\\/wp-content\\\/uploads\\\/2025\\\/09\\\/WOOPIE-interaktyvus-dinozauru-dulkiu-siurblys-3in1-su-siurbimo-funkcija-sviesa-ir-garsu.jpg\",\"width\":1000,\"height\":1000,\"caption\":\"WOOPIE interaktyvus dinozaur\u0173 dulki\u0173 siurblys 3in1 su siurbimo funkcija\"},{\"@type\":\"BreadcrumbList\",\"@id\":\"https:\\\/\\\/kidsplay.lt\\\/produktas\\\/woopie-interaktyvus-dinozauru-dulkiu-siurblys-3in1-su-siurbimo-funkcija-sviesa-ir-garsu\\\/#breadcrumb\",\"itemListElement\":[{\"@type\":\"ListItem\",\"position\":1,\"name\":\"Pagrindinis\",\"item\":\"https:\\\/\\\/kidsplay.lt\\\/\"},{\"@type\":\"ListItem\",\"position\":2,\"name\":\"Parduotuv\u0117\",\"item\":\"https:\\\/\\\/kidsplay.lt\\\/parduotuve\\\/\"},{\"@type\":\"ListItem\",\"position\":3,\"name\":\"WOOPIE interaktyvus dinozaur\u0173 dulki\u0173 siurblys 3in1 su siurbimo funkcija, \u0161viesa ir garsu\"}]},{\"@type\":\"WebSite\",\"@id\":\"https:\\\/\\\/kidsplay.lt\\\/#website\",\"url\":\"https:\\\/\\\/kidsplay.lt\\\/\",\"name\":\"Kidsplay.lt\",\"description\":\"\u012evairios prek\u0117s vaikams\",\"publisher\":{\"@id\":\"https:\\\/\\\/kidsplay.lt\\\/#organization\"},\"alternateName\":\"Kidsplay\",\"potentialAction\":[{\"@type\":\"SearchAction\",\"target\":{\"@type\":\"EntryPoint\",\"urlTemplate\":\"https:\\\/\\\/kidsplay.lt\\\/?s={search_term_string}\"},\"query-input\":{\"@type\":\"PropertyValueSpecification\",\"valueRequired\":true,\"valueName\":\"search_term_string\"}}],\"inLanguage\":\"lv-LV\"},{\"@type\":\"Organization\",\"@id\":\"https:\\\/\\\/kidsplay.lt\\\/#organization\",\"name\":\"KidsPlay\",\"url\":\"https:\\\/\\\/kidsplay.lt\\\/\",\"logo\":{\"@type\":\"ImageObject\",\"inLanguage\":\"lv-LV\",\"@id\":\"https:\\\/\\\/kidsplay.lt\\\/#\\\/schema\\\/logo\\\/image\\\/\",\"url\":\"https:\\\/\\\/kidsplay.lt\\\/wp-content\\\/uploads\\\/2023\\\/07\\\/kidsplay-logo.png\",\"contentUrl\":\"https:\\\/\\\/kidsplay.lt\\\/wp-content\\\/uploads\\\/2023\\\/07\\\/kidsplay-logo.png\",\"width\":451,\"height\":98,\"caption\":\"KidsPlay\"},\"image\":{\"@id\":\"https:\\\/\\\/kidsplay.lt\\\/#\\\/schema\\\/logo\\\/image\\\/\"},\"sameAs\":[\"https:\\\/\\\/www.facebook.com\\\/www.kidsplay.lt\"]}]}<\/script>\n<!-- \/ Yoast SEO plugin. -->","yoast_head_json":{"title":"WOOPIE interakt\u012bvs dinozauru putek\u013cs\u016bc\u0113js 3in1 ar s\u016bk\u0161anas funkciju, gaismu un ska\u0146u","description":"WOOPIE interaktyvus dinozaur\u0173 dulki\u0173 siurblys 3in1 su siurbimo funkcija, \u0161viesa ir garsu - KidsPlay. Did\u017eiausias vaik\u0173 \u017eaisl\u0173 pasirinkimas.","robots":{"index":"index","follow":"follow","max-snippet":"max-snippet:-1","max-image-preview":"max-image-preview:large","max-video-preview":"max-video-preview:-1"},"canonical":"https:\/\/kidsplay.lt\/lv\/products\/woopie-interaktyvus-dinozauru-dulkiu-siurblys-3in1-su-siurbimo-funkcija-sviesa-ir-garsu\/","og_locale":"lv_LV","og_type":"article","og_title":"WOOPIE interaktyvus dinozaur\u0173 dulki\u0173 siurblys 3in1 su siurbimo funkcija, \u0161viesa ir garsu","og_description":"WOOPIE interaktyvus dinozaur\u0173 dulki\u0173 siurblys 3in1 su siurbimo funkcija, \u0161viesa ir garsu - KidsPlay. Did\u017eiausias vaik\u0173 \u017eaisl\u0173 pasirinkimas.","og_url":"https:\/\/kidsplay.lt\/lv\/products\/woopie-interaktyvus-dinozauru-dulkiu-siurblys-3in1-su-siurbimo-funkcija-sviesa-ir-garsu\/","og_site_name":"KidsPlay","article_publisher":"https:\/\/www.facebook.com\/www.kidsplay.lt","article_modified_time":"2026-04-20T05:44:58+00:00","og_image":[{"width":1000,"height":1000,"url":"https:\/\/kidsplay.lt\/wp-content\/uploads\/2025\/09\/WOOPIE-interaktyvus-dinozauru-dulkiu-siurblys-3in1-su-siurbimo-funkcija-sviesa-ir-garsu.jpg","type":"image\/jpeg"}],"twitter_card":"summary_large_image","twitter_misc":{"Est. reading time":"1 min\u016bte"},"schema":{"@context":"https:\/\/schema.org","@graph":[{"@type":"WebPage","@id":"https:\/\/kidsplay.lt\/produktas\/woopie-interaktyvus-dinozauru-dulkiu-siurblys-3in1-su-siurbimo-funkcija-sviesa-ir-garsu\/","url":"https:\/\/kidsplay.lt\/produktas\/woopie-interaktyvus-dinozauru-dulkiu-siurblys-3in1-su-siurbimo-funkcija-sviesa-ir-garsu\/","name":"WOOPIE interakt\u012bvs dinozauru putek\u013cs\u016bc\u0113js 3in1 ar s\u016bk\u0161anas funkciju, gaismu un ska\u0146u","isPartOf":{"@id":"https:\/\/kidsplay.lt\/#website"},"primaryImageOfPage":{"@id":"https:\/\/kidsplay.lt\/produktas\/woopie-interaktyvus-dinozauru-dulkiu-siurblys-3in1-su-siurbimo-funkcija-sviesa-ir-garsu\/#primaryimage"},"image":{"@id":"https:\/\/kidsplay.lt\/produktas\/woopie-interaktyvus-dinozauru-dulkiu-siurblys-3in1-su-siurbimo-funkcija-sviesa-ir-garsu\/#primaryimage"},"thumbnailUrl":"https:\/\/kidsplay.lt\/wp-content\/uploads\/2025\/09\/WOOPIE-interaktyvus-dinozauru-dulkiu-siurblys-3in1-su-siurbimo-funkcija-sviesa-ir-garsu.jpg","datePublished":"2026-02-26T07:40:39+00:00","dateModified":"2026-04-20T05:44:58+00:00","description":"WOOPIE interaktyvus dinozaur\u0173 dulki\u0173 siurblys 3in1 su siurbimo funkcija, \u0161viesa ir garsu - KidsPlay. Did\u017eiausias vaik\u0173 \u017eaisl\u0173 pasirinkimas.","breadcrumb":{"@id":"https:\/\/kidsplay.lt\/produktas\/woopie-interaktyvus-dinozauru-dulkiu-siurblys-3in1-su-siurbimo-funkcija-sviesa-ir-garsu\/#breadcrumb"},"inLanguage":"lv-LV","potentialAction":[{"@type":"ReadAction","target":["https:\/\/kidsplay.lt\/produktas\/woopie-interaktyvus-dinozauru-dulkiu-siurblys-3in1-su-siurbimo-funkcija-sviesa-ir-garsu\/"]}]},{"@type":"ImageObject","inLanguage":"lv-LV","@id":"https:\/\/kidsplay.lt\/produktas\/woopie-interaktyvus-dinozauru-dulkiu-siurblys-3in1-su-siurbimo-funkcija-sviesa-ir-garsu\/#primaryimage","url":"https:\/\/kidsplay.lt\/wp-content\/uploads\/2025\/09\/WOOPIE-interaktyvus-dinozauru-dulkiu-siurblys-3in1-su-siurbimo-funkcija-sviesa-ir-garsu.jpg","contentUrl":"https:\/\/kidsplay.lt\/wp-content\/uploads\/2025\/09\/WOOPIE-interaktyvus-dinozauru-dulkiu-siurblys-3in1-su-siurbimo-funkcija-sviesa-ir-garsu.jpg","width":1000,"height":1000,"caption":"WOOPIE interaktyvus dinozaur\u0173 dulki\u0173 siurblys 3in1 su siurbimo funkcija"},{"@type":"BreadcrumbList","@id":"https:\/\/kidsplay.lt\/produktas\/woopie-interaktyvus-dinozauru-dulkiu-siurblys-3in1-su-siurbimo-funkcija-sviesa-ir-garsu\/#breadcrumb","itemListElement":[{"@type":"ListItem","position":1,"name":"Pagrindinis","item":"https:\/\/kidsplay.lt\/"},{"@type":"ListItem","position":2,"name":"Parduotuv\u0117","item":"https:\/\/kidsplay.lt\/parduotuve\/"},{"@type":"ListItem","position":3,"name":"WOOPIE interaktyvus dinozaur\u0173 dulki\u0173 siurblys 3in1 su siurbimo funkcija, \u0161viesa ir garsu"}]},{"@type":"WebSite","@id":"https:\/\/kidsplay.lt\/#website","url":"https:\/\/kidsplay.lt\/","name":"B\u0113rnu sp\u0113les.lv","description":"\u012evairios prek\u0117s vaikams","publisher":{"@id":"https:\/\/kidsplay.lt\/#organization"},"alternateName":"Kidsplay","potentialAction":[{"@type":"SearchAction","target":{"@type":"EntryPoint","urlTemplate":"https:\/\/kidsplay.lt\/?s={search_term_string}"},"query-input":{"@type":"PropertyValueSpecification","valueRequired":true,"valueName":"search_term_string"}}],"inLanguage":"lv-LV"},{"@type":"Organization","@id":"https:\/\/kidsplay.lt\/#organization","name":"B\u0113rnu sp\u0113le","url":"https:\/\/kidsplay.lt\/","logo":{"@type":"ImageObject","inLanguage":"lv-LV","@id":"https:\/\/kidsplay.lt\/#\/schema\/logo\/image\/","url":"https:\/\/kidsplay.lt\/wp-content\/uploads\/2023\/07\/kidsplay-logo.png","contentUrl":"https:\/\/kidsplay.lt\/wp-content\/uploads\/2023\/07\/kidsplay-logo.png","width":451,"height":98,"caption":"KidsPlay"},"image":{"@id":"https:\/\/kidsplay.lt\/#\/schema\/logo\/image\/"},"sameAs":["https:\/\/www.facebook.com\/www.kidsplay.lt"]}]}},"_links":{"self":[{"href":"https:\/\/kidsplay.lt\/lv\/wp-json\/wp\/v2\/product\/90241","targetHints":{"allow":["GET"]}}],"collection":[{"href":"https:\/\/kidsplay.lt\/lv\/wp-json\/wp\/v2\/product"}],"about":[{"href":"https:\/\/kidsplay.lt\/lv\/wp-json\/wp\/v2\/types\/product"}],"version-history":[{"count":1,"href":"https:\/\/kidsplay.lt\/lv\/wp-json\/wp\/v2\/product\/90241\/revisions"}],"predecessor-version":[{"id":90242,"href":"https:\/\/kidsplay.lt\/lv\/wp-json\/wp\/v2\/product\/90241\/revisions\/90242"}],"wp:featuredmedia":[{"embeddable":true,"href":"https:\/\/kidsplay.lt\/lv\/wp-json\/wp\/v2\/media\/66867"}],"wp:attachment":[{"href":"https:\/\/kidsplay.lt\/lv\/wp-json\/wp\/v2\/media?parent=90241"}],"wp:term":[{"taxonomy":"product_brand","embeddable":true,"href":"https:\/\/kidsplay.lt\/lv\/wp-json\/wp\/v2\/product_brand?post=90241"},{"taxonomy":"product_cat","embeddable":true,"href":"https:\/\/kidsplay.lt\/lv\/wp-json\/wp\/v2\/product_cat?post=90241"},{"taxonomy":"product_tag","embeddable":true,"href":"https:\/\/kidsplay.lt\/lv\/wp-json\/wp\/v2\/product_tag?post=90241"}],"curies":[{"name":"wp","href":"https:\/\/api.w.org\/{rel}","templated":true}]}}