{"id":90243,"date":"2026-02-26T09:40:42","date_gmt":"2026-02-26T07:40:42","guid":{"rendered":"https:\/\/kidsplay.lt\/produktas\/woopie-vaikiskas-valymo-rinkinys-12-vnt\/"},"modified":"2026-04-13T15:18:10","modified_gmt":"2026-04-13T12:18:10","slug":"woopie-vaikiskas-valymo-rinkinys-12-vnt","status":"publish","type":"product","link":"https:\/\/kidsplay.lt\/lv\/products\/woopie-vaikiskas-valymo-rinkinys-12-vnt\/","title":{"rendered":"WOOPIE b\u0113rnu t\u012br\u012b\u0161anas komplekts 12 gab."},"content":{"rendered":"<p>Smagiai ir \u012ftraukian\u010diai supa\u017eindinkite savo vaik\u0105 su kasdieni\u0173 darb\u0173 pasauliu!\u00a0\u201eWoopie\u00a0\u201c vaiki\u0161kas\u00a0valymo rinkinys\u00a0\u00a0yra puikus pasirinkimas ma\u017eiesiems pagalbininkams, norintiems m\u0117gd\u017eioti suaugusiuosius ir mokytis \u017eaisdami. D\u0117l gausaus pried\u0173 asortimento ir specialios motyvacin\u0117s lentos su lipdukais j\u016bs\u0173 vaikas ne tik gaus d\u017eiaugsmo \u017eaisdamas, bet ir i\u0161siugdys gerus \u012fpro\u010dius, kurie pravers ateityje. Rinkin\u012f sudaro\u00a0realisti\u0161kai atkurtos valymo priemon\u0117s\u00a0, kurios yra visi\u0161kai saugios vaikams, lengvos ir paprastos naudoti. \u0160luota, \u0161luota, \u0161epe\u010diai, purk\u0161tuvas ir kibiras leid\u017eia j\u016bs\u0173 vaikui \u017eaisti vaidmenimis ir \u017eaisti \u201enam\u0173\u201c ar \u201ekambari\u0173 valym\u0105\u201c. Be to, prid\u0117ta\u00a0u\u017eduo\u010di\u0173 kortel\u0117\u00a0\u00a0su spalvingomis piktogramomis ir lipdukais leid\u017eia steb\u0117ti pa\u017eang\u0105 ir sistemingai atlikti naujus darbus. Rinkinys ne tik skatina motorin\u012f ir pa\u017eintin\u012f vystym\u0105si, bet ir\u00a0moko organizuotumo, nuoseklumo ir atsakomyb\u0117s\u00a0. Tai puiki proga kartu su vaiku sudaryti nam\u0173 ruo\u0161os darb\u0173 grafik\u0105 ir sustiprinti teigiam\u0105 elges\u012f pagyrimu ir apdovanojimais. \u017daislas pagamintas i\u0161 auk\u0161tos kokyb\u0117s, atspari\u0173 pa\u017eeidimams med\u017eiag\u0173, ta\u010diau lengvas ir saugus.\u00a0Ak\u012f traukian\u010dios spalvos\u00a0dar labiau skatina aktyv\u0173 \u017eaidim\u0105. Tai puikus pasirinkimas vaikams nuo trej\u0173 met\u0173, tiek namuose, tiek dar\u017eelyje ar dar\u017eelyje. Valym\u0105 paverskite malonumu, o ne na\u0161ta!\u00a0<\/p>\n<p>Rakstur\u012bgs:<\/p>\n<p> \t&#8211; \u017daislas vaikams\u00a0nuo 3 met\u0173 am\u017eiaus<br \/>\n \t&#8211;\u00a0\u00a0Visi\u0161kai saug\u016bs ir lengvi priedai\u00a0\u2013 puikiai tinka ma\u017eoms rankyt\u0117ms<br \/>\n \t&#8211;\u00a0\u00a0Realisti\u0161ka valymo \u012franki\u0173 i\u0161vaizda\u00a0\u2013 smagu kaip tikruose namuose<br \/>\n \t&#8211;\u00a0\u00a0Darb\u0173 lentel\u0117 su spalvingais lipdukais\u00a0\u00a0\u2013 palaiko reguliarum\u0105 ir motyvacij\u0105<br \/>\n \t&#8211;\u00a0\u00a0Padeda ugdyti gerus \u012fpro\u010dius\u00a0\u2013 valymas yra maloni rutina<br \/>\n \t&#8211;\u00a0\u00a0Stiprina \u0161eimos ry\u0161ius\u00a0\u2013 vaikas gali dalyvauti kasdieniame nam\u0173 gyvenime<br \/>\n \t&#8211;\u00a0\u00a0Esteti\u0161kas, spalvingas dizainas\u00a0\u2013 skatina interaktyv\u0173 \u017eaidim\u0105<br \/>\n \t&#8211;\u00a0\u00a0Puiki dovanos id\u0117ja\u00a0\u2013 prakti\u0161ka ir edukacin\u0117 dovana<\/p>\n<p>Komplekt\u0101 ietilpst:<\/p>\n<p> \t&#8211; \u0160luota su ilga rankena<br \/>\n \t&#8211; Juostin\u0117 \u0161luost\u0117<br \/>\n \t&#8211; Plok\u0161\u010dia \u0161luost\u0117<br \/>\n \t&#8211; \u0160epetys ir \u0161iuk\u0161li\u0173 semtuv\u0117lis<br \/>\n \t&#8211; Valytuvas<br \/>\n \t&#8211; Purk\u0161tuvas (imitacija)<br \/>\n \t&#8211; Valymo skys\u010dio buteliuko imitacija<br \/>\n \t&#8211; Kibiras<br \/>\n \t&#8211; Valymo kempin\u0117<br \/>\n \t&#8211; Mikropluo\u0161to \u0161luost\u0117<br \/>\n \t&#8211; Nam\u0173 darb\u0173 lenta<br \/>\n \t&#8211; Spalvingas lipduk\u0173 lapas su veiklos piktogramomis (skalbimas, siurbimas, skalbimas ir kt.)<\/p>\n<p>Rota\u013clieta att\u012bst\u0101s:<\/p>\n<p> \t&#8211; atsakingumas ir savaranki\u0161kumas atliekant pareigas<br \/>\n \t&#8211; aki\u0173 ir rank\u0173 koordinacija bei judesi\u0173 tikslumas<br \/>\n \t&#8211; lavinti vaizduot\u0119 per vaidmen\u0173 \u017eaidimus<br \/>\n \t&#8211; loginis m\u0105stymas ir veiksm\u0173 planavimas<br \/>\n \t&#8211; geb\u0117jimas dirbti grup\u0117je (pvz., su t\u0117vais ar broliu ar seserimi)<\/p>\n<p>Pakuot\u0117s matmenys: 58 x 24 x 9 (cm)<\/p>","protected":false},"excerpt":{"rendered":"<p>Smagiai ir \u012ftraukian\u010diai supa\u017eindinkite savo vaik\u0105 su kasdieni\u0173 darb\u0173 pasauliu!\u00a0\u201eWoopie\u00a0\u201c vaiki\u0161kas\u00a0valymo rinkinys\u00a0\u00a0yra puikus pasirinkimas ma\u017eiesiems pagalbininkams, norintiems m\u0117gd\u017eioti suaugusiuosius ir<\/p>","protected":false},"featured_media":62157,"template":"","meta":{"_acf_changed":false,"_glsr_average":0,"_glsr_ranking":0,"_glsr_reviews":0},"product_brand":[],"product_cat":[896,399],"product_tag":[],"class_list":{"0":"post-90243","1":"product","2":"type-product","3":"status-publish","4":"has-post-thumbnail","6":"product_cat-namu-ukis-vaidmenu-zaidimai","7":"product_cat-vaidmenu-zaidimai-2","8":"\"style=\"background-color: #2ecc711c;\"","10":"first","11":"instock","12":"purchasable","13":"product-type-simple"},"acf":[],"yoast_head":"<!-- This site is optimized with the Yoast SEO plugin v27.4 - https:\/\/yoast.com\/product\/yoast-seo-wordpress\/ -->\n<title>WOOPIE vaiki\u0161kas valymo rinkinys 12 vnt.<\/title>\n<meta name=\"description\" content=\"WOOPIE vaiki\u0161kas valymo rinkinys 12 vnt. - KidsPlay. Did\u017eiausias vaik\u0173 \u017eaisl\u0173 pasirinkimas.\" \/>\n<meta name=\"robots\" content=\"index, follow, max-snippet:-1, max-image-preview:large, max-video-preview:-1\" \/>\n<link rel=\"canonical\" href=\"https:\/\/kidsplay.lt\/lv\/products\/woopie-vaikiskas-valymo-rinkinys-12-vnt\/\" \/>\n<meta property=\"og:locale\" content=\"lv_LV\" \/>\n<meta property=\"og:type\" content=\"article\" \/>\n<meta property=\"og:title\" content=\"WOOPIE vaiki\u0161kas valymo rinkinys 12 vnt.\" \/>\n<meta property=\"og:description\" content=\"WOOPIE vaiki\u0161kas valymo rinkinys 12 vnt. - KidsPlay. Did\u017eiausias vaik\u0173 \u017eaisl\u0173 pasirinkimas.\" \/>\n<meta property=\"og:url\" content=\"https:\/\/kidsplay.lt\/lv\/products\/woopie-vaikiskas-valymo-rinkinys-12-vnt\/\" \/>\n<meta property=\"og:site_name\" content=\"KidsPlay\" \/>\n<meta property=\"article:publisher\" content=\"https:\/\/www.facebook.com\/www.kidsplay.lt\" \/>\n<meta property=\"article:modified_time\" content=\"2026-04-13T12:18:10+00:00\" \/>\n<meta property=\"og:image\" content=\"https:\/\/kidsplay.lt\/wp-content\/uploads\/2025\/09\/WOOPIE-vaikiskas-valymo-rinkinys-12-vnt.jpg\" \/>\n\t<meta property=\"og:image:width\" content=\"779\" \/>\n\t<meta property=\"og:image:height\" content=\"776\" \/>\n\t<meta property=\"og:image:type\" content=\"image\/jpeg\" \/>\n<meta name=\"twitter:card\" content=\"summary_large_image\" \/>\n<meta name=\"twitter:label1\" content=\"Est. reading time\" \/>\n\t<meta name=\"twitter:data1\" content=\"2 min\u016btes\" \/>\n<script type=\"application\/ld+json\" class=\"yoast-schema-graph\">{\"@context\":\"https:\\\/\\\/schema.org\",\"@graph\":[{\"@type\":\"WebPage\",\"@id\":\"https:\\\/\\\/kidsplay.lt\\\/produktas\\\/woopie-vaikiskas-valymo-rinkinys-12-vnt\\\/\",\"url\":\"https:\\\/\\\/kidsplay.lt\\\/produktas\\\/woopie-vaikiskas-valymo-rinkinys-12-vnt\\\/\",\"name\":\"WOOPIE vaiki\u0161kas valymo rinkinys 12 vnt.\",\"isPartOf\":{\"@id\":\"https:\\\/\\\/kidsplay.lt\\\/#website\"},\"primaryImageOfPage\":{\"@id\":\"https:\\\/\\\/kidsplay.lt\\\/produktas\\\/woopie-vaikiskas-valymo-rinkinys-12-vnt\\\/#primaryimage\"},\"image\":{\"@id\":\"https:\\\/\\\/kidsplay.lt\\\/produktas\\\/woopie-vaikiskas-valymo-rinkinys-12-vnt\\\/#primaryimage\"},\"thumbnailUrl\":\"https:\\\/\\\/kidsplay.lt\\\/wp-content\\\/uploads\\\/2025\\\/09\\\/WOOPIE-vaikiskas-valymo-rinkinys-12-vnt.jpg\",\"datePublished\":\"2026-02-26T07:40:42+00:00\",\"dateModified\":\"2026-04-13T12:18:10+00:00\",\"description\":\"WOOPIE vaiki\u0161kas valymo rinkinys 12 vnt. - KidsPlay. Did\u017eiausias vaik\u0173 \u017eaisl\u0173 pasirinkimas.\",\"breadcrumb\":{\"@id\":\"https:\\\/\\\/kidsplay.lt\\\/produktas\\\/woopie-vaikiskas-valymo-rinkinys-12-vnt\\\/#breadcrumb\"},\"inLanguage\":\"lv-LV\",\"potentialAction\":[{\"@type\":\"ReadAction\",\"target\":[\"https:\\\/\\\/kidsplay.lt\\\/produktas\\\/woopie-vaikiskas-valymo-rinkinys-12-vnt\\\/\"]}]},{\"@type\":\"ImageObject\",\"inLanguage\":\"lv-LV\",\"@id\":\"https:\\\/\\\/kidsplay.lt\\\/produktas\\\/woopie-vaikiskas-valymo-rinkinys-12-vnt\\\/#primaryimage\",\"url\":\"https:\\\/\\\/kidsplay.lt\\\/wp-content\\\/uploads\\\/2025\\\/09\\\/WOOPIE-vaikiskas-valymo-rinkinys-12-vnt.jpg\",\"contentUrl\":\"https:\\\/\\\/kidsplay.lt\\\/wp-content\\\/uploads\\\/2025\\\/09\\\/WOOPIE-vaikiskas-valymo-rinkinys-12-vnt.jpg\",\"width\":779,\"height\":776,\"caption\":\"WOOPIE vaiki\u0161kas valymo rinkinys 12 vnt.\"},{\"@type\":\"BreadcrumbList\",\"@id\":\"https:\\\/\\\/kidsplay.lt\\\/produktas\\\/woopie-vaikiskas-valymo-rinkinys-12-vnt\\\/#breadcrumb\",\"itemListElement\":[{\"@type\":\"ListItem\",\"position\":1,\"name\":\"Pagrindinis\",\"item\":\"https:\\\/\\\/kidsplay.lt\\\/\"},{\"@type\":\"ListItem\",\"position\":2,\"name\":\"Parduotuv\u0117\",\"item\":\"https:\\\/\\\/kidsplay.lt\\\/parduotuve\\\/\"},{\"@type\":\"ListItem\",\"position\":3,\"name\":\"WOOPIE vaiki\u0161kas valymo rinkinys 12 vnt.\"}]},{\"@type\":\"WebSite\",\"@id\":\"https:\\\/\\\/kidsplay.lt\\\/#website\",\"url\":\"https:\\\/\\\/kidsplay.lt\\\/\",\"name\":\"Kidsplay.lt\",\"description\":\"\u012evairios prek\u0117s vaikams\",\"publisher\":{\"@id\":\"https:\\\/\\\/kidsplay.lt\\\/#organization\"},\"alternateName\":\"Kidsplay\",\"potentialAction\":[{\"@type\":\"SearchAction\",\"target\":{\"@type\":\"EntryPoint\",\"urlTemplate\":\"https:\\\/\\\/kidsplay.lt\\\/?s={search_term_string}\"},\"query-input\":{\"@type\":\"PropertyValueSpecification\",\"valueRequired\":true,\"valueName\":\"search_term_string\"}}],\"inLanguage\":\"lv-LV\"},{\"@type\":\"Organization\",\"@id\":\"https:\\\/\\\/kidsplay.lt\\\/#organization\",\"name\":\"KidsPlay\",\"url\":\"https:\\\/\\\/kidsplay.lt\\\/\",\"logo\":{\"@type\":\"ImageObject\",\"inLanguage\":\"lv-LV\",\"@id\":\"https:\\\/\\\/kidsplay.lt\\\/#\\\/schema\\\/logo\\\/image\\\/\",\"url\":\"https:\\\/\\\/kidsplay.lt\\\/wp-content\\\/uploads\\\/2023\\\/07\\\/kidsplay-logo.png\",\"contentUrl\":\"https:\\\/\\\/kidsplay.lt\\\/wp-content\\\/uploads\\\/2023\\\/07\\\/kidsplay-logo.png\",\"width\":451,\"height\":98,\"caption\":\"KidsPlay\"},\"image\":{\"@id\":\"https:\\\/\\\/kidsplay.lt\\\/#\\\/schema\\\/logo\\\/image\\\/\"},\"sameAs\":[\"https:\\\/\\\/www.facebook.com\\\/www.kidsplay.lt\"]}]}<\/script>\n<!-- \/ Yoast SEO plugin. -->","yoast_head_json":{"title":"WOOPIE b\u0113rnu t\u012br\u012b\u0161anas komplekts 12 gab.","description":"WOOPIE vaiki\u0161kas valymo rinkinys 12 vnt. - KidsPlay. Did\u017eiausias vaik\u0173 \u017eaisl\u0173 pasirinkimas.","robots":{"index":"index","follow":"follow","max-snippet":"max-snippet:-1","max-image-preview":"max-image-preview:large","max-video-preview":"max-video-preview:-1"},"canonical":"https:\/\/kidsplay.lt\/lv\/products\/woopie-vaikiskas-valymo-rinkinys-12-vnt\/","og_locale":"lv_LV","og_type":"article","og_title":"WOOPIE vaiki\u0161kas valymo rinkinys 12 vnt.","og_description":"WOOPIE vaiki\u0161kas valymo rinkinys 12 vnt. - KidsPlay. Did\u017eiausias vaik\u0173 \u017eaisl\u0173 pasirinkimas.","og_url":"https:\/\/kidsplay.lt\/lv\/products\/woopie-vaikiskas-valymo-rinkinys-12-vnt\/","og_site_name":"KidsPlay","article_publisher":"https:\/\/www.facebook.com\/www.kidsplay.lt","article_modified_time":"2026-04-13T12:18:10+00:00","og_image":[{"width":779,"height":776,"url":"https:\/\/kidsplay.lt\/wp-content\/uploads\/2025\/09\/WOOPIE-vaikiskas-valymo-rinkinys-12-vnt.jpg","type":"image\/jpeg"}],"twitter_card":"summary_large_image","twitter_misc":{"Est. reading time":"2 min\u016btes"},"schema":{"@context":"https:\/\/schema.org","@graph":[{"@type":"WebPage","@id":"https:\/\/kidsplay.lt\/produktas\/woopie-vaikiskas-valymo-rinkinys-12-vnt\/","url":"https:\/\/kidsplay.lt\/produktas\/woopie-vaikiskas-valymo-rinkinys-12-vnt\/","name":"WOOPIE b\u0113rnu t\u012br\u012b\u0161anas komplekts 12 gab.","isPartOf":{"@id":"https:\/\/kidsplay.lt\/#website"},"primaryImageOfPage":{"@id":"https:\/\/kidsplay.lt\/produktas\/woopie-vaikiskas-valymo-rinkinys-12-vnt\/#primaryimage"},"image":{"@id":"https:\/\/kidsplay.lt\/produktas\/woopie-vaikiskas-valymo-rinkinys-12-vnt\/#primaryimage"},"thumbnailUrl":"https:\/\/kidsplay.lt\/wp-content\/uploads\/2025\/09\/WOOPIE-vaikiskas-valymo-rinkinys-12-vnt.jpg","datePublished":"2026-02-26T07:40:42+00:00","dateModified":"2026-04-13T12:18:10+00:00","description":"WOOPIE vaiki\u0161kas valymo rinkinys 12 vnt. - KidsPlay. Did\u017eiausias vaik\u0173 \u017eaisl\u0173 pasirinkimas.","breadcrumb":{"@id":"https:\/\/kidsplay.lt\/produktas\/woopie-vaikiskas-valymo-rinkinys-12-vnt\/#breadcrumb"},"inLanguage":"lv-LV","potentialAction":[{"@type":"ReadAction","target":["https:\/\/kidsplay.lt\/produktas\/woopie-vaikiskas-valymo-rinkinys-12-vnt\/"]}]},{"@type":"ImageObject","inLanguage":"lv-LV","@id":"https:\/\/kidsplay.lt\/produktas\/woopie-vaikiskas-valymo-rinkinys-12-vnt\/#primaryimage","url":"https:\/\/kidsplay.lt\/wp-content\/uploads\/2025\/09\/WOOPIE-vaikiskas-valymo-rinkinys-12-vnt.jpg","contentUrl":"https:\/\/kidsplay.lt\/wp-content\/uploads\/2025\/09\/WOOPIE-vaikiskas-valymo-rinkinys-12-vnt.jpg","width":779,"height":776,"caption":"WOOPIE vaiki\u0161kas valymo rinkinys 12 vnt."},{"@type":"BreadcrumbList","@id":"https:\/\/kidsplay.lt\/produktas\/woopie-vaikiskas-valymo-rinkinys-12-vnt\/#breadcrumb","itemListElement":[{"@type":"ListItem","position":1,"name":"Pagrindinis","item":"https:\/\/kidsplay.lt\/"},{"@type":"ListItem","position":2,"name":"Parduotuv\u0117","item":"https:\/\/kidsplay.lt\/parduotuve\/"},{"@type":"ListItem","position":3,"name":"WOOPIE vaiki\u0161kas valymo rinkinys 12 vnt."}]},{"@type":"WebSite","@id":"https:\/\/kidsplay.lt\/#website","url":"https:\/\/kidsplay.lt\/","name":"B\u0113rnu sp\u0113les.lv","description":"\u012evairios prek\u0117s vaikams","publisher":{"@id":"https:\/\/kidsplay.lt\/#organization"},"alternateName":"Kidsplay","potentialAction":[{"@type":"SearchAction","target":{"@type":"EntryPoint","urlTemplate":"https:\/\/kidsplay.lt\/?s={search_term_string}"},"query-input":{"@type":"PropertyValueSpecification","valueRequired":true,"valueName":"search_term_string"}}],"inLanguage":"lv-LV"},{"@type":"Organization","@id":"https:\/\/kidsplay.lt\/#organization","name":"B\u0113rnu sp\u0113le","url":"https:\/\/kidsplay.lt\/","logo":{"@type":"ImageObject","inLanguage":"lv-LV","@id":"https:\/\/kidsplay.lt\/#\/schema\/logo\/image\/","url":"https:\/\/kidsplay.lt\/wp-content\/uploads\/2023\/07\/kidsplay-logo.png","contentUrl":"https:\/\/kidsplay.lt\/wp-content\/uploads\/2023\/07\/kidsplay-logo.png","width":451,"height":98,"caption":"KidsPlay"},"image":{"@id":"https:\/\/kidsplay.lt\/#\/schema\/logo\/image\/"},"sameAs":["https:\/\/www.facebook.com\/www.kidsplay.lt"]}]}},"_links":{"self":[{"href":"https:\/\/kidsplay.lt\/lv\/wp-json\/wp\/v2\/product\/90243","targetHints":{"allow":["GET"]}}],"collection":[{"href":"https:\/\/kidsplay.lt\/lv\/wp-json\/wp\/v2\/product"}],"about":[{"href":"https:\/\/kidsplay.lt\/lv\/wp-json\/wp\/v2\/types\/product"}],"version-history":[{"count":1,"href":"https:\/\/kidsplay.lt\/lv\/wp-json\/wp\/v2\/product\/90243\/revisions"}],"predecessor-version":[{"id":90244,"href":"https:\/\/kidsplay.lt\/lv\/wp-json\/wp\/v2\/product\/90243\/revisions\/90244"}],"wp:featuredmedia":[{"embeddable":true,"href":"https:\/\/kidsplay.lt\/lv\/wp-json\/wp\/v2\/media\/62157"}],"wp:attachment":[{"href":"https:\/\/kidsplay.lt\/lv\/wp-json\/wp\/v2\/media?parent=90243"}],"wp:term":[{"taxonomy":"product_brand","embeddable":true,"href":"https:\/\/kidsplay.lt\/lv\/wp-json\/wp\/v2\/product_brand?post=90243"},{"taxonomy":"product_cat","embeddable":true,"href":"https:\/\/kidsplay.lt\/lv\/wp-json\/wp\/v2\/product_cat?post=90243"},{"taxonomy":"product_tag","embeddable":true,"href":"https:\/\/kidsplay.lt\/lv\/wp-json\/wp\/v2\/product_tag?post=90243"}],"curies":[{"name":"wp","href":"https:\/\/api.w.org\/{rel}","templated":true}]}}