{"id":90247,"date":"2026-02-26T09:40:47","date_gmt":"2026-02-26T07:40:47","guid":{"rendered":"https:\/\/kidsplay.lt\/produktas\/woopie-prekybos-centras-su-pirkiniu-vezimeliu-svarstyklemis-kasos-aparato-skaitytuvu-48-priedais\/"},"modified":"2026-02-26T19:50:52","modified_gmt":"2026-02-26T17:50:52","slug":"woopie-prekybos-centras-su-pirkiniu-vezimeliu-svarstyklemis-kasos-aparato-skaitytuvu-48-priedais","status":"publish","type":"product","link":"https:\/\/kidsplay.lt\/lv\/products\/woopie-prekybos-centras-su-pirkiniu-vezimeliu-svarstyklemis-kasos-aparato-skaitytuvu-48-priedais\/","title":{"rendered":"WOOPIE prekybos centras su pirkini\u0173 ve\u017eim\u0117li\u0173 svarstykl\u0117mis, kasos aparato skaitytuvu + 48 priedais."},"content":{"rendered":"<p>\u201eWoopie\u00a0\u201c prek\u0117s \u017eenklo\u00a0prekybos centras\u00a0su pirkini\u0173 ve\u017eim\u0117liu\u00a0ir\u00a0daugybe papildom\u0173 pried\u0173\u00a0. Tai ideali id\u0117ja vaikams\u00a0nuo 3 met\u0173\u00a0. Vaikai m\u0117gsta m\u0117gd\u017eioti savo t\u0117vus\u00a0j\u0173 kasdienyb\u0117je\u00a0, tod\u0117l tai puikus rinkinys j\u016bs\u0173 vaikui ir papildoma galimyb\u0117 ne tik smagiai\u00a0praleisti laik\u0105\u00a0, bet\u00a0ir ko nors i\u0161mokti\u00a0(vaidmen\u0173 \u017eaidimas nepaprastai stimuliuoja ma\u017eyli\u0173\u00a0vaizduot\u0119\u00a0ir\u00a0k\u016brybi\u0161kum\u0105\u00a0). Parduotuv\u0117je yra\u00a0visi\u00a0reikalingi\u00a0elementai,\u00a0reikalingi ma\u017eam parduotuv\u0117s savininkui \u012frengti, \u012fskaitant\u00a0kasos aparat\u0105 su terminalu,\u00a0svarstykles,\u00a0skaitytuv\u0105,\u00a0mok\u0117jimo kortel\u0119\u00a0ir\u00a0daugyb\u0119 maisto preki\u0173.\u00a0Pridedamas pirkini\u0173 ve\u017eim\u0117lis leid\u017eia jiems\u00a0\u017eaisti su draugais,\u00a0kad ir kur ir kada!<\/p>\n<p>Raksturojums:<\/p>\n<p> \t&#8211; skaitytuvas, kuris \u0161vie\u010dia ir skleid\u017eia b\u016bding\u0105 gars\u0105 (baterijos nepridedamos),<br \/>\n \t&#8211; kasos aparatas su stal\u010diumi, kuris atsidaro mygtuku,<br \/>\n \t&#8211; svarstykl\u0117s puikiai imituoja tikras svarstykles,<br \/>\n \t&#8211; stendas su lentynomis produktams su kainomis,<br \/>\n \t&#8211; idealiai atkurti maisto produktai,<br \/>\n \t&#8211; esteti\u0161ka ir universali i\u0161vaizda leid\u017eia rinkiniui tinka bet kokiam interjerui,<br \/>\n \t&#8211; spalvinga d\u0117\u017eut\u0117, puikiai tinkanti dovanai.<\/p>\n<p>Komplekt\u0101 ietilpst:<\/p>\n<p> \t&#8211; prekybos centras su lentynomis,<br \/>\n \t&#8211; pirkini\u0173 krep\u0161elis,<br \/>\n \t&#8211; parduotuv\u0117s svarstykl\u0117s,<br \/>\n \t&#8211; br\u016bk\u0161nini\u0173 kod\u0173 skaitytuvas,<br \/>\n \t&#8211; popieriniai pinigai,<br \/>\n \t&#8211; kreditin\u0117 kortel\u0117,<br \/>\n \t&#8211; maisto produktai (vaisiai, dar\u017eov\u0117s, g\u0117rimai, pieno produktai ir kt.).<\/p>\n<p>\u201eWoopie\u201c\u00a0\u017eaislai\u00a0turi vien\u0105 tiksl\u0105: suteikti d\u017eiaugsmo vaikams! Plat\u0173\u00a0\u201eWoopie\u201c\u00a0\u017eaisl\u0173 asortiment\u0105 sudaro karnavaliniai ir vaiki\u0161ki kostiumai, taip pat kabantys s\u016bpyn\u0117s, putplas\u010dio \u017eaislai, \u012fvair\u016bs sodo \u017eaislai ir daug daugiau! Leiskite linksmyb\u0117ms lietis \u2013 leiskite\u00a0\u201eWoopie\u201c\u00a0jus nune\u0161ti !<\/p>","protected":false},"excerpt":{"rendered":"<p>\u201eWoopie\u00a0\u201c prek\u0117s \u017eenklo\u00a0prekybos centras\u00a0su pirkini\u0173 ve\u017eim\u0117liu\u00a0ir\u00a0daugybe papildom\u0173 pried\u0173\u00a0. Tai ideali id\u0117ja vaikams\u00a0nuo 3 met\u0173\u00a0. Vaikai m\u0117gsta m\u0117gd\u017eioti savo t\u0117vus\u00a0j\u0173 kasdienyb\u0117je\u00a0,<\/p>","protected":false},"featured_media":62171,"template":"","meta":{"_acf_changed":false,"_glsr_average":0,"_glsr_ranking":0,"_glsr_reviews":0},"product_brand":[],"product_cat":[893,399],"product_tag":[],"class_list":{"0":"post-90247","1":"product","2":"type-product","3":"status-publish","4":"has-post-thumbnail","6":"product_cat-parduotuves","7":"product_cat-vaidmenu-zaidimai-2","8":"\"style=\"background-color: #2ecc711c;\"","10":"first","11":"outofstock","12":"purchasable","13":"product-type-simple"},"acf":[],"yoast_head":"<!-- This site is optimized with the Yoast SEO plugin v27.3 - https:\/\/yoast.com\/product\/yoast-seo-wordpress\/ -->\n<title>WOOPIE prekybos centras su pirkini\u0173 ve\u017eim\u0117li\u0173 svarstykl\u0117mis, kasos aparato skaitytuvu + 48 priedais.<\/title>\n<meta name=\"description\" content=\"WOOPIE prekybos centras su pirkini\u0173 ve\u017eim\u0117li\u0173 svarstykl\u0117mis, kasos aparato skaitytuvu + 48 priedais. - KidsPlay. Did\u017eiausias vaik\u0173 \u017eaisl\u0173 pasirinkimas.\" \/>\n<meta name=\"robots\" content=\"index, follow, max-snippet:-1, max-image-preview:large, max-video-preview:-1\" \/>\n<link rel=\"canonical\" href=\"https:\/\/kidsplay.lt\/lv\/products\/woopie-prekybos-centras-su-pirkiniu-vezimeliu-svarstyklemis-kasos-aparato-skaitytuvu-48-priedais\/\" \/>\n<meta property=\"og:locale\" content=\"lv_LV\" \/>\n<meta property=\"og:type\" content=\"article\" \/>\n<meta property=\"og:title\" content=\"WOOPIE prekybos centras su pirkini\u0173 ve\u017eim\u0117li\u0173 svarstykl\u0117mis, kasos aparato skaitytuvu + 48 priedais.\" \/>\n<meta property=\"og:description\" content=\"WOOPIE prekybos centras su pirkini\u0173 ve\u017eim\u0117li\u0173 svarstykl\u0117mis, kasos aparato skaitytuvu + 48 priedais. - KidsPlay. Did\u017eiausias vaik\u0173 \u017eaisl\u0173 pasirinkimas.\" \/>\n<meta property=\"og:url\" content=\"https:\/\/kidsplay.lt\/lv\/products\/woopie-prekybos-centras-su-pirkiniu-vezimeliu-svarstyklemis-kasos-aparato-skaitytuvu-48-priedais\/\" \/>\n<meta property=\"og:site_name\" content=\"KidsPlay\" \/>\n<meta property=\"article:publisher\" content=\"https:\/\/www.facebook.com\/www.kidsplay.lt\" \/>\n<meta property=\"article:modified_time\" content=\"2026-02-26T17:50:52+00:00\" \/>\n<meta property=\"og:image\" content=\"https:\/\/kidsplay.lt\/wp-content\/uploads\/2025\/09\/WOOPIE-prekybos-centras-su-pirkiniu-vezimeliu-svarstyklemis-kasos-aparato-skaitytuvu-48-priedais.jpg\" \/>\n\t<meta property=\"og:image:width\" content=\"916\" \/>\n\t<meta property=\"og:image:height\" content=\"916\" \/>\n\t<meta property=\"og:image:type\" content=\"image\/jpeg\" \/>\n<meta name=\"twitter:card\" content=\"summary_large_image\" \/>\n<meta name=\"twitter:label1\" content=\"Est. reading time\" \/>\n\t<meta name=\"twitter:data1\" content=\"1 min\u016bte\" \/>\n<script type=\"application\/ld+json\" class=\"yoast-schema-graph\">{\"@context\":\"https:\\\/\\\/schema.org\",\"@graph\":[{\"@type\":\"WebPage\",\"@id\":\"https:\\\/\\\/kidsplay.lt\\\/produktas\\\/woopie-prekybos-centras-su-pirkiniu-vezimeliu-svarstyklemis-kasos-aparato-skaitytuvu-48-priedais\\\/\",\"url\":\"https:\\\/\\\/kidsplay.lt\\\/produktas\\\/woopie-prekybos-centras-su-pirkiniu-vezimeliu-svarstyklemis-kasos-aparato-skaitytuvu-48-priedais\\\/\",\"name\":\"WOOPIE prekybos centras su pirkini\u0173 ve\u017eim\u0117li\u0173 svarstykl\u0117mis, kasos aparato skaitytuvu + 48 priedais.\",\"isPartOf\":{\"@id\":\"https:\\\/\\\/kidsplay.lt\\\/#website\"},\"primaryImageOfPage\":{\"@id\":\"https:\\\/\\\/kidsplay.lt\\\/produktas\\\/woopie-prekybos-centras-su-pirkiniu-vezimeliu-svarstyklemis-kasos-aparato-skaitytuvu-48-priedais\\\/#primaryimage\"},\"image\":{\"@id\":\"https:\\\/\\\/kidsplay.lt\\\/produktas\\\/woopie-prekybos-centras-su-pirkiniu-vezimeliu-svarstyklemis-kasos-aparato-skaitytuvu-48-priedais\\\/#primaryimage\"},\"thumbnailUrl\":\"https:\\\/\\\/kidsplay.lt\\\/wp-content\\\/uploads\\\/2025\\\/09\\\/WOOPIE-prekybos-centras-su-pirkiniu-vezimeliu-svarstyklemis-kasos-aparato-skaitytuvu-48-priedais.jpg\",\"datePublished\":\"2026-02-26T07:40:47+00:00\",\"dateModified\":\"2026-02-26T17:50:52+00:00\",\"description\":\"WOOPIE prekybos centras su pirkini\u0173 ve\u017eim\u0117li\u0173 svarstykl\u0117mis, kasos aparato skaitytuvu + 48 priedais. - KidsPlay. Did\u017eiausias vaik\u0173 \u017eaisl\u0173 pasirinkimas.\",\"breadcrumb\":{\"@id\":\"https:\\\/\\\/kidsplay.lt\\\/produktas\\\/woopie-prekybos-centras-su-pirkiniu-vezimeliu-svarstyklemis-kasos-aparato-skaitytuvu-48-priedais\\\/#breadcrumb\"},\"inLanguage\":\"lv-LV\",\"potentialAction\":[{\"@type\":\"ReadAction\",\"target\":[\"https:\\\/\\\/kidsplay.lt\\\/produktas\\\/woopie-prekybos-centras-su-pirkiniu-vezimeliu-svarstyklemis-kasos-aparato-skaitytuvu-48-priedais\\\/\"]}]},{\"@type\":\"ImageObject\",\"inLanguage\":\"lv-LV\",\"@id\":\"https:\\\/\\\/kidsplay.lt\\\/produktas\\\/woopie-prekybos-centras-su-pirkiniu-vezimeliu-svarstyklemis-kasos-aparato-skaitytuvu-48-priedais\\\/#primaryimage\",\"url\":\"https:\\\/\\\/kidsplay.lt\\\/wp-content\\\/uploads\\\/2025\\\/09\\\/WOOPIE-prekybos-centras-su-pirkiniu-vezimeliu-svarstyklemis-kasos-aparato-skaitytuvu-48-priedais.jpg\",\"contentUrl\":\"https:\\\/\\\/kidsplay.lt\\\/wp-content\\\/uploads\\\/2025\\\/09\\\/WOOPIE-prekybos-centras-su-pirkiniu-vezimeliu-svarstyklemis-kasos-aparato-skaitytuvu-48-priedais.jpg\",\"width\":916,\"height\":916,\"caption\":\"WOOPIE prekybos centras su pirkini\u0173 ve\u017eim\u0117li\u0173 svarstykl\u0117mis\"},{\"@type\":\"BreadcrumbList\",\"@id\":\"https:\\\/\\\/kidsplay.lt\\\/produktas\\\/woopie-prekybos-centras-su-pirkiniu-vezimeliu-svarstyklemis-kasos-aparato-skaitytuvu-48-priedais\\\/#breadcrumb\",\"itemListElement\":[{\"@type\":\"ListItem\",\"position\":1,\"name\":\"Pagrindinis\",\"item\":\"https:\\\/\\\/kidsplay.lt\\\/\"},{\"@type\":\"ListItem\",\"position\":2,\"name\":\"Parduotuv\u0117\",\"item\":\"https:\\\/\\\/kidsplay.lt\\\/parduotuve\\\/\"},{\"@type\":\"ListItem\",\"position\":3,\"name\":\"WOOPIE prekybos centras su pirkini\u0173 ve\u017eim\u0117li\u0173 svarstykl\u0117mis, kasos aparato skaitytuvu + 48 priedais.\"}]},{\"@type\":\"WebSite\",\"@id\":\"https:\\\/\\\/kidsplay.lt\\\/#website\",\"url\":\"https:\\\/\\\/kidsplay.lt\\\/\",\"name\":\"Kidsplay.lt\",\"description\":\"\u012evairios prek\u0117s vaikams\",\"publisher\":{\"@id\":\"https:\\\/\\\/kidsplay.lt\\\/#organization\"},\"alternateName\":\"Kidsplay\",\"potentialAction\":[{\"@type\":\"SearchAction\",\"target\":{\"@type\":\"EntryPoint\",\"urlTemplate\":\"https:\\\/\\\/kidsplay.lt\\\/?s={search_term_string}\"},\"query-input\":{\"@type\":\"PropertyValueSpecification\",\"valueRequired\":true,\"valueName\":\"search_term_string\"}}],\"inLanguage\":\"lv-LV\"},{\"@type\":\"Organization\",\"@id\":\"https:\\\/\\\/kidsplay.lt\\\/#organization\",\"name\":\"KidsPlay\",\"url\":\"https:\\\/\\\/kidsplay.lt\\\/\",\"logo\":{\"@type\":\"ImageObject\",\"inLanguage\":\"lv-LV\",\"@id\":\"https:\\\/\\\/kidsplay.lt\\\/#\\\/schema\\\/logo\\\/image\\\/\",\"url\":\"https:\\\/\\\/kidsplay.lt\\\/wp-content\\\/uploads\\\/2023\\\/07\\\/kidsplay-logo.png\",\"contentUrl\":\"https:\\\/\\\/kidsplay.lt\\\/wp-content\\\/uploads\\\/2023\\\/07\\\/kidsplay-logo.png\",\"width\":451,\"height\":98,\"caption\":\"KidsPlay\"},\"image\":{\"@id\":\"https:\\\/\\\/kidsplay.lt\\\/#\\\/schema\\\/logo\\\/image\\\/\"},\"sameAs\":[\"https:\\\/\\\/www.facebook.com\\\/www.kidsplay.lt\"]}]}<\/script>\n<!-- \/ Yoast SEO plugin. -->","yoast_head_json":{"title":"WOOPIE prekybos centras su pirkini\u0173 ve\u017eim\u0117li\u0173 svarstykl\u0117mis, kasos aparato skaitytuvu + 48 priedais.","description":"WOOPIE prekybos centras su pirkini\u0173 ve\u017eim\u0117li\u0173 svarstykl\u0117mis, kasos aparato skaitytuvu + 48 priedais. - KidsPlay. Did\u017eiausias vaik\u0173 \u017eaisl\u0173 pasirinkimas.","robots":{"index":"index","follow":"follow","max-snippet":"max-snippet:-1","max-image-preview":"max-image-preview:large","max-video-preview":"max-video-preview:-1"},"canonical":"https:\/\/kidsplay.lt\/lv\/products\/woopie-prekybos-centras-su-pirkiniu-vezimeliu-svarstyklemis-kasos-aparato-skaitytuvu-48-priedais\/","og_locale":"lv_LV","og_type":"article","og_title":"WOOPIE prekybos centras su pirkini\u0173 ve\u017eim\u0117li\u0173 svarstykl\u0117mis, kasos aparato skaitytuvu + 48 priedais.","og_description":"WOOPIE prekybos centras su pirkini\u0173 ve\u017eim\u0117li\u0173 svarstykl\u0117mis, kasos aparato skaitytuvu + 48 priedais. - KidsPlay. Did\u017eiausias vaik\u0173 \u017eaisl\u0173 pasirinkimas.","og_url":"https:\/\/kidsplay.lt\/lv\/products\/woopie-prekybos-centras-su-pirkiniu-vezimeliu-svarstyklemis-kasos-aparato-skaitytuvu-48-priedais\/","og_site_name":"KidsPlay","article_publisher":"https:\/\/www.facebook.com\/www.kidsplay.lt","article_modified_time":"2026-02-26T17:50:52+00:00","og_image":[{"width":916,"height":916,"url":"https:\/\/kidsplay.lt\/wp-content\/uploads\/2025\/09\/WOOPIE-prekybos-centras-su-pirkiniu-vezimeliu-svarstyklemis-kasos-aparato-skaitytuvu-48-priedais.jpg","type":"image\/jpeg"}],"twitter_card":"summary_large_image","twitter_misc":{"Est. reading time":"1 min\u016bte"},"schema":{"@context":"https:\/\/schema.org","@graph":[{"@type":"WebPage","@id":"https:\/\/kidsplay.lt\/produktas\/woopie-prekybos-centras-su-pirkiniu-vezimeliu-svarstyklemis-kasos-aparato-skaitytuvu-48-priedais\/","url":"https:\/\/kidsplay.lt\/produktas\/woopie-prekybos-centras-su-pirkiniu-vezimeliu-svarstyklemis-kasos-aparato-skaitytuvu-48-priedais\/","name":"WOOPIE prekybos centras su pirkini\u0173 ve\u017eim\u0117li\u0173 svarstykl\u0117mis, kasos aparato skaitytuvu + 48 priedais.","isPartOf":{"@id":"https:\/\/kidsplay.lt\/#website"},"primaryImageOfPage":{"@id":"https:\/\/kidsplay.lt\/produktas\/woopie-prekybos-centras-su-pirkiniu-vezimeliu-svarstyklemis-kasos-aparato-skaitytuvu-48-priedais\/#primaryimage"},"image":{"@id":"https:\/\/kidsplay.lt\/produktas\/woopie-prekybos-centras-su-pirkiniu-vezimeliu-svarstyklemis-kasos-aparato-skaitytuvu-48-priedais\/#primaryimage"},"thumbnailUrl":"https:\/\/kidsplay.lt\/wp-content\/uploads\/2025\/09\/WOOPIE-prekybos-centras-su-pirkiniu-vezimeliu-svarstyklemis-kasos-aparato-skaitytuvu-48-priedais.jpg","datePublished":"2026-02-26T07:40:47+00:00","dateModified":"2026-02-26T17:50:52+00:00","description":"WOOPIE prekybos centras su pirkini\u0173 ve\u017eim\u0117li\u0173 svarstykl\u0117mis, kasos aparato skaitytuvu + 48 priedais. - KidsPlay. Did\u017eiausias vaik\u0173 \u017eaisl\u0173 pasirinkimas.","breadcrumb":{"@id":"https:\/\/kidsplay.lt\/produktas\/woopie-prekybos-centras-su-pirkiniu-vezimeliu-svarstyklemis-kasos-aparato-skaitytuvu-48-priedais\/#breadcrumb"},"inLanguage":"lv-LV","potentialAction":[{"@type":"ReadAction","target":["https:\/\/kidsplay.lt\/produktas\/woopie-prekybos-centras-su-pirkiniu-vezimeliu-svarstyklemis-kasos-aparato-skaitytuvu-48-priedais\/"]}]},{"@type":"ImageObject","inLanguage":"lv-LV","@id":"https:\/\/kidsplay.lt\/produktas\/woopie-prekybos-centras-su-pirkiniu-vezimeliu-svarstyklemis-kasos-aparato-skaitytuvu-48-priedais\/#primaryimage","url":"https:\/\/kidsplay.lt\/wp-content\/uploads\/2025\/09\/WOOPIE-prekybos-centras-su-pirkiniu-vezimeliu-svarstyklemis-kasos-aparato-skaitytuvu-48-priedais.jpg","contentUrl":"https:\/\/kidsplay.lt\/wp-content\/uploads\/2025\/09\/WOOPIE-prekybos-centras-su-pirkiniu-vezimeliu-svarstyklemis-kasos-aparato-skaitytuvu-48-priedais.jpg","width":916,"height":916,"caption":"WOOPIE prekybos centras su pirkini\u0173 ve\u017eim\u0117li\u0173 svarstykl\u0117mis"},{"@type":"BreadcrumbList","@id":"https:\/\/kidsplay.lt\/produktas\/woopie-prekybos-centras-su-pirkiniu-vezimeliu-svarstyklemis-kasos-aparato-skaitytuvu-48-priedais\/#breadcrumb","itemListElement":[{"@type":"ListItem","position":1,"name":"Pagrindinis","item":"https:\/\/kidsplay.lt\/"},{"@type":"ListItem","position":2,"name":"Parduotuv\u0117","item":"https:\/\/kidsplay.lt\/parduotuve\/"},{"@type":"ListItem","position":3,"name":"WOOPIE prekybos centras su pirkini\u0173 ve\u017eim\u0117li\u0173 svarstykl\u0117mis, kasos aparato skaitytuvu + 48 priedais."}]},{"@type":"WebSite","@id":"https:\/\/kidsplay.lt\/#website","url":"https:\/\/kidsplay.lt\/","name":"B\u0113rnu sp\u0113les.lv","description":"\u012evairios prek\u0117s vaikams","publisher":{"@id":"https:\/\/kidsplay.lt\/#organization"},"alternateName":"Kidsplay","potentialAction":[{"@type":"SearchAction","target":{"@type":"EntryPoint","urlTemplate":"https:\/\/kidsplay.lt\/?s={search_term_string}"},"query-input":{"@type":"PropertyValueSpecification","valueRequired":true,"valueName":"search_term_string"}}],"inLanguage":"lv-LV"},{"@type":"Organization","@id":"https:\/\/kidsplay.lt\/#organization","name":"B\u0113rnu sp\u0113le","url":"https:\/\/kidsplay.lt\/","logo":{"@type":"ImageObject","inLanguage":"lv-LV","@id":"https:\/\/kidsplay.lt\/#\/schema\/logo\/image\/","url":"https:\/\/kidsplay.lt\/wp-content\/uploads\/2023\/07\/kidsplay-logo.png","contentUrl":"https:\/\/kidsplay.lt\/wp-content\/uploads\/2023\/07\/kidsplay-logo.png","width":451,"height":98,"caption":"KidsPlay"},"image":{"@id":"https:\/\/kidsplay.lt\/#\/schema\/logo\/image\/"},"sameAs":["https:\/\/www.facebook.com\/www.kidsplay.lt"]}]}},"_links":{"self":[{"href":"https:\/\/kidsplay.lt\/lv\/wp-json\/wp\/v2\/product\/90247","targetHints":{"allow":["GET"]}}],"collection":[{"href":"https:\/\/kidsplay.lt\/lv\/wp-json\/wp\/v2\/product"}],"about":[{"href":"https:\/\/kidsplay.lt\/lv\/wp-json\/wp\/v2\/types\/product"}],"version-history":[{"count":1,"href":"https:\/\/kidsplay.lt\/lv\/wp-json\/wp\/v2\/product\/90247\/revisions"}],"predecessor-version":[{"id":90248,"href":"https:\/\/kidsplay.lt\/lv\/wp-json\/wp\/v2\/product\/90247\/revisions\/90248"}],"wp:featuredmedia":[{"embeddable":true,"href":"https:\/\/kidsplay.lt\/lv\/wp-json\/wp\/v2\/media\/62171"}],"wp:attachment":[{"href":"https:\/\/kidsplay.lt\/lv\/wp-json\/wp\/v2\/media?parent=90247"}],"wp:term":[{"taxonomy":"product_brand","embeddable":true,"href":"https:\/\/kidsplay.lt\/lv\/wp-json\/wp\/v2\/product_brand?post=90247"},{"taxonomy":"product_cat","embeddable":true,"href":"https:\/\/kidsplay.lt\/lv\/wp-json\/wp\/v2\/product_cat?post=90247"},{"taxonomy":"product_tag","embeddable":true,"href":"https:\/\/kidsplay.lt\/lv\/wp-json\/wp\/v2\/product_tag?post=90247"}],"curies":[{"name":"wp","href":"https:\/\/api.w.org\/{rel}","templated":true}]}}