{"id":90249,"date":"2026-02-26T09:40:50","date_gmt":"2026-02-26T07:40:50","guid":{"rendered":"https:\/\/kidsplay.lt\/produktas\/woopie-pirkiniu-vezimelis-vaikams-judancios-dalys-42-priedai\/"},"modified":"2026-02-26T19:51:04","modified_gmt":"2026-02-26T17:51:04","slug":"woopie-pirkiniu-vezimelis-vaikams-judancios-dalys-42-priedai","status":"publish","type":"product","link":"https:\/\/kidsplay.lt\/lv\/products\/woopie-pirkiniu-vezimelis-vaikams-judancios-dalys-42-priedai\/","title":{"rendered":"WOOPIE pirkini\u0173 ve\u017eim\u0117lis vaikams, judan\u010dios dalys + 42 priedai"},"content":{"rendered":"<p>Dabar, d\u0117ka\u00a0\u017einomo prek\u0117s \u017eenklo \u201eWoopie\u201c\u00a0pirkini\u0173 krep\u0161elio\u00a0,\u00a0j\u016bs\u0173 vaikas gali apsipirkti savo nuo\u017ei\u016bra. K\u0105 jis gali sutalpinti \u012f savo krep\u0161el\u012f? Visoki\u0173 skan\u0117st\u0173 \u2013\u00a0sausaini\u0173, \u0161vie\u017ei\u0173 vaisi\u0173, dar\u017eovi\u0173 ir dar daugiau\u00a0. Vaik\u0173 kambaryje sukurkite pra\u0117jimus su \u012fvairiais parduotuv\u0117s produktais, o visa kita palikite ma\u017eojo pirk\u0117jo rankose.\u00a0Linksmyb\u0117s bus begalin\u0117s!\u00a0Geb\u0117jimas m\u0117gd\u017eioti suaugusiuosius atliekant apsipirkimo pareigas parduotuv\u0117je ar prekybos centre pad\u0117s j\u016bs\u0173 vaikui i\u0161mokti savaranki\u0161kumo, loginio m\u0105stymo ir pinig\u0173 vert\u0117s supratimo. Vaikai gali \u017eaisti su maisto produktais ne tik tradicin\u0117je parduotuv\u0117je, bet ir\u00a0savo nam\u0173 virtuv\u0117je\u00a0ar\u00a0restorane.<\/p>\n<p>Rakstur\u012bgs:<\/p>\n<p> \t\u2013\u00a0Nuo\u00a03 met\u0173 am\u017eiaus,<br \/>\n \t&#8211; Produktas saugus vaikams,<br \/>\n \t&#8211; Elementai pagaminti i\u0161\u00a0patvarios med\u017eiagos,<br \/>\n \t&#8211;\u00a0Puikus \u017eaislas bet kokiai progai,<br \/>\n \t&#8211;\u00a0Ve\u017eim\u0117lis atidaromas\u00a0priekyje sukant var\u017et\u0105.<\/p>\n<p>Komplekt\u0101 ietilpst:<\/p>\n<p> \t&#8211;\u00a0Pirkini\u0173 krep\u0161elis,<br \/>\n \t&#8211;\u00a042 priedai\u00a0, \u012fskaitant:<\/p>\n<p> \t&#8211; g\u0117rimai,<br \/>\n \t&#8211; pienas,<br \/>\n \t&#8211; vaisiai,<br \/>\n \t&#8211; dar\u017eov\u0117s,<br \/>\n \t&#8211; kiau\u0161iniai,<br \/>\n \t&#8211; saldumynai,<br \/>\n \t&#8211; sausainiai,<br \/>\n \t&#8211; saldainiai,<br \/>\n \t&#8211; pinigai.<\/p>\n<p>\u201eWoopie\u201c\u00a0\u017eaislai\u00a0turi vien\u0105 tiksl\u0105: suteikti vaikams d\u017eiaugsmo! Plat\u0173 \u201eWoopie\u201c \u017eaisl\u0173 asortiment\u0105 sudaro karnavaliniai ir vaiki\u0161ki kostiumai, taip pat kaban\u010dios s\u016bpyn\u0117s, putplas\u010dio \u017eaislai, \u012fvair\u016bs sodo \u017eaislai ir daug daugiau! Tegul linksmyb\u0117s liejasi \u2013 tegul liejasi \u201eWoopie\u201c!<\/p>","protected":false},"excerpt":{"rendered":"<p>Dabar, d\u0117ka\u00a0\u017einomo prek\u0117s \u017eenklo \u201eWoopie\u201c\u00a0pirkini\u0173 krep\u0161elio\u00a0,\u00a0j\u016bs\u0173 vaikas gali apsipirkti savo nuo\u017ei\u016bra. K\u0105 jis gali sutalpinti \u012f savo krep\u0161el\u012f? Visoki\u0173 skan\u0117st\u0173<\/p>","protected":false},"featured_media":76698,"template":"","meta":{"_acf_changed":false,"_glsr_average":0,"_glsr_ranking":0,"_glsr_reviews":0},"product_brand":[],"product_cat":[893,399],"product_tag":[],"class_list":{"0":"post-90249","1":"product","2":"type-product","3":"status-publish","4":"has-post-thumbnail","6":"product_cat-parduotuves","7":"product_cat-vaidmenu-zaidimai-2","8":"\"style=\"background-color: #2ecc711c;\"","10":"first","11":"outofstock","12":"purchasable","13":"product-type-simple"},"acf":[],"yoast_head":"<!-- This site is optimized with the Yoast SEO plugin v27.4 - https:\/\/yoast.com\/product\/yoast-seo-wordpress\/ -->\n<title>WOOPIE pirkini\u0173 ve\u017eim\u0117lis vaikams, judan\u010dios dalys + 42 priedai<\/title>\n<meta name=\"description\" content=\"WOOPIE pirkini\u0173 ve\u017eim\u0117lis vaikams, judan\u010dios dalys + 42 priedai - KidsPlay. Did\u017eiausias vaik\u0173 \u017eaisl\u0173 pasirinkimas.\" \/>\n<meta name=\"robots\" content=\"index, follow, max-snippet:-1, max-image-preview:large, max-video-preview:-1\" \/>\n<link rel=\"canonical\" href=\"https:\/\/kidsplay.lt\/lv\/products\/woopie-pirkiniu-vezimelis-vaikams-judancios-dalys-42-priedai\/\" \/>\n<meta property=\"og:locale\" content=\"lv_LV\" \/>\n<meta property=\"og:type\" content=\"article\" \/>\n<meta property=\"og:title\" content=\"WOOPIE pirkini\u0173 ve\u017eim\u0117lis vaikams, judan\u010dios dalys + 42 priedai\" \/>\n<meta property=\"og:description\" content=\"WOOPIE pirkini\u0173 ve\u017eim\u0117lis vaikams, judan\u010dios dalys + 42 priedai - KidsPlay. Did\u017eiausias vaik\u0173 \u017eaisl\u0173 pasirinkimas.\" \/>\n<meta property=\"og:url\" content=\"https:\/\/kidsplay.lt\/lv\/products\/woopie-pirkiniu-vezimelis-vaikams-judancios-dalys-42-priedai\/\" \/>\n<meta property=\"og:site_name\" content=\"KidsPlay\" \/>\n<meta property=\"article:publisher\" content=\"https:\/\/www.facebook.com\/www.kidsplay.lt\" \/>\n<meta property=\"article:modified_time\" content=\"2026-02-26T17:51:04+00:00\" \/>\n<meta property=\"og:image\" content=\"https:\/\/kidsplay.lt\/wp-content\/uploads\/2025\/10\/WOOPIE-pirkiniu-vezimelis-vaikams-judancios-dalys-42-priedai.jpg\" \/>\n\t<meta property=\"og:image:width\" content=\"650\" \/>\n\t<meta property=\"og:image:height\" content=\"650\" \/>\n\t<meta property=\"og:image:type\" content=\"image\/jpeg\" \/>\n<meta name=\"twitter:card\" content=\"summary_large_image\" \/>\n<meta name=\"twitter:label1\" content=\"Est. reading time\" \/>\n\t<meta name=\"twitter:data1\" content=\"1 min\u016bte\" \/>\n<script type=\"application\/ld+json\" class=\"yoast-schema-graph\">{\"@context\":\"https:\\\/\\\/schema.org\",\"@graph\":[{\"@type\":\"WebPage\",\"@id\":\"https:\\\/\\\/kidsplay.lt\\\/produktas\\\/woopie-pirkiniu-vezimelis-vaikams-judancios-dalys-42-priedai\\\/\",\"url\":\"https:\\\/\\\/kidsplay.lt\\\/produktas\\\/woopie-pirkiniu-vezimelis-vaikams-judancios-dalys-42-priedai\\\/\",\"name\":\"WOOPIE pirkini\u0173 ve\u017eim\u0117lis vaikams, judan\u010dios dalys + 42 priedai\",\"isPartOf\":{\"@id\":\"https:\\\/\\\/kidsplay.lt\\\/#website\"},\"primaryImageOfPage\":{\"@id\":\"https:\\\/\\\/kidsplay.lt\\\/produktas\\\/woopie-pirkiniu-vezimelis-vaikams-judancios-dalys-42-priedai\\\/#primaryimage\"},\"image\":{\"@id\":\"https:\\\/\\\/kidsplay.lt\\\/produktas\\\/woopie-pirkiniu-vezimelis-vaikams-judancios-dalys-42-priedai\\\/#primaryimage\"},\"thumbnailUrl\":\"https:\\\/\\\/kidsplay.lt\\\/wp-content\\\/uploads\\\/2025\\\/10\\\/WOOPIE-pirkiniu-vezimelis-vaikams-judancios-dalys-42-priedai.jpg\",\"datePublished\":\"2026-02-26T07:40:50+00:00\",\"dateModified\":\"2026-02-26T17:51:04+00:00\",\"description\":\"WOOPIE pirkini\u0173 ve\u017eim\u0117lis vaikams, judan\u010dios dalys + 42 priedai - KidsPlay. Did\u017eiausias vaik\u0173 \u017eaisl\u0173 pasirinkimas.\",\"breadcrumb\":{\"@id\":\"https:\\\/\\\/kidsplay.lt\\\/produktas\\\/woopie-pirkiniu-vezimelis-vaikams-judancios-dalys-42-priedai\\\/#breadcrumb\"},\"inLanguage\":\"lv-LV\",\"potentialAction\":[{\"@type\":\"ReadAction\",\"target\":[\"https:\\\/\\\/kidsplay.lt\\\/produktas\\\/woopie-pirkiniu-vezimelis-vaikams-judancios-dalys-42-priedai\\\/\"]}]},{\"@type\":\"ImageObject\",\"inLanguage\":\"lv-LV\",\"@id\":\"https:\\\/\\\/kidsplay.lt\\\/produktas\\\/woopie-pirkiniu-vezimelis-vaikams-judancios-dalys-42-priedai\\\/#primaryimage\",\"url\":\"https:\\\/\\\/kidsplay.lt\\\/wp-content\\\/uploads\\\/2025\\\/10\\\/WOOPIE-pirkiniu-vezimelis-vaikams-judancios-dalys-42-priedai.jpg\",\"contentUrl\":\"https:\\\/\\\/kidsplay.lt\\\/wp-content\\\/uploads\\\/2025\\\/10\\\/WOOPIE-pirkiniu-vezimelis-vaikams-judancios-dalys-42-priedai.jpg\",\"width\":650,\"height\":650,\"caption\":\"WOOPIE pirkini\u0173 ve\u017eim\u0117lis vaikams\"},{\"@type\":\"BreadcrumbList\",\"@id\":\"https:\\\/\\\/kidsplay.lt\\\/produktas\\\/woopie-pirkiniu-vezimelis-vaikams-judancios-dalys-42-priedai\\\/#breadcrumb\",\"itemListElement\":[{\"@type\":\"ListItem\",\"position\":1,\"name\":\"Pagrindinis\",\"item\":\"https:\\\/\\\/kidsplay.lt\\\/\"},{\"@type\":\"ListItem\",\"position\":2,\"name\":\"Parduotuv\u0117\",\"item\":\"https:\\\/\\\/kidsplay.lt\\\/parduotuve\\\/\"},{\"@type\":\"ListItem\",\"position\":3,\"name\":\"WOOPIE pirkini\u0173 ve\u017eim\u0117lis vaikams, judan\u010dios dalys + 42 priedai\"}]},{\"@type\":\"WebSite\",\"@id\":\"https:\\\/\\\/kidsplay.lt\\\/#website\",\"url\":\"https:\\\/\\\/kidsplay.lt\\\/\",\"name\":\"Kidsplay.lt\",\"description\":\"\u012evairios prek\u0117s vaikams\",\"publisher\":{\"@id\":\"https:\\\/\\\/kidsplay.lt\\\/#organization\"},\"alternateName\":\"Kidsplay\",\"potentialAction\":[{\"@type\":\"SearchAction\",\"target\":{\"@type\":\"EntryPoint\",\"urlTemplate\":\"https:\\\/\\\/kidsplay.lt\\\/?s={search_term_string}\"},\"query-input\":{\"@type\":\"PropertyValueSpecification\",\"valueRequired\":true,\"valueName\":\"search_term_string\"}}],\"inLanguage\":\"lv-LV\"},{\"@type\":\"Organization\",\"@id\":\"https:\\\/\\\/kidsplay.lt\\\/#organization\",\"name\":\"KidsPlay\",\"url\":\"https:\\\/\\\/kidsplay.lt\\\/\",\"logo\":{\"@type\":\"ImageObject\",\"inLanguage\":\"lv-LV\",\"@id\":\"https:\\\/\\\/kidsplay.lt\\\/#\\\/schema\\\/logo\\\/image\\\/\",\"url\":\"https:\\\/\\\/kidsplay.lt\\\/wp-content\\\/uploads\\\/2023\\\/07\\\/kidsplay-logo.png\",\"contentUrl\":\"https:\\\/\\\/kidsplay.lt\\\/wp-content\\\/uploads\\\/2023\\\/07\\\/kidsplay-logo.png\",\"width\":451,\"height\":98,\"caption\":\"KidsPlay\"},\"image\":{\"@id\":\"https:\\\/\\\/kidsplay.lt\\\/#\\\/schema\\\/logo\\\/image\\\/\"},\"sameAs\":[\"https:\\\/\\\/www.facebook.com\\\/www.kidsplay.lt\"]}]}<\/script>\n<!-- \/ Yoast SEO plugin. -->","yoast_head_json":{"title":"WOOPIE pirkini\u0173 ve\u017eim\u0117lis vaikams, judan\u010dios dalys + 42 priedai","description":"WOOPIE pirkini\u0173 ve\u017eim\u0117lis vaikams, judan\u010dios dalys + 42 priedai - KidsPlay. Did\u017eiausias vaik\u0173 \u017eaisl\u0173 pasirinkimas.","robots":{"index":"index","follow":"follow","max-snippet":"max-snippet:-1","max-image-preview":"max-image-preview:large","max-video-preview":"max-video-preview:-1"},"canonical":"https:\/\/kidsplay.lt\/lv\/products\/woopie-pirkiniu-vezimelis-vaikams-judancios-dalys-42-priedai\/","og_locale":"lv_LV","og_type":"article","og_title":"WOOPIE pirkini\u0173 ve\u017eim\u0117lis vaikams, judan\u010dios dalys + 42 priedai","og_description":"WOOPIE pirkini\u0173 ve\u017eim\u0117lis vaikams, judan\u010dios dalys + 42 priedai - KidsPlay. Did\u017eiausias vaik\u0173 \u017eaisl\u0173 pasirinkimas.","og_url":"https:\/\/kidsplay.lt\/lv\/products\/woopie-pirkiniu-vezimelis-vaikams-judancios-dalys-42-priedai\/","og_site_name":"KidsPlay","article_publisher":"https:\/\/www.facebook.com\/www.kidsplay.lt","article_modified_time":"2026-02-26T17:51:04+00:00","og_image":[{"width":650,"height":650,"url":"https:\/\/kidsplay.lt\/wp-content\/uploads\/2025\/10\/WOOPIE-pirkiniu-vezimelis-vaikams-judancios-dalys-42-priedai.jpg","type":"image\/jpeg"}],"twitter_card":"summary_large_image","twitter_misc":{"Est. reading time":"1 min\u016bte"},"schema":{"@context":"https:\/\/schema.org","@graph":[{"@type":"WebPage","@id":"https:\/\/kidsplay.lt\/produktas\/woopie-pirkiniu-vezimelis-vaikams-judancios-dalys-42-priedai\/","url":"https:\/\/kidsplay.lt\/produktas\/woopie-pirkiniu-vezimelis-vaikams-judancios-dalys-42-priedai\/","name":"WOOPIE pirkini\u0173 ve\u017eim\u0117lis vaikams, judan\u010dios dalys + 42 priedai","isPartOf":{"@id":"https:\/\/kidsplay.lt\/#website"},"primaryImageOfPage":{"@id":"https:\/\/kidsplay.lt\/produktas\/woopie-pirkiniu-vezimelis-vaikams-judancios-dalys-42-priedai\/#primaryimage"},"image":{"@id":"https:\/\/kidsplay.lt\/produktas\/woopie-pirkiniu-vezimelis-vaikams-judancios-dalys-42-priedai\/#primaryimage"},"thumbnailUrl":"https:\/\/kidsplay.lt\/wp-content\/uploads\/2025\/10\/WOOPIE-pirkiniu-vezimelis-vaikams-judancios-dalys-42-priedai.jpg","datePublished":"2026-02-26T07:40:50+00:00","dateModified":"2026-02-26T17:51:04+00:00","description":"WOOPIE pirkini\u0173 ve\u017eim\u0117lis vaikams, judan\u010dios dalys + 42 priedai - KidsPlay. Did\u017eiausias vaik\u0173 \u017eaisl\u0173 pasirinkimas.","breadcrumb":{"@id":"https:\/\/kidsplay.lt\/produktas\/woopie-pirkiniu-vezimelis-vaikams-judancios-dalys-42-priedai\/#breadcrumb"},"inLanguage":"lv-LV","potentialAction":[{"@type":"ReadAction","target":["https:\/\/kidsplay.lt\/produktas\/woopie-pirkiniu-vezimelis-vaikams-judancios-dalys-42-priedai\/"]}]},{"@type":"ImageObject","inLanguage":"lv-LV","@id":"https:\/\/kidsplay.lt\/produktas\/woopie-pirkiniu-vezimelis-vaikams-judancios-dalys-42-priedai\/#primaryimage","url":"https:\/\/kidsplay.lt\/wp-content\/uploads\/2025\/10\/WOOPIE-pirkiniu-vezimelis-vaikams-judancios-dalys-42-priedai.jpg","contentUrl":"https:\/\/kidsplay.lt\/wp-content\/uploads\/2025\/10\/WOOPIE-pirkiniu-vezimelis-vaikams-judancios-dalys-42-priedai.jpg","width":650,"height":650,"caption":"WOOPIE pirkini\u0173 ve\u017eim\u0117lis vaikams"},{"@type":"BreadcrumbList","@id":"https:\/\/kidsplay.lt\/produktas\/woopie-pirkiniu-vezimelis-vaikams-judancios-dalys-42-priedai\/#breadcrumb","itemListElement":[{"@type":"ListItem","position":1,"name":"Pagrindinis","item":"https:\/\/kidsplay.lt\/"},{"@type":"ListItem","position":2,"name":"Parduotuv\u0117","item":"https:\/\/kidsplay.lt\/parduotuve\/"},{"@type":"ListItem","position":3,"name":"WOOPIE pirkini\u0173 ve\u017eim\u0117lis vaikams, judan\u010dios dalys + 42 priedai"}]},{"@type":"WebSite","@id":"https:\/\/kidsplay.lt\/#website","url":"https:\/\/kidsplay.lt\/","name":"B\u0113rnu sp\u0113les.lv","description":"\u012evairios prek\u0117s vaikams","publisher":{"@id":"https:\/\/kidsplay.lt\/#organization"},"alternateName":"Kidsplay","potentialAction":[{"@type":"SearchAction","target":{"@type":"EntryPoint","urlTemplate":"https:\/\/kidsplay.lt\/?s={search_term_string}"},"query-input":{"@type":"PropertyValueSpecification","valueRequired":true,"valueName":"search_term_string"}}],"inLanguage":"lv-LV"},{"@type":"Organization","@id":"https:\/\/kidsplay.lt\/#organization","name":"B\u0113rnu sp\u0113le","url":"https:\/\/kidsplay.lt\/","logo":{"@type":"ImageObject","inLanguage":"lv-LV","@id":"https:\/\/kidsplay.lt\/#\/schema\/logo\/image\/","url":"https:\/\/kidsplay.lt\/wp-content\/uploads\/2023\/07\/kidsplay-logo.png","contentUrl":"https:\/\/kidsplay.lt\/wp-content\/uploads\/2023\/07\/kidsplay-logo.png","width":451,"height":98,"caption":"KidsPlay"},"image":{"@id":"https:\/\/kidsplay.lt\/#\/schema\/logo\/image\/"},"sameAs":["https:\/\/www.facebook.com\/www.kidsplay.lt"]}]}},"_links":{"self":[{"href":"https:\/\/kidsplay.lt\/lv\/wp-json\/wp\/v2\/product\/90249","targetHints":{"allow":["GET"]}}],"collection":[{"href":"https:\/\/kidsplay.lt\/lv\/wp-json\/wp\/v2\/product"}],"about":[{"href":"https:\/\/kidsplay.lt\/lv\/wp-json\/wp\/v2\/types\/product"}],"version-history":[{"count":1,"href":"https:\/\/kidsplay.lt\/lv\/wp-json\/wp\/v2\/product\/90249\/revisions"}],"predecessor-version":[{"id":90250,"href":"https:\/\/kidsplay.lt\/lv\/wp-json\/wp\/v2\/product\/90249\/revisions\/90250"}],"wp:featuredmedia":[{"embeddable":true,"href":"https:\/\/kidsplay.lt\/lv\/wp-json\/wp\/v2\/media\/76698"}],"wp:attachment":[{"href":"https:\/\/kidsplay.lt\/lv\/wp-json\/wp\/v2\/media?parent=90249"}],"wp:term":[{"taxonomy":"product_brand","embeddable":true,"href":"https:\/\/kidsplay.lt\/lv\/wp-json\/wp\/v2\/product_brand?post=90249"},{"taxonomy":"product_cat","embeddable":true,"href":"https:\/\/kidsplay.lt\/lv\/wp-json\/wp\/v2\/product_cat?post=90249"},{"taxonomy":"product_tag","embeddable":true,"href":"https:\/\/kidsplay.lt\/lv\/wp-json\/wp\/v2\/product_tag?post=90249"}],"curies":[{"name":"wp","href":"https:\/\/api.w.org\/{rel}","templated":true}]}}