{"id":90253,"date":"2026-02-26T09:40:55","date_gmt":"2026-02-26T07:40:55","guid":{"rendered":"https:\/\/kidsplay.lt\/produktas\/maxi-virtuve-su-griliu-100-priedu\/"},"modified":"2026-04-13T15:18:20","modified_gmt":"2026-04-13T12:18:20","slug":"maxi-virtuve-su-griliu-100-priedu","status":"publish","type":"product","link":"https:\/\/kidsplay.lt\/lv\/products\/maxi-virtuve-su-griliu-100-priedu\/","title":{"rendered":"Maxi virtuve ar grilu 100 piederumiem."},"content":{"rendered":"<p>\u012e\u017eenkite \u012f\u00a0\u00a0virtuv\u0117s komplekt\u0105 ir atraskite\u00a0\u00a0\u0161ios trij\u0173 pusi\u0173 \u017eaidim\u0173 erdv\u0117s\u00a0detales\u00a0\u00a0\u2013 nuo \u200b\u200bner\u016bdijan\u010dio plieno prietais\u0173 ir liet\u0173 grind\u0173 iki balt\u0173 spinteli\u0173, i\u0161traukiamos daiktad\u0117\u017e\u0117s ir ypa\u010d didelio stalvir\u0161io. Specialiais virtuv\u0117s reikmenimis \u012fjunkite tikrovi\u0161kas\u00a0\u00a0kaitlent\u0117s\u00a0\u0161viesas\u00a0\u00a0ir\u00a0 garsus\u00a0\u00a0, o po vakar\u0117lio naudokite \u012fmontuot\u0105 kriaukl\u0119 su besisukan\u010diu \u010diaupu indams plauti. Be to, \u0161i didel\u0117 netikra virtuv\u0117 turi\u00a0\u00a0103 dali\u0173\u00a0\u00a0vertinimo rinkin\u012f, kad vaikai gal\u0117t\u0173 nedelsdami prad\u0117ti ruo\u0161ti maist\u0105 kitam susib\u016brimui. Vaikai nekantrauja prad\u0117ti gaminti ir \u017eaisti savo virtuv\u0117je!<\/p>\n<p>Rakstur\u012bgs:<\/p>\n<p> \t&#8211; Prabangus STEP2 virtuv\u0117s \u017eaidim\u0173 kampelis, kurio forma pana\u0161i \u012f kub\u0105, tarnaujantis kaip\u00a0\u00a0virtuv\u0117s\u00a0kambarys\u00a0\u00a0\u00a0, kurio minimalus auk\u0161tis yra 120 cm, o kra\u0161tin\u0117s ilgis \u2013 130 cm.<br \/>\n \t\u2013 Kai vaikas \u012feina \u012f \u0161\u012f kambar\u012f, jis turi\u00a0\u00a0tris funkcines zonas.<br \/>\n \t&#8211;\u00a0\u00a0Pirmoji zona \u2013 virtuv\u0117\u00a0\u00a0su pilna buitine technika:\u00a0\u00a0\u0161aldytuvu\u00a0,\u00a0\u00a0orkaite\u00a0,\u00a0\u00a0mikrobang\u0173 krosnele\u00a0\u00a0su\u00a0\u00a0garso\u00a0nuotolinio valdymo pultu ,\u00a0\u00a0kriaukle\u00a0\u00a0su\u00a0\u00a0judan\u010diu\u00a0\u00a0\u010diaupu, taip pat spintel\u0117mis ir stal\u010diais.<br \/>\n \t&#8211;\u00a0\u00a0Antroji zona\u00a0\u00a0yra didelis stalvir\u0161is, kuris gali b\u016bti naudojamas kaip prekystalis maistui patiekti ir valgyti.<br \/>\n \t&#8211; Did\u017eiulis rinkinys, skatinantis \u017eaisti tiek \u201evirtuv\u0117je\u201c, tiek u\u017e jos rib\u0173.<br \/>\n \t&#8211; D\u0117l daugyb\u0117s\u00a0\u00a0pried\u0173\u00a0jis suteiks pramog\u0173 net ir grupei vaik\u0173 vienu metu\u00a0 .<br \/>\n \t&#8211; Rinkinys puikiai tiks ne tik namuose, bet ir dar\u017eeliuose bei \u017eaidim\u0173 kambariuose.<\/p>\n<p>Ne\u012ftik\u0117tini jo privalumai yra \u0161ie:<\/p>\n<p> \t-grilis- su patogia prieiga<br \/>\n \t&#8211; modernus \u0161aldytuvas<br \/>\n \t-orkait\u0117<br \/>\n \t-spintel\u0117s<br \/>\n \t-telefonas<br \/>\n \t&#8211; stalvir\u0161is, kuris gali b\u016bti naudojamas kaip patogus stalas \u201evakarien\u0117ms\u201c patiekti<br \/>\n \t-priedai: \u012fskaitant indus ir maisto produktus<\/p>\n<p>\u201eStep2\u201c\u00a0\u00a0\u2013 pirmiausia kokyb\u0117, o antroje vietoje \u2013 puik\u016bs \u017eaislai!\u00a0\u00a0Jei renkantis \u017eaisl\u0105 savo vaikui svarbiausia kokyb\u0117 ir saugumas, visas fantasti\u0161k\u0173\u00a0amerikie\u010di\u0173\u00a0kompanijos\u00a0\u00a0\u201eStep2\u201c\u00a0\u017eaisl\u0173 asortimentas tikrai pateisins vaik\u0173, t\u0117v\u0173, dar\u017eeli\u0173, ikimokyklinio ugdymo \u012fstaig\u0173 ir kit\u0173 \u0161vietimo \u012fstaig\u0173 l\u016bkes\u010dius. \u201eStep2\u201c jau de\u0161imtme\u010dius\u00a0gamina geriausius \u017eaislus JAV\u00a0! M\u016bs\u0173 asortimente yra sm\u0117lio d\u0117\u017e\u0117s, sodo nameliai, \u017eaidim\u0173 aik\u0161tel\u0117s, dirbtuv\u0117s, \u017eaislai va\u017ein\u0117jimui, virtuv\u0117s ir vaik\u0173 baldai.<\/p>","protected":false},"excerpt":{"rendered":"<p>\u012e\u017eenkite \u012f\u00a0\u00a0virtuv\u0117s komplekt\u0105 ir atraskite\u00a0\u00a0\u0161ios trij\u0173 pusi\u0173 \u017eaidim\u0173 erdv\u0117s\u00a0detales\u00a0\u00a0\u2013 nuo \u200b\u200bner\u016bdijan\u010dio plieno prietais\u0173 ir liet\u0173 grind\u0173 iki balt\u0173 spinteli\u0173, i\u0161traukiamos<\/p>","protected":false},"featured_media":62205,"template":"","meta":{"_acf_changed":false,"_glsr_average":0,"_glsr_ranking":0,"_glsr_reviews":0},"product_brand":[],"product_cat":[399,282],"product_tag":[],"class_list":{"0":"post-90253","1":"product","2":"type-product","3":"status-publish","4":"has-post-thumbnail","6":"product_cat-vaidmenu-zaidimai-2","7":"product_cat-virtuves-reikmenys-vaidmenu-zaidimai","8":"\"style=\"background-color: #2ecc711c;\"","10":"first","11":"instock","12":"purchasable","13":"product-type-simple"},"acf":[],"yoast_head":"<!-- This site is optimized with the Yoast SEO plugin v27.3 - https:\/\/yoast.com\/product\/yoast-seo-wordpress\/ -->\n<title>Maxi virtuv\u0117 su griliu 100 pried\u0173.<\/title>\n<meta name=\"description\" content=\"Maxi virtuv\u0117 su griliu 100 pried\u0173. - KidsPlay. Did\u017eiausias vaik\u0173 \u017eaisl\u0173 pasirinkimas.\" \/>\n<meta name=\"robots\" content=\"index, follow, max-snippet:-1, max-image-preview:large, max-video-preview:-1\" \/>\n<link rel=\"canonical\" href=\"https:\/\/kidsplay.lt\/lv\/products\/maxi-virtuve-su-griliu-100-priedu\/\" \/>\n<meta property=\"og:locale\" content=\"lv_LV\" \/>\n<meta property=\"og:type\" content=\"article\" \/>\n<meta property=\"og:title\" content=\"Maxi virtuv\u0117 su griliu 100 pried\u0173.\" \/>\n<meta property=\"og:description\" content=\"Maxi virtuv\u0117 su griliu 100 pried\u0173. - KidsPlay. Did\u017eiausias vaik\u0173 \u017eaisl\u0173 pasirinkimas.\" \/>\n<meta property=\"og:url\" content=\"https:\/\/kidsplay.lt\/lv\/products\/maxi-virtuve-su-griliu-100-priedu\/\" \/>\n<meta property=\"og:site_name\" content=\"KidsPlay\" \/>\n<meta property=\"article:publisher\" content=\"https:\/\/www.facebook.com\/www.kidsplay.lt\" \/>\n<meta property=\"article:modified_time\" content=\"2026-04-13T12:18:20+00:00\" \/>\n<meta property=\"og:image\" content=\"https:\/\/kidsplay.lt\/wp-content\/uploads\/2025\/09\/Maxi-virtuve-su-griliu-100-priedu.jpg\" \/>\n\t<meta property=\"og:image:width\" content=\"550\" \/>\n\t<meta property=\"og:image:height\" content=\"550\" \/>\n\t<meta property=\"og:image:type\" content=\"image\/jpeg\" \/>\n<meta name=\"twitter:card\" content=\"summary_large_image\" \/>\n<meta name=\"twitter:label1\" content=\"Est. reading time\" \/>\n\t<meta name=\"twitter:data1\" content=\"2 min\u016btes\" \/>\n<script type=\"application\/ld+json\" class=\"yoast-schema-graph\">{\"@context\":\"https:\\\/\\\/schema.org\",\"@graph\":[{\"@type\":\"WebPage\",\"@id\":\"https:\\\/\\\/kidsplay.lt\\\/produktas\\\/maxi-virtuve-su-griliu-100-priedu\\\/\",\"url\":\"https:\\\/\\\/kidsplay.lt\\\/produktas\\\/maxi-virtuve-su-griliu-100-priedu\\\/\",\"name\":\"Maxi virtuv\u0117 su griliu 100 pried\u0173.\",\"isPartOf\":{\"@id\":\"https:\\\/\\\/kidsplay.lt\\\/#website\"},\"primaryImageOfPage\":{\"@id\":\"https:\\\/\\\/kidsplay.lt\\\/produktas\\\/maxi-virtuve-su-griliu-100-priedu\\\/#primaryimage\"},\"image\":{\"@id\":\"https:\\\/\\\/kidsplay.lt\\\/produktas\\\/maxi-virtuve-su-griliu-100-priedu\\\/#primaryimage\"},\"thumbnailUrl\":\"https:\\\/\\\/kidsplay.lt\\\/wp-content\\\/uploads\\\/2025\\\/09\\\/Maxi-virtuve-su-griliu-100-priedu.jpg\",\"datePublished\":\"2026-02-26T07:40:55+00:00\",\"dateModified\":\"2026-04-13T12:18:20+00:00\",\"description\":\"Maxi virtuv\u0117 su griliu 100 pried\u0173. - KidsPlay. Did\u017eiausias vaik\u0173 \u017eaisl\u0173 pasirinkimas.\",\"breadcrumb\":{\"@id\":\"https:\\\/\\\/kidsplay.lt\\\/produktas\\\/maxi-virtuve-su-griliu-100-priedu\\\/#breadcrumb\"},\"inLanguage\":\"lv-LV\",\"potentialAction\":[{\"@type\":\"ReadAction\",\"target\":[\"https:\\\/\\\/kidsplay.lt\\\/produktas\\\/maxi-virtuve-su-griliu-100-priedu\\\/\"]}]},{\"@type\":\"ImageObject\",\"inLanguage\":\"lv-LV\",\"@id\":\"https:\\\/\\\/kidsplay.lt\\\/produktas\\\/maxi-virtuve-su-griliu-100-priedu\\\/#primaryimage\",\"url\":\"https:\\\/\\\/kidsplay.lt\\\/wp-content\\\/uploads\\\/2025\\\/09\\\/Maxi-virtuve-su-griliu-100-priedu.jpg\",\"contentUrl\":\"https:\\\/\\\/kidsplay.lt\\\/wp-content\\\/uploads\\\/2025\\\/09\\\/Maxi-virtuve-su-griliu-100-priedu.jpg\",\"width\":550,\"height\":550,\"caption\":\"Maxi virtuv\u0117 su griliu 100 pried\u0173.\"},{\"@type\":\"BreadcrumbList\",\"@id\":\"https:\\\/\\\/kidsplay.lt\\\/produktas\\\/maxi-virtuve-su-griliu-100-priedu\\\/#breadcrumb\",\"itemListElement\":[{\"@type\":\"ListItem\",\"position\":1,\"name\":\"Pagrindinis\",\"item\":\"https:\\\/\\\/kidsplay.lt\\\/\"},{\"@type\":\"ListItem\",\"position\":2,\"name\":\"Parduotuv\u0117\",\"item\":\"https:\\\/\\\/kidsplay.lt\\\/parduotuve\\\/\"},{\"@type\":\"ListItem\",\"position\":3,\"name\":\"Maxi virtuv\u0117 su griliu 100 pried\u0173.\"}]},{\"@type\":\"WebSite\",\"@id\":\"https:\\\/\\\/kidsplay.lt\\\/#website\",\"url\":\"https:\\\/\\\/kidsplay.lt\\\/\",\"name\":\"Kidsplay.lt\",\"description\":\"\u012evairios prek\u0117s vaikams\",\"publisher\":{\"@id\":\"https:\\\/\\\/kidsplay.lt\\\/#organization\"},\"alternateName\":\"Kidsplay\",\"potentialAction\":[{\"@type\":\"SearchAction\",\"target\":{\"@type\":\"EntryPoint\",\"urlTemplate\":\"https:\\\/\\\/kidsplay.lt\\\/?s={search_term_string}\"},\"query-input\":{\"@type\":\"PropertyValueSpecification\",\"valueRequired\":true,\"valueName\":\"search_term_string\"}}],\"inLanguage\":\"lv-LV\"},{\"@type\":\"Organization\",\"@id\":\"https:\\\/\\\/kidsplay.lt\\\/#organization\",\"name\":\"KidsPlay\",\"url\":\"https:\\\/\\\/kidsplay.lt\\\/\",\"logo\":{\"@type\":\"ImageObject\",\"inLanguage\":\"lv-LV\",\"@id\":\"https:\\\/\\\/kidsplay.lt\\\/#\\\/schema\\\/logo\\\/image\\\/\",\"url\":\"https:\\\/\\\/kidsplay.lt\\\/wp-content\\\/uploads\\\/2023\\\/07\\\/kidsplay-logo.png\",\"contentUrl\":\"https:\\\/\\\/kidsplay.lt\\\/wp-content\\\/uploads\\\/2023\\\/07\\\/kidsplay-logo.png\",\"width\":451,\"height\":98,\"caption\":\"KidsPlay\"},\"image\":{\"@id\":\"https:\\\/\\\/kidsplay.lt\\\/#\\\/schema\\\/logo\\\/image\\\/\"},\"sameAs\":[\"https:\\\/\\\/www.facebook.com\\\/www.kidsplay.lt\"]}]}<\/script>\n<!-- \/ Yoast SEO plugin. -->","yoast_head_json":{"title":"Maxi virtuve ar grilu 100 piederumiem.","description":"Maxi virtuv\u0117 su griliu 100 pried\u0173. - KidsPlay. Did\u017eiausias vaik\u0173 \u017eaisl\u0173 pasirinkimas.","robots":{"index":"index","follow":"follow","max-snippet":"max-snippet:-1","max-image-preview":"max-image-preview:large","max-video-preview":"max-video-preview:-1"},"canonical":"https:\/\/kidsplay.lt\/lv\/products\/maxi-virtuve-su-griliu-100-priedu\/","og_locale":"lv_LV","og_type":"article","og_title":"Maxi virtuv\u0117 su griliu 100 pried\u0173.","og_description":"Maxi virtuv\u0117 su griliu 100 pried\u0173. - KidsPlay. Did\u017eiausias vaik\u0173 \u017eaisl\u0173 pasirinkimas.","og_url":"https:\/\/kidsplay.lt\/lv\/products\/maxi-virtuve-su-griliu-100-priedu\/","og_site_name":"KidsPlay","article_publisher":"https:\/\/www.facebook.com\/www.kidsplay.lt","article_modified_time":"2026-04-13T12:18:20+00:00","og_image":[{"width":550,"height":550,"url":"https:\/\/kidsplay.lt\/wp-content\/uploads\/2025\/09\/Maxi-virtuve-su-griliu-100-priedu.jpg","type":"image\/jpeg"}],"twitter_card":"summary_large_image","twitter_misc":{"Est. reading time":"2 min\u016btes"},"schema":{"@context":"https:\/\/schema.org","@graph":[{"@type":"WebPage","@id":"https:\/\/kidsplay.lt\/produktas\/maxi-virtuve-su-griliu-100-priedu\/","url":"https:\/\/kidsplay.lt\/produktas\/maxi-virtuve-su-griliu-100-priedu\/","name":"Maxi virtuve ar grilu 100 piederumiem.","isPartOf":{"@id":"https:\/\/kidsplay.lt\/#website"},"primaryImageOfPage":{"@id":"https:\/\/kidsplay.lt\/produktas\/maxi-virtuve-su-griliu-100-priedu\/#primaryimage"},"image":{"@id":"https:\/\/kidsplay.lt\/produktas\/maxi-virtuve-su-griliu-100-priedu\/#primaryimage"},"thumbnailUrl":"https:\/\/kidsplay.lt\/wp-content\/uploads\/2025\/09\/Maxi-virtuve-su-griliu-100-priedu.jpg","datePublished":"2026-02-26T07:40:55+00:00","dateModified":"2026-04-13T12:18:20+00:00","description":"Maxi virtuv\u0117 su griliu 100 pried\u0173. - KidsPlay. Did\u017eiausias vaik\u0173 \u017eaisl\u0173 pasirinkimas.","breadcrumb":{"@id":"https:\/\/kidsplay.lt\/produktas\/maxi-virtuve-su-griliu-100-priedu\/#breadcrumb"},"inLanguage":"lv-LV","potentialAction":[{"@type":"ReadAction","target":["https:\/\/kidsplay.lt\/produktas\/maxi-virtuve-su-griliu-100-priedu\/"]}]},{"@type":"ImageObject","inLanguage":"lv-LV","@id":"https:\/\/kidsplay.lt\/produktas\/maxi-virtuve-su-griliu-100-priedu\/#primaryimage","url":"https:\/\/kidsplay.lt\/wp-content\/uploads\/2025\/09\/Maxi-virtuve-su-griliu-100-priedu.jpg","contentUrl":"https:\/\/kidsplay.lt\/wp-content\/uploads\/2025\/09\/Maxi-virtuve-su-griliu-100-priedu.jpg","width":550,"height":550,"caption":"Maxi virtuv\u0117 su griliu 100 pried\u0173."},{"@type":"BreadcrumbList","@id":"https:\/\/kidsplay.lt\/produktas\/maxi-virtuve-su-griliu-100-priedu\/#breadcrumb","itemListElement":[{"@type":"ListItem","position":1,"name":"Pagrindinis","item":"https:\/\/kidsplay.lt\/"},{"@type":"ListItem","position":2,"name":"Parduotuv\u0117","item":"https:\/\/kidsplay.lt\/parduotuve\/"},{"@type":"ListItem","position":3,"name":"Maxi virtuv\u0117 su griliu 100 pried\u0173."}]},{"@type":"WebSite","@id":"https:\/\/kidsplay.lt\/#website","url":"https:\/\/kidsplay.lt\/","name":"B\u0113rnu sp\u0113les.lv","description":"\u012evairios prek\u0117s vaikams","publisher":{"@id":"https:\/\/kidsplay.lt\/#organization"},"alternateName":"Kidsplay","potentialAction":[{"@type":"SearchAction","target":{"@type":"EntryPoint","urlTemplate":"https:\/\/kidsplay.lt\/?s={search_term_string}"},"query-input":{"@type":"PropertyValueSpecification","valueRequired":true,"valueName":"search_term_string"}}],"inLanguage":"lv-LV"},{"@type":"Organization","@id":"https:\/\/kidsplay.lt\/#organization","name":"B\u0113rnu sp\u0113le","url":"https:\/\/kidsplay.lt\/","logo":{"@type":"ImageObject","inLanguage":"lv-LV","@id":"https:\/\/kidsplay.lt\/#\/schema\/logo\/image\/","url":"https:\/\/kidsplay.lt\/wp-content\/uploads\/2023\/07\/kidsplay-logo.png","contentUrl":"https:\/\/kidsplay.lt\/wp-content\/uploads\/2023\/07\/kidsplay-logo.png","width":451,"height":98,"caption":"KidsPlay"},"image":{"@id":"https:\/\/kidsplay.lt\/#\/schema\/logo\/image\/"},"sameAs":["https:\/\/www.facebook.com\/www.kidsplay.lt"]}]}},"_links":{"self":[{"href":"https:\/\/kidsplay.lt\/lv\/wp-json\/wp\/v2\/product\/90253","targetHints":{"allow":["GET"]}}],"collection":[{"href":"https:\/\/kidsplay.lt\/lv\/wp-json\/wp\/v2\/product"}],"about":[{"href":"https:\/\/kidsplay.lt\/lv\/wp-json\/wp\/v2\/types\/product"}],"version-history":[{"count":1,"href":"https:\/\/kidsplay.lt\/lv\/wp-json\/wp\/v2\/product\/90253\/revisions"}],"predecessor-version":[{"id":90254,"href":"https:\/\/kidsplay.lt\/lv\/wp-json\/wp\/v2\/product\/90253\/revisions\/90254"}],"wp:featuredmedia":[{"embeddable":true,"href":"https:\/\/kidsplay.lt\/lv\/wp-json\/wp\/v2\/media\/62205"}],"wp:attachment":[{"href":"https:\/\/kidsplay.lt\/lv\/wp-json\/wp\/v2\/media?parent=90253"}],"wp:term":[{"taxonomy":"product_brand","embeddable":true,"href":"https:\/\/kidsplay.lt\/lv\/wp-json\/wp\/v2\/product_brand?post=90253"},{"taxonomy":"product_cat","embeddable":true,"href":"https:\/\/kidsplay.lt\/lv\/wp-json\/wp\/v2\/product_cat?post=90253"},{"taxonomy":"product_tag","embeddable":true,"href":"https:\/\/kidsplay.lt\/lv\/wp-json\/wp\/v2\/product_tag?post=90253"}],"curies":[{"name":"wp","href":"https:\/\/api.w.org\/{rel}","templated":true}]}}