{"id":90257,"date":"2026-02-26T09:41:01","date_gmt":"2026-02-26T07:41:01","guid":{"rendered":"https:\/\/kidsplay.lt\/produktas\/viga-medinis-edukacinis-rusiavimo-zaidimas-gyvunai-vaisiai-darzoves-montessori\/"},"modified":"2026-04-07T09:26:03","modified_gmt":"2026-04-07T06:26:03","slug":"viga-medinis-edukacinis-rusiavimo-zaidimas-gyvunai-vaisiai-darzoves-montessori","status":"publish","type":"product","link":"https:\/\/kidsplay.lt\/lv\/products\/viga-medinis-edukacinis-rusiavimo-zaidimas-gyvunai-vaisiai-darzoves-montessori\/","title":{"rendered":"VIGA medinis edukacinis r\u016b\u0161iavimo \u017eaidimas Gyv\u016bnai Vaisiai Dar\u017eov\u0117s Montessori"},"content":{"rendered":"<p>Medinis edukacinis r\u016b\u0161iuoklis\u00a0\u00a0i\u0161 \u017einomo prek\u0117s \u017eenklo VIGA yra puikus \u017eaislas vaikams, kurie tik pradeda tyrin\u0117ti pasaul\u012f. \u0160i patraukli, auk\u0161tos kokyb\u0117s medin\u0117 d\u0117\u017eut\u0117 turi \u0161e\u0161is skyrius ant nuimamo dang\u010dio, \u012f kuriuos galite sud\u0117ti medines kalad\u0117les su atitinkama kategorija. Rinkin\u012f sudaro keturios ilgos lentos ir 48 medin\u0117s kalad\u0117l\u0117s su kategorijomis: dar\u017eov\u0117s, vaisiai, transportas, formos, gyv\u016bnai ir skai\u010diai. U\u017ed\u0117kite vien\u0105 i\u0161 lenteli\u0173 ant dangtelio ir suraskite atitinkam\u0105 paveiksl\u0117l\u012f, kad \u012fd\u0117tum\u0117te j\u0105 \u012f atitinkam\u0105 skyri\u0173.\u00a0\u00a0\u0160is \u017eaidimas pad\u0117s j\u016bs\u0173 vaikui i\u0161mokti pagrindini\u0173\u00a0kasdieni\u0173 med\u017eiag\u0173 ir jas suskirstyti \u012f kategorijas.<\/p>\n<p>Rakstur\u012bgs:<\/p>\n<p> \t&#8211; rinkin\u012f sudaro d\u0117\u017eut\u0117, 4 ilgos lentos ir 48 kalad\u0117l\u0117s su paveiksl\u0117liais<br \/>\n \t&#8211; po \u017eaidimo vaikas gali sud\u0117ti visus elementus \u012f d\u0117\u017eut\u0119 ir j\u0105 u\u017edaryti, kad niekas nepasimest\u0173,<br \/>\n \t&#8211; pagaminta i\u0161 auk\u0161tos kokyb\u0117s med\u017eiagos,<br \/>\n \t&#8211; da\u017eyta netoksi\u0161kais da\u017eais, saugi vaikams.<\/p>\n<p>Rota\u013clieta att\u012bst\u0101s:<\/p>\n<p> \t&#8211; aki\u0173 ir rank\u0173 koordinacija,<br \/>\n \t&#8211; loginis m\u0105stymas,<br \/>\n \t&#8211; vaizduot\u0117,<br \/>\n \t&#8211; k\u016brybi\u0161kumas.<\/p>","protected":false},"excerpt":{"rendered":"<p>Medinis edukacinis r\u016b\u0161iuoklis\u00a0\u00a0i\u0161 \u017einomo prek\u0117s \u017eenklo VIGA yra puikus \u017eaislas vaikams, kurie tik pradeda tyrin\u0117ti pasaul\u012f. \u0160i patraukli, auk\u0161tos kokyb\u0117s<\/p>","protected":false},"featured_media":66887,"template":"","meta":{"_acf_changed":false,"_glsr_average":0,"_glsr_ranking":0,"_glsr_reviews":0},"product_brand":[],"product_cat":[884,883,229],"product_tag":[],"class_list":{"0":"post-90257","1":"product","2":"type-product","3":"status-publish","4":"has-post-thumbnail","6":"product_cat-edukaciniai-lavinamieji-mediniai-zaislai","7":"product_cat-mediniai-zaislai-2","8":"product_cat-zaislai-vaikams","9":"\"style=\"background-color: #2ecc711c;\"","11":"first","12":"instock","13":"purchasable","14":"product-type-simple"},"acf":[],"yoast_head":"<!-- This site is optimized with the Yoast SEO plugin v27.3 - https:\/\/yoast.com\/product\/yoast-seo-wordpress\/ -->\n<title>VIGA medinis edukacinis r\u016b\u0161iavimo \u017eaidimas Gyv\u016bnai Vaisiai Dar\u017eov\u0117s Montessori<\/title>\n<meta name=\"description\" content=\"VIGA medinis edukacinis r\u016b\u0161iavimo \u017eaidimas Gyv\u016bnai Vaisiai Dar\u017eov\u0117s Montessori - KidsPlay. Did\u017eiausias vaik\u0173 \u017eaisl\u0173 pasirinkimas.\" \/>\n<meta name=\"robots\" content=\"index, follow, max-snippet:-1, max-image-preview:large, max-video-preview:-1\" \/>\n<link rel=\"canonical\" href=\"https:\/\/kidsplay.lt\/lv\/products\/viga-medinis-edukacinis-rusiavimo-zaidimas-gyvunai-vaisiai-darzoves-montessori\/\" \/>\n<meta property=\"og:locale\" content=\"lv_LV\" \/>\n<meta property=\"og:type\" content=\"article\" \/>\n<meta property=\"og:title\" content=\"VIGA medinis edukacinis r\u016b\u0161iavimo \u017eaidimas Gyv\u016bnai Vaisiai Dar\u017eov\u0117s Montessori\" \/>\n<meta property=\"og:description\" content=\"VIGA medinis edukacinis r\u016b\u0161iavimo \u017eaidimas Gyv\u016bnai Vaisiai Dar\u017eov\u0117s Montessori - KidsPlay. Did\u017eiausias vaik\u0173 \u017eaisl\u0173 pasirinkimas.\" \/>\n<meta property=\"og:url\" content=\"https:\/\/kidsplay.lt\/lv\/products\/viga-medinis-edukacinis-rusiavimo-zaidimas-gyvunai-vaisiai-darzoves-montessori\/\" \/>\n<meta property=\"og:site_name\" content=\"KidsPlay\" \/>\n<meta property=\"article:publisher\" content=\"https:\/\/www.facebook.com\/www.kidsplay.lt\" \/>\n<meta property=\"article:modified_time\" content=\"2026-04-07T06:26:03+00:00\" \/>\n<meta property=\"og:image\" content=\"https:\/\/kidsplay.lt\/wp-content\/uploads\/2025\/09\/VIGA-medinis-edukacinis-rusiavimo-zaidimas-Gyvunai-Vaisiai-Darzoves-Montessori.jpg\" \/>\n\t<meta property=\"og:image:width\" content=\"1000\" \/>\n\t<meta property=\"og:image:height\" content=\"1000\" \/>\n\t<meta property=\"og:image:type\" content=\"image\/jpeg\" \/>\n<meta name=\"twitter:card\" content=\"summary_large_image\" \/>\n<meta name=\"twitter:label1\" content=\"Est. reading time\" \/>\n\t<meta name=\"twitter:data1\" content=\"1 min\u016bte\" \/>\n<script type=\"application\/ld+json\" class=\"yoast-schema-graph\">{\"@context\":\"https:\\\/\\\/schema.org\",\"@graph\":[{\"@type\":\"WebPage\",\"@id\":\"https:\\\/\\\/kidsplay.lt\\\/produktas\\\/viga-medinis-edukacinis-rusiavimo-zaidimas-gyvunai-vaisiai-darzoves-montessori\\\/\",\"url\":\"https:\\\/\\\/kidsplay.lt\\\/produktas\\\/viga-medinis-edukacinis-rusiavimo-zaidimas-gyvunai-vaisiai-darzoves-montessori\\\/\",\"name\":\"VIGA medinis edukacinis r\u016b\u0161iavimo \u017eaidimas Gyv\u016bnai Vaisiai Dar\u017eov\u0117s Montessori\",\"isPartOf\":{\"@id\":\"https:\\\/\\\/kidsplay.lt\\\/#website\"},\"primaryImageOfPage\":{\"@id\":\"https:\\\/\\\/kidsplay.lt\\\/produktas\\\/viga-medinis-edukacinis-rusiavimo-zaidimas-gyvunai-vaisiai-darzoves-montessori\\\/#primaryimage\"},\"image\":{\"@id\":\"https:\\\/\\\/kidsplay.lt\\\/produktas\\\/viga-medinis-edukacinis-rusiavimo-zaidimas-gyvunai-vaisiai-darzoves-montessori\\\/#primaryimage\"},\"thumbnailUrl\":\"https:\\\/\\\/kidsplay.lt\\\/wp-content\\\/uploads\\\/2025\\\/09\\\/VIGA-medinis-edukacinis-rusiavimo-zaidimas-Gyvunai-Vaisiai-Darzoves-Montessori.jpg\",\"datePublished\":\"2026-02-26T07:41:01+00:00\",\"dateModified\":\"2026-04-07T06:26:03+00:00\",\"description\":\"VIGA medinis edukacinis r\u016b\u0161iavimo \u017eaidimas Gyv\u016bnai Vaisiai Dar\u017eov\u0117s Montessori - KidsPlay. Did\u017eiausias vaik\u0173 \u017eaisl\u0173 pasirinkimas.\",\"breadcrumb\":{\"@id\":\"https:\\\/\\\/kidsplay.lt\\\/produktas\\\/viga-medinis-edukacinis-rusiavimo-zaidimas-gyvunai-vaisiai-darzoves-montessori\\\/#breadcrumb\"},\"inLanguage\":\"lv-LV\",\"potentialAction\":[{\"@type\":\"ReadAction\",\"target\":[\"https:\\\/\\\/kidsplay.lt\\\/produktas\\\/viga-medinis-edukacinis-rusiavimo-zaidimas-gyvunai-vaisiai-darzoves-montessori\\\/\"]}]},{\"@type\":\"ImageObject\",\"inLanguage\":\"lv-LV\",\"@id\":\"https:\\\/\\\/kidsplay.lt\\\/produktas\\\/viga-medinis-edukacinis-rusiavimo-zaidimas-gyvunai-vaisiai-darzoves-montessori\\\/#primaryimage\",\"url\":\"https:\\\/\\\/kidsplay.lt\\\/wp-content\\\/uploads\\\/2025\\\/09\\\/VIGA-medinis-edukacinis-rusiavimo-zaidimas-Gyvunai-Vaisiai-Darzoves-Montessori.jpg\",\"contentUrl\":\"https:\\\/\\\/kidsplay.lt\\\/wp-content\\\/uploads\\\/2025\\\/09\\\/VIGA-medinis-edukacinis-rusiavimo-zaidimas-Gyvunai-Vaisiai-Darzoves-Montessori.jpg\",\"width\":1000,\"height\":1000,\"caption\":\"VIGA medinis edukacinis r\u016b\u0161iavimo \u017eaidimas Gyv\u016bnai Vaisiai Dar\u017eov\u0117s Montessori\"},{\"@type\":\"BreadcrumbList\",\"@id\":\"https:\\\/\\\/kidsplay.lt\\\/produktas\\\/viga-medinis-edukacinis-rusiavimo-zaidimas-gyvunai-vaisiai-darzoves-montessori\\\/#breadcrumb\",\"itemListElement\":[{\"@type\":\"ListItem\",\"position\":1,\"name\":\"Pagrindinis\",\"item\":\"https:\\\/\\\/kidsplay.lt\\\/\"},{\"@type\":\"ListItem\",\"position\":2,\"name\":\"Parduotuv\u0117\",\"item\":\"https:\\\/\\\/kidsplay.lt\\\/parduotuve\\\/\"},{\"@type\":\"ListItem\",\"position\":3,\"name\":\"VIGA medinis edukacinis r\u016b\u0161iavimo \u017eaidimas Gyv\u016bnai Vaisiai Dar\u017eov\u0117s Montessori\"}]},{\"@type\":\"WebSite\",\"@id\":\"https:\\\/\\\/kidsplay.lt\\\/#website\",\"url\":\"https:\\\/\\\/kidsplay.lt\\\/\",\"name\":\"Kidsplay.lt\",\"description\":\"\u012evairios prek\u0117s vaikams\",\"publisher\":{\"@id\":\"https:\\\/\\\/kidsplay.lt\\\/#organization\"},\"alternateName\":\"Kidsplay\",\"potentialAction\":[{\"@type\":\"SearchAction\",\"target\":{\"@type\":\"EntryPoint\",\"urlTemplate\":\"https:\\\/\\\/kidsplay.lt\\\/?s={search_term_string}\"},\"query-input\":{\"@type\":\"PropertyValueSpecification\",\"valueRequired\":true,\"valueName\":\"search_term_string\"}}],\"inLanguage\":\"lv-LV\"},{\"@type\":\"Organization\",\"@id\":\"https:\\\/\\\/kidsplay.lt\\\/#organization\",\"name\":\"KidsPlay\",\"url\":\"https:\\\/\\\/kidsplay.lt\\\/\",\"logo\":{\"@type\":\"ImageObject\",\"inLanguage\":\"lv-LV\",\"@id\":\"https:\\\/\\\/kidsplay.lt\\\/#\\\/schema\\\/logo\\\/image\\\/\",\"url\":\"https:\\\/\\\/kidsplay.lt\\\/wp-content\\\/uploads\\\/2023\\\/07\\\/kidsplay-logo.png\",\"contentUrl\":\"https:\\\/\\\/kidsplay.lt\\\/wp-content\\\/uploads\\\/2023\\\/07\\\/kidsplay-logo.png\",\"width\":451,\"height\":98,\"caption\":\"KidsPlay\"},\"image\":{\"@id\":\"https:\\\/\\\/kidsplay.lt\\\/#\\\/schema\\\/logo\\\/image\\\/\"},\"sameAs\":[\"https:\\\/\\\/www.facebook.com\\\/www.kidsplay.lt\"]}]}<\/script>\n<!-- \/ Yoast SEO plugin. -->","yoast_head_json":{"title":"VIGA medinis edukacinis r\u016b\u0161iavimo \u017eaidimas Gyv\u016bnai Vaisiai Dar\u017eov\u0117s Montessori","description":"VIGA medinis edukacinis r\u016b\u0161iavimo \u017eaidimas Gyv\u016bnai Vaisiai Dar\u017eov\u0117s Montessori - KidsPlay. Did\u017eiausias vaik\u0173 \u017eaisl\u0173 pasirinkimas.","robots":{"index":"index","follow":"follow","max-snippet":"max-snippet:-1","max-image-preview":"max-image-preview:large","max-video-preview":"max-video-preview:-1"},"canonical":"https:\/\/kidsplay.lt\/lv\/products\/viga-medinis-edukacinis-rusiavimo-zaidimas-gyvunai-vaisiai-darzoves-montessori\/","og_locale":"lv_LV","og_type":"article","og_title":"VIGA medinis edukacinis r\u016b\u0161iavimo \u017eaidimas Gyv\u016bnai Vaisiai Dar\u017eov\u0117s Montessori","og_description":"VIGA medinis edukacinis r\u016b\u0161iavimo \u017eaidimas Gyv\u016bnai Vaisiai Dar\u017eov\u0117s Montessori - KidsPlay. Did\u017eiausias vaik\u0173 \u017eaisl\u0173 pasirinkimas.","og_url":"https:\/\/kidsplay.lt\/lv\/products\/viga-medinis-edukacinis-rusiavimo-zaidimas-gyvunai-vaisiai-darzoves-montessori\/","og_site_name":"KidsPlay","article_publisher":"https:\/\/www.facebook.com\/www.kidsplay.lt","article_modified_time":"2026-04-07T06:26:03+00:00","og_image":[{"width":1000,"height":1000,"url":"https:\/\/kidsplay.lt\/wp-content\/uploads\/2025\/09\/VIGA-medinis-edukacinis-rusiavimo-zaidimas-Gyvunai-Vaisiai-Darzoves-Montessori.jpg","type":"image\/jpeg"}],"twitter_card":"summary_large_image","twitter_misc":{"Est. reading time":"1 min\u016bte"},"schema":{"@context":"https:\/\/schema.org","@graph":[{"@type":"WebPage","@id":"https:\/\/kidsplay.lt\/produktas\/viga-medinis-edukacinis-rusiavimo-zaidimas-gyvunai-vaisiai-darzoves-montessori\/","url":"https:\/\/kidsplay.lt\/produktas\/viga-medinis-edukacinis-rusiavimo-zaidimas-gyvunai-vaisiai-darzoves-montessori\/","name":"VIGA medinis edukacinis r\u016b\u0161iavimo \u017eaidimas Gyv\u016bnai Vaisiai Dar\u017eov\u0117s Montessori","isPartOf":{"@id":"https:\/\/kidsplay.lt\/#website"},"primaryImageOfPage":{"@id":"https:\/\/kidsplay.lt\/produktas\/viga-medinis-edukacinis-rusiavimo-zaidimas-gyvunai-vaisiai-darzoves-montessori\/#primaryimage"},"image":{"@id":"https:\/\/kidsplay.lt\/produktas\/viga-medinis-edukacinis-rusiavimo-zaidimas-gyvunai-vaisiai-darzoves-montessori\/#primaryimage"},"thumbnailUrl":"https:\/\/kidsplay.lt\/wp-content\/uploads\/2025\/09\/VIGA-medinis-edukacinis-rusiavimo-zaidimas-Gyvunai-Vaisiai-Darzoves-Montessori.jpg","datePublished":"2026-02-26T07:41:01+00:00","dateModified":"2026-04-07T06:26:03+00:00","description":"VIGA medinis edukacinis r\u016b\u0161iavimo \u017eaidimas Gyv\u016bnai Vaisiai Dar\u017eov\u0117s Montessori - KidsPlay. Did\u017eiausias vaik\u0173 \u017eaisl\u0173 pasirinkimas.","breadcrumb":{"@id":"https:\/\/kidsplay.lt\/produktas\/viga-medinis-edukacinis-rusiavimo-zaidimas-gyvunai-vaisiai-darzoves-montessori\/#breadcrumb"},"inLanguage":"lv-LV","potentialAction":[{"@type":"ReadAction","target":["https:\/\/kidsplay.lt\/produktas\/viga-medinis-edukacinis-rusiavimo-zaidimas-gyvunai-vaisiai-darzoves-montessori\/"]}]},{"@type":"ImageObject","inLanguage":"lv-LV","@id":"https:\/\/kidsplay.lt\/produktas\/viga-medinis-edukacinis-rusiavimo-zaidimas-gyvunai-vaisiai-darzoves-montessori\/#primaryimage","url":"https:\/\/kidsplay.lt\/wp-content\/uploads\/2025\/09\/VIGA-medinis-edukacinis-rusiavimo-zaidimas-Gyvunai-Vaisiai-Darzoves-Montessori.jpg","contentUrl":"https:\/\/kidsplay.lt\/wp-content\/uploads\/2025\/09\/VIGA-medinis-edukacinis-rusiavimo-zaidimas-Gyvunai-Vaisiai-Darzoves-Montessori.jpg","width":1000,"height":1000,"caption":"VIGA medinis edukacinis r\u016b\u0161iavimo \u017eaidimas Gyv\u016bnai Vaisiai Dar\u017eov\u0117s Montessori"},{"@type":"BreadcrumbList","@id":"https:\/\/kidsplay.lt\/produktas\/viga-medinis-edukacinis-rusiavimo-zaidimas-gyvunai-vaisiai-darzoves-montessori\/#breadcrumb","itemListElement":[{"@type":"ListItem","position":1,"name":"Pagrindinis","item":"https:\/\/kidsplay.lt\/"},{"@type":"ListItem","position":2,"name":"Parduotuv\u0117","item":"https:\/\/kidsplay.lt\/parduotuve\/"},{"@type":"ListItem","position":3,"name":"VIGA medinis edukacinis r\u016b\u0161iavimo \u017eaidimas Gyv\u016bnai Vaisiai Dar\u017eov\u0117s Montessori"}]},{"@type":"WebSite","@id":"https:\/\/kidsplay.lt\/#website","url":"https:\/\/kidsplay.lt\/","name":"B\u0113rnu sp\u0113les.lv","description":"\u012evairios prek\u0117s vaikams","publisher":{"@id":"https:\/\/kidsplay.lt\/#organization"},"alternateName":"Kidsplay","potentialAction":[{"@type":"SearchAction","target":{"@type":"EntryPoint","urlTemplate":"https:\/\/kidsplay.lt\/?s={search_term_string}"},"query-input":{"@type":"PropertyValueSpecification","valueRequired":true,"valueName":"search_term_string"}}],"inLanguage":"lv-LV"},{"@type":"Organization","@id":"https:\/\/kidsplay.lt\/#organization","name":"B\u0113rnu sp\u0113le","url":"https:\/\/kidsplay.lt\/","logo":{"@type":"ImageObject","inLanguage":"lv-LV","@id":"https:\/\/kidsplay.lt\/#\/schema\/logo\/image\/","url":"https:\/\/kidsplay.lt\/wp-content\/uploads\/2023\/07\/kidsplay-logo.png","contentUrl":"https:\/\/kidsplay.lt\/wp-content\/uploads\/2023\/07\/kidsplay-logo.png","width":451,"height":98,"caption":"KidsPlay"},"image":{"@id":"https:\/\/kidsplay.lt\/#\/schema\/logo\/image\/"},"sameAs":["https:\/\/www.facebook.com\/www.kidsplay.lt"]}]}},"_links":{"self":[{"href":"https:\/\/kidsplay.lt\/lv\/wp-json\/wp\/v2\/product\/90257","targetHints":{"allow":["GET"]}}],"collection":[{"href":"https:\/\/kidsplay.lt\/lv\/wp-json\/wp\/v2\/product"}],"about":[{"href":"https:\/\/kidsplay.lt\/lv\/wp-json\/wp\/v2\/types\/product"}],"version-history":[{"count":1,"href":"https:\/\/kidsplay.lt\/lv\/wp-json\/wp\/v2\/product\/90257\/revisions"}],"predecessor-version":[{"id":90258,"href":"https:\/\/kidsplay.lt\/lv\/wp-json\/wp\/v2\/product\/90257\/revisions\/90258"}],"wp:featuredmedia":[{"embeddable":true,"href":"https:\/\/kidsplay.lt\/lv\/wp-json\/wp\/v2\/media\/66887"}],"wp:attachment":[{"href":"https:\/\/kidsplay.lt\/lv\/wp-json\/wp\/v2\/media?parent=90257"}],"wp:term":[{"taxonomy":"product_brand","embeddable":true,"href":"https:\/\/kidsplay.lt\/lv\/wp-json\/wp\/v2\/product_brand?post=90257"},{"taxonomy":"product_cat","embeddable":true,"href":"https:\/\/kidsplay.lt\/lv\/wp-json\/wp\/v2\/product_cat?post=90257"},{"taxonomy":"product_tag","embeddable":true,"href":"https:\/\/kidsplay.lt\/lv\/wp-json\/wp\/v2\/product_tag?post=90257"}],"curies":[{"name":"wp","href":"https:\/\/api.w.org\/{rel}","templated":true}]}}