{"id":90263,"date":"2026-02-26T09:41:10","date_gmt":"2026-02-26T07:41:10","guid":{"rendered":"https:\/\/kidsplay.lt\/produktas\/woopie-green-didelis-ukis-18-vnt\/"},"modified":"2026-03-23T07:48:26","modified_gmt":"2026-03-23T05:48:26","slug":"woopie-green-didelis-ukis-18-vnt","status":"publish","type":"product","link":"https:\/\/kidsplay.lt\/lv\/products\/woopie-green-didelis-ukis-18-vnt\/","title":{"rendered":"WOOPIE GREEN didelis \u016bkis 18 vnt."},"content":{"rendered":"<p>Mega Farma i\u0161 WOOPIE prek\u0117s \u017eenklo i\u0161 GREEN serijos suteiks j\u016bs\u0173 vaikui k\u016brybini\u0173 pramog\u0173 ir i\u0161mokys jus, koks yra gyvenimas kaime! Rinkin\u012f sudaro 18 element\u0173, tarp j\u0173 ir fig\u016br\u0117l\u0117: arklys, vi\u0161ta, kiaul\u0117, avis, \u0161uo, antis, medis ir \u0161ienas. \u016akyje yra tvartas, vi\u0161tid\u0117, arklid\u0117 ir skveras su tvenkiniu gyvuliams. Tai privers j\u016bs\u0173 ma\u017eyl\u012f imtis \u016bkininko vaidmens ir sukurti savo \u016bk\u012f. Gamta ugdys j\u016bs\u0173 vaiko supratim\u0105 apie j\u012f supant\u012f pasaul\u012f. \u0160io \u017eaislo d\u0117ka vaikas lavins ir savo vaizduot\u0119, kuriant\u012f gyvenim\u0105 savo \u016bkyje, rank\u0173 \u012fg\u016bd\u017eius bei rank\u0173 ir aki\u0173 koordinacij\u0105. Tai labai smagu, kad visa \u0161eima gali prisijungti!<\/p>\n<p>Raksturojums:<\/p>\n<p>&#8211; \u017eaislas nuo 3 met\u0173<br \/>\n&#8211; turi 18 vienet\u0173, \u012fskaitant gyv\u016bn\u0173 fig\u016br\u0117les<br \/>\n&#8211; vaidmen\u0173 \u017eaidimas &#8211; \u016bkininkas<br \/>\n&#8211; suteikia vaikui suvokim\u0105 apie supant\u012f pasaul\u012f<br \/>\n&#8211; pramogos visai \u0161eimai<br \/>\n&#8211; lengvas surinkimas<\/p>\n<p>\u017daislas vysto:<\/p>\n<p>&#8211; vaizduot\u0117 ir k\u016brybi\u0161kumas<br \/>\n&#8211; rank\u0173 miklumas<br \/>\n&#8211; rank\u0173 ir aki\u0173 koordinacija<\/p>\n<p>Woopie yra viena i\u0161 pirmaujan\u010di\u0173 plastikini\u0173 \u017eaisl\u0173 gamintoj\u0173 Europoje. \u201eWoopie\u201c gaminiai s\u0117kmingai parduodami vidaus rinkoje ir visoje Europoje.<\/p>\n<p>\u201eWoopie\u201c prek\u0117s \u017eenklo \u017eaislai turi vien\u0105 tiksl\u0105 \u2013 prad\u017eiuginti vaikus! Tarp gausaus asortimento Woopie, be kita ko, turi karnavalini\u0173 kostium\u0173 ir kostium\u0173 vaikams, taip pat pakabinamas s\u016bpynes, putplas\u010dio \u017eaislus, \u012fvairi\u0173 r\u016b\u0161i\u0173 sodo \u017eaislus ir dar daugiau! Leiskite save nuvilioti linksmybi\u0173 \u2013 leiskite save nuvilti Woop!<\/p>","protected":false},"excerpt":{"rendered":"<p>Mega Farma i\u0161 WOOPIE prek\u0117s \u017eenklo i\u0161 GREEN serijos suteiks j\u016bs\u0173 vaikui k\u016brybini\u0173 pramog\u0173 ir i\u0161mokys jus, koks yra gyvenimas<\/p>","protected":false},"featured_media":51444,"template":"","meta":{"_acf_changed":false,"_glsr_average":0,"_glsr_ranking":0,"_glsr_reviews":0},"product_brand":[],"product_cat":[883,229],"product_tag":[],"class_list":{"0":"post-90263","1":"product","2":"type-product","3":"status-publish","4":"has-post-thumbnail","6":"product_cat-mediniai-zaislai-2","7":"product_cat-zaislai-vaikams","8":"\"style=\"background-color: #2ecc711c;\"","10":"first","11":"outofstock","12":"purchasable","13":"product-type-simple"},"acf":[],"yoast_head":"<!-- This site is optimized with the Yoast SEO plugin v27.4 - https:\/\/yoast.com\/product\/yoast-seo-wordpress\/ -->\n<title>WOOPIE GREEN didelis \u016bkis 18 vnt.<\/title>\n<meta name=\"description\" content=\"Mega Farma i\u0161 WOOPIE prek\u0117s \u017eenklo i\u0161 GREEN serijos suteiks j\u016bs\u0173 vaikui k\u016brybini\u0173 pramog\u0173 ir i\u0161mokys jus, koks yra gyvenimas kaime!\" \/>\n<meta name=\"robots\" content=\"index, follow, max-snippet:-1, max-image-preview:large, max-video-preview:-1\" \/>\n<link rel=\"canonical\" href=\"https:\/\/kidsplay.lt\/lv\/products\/woopie-green-didelis-ukis-18-vnt\/\" \/>\n<meta property=\"og:locale\" content=\"lv_LV\" \/>\n<meta property=\"og:type\" content=\"article\" \/>\n<meta property=\"og:title\" content=\"WOOPIE GREEN didelis \u016bkis 18 vnt.\" \/>\n<meta property=\"og:description\" content=\"Mega Farma i\u0161 WOOPIE prek\u0117s \u017eenklo i\u0161 GREEN serijos suteiks j\u016bs\u0173 vaikui k\u016brybini\u0173 pramog\u0173 ir i\u0161mokys jus, koks yra gyvenimas kaime!\" \/>\n<meta property=\"og:url\" content=\"https:\/\/kidsplay.lt\/lv\/products\/woopie-green-didelis-ukis-18-vnt\/\" \/>\n<meta property=\"og:site_name\" content=\"KidsPlay\" \/>\n<meta property=\"article:publisher\" content=\"https:\/\/www.facebook.com\/www.kidsplay.lt\" \/>\n<meta property=\"article:modified_time\" content=\"2026-03-23T05:48:26+00:00\" \/>\n<meta property=\"og:image\" content=\"https:\/\/kidsplay.lt\/wp-content\/uploads\/2024\/09\/WOOPIE-GREEN-Mega-Farm-Animal-Figureles-Arklide-vistide-18-vnt.jpg\" \/>\n\t<meta property=\"og:image:width\" content=\"1000\" \/>\n\t<meta property=\"og:image:height\" content=\"1000\" \/>\n\t<meta property=\"og:image:type\" content=\"image\/jpeg\" \/>\n<meta name=\"twitter:card\" content=\"summary_large_image\" \/>\n<meta name=\"twitter:label1\" content=\"Est. reading time\" \/>\n\t<meta name=\"twitter:data1\" content=\"1 min\u016bte\" \/>\n<script type=\"application\/ld+json\" class=\"yoast-schema-graph\">{\"@context\":\"https:\\\/\\\/schema.org\",\"@graph\":[{\"@type\":\"WebPage\",\"@id\":\"https:\\\/\\\/kidsplay.lt\\\/produktas\\\/woopie-green-didelis-ukis-18-vnt\\\/\",\"url\":\"https:\\\/\\\/kidsplay.lt\\\/produktas\\\/woopie-green-didelis-ukis-18-vnt\\\/\",\"name\":\"WOOPIE GREEN didelis \u016bkis 18 vnt.\",\"isPartOf\":{\"@id\":\"https:\\\/\\\/kidsplay.lt\\\/#website\"},\"primaryImageOfPage\":{\"@id\":\"https:\\\/\\\/kidsplay.lt\\\/produktas\\\/woopie-green-didelis-ukis-18-vnt\\\/#primaryimage\"},\"image\":{\"@id\":\"https:\\\/\\\/kidsplay.lt\\\/produktas\\\/woopie-green-didelis-ukis-18-vnt\\\/#primaryimage\"},\"thumbnailUrl\":\"https:\\\/\\\/kidsplay.lt\\\/wp-content\\\/uploads\\\/2024\\\/09\\\/WOOPIE-GREEN-Mega-Farm-Animal-Figureles-Arklide-vistide-18-vnt.jpg\",\"datePublished\":\"2026-02-26T07:41:10+00:00\",\"dateModified\":\"2026-03-23T05:48:26+00:00\",\"description\":\"Mega Farma i\u0161 WOOPIE prek\u0117s \u017eenklo i\u0161 GREEN serijos suteiks j\u016bs\u0173 vaikui k\u016brybini\u0173 pramog\u0173 ir i\u0161mokys jus, koks yra gyvenimas kaime!\",\"breadcrumb\":{\"@id\":\"https:\\\/\\\/kidsplay.lt\\\/produktas\\\/woopie-green-didelis-ukis-18-vnt\\\/#breadcrumb\"},\"inLanguage\":\"lv-LV\",\"potentialAction\":[{\"@type\":\"ReadAction\",\"target\":[\"https:\\\/\\\/kidsplay.lt\\\/produktas\\\/woopie-green-didelis-ukis-18-vnt\\\/\"]}]},{\"@type\":\"ImageObject\",\"inLanguage\":\"lv-LV\",\"@id\":\"https:\\\/\\\/kidsplay.lt\\\/produktas\\\/woopie-green-didelis-ukis-18-vnt\\\/#primaryimage\",\"url\":\"https:\\\/\\\/kidsplay.lt\\\/wp-content\\\/uploads\\\/2024\\\/09\\\/WOOPIE-GREEN-Mega-Farm-Animal-Figureles-Arklide-vistide-18-vnt.jpg\",\"contentUrl\":\"https:\\\/\\\/kidsplay.lt\\\/wp-content\\\/uploads\\\/2024\\\/09\\\/WOOPIE-GREEN-Mega-Farm-Animal-Figureles-Arklide-vistide-18-vnt.jpg\",\"width\":1000,\"height\":1000,\"caption\":\"WOOPIE GREEN didelis \u016bkis 18 vnt.\"},{\"@type\":\"BreadcrumbList\",\"@id\":\"https:\\\/\\\/kidsplay.lt\\\/produktas\\\/woopie-green-didelis-ukis-18-vnt\\\/#breadcrumb\",\"itemListElement\":[{\"@type\":\"ListItem\",\"position\":1,\"name\":\"Pagrindinis\",\"item\":\"https:\\\/\\\/kidsplay.lt\\\/\"},{\"@type\":\"ListItem\",\"position\":2,\"name\":\"Parduotuv\u0117\",\"item\":\"https:\\\/\\\/kidsplay.lt\\\/parduotuve\\\/\"},{\"@type\":\"ListItem\",\"position\":3,\"name\":\"WOOPIE GREEN didelis \u016bkis 18 vnt.\"}]},{\"@type\":\"WebSite\",\"@id\":\"https:\\\/\\\/kidsplay.lt\\\/#website\",\"url\":\"https:\\\/\\\/kidsplay.lt\\\/\",\"name\":\"Kidsplay.lt\",\"description\":\"\u012evairios prek\u0117s vaikams\",\"publisher\":{\"@id\":\"https:\\\/\\\/kidsplay.lt\\\/#organization\"},\"alternateName\":\"Kidsplay\",\"potentialAction\":[{\"@type\":\"SearchAction\",\"target\":{\"@type\":\"EntryPoint\",\"urlTemplate\":\"https:\\\/\\\/kidsplay.lt\\\/?s={search_term_string}\"},\"query-input\":{\"@type\":\"PropertyValueSpecification\",\"valueRequired\":true,\"valueName\":\"search_term_string\"}}],\"inLanguage\":\"lv-LV\"},{\"@type\":\"Organization\",\"@id\":\"https:\\\/\\\/kidsplay.lt\\\/#organization\",\"name\":\"KidsPlay\",\"url\":\"https:\\\/\\\/kidsplay.lt\\\/\",\"logo\":{\"@type\":\"ImageObject\",\"inLanguage\":\"lv-LV\",\"@id\":\"https:\\\/\\\/kidsplay.lt\\\/#\\\/schema\\\/logo\\\/image\\\/\",\"url\":\"https:\\\/\\\/kidsplay.lt\\\/wp-content\\\/uploads\\\/2023\\\/07\\\/kidsplay-logo.png\",\"contentUrl\":\"https:\\\/\\\/kidsplay.lt\\\/wp-content\\\/uploads\\\/2023\\\/07\\\/kidsplay-logo.png\",\"width\":451,\"height\":98,\"caption\":\"KidsPlay\"},\"image\":{\"@id\":\"https:\\\/\\\/kidsplay.lt\\\/#\\\/schema\\\/logo\\\/image\\\/\"},\"sameAs\":[\"https:\\\/\\\/www.facebook.com\\\/www.kidsplay.lt\"]}]}<\/script>\n<!-- \/ Yoast SEO plugin. -->","yoast_head_json":{"title":"WOOPIE GREEN didelis \u016bkis 18 vnt.","description":"Mega Farma i\u0161 WOOPIE prek\u0117s \u017eenklo i\u0161 GREEN serijos suteiks j\u016bs\u0173 vaikui k\u016brybini\u0173 pramog\u0173 ir i\u0161mokys jus, koks yra gyvenimas kaime!","robots":{"index":"index","follow":"follow","max-snippet":"max-snippet:-1","max-image-preview":"max-image-preview:large","max-video-preview":"max-video-preview:-1"},"canonical":"https:\/\/kidsplay.lt\/lv\/products\/woopie-green-didelis-ukis-18-vnt\/","og_locale":"lv_LV","og_type":"article","og_title":"WOOPIE GREEN didelis \u016bkis 18 vnt.","og_description":"Mega Farma i\u0161 WOOPIE prek\u0117s \u017eenklo i\u0161 GREEN serijos suteiks j\u016bs\u0173 vaikui k\u016brybini\u0173 pramog\u0173 ir i\u0161mokys jus, koks yra gyvenimas kaime!","og_url":"https:\/\/kidsplay.lt\/lv\/products\/woopie-green-didelis-ukis-18-vnt\/","og_site_name":"KidsPlay","article_publisher":"https:\/\/www.facebook.com\/www.kidsplay.lt","article_modified_time":"2026-03-23T05:48:26+00:00","og_image":[{"width":1000,"height":1000,"url":"https:\/\/kidsplay.lt\/wp-content\/uploads\/2024\/09\/WOOPIE-GREEN-Mega-Farm-Animal-Figureles-Arklide-vistide-18-vnt.jpg","type":"image\/jpeg"}],"twitter_card":"summary_large_image","twitter_misc":{"Est. reading time":"1 min\u016bte"},"schema":{"@context":"https:\/\/schema.org","@graph":[{"@type":"WebPage","@id":"https:\/\/kidsplay.lt\/produktas\/woopie-green-didelis-ukis-18-vnt\/","url":"https:\/\/kidsplay.lt\/produktas\/woopie-green-didelis-ukis-18-vnt\/","name":"WOOPIE GREEN didelis \u016bkis 18 vnt.","isPartOf":{"@id":"https:\/\/kidsplay.lt\/#website"},"primaryImageOfPage":{"@id":"https:\/\/kidsplay.lt\/produktas\/woopie-green-didelis-ukis-18-vnt\/#primaryimage"},"image":{"@id":"https:\/\/kidsplay.lt\/produktas\/woopie-green-didelis-ukis-18-vnt\/#primaryimage"},"thumbnailUrl":"https:\/\/kidsplay.lt\/wp-content\/uploads\/2024\/09\/WOOPIE-GREEN-Mega-Farm-Animal-Figureles-Arklide-vistide-18-vnt.jpg","datePublished":"2026-02-26T07:41:10+00:00","dateModified":"2026-03-23T05:48:26+00:00","description":"Mega Farma i\u0161 WOOPIE prek\u0117s \u017eenklo i\u0161 GREEN serijos suteiks j\u016bs\u0173 vaikui k\u016brybini\u0173 pramog\u0173 ir i\u0161mokys jus, koks yra gyvenimas kaime!","breadcrumb":{"@id":"https:\/\/kidsplay.lt\/produktas\/woopie-green-didelis-ukis-18-vnt\/#breadcrumb"},"inLanguage":"lv-LV","potentialAction":[{"@type":"ReadAction","target":["https:\/\/kidsplay.lt\/produktas\/woopie-green-didelis-ukis-18-vnt\/"]}]},{"@type":"ImageObject","inLanguage":"lv-LV","@id":"https:\/\/kidsplay.lt\/produktas\/woopie-green-didelis-ukis-18-vnt\/#primaryimage","url":"https:\/\/kidsplay.lt\/wp-content\/uploads\/2024\/09\/WOOPIE-GREEN-Mega-Farm-Animal-Figureles-Arklide-vistide-18-vnt.jpg","contentUrl":"https:\/\/kidsplay.lt\/wp-content\/uploads\/2024\/09\/WOOPIE-GREEN-Mega-Farm-Animal-Figureles-Arklide-vistide-18-vnt.jpg","width":1000,"height":1000,"caption":"WOOPIE GREEN didelis \u016bkis 18 vnt."},{"@type":"BreadcrumbList","@id":"https:\/\/kidsplay.lt\/produktas\/woopie-green-didelis-ukis-18-vnt\/#breadcrumb","itemListElement":[{"@type":"ListItem","position":1,"name":"Pagrindinis","item":"https:\/\/kidsplay.lt\/"},{"@type":"ListItem","position":2,"name":"Parduotuv\u0117","item":"https:\/\/kidsplay.lt\/parduotuve\/"},{"@type":"ListItem","position":3,"name":"WOOPIE GREEN didelis \u016bkis 18 vnt."}]},{"@type":"WebSite","@id":"https:\/\/kidsplay.lt\/#website","url":"https:\/\/kidsplay.lt\/","name":"B\u0113rnu sp\u0113les.lv","description":"\u012evairios prek\u0117s vaikams","publisher":{"@id":"https:\/\/kidsplay.lt\/#organization"},"alternateName":"Kidsplay","potentialAction":[{"@type":"SearchAction","target":{"@type":"EntryPoint","urlTemplate":"https:\/\/kidsplay.lt\/?s={search_term_string}"},"query-input":{"@type":"PropertyValueSpecification","valueRequired":true,"valueName":"search_term_string"}}],"inLanguage":"lv-LV"},{"@type":"Organization","@id":"https:\/\/kidsplay.lt\/#organization","name":"B\u0113rnu sp\u0113le","url":"https:\/\/kidsplay.lt\/","logo":{"@type":"ImageObject","inLanguage":"lv-LV","@id":"https:\/\/kidsplay.lt\/#\/schema\/logo\/image\/","url":"https:\/\/kidsplay.lt\/wp-content\/uploads\/2023\/07\/kidsplay-logo.png","contentUrl":"https:\/\/kidsplay.lt\/wp-content\/uploads\/2023\/07\/kidsplay-logo.png","width":451,"height":98,"caption":"KidsPlay"},"image":{"@id":"https:\/\/kidsplay.lt\/#\/schema\/logo\/image\/"},"sameAs":["https:\/\/www.facebook.com\/www.kidsplay.lt"]}]}},"_links":{"self":[{"href":"https:\/\/kidsplay.lt\/lv\/wp-json\/wp\/v2\/product\/90263","targetHints":{"allow":["GET"]}}],"collection":[{"href":"https:\/\/kidsplay.lt\/lv\/wp-json\/wp\/v2\/product"}],"about":[{"href":"https:\/\/kidsplay.lt\/lv\/wp-json\/wp\/v2\/types\/product"}],"version-history":[{"count":1,"href":"https:\/\/kidsplay.lt\/lv\/wp-json\/wp\/v2\/product\/90263\/revisions"}],"predecessor-version":[{"id":90264,"href":"https:\/\/kidsplay.lt\/lv\/wp-json\/wp\/v2\/product\/90263\/revisions\/90264"}],"wp:featuredmedia":[{"embeddable":true,"href":"https:\/\/kidsplay.lt\/lv\/wp-json\/wp\/v2\/media\/51444"}],"wp:attachment":[{"href":"https:\/\/kidsplay.lt\/lv\/wp-json\/wp\/v2\/media?parent=90263"}],"wp:term":[{"taxonomy":"product_brand","embeddable":true,"href":"https:\/\/kidsplay.lt\/lv\/wp-json\/wp\/v2\/product_brand?post=90263"},{"taxonomy":"product_cat","embeddable":true,"href":"https:\/\/kidsplay.lt\/lv\/wp-json\/wp\/v2\/product_cat?post=90263"},{"taxonomy":"product_tag","embeddable":true,"href":"https:\/\/kidsplay.lt\/lv\/wp-json\/wp\/v2\/product_tag?post=90263"}],"curies":[{"name":"wp","href":"https:\/\/api.w.org\/{rel}","templated":true}]}}