{"id":90275,"date":"2026-02-26T09:41:28","date_gmt":"2026-02-26T07:41:28","guid":{"rendered":"https:\/\/kidsplay.lt\/produktas\/viga-polarb-medinis-2in-vezimelis-ir-vaikstyne\/"},"modified":"2026-04-13T15:18:53","modified_gmt":"2026-04-13T12:18:53","slug":"viga-polarb-medinis-2in-vezimelis-ir-vaikstyne","status":"publish","type":"product","link":"https:\/\/kidsplay.lt\/lv\/products\/viga-polarb-medinis-2in-vezimelis-ir-vaikstyne\/","title":{"rendered":"VIGA PolarB koka 2 collu rati\u0146i un staigul\u012b\u0161i"},"content":{"rendered":"<p>\u201eViga Toys\u201c\u00a0medini\u0173 \u017eaisl\u0173\u00a0serija\u00a0\u00a0\u00a0\u201ePolarB\u201c\u00a0\u00a0\u00a0puikiai padeda\u00a0\u00a0lavinti stambi\u0105j\u0105 ir smulki\u0105j\u0105 motorik\u0105\u00a0. Vaik\u0161tyn\u0117s yra vieni populiariausi\u0173 \u017eaisl\u0173 vaikams, kurie tik pradeda \u017eengti pirmuosius \u017eingsnius. Vaik\u0161\u010dioti su vaik\u0161tyne \u2013 tikras malonumas,\u00a0\u00a0padedantis i\u0161laikyti pusiausvyr\u0105\u00a0\u00a0ir tobulinti \u0117jimo \u012fg\u016bd\u017eius. Ve\u017eim\u0117lio ratukai turi gumines dangas, kurios slopina triuk\u0161m\u0105 ir yra neslystan\u010dios. Visas komplektas pagamintas i\u0161 auk\u0161\u010diausios kokyb\u0117s buko medienos. \u0160is \u017eaislas puikiai derina vaik\u0161tyn\u0117s ir ve\u017eim\u0117lio funkcijas.<\/p>\n<p>Ant dramblio straublio pavaizduoti visi zoologijos sodo draugai: lokys Maiklas, li\u016btas Leonas ir lap\u0117 Liza. \u0160is ve\u017eim\u0117lis patiks tiek berniukams, tiek mergait\u0117ms.<br \/>\nSu \u0161iuo vaik\u0161tyne gal\u0117site steb\u0117ti, kaip\u00a0\u00a0j\u016bs\u0173 vaikas lavina naujus motorinius \u012fg\u016bd\u017eius.\u00a0\u00a0\u0160is \u017eaislas lavina \u012fg\u016bd\u017eius \u017eaisdamas!<\/p>\n<p>Rakstur\u012bgs:<\/p>\n<p> \t&#8211; padeda vaikui \u017eengti pirmuosius \u017eingsnius ir lavinti motorinius \u012fg\u016bd\u017eius;<br \/>\n \t&#8211; lengviau i\u0161laikyti pusiausvyr\u0105,<br \/>\n \t&#8211;\u00a0\u00a0neslystantys ratukai,<br \/>\n \t&#8211; auk\u0161tos kokyb\u0117s buko mediena,<br \/>\n \t&#8211;\u00a0\u00a0vaik\u0161tyn\u0117s ir ve\u017eim\u0117lio funkcija.<\/p>\n<p>Rota\u013clieta att\u012bst\u0101s:<\/p>\n<p> \t&#8211; motoriniai \u012fg\u016bd\u017eiai,<br \/>\n \t&#8211; koordinavimas,<br \/>\n \t\u2013 koncentr\u0101cija.<\/p>","protected":false},"excerpt":{"rendered":"<p>\u201eViga Toys\u201c\u00a0medini\u0173 \u017eaisl\u0173\u00a0serija\u00a0\u00a0\u00a0\u201ePolarB\u201c\u00a0\u00a0\u00a0puikiai padeda\u00a0\u00a0lavinti stambi\u0105j\u0105 ir smulki\u0105j\u0105 motorik\u0105\u00a0. Vaik\u0161tyn\u0117s yra vieni populiariausi\u0173 \u017eaisl\u0173 vaikams, kurie tik pradeda \u017eengti pirmuosius \u017eingsnius.<\/p>","protected":false},"featured_media":62240,"template":"","meta":{"_acf_changed":false,"_glsr_average":0,"_glsr_ranking":0,"_glsr_reviews":0},"product_brand":[],"product_cat":[882,392],"product_tag":[],"class_list":{"0":"post-90275","1":"product","2":"type-product","3":"status-publish","4":"has-post-thumbnail","6":"product_cat-kudikiu-prieziura","7":"product_cat-stumdukai-ir-vaikstynes","8":"\"style=\"background-color: #2ecc711c;\"","10":"first","11":"instock","12":"purchasable","13":"product-type-simple"},"acf":[],"yoast_head":"<!-- This site is optimized with the Yoast SEO plugin v27.4 - https:\/\/yoast.com\/product\/yoast-seo-wordpress\/ -->\n<title>VIGA PolarB medinis 2in ve\u017eim\u0117lis ir vaik\u0161tyn\u0117<\/title>\n<meta name=\"description\" content=\"VIGA PolarB medinis 2in ve\u017eim\u0117lis ir vaik\u0161tyn\u0117 - KidsPlay. Did\u017eiausias vaik\u0173 \u017eaisl\u0173 pasirinkimas.\" \/>\n<meta name=\"robots\" content=\"index, follow, max-snippet:-1, max-image-preview:large, max-video-preview:-1\" \/>\n<link rel=\"canonical\" href=\"https:\/\/kidsplay.lt\/lv\/products\/viga-polarb-medinis-2in-vezimelis-ir-vaikstyne\/\" \/>\n<meta property=\"og:locale\" content=\"lv_LV\" \/>\n<meta property=\"og:type\" content=\"article\" \/>\n<meta property=\"og:title\" content=\"VIGA PolarB medinis 2in ve\u017eim\u0117lis ir vaik\u0161tyn\u0117\" \/>\n<meta property=\"og:description\" content=\"VIGA PolarB medinis 2in ve\u017eim\u0117lis ir vaik\u0161tyn\u0117 - KidsPlay. Did\u017eiausias vaik\u0173 \u017eaisl\u0173 pasirinkimas.\" \/>\n<meta property=\"og:url\" content=\"https:\/\/kidsplay.lt\/lv\/products\/viga-polarb-medinis-2in-vezimelis-ir-vaikstyne\/\" \/>\n<meta property=\"og:site_name\" content=\"KidsPlay\" \/>\n<meta property=\"article:publisher\" content=\"https:\/\/www.facebook.com\/www.kidsplay.lt\" \/>\n<meta property=\"article:modified_time\" content=\"2026-04-13T12:18:53+00:00\" \/>\n<meta property=\"og:image\" content=\"https:\/\/kidsplay.lt\/wp-content\/uploads\/2025\/09\/VIGA-PolarB-medinis-2in-vezimelis-ir-vaikstyne.jpg\" \/>\n\t<meta property=\"og:image:width\" content=\"1000\" \/>\n\t<meta property=\"og:image:height\" content=\"1000\" \/>\n\t<meta property=\"og:image:type\" content=\"image\/jpeg\" \/>\n<meta name=\"twitter:card\" content=\"summary_large_image\" \/>\n<meta name=\"twitter:label1\" content=\"Est. reading time\" \/>\n\t<meta name=\"twitter:data1\" content=\"1 min\u016bte\" \/>\n<script type=\"application\/ld+json\" class=\"yoast-schema-graph\">{\"@context\":\"https:\\\/\\\/schema.org\",\"@graph\":[{\"@type\":\"WebPage\",\"@id\":\"https:\\\/\\\/kidsplay.lt\\\/produktas\\\/viga-polarb-medinis-2in-vezimelis-ir-vaikstyne\\\/\",\"url\":\"https:\\\/\\\/kidsplay.lt\\\/produktas\\\/viga-polarb-medinis-2in-vezimelis-ir-vaikstyne\\\/\",\"name\":\"VIGA PolarB medinis 2in ve\u017eim\u0117lis ir vaik\u0161tyn\u0117\",\"isPartOf\":{\"@id\":\"https:\\\/\\\/kidsplay.lt\\\/#website\"},\"primaryImageOfPage\":{\"@id\":\"https:\\\/\\\/kidsplay.lt\\\/produktas\\\/viga-polarb-medinis-2in-vezimelis-ir-vaikstyne\\\/#primaryimage\"},\"image\":{\"@id\":\"https:\\\/\\\/kidsplay.lt\\\/produktas\\\/viga-polarb-medinis-2in-vezimelis-ir-vaikstyne\\\/#primaryimage\"},\"thumbnailUrl\":\"https:\\\/\\\/kidsplay.lt\\\/wp-content\\\/uploads\\\/2025\\\/09\\\/VIGA-PolarB-medinis-2in-vezimelis-ir-vaikstyne.jpg\",\"datePublished\":\"2026-02-26T07:41:28+00:00\",\"dateModified\":\"2026-04-13T12:18:53+00:00\",\"description\":\"VIGA PolarB medinis 2in ve\u017eim\u0117lis ir vaik\u0161tyn\u0117 - KidsPlay. Did\u017eiausias vaik\u0173 \u017eaisl\u0173 pasirinkimas.\",\"breadcrumb\":{\"@id\":\"https:\\\/\\\/kidsplay.lt\\\/produktas\\\/viga-polarb-medinis-2in-vezimelis-ir-vaikstyne\\\/#breadcrumb\"},\"inLanguage\":\"lv-LV\",\"potentialAction\":[{\"@type\":\"ReadAction\",\"target\":[\"https:\\\/\\\/kidsplay.lt\\\/produktas\\\/viga-polarb-medinis-2in-vezimelis-ir-vaikstyne\\\/\"]}]},{\"@type\":\"ImageObject\",\"inLanguage\":\"lv-LV\",\"@id\":\"https:\\\/\\\/kidsplay.lt\\\/produktas\\\/viga-polarb-medinis-2in-vezimelis-ir-vaikstyne\\\/#primaryimage\",\"url\":\"https:\\\/\\\/kidsplay.lt\\\/wp-content\\\/uploads\\\/2025\\\/09\\\/VIGA-PolarB-medinis-2in-vezimelis-ir-vaikstyne.jpg\",\"contentUrl\":\"https:\\\/\\\/kidsplay.lt\\\/wp-content\\\/uploads\\\/2025\\\/09\\\/VIGA-PolarB-medinis-2in-vezimelis-ir-vaikstyne.jpg\",\"width\":1000,\"height\":1000,\"caption\":\"VIGA PolarB medinis 2in ve\u017eim\u0117lis ir vaik\u0161tyn\u0117\"},{\"@type\":\"BreadcrumbList\",\"@id\":\"https:\\\/\\\/kidsplay.lt\\\/produktas\\\/viga-polarb-medinis-2in-vezimelis-ir-vaikstyne\\\/#breadcrumb\",\"itemListElement\":[{\"@type\":\"ListItem\",\"position\":1,\"name\":\"Pagrindinis\",\"item\":\"https:\\\/\\\/kidsplay.lt\\\/\"},{\"@type\":\"ListItem\",\"position\":2,\"name\":\"Parduotuv\u0117\",\"item\":\"https:\\\/\\\/kidsplay.lt\\\/parduotuve\\\/\"},{\"@type\":\"ListItem\",\"position\":3,\"name\":\"VIGA PolarB medinis 2in ve\u017eim\u0117lis ir vaik\u0161tyn\u0117\"}]},{\"@type\":\"WebSite\",\"@id\":\"https:\\\/\\\/kidsplay.lt\\\/#website\",\"url\":\"https:\\\/\\\/kidsplay.lt\\\/\",\"name\":\"Kidsplay.lt\",\"description\":\"\u012evairios prek\u0117s vaikams\",\"publisher\":{\"@id\":\"https:\\\/\\\/kidsplay.lt\\\/#organization\"},\"alternateName\":\"Kidsplay\",\"potentialAction\":[{\"@type\":\"SearchAction\",\"target\":{\"@type\":\"EntryPoint\",\"urlTemplate\":\"https:\\\/\\\/kidsplay.lt\\\/?s={search_term_string}\"},\"query-input\":{\"@type\":\"PropertyValueSpecification\",\"valueRequired\":true,\"valueName\":\"search_term_string\"}}],\"inLanguage\":\"lv-LV\"},{\"@type\":\"Organization\",\"@id\":\"https:\\\/\\\/kidsplay.lt\\\/#organization\",\"name\":\"KidsPlay\",\"url\":\"https:\\\/\\\/kidsplay.lt\\\/\",\"logo\":{\"@type\":\"ImageObject\",\"inLanguage\":\"lv-LV\",\"@id\":\"https:\\\/\\\/kidsplay.lt\\\/#\\\/schema\\\/logo\\\/image\\\/\",\"url\":\"https:\\\/\\\/kidsplay.lt\\\/wp-content\\\/uploads\\\/2023\\\/07\\\/kidsplay-logo.png\",\"contentUrl\":\"https:\\\/\\\/kidsplay.lt\\\/wp-content\\\/uploads\\\/2023\\\/07\\\/kidsplay-logo.png\",\"width\":451,\"height\":98,\"caption\":\"KidsPlay\"},\"image\":{\"@id\":\"https:\\\/\\\/kidsplay.lt\\\/#\\\/schema\\\/logo\\\/image\\\/\"},\"sameAs\":[\"https:\\\/\\\/www.facebook.com\\\/www.kidsplay.lt\"]}]}<\/script>\n<!-- \/ Yoast SEO plugin. -->","yoast_head_json":{"title":"VIGA PolarB koka 2 collu rati\u0146i un staigul\u012b\u0161i","description":"VIGA PolarB medinis 2in ve\u017eim\u0117lis ir vaik\u0161tyn\u0117 - KidsPlay. Did\u017eiausias vaik\u0173 \u017eaisl\u0173 pasirinkimas.","robots":{"index":"index","follow":"follow","max-snippet":"max-snippet:-1","max-image-preview":"max-image-preview:large","max-video-preview":"max-video-preview:-1"},"canonical":"https:\/\/kidsplay.lt\/lv\/products\/viga-polarb-medinis-2in-vezimelis-ir-vaikstyne\/","og_locale":"lv_LV","og_type":"article","og_title":"VIGA PolarB medinis 2in ve\u017eim\u0117lis ir vaik\u0161tyn\u0117","og_description":"VIGA PolarB medinis 2in ve\u017eim\u0117lis ir vaik\u0161tyn\u0117 - KidsPlay. Did\u017eiausias vaik\u0173 \u017eaisl\u0173 pasirinkimas.","og_url":"https:\/\/kidsplay.lt\/lv\/products\/viga-polarb-medinis-2in-vezimelis-ir-vaikstyne\/","og_site_name":"KidsPlay","article_publisher":"https:\/\/www.facebook.com\/www.kidsplay.lt","article_modified_time":"2026-04-13T12:18:53+00:00","og_image":[{"width":1000,"height":1000,"url":"https:\/\/kidsplay.lt\/wp-content\/uploads\/2025\/09\/VIGA-PolarB-medinis-2in-vezimelis-ir-vaikstyne.jpg","type":"image\/jpeg"}],"twitter_card":"summary_large_image","twitter_misc":{"Est. reading time":"1 min\u016bte"},"schema":{"@context":"https:\/\/schema.org","@graph":[{"@type":"WebPage","@id":"https:\/\/kidsplay.lt\/produktas\/viga-polarb-medinis-2in-vezimelis-ir-vaikstyne\/","url":"https:\/\/kidsplay.lt\/produktas\/viga-polarb-medinis-2in-vezimelis-ir-vaikstyne\/","name":"VIGA PolarB koka 2 collu rati\u0146i un staigul\u012b\u0161i","isPartOf":{"@id":"https:\/\/kidsplay.lt\/#website"},"primaryImageOfPage":{"@id":"https:\/\/kidsplay.lt\/produktas\/viga-polarb-medinis-2in-vezimelis-ir-vaikstyne\/#primaryimage"},"image":{"@id":"https:\/\/kidsplay.lt\/produktas\/viga-polarb-medinis-2in-vezimelis-ir-vaikstyne\/#primaryimage"},"thumbnailUrl":"https:\/\/kidsplay.lt\/wp-content\/uploads\/2025\/09\/VIGA-PolarB-medinis-2in-vezimelis-ir-vaikstyne.jpg","datePublished":"2026-02-26T07:41:28+00:00","dateModified":"2026-04-13T12:18:53+00:00","description":"VIGA PolarB medinis 2in ve\u017eim\u0117lis ir vaik\u0161tyn\u0117 - KidsPlay. Did\u017eiausias vaik\u0173 \u017eaisl\u0173 pasirinkimas.","breadcrumb":{"@id":"https:\/\/kidsplay.lt\/produktas\/viga-polarb-medinis-2in-vezimelis-ir-vaikstyne\/#breadcrumb"},"inLanguage":"lv-LV","potentialAction":[{"@type":"ReadAction","target":["https:\/\/kidsplay.lt\/produktas\/viga-polarb-medinis-2in-vezimelis-ir-vaikstyne\/"]}]},{"@type":"ImageObject","inLanguage":"lv-LV","@id":"https:\/\/kidsplay.lt\/produktas\/viga-polarb-medinis-2in-vezimelis-ir-vaikstyne\/#primaryimage","url":"https:\/\/kidsplay.lt\/wp-content\/uploads\/2025\/09\/VIGA-PolarB-medinis-2in-vezimelis-ir-vaikstyne.jpg","contentUrl":"https:\/\/kidsplay.lt\/wp-content\/uploads\/2025\/09\/VIGA-PolarB-medinis-2in-vezimelis-ir-vaikstyne.jpg","width":1000,"height":1000,"caption":"VIGA PolarB medinis 2in ve\u017eim\u0117lis ir vaik\u0161tyn\u0117"},{"@type":"BreadcrumbList","@id":"https:\/\/kidsplay.lt\/produktas\/viga-polarb-medinis-2in-vezimelis-ir-vaikstyne\/#breadcrumb","itemListElement":[{"@type":"ListItem","position":1,"name":"Pagrindinis","item":"https:\/\/kidsplay.lt\/"},{"@type":"ListItem","position":2,"name":"Parduotuv\u0117","item":"https:\/\/kidsplay.lt\/parduotuve\/"},{"@type":"ListItem","position":3,"name":"VIGA PolarB medinis 2in ve\u017eim\u0117lis ir vaik\u0161tyn\u0117"}]},{"@type":"WebSite","@id":"https:\/\/kidsplay.lt\/#website","url":"https:\/\/kidsplay.lt\/","name":"B\u0113rnu sp\u0113les.lv","description":"\u012evairios prek\u0117s vaikams","publisher":{"@id":"https:\/\/kidsplay.lt\/#organization"},"alternateName":"Kidsplay","potentialAction":[{"@type":"SearchAction","target":{"@type":"EntryPoint","urlTemplate":"https:\/\/kidsplay.lt\/?s={search_term_string}"},"query-input":{"@type":"PropertyValueSpecification","valueRequired":true,"valueName":"search_term_string"}}],"inLanguage":"lv-LV"},{"@type":"Organization","@id":"https:\/\/kidsplay.lt\/#organization","name":"B\u0113rnu sp\u0113le","url":"https:\/\/kidsplay.lt\/","logo":{"@type":"ImageObject","inLanguage":"lv-LV","@id":"https:\/\/kidsplay.lt\/#\/schema\/logo\/image\/","url":"https:\/\/kidsplay.lt\/wp-content\/uploads\/2023\/07\/kidsplay-logo.png","contentUrl":"https:\/\/kidsplay.lt\/wp-content\/uploads\/2023\/07\/kidsplay-logo.png","width":451,"height":98,"caption":"KidsPlay"},"image":{"@id":"https:\/\/kidsplay.lt\/#\/schema\/logo\/image\/"},"sameAs":["https:\/\/www.facebook.com\/www.kidsplay.lt"]}]}},"_links":{"self":[{"href":"https:\/\/kidsplay.lt\/lv\/wp-json\/wp\/v2\/product\/90275","targetHints":{"allow":["GET"]}}],"collection":[{"href":"https:\/\/kidsplay.lt\/lv\/wp-json\/wp\/v2\/product"}],"about":[{"href":"https:\/\/kidsplay.lt\/lv\/wp-json\/wp\/v2\/types\/product"}],"version-history":[{"count":1,"href":"https:\/\/kidsplay.lt\/lv\/wp-json\/wp\/v2\/product\/90275\/revisions"}],"predecessor-version":[{"id":90276,"href":"https:\/\/kidsplay.lt\/lv\/wp-json\/wp\/v2\/product\/90275\/revisions\/90276"}],"wp:featuredmedia":[{"embeddable":true,"href":"https:\/\/kidsplay.lt\/lv\/wp-json\/wp\/v2\/media\/62240"}],"wp:attachment":[{"href":"https:\/\/kidsplay.lt\/lv\/wp-json\/wp\/v2\/media?parent=90275"}],"wp:term":[{"taxonomy":"product_brand","embeddable":true,"href":"https:\/\/kidsplay.lt\/lv\/wp-json\/wp\/v2\/product_brand?post=90275"},{"taxonomy":"product_cat","embeddable":true,"href":"https:\/\/kidsplay.lt\/lv\/wp-json\/wp\/v2\/product_cat?post=90275"},{"taxonomy":"product_tag","embeddable":true,"href":"https:\/\/kidsplay.lt\/lv\/wp-json\/wp\/v2\/product_tag?post=90275"}],"curies":[{"name":"wp","href":"https:\/\/api.w.org\/{rel}","templated":true}]}}