{"id":90277,"date":"2026-02-26T09:41:30","date_gmt":"2026-02-26T07:41:30","guid":{"rendered":"https:\/\/kidsplay.lt\/produktas\/classic-world-medinis-velcro-vaisiu-smulkinimo-rinkinys\/"},"modified":"2026-04-13T15:18:57","modified_gmt":"2026-04-13T12:18:57","slug":"classic-world-medinis-velcro-vaisiu-smulkinimo-rinkinys","status":"publish","type":"product","link":"https:\/\/kidsplay.lt\/lv\/products\/classic-world-medinis-velcro-vaisiu-smulkinimo-rinkinys\/","title":{"rendered":"CLASSIC WORLD Medinis Velcro vaisi\u0173 smulkinimo rinkinys"},"content":{"rendered":"<p>Medinis Vaisius\u00a0Pjaustymo pad\u0117klai i\u0161 \u017einomo \u017eaisl\u0173 gamintojo\u00a0Klasikinis Pasaulis\u00a0puikiai tinka 3 met\u0173 ir vyresniems vaikams, idealiai tinka\u00a0d\u0117l ikimokyklinio\u00a0ir\u00a0prad\u017eia\u00a0\u201e. Vaikai gal\u0117s atlikti kasdien\u0119 veikl\u0105. \u017daislas taip pat gali b\u016bti naudojamas kaip galvos\u016bkis. Rinkinys lavins \u012fvairius \u012fg\u016bd\u017eius, kurie pravers v\u0117liau gyvenime. \u017daislas yra\u00a0daugiafunkcinis\u00a0, leid\u017eiant vaikams \u017eaisti \u012fvairiais b\u016bdais. M\u016bs\u0173 ma\u017eylis gali imtis kasininko vaidmens savo turgaus kioske ar \u017eaidim\u0173 namuose. Viskas priklauso nuo vaiko\u00a0k\u016brybi\u0161kumas\u00a0\u201e.<\/p>\n<p>B\u016bdinga:<\/p>\n<p> \t&#8211; Rinkin\u012f sudaro\u00a017 element\u0173.<br \/>\n \t&#8211;\u00a0Seifas\u00a0ir\u00a0k\u016brybingas vaisi\u0173 pjovimo rinkinys\u00a0jaunesniems vaikams.<br \/>\n \t&#8211; Viena vertus, tai klasika\u00a0&#8222;pjovimas&#8221;\u00a0\u017eaislas, bet, kita vertus, jis gali b\u016bti naudojamas kaip\u00a0d\u0117lion\u0117\u00a0prad\u017eioje.<br \/>\n \t&#8211; Kiekvienam elementui bus naudojamos specialios \u012fdubos\u00a0r\u016b\u0161iuoti\u00a0ir\u00a0i\u0161d\u0117stykite juos ant pagrindo\u00a0\u201e.<br \/>\n \t&#8211; Vaikai, kurie ypa\u010d m\u0117gsta steb\u0117ti, kas vyksta virtuv\u0117je, gali i\u0161bandyti savo j\u0117gas prie medin\u0117s lentos su vaisiais, kuri\u0173 dalys yra sujungtos su Velcro.<br \/>\n \t&#8211; D\u0117l Velcro naudojimo sukuriamas atsparumas, kaip ir pjaunant realiame gyvenime.<br \/>\n \t&#8211; Po pjovimo tiesiog sulenkite vaisius ir v\u0117l galite prad\u0117ti \u017eaisti.<br \/>\n \t&#8211; Idealus produktas\u00a0grupiniam \u017eaidimui.<\/p>\n<p>Rota\u013clieta att\u012bst\u0101s:<\/p>\n<p> \t&#8211; rank\u0173 ir aki\u0173 koordinavimas,<br \/>\n \t&#8211; vikrumas,<br \/>\n \t&#8211; geb\u0117jimas dirbti grup\u0117je,<br \/>\n \t&#8211; vaizduot\u0117,<br \/>\n \t&#8211; smalsumas.<\/p>","protected":false},"excerpt":{"rendered":"<p>Medinis Vaisius\u00a0Pjaustymo pad\u0117klai i\u0161 \u017einomo \u017eaisl\u0173 gamintojo\u00a0Klasikinis Pasaulis\u00a0puikiai tinka 3 met\u0173 ir vyresniems vaikams, idealiai tinka\u00a0d\u0117l ikimokyklinio\u00a0ir\u00a0prad\u017eia\u00a0\u201e. Vaikai gal\u0117s atlikti<\/p>","protected":false},"featured_media":82860,"template":"","meta":{"_acf_changed":false,"_glsr_average":0,"_glsr_ranking":0,"_glsr_reviews":0},"product_brand":[],"product_cat":[399,282,229],"product_tag":[],"class_list":{"0":"post-90277","1":"product","2":"type-product","3":"status-publish","4":"has-post-thumbnail","6":"product_cat-vaidmenu-zaidimai-2","7":"product_cat-virtuves-reikmenys-vaidmenu-zaidimai","8":"product_cat-zaislai-vaikams","9":"\"style=\"background-color: #2ecc711c;\"","11":"first","12":"instock","13":"purchasable","14":"product-type-simple"},"acf":[],"yoast_head":"<!-- This site is optimized with the Yoast SEO plugin v27.4 - https:\/\/yoast.com\/product\/yoast-seo-wordpress\/ -->\n<title>CLASSIC WORLD Medinis Velcro vaisi\u0173 smulkinimo rinkinys<\/title>\n<meta name=\"description\" content=\"CLASSIC WORLD Medinis Velcro vaisi\u0173 smulkinimo rinkinys - KidsPlay. Did\u017eiausias vaik\u0173 \u017eaisl\u0173 pasirinkimas.\" \/>\n<meta name=\"robots\" content=\"index, follow, max-snippet:-1, max-image-preview:large, max-video-preview:-1\" \/>\n<link rel=\"canonical\" href=\"https:\/\/kidsplay.lt\/lv\/products\/classic-world-medinis-velcro-vaisiu-smulkinimo-rinkinys\/\" \/>\n<meta property=\"og:locale\" content=\"lv_LV\" \/>\n<meta property=\"og:type\" content=\"article\" \/>\n<meta property=\"og:title\" content=\"CLASSIC WORLD Medinis Velcro vaisi\u0173 smulkinimo rinkinys\" \/>\n<meta property=\"og:description\" content=\"CLASSIC WORLD Medinis Velcro vaisi\u0173 smulkinimo rinkinys - KidsPlay. Did\u017eiausias vaik\u0173 \u017eaisl\u0173 pasirinkimas.\" \/>\n<meta property=\"og:url\" content=\"https:\/\/kidsplay.lt\/lv\/products\/classic-world-medinis-velcro-vaisiu-smulkinimo-rinkinys\/\" \/>\n<meta property=\"og:site_name\" content=\"KidsPlay\" \/>\n<meta property=\"article:publisher\" content=\"https:\/\/www.facebook.com\/www.kidsplay.lt\" \/>\n<meta property=\"article:modified_time\" content=\"2026-04-13T12:18:57+00:00\" \/>\n<meta property=\"og:image\" content=\"https:\/\/kidsplay.lt\/wp-content\/uploads\/2026\/01\/CLASSIC-WORLD-Medinis-Velcro-vaisiu-smulkinimo-rinkinys.jpg\" \/>\n\t<meta property=\"og:image:width\" content=\"1000\" \/>\n\t<meta property=\"og:image:height\" content=\"1000\" \/>\n\t<meta property=\"og:image:type\" content=\"image\/jpeg\" \/>\n<meta name=\"twitter:card\" content=\"summary_large_image\" \/>\n<meta name=\"twitter:label1\" content=\"Est. reading time\" \/>\n\t<meta name=\"twitter:data1\" content=\"1 min\u016bte\" \/>\n<script type=\"application\/ld+json\" class=\"yoast-schema-graph\">{\"@context\":\"https:\\\/\\\/schema.org\",\"@graph\":[{\"@type\":\"WebPage\",\"@id\":\"https:\\\/\\\/kidsplay.lt\\\/produktas\\\/classic-world-medinis-velcro-vaisiu-smulkinimo-rinkinys\\\/\",\"url\":\"https:\\\/\\\/kidsplay.lt\\\/produktas\\\/classic-world-medinis-velcro-vaisiu-smulkinimo-rinkinys\\\/\",\"name\":\"CLASSIC WORLD Medinis Velcro vaisi\u0173 smulkinimo rinkinys\",\"isPartOf\":{\"@id\":\"https:\\\/\\\/kidsplay.lt\\\/#website\"},\"primaryImageOfPage\":{\"@id\":\"https:\\\/\\\/kidsplay.lt\\\/produktas\\\/classic-world-medinis-velcro-vaisiu-smulkinimo-rinkinys\\\/#primaryimage\"},\"image\":{\"@id\":\"https:\\\/\\\/kidsplay.lt\\\/produktas\\\/classic-world-medinis-velcro-vaisiu-smulkinimo-rinkinys\\\/#primaryimage\"},\"thumbnailUrl\":\"https:\\\/\\\/kidsplay.lt\\\/wp-content\\\/uploads\\\/2026\\\/01\\\/CLASSIC-WORLD-Medinis-Velcro-vaisiu-smulkinimo-rinkinys.jpg\",\"datePublished\":\"2026-02-26T07:41:30+00:00\",\"dateModified\":\"2026-04-13T12:18:57+00:00\",\"description\":\"CLASSIC WORLD Medinis Velcro vaisi\u0173 smulkinimo rinkinys - KidsPlay. Did\u017eiausias vaik\u0173 \u017eaisl\u0173 pasirinkimas.\",\"breadcrumb\":{\"@id\":\"https:\\\/\\\/kidsplay.lt\\\/produktas\\\/classic-world-medinis-velcro-vaisiu-smulkinimo-rinkinys\\\/#breadcrumb\"},\"inLanguage\":\"lv-LV\",\"potentialAction\":[{\"@type\":\"ReadAction\",\"target\":[\"https:\\\/\\\/kidsplay.lt\\\/produktas\\\/classic-world-medinis-velcro-vaisiu-smulkinimo-rinkinys\\\/\"]}]},{\"@type\":\"ImageObject\",\"inLanguage\":\"lv-LV\",\"@id\":\"https:\\\/\\\/kidsplay.lt\\\/produktas\\\/classic-world-medinis-velcro-vaisiu-smulkinimo-rinkinys\\\/#primaryimage\",\"url\":\"https:\\\/\\\/kidsplay.lt\\\/wp-content\\\/uploads\\\/2026\\\/01\\\/CLASSIC-WORLD-Medinis-Velcro-vaisiu-smulkinimo-rinkinys.jpg\",\"contentUrl\":\"https:\\\/\\\/kidsplay.lt\\\/wp-content\\\/uploads\\\/2026\\\/01\\\/CLASSIC-WORLD-Medinis-Velcro-vaisiu-smulkinimo-rinkinys.jpg\",\"width\":1000,\"height\":1000,\"caption\":\"CLASSIC WORLD Medinis Velcro vaisi\u0173 smulkinimo rinkinys\"},{\"@type\":\"BreadcrumbList\",\"@id\":\"https:\\\/\\\/kidsplay.lt\\\/produktas\\\/classic-world-medinis-velcro-vaisiu-smulkinimo-rinkinys\\\/#breadcrumb\",\"itemListElement\":[{\"@type\":\"ListItem\",\"position\":1,\"name\":\"Pagrindinis\",\"item\":\"https:\\\/\\\/kidsplay.lt\\\/\"},{\"@type\":\"ListItem\",\"position\":2,\"name\":\"Parduotuv\u0117\",\"item\":\"https:\\\/\\\/kidsplay.lt\\\/parduotuve\\\/\"},{\"@type\":\"ListItem\",\"position\":3,\"name\":\"CLASSIC WORLD Medinis Velcro vaisi\u0173 smulkinimo rinkinys\"}]},{\"@type\":\"WebSite\",\"@id\":\"https:\\\/\\\/kidsplay.lt\\\/#website\",\"url\":\"https:\\\/\\\/kidsplay.lt\\\/\",\"name\":\"Kidsplay.lt\",\"description\":\"\u012evairios prek\u0117s vaikams\",\"publisher\":{\"@id\":\"https:\\\/\\\/kidsplay.lt\\\/#organization\"},\"alternateName\":\"Kidsplay\",\"potentialAction\":[{\"@type\":\"SearchAction\",\"target\":{\"@type\":\"EntryPoint\",\"urlTemplate\":\"https:\\\/\\\/kidsplay.lt\\\/?s={search_term_string}\"},\"query-input\":{\"@type\":\"PropertyValueSpecification\",\"valueRequired\":true,\"valueName\":\"search_term_string\"}}],\"inLanguage\":\"lv-LV\"},{\"@type\":\"Organization\",\"@id\":\"https:\\\/\\\/kidsplay.lt\\\/#organization\",\"name\":\"KidsPlay\",\"url\":\"https:\\\/\\\/kidsplay.lt\\\/\",\"logo\":{\"@type\":\"ImageObject\",\"inLanguage\":\"lv-LV\",\"@id\":\"https:\\\/\\\/kidsplay.lt\\\/#\\\/schema\\\/logo\\\/image\\\/\",\"url\":\"https:\\\/\\\/kidsplay.lt\\\/wp-content\\\/uploads\\\/2023\\\/07\\\/kidsplay-logo.png\",\"contentUrl\":\"https:\\\/\\\/kidsplay.lt\\\/wp-content\\\/uploads\\\/2023\\\/07\\\/kidsplay-logo.png\",\"width\":451,\"height\":98,\"caption\":\"KidsPlay\"},\"image\":{\"@id\":\"https:\\\/\\\/kidsplay.lt\\\/#\\\/schema\\\/logo\\\/image\\\/\"},\"sameAs\":[\"https:\\\/\\\/www.facebook.com\\\/www.kidsplay.lt\"]}]}<\/script>\n<!-- \/ Yoast SEO plugin. -->","yoast_head_json":{"title":"CLASSIC WORLD Medinis Velcro vaisi\u0173 smulkinimo rinkinys","description":"CLASSIC WORLD Medinis Velcro vaisi\u0173 smulkinimo rinkinys - KidsPlay. Did\u017eiausias vaik\u0173 \u017eaisl\u0173 pasirinkimas.","robots":{"index":"index","follow":"follow","max-snippet":"max-snippet:-1","max-image-preview":"max-image-preview:large","max-video-preview":"max-video-preview:-1"},"canonical":"https:\/\/kidsplay.lt\/lv\/products\/classic-world-medinis-velcro-vaisiu-smulkinimo-rinkinys\/","og_locale":"lv_LV","og_type":"article","og_title":"CLASSIC WORLD Medinis Velcro vaisi\u0173 smulkinimo rinkinys","og_description":"CLASSIC WORLD Medinis Velcro vaisi\u0173 smulkinimo rinkinys - KidsPlay. Did\u017eiausias vaik\u0173 \u017eaisl\u0173 pasirinkimas.","og_url":"https:\/\/kidsplay.lt\/lv\/products\/classic-world-medinis-velcro-vaisiu-smulkinimo-rinkinys\/","og_site_name":"KidsPlay","article_publisher":"https:\/\/www.facebook.com\/www.kidsplay.lt","article_modified_time":"2026-04-13T12:18:57+00:00","og_image":[{"width":1000,"height":1000,"url":"https:\/\/kidsplay.lt\/wp-content\/uploads\/2026\/01\/CLASSIC-WORLD-Medinis-Velcro-vaisiu-smulkinimo-rinkinys.jpg","type":"image\/jpeg"}],"twitter_card":"summary_large_image","twitter_misc":{"Est. reading time":"1 min\u016bte"},"schema":{"@context":"https:\/\/schema.org","@graph":[{"@type":"WebPage","@id":"https:\/\/kidsplay.lt\/produktas\/classic-world-medinis-velcro-vaisiu-smulkinimo-rinkinys\/","url":"https:\/\/kidsplay.lt\/produktas\/classic-world-medinis-velcro-vaisiu-smulkinimo-rinkinys\/","name":"CLASSIC WORLD Medinis Velcro vaisi\u0173 smulkinimo rinkinys","isPartOf":{"@id":"https:\/\/kidsplay.lt\/#website"},"primaryImageOfPage":{"@id":"https:\/\/kidsplay.lt\/produktas\/classic-world-medinis-velcro-vaisiu-smulkinimo-rinkinys\/#primaryimage"},"image":{"@id":"https:\/\/kidsplay.lt\/produktas\/classic-world-medinis-velcro-vaisiu-smulkinimo-rinkinys\/#primaryimage"},"thumbnailUrl":"https:\/\/kidsplay.lt\/wp-content\/uploads\/2026\/01\/CLASSIC-WORLD-Medinis-Velcro-vaisiu-smulkinimo-rinkinys.jpg","datePublished":"2026-02-26T07:41:30+00:00","dateModified":"2026-04-13T12:18:57+00:00","description":"CLASSIC WORLD Medinis Velcro vaisi\u0173 smulkinimo rinkinys - KidsPlay. Did\u017eiausias vaik\u0173 \u017eaisl\u0173 pasirinkimas.","breadcrumb":{"@id":"https:\/\/kidsplay.lt\/produktas\/classic-world-medinis-velcro-vaisiu-smulkinimo-rinkinys\/#breadcrumb"},"inLanguage":"lv-LV","potentialAction":[{"@type":"ReadAction","target":["https:\/\/kidsplay.lt\/produktas\/classic-world-medinis-velcro-vaisiu-smulkinimo-rinkinys\/"]}]},{"@type":"ImageObject","inLanguage":"lv-LV","@id":"https:\/\/kidsplay.lt\/produktas\/classic-world-medinis-velcro-vaisiu-smulkinimo-rinkinys\/#primaryimage","url":"https:\/\/kidsplay.lt\/wp-content\/uploads\/2026\/01\/CLASSIC-WORLD-Medinis-Velcro-vaisiu-smulkinimo-rinkinys.jpg","contentUrl":"https:\/\/kidsplay.lt\/wp-content\/uploads\/2026\/01\/CLASSIC-WORLD-Medinis-Velcro-vaisiu-smulkinimo-rinkinys.jpg","width":1000,"height":1000,"caption":"CLASSIC WORLD Medinis Velcro vaisi\u0173 smulkinimo rinkinys"},{"@type":"BreadcrumbList","@id":"https:\/\/kidsplay.lt\/produktas\/classic-world-medinis-velcro-vaisiu-smulkinimo-rinkinys\/#breadcrumb","itemListElement":[{"@type":"ListItem","position":1,"name":"Pagrindinis","item":"https:\/\/kidsplay.lt\/"},{"@type":"ListItem","position":2,"name":"Parduotuv\u0117","item":"https:\/\/kidsplay.lt\/parduotuve\/"},{"@type":"ListItem","position":3,"name":"CLASSIC WORLD Medinis Velcro vaisi\u0173 smulkinimo rinkinys"}]},{"@type":"WebSite","@id":"https:\/\/kidsplay.lt\/#website","url":"https:\/\/kidsplay.lt\/","name":"B\u0113rnu sp\u0113les.lv","description":"\u012evairios prek\u0117s vaikams","publisher":{"@id":"https:\/\/kidsplay.lt\/#organization"},"alternateName":"Kidsplay","potentialAction":[{"@type":"SearchAction","target":{"@type":"EntryPoint","urlTemplate":"https:\/\/kidsplay.lt\/?s={search_term_string}"},"query-input":{"@type":"PropertyValueSpecification","valueRequired":true,"valueName":"search_term_string"}}],"inLanguage":"lv-LV"},{"@type":"Organization","@id":"https:\/\/kidsplay.lt\/#organization","name":"B\u0113rnu sp\u0113le","url":"https:\/\/kidsplay.lt\/","logo":{"@type":"ImageObject","inLanguage":"lv-LV","@id":"https:\/\/kidsplay.lt\/#\/schema\/logo\/image\/","url":"https:\/\/kidsplay.lt\/wp-content\/uploads\/2023\/07\/kidsplay-logo.png","contentUrl":"https:\/\/kidsplay.lt\/wp-content\/uploads\/2023\/07\/kidsplay-logo.png","width":451,"height":98,"caption":"KidsPlay"},"image":{"@id":"https:\/\/kidsplay.lt\/#\/schema\/logo\/image\/"},"sameAs":["https:\/\/www.facebook.com\/www.kidsplay.lt"]}]}},"_links":{"self":[{"href":"https:\/\/kidsplay.lt\/lv\/wp-json\/wp\/v2\/product\/90277","targetHints":{"allow":["GET"]}}],"collection":[{"href":"https:\/\/kidsplay.lt\/lv\/wp-json\/wp\/v2\/product"}],"about":[{"href":"https:\/\/kidsplay.lt\/lv\/wp-json\/wp\/v2\/types\/product"}],"version-history":[{"count":1,"href":"https:\/\/kidsplay.lt\/lv\/wp-json\/wp\/v2\/product\/90277\/revisions"}],"predecessor-version":[{"id":90278,"href":"https:\/\/kidsplay.lt\/lv\/wp-json\/wp\/v2\/product\/90277\/revisions\/90278"}],"wp:featuredmedia":[{"embeddable":true,"href":"https:\/\/kidsplay.lt\/lv\/wp-json\/wp\/v2\/media\/82860"}],"wp:attachment":[{"href":"https:\/\/kidsplay.lt\/lv\/wp-json\/wp\/v2\/media?parent=90277"}],"wp:term":[{"taxonomy":"product_brand","embeddable":true,"href":"https:\/\/kidsplay.lt\/lv\/wp-json\/wp\/v2\/product_brand?post=90277"},{"taxonomy":"product_cat","embeddable":true,"href":"https:\/\/kidsplay.lt\/lv\/wp-json\/wp\/v2\/product_cat?post=90277"},{"taxonomy":"product_tag","embeddable":true,"href":"https:\/\/kidsplay.lt\/lv\/wp-json\/wp\/v2\/product_tag?post=90277"}],"curies":[{"name":"wp","href":"https:\/\/api.w.org\/{rel}","templated":true}]}}