{"id":90279,"date":"2026-02-26T09:41:33","date_gmt":"2026-02-26T07:41:33","guid":{"rendered":"https:\/\/kidsplay.lt\/produktas\/woopie-green-deliones-kubeliai-miesto-transporto-priemones-dezutese-figureles-10-vnt\/"},"modified":"2026-04-07T10:54:53","modified_gmt":"2026-04-07T07:54:53","slug":"woopie-green-deliones-kubeliai-miesto-transporto-priemones-dezutese-figureles-10-vnt","status":"publish","type":"product","link":"https:\/\/kidsplay.lt\/lv\/product\/woopie-green-deliones-kubeliai-miesto-transporto-priemones-dezutese-figureles-10-vnt\/","title":{"rendered":"WOOPIE GREEN D\u0117lion\u0117s kubeliai Miesto transporto priemon\u0117s d\u0117\u017eut\u0117se + fig\u016br\u0117l\u0117s 10 vnt."},"content":{"rendered":"<p>WOOPIE GREEN miesto d\u0117lion\u0117 \u2013 k\u016brybinga kelion\u0117 po miesto pasaul\u012f!<br \/>\n\u201eWOOPIE\u00a0City\u201c d\u0117lion\u0117\u00a0i\u0161 GREEN serijos\u00a0yra puiki alternatyva tradiciniams konstruktoriams ir d\u0117lion\u0117ms. Spalvingi kubeliai su iliustracijomis ir numeriais supa\u017eindina vaikus su skai\u010di\u0173, miesto institucij\u0173 ir transporto priemoni\u0173 pasauliu, suteikdami smagi\u0105 patirt\u012f, kuri ir moko, ir lavina.\u00a0Kiekvienas kubelis susideda kaip\u00a0miesto d\u0117lion\u0117s dalis \u2013 juos galima naudoti bok\u0161tams statyti, transporto priemon\u0117ms derinti prie atitinkam\u0173 pastat\u0173 ir netgi naudoti kaip smulki\u0173 daikt\u0173 talpyklas.<br \/>\nRinkinyje taip pat yra\u00a0\u017eaving\u0173 medini\u0173 automobili\u0173\u00a0ant gumini\u0173 rat\u0173, kuriuos vaikai gali paleisti \u012f pastatus pro specialias angas. Tai puiki proga kurti savo istorijas ir\u00a0vaidinti kasdienes miesto scenas!<br \/>\nRakstur\u012bgs:<\/p>\n<p> \t&#8211; Vaikams nuo\u00a012 m\u0117nesi\u0173 am\u017eiaus<br \/>\n \t&#8211;\u00a0Rinkin\u012f sudaro 10 detali\u0173\u00a0: 5 skirtingo dyd\u017eio iliustruoti kubeliai ir 5 medin\u0117s transporto priemon\u0117s ant gumini\u0173 rat\u0173<br \/>\n \t&#8211; Kubeliai, sunumeruoti nuo 1 iki 5 \u2013 pagal dyd\u012f<br \/>\n \t&#8211; Kubeli\u0173 angos leid\u017eia reguliuoti ir laikyti transporto priemon\u0119<br \/>\n \t&#8211; \u017daislas pagamintas i\u0161\u00a0saugi\u0173 med\u017eiag\u0173 ir\u00a0da\u017eytas\u00a0netoksi\u0161kais da\u017eais<\/p>\n<p>Rota\u013clieta att\u012bst\u0101s:<\/p>\n<p> \t-K\u016brybi\u0161kumas ir vaizduot\u0117\u00a0\u2013 vaikas kuria savo istorijas ir miesto gyvenimo scenarijus<br \/>\n \t-Reg\u0117jimas\u00a0\u2013 moko atskirti formas, spalvas ir dyd\u017eius.<br \/>\n \t-Loginis m\u0105stymas\u00a0\u2013 transporto priemoni\u0173 r\u016b\u0161iavimas ir derinimas prie pastat\u0173<br \/>\n \t-Pasaulio pa\u017einimas\u00a0\u2013 transporto priemoni\u0173 ir savivaldybi\u0173 \u012fstaig\u0173 (ugniagesi\u0173, mokykl\u0173, ligonini\u0173) atpa\u017einimas<br \/>\n \t-Mokymasis skai\u010diuoti\u00a0\u2013 sunumeruot\u0173 kauliuk\u0173 d\u0117ka<br \/>\n \t-Pirmieji \u017eod\u017eiai angl\u0173 kalba\u00a0\u2013 per \u017eenklus ant pastat\u0173<\/p>","protected":false},"excerpt":{"rendered":"<p>WOOPIE GREEN miesto d\u0117lion\u0117 \u2013 k\u016brybinga kelion\u0117 po miesto pasaul\u012f! \u201eWOOPIE\u00a0City\u201c d\u0117lion\u0117\u00a0i\u0161 GREEN serijos\u00a0yra puiki alternatyva tradiciniams konstruktoriams ir d\u0117lion\u0117ms.<\/p>","protected":false},"featured_media":62261,"template":"","meta":{"_acf_changed":false,"_glsr_average":0,"_glsr_ranking":0,"_glsr_reviews":0},"product_brand":[],"product_cat":[884,883],"product_tag":[],"class_list":{"0":"post-90279","1":"product","2":"type-product","3":"status-publish","4":"has-post-thumbnail","6":"product_cat-edukaciniai-lavinamieji-mediniai-zaislai","7":"product_cat-mediniai-zaislai-2","8":"\"style=\"background-color: #2ecc711c;\"","10":"first","11":"instock","12":"purchasable","13":"product-type-simple"},"acf":[],"yoast_head":"<!-- This site is optimized with the Yoast SEO plugin v27.3 - https:\/\/yoast.com\/product\/yoast-seo-wordpress\/ -->\n<title>WOOPIE GREEN D\u0117lion\u0117s kubeliai Miesto transporto priemon\u0117s d\u0117\u017eut\u0117se + fig\u016br\u0117l\u0117s 10 vnt.<\/title>\n<meta name=\"description\" content=\"WOOPIE GREEN D\u0117lion\u0117s kubeliai Miesto transporto priemon\u0117s d\u0117\u017eut\u0117se + fig\u016br\u0117l\u0117s 10 vnt. - KidsPlay. Did\u017eiausias vaik\u0173 \u017eaisl\u0173 pasirinkimas.\" \/>\n<meta name=\"robots\" content=\"index, follow, max-snippet:-1, max-image-preview:large, max-video-preview:-1\" \/>\n<link rel=\"canonical\" href=\"https:\/\/kidsplay.lt\/lv\/product\/woopie-green-deliones-kubeliai-miesto-transporto-priemones-dezutese-figureles-10-vnt\/\" \/>\n<meta property=\"og:locale\" content=\"lv_LV\" \/>\n<meta property=\"og:type\" content=\"article\" \/>\n<meta property=\"og:title\" content=\"WOOPIE GREEN D\u0117lion\u0117s kubeliai Miesto transporto priemon\u0117s d\u0117\u017eut\u0117se + fig\u016br\u0117l\u0117s 10 vnt.\" \/>\n<meta property=\"og:description\" content=\"WOOPIE GREEN D\u0117lion\u0117s kubeliai Miesto transporto priemon\u0117s d\u0117\u017eut\u0117se + fig\u016br\u0117l\u0117s 10 vnt. - KidsPlay. Did\u017eiausias vaik\u0173 \u017eaisl\u0173 pasirinkimas.\" \/>\n<meta property=\"og:url\" content=\"https:\/\/kidsplay.lt\/lv\/product\/woopie-green-deliones-kubeliai-miesto-transporto-priemones-dezutese-figureles-10-vnt\/\" \/>\n<meta property=\"og:site_name\" content=\"KidsPlay\" \/>\n<meta property=\"article:publisher\" content=\"https:\/\/www.facebook.com\/www.kidsplay.lt\" \/>\n<meta property=\"article:modified_time\" content=\"2026-04-07T07:54:53+00:00\" \/>\n<meta property=\"og:image\" content=\"https:\/\/kidsplay.lt\/wp-content\/uploads\/2025\/09\/WOOPIE-GREEN-Deliones-kubeliai-Miesto-transporto-priemones-dezutese-figureles-10-vnt.jpg\" \/>\n\t<meta property=\"og:image:width\" content=\"1000\" \/>\n\t<meta property=\"og:image:height\" content=\"1000\" \/>\n\t<meta property=\"og:image:type\" content=\"image\/jpeg\" \/>\n<meta name=\"twitter:card\" content=\"summary_large_image\" \/>\n<meta name=\"twitter:label1\" content=\"Est. reading time\" \/>\n\t<meta name=\"twitter:data1\" content=\"1 min\u016bte\" \/>\n<script type=\"application\/ld+json\" class=\"yoast-schema-graph\">{\"@context\":\"https:\\\/\\\/schema.org\",\"@graph\":[{\"@type\":\"WebPage\",\"@id\":\"https:\\\/\\\/kidsplay.lt\\\/produktas\\\/woopie-green-deliones-kubeliai-miesto-transporto-priemones-dezutese-figureles-10-vnt\\\/\",\"url\":\"https:\\\/\\\/kidsplay.lt\\\/produktas\\\/woopie-green-deliones-kubeliai-miesto-transporto-priemones-dezutese-figureles-10-vnt\\\/\",\"name\":\"WOOPIE GREEN D\u0117lion\u0117s kubeliai Miesto transporto priemon\u0117s d\u0117\u017eut\u0117se + fig\u016br\u0117l\u0117s 10 vnt.\",\"isPartOf\":{\"@id\":\"https:\\\/\\\/kidsplay.lt\\\/#website\"},\"primaryImageOfPage\":{\"@id\":\"https:\\\/\\\/kidsplay.lt\\\/produktas\\\/woopie-green-deliones-kubeliai-miesto-transporto-priemones-dezutese-figureles-10-vnt\\\/#primaryimage\"},\"image\":{\"@id\":\"https:\\\/\\\/kidsplay.lt\\\/produktas\\\/woopie-green-deliones-kubeliai-miesto-transporto-priemones-dezutese-figureles-10-vnt\\\/#primaryimage\"},\"thumbnailUrl\":\"https:\\\/\\\/kidsplay.lt\\\/wp-content\\\/uploads\\\/2025\\\/09\\\/WOOPIE-GREEN-Deliones-kubeliai-Miesto-transporto-priemones-dezutese-figureles-10-vnt.jpg\",\"datePublished\":\"2026-02-26T07:41:33+00:00\",\"dateModified\":\"2026-04-07T07:54:53+00:00\",\"description\":\"WOOPIE GREEN D\u0117lion\u0117s kubeliai Miesto transporto priemon\u0117s d\u0117\u017eut\u0117se + fig\u016br\u0117l\u0117s 10 vnt. - KidsPlay. Did\u017eiausias vaik\u0173 \u017eaisl\u0173 pasirinkimas.\",\"breadcrumb\":{\"@id\":\"https:\\\/\\\/kidsplay.lt\\\/produktas\\\/woopie-green-deliones-kubeliai-miesto-transporto-priemones-dezutese-figureles-10-vnt\\\/#breadcrumb\"},\"inLanguage\":\"lv-LV\",\"potentialAction\":[{\"@type\":\"ReadAction\",\"target\":[\"https:\\\/\\\/kidsplay.lt\\\/produktas\\\/woopie-green-deliones-kubeliai-miesto-transporto-priemones-dezutese-figureles-10-vnt\\\/\"]}]},{\"@type\":\"ImageObject\",\"inLanguage\":\"lv-LV\",\"@id\":\"https:\\\/\\\/kidsplay.lt\\\/produktas\\\/woopie-green-deliones-kubeliai-miesto-transporto-priemones-dezutese-figureles-10-vnt\\\/#primaryimage\",\"url\":\"https:\\\/\\\/kidsplay.lt\\\/wp-content\\\/uploads\\\/2025\\\/09\\\/WOOPIE-GREEN-Deliones-kubeliai-Miesto-transporto-priemones-dezutese-figureles-10-vnt.jpg\",\"contentUrl\":\"https:\\\/\\\/kidsplay.lt\\\/wp-content\\\/uploads\\\/2025\\\/09\\\/WOOPIE-GREEN-Deliones-kubeliai-Miesto-transporto-priemones-dezutese-figureles-10-vnt.jpg\",\"width\":1000,\"height\":1000,\"caption\":\"WOOPIE GREEN D\u0117lion\u0117s kubeliai Miesto transporto priemon\u0117s d\u0117\u017eut\u0117se + fig\u016br\u0117l\u0117s 10 vnt.\"},{\"@type\":\"BreadcrumbList\",\"@id\":\"https:\\\/\\\/kidsplay.lt\\\/produktas\\\/woopie-green-deliones-kubeliai-miesto-transporto-priemones-dezutese-figureles-10-vnt\\\/#breadcrumb\",\"itemListElement\":[{\"@type\":\"ListItem\",\"position\":1,\"name\":\"Pagrindinis\",\"item\":\"https:\\\/\\\/kidsplay.lt\\\/\"},{\"@type\":\"ListItem\",\"position\":2,\"name\":\"Parduotuv\u0117\",\"item\":\"https:\\\/\\\/kidsplay.lt\\\/parduotuve\\\/\"},{\"@type\":\"ListItem\",\"position\":3,\"name\":\"WOOPIE GREEN D\u0117lion\u0117s kubeliai Miesto transporto priemon\u0117s d\u0117\u017eut\u0117se + fig\u016br\u0117l\u0117s 10 vnt.\"}]},{\"@type\":\"WebSite\",\"@id\":\"https:\\\/\\\/kidsplay.lt\\\/#website\",\"url\":\"https:\\\/\\\/kidsplay.lt\\\/\",\"name\":\"Kidsplay.lt\",\"description\":\"\u012evairios prek\u0117s vaikams\",\"publisher\":{\"@id\":\"https:\\\/\\\/kidsplay.lt\\\/#organization\"},\"alternateName\":\"Kidsplay\",\"potentialAction\":[{\"@type\":\"SearchAction\",\"target\":{\"@type\":\"EntryPoint\",\"urlTemplate\":\"https:\\\/\\\/kidsplay.lt\\\/?s={search_term_string}\"},\"query-input\":{\"@type\":\"PropertyValueSpecification\",\"valueRequired\":true,\"valueName\":\"search_term_string\"}}],\"inLanguage\":\"lv-LV\"},{\"@type\":\"Organization\",\"@id\":\"https:\\\/\\\/kidsplay.lt\\\/#organization\",\"name\":\"KidsPlay\",\"url\":\"https:\\\/\\\/kidsplay.lt\\\/\",\"logo\":{\"@type\":\"ImageObject\",\"inLanguage\":\"lv-LV\",\"@id\":\"https:\\\/\\\/kidsplay.lt\\\/#\\\/schema\\\/logo\\\/image\\\/\",\"url\":\"https:\\\/\\\/kidsplay.lt\\\/wp-content\\\/uploads\\\/2023\\\/07\\\/kidsplay-logo.png\",\"contentUrl\":\"https:\\\/\\\/kidsplay.lt\\\/wp-content\\\/uploads\\\/2023\\\/07\\\/kidsplay-logo.png\",\"width\":451,\"height\":98,\"caption\":\"KidsPlay\"},\"image\":{\"@id\":\"https:\\\/\\\/kidsplay.lt\\\/#\\\/schema\\\/logo\\\/image\\\/\"},\"sameAs\":[\"https:\\\/\\\/www.facebook.com\\\/www.kidsplay.lt\"]}]}<\/script>\n<!-- \/ Yoast SEO plugin. -->","yoast_head_json":{"title":"WOOPIE GREEN D\u0117lion\u0117s kubeliai Miesto transporto priemon\u0117s d\u0117\u017eut\u0117se + fig\u016br\u0117l\u0117s 10 vnt.","description":"WOOPIE GREEN D\u0117lion\u0117s kubeliai Miesto transporto priemon\u0117s d\u0117\u017eut\u0117se + fig\u016br\u0117l\u0117s 10 vnt. - KidsPlay. Did\u017eiausias vaik\u0173 \u017eaisl\u0173 pasirinkimas.","robots":{"index":"index","follow":"follow","max-snippet":"max-snippet:-1","max-image-preview":"max-image-preview:large","max-video-preview":"max-video-preview:-1"},"canonical":"https:\/\/kidsplay.lt\/lv\/product\/woopie-green-deliones-kubeliai-miesto-transporto-priemones-dezutese-figureles-10-vnt\/","og_locale":"lv_LV","og_type":"article","og_title":"WOOPIE GREEN D\u0117lion\u0117s kubeliai Miesto transporto priemon\u0117s d\u0117\u017eut\u0117se + fig\u016br\u0117l\u0117s 10 vnt.","og_description":"WOOPIE GREEN D\u0117lion\u0117s kubeliai Miesto transporto priemon\u0117s d\u0117\u017eut\u0117se + fig\u016br\u0117l\u0117s 10 vnt. - KidsPlay. Did\u017eiausias vaik\u0173 \u017eaisl\u0173 pasirinkimas.","og_url":"https:\/\/kidsplay.lt\/lv\/product\/woopie-green-deliones-kubeliai-miesto-transporto-priemones-dezutese-figureles-10-vnt\/","og_site_name":"KidsPlay","article_publisher":"https:\/\/www.facebook.com\/www.kidsplay.lt","article_modified_time":"2026-04-07T07:54:53+00:00","og_image":[{"width":1000,"height":1000,"url":"https:\/\/kidsplay.lt\/wp-content\/uploads\/2025\/09\/WOOPIE-GREEN-Deliones-kubeliai-Miesto-transporto-priemones-dezutese-figureles-10-vnt.jpg","type":"image\/jpeg"}],"twitter_card":"summary_large_image","twitter_misc":{"Est. reading time":"1 min\u016bte"},"schema":{"@context":"https:\/\/schema.org","@graph":[{"@type":"WebPage","@id":"https:\/\/kidsplay.lt\/produktas\/woopie-green-deliones-kubeliai-miesto-transporto-priemones-dezutese-figureles-10-vnt\/","url":"https:\/\/kidsplay.lt\/produktas\/woopie-green-deliones-kubeliai-miesto-transporto-priemones-dezutese-figureles-10-vnt\/","name":"WOOPIE GREEN D\u0117lion\u0117s kubeliai Miesto transporto priemon\u0117s d\u0117\u017eut\u0117se + fig\u016br\u0117l\u0117s 10 vnt.","isPartOf":{"@id":"https:\/\/kidsplay.lt\/#website"},"primaryImageOfPage":{"@id":"https:\/\/kidsplay.lt\/produktas\/woopie-green-deliones-kubeliai-miesto-transporto-priemones-dezutese-figureles-10-vnt\/#primaryimage"},"image":{"@id":"https:\/\/kidsplay.lt\/produktas\/woopie-green-deliones-kubeliai-miesto-transporto-priemones-dezutese-figureles-10-vnt\/#primaryimage"},"thumbnailUrl":"https:\/\/kidsplay.lt\/wp-content\/uploads\/2025\/09\/WOOPIE-GREEN-Deliones-kubeliai-Miesto-transporto-priemones-dezutese-figureles-10-vnt.jpg","datePublished":"2026-02-26T07:41:33+00:00","dateModified":"2026-04-07T07:54:53+00:00","description":"WOOPIE GREEN D\u0117lion\u0117s kubeliai Miesto transporto priemon\u0117s d\u0117\u017eut\u0117se + fig\u016br\u0117l\u0117s 10 vnt. - KidsPlay. Did\u017eiausias vaik\u0173 \u017eaisl\u0173 pasirinkimas.","breadcrumb":{"@id":"https:\/\/kidsplay.lt\/produktas\/woopie-green-deliones-kubeliai-miesto-transporto-priemones-dezutese-figureles-10-vnt\/#breadcrumb"},"inLanguage":"lv-LV","potentialAction":[{"@type":"ReadAction","target":["https:\/\/kidsplay.lt\/produktas\/woopie-green-deliones-kubeliai-miesto-transporto-priemones-dezutese-figureles-10-vnt\/"]}]},{"@type":"ImageObject","inLanguage":"lv-LV","@id":"https:\/\/kidsplay.lt\/produktas\/woopie-green-deliones-kubeliai-miesto-transporto-priemones-dezutese-figureles-10-vnt\/#primaryimage","url":"https:\/\/kidsplay.lt\/wp-content\/uploads\/2025\/09\/WOOPIE-GREEN-Deliones-kubeliai-Miesto-transporto-priemones-dezutese-figureles-10-vnt.jpg","contentUrl":"https:\/\/kidsplay.lt\/wp-content\/uploads\/2025\/09\/WOOPIE-GREEN-Deliones-kubeliai-Miesto-transporto-priemones-dezutese-figureles-10-vnt.jpg","width":1000,"height":1000,"caption":"WOOPIE GREEN D\u0117lion\u0117s kubeliai Miesto transporto priemon\u0117s d\u0117\u017eut\u0117se + fig\u016br\u0117l\u0117s 10 vnt."},{"@type":"BreadcrumbList","@id":"https:\/\/kidsplay.lt\/produktas\/woopie-green-deliones-kubeliai-miesto-transporto-priemones-dezutese-figureles-10-vnt\/#breadcrumb","itemListElement":[{"@type":"ListItem","position":1,"name":"Pagrindinis","item":"https:\/\/kidsplay.lt\/"},{"@type":"ListItem","position":2,"name":"Parduotuv\u0117","item":"https:\/\/kidsplay.lt\/parduotuve\/"},{"@type":"ListItem","position":3,"name":"WOOPIE GREEN D\u0117lion\u0117s kubeliai Miesto transporto priemon\u0117s d\u0117\u017eut\u0117se + fig\u016br\u0117l\u0117s 10 vnt."}]},{"@type":"WebSite","@id":"https:\/\/kidsplay.lt\/#website","url":"https:\/\/kidsplay.lt\/","name":"B\u0113rnu sp\u0113les.lv","description":"\u012evairios prek\u0117s vaikams","publisher":{"@id":"https:\/\/kidsplay.lt\/#organization"},"alternateName":"Kidsplay","potentialAction":[{"@type":"SearchAction","target":{"@type":"EntryPoint","urlTemplate":"https:\/\/kidsplay.lt\/?s={search_term_string}"},"query-input":{"@type":"PropertyValueSpecification","valueRequired":true,"valueName":"search_term_string"}}],"inLanguage":"lv-LV"},{"@type":"Organization","@id":"https:\/\/kidsplay.lt\/#organization","name":"B\u0113rnu sp\u0113le","url":"https:\/\/kidsplay.lt\/","logo":{"@type":"ImageObject","inLanguage":"lv-LV","@id":"https:\/\/kidsplay.lt\/#\/schema\/logo\/image\/","url":"https:\/\/kidsplay.lt\/wp-content\/uploads\/2023\/07\/kidsplay-logo.png","contentUrl":"https:\/\/kidsplay.lt\/wp-content\/uploads\/2023\/07\/kidsplay-logo.png","width":451,"height":98,"caption":"KidsPlay"},"image":{"@id":"https:\/\/kidsplay.lt\/#\/schema\/logo\/image\/"},"sameAs":["https:\/\/www.facebook.com\/www.kidsplay.lt"]}]}},"_links":{"self":[{"href":"https:\/\/kidsplay.lt\/lv\/wp-json\/wp\/v2\/product\/90279","targetHints":{"allow":["GET"]}}],"collection":[{"href":"https:\/\/kidsplay.lt\/lv\/wp-json\/wp\/v2\/product"}],"about":[{"href":"https:\/\/kidsplay.lt\/lv\/wp-json\/wp\/v2\/types\/product"}],"version-history":[{"count":1,"href":"https:\/\/kidsplay.lt\/lv\/wp-json\/wp\/v2\/product\/90279\/revisions"}],"predecessor-version":[{"id":90280,"href":"https:\/\/kidsplay.lt\/lv\/wp-json\/wp\/v2\/product\/90279\/revisions\/90280"}],"wp:featuredmedia":[{"embeddable":true,"href":"https:\/\/kidsplay.lt\/lv\/wp-json\/wp\/v2\/media\/62261"}],"wp:attachment":[{"href":"https:\/\/kidsplay.lt\/lv\/wp-json\/wp\/v2\/media?parent=90279"}],"wp:term":[{"taxonomy":"product_brand","embeddable":true,"href":"https:\/\/kidsplay.lt\/lv\/wp-json\/wp\/v2\/product_brand?post=90279"},{"taxonomy":"product_cat","embeddable":true,"href":"https:\/\/kidsplay.lt\/lv\/wp-json\/wp\/v2\/product_cat?post=90279"},{"taxonomy":"product_tag","embeddable":true,"href":"https:\/\/kidsplay.lt\/lv\/wp-json\/wp\/v2\/product_tag?post=90279"}],"curies":[{"name":"wp","href":"https:\/\/api.w.org\/{rel}","templated":true}]}}