{"id":90285,"date":"2026-02-26T09:41:42","date_gmt":"2026-02-26T07:41:42","guid":{"rendered":"https:\/\/kidsplay.lt\/produktas\/classic-world-mediniu-irankiu-dirbtuves-su-kreidine-lenta-27-vnt\/"},"modified":"2026-04-13T15:19:13","modified_gmt":"2026-04-13T12:19:13","slug":"classic-world-mediniu-irankiu-dirbtuves-su-kreidine-lenta-27-vnt","status":"publish","type":"product","link":"https:\/\/kidsplay.lt\/lv\/products\/classic-world-mediniu-irankiu-dirbtuves-su-kreidine-lenta-27-vnt\/","title":{"rendered":"CLASSIC WORLD medini\u0173 \u012franki\u0173 dirbtuv\u0117s su kreidine lenta, 27 vnt."},"content":{"rendered":"<p>\u201eClassic World\u201c\u00a0medini\u0173 \u012franki\u0173 dirbtuv\u0117s\u00a0su lenta\u00a0suteiks puiki\u0173 pramog\u0173 kiekvienam ma\u017eajam \u201epasidaryk pats\u201c entuziastui. D\u0117l daugyb\u0117s\u00a0pridedam\u0173 \u012franki\u0173\u00a0j\u016bs\u0173 vaikas gal\u0117s pad\u0117ti savo \u0161eimai atlikti nam\u0173 ruo\u0161os darbus.\u00a0\u201ePasidaryk pats\u201c\u00a0veikla pad\u0117s\u00a0lavinti rankinius \u012fg\u016bd\u017eius\u00a0, \u017eadins susidom\u0117jim\u0105 ir skatins j\u016bs\u0173 vaiko vaizduot\u0119. Rinkinyje taip pat yra kreidin\u0117 lenta, kuri dar labiau lavins j\u016bs\u0173 vaiko\u00a0k\u016brybi\u0161kum\u0105\u00a0. Nuo \u0161iol kiekvienas ma\u017eylis tur\u0117s visk\u0105, ko reikia remontui, var\u017et\u0173 sukimui, vinims kalti ir vis\u0173 tip\u0173 renovacijos darbams. Rinkinys pagamintas i\u0161 auk\u0161tos kokyb\u0117s\u00a0medienos\u00a0ir\u00a0neturi a\u0161tri\u0173 briaun\u0173,\u00a0tod\u0117l yra\u00a0saugus vaikams\u00a0.<\/p>\n<p>Funkcijas:<\/p>\n<p> \t&#8211; visas daiktas pagamintas i\u0161\u00a0\u00a0med\u017eio,\u00a0tod\u0117l saugus vaikui ir aplinkai,<br \/>\n \t&#8211; rinkin\u012f sudaro\u00a027 elementai,<br \/>\n \t&#8211; be to, d\u0117\u017eut\u0117s \u0161onuose yra\u00a0\u00a0skyl\u0117s\u00a0var\u017etams \u012fsukti,<br \/>\n \t&#8211; komplekte yra\u00a0\u00a0ver\u017el\u0117s\u00a0\u00a0ir elementai, kuriuos galima prisukti ir sujungti.<\/p>\n<p>Komplekt\u0101 ietilpst:<\/p>\n<p> \t&#8211; medinis stalas su skyl\u0117mis var\u017etams,<br \/>\n \t&#8211; plaktukas,<br \/>\n \t&#8211; atviro galo ver\u017eliaraktis,<br \/>\n \t&#8211; atsuktuvas,<br \/>\n \t&#8211; pjovimo pj\u016bklas,<br \/>\n \t&#8211; \u017enypl\u0117s,<br \/>\n \t&#8211; 2 matavimo puodeliai, \u012fskaitant i\u0161traukiam\u0105,<br \/>\n \t&#8211; 5 var\u017etai,<br \/>\n \t&#8211; 5 kai\u0161\u010diai,<br \/>\n \t&#8211; 5 pavaros,<br \/>\n \t&#8211; 3 kepur\u0117s,<br \/>\n \t&#8211; pavaduotojas.<\/p>\n<p>Rota\u013clieta att\u012bst\u0101s:<\/p>\n<p> \t&#8211; k\u016brybi\u0161kumas,<br \/>\n \t&#8211; rankiniai \u012fg\u016bd\u017eiai,<br \/>\n \t&#8211; smalsumas,<br \/>\n \t&#8211; vaizduot\u0117.<\/p>","protected":false},"excerpt":{"rendered":"<p>\u201eClassic World\u201c\u00a0medini\u0173 \u012franki\u0173 dirbtuv\u0117s\u00a0su lenta\u00a0suteiks puiki\u0173 pramog\u0173 kiekvienam ma\u017eajam \u201epasidaryk pats\u201c entuziastui. D\u0117l daugyb\u0117s\u00a0pridedam\u0173 \u012franki\u0173\u00a0j\u016bs\u0173 vaikas gal\u0117s pad\u0117ti savo \u0161eimai<\/p>","protected":false},"featured_media":62275,"template":"","meta":{"_acf_changed":false,"_glsr_average":0,"_glsr_ranking":0,"_glsr_reviews":0},"product_brand":[],"product_cat":[402,399],"product_tag":[],"class_list":{"0":"post-90285","1":"product","2":"type-product","3":"status-publish","4":"has-post-thumbnail","6":"product_cat-dirbtuves-ir-irankiai","7":"product_cat-vaidmenu-zaidimai-2","8":"\"style=\"background-color: #2ecc711c;\"","10":"first","11":"instock","12":"purchasable","13":"product-type-simple"},"acf":[],"yoast_head":"<!-- This site is optimized with the Yoast SEO plugin v27.3 - https:\/\/yoast.com\/product\/yoast-seo-wordpress\/ -->\n<title>CLASSIC WORLD medini\u0173 \u012franki\u0173 dirbtuv\u0117s su kreidine lenta, 27 vnt.<\/title>\n<meta name=\"description\" content=\"CLASSIC WORLD medini\u0173 \u012franki\u0173 dirbtuv\u0117s su kreidine lenta, 27 vnt. - KidsPlay. Did\u017eiausias vaik\u0173 \u017eaisl\u0173 pasirinkimas.\" \/>\n<meta name=\"robots\" content=\"index, follow, max-snippet:-1, max-image-preview:large, max-video-preview:-1\" \/>\n<link rel=\"canonical\" href=\"https:\/\/kidsplay.lt\/lv\/products\/classic-world-mediniu-irankiu-dirbtuves-su-kreidine-lenta-27-vnt\/\" \/>\n<meta property=\"og:locale\" content=\"lv_LV\" \/>\n<meta property=\"og:type\" content=\"article\" \/>\n<meta property=\"og:title\" content=\"CLASSIC WORLD medini\u0173 \u012franki\u0173 dirbtuv\u0117s su kreidine lenta, 27 vnt.\" \/>\n<meta property=\"og:description\" content=\"CLASSIC WORLD medini\u0173 \u012franki\u0173 dirbtuv\u0117s su kreidine lenta, 27 vnt. - KidsPlay. Did\u017eiausias vaik\u0173 \u017eaisl\u0173 pasirinkimas.\" \/>\n<meta property=\"og:url\" content=\"https:\/\/kidsplay.lt\/lv\/products\/classic-world-mediniu-irankiu-dirbtuves-su-kreidine-lenta-27-vnt\/\" \/>\n<meta property=\"og:site_name\" content=\"KidsPlay\" \/>\n<meta property=\"article:publisher\" content=\"https:\/\/www.facebook.com\/www.kidsplay.lt\" \/>\n<meta property=\"article:modified_time\" content=\"2026-04-13T12:19:13+00:00\" \/>\n<meta property=\"og:image\" content=\"https:\/\/kidsplay.lt\/wp-content\/uploads\/2025\/09\/CLASSIC-WORLD-mediniu-irankiu-dirbtuves-su-kreidine-lenta-27-vnt.jpg\" \/>\n\t<meta property=\"og:image:width\" content=\"1000\" \/>\n\t<meta property=\"og:image:height\" content=\"1000\" \/>\n\t<meta property=\"og:image:type\" content=\"image\/jpeg\" \/>\n<meta name=\"twitter:card\" content=\"summary_large_image\" \/>\n<meta name=\"twitter:label1\" content=\"Est. reading time\" \/>\n\t<meta name=\"twitter:data1\" content=\"1 min\u016bte\" \/>\n<script type=\"application\/ld+json\" class=\"yoast-schema-graph\">{\"@context\":\"https:\\\/\\\/schema.org\",\"@graph\":[{\"@type\":\"WebPage\",\"@id\":\"https:\\\/\\\/kidsplay.lt\\\/produktas\\\/classic-world-mediniu-irankiu-dirbtuves-su-kreidine-lenta-27-vnt\\\/\",\"url\":\"https:\\\/\\\/kidsplay.lt\\\/produktas\\\/classic-world-mediniu-irankiu-dirbtuves-su-kreidine-lenta-27-vnt\\\/\",\"name\":\"CLASSIC WORLD medini\u0173 \u012franki\u0173 dirbtuv\u0117s su kreidine lenta, 27 vnt.\",\"isPartOf\":{\"@id\":\"https:\\\/\\\/kidsplay.lt\\\/#website\"},\"primaryImageOfPage\":{\"@id\":\"https:\\\/\\\/kidsplay.lt\\\/produktas\\\/classic-world-mediniu-irankiu-dirbtuves-su-kreidine-lenta-27-vnt\\\/#primaryimage\"},\"image\":{\"@id\":\"https:\\\/\\\/kidsplay.lt\\\/produktas\\\/classic-world-mediniu-irankiu-dirbtuves-su-kreidine-lenta-27-vnt\\\/#primaryimage\"},\"thumbnailUrl\":\"https:\\\/\\\/kidsplay.lt\\\/wp-content\\\/uploads\\\/2025\\\/09\\\/CLASSIC-WORLD-mediniu-irankiu-dirbtuves-su-kreidine-lenta-27-vnt.jpg\",\"datePublished\":\"2026-02-26T07:41:42+00:00\",\"dateModified\":\"2026-04-13T12:19:13+00:00\",\"description\":\"CLASSIC WORLD medini\u0173 \u012franki\u0173 dirbtuv\u0117s su kreidine lenta, 27 vnt. - KidsPlay. Did\u017eiausias vaik\u0173 \u017eaisl\u0173 pasirinkimas.\",\"breadcrumb\":{\"@id\":\"https:\\\/\\\/kidsplay.lt\\\/produktas\\\/classic-world-mediniu-irankiu-dirbtuves-su-kreidine-lenta-27-vnt\\\/#breadcrumb\"},\"inLanguage\":\"lv-LV\",\"potentialAction\":[{\"@type\":\"ReadAction\",\"target\":[\"https:\\\/\\\/kidsplay.lt\\\/produktas\\\/classic-world-mediniu-irankiu-dirbtuves-su-kreidine-lenta-27-vnt\\\/\"]}]},{\"@type\":\"ImageObject\",\"inLanguage\":\"lv-LV\",\"@id\":\"https:\\\/\\\/kidsplay.lt\\\/produktas\\\/classic-world-mediniu-irankiu-dirbtuves-su-kreidine-lenta-27-vnt\\\/#primaryimage\",\"url\":\"https:\\\/\\\/kidsplay.lt\\\/wp-content\\\/uploads\\\/2025\\\/09\\\/CLASSIC-WORLD-mediniu-irankiu-dirbtuves-su-kreidine-lenta-27-vnt.jpg\",\"contentUrl\":\"https:\\\/\\\/kidsplay.lt\\\/wp-content\\\/uploads\\\/2025\\\/09\\\/CLASSIC-WORLD-mediniu-irankiu-dirbtuves-su-kreidine-lenta-27-vnt.jpg\",\"width\":1000,\"height\":1000,\"caption\":\"CLASSIC WORLD medini\u0173 \u012franki\u0173 dirbtuv\u0117s su kreidine lenta\"},{\"@type\":\"BreadcrumbList\",\"@id\":\"https:\\\/\\\/kidsplay.lt\\\/produktas\\\/classic-world-mediniu-irankiu-dirbtuves-su-kreidine-lenta-27-vnt\\\/#breadcrumb\",\"itemListElement\":[{\"@type\":\"ListItem\",\"position\":1,\"name\":\"Pagrindinis\",\"item\":\"https:\\\/\\\/kidsplay.lt\\\/\"},{\"@type\":\"ListItem\",\"position\":2,\"name\":\"Parduotuv\u0117\",\"item\":\"https:\\\/\\\/kidsplay.lt\\\/parduotuve\\\/\"},{\"@type\":\"ListItem\",\"position\":3,\"name\":\"CLASSIC WORLD medini\u0173 \u012franki\u0173 dirbtuv\u0117s su kreidine lenta, 27 vnt.\"}]},{\"@type\":\"WebSite\",\"@id\":\"https:\\\/\\\/kidsplay.lt\\\/#website\",\"url\":\"https:\\\/\\\/kidsplay.lt\\\/\",\"name\":\"Kidsplay.lt\",\"description\":\"\u012evairios prek\u0117s vaikams\",\"publisher\":{\"@id\":\"https:\\\/\\\/kidsplay.lt\\\/#organization\"},\"alternateName\":\"Kidsplay\",\"potentialAction\":[{\"@type\":\"SearchAction\",\"target\":{\"@type\":\"EntryPoint\",\"urlTemplate\":\"https:\\\/\\\/kidsplay.lt\\\/?s={search_term_string}\"},\"query-input\":{\"@type\":\"PropertyValueSpecification\",\"valueRequired\":true,\"valueName\":\"search_term_string\"}}],\"inLanguage\":\"lv-LV\"},{\"@type\":\"Organization\",\"@id\":\"https:\\\/\\\/kidsplay.lt\\\/#organization\",\"name\":\"KidsPlay\",\"url\":\"https:\\\/\\\/kidsplay.lt\\\/\",\"logo\":{\"@type\":\"ImageObject\",\"inLanguage\":\"lv-LV\",\"@id\":\"https:\\\/\\\/kidsplay.lt\\\/#\\\/schema\\\/logo\\\/image\\\/\",\"url\":\"https:\\\/\\\/kidsplay.lt\\\/wp-content\\\/uploads\\\/2023\\\/07\\\/kidsplay-logo.png\",\"contentUrl\":\"https:\\\/\\\/kidsplay.lt\\\/wp-content\\\/uploads\\\/2023\\\/07\\\/kidsplay-logo.png\",\"width\":451,\"height\":98,\"caption\":\"KidsPlay\"},\"image\":{\"@id\":\"https:\\\/\\\/kidsplay.lt\\\/#\\\/schema\\\/logo\\\/image\\\/\"},\"sameAs\":[\"https:\\\/\\\/www.facebook.com\\\/www.kidsplay.lt\"]}]}<\/script>\n<!-- \/ Yoast SEO plugin. -->","yoast_head_json":{"title":"CLASSIC WORLD medini\u0173 \u012franki\u0173 dirbtuv\u0117s su kreidine lenta, 27 vnt.","description":"CLASSIC WORLD medini\u0173 \u012franki\u0173 dirbtuv\u0117s su kreidine lenta, 27 vnt. - KidsPlay. Did\u017eiausias vaik\u0173 \u017eaisl\u0173 pasirinkimas.","robots":{"index":"index","follow":"follow","max-snippet":"max-snippet:-1","max-image-preview":"max-image-preview:large","max-video-preview":"max-video-preview:-1"},"canonical":"https:\/\/kidsplay.lt\/lv\/products\/classic-world-mediniu-irankiu-dirbtuves-su-kreidine-lenta-27-vnt\/","og_locale":"lv_LV","og_type":"article","og_title":"CLASSIC WORLD medini\u0173 \u012franki\u0173 dirbtuv\u0117s su kreidine lenta, 27 vnt.","og_description":"CLASSIC WORLD medini\u0173 \u012franki\u0173 dirbtuv\u0117s su kreidine lenta, 27 vnt. - KidsPlay. Did\u017eiausias vaik\u0173 \u017eaisl\u0173 pasirinkimas.","og_url":"https:\/\/kidsplay.lt\/lv\/products\/classic-world-mediniu-irankiu-dirbtuves-su-kreidine-lenta-27-vnt\/","og_site_name":"KidsPlay","article_publisher":"https:\/\/www.facebook.com\/www.kidsplay.lt","article_modified_time":"2026-04-13T12:19:13+00:00","og_image":[{"width":1000,"height":1000,"url":"https:\/\/kidsplay.lt\/wp-content\/uploads\/2025\/09\/CLASSIC-WORLD-mediniu-irankiu-dirbtuves-su-kreidine-lenta-27-vnt.jpg","type":"image\/jpeg"}],"twitter_card":"summary_large_image","twitter_misc":{"Est. reading time":"1 min\u016bte"},"schema":{"@context":"https:\/\/schema.org","@graph":[{"@type":"WebPage","@id":"https:\/\/kidsplay.lt\/produktas\/classic-world-mediniu-irankiu-dirbtuves-su-kreidine-lenta-27-vnt\/","url":"https:\/\/kidsplay.lt\/produktas\/classic-world-mediniu-irankiu-dirbtuves-su-kreidine-lenta-27-vnt\/","name":"CLASSIC WORLD medini\u0173 \u012franki\u0173 dirbtuv\u0117s su kreidine lenta, 27 vnt.","isPartOf":{"@id":"https:\/\/kidsplay.lt\/#website"},"primaryImageOfPage":{"@id":"https:\/\/kidsplay.lt\/produktas\/classic-world-mediniu-irankiu-dirbtuves-su-kreidine-lenta-27-vnt\/#primaryimage"},"image":{"@id":"https:\/\/kidsplay.lt\/produktas\/classic-world-mediniu-irankiu-dirbtuves-su-kreidine-lenta-27-vnt\/#primaryimage"},"thumbnailUrl":"https:\/\/kidsplay.lt\/wp-content\/uploads\/2025\/09\/CLASSIC-WORLD-mediniu-irankiu-dirbtuves-su-kreidine-lenta-27-vnt.jpg","datePublished":"2026-02-26T07:41:42+00:00","dateModified":"2026-04-13T12:19:13+00:00","description":"CLASSIC WORLD medini\u0173 \u012franki\u0173 dirbtuv\u0117s su kreidine lenta, 27 vnt. - KidsPlay. Did\u017eiausias vaik\u0173 \u017eaisl\u0173 pasirinkimas.","breadcrumb":{"@id":"https:\/\/kidsplay.lt\/produktas\/classic-world-mediniu-irankiu-dirbtuves-su-kreidine-lenta-27-vnt\/#breadcrumb"},"inLanguage":"lv-LV","potentialAction":[{"@type":"ReadAction","target":["https:\/\/kidsplay.lt\/produktas\/classic-world-mediniu-irankiu-dirbtuves-su-kreidine-lenta-27-vnt\/"]}]},{"@type":"ImageObject","inLanguage":"lv-LV","@id":"https:\/\/kidsplay.lt\/produktas\/classic-world-mediniu-irankiu-dirbtuves-su-kreidine-lenta-27-vnt\/#primaryimage","url":"https:\/\/kidsplay.lt\/wp-content\/uploads\/2025\/09\/CLASSIC-WORLD-mediniu-irankiu-dirbtuves-su-kreidine-lenta-27-vnt.jpg","contentUrl":"https:\/\/kidsplay.lt\/wp-content\/uploads\/2025\/09\/CLASSIC-WORLD-mediniu-irankiu-dirbtuves-su-kreidine-lenta-27-vnt.jpg","width":1000,"height":1000,"caption":"CLASSIC WORLD medini\u0173 \u012franki\u0173 dirbtuv\u0117s su kreidine lenta"},{"@type":"BreadcrumbList","@id":"https:\/\/kidsplay.lt\/produktas\/classic-world-mediniu-irankiu-dirbtuves-su-kreidine-lenta-27-vnt\/#breadcrumb","itemListElement":[{"@type":"ListItem","position":1,"name":"Pagrindinis","item":"https:\/\/kidsplay.lt\/"},{"@type":"ListItem","position":2,"name":"Parduotuv\u0117","item":"https:\/\/kidsplay.lt\/parduotuve\/"},{"@type":"ListItem","position":3,"name":"CLASSIC WORLD medini\u0173 \u012franki\u0173 dirbtuv\u0117s su kreidine lenta, 27 vnt."}]},{"@type":"WebSite","@id":"https:\/\/kidsplay.lt\/#website","url":"https:\/\/kidsplay.lt\/","name":"B\u0113rnu sp\u0113les.lv","description":"\u012evairios prek\u0117s vaikams","publisher":{"@id":"https:\/\/kidsplay.lt\/#organization"},"alternateName":"Kidsplay","potentialAction":[{"@type":"SearchAction","target":{"@type":"EntryPoint","urlTemplate":"https:\/\/kidsplay.lt\/?s={search_term_string}"},"query-input":{"@type":"PropertyValueSpecification","valueRequired":true,"valueName":"search_term_string"}}],"inLanguage":"lv-LV"},{"@type":"Organization","@id":"https:\/\/kidsplay.lt\/#organization","name":"B\u0113rnu sp\u0113le","url":"https:\/\/kidsplay.lt\/","logo":{"@type":"ImageObject","inLanguage":"lv-LV","@id":"https:\/\/kidsplay.lt\/#\/schema\/logo\/image\/","url":"https:\/\/kidsplay.lt\/wp-content\/uploads\/2023\/07\/kidsplay-logo.png","contentUrl":"https:\/\/kidsplay.lt\/wp-content\/uploads\/2023\/07\/kidsplay-logo.png","width":451,"height":98,"caption":"KidsPlay"},"image":{"@id":"https:\/\/kidsplay.lt\/#\/schema\/logo\/image\/"},"sameAs":["https:\/\/www.facebook.com\/www.kidsplay.lt"]}]}},"_links":{"self":[{"href":"https:\/\/kidsplay.lt\/lv\/wp-json\/wp\/v2\/product\/90285","targetHints":{"allow":["GET"]}}],"collection":[{"href":"https:\/\/kidsplay.lt\/lv\/wp-json\/wp\/v2\/product"}],"about":[{"href":"https:\/\/kidsplay.lt\/lv\/wp-json\/wp\/v2\/types\/product"}],"version-history":[{"count":1,"href":"https:\/\/kidsplay.lt\/lv\/wp-json\/wp\/v2\/product\/90285\/revisions"}],"predecessor-version":[{"id":90286,"href":"https:\/\/kidsplay.lt\/lv\/wp-json\/wp\/v2\/product\/90285\/revisions\/90286"}],"wp:featuredmedia":[{"embeddable":true,"href":"https:\/\/kidsplay.lt\/lv\/wp-json\/wp\/v2\/media\/62275"}],"wp:attachment":[{"href":"https:\/\/kidsplay.lt\/lv\/wp-json\/wp\/v2\/media?parent=90285"}],"wp:term":[{"taxonomy":"product_brand","embeddable":true,"href":"https:\/\/kidsplay.lt\/lv\/wp-json\/wp\/v2\/product_brand?post=90285"},{"taxonomy":"product_cat","embeddable":true,"href":"https:\/\/kidsplay.lt\/lv\/wp-json\/wp\/v2\/product_cat?post=90285"},{"taxonomy":"product_tag","embeddable":true,"href":"https:\/\/kidsplay.lt\/lv\/wp-json\/wp\/v2\/product_tag?post=90285"}],"curies":[{"name":"wp","href":"https:\/\/api.w.org\/{rel}","templated":true}]}}