{"id":90287,"date":"2026-02-26T09:41:45","date_gmt":"2026-02-26T07:41:45","guid":{"rendered":"https:\/\/kidsplay.lt\/produktas\/grozio-salonas-ant-ratu-31-aksesuaras\/"},"modified":"2026-04-13T15:19:16","modified_gmt":"2026-04-13T12:19:16","slug":"grozio-salonas-ant-ratu-31-aksesuaras","status":"publish","type":"product","link":"https:\/\/kidsplay.lt\/lv\/products\/grozio-salonas-ant-ratu-31-aksesuaras\/","title":{"rendered":"Skaistumkop\u0161anas salons uz rite\u0146iem 31 aksesu\u0101rs"},"content":{"rendered":"<p>Gro\u017eio salonas &#8211; tualetinis staliukas\u00a0lagamine 4 viename i\u0161\u00a0WOOPIE\u00a0prek\u0117s \u017eenklo yra neribota galimyb\u0117 vaidinti ma\u017e\u0105 viza\u017eist\u0119. D\u0117l \u0161io rinkinio vaikas gali valdyti savo ne\u0161iojam\u0105 makia\u017eo studij\u0105 ir kurti nuostabias \u0161ukuosenas bei makia\u017e\u0105. \u0160iame \u017eaisle pagrindin\u012f vaidmen\u012f atlieka\u00a0vaizduot\u0117 ir k\u016brybi\u0161kumas\u00a0\u2013 vaikas gali laisvai susitvarkyti savo svetain\u0119 ir\u00a0aptarnauti klientus\u00a0. Elementai, sudarantys rinkin\u012f, yra tvirti ir pagaminti i\u0161\u00a0geros kokyb\u0117s med\u017eiag\u0173\u00a0, o tai garantuoja ilgalaik\u012f ir saug\u0173 pramog\u0105. Studija gali \u012fkv\u0117pti vaikus m\u0117gd\u017eioti suaugusiuosius ir \u012fgyti bendravimo \u012fg\u016bd\u017ei\u0173. \u017daislas padeda\u00a0lavinti\u00a0smulki\u0105j\u0105 motorik\u0105, taip pat vaiko vaizduot\u0119 ir k\u016brybi\u0161kum\u0105.<\/p>\n<p>Produkto charakteristikos:<\/p>\n<p> \t&#8211; \u017eaislas nuo 3 met\u0173 am\u017eiaus,<br \/>\n \t&#8211; susilanksto \u012f lagamin\u0105,<br \/>\n \t&#8211; 31 vnt. pried\u0173 rinkinys,<br \/>\n \t&#8211; pagamintas i\u0161 auk\u0161tos kokyb\u0117s med\u017eiag\u0173,<br \/>\n \t&#8211; skatina k\u016brybi\u0161kum\u0105 ir vaizduot\u0119<\/p>\n<p>Komplekto turinys:<\/p>\n<p> \t&#8211; \u0161ukos<br \/>\n \t&#8211; veidrodis<br \/>\n \t&#8211; skaidres<br \/>\n \t&#8211; akiniai<br \/>\n \t&#8211; aki\u0173 \u0161e\u0161\u0117li\u0173 palet\u0117<br \/>\n \t&#8211; d\u017eiovintuvas<br \/>\n \t&#8211; \u017eymos, informuojan\u010dios apie paslaugas<br \/>\n \t&#8211; ir daugelis kit\u0173<\/p>","protected":false},"excerpt":{"rendered":"<p>Gro\u017eio salonas &#8211; tualetinis staliukas\u00a0lagamine 4 viename i\u0161\u00a0WOOPIE\u00a0prek\u0117s \u017eenklo yra neribota galimyb\u0117 vaidinti ma\u017e\u0105 viza\u017eist\u0119. D\u0117l \u0161io rinkinio vaikas gali<\/p>","protected":false},"featured_media":60858,"template":"","meta":{"_acf_changed":false,"_glsr_average":0,"_glsr_ranking":0,"_glsr_reviews":0},"product_brand":[],"product_cat":[403,399],"product_tag":[],"class_list":{"0":"post-90287","1":"product","2":"type-product","3":"status-publish","4":"has-post-thumbnail","6":"product_cat-mada-ir-grozis","7":"product_cat-vaidmenu-zaidimai-2","8":"\"style=\"background-color: #2ecc711c;\"","10":"first","11":"instock","12":"purchasable","13":"product-type-simple"},"acf":[],"yoast_head":"<!-- This site is optimized with the Yoast SEO plugin v27.3 - https:\/\/yoast.com\/product\/yoast-seo-wordpress\/ -->\n<title>Gro\u017eio salonas ant rat\u0173 31 aksesuaras<\/title>\n<meta name=\"description\" content=\"Gro\u017eio salonas ant rat\u0173 31 aksesuaras - KidsPlay. Did\u017eiausias vaik\u0173 \u017eaisl\u0173 pasirinkimas.\" \/>\n<meta name=\"robots\" content=\"index, follow, max-snippet:-1, max-image-preview:large, max-video-preview:-1\" \/>\n<link rel=\"canonical\" href=\"https:\/\/kidsplay.lt\/lv\/products\/grozio-salonas-ant-ratu-31-aksesuaras\/\" \/>\n<meta property=\"og:locale\" content=\"lv_LV\" \/>\n<meta property=\"og:type\" content=\"article\" \/>\n<meta property=\"og:title\" content=\"Gro\u017eio salonas ant rat\u0173 31 aksesuaras\" \/>\n<meta property=\"og:description\" content=\"Gro\u017eio salonas ant rat\u0173 31 aksesuaras - KidsPlay. Did\u017eiausias vaik\u0173 \u017eaisl\u0173 pasirinkimas.\" \/>\n<meta property=\"og:url\" content=\"https:\/\/kidsplay.lt\/lv\/products\/grozio-salonas-ant-ratu-31-aksesuaras\/\" \/>\n<meta property=\"og:site_name\" content=\"KidsPlay\" \/>\n<meta property=\"article:publisher\" content=\"https:\/\/www.facebook.com\/www.kidsplay.lt\" \/>\n<meta property=\"article:modified_time\" content=\"2026-04-13T12:19:16+00:00\" \/>\n<meta property=\"og:image\" content=\"https:\/\/kidsplay.lt\/wp-content\/uploads\/2025\/03\/Grozio-salonas-ant-ratu-31-aksesuaras.jpg\" \/>\n\t<meta property=\"og:image:width\" content=\"1000\" \/>\n\t<meta property=\"og:image:height\" content=\"1000\" \/>\n\t<meta property=\"og:image:type\" content=\"image\/jpeg\" \/>\n<meta name=\"twitter:card\" content=\"summary_large_image\" \/>\n<meta name=\"twitter:label1\" content=\"Est. reading time\" \/>\n\t<meta name=\"twitter:data1\" content=\"1 min\u016bte\" \/>\n<script type=\"application\/ld+json\" class=\"yoast-schema-graph\">{\"@context\":\"https:\\\/\\\/schema.org\",\"@graph\":[{\"@type\":\"WebPage\",\"@id\":\"https:\\\/\\\/kidsplay.lt\\\/produktas\\\/grozio-salonas-ant-ratu-31-aksesuaras\\\/\",\"url\":\"https:\\\/\\\/kidsplay.lt\\\/produktas\\\/grozio-salonas-ant-ratu-31-aksesuaras\\\/\",\"name\":\"Gro\u017eio salonas ant rat\u0173 31 aksesuaras\",\"isPartOf\":{\"@id\":\"https:\\\/\\\/kidsplay.lt\\\/#website\"},\"primaryImageOfPage\":{\"@id\":\"https:\\\/\\\/kidsplay.lt\\\/produktas\\\/grozio-salonas-ant-ratu-31-aksesuaras\\\/#primaryimage\"},\"image\":{\"@id\":\"https:\\\/\\\/kidsplay.lt\\\/produktas\\\/grozio-salonas-ant-ratu-31-aksesuaras\\\/#primaryimage\"},\"thumbnailUrl\":\"https:\\\/\\\/kidsplay.lt\\\/wp-content\\\/uploads\\\/2025\\\/03\\\/Grozio-salonas-ant-ratu-31-aksesuaras.jpg\",\"datePublished\":\"2026-02-26T07:41:45+00:00\",\"dateModified\":\"2026-04-13T12:19:16+00:00\",\"description\":\"Gro\u017eio salonas ant rat\u0173 31 aksesuaras - KidsPlay. Did\u017eiausias vaik\u0173 \u017eaisl\u0173 pasirinkimas.\",\"breadcrumb\":{\"@id\":\"https:\\\/\\\/kidsplay.lt\\\/produktas\\\/grozio-salonas-ant-ratu-31-aksesuaras\\\/#breadcrumb\"},\"inLanguage\":\"lv-LV\",\"potentialAction\":[{\"@type\":\"ReadAction\",\"target\":[\"https:\\\/\\\/kidsplay.lt\\\/produktas\\\/grozio-salonas-ant-ratu-31-aksesuaras\\\/\"]}]},{\"@type\":\"ImageObject\",\"inLanguage\":\"lv-LV\",\"@id\":\"https:\\\/\\\/kidsplay.lt\\\/produktas\\\/grozio-salonas-ant-ratu-31-aksesuaras\\\/#primaryimage\",\"url\":\"https:\\\/\\\/kidsplay.lt\\\/wp-content\\\/uploads\\\/2025\\\/03\\\/Grozio-salonas-ant-ratu-31-aksesuaras.jpg\",\"contentUrl\":\"https:\\\/\\\/kidsplay.lt\\\/wp-content\\\/uploads\\\/2025\\\/03\\\/Grozio-salonas-ant-ratu-31-aksesuaras.jpg\",\"width\":1000,\"height\":1000,\"caption\":\"Gro\u017eio salonas ant rat\u0173 31 aksesuaras\"},{\"@type\":\"BreadcrumbList\",\"@id\":\"https:\\\/\\\/kidsplay.lt\\\/produktas\\\/grozio-salonas-ant-ratu-31-aksesuaras\\\/#breadcrumb\",\"itemListElement\":[{\"@type\":\"ListItem\",\"position\":1,\"name\":\"Pagrindinis\",\"item\":\"https:\\\/\\\/kidsplay.lt\\\/\"},{\"@type\":\"ListItem\",\"position\":2,\"name\":\"Parduotuv\u0117\",\"item\":\"https:\\\/\\\/kidsplay.lt\\\/parduotuve\\\/\"},{\"@type\":\"ListItem\",\"position\":3,\"name\":\"Gro\u017eio salonas ant rat\u0173 31 aksesuaras\"}]},{\"@type\":\"WebSite\",\"@id\":\"https:\\\/\\\/kidsplay.lt\\\/#website\",\"url\":\"https:\\\/\\\/kidsplay.lt\\\/\",\"name\":\"Kidsplay.lt\",\"description\":\"\u012evairios prek\u0117s vaikams\",\"publisher\":{\"@id\":\"https:\\\/\\\/kidsplay.lt\\\/#organization\"},\"alternateName\":\"Kidsplay\",\"potentialAction\":[{\"@type\":\"SearchAction\",\"target\":{\"@type\":\"EntryPoint\",\"urlTemplate\":\"https:\\\/\\\/kidsplay.lt\\\/?s={search_term_string}\"},\"query-input\":{\"@type\":\"PropertyValueSpecification\",\"valueRequired\":true,\"valueName\":\"search_term_string\"}}],\"inLanguage\":\"lv-LV\"},{\"@type\":\"Organization\",\"@id\":\"https:\\\/\\\/kidsplay.lt\\\/#organization\",\"name\":\"KidsPlay\",\"url\":\"https:\\\/\\\/kidsplay.lt\\\/\",\"logo\":{\"@type\":\"ImageObject\",\"inLanguage\":\"lv-LV\",\"@id\":\"https:\\\/\\\/kidsplay.lt\\\/#\\\/schema\\\/logo\\\/image\\\/\",\"url\":\"https:\\\/\\\/kidsplay.lt\\\/wp-content\\\/uploads\\\/2023\\\/07\\\/kidsplay-logo.png\",\"contentUrl\":\"https:\\\/\\\/kidsplay.lt\\\/wp-content\\\/uploads\\\/2023\\\/07\\\/kidsplay-logo.png\",\"width\":451,\"height\":98,\"caption\":\"KidsPlay\"},\"image\":{\"@id\":\"https:\\\/\\\/kidsplay.lt\\\/#\\\/schema\\\/logo\\\/image\\\/\"},\"sameAs\":[\"https:\\\/\\\/www.facebook.com\\\/www.kidsplay.lt\"]}]}<\/script>\n<!-- \/ Yoast SEO plugin. -->","yoast_head_json":{"title":"Skaistumkop\u0161anas salons uz rite\u0146iem 31 aksesu\u0101rs","description":"Gro\u017eio salonas ant rat\u0173 31 aksesuaras - KidsPlay. Did\u017eiausias vaik\u0173 \u017eaisl\u0173 pasirinkimas.","robots":{"index":"index","follow":"follow","max-snippet":"max-snippet:-1","max-image-preview":"max-image-preview:large","max-video-preview":"max-video-preview:-1"},"canonical":"https:\/\/kidsplay.lt\/lv\/products\/grozio-salonas-ant-ratu-31-aksesuaras\/","og_locale":"lv_LV","og_type":"article","og_title":"Gro\u017eio salonas ant rat\u0173 31 aksesuaras","og_description":"Gro\u017eio salonas ant rat\u0173 31 aksesuaras - KidsPlay. Did\u017eiausias vaik\u0173 \u017eaisl\u0173 pasirinkimas.","og_url":"https:\/\/kidsplay.lt\/lv\/products\/grozio-salonas-ant-ratu-31-aksesuaras\/","og_site_name":"KidsPlay","article_publisher":"https:\/\/www.facebook.com\/www.kidsplay.lt","article_modified_time":"2026-04-13T12:19:16+00:00","og_image":[{"width":1000,"height":1000,"url":"https:\/\/kidsplay.lt\/wp-content\/uploads\/2025\/03\/Grozio-salonas-ant-ratu-31-aksesuaras.jpg","type":"image\/jpeg"}],"twitter_card":"summary_large_image","twitter_misc":{"Est. reading time":"1 min\u016bte"},"schema":{"@context":"https:\/\/schema.org","@graph":[{"@type":"WebPage","@id":"https:\/\/kidsplay.lt\/produktas\/grozio-salonas-ant-ratu-31-aksesuaras\/","url":"https:\/\/kidsplay.lt\/produktas\/grozio-salonas-ant-ratu-31-aksesuaras\/","name":"Skaistumkop\u0161anas salons uz rite\u0146iem 31 aksesu\u0101rs","isPartOf":{"@id":"https:\/\/kidsplay.lt\/#website"},"primaryImageOfPage":{"@id":"https:\/\/kidsplay.lt\/produktas\/grozio-salonas-ant-ratu-31-aksesuaras\/#primaryimage"},"image":{"@id":"https:\/\/kidsplay.lt\/produktas\/grozio-salonas-ant-ratu-31-aksesuaras\/#primaryimage"},"thumbnailUrl":"https:\/\/kidsplay.lt\/wp-content\/uploads\/2025\/03\/Grozio-salonas-ant-ratu-31-aksesuaras.jpg","datePublished":"2026-02-26T07:41:45+00:00","dateModified":"2026-04-13T12:19:16+00:00","description":"Gro\u017eio salonas ant rat\u0173 31 aksesuaras - KidsPlay. Did\u017eiausias vaik\u0173 \u017eaisl\u0173 pasirinkimas.","breadcrumb":{"@id":"https:\/\/kidsplay.lt\/produktas\/grozio-salonas-ant-ratu-31-aksesuaras\/#breadcrumb"},"inLanguage":"lv-LV","potentialAction":[{"@type":"ReadAction","target":["https:\/\/kidsplay.lt\/produktas\/grozio-salonas-ant-ratu-31-aksesuaras\/"]}]},{"@type":"ImageObject","inLanguage":"lv-LV","@id":"https:\/\/kidsplay.lt\/produktas\/grozio-salonas-ant-ratu-31-aksesuaras\/#primaryimage","url":"https:\/\/kidsplay.lt\/wp-content\/uploads\/2025\/03\/Grozio-salonas-ant-ratu-31-aksesuaras.jpg","contentUrl":"https:\/\/kidsplay.lt\/wp-content\/uploads\/2025\/03\/Grozio-salonas-ant-ratu-31-aksesuaras.jpg","width":1000,"height":1000,"caption":"Gro\u017eio salonas ant rat\u0173 31 aksesuaras"},{"@type":"BreadcrumbList","@id":"https:\/\/kidsplay.lt\/produktas\/grozio-salonas-ant-ratu-31-aksesuaras\/#breadcrumb","itemListElement":[{"@type":"ListItem","position":1,"name":"Pagrindinis","item":"https:\/\/kidsplay.lt\/"},{"@type":"ListItem","position":2,"name":"Parduotuv\u0117","item":"https:\/\/kidsplay.lt\/parduotuve\/"},{"@type":"ListItem","position":3,"name":"Gro\u017eio salonas ant rat\u0173 31 aksesuaras"}]},{"@type":"WebSite","@id":"https:\/\/kidsplay.lt\/#website","url":"https:\/\/kidsplay.lt\/","name":"B\u0113rnu sp\u0113les.lv","description":"\u012evairios prek\u0117s vaikams","publisher":{"@id":"https:\/\/kidsplay.lt\/#organization"},"alternateName":"Kidsplay","potentialAction":[{"@type":"SearchAction","target":{"@type":"EntryPoint","urlTemplate":"https:\/\/kidsplay.lt\/?s={search_term_string}"},"query-input":{"@type":"PropertyValueSpecification","valueRequired":true,"valueName":"search_term_string"}}],"inLanguage":"lv-LV"},{"@type":"Organization","@id":"https:\/\/kidsplay.lt\/#organization","name":"B\u0113rnu sp\u0113le","url":"https:\/\/kidsplay.lt\/","logo":{"@type":"ImageObject","inLanguage":"lv-LV","@id":"https:\/\/kidsplay.lt\/#\/schema\/logo\/image\/","url":"https:\/\/kidsplay.lt\/wp-content\/uploads\/2023\/07\/kidsplay-logo.png","contentUrl":"https:\/\/kidsplay.lt\/wp-content\/uploads\/2023\/07\/kidsplay-logo.png","width":451,"height":98,"caption":"KidsPlay"},"image":{"@id":"https:\/\/kidsplay.lt\/#\/schema\/logo\/image\/"},"sameAs":["https:\/\/www.facebook.com\/www.kidsplay.lt"]}]}},"_links":{"self":[{"href":"https:\/\/kidsplay.lt\/lv\/wp-json\/wp\/v2\/product\/90287","targetHints":{"allow":["GET"]}}],"collection":[{"href":"https:\/\/kidsplay.lt\/lv\/wp-json\/wp\/v2\/product"}],"about":[{"href":"https:\/\/kidsplay.lt\/lv\/wp-json\/wp\/v2\/types\/product"}],"version-history":[{"count":1,"href":"https:\/\/kidsplay.lt\/lv\/wp-json\/wp\/v2\/product\/90287\/revisions"}],"predecessor-version":[{"id":90288,"href":"https:\/\/kidsplay.lt\/lv\/wp-json\/wp\/v2\/product\/90287\/revisions\/90288"}],"wp:featuredmedia":[{"embeddable":true,"href":"https:\/\/kidsplay.lt\/lv\/wp-json\/wp\/v2\/media\/60858"}],"wp:attachment":[{"href":"https:\/\/kidsplay.lt\/lv\/wp-json\/wp\/v2\/media?parent=90287"}],"wp:term":[{"taxonomy":"product_brand","embeddable":true,"href":"https:\/\/kidsplay.lt\/lv\/wp-json\/wp\/v2\/product_brand?post=90287"},{"taxonomy":"product_cat","embeddable":true,"href":"https:\/\/kidsplay.lt\/lv\/wp-json\/wp\/v2\/product_cat?post=90287"},{"taxonomy":"product_tag","embeddable":true,"href":"https:\/\/kidsplay.lt\/lv\/wp-json\/wp\/v2\/product_tag?post=90287"}],"curies":[{"name":"wp","href":"https:\/\/api.w.org\/{rel}","templated":true}]}}