{"id":90291,"date":"2026-02-26T09:41:50","date_gmt":"2026-02-26T07:41:50","guid":{"rendered":"https:\/\/kidsplay.lt\/produktas\/woopie-baby-interaktyvus-ismanusis-telefonas-vaikams\/"},"modified":"2026-02-26T19:59:34","modified_gmt":"2026-02-26T17:59:34","slug":"woopie-baby-interaktyvus-ismanusis-telefonas-vaikams","status":"publish","type":"product","link":"https:\/\/kidsplay.lt\/lv\/products\/woopie-baby-interaktyvus-ismanusis-telefonas-vaikams\/","title":{"rendered":"WOOPIE BABY interaktyvus i\u0161manusis telefonas vaikams"},"content":{"rendered":"<p>Interaktyvus vaik\u0173\u00a0telefonas i\u0161\u00a0WOOPIE\u00a0yra \u017eaislas, kuris supa\u017eindins j\u016bs\u0173 vaik\u0105 su \u017eaviu technologij\u0173 pasauliu.\u00a0Tur\u0117damas penkis skirtingus \u017eaidimo re\u017eimus\u00a0, \u012fskaitant\u00a0skai\u010di\u0173 mokym\u0105si\u00a0,\u00a0paveiksl\u0117li\u0173 apra\u0161ym\u0105\u00a0, melodij\u0173 k\u016brim\u0105,\u00a0form\u0173 pie\u0161im\u0105\u00a0ir\u00a0interaktyvius \u017eaidimus\u00a0, \u0161is telefonas yra ne tik puikus \u017eaislas, bet ir\u00a0lavinamoji priemon\u0117\u00a0. Pagamintas i\u0161 vaikams saugi\u0173 med\u017eiag\u0173, su maloniomis ir linksmomis melodijomis bei \u0161viesos efektais, \u0161is\u00a0interaktyvus telefonas\u00a0suteiks valand\u0173 valandas k\u016brybini\u0173 ir lavinan\u010di\u0173 pramog\u0173.<\/p>\n<p>1 RE\u017dIMAS: SKAI\u010cI\u0172 MOKYMASIS<br \/>\nSpausdamas klavi\u0161us nuo 0 iki 9, j\u016bs\u0173 vaikas i\u0161moks atpa\u017einti skai\u010dius ir prisiminti j\u0173 tvark\u0105. Paspaudus mygtuk\u0105, atitinkami klavi\u0161ai u\u017esidega, atskleisdami pasirinkt\u0105 skai\u010di\u0173.<\/p>\n<p>2 RE\u017dIMAS: VAIZDO ATPA\u017dINIMAS<br \/>\n\u0160iuo re\u017eimu, paspaudus vien\u0105 i\u0161 plyteli\u0173, \u017eaislas groja gars\u0105, atitinkant\u012f paveiksl\u0117l\u012f. J\u016bs\u0173 vaikas mokysis form\u0173, raid\u017ei\u0173 ir spalv\u0173 angl\u0173 kalba, m\u0117gaudamasis \u0161viesos efektais.<\/p>\n<p>3 RE\u017dIMAS: MELODIJOS K\u016aRIMAS<br \/>\nNaudodamas klavi\u0161us nuo 1 iki 8, j\u016bs\u0173 vaikas gali sukurti paprast\u0105 melodij\u0105, pavyzd\u017eiui, groti pianinu. Paspaudus mygtuk\u0105 \u201eGroti muzik\u0105\u201c, grojama paskutin\u0117 sukurta melodija ir klavi\u0161ai u\u017esidega.<\/p>\n<p>4 RE\u017dIMAS: PIE\u0160IMAS<br \/>\nJ\u016bs\u0173 vaikas gali pie\u0161ti paprastas formas spausdamas plyteles. Paspaustas klavi\u0161as \u0161vie\u010dia raudonai, o pie\u0161im\u0105 lydi malonus garsas, kuris tikrai atpalaiduos j\u016bs\u0173 vaik\u0105.<\/p>\n<p>5 RE\u017dIMAS: INTERAKTYVUS \u017dAIDIMAS<br \/>\nTelefone yra paprastas, integruotas \u017eaidimas, kuriame paspaud\u017eiate \u0161vie\u010diant\u012f mygtuk\u0105. Pagal muzikos ritm\u0105 j\u016bs\u0173 ma\u017eylis turi paspausti atitinkamus mygtukus. \u0160is \u017eaidimo b\u016bdas padeda lavinti vaiko kantryb\u0119, koordinacij\u0105 ir protinius geb\u0117jimus.<\/p>\n<p>Rakstur\u012bgs:<\/p>\n<p> \t&#8211;\u00a0\u017eaislas\u00a0nuo 18 m\u0117nesi\u0173 am\u017eiaus<br \/>\n \t&#8211; 5 skirtingi \u017eaidimo re\u017eimai<br \/>\n \t&#8211;\u00a0\u012frengta\u00a0edukacini\u0173 funkcij\u0173<br \/>\n \t&#8211;\u00a0skamba malonios\u00a0, linksmos melodijos<br \/>\n \t&#8211; ap\u0161viesti mygtukai<br \/>\n \t&#8211; garsumo valdymas<br \/>\n \t&#8211; Angl\u0173 kalbos versija<\/p>\n<p>Rota\u013clieta att\u012bst\u0101s:<\/p>\n<p> \t&#8211; vaizduot\u0117,<br \/>\n \t&#8211; loginio m\u0105stymo \u012fg\u016bd\u017eiai,<br \/>\n \t&#8211; bendravimo \u012fg\u016bd\u017eiai,<br \/>\n \t&#8211; refleksai,<br \/>\n \t&#8211; smulkiosios motorikos \u012fg\u016bd\u017eiai,<br \/>\n \t&#8211; smalsumas.<\/p>","protected":false},"excerpt":{"rendered":"<p>Interaktyvus vaik\u0173\u00a0telefonas i\u0161\u00a0WOOPIE\u00a0yra \u017eaislas, kuris supa\u017eindins j\u016bs\u0173 vaik\u0105 su \u017eaviu technologij\u0173 pasauliu.\u00a0Tur\u0117damas penkis skirtingus \u017eaidimo re\u017eimus\u00a0, \u012fskaitant\u00a0skai\u010di\u0173 mokym\u0105si\u00a0,\u00a0paveiksl\u0117li\u0173 apra\u0161ym\u0105\u00a0, melodij\u0173<\/p>","protected":false},"featured_media":66947,"template":"","meta":{"_acf_changed":false,"_glsr_average":0,"_glsr_ranking":0,"_glsr_reviews":0},"product_brand":[],"product_cat":[396,229],"product_tag":[],"class_list":{"0":"post-90291","1":"product","2":"type-product","3":"status-publish","4":"has-post-thumbnail","6":"product_cat-kudikiu-zaislai-vaikams2","7":"product_cat-zaislai-vaikams","8":"\"style=\"background-color: #2ecc711c;\"","10":"first","11":"outofstock","12":"purchasable","13":"product-type-simple"},"acf":[],"yoast_head":"<!-- This site is optimized with the Yoast SEO plugin v27.4 - https:\/\/yoast.com\/product\/yoast-seo-wordpress\/ -->\n<title>WOOPIE BABY interaktyvus i\u0161manusis telefonas vaikams<\/title>\n<meta name=\"description\" content=\"WOOPIE BABY interaktyvus i\u0161manusis telefonas vaikams - KidsPlay. Did\u017eiausias vaik\u0173 \u017eaisl\u0173 pasirinkimas.\" \/>\n<meta name=\"robots\" content=\"index, follow, max-snippet:-1, max-image-preview:large, max-video-preview:-1\" \/>\n<link rel=\"canonical\" href=\"https:\/\/kidsplay.lt\/lv\/products\/woopie-baby-interaktyvus-ismanusis-telefonas-vaikams\/\" \/>\n<meta property=\"og:locale\" content=\"lv_LV\" \/>\n<meta property=\"og:type\" content=\"article\" \/>\n<meta property=\"og:title\" content=\"WOOPIE BABY interaktyvus i\u0161manusis telefonas vaikams\" \/>\n<meta property=\"og:description\" content=\"WOOPIE BABY interaktyvus i\u0161manusis telefonas vaikams - KidsPlay. Did\u017eiausias vaik\u0173 \u017eaisl\u0173 pasirinkimas.\" \/>\n<meta property=\"og:url\" content=\"https:\/\/kidsplay.lt\/lv\/products\/woopie-baby-interaktyvus-ismanusis-telefonas-vaikams\/\" \/>\n<meta property=\"og:site_name\" content=\"KidsPlay\" \/>\n<meta property=\"article:publisher\" content=\"https:\/\/www.facebook.com\/www.kidsplay.lt\" \/>\n<meta property=\"article:modified_time\" content=\"2026-02-26T17:59:34+00:00\" \/>\n<meta property=\"og:image\" content=\"https:\/\/kidsplay.lt\/wp-content\/uploads\/2025\/09\/WOOPIE-BABY-interaktyvus-ismanusis-telefonas-vaikams.jpg\" \/>\n\t<meta property=\"og:image:width\" content=\"1000\" \/>\n\t<meta property=\"og:image:height\" content=\"1000\" \/>\n\t<meta property=\"og:image:type\" content=\"image\/jpeg\" \/>\n<meta name=\"twitter:card\" content=\"summary_large_image\" \/>\n<meta name=\"twitter:label1\" content=\"Est. reading time\" \/>\n\t<meta name=\"twitter:data1\" content=\"2 min\u016btes\" \/>\n<script type=\"application\/ld+json\" class=\"yoast-schema-graph\">{\"@context\":\"https:\\\/\\\/schema.org\",\"@graph\":[{\"@type\":\"WebPage\",\"@id\":\"https:\\\/\\\/kidsplay.lt\\\/produktas\\\/woopie-baby-interaktyvus-ismanusis-telefonas-vaikams\\\/\",\"url\":\"https:\\\/\\\/kidsplay.lt\\\/produktas\\\/woopie-baby-interaktyvus-ismanusis-telefonas-vaikams\\\/\",\"name\":\"WOOPIE BABY interaktyvus i\u0161manusis telefonas vaikams\",\"isPartOf\":{\"@id\":\"https:\\\/\\\/kidsplay.lt\\\/#website\"},\"primaryImageOfPage\":{\"@id\":\"https:\\\/\\\/kidsplay.lt\\\/produktas\\\/woopie-baby-interaktyvus-ismanusis-telefonas-vaikams\\\/#primaryimage\"},\"image\":{\"@id\":\"https:\\\/\\\/kidsplay.lt\\\/produktas\\\/woopie-baby-interaktyvus-ismanusis-telefonas-vaikams\\\/#primaryimage\"},\"thumbnailUrl\":\"https:\\\/\\\/kidsplay.lt\\\/wp-content\\\/uploads\\\/2025\\\/09\\\/WOOPIE-BABY-interaktyvus-ismanusis-telefonas-vaikams.jpg\",\"datePublished\":\"2026-02-26T07:41:50+00:00\",\"dateModified\":\"2026-02-26T17:59:34+00:00\",\"description\":\"WOOPIE BABY interaktyvus i\u0161manusis telefonas vaikams - KidsPlay. Did\u017eiausias vaik\u0173 \u017eaisl\u0173 pasirinkimas.\",\"breadcrumb\":{\"@id\":\"https:\\\/\\\/kidsplay.lt\\\/produktas\\\/woopie-baby-interaktyvus-ismanusis-telefonas-vaikams\\\/#breadcrumb\"},\"inLanguage\":\"lv-LV\",\"potentialAction\":[{\"@type\":\"ReadAction\",\"target\":[\"https:\\\/\\\/kidsplay.lt\\\/produktas\\\/woopie-baby-interaktyvus-ismanusis-telefonas-vaikams\\\/\"]}]},{\"@type\":\"ImageObject\",\"inLanguage\":\"lv-LV\",\"@id\":\"https:\\\/\\\/kidsplay.lt\\\/produktas\\\/woopie-baby-interaktyvus-ismanusis-telefonas-vaikams\\\/#primaryimage\",\"url\":\"https:\\\/\\\/kidsplay.lt\\\/wp-content\\\/uploads\\\/2025\\\/09\\\/WOOPIE-BABY-interaktyvus-ismanusis-telefonas-vaikams.jpg\",\"contentUrl\":\"https:\\\/\\\/kidsplay.lt\\\/wp-content\\\/uploads\\\/2025\\\/09\\\/WOOPIE-BABY-interaktyvus-ismanusis-telefonas-vaikams.jpg\",\"width\":1000,\"height\":1000,\"caption\":\"WOOPIE BABY interaktyvus i\u0161manusis telefonas vaikams\"},{\"@type\":\"BreadcrumbList\",\"@id\":\"https:\\\/\\\/kidsplay.lt\\\/produktas\\\/woopie-baby-interaktyvus-ismanusis-telefonas-vaikams\\\/#breadcrumb\",\"itemListElement\":[{\"@type\":\"ListItem\",\"position\":1,\"name\":\"Pagrindinis\",\"item\":\"https:\\\/\\\/kidsplay.lt\\\/\"},{\"@type\":\"ListItem\",\"position\":2,\"name\":\"Parduotuv\u0117\",\"item\":\"https:\\\/\\\/kidsplay.lt\\\/parduotuve\\\/\"},{\"@type\":\"ListItem\",\"position\":3,\"name\":\"WOOPIE BABY interaktyvus i\u0161manusis telefonas vaikams\"}]},{\"@type\":\"WebSite\",\"@id\":\"https:\\\/\\\/kidsplay.lt\\\/#website\",\"url\":\"https:\\\/\\\/kidsplay.lt\\\/\",\"name\":\"Kidsplay.lt\",\"description\":\"\u012evairios prek\u0117s vaikams\",\"publisher\":{\"@id\":\"https:\\\/\\\/kidsplay.lt\\\/#organization\"},\"alternateName\":\"Kidsplay\",\"potentialAction\":[{\"@type\":\"SearchAction\",\"target\":{\"@type\":\"EntryPoint\",\"urlTemplate\":\"https:\\\/\\\/kidsplay.lt\\\/?s={search_term_string}\"},\"query-input\":{\"@type\":\"PropertyValueSpecification\",\"valueRequired\":true,\"valueName\":\"search_term_string\"}}],\"inLanguage\":\"lv-LV\"},{\"@type\":\"Organization\",\"@id\":\"https:\\\/\\\/kidsplay.lt\\\/#organization\",\"name\":\"KidsPlay\",\"url\":\"https:\\\/\\\/kidsplay.lt\\\/\",\"logo\":{\"@type\":\"ImageObject\",\"inLanguage\":\"lv-LV\",\"@id\":\"https:\\\/\\\/kidsplay.lt\\\/#\\\/schema\\\/logo\\\/image\\\/\",\"url\":\"https:\\\/\\\/kidsplay.lt\\\/wp-content\\\/uploads\\\/2023\\\/07\\\/kidsplay-logo.png\",\"contentUrl\":\"https:\\\/\\\/kidsplay.lt\\\/wp-content\\\/uploads\\\/2023\\\/07\\\/kidsplay-logo.png\",\"width\":451,\"height\":98,\"caption\":\"KidsPlay\"},\"image\":{\"@id\":\"https:\\\/\\\/kidsplay.lt\\\/#\\\/schema\\\/logo\\\/image\\\/\"},\"sameAs\":[\"https:\\\/\\\/www.facebook.com\\\/www.kidsplay.lt\"]}]}<\/script>\n<!-- \/ Yoast SEO plugin. -->","yoast_head_json":{"title":"WOOPIE BABY interaktyvus i\u0161manusis telefonas vaikams","description":"WOOPIE BABY interaktyvus i\u0161manusis telefonas vaikams - KidsPlay. Did\u017eiausias vaik\u0173 \u017eaisl\u0173 pasirinkimas.","robots":{"index":"index","follow":"follow","max-snippet":"max-snippet:-1","max-image-preview":"max-image-preview:large","max-video-preview":"max-video-preview:-1"},"canonical":"https:\/\/kidsplay.lt\/lv\/products\/woopie-baby-interaktyvus-ismanusis-telefonas-vaikams\/","og_locale":"lv_LV","og_type":"article","og_title":"WOOPIE BABY interaktyvus i\u0161manusis telefonas vaikams","og_description":"WOOPIE BABY interaktyvus i\u0161manusis telefonas vaikams - KidsPlay. Did\u017eiausias vaik\u0173 \u017eaisl\u0173 pasirinkimas.","og_url":"https:\/\/kidsplay.lt\/lv\/products\/woopie-baby-interaktyvus-ismanusis-telefonas-vaikams\/","og_site_name":"KidsPlay","article_publisher":"https:\/\/www.facebook.com\/www.kidsplay.lt","article_modified_time":"2026-02-26T17:59:34+00:00","og_image":[{"width":1000,"height":1000,"url":"https:\/\/kidsplay.lt\/wp-content\/uploads\/2025\/09\/WOOPIE-BABY-interaktyvus-ismanusis-telefonas-vaikams.jpg","type":"image\/jpeg"}],"twitter_card":"summary_large_image","twitter_misc":{"Est. reading time":"2 min\u016btes"},"schema":{"@context":"https:\/\/schema.org","@graph":[{"@type":"WebPage","@id":"https:\/\/kidsplay.lt\/produktas\/woopie-baby-interaktyvus-ismanusis-telefonas-vaikams\/","url":"https:\/\/kidsplay.lt\/produktas\/woopie-baby-interaktyvus-ismanusis-telefonas-vaikams\/","name":"WOOPIE BABY interaktyvus i\u0161manusis telefonas vaikams","isPartOf":{"@id":"https:\/\/kidsplay.lt\/#website"},"primaryImageOfPage":{"@id":"https:\/\/kidsplay.lt\/produktas\/woopie-baby-interaktyvus-ismanusis-telefonas-vaikams\/#primaryimage"},"image":{"@id":"https:\/\/kidsplay.lt\/produktas\/woopie-baby-interaktyvus-ismanusis-telefonas-vaikams\/#primaryimage"},"thumbnailUrl":"https:\/\/kidsplay.lt\/wp-content\/uploads\/2025\/09\/WOOPIE-BABY-interaktyvus-ismanusis-telefonas-vaikams.jpg","datePublished":"2026-02-26T07:41:50+00:00","dateModified":"2026-02-26T17:59:34+00:00","description":"WOOPIE BABY interaktyvus i\u0161manusis telefonas vaikams - KidsPlay. Did\u017eiausias vaik\u0173 \u017eaisl\u0173 pasirinkimas.","breadcrumb":{"@id":"https:\/\/kidsplay.lt\/produktas\/woopie-baby-interaktyvus-ismanusis-telefonas-vaikams\/#breadcrumb"},"inLanguage":"lv-LV","potentialAction":[{"@type":"ReadAction","target":["https:\/\/kidsplay.lt\/produktas\/woopie-baby-interaktyvus-ismanusis-telefonas-vaikams\/"]}]},{"@type":"ImageObject","inLanguage":"lv-LV","@id":"https:\/\/kidsplay.lt\/produktas\/woopie-baby-interaktyvus-ismanusis-telefonas-vaikams\/#primaryimage","url":"https:\/\/kidsplay.lt\/wp-content\/uploads\/2025\/09\/WOOPIE-BABY-interaktyvus-ismanusis-telefonas-vaikams.jpg","contentUrl":"https:\/\/kidsplay.lt\/wp-content\/uploads\/2025\/09\/WOOPIE-BABY-interaktyvus-ismanusis-telefonas-vaikams.jpg","width":1000,"height":1000,"caption":"WOOPIE BABY interaktyvus i\u0161manusis telefonas vaikams"},{"@type":"BreadcrumbList","@id":"https:\/\/kidsplay.lt\/produktas\/woopie-baby-interaktyvus-ismanusis-telefonas-vaikams\/#breadcrumb","itemListElement":[{"@type":"ListItem","position":1,"name":"Pagrindinis","item":"https:\/\/kidsplay.lt\/"},{"@type":"ListItem","position":2,"name":"Parduotuv\u0117","item":"https:\/\/kidsplay.lt\/parduotuve\/"},{"@type":"ListItem","position":3,"name":"WOOPIE BABY interaktyvus i\u0161manusis telefonas vaikams"}]},{"@type":"WebSite","@id":"https:\/\/kidsplay.lt\/#website","url":"https:\/\/kidsplay.lt\/","name":"B\u0113rnu sp\u0113les.lv","description":"\u012evairios prek\u0117s vaikams","publisher":{"@id":"https:\/\/kidsplay.lt\/#organization"},"alternateName":"Kidsplay","potentialAction":[{"@type":"SearchAction","target":{"@type":"EntryPoint","urlTemplate":"https:\/\/kidsplay.lt\/?s={search_term_string}"},"query-input":{"@type":"PropertyValueSpecification","valueRequired":true,"valueName":"search_term_string"}}],"inLanguage":"lv-LV"},{"@type":"Organization","@id":"https:\/\/kidsplay.lt\/#organization","name":"B\u0113rnu sp\u0113le","url":"https:\/\/kidsplay.lt\/","logo":{"@type":"ImageObject","inLanguage":"lv-LV","@id":"https:\/\/kidsplay.lt\/#\/schema\/logo\/image\/","url":"https:\/\/kidsplay.lt\/wp-content\/uploads\/2023\/07\/kidsplay-logo.png","contentUrl":"https:\/\/kidsplay.lt\/wp-content\/uploads\/2023\/07\/kidsplay-logo.png","width":451,"height":98,"caption":"KidsPlay"},"image":{"@id":"https:\/\/kidsplay.lt\/#\/schema\/logo\/image\/"},"sameAs":["https:\/\/www.facebook.com\/www.kidsplay.lt"]}]}},"_links":{"self":[{"href":"https:\/\/kidsplay.lt\/lv\/wp-json\/wp\/v2\/product\/90291","targetHints":{"allow":["GET"]}}],"collection":[{"href":"https:\/\/kidsplay.lt\/lv\/wp-json\/wp\/v2\/product"}],"about":[{"href":"https:\/\/kidsplay.lt\/lv\/wp-json\/wp\/v2\/types\/product"}],"version-history":[{"count":1,"href":"https:\/\/kidsplay.lt\/lv\/wp-json\/wp\/v2\/product\/90291\/revisions"}],"predecessor-version":[{"id":90292,"href":"https:\/\/kidsplay.lt\/lv\/wp-json\/wp\/v2\/product\/90291\/revisions\/90292"}],"wp:featuredmedia":[{"embeddable":true,"href":"https:\/\/kidsplay.lt\/lv\/wp-json\/wp\/v2\/media\/66947"}],"wp:attachment":[{"href":"https:\/\/kidsplay.lt\/lv\/wp-json\/wp\/v2\/media?parent=90291"}],"wp:term":[{"taxonomy":"product_brand","embeddable":true,"href":"https:\/\/kidsplay.lt\/lv\/wp-json\/wp\/v2\/product_brand?post=90291"},{"taxonomy":"product_cat","embeddable":true,"href":"https:\/\/kidsplay.lt\/lv\/wp-json\/wp\/v2\/product_cat?post=90291"},{"taxonomy":"product_tag","embeddable":true,"href":"https:\/\/kidsplay.lt\/lv\/wp-json\/wp\/v2\/product_tag?post=90291"}],"curies":[{"name":"wp","href":"https:\/\/api.w.org\/{rel}","templated":true}]}}