{"id":90305,"date":"2026-02-26T09:42:10","date_gmt":"2026-02-26T07:42:10","guid":{"rendered":"https:\/\/kidsplay.lt\/produktas\/_zaidimu-aikstele-su-ciuozykla-ir-mediniu-stalu\/"},"modified":"2026-04-13T15:19:38","modified_gmt":"2026-04-13T12:19:38","slug":"zaidimu-aikstele-su-ciuozykla-ir-mediniu-stalu","status":"publish","type":"product","link":"https:\/\/kidsplay.lt\/lv\/products\/zaidimu-aikstele-su-ciuozykla-ir-mediniu-stalu\/","title":{"rendered":"Rota\u013cu laukums ar slidkalni\u0146u un koka galdu"},"content":{"rendered":"<p>Feber \u017eaidim\u0173 aik\u0161tel\u0117 su \u010diuo\u017eykla ir stalu\u00a0\u00a0\u2013 tai spalvinga, stabili \u017eaidim\u0173 aik\u0161tel\u0117, kupina netik\u0117tum\u0173, leisianti vaikams patirti sportini\u0173 emocij\u0173. Jis u\u017etikrins reikiam\u0105 pratim\u0173 kiek\u012f ir ugdys fizin\u012f pasirengim\u0105 laikantis saugos taisykli\u0173. Pagaminta remiantis naujausiomis technologijomis ir auk\u0161\u010diausiais saugumo standartais. Linksmyb\u0117s garantuotos!\u00a0<\/p>\n<p>Raksturojums:\u00a0<\/p>\n<p> \t&#8211; didelis\u00a0\u00a0medinis namelis vaikams\u00a0\u00a0puikiai papildys nam\u0173 \u017eaidim\u0173 aik\u0161tel\u0119,<br \/>\n \t&#8211; \u017eaidim\u0173 aik\u0161tel\u0117je \u012frengta\u00a0\u00a0banguota \u010diuo\u017eykla, kurios \u010diuo\u017eyklos ilgis 161 cm,<br \/>\n \t&#8211; papildoma atrakcija yra\u00a0\u00a0stalas ir suoliukas, kuriuos galima nustatyti \u012f dvi pozicijas,<br \/>\n \t\u00a0&#8211; dvi sienos &#8211; kop\u0117\u010dios veda\u00a0\u012f vir\u0161utin\u0119 platform\u0105,<br \/>\n \t\u00a0&#8211; anti-UV\u00a0danga\u00a0\u00a0&#8211; nekei\u010dia spalv\u0173 saul\u0117s spinduli\u0173 \u012ftakoje,<br \/>\n \t&#8211; savaranki\u0161ko surinkimo komplektas.<\/p>\n<p>\u201eFeber\u201c\u00a0\u00a0yra garsi Ispanijos \u012fmon\u0117, veikianti kelis de\u0161imtme\u010dius ir savo gamini\u0173 d\u0117ka sukurianti daug galimybi\u0173 k\u016brybi\u0161kam \u017eaidimui. K\u016brybi\u0161kumas, naujov\u0117s ir saugumas yra pagrindin\u0117s Feber prielaidos. \u012e pasi\u016blym\u0105 taip pat \u012ftraukti licencijuoti \u017eaislai. D\u0117mesys auk\u0161tai \u017eaisl\u0173 kokybei ir ilgaam\u017ei\u0161kumui yra gamybos pagrindas. Visi \u017eaislai pagaminti pagal Europos saugos standartus Gaminys skirtas naudoti tik namuose.<\/p>","protected":false},"excerpt":{"rendered":"<p>Feber \u017eaidim\u0173 aik\u0161tel\u0117 su \u010diuo\u017eykla ir stalu\u00a0\u00a0\u2013 tai spalvinga, stabili \u017eaidim\u0173 aik\u0161tel\u0117, kupina netik\u0117tum\u0173, leisianti vaikams patirti sportini\u0173 emocij\u0173. Jis<\/p>","protected":false},"featured_media":58055,"template":"","meta":{"_acf_changed":false,"_glsr_average":0,"_glsr_ranking":0,"_glsr_reviews":0},"product_brand":[],"product_cat":[233,382],"product_tag":[],"class_list":{"0":"post-90305","1":"product","2":"type-product","3":"status-publish","4":"has-post-thumbnail","6":"product_cat-lauko-pramogos","7":"product_cat-zaidimu-aiksteles","8":"\"style=\"background-color: #2ecc711c;\"","10":"first","11":"instock","12":"purchasable","13":"product-type-simple"},"acf":[],"yoast_head":"<!-- This site is optimized with the Yoast SEO plugin v27.4 - https:\/\/yoast.com\/product\/yoast-seo-wordpress\/ -->\n<title>_\u017daidim\u0173 aik\u0161tel\u0117 su \u010diuo\u017eykla ir mediniu stalu<\/title>\n<meta name=\"description\" content=\"_\u017daidim\u0173 aik\u0161tel\u0117 su \u010diuo\u017eykla ir mediniu stalu - KidsPlay. Did\u017eiausias vaik\u0173 \u017eaisl\u0173 pasirinkimas.\" \/>\n<meta name=\"robots\" content=\"index, follow, max-snippet:-1, max-image-preview:large, max-video-preview:-1\" \/>\n<link rel=\"canonical\" href=\"https:\/\/kidsplay.lt\/lv\/products\/zaidimu-aikstele-su-ciuozykla-ir-mediniu-stalu\/\" \/>\n<meta property=\"og:locale\" content=\"lv_LV\" \/>\n<meta property=\"og:type\" content=\"article\" \/>\n<meta property=\"og:title\" content=\"_\u017daidim\u0173 aik\u0161tel\u0117 su \u010diuo\u017eykla ir mediniu stalu\" \/>\n<meta property=\"og:description\" content=\"_\u017daidim\u0173 aik\u0161tel\u0117 su \u010diuo\u017eykla ir mediniu stalu - KidsPlay. Did\u017eiausias vaik\u0173 \u017eaisl\u0173 pasirinkimas.\" \/>\n<meta property=\"og:url\" content=\"https:\/\/kidsplay.lt\/lv\/products\/zaidimu-aikstele-su-ciuozykla-ir-mediniu-stalu\/\" \/>\n<meta property=\"og:site_name\" content=\"KidsPlay\" \/>\n<meta property=\"article:publisher\" content=\"https:\/\/www.facebook.com\/www.kidsplay.lt\" \/>\n<meta property=\"article:modified_time\" content=\"2026-04-13T12:19:38+00:00\" \/>\n<meta property=\"og:image\" content=\"https:\/\/kidsplay.lt\/wp-content\/uploads\/2024\/11\/Zaidimu-aikstele-su-ciuozykla-ir-mediniu-stalu.jpg\" \/>\n\t<meta property=\"og:image:width\" content=\"1000\" \/>\n\t<meta property=\"og:image:height\" content=\"1000\" \/>\n\t<meta property=\"og:image:type\" content=\"image\/jpeg\" \/>\n<meta name=\"twitter:card\" content=\"summary_large_image\" \/>\n<meta name=\"twitter:label1\" content=\"Est. reading time\" \/>\n\t<meta name=\"twitter:data1\" content=\"1 min\u016bte\" \/>\n<script type=\"application\/ld+json\" class=\"yoast-schema-graph\">{\"@context\":\"https:\\\/\\\/schema.org\",\"@graph\":[{\"@type\":\"WebPage\",\"@id\":\"https:\\\/\\\/kidsplay.lt\\\/produktas\\\/zaidimu-aikstele-su-ciuozykla-ir-mediniu-stalu\\\/\",\"url\":\"https:\\\/\\\/kidsplay.lt\\\/produktas\\\/zaidimu-aikstele-su-ciuozykla-ir-mediniu-stalu\\\/\",\"name\":\"_\u017daidim\u0173 aik\u0161tel\u0117 su \u010diuo\u017eykla ir mediniu stalu\",\"isPartOf\":{\"@id\":\"https:\\\/\\\/kidsplay.lt\\\/#website\"},\"primaryImageOfPage\":{\"@id\":\"https:\\\/\\\/kidsplay.lt\\\/produktas\\\/zaidimu-aikstele-su-ciuozykla-ir-mediniu-stalu\\\/#primaryimage\"},\"image\":{\"@id\":\"https:\\\/\\\/kidsplay.lt\\\/produktas\\\/zaidimu-aikstele-su-ciuozykla-ir-mediniu-stalu\\\/#primaryimage\"},\"thumbnailUrl\":\"https:\\\/\\\/kidsplay.lt\\\/wp-content\\\/uploads\\\/2024\\\/11\\\/Zaidimu-aikstele-su-ciuozykla-ir-mediniu-stalu.jpg\",\"datePublished\":\"2026-02-26T07:42:10+00:00\",\"dateModified\":\"2026-04-13T12:19:38+00:00\",\"description\":\"_\u017daidim\u0173 aik\u0161tel\u0117 su \u010diuo\u017eykla ir mediniu stalu - KidsPlay. Did\u017eiausias vaik\u0173 \u017eaisl\u0173 pasirinkimas.\",\"breadcrumb\":{\"@id\":\"https:\\\/\\\/kidsplay.lt\\\/produktas\\\/zaidimu-aikstele-su-ciuozykla-ir-mediniu-stalu\\\/#breadcrumb\"},\"inLanguage\":\"lv-LV\",\"potentialAction\":[{\"@type\":\"ReadAction\",\"target\":[\"https:\\\/\\\/kidsplay.lt\\\/produktas\\\/zaidimu-aikstele-su-ciuozykla-ir-mediniu-stalu\\\/\"]}]},{\"@type\":\"ImageObject\",\"inLanguage\":\"lv-LV\",\"@id\":\"https:\\\/\\\/kidsplay.lt\\\/produktas\\\/zaidimu-aikstele-su-ciuozykla-ir-mediniu-stalu\\\/#primaryimage\",\"url\":\"https:\\\/\\\/kidsplay.lt\\\/wp-content\\\/uploads\\\/2024\\\/11\\\/Zaidimu-aikstele-su-ciuozykla-ir-mediniu-stalu.jpg\",\"contentUrl\":\"https:\\\/\\\/kidsplay.lt\\\/wp-content\\\/uploads\\\/2024\\\/11\\\/Zaidimu-aikstele-su-ciuozykla-ir-mediniu-stalu.jpg\",\"width\":1000,\"height\":1000,\"caption\":\"_\u017daidim\u0173 aik\u0161tel\u0117 su \u010diuo\u017eykla ir mediniu stalu\"},{\"@type\":\"BreadcrumbList\",\"@id\":\"https:\\\/\\\/kidsplay.lt\\\/produktas\\\/zaidimu-aikstele-su-ciuozykla-ir-mediniu-stalu\\\/#breadcrumb\",\"itemListElement\":[{\"@type\":\"ListItem\",\"position\":1,\"name\":\"Pagrindinis\",\"item\":\"https:\\\/\\\/kidsplay.lt\\\/\"},{\"@type\":\"ListItem\",\"position\":2,\"name\":\"Parduotuv\u0117\",\"item\":\"https:\\\/\\\/kidsplay.lt\\\/parduotuve\\\/\"},{\"@type\":\"ListItem\",\"position\":3,\"name\":\"\u017daidim\u0173 aik\u0161tel\u0117 su \u010diuo\u017eykla ir mediniu stalu\"}]},{\"@type\":\"WebSite\",\"@id\":\"https:\\\/\\\/kidsplay.lt\\\/#website\",\"url\":\"https:\\\/\\\/kidsplay.lt\\\/\",\"name\":\"Kidsplay.lt\",\"description\":\"\u012evairios prek\u0117s vaikams\",\"publisher\":{\"@id\":\"https:\\\/\\\/kidsplay.lt\\\/#organization\"},\"alternateName\":\"Kidsplay\",\"potentialAction\":[{\"@type\":\"SearchAction\",\"target\":{\"@type\":\"EntryPoint\",\"urlTemplate\":\"https:\\\/\\\/kidsplay.lt\\\/?s={search_term_string}\"},\"query-input\":{\"@type\":\"PropertyValueSpecification\",\"valueRequired\":true,\"valueName\":\"search_term_string\"}}],\"inLanguage\":\"lv-LV\"},{\"@type\":\"Organization\",\"@id\":\"https:\\\/\\\/kidsplay.lt\\\/#organization\",\"name\":\"KidsPlay\",\"url\":\"https:\\\/\\\/kidsplay.lt\\\/\",\"logo\":{\"@type\":\"ImageObject\",\"inLanguage\":\"lv-LV\",\"@id\":\"https:\\\/\\\/kidsplay.lt\\\/#\\\/schema\\\/logo\\\/image\\\/\",\"url\":\"https:\\\/\\\/kidsplay.lt\\\/wp-content\\\/uploads\\\/2023\\\/07\\\/kidsplay-logo.png\",\"contentUrl\":\"https:\\\/\\\/kidsplay.lt\\\/wp-content\\\/uploads\\\/2023\\\/07\\\/kidsplay-logo.png\",\"width\":451,\"height\":98,\"caption\":\"KidsPlay\"},\"image\":{\"@id\":\"https:\\\/\\\/kidsplay.lt\\\/#\\\/schema\\\/logo\\\/image\\\/\"},\"sameAs\":[\"https:\\\/\\\/www.facebook.com\\\/www.kidsplay.lt\"]}]}<\/script>\n<!-- \/ Yoast SEO plugin. -->","yoast_head_json":{"title":"Rota\u013cu laukums ar slidkalni\u0146u un koka galdu","description":"_\u017daidim\u0173 aik\u0161tel\u0117 su \u010diuo\u017eykla ir mediniu stalu - KidsPlay. Did\u017eiausias vaik\u0173 \u017eaisl\u0173 pasirinkimas.","robots":{"index":"index","follow":"follow","max-snippet":"max-snippet:-1","max-image-preview":"max-image-preview:large","max-video-preview":"max-video-preview:-1"},"canonical":"https:\/\/kidsplay.lt\/lv\/products\/zaidimu-aikstele-su-ciuozykla-ir-mediniu-stalu\/","og_locale":"lv_LV","og_type":"article","og_title":"_\u017daidim\u0173 aik\u0161tel\u0117 su \u010diuo\u017eykla ir mediniu stalu","og_description":"_\u017daidim\u0173 aik\u0161tel\u0117 su \u010diuo\u017eykla ir mediniu stalu - KidsPlay. Did\u017eiausias vaik\u0173 \u017eaisl\u0173 pasirinkimas.","og_url":"https:\/\/kidsplay.lt\/lv\/products\/zaidimu-aikstele-su-ciuozykla-ir-mediniu-stalu\/","og_site_name":"KidsPlay","article_publisher":"https:\/\/www.facebook.com\/www.kidsplay.lt","article_modified_time":"2026-04-13T12:19:38+00:00","og_image":[{"width":1000,"height":1000,"url":"https:\/\/kidsplay.lt\/wp-content\/uploads\/2024\/11\/Zaidimu-aikstele-su-ciuozykla-ir-mediniu-stalu.jpg","type":"image\/jpeg"}],"twitter_card":"summary_large_image","twitter_misc":{"Est. reading time":"1 min\u016bte"},"schema":{"@context":"https:\/\/schema.org","@graph":[{"@type":"WebPage","@id":"https:\/\/kidsplay.lt\/produktas\/zaidimu-aikstele-su-ciuozykla-ir-mediniu-stalu\/","url":"https:\/\/kidsplay.lt\/produktas\/zaidimu-aikstele-su-ciuozykla-ir-mediniu-stalu\/","name":"Rota\u013cu laukums ar slidkalni\u0146u un koka galdu","isPartOf":{"@id":"https:\/\/kidsplay.lt\/#website"},"primaryImageOfPage":{"@id":"https:\/\/kidsplay.lt\/produktas\/zaidimu-aikstele-su-ciuozykla-ir-mediniu-stalu\/#primaryimage"},"image":{"@id":"https:\/\/kidsplay.lt\/produktas\/zaidimu-aikstele-su-ciuozykla-ir-mediniu-stalu\/#primaryimage"},"thumbnailUrl":"https:\/\/kidsplay.lt\/wp-content\/uploads\/2024\/11\/Zaidimu-aikstele-su-ciuozykla-ir-mediniu-stalu.jpg","datePublished":"2026-02-26T07:42:10+00:00","dateModified":"2026-04-13T12:19:38+00:00","description":"_\u017daidim\u0173 aik\u0161tel\u0117 su \u010diuo\u017eykla ir mediniu stalu - KidsPlay. Did\u017eiausias vaik\u0173 \u017eaisl\u0173 pasirinkimas.","breadcrumb":{"@id":"https:\/\/kidsplay.lt\/produktas\/zaidimu-aikstele-su-ciuozykla-ir-mediniu-stalu\/#breadcrumb"},"inLanguage":"lv-LV","potentialAction":[{"@type":"ReadAction","target":["https:\/\/kidsplay.lt\/produktas\/zaidimu-aikstele-su-ciuozykla-ir-mediniu-stalu\/"]}]},{"@type":"ImageObject","inLanguage":"lv-LV","@id":"https:\/\/kidsplay.lt\/produktas\/zaidimu-aikstele-su-ciuozykla-ir-mediniu-stalu\/#primaryimage","url":"https:\/\/kidsplay.lt\/wp-content\/uploads\/2024\/11\/Zaidimu-aikstele-su-ciuozykla-ir-mediniu-stalu.jpg","contentUrl":"https:\/\/kidsplay.lt\/wp-content\/uploads\/2024\/11\/Zaidimu-aikstele-su-ciuozykla-ir-mediniu-stalu.jpg","width":1000,"height":1000,"caption":"_\u017daidim\u0173 aik\u0161tel\u0117 su \u010diuo\u017eykla ir mediniu stalu"},{"@type":"BreadcrumbList","@id":"https:\/\/kidsplay.lt\/produktas\/zaidimu-aikstele-su-ciuozykla-ir-mediniu-stalu\/#breadcrumb","itemListElement":[{"@type":"ListItem","position":1,"name":"Pagrindinis","item":"https:\/\/kidsplay.lt\/"},{"@type":"ListItem","position":2,"name":"Parduotuv\u0117","item":"https:\/\/kidsplay.lt\/parduotuve\/"},{"@type":"ListItem","position":3,"name":"\u017daidim\u0173 aik\u0161tel\u0117 su \u010diuo\u017eykla ir mediniu stalu"}]},{"@type":"WebSite","@id":"https:\/\/kidsplay.lt\/#website","url":"https:\/\/kidsplay.lt\/","name":"B\u0113rnu sp\u0113les.lv","description":"\u012evairios prek\u0117s vaikams","publisher":{"@id":"https:\/\/kidsplay.lt\/#organization"},"alternateName":"Kidsplay","potentialAction":[{"@type":"SearchAction","target":{"@type":"EntryPoint","urlTemplate":"https:\/\/kidsplay.lt\/?s={search_term_string}"},"query-input":{"@type":"PropertyValueSpecification","valueRequired":true,"valueName":"search_term_string"}}],"inLanguage":"lv-LV"},{"@type":"Organization","@id":"https:\/\/kidsplay.lt\/#organization","name":"B\u0113rnu sp\u0113le","url":"https:\/\/kidsplay.lt\/","logo":{"@type":"ImageObject","inLanguage":"lv-LV","@id":"https:\/\/kidsplay.lt\/#\/schema\/logo\/image\/","url":"https:\/\/kidsplay.lt\/wp-content\/uploads\/2023\/07\/kidsplay-logo.png","contentUrl":"https:\/\/kidsplay.lt\/wp-content\/uploads\/2023\/07\/kidsplay-logo.png","width":451,"height":98,"caption":"KidsPlay"},"image":{"@id":"https:\/\/kidsplay.lt\/#\/schema\/logo\/image\/"},"sameAs":["https:\/\/www.facebook.com\/www.kidsplay.lt"]}]}},"_links":{"self":[{"href":"https:\/\/kidsplay.lt\/lv\/wp-json\/wp\/v2\/product\/90305","targetHints":{"allow":["GET"]}}],"collection":[{"href":"https:\/\/kidsplay.lt\/lv\/wp-json\/wp\/v2\/product"}],"about":[{"href":"https:\/\/kidsplay.lt\/lv\/wp-json\/wp\/v2\/types\/product"}],"version-history":[{"count":2,"href":"https:\/\/kidsplay.lt\/lv\/wp-json\/wp\/v2\/product\/90305\/revisions"}],"predecessor-version":[{"id":90800,"href":"https:\/\/kidsplay.lt\/lv\/wp-json\/wp\/v2\/product\/90305\/revisions\/90800"}],"wp:featuredmedia":[{"embeddable":true,"href":"https:\/\/kidsplay.lt\/lv\/wp-json\/wp\/v2\/media\/58055"}],"wp:attachment":[{"href":"https:\/\/kidsplay.lt\/lv\/wp-json\/wp\/v2\/media?parent=90305"}],"wp:term":[{"taxonomy":"product_brand","embeddable":true,"href":"https:\/\/kidsplay.lt\/lv\/wp-json\/wp\/v2\/product_brand?post=90305"},{"taxonomy":"product_cat","embeddable":true,"href":"https:\/\/kidsplay.lt\/lv\/wp-json\/wp\/v2\/product_cat?post=90305"},{"taxonomy":"product_tag","embeddable":true,"href":"https:\/\/kidsplay.lt\/lv\/wp-json\/wp\/v2\/product_tag?post=90305"}],"curies":[{"name":"wp","href":"https:\/\/api.w.org\/{rel}","templated":true}]}}