{"id":90307,"date":"2026-02-26T09:42:13","date_gmt":"2026-02-26T07:42:13","guid":{"rendered":"https:\/\/kidsplay.lt\/produktas\/magnetine-lenta-vaikams-kiskis\/"},"modified":"2026-04-13T15:19:42","modified_gmt":"2026-04-13T12:19:42","slug":"magnetine-lenta-vaikams-kiskis","status":"publish","type":"product","link":"https:\/\/kidsplay.lt\/lv\/products\/magnetine-lenta-vaikams-kiskis\/","title":{"rendered":"Magnetin\u0117 lenta vaikams ki\u0161kis"},"content":{"rendered":"<p>WOOPIE\u00a0prek\u0117s \u017eenklo\u00a0MagPad\u00a0magnetin\u0117 lenta\u00a0atveria j\u016bs\u0173 vaikui duris \u012f k\u016brybi\u0161kumo ir ugdymo pasaul\u012f. D\u0117l \u0161ios unikalios lentos j\u016bs\u0173 vaikas turi galimyb\u0119\u00a0kurti unikalius ra\u0161tus ir mozaikas\u00a0. Rinkinyje, be pa\u010dios lentos, yra magnetinis \u017eymeklis\u00a0, 50\u00a0magnetini\u0173 mygtuk\u0173 k\u016brimui ir\u00a020\u00a0ra\u0161t\u0173 ant 10 dvipusi\u0173 korteli\u0173. Vienintelis apribojimas yra vaizduot\u0117 ir k\u016brybi\u0161kumas \u2013 ma\u017eylis gali laisvai d\u0117lioti ra\u0161tus pagal savo id\u0117jas.\u00a0Mygtukai yra tvirti ir patvar\u016bs\u00a0, o i\u0161d\u0117stymas\u00a0intuityvus ir paprastas\u00a0. \u0160is rinkinys yra ne tik smagus, bet ir puikus\u00a0\u012frankis mokytis\u00a0bei lavinti rankinius \u012fg\u016bd\u017eius, susikaupim\u0105 ir vaizduot\u0119.<\/p>\n<p>\u00a0Gaminio\u00a0charakteristikos<\/p>\n<p>: &#8211; \u017eaislas\u00a0nuo 3 met\u0173<br \/>\n&#8211; yra\u00a050 magnetini\u0173 mygtuk\u0173<br \/>\n&#8211;\u00a0paprasta naudoti\u00a0&#8211; nereikalauja papildom\u0173 \u012franki\u0173<br \/>\n&#8211; sukurkite bet kokius norimus ra\u0161tus!<br \/>\n&#8211;\u00a0skatina k\u016brybi\u0161kum\u0105, vaizduot\u0119\u00a0ir lavina\u00a0rankinius \u012fg\u016bd\u017eius<\/p>","protected":false},"excerpt":{"rendered":"<p>WOOPIE\u00a0prek\u0117s \u017eenklo\u00a0MagPad\u00a0magnetin\u0117 lenta\u00a0atveria j\u016bs\u0173 vaikui duris \u012f k\u016brybi\u0161kumo ir ugdymo pasaul\u012f. D\u0117l \u0161ios unikalios lentos j\u016bs\u0173 vaikas turi galimyb\u0119\u00a0kurti unikalius<\/p>","protected":false},"featured_media":58069,"template":"","meta":{"_acf_changed":false,"_glsr_average":0,"_glsr_ranking":0,"_glsr_reviews":0},"product_brand":[],"product_cat":[388,229],"product_tag":[],"class_list":{"0":"post-90307","1":"product","2":"type-product","3":"status-publish","4":"has-post-thumbnail","6":"product_cat-edukaciniai-lavinamieji-zaislai","7":"product_cat-zaislai-vaikams","8":"\"style=\"background-color: #2ecc711c;\"","10":"first","11":"instock","12":"purchasable","13":"product-type-simple"},"acf":[],"yoast_head":"<!-- This site is optimized with the Yoast SEO plugin v27.3 - https:\/\/yoast.com\/product\/yoast-seo-wordpress\/ -->\n<title>Magnetin\u0117 lenta vaikams ki\u0161kis<\/title>\n<meta name=\"description\" content=\"Magnetin\u0117 lenta vaikams ki\u0161kis - KidsPlay. Did\u017eiausias vaik\u0173 \u017eaisl\u0173 pasirinkimas.\" \/>\n<meta name=\"robots\" content=\"index, follow, max-snippet:-1, max-image-preview:large, max-video-preview:-1\" \/>\n<link rel=\"canonical\" href=\"https:\/\/kidsplay.lt\/lv\/products\/magnetine-lenta-vaikams-kiskis\/\" \/>\n<meta property=\"og:locale\" content=\"lv_LV\" \/>\n<meta property=\"og:type\" content=\"article\" \/>\n<meta property=\"og:title\" content=\"Magnetin\u0117 lenta vaikams ki\u0161kis\" \/>\n<meta property=\"og:description\" content=\"Magnetin\u0117 lenta vaikams ki\u0161kis - KidsPlay. Did\u017eiausias vaik\u0173 \u017eaisl\u0173 pasirinkimas.\" \/>\n<meta property=\"og:url\" content=\"https:\/\/kidsplay.lt\/lv\/products\/magnetine-lenta-vaikams-kiskis\/\" \/>\n<meta property=\"og:site_name\" content=\"KidsPlay\" \/>\n<meta property=\"article:publisher\" content=\"https:\/\/www.facebook.com\/www.kidsplay.lt\" \/>\n<meta property=\"article:modified_time\" content=\"2026-04-13T12:19:42+00:00\" \/>\n<meta property=\"og:image\" content=\"https:\/\/kidsplay.lt\/wp-content\/uploads\/2024\/11\/Magnetine-lenta-vaikams-kiskis.jpg\" \/>\n\t<meta property=\"og:image:width\" content=\"1000\" \/>\n\t<meta property=\"og:image:height\" content=\"1000\" \/>\n\t<meta property=\"og:image:type\" content=\"image\/jpeg\" \/>\n<meta name=\"twitter:card\" content=\"summary_large_image\" \/>\n<meta name=\"twitter:label1\" content=\"Est. reading time\" \/>\n\t<meta name=\"twitter:data1\" content=\"1 min\u016bte\" \/>\n<script type=\"application\/ld+json\" class=\"yoast-schema-graph\">{\"@context\":\"https:\\\/\\\/schema.org\",\"@graph\":[{\"@type\":\"WebPage\",\"@id\":\"https:\\\/\\\/kidsplay.lt\\\/produktas\\\/magnetine-lenta-vaikams-kiskis\\\/\",\"url\":\"https:\\\/\\\/kidsplay.lt\\\/produktas\\\/magnetine-lenta-vaikams-kiskis\\\/\",\"name\":\"Magnetin\u0117 lenta vaikams ki\u0161kis\",\"isPartOf\":{\"@id\":\"https:\\\/\\\/kidsplay.lt\\\/#website\"},\"primaryImageOfPage\":{\"@id\":\"https:\\\/\\\/kidsplay.lt\\\/produktas\\\/magnetine-lenta-vaikams-kiskis\\\/#primaryimage\"},\"image\":{\"@id\":\"https:\\\/\\\/kidsplay.lt\\\/produktas\\\/magnetine-lenta-vaikams-kiskis\\\/#primaryimage\"},\"thumbnailUrl\":\"https:\\\/\\\/kidsplay.lt\\\/wp-content\\\/uploads\\\/2024\\\/11\\\/Magnetine-lenta-vaikams-kiskis.jpg\",\"datePublished\":\"2026-02-26T07:42:13+00:00\",\"dateModified\":\"2026-04-13T12:19:42+00:00\",\"description\":\"Magnetin\u0117 lenta vaikams ki\u0161kis - KidsPlay. Did\u017eiausias vaik\u0173 \u017eaisl\u0173 pasirinkimas.\",\"breadcrumb\":{\"@id\":\"https:\\\/\\\/kidsplay.lt\\\/produktas\\\/magnetine-lenta-vaikams-kiskis\\\/#breadcrumb\"},\"inLanguage\":\"lv-LV\",\"potentialAction\":[{\"@type\":\"ReadAction\",\"target\":[\"https:\\\/\\\/kidsplay.lt\\\/produktas\\\/magnetine-lenta-vaikams-kiskis\\\/\"]}]},{\"@type\":\"ImageObject\",\"inLanguage\":\"lv-LV\",\"@id\":\"https:\\\/\\\/kidsplay.lt\\\/produktas\\\/magnetine-lenta-vaikams-kiskis\\\/#primaryimage\",\"url\":\"https:\\\/\\\/kidsplay.lt\\\/wp-content\\\/uploads\\\/2024\\\/11\\\/Magnetine-lenta-vaikams-kiskis.jpg\",\"contentUrl\":\"https:\\\/\\\/kidsplay.lt\\\/wp-content\\\/uploads\\\/2024\\\/11\\\/Magnetine-lenta-vaikams-kiskis.jpg\",\"width\":1000,\"height\":1000,\"caption\":\"Magnetin\u0117 lenta vaikams ki\u0161kis\"},{\"@type\":\"BreadcrumbList\",\"@id\":\"https:\\\/\\\/kidsplay.lt\\\/produktas\\\/magnetine-lenta-vaikams-kiskis\\\/#breadcrumb\",\"itemListElement\":[{\"@type\":\"ListItem\",\"position\":1,\"name\":\"Pagrindinis\",\"item\":\"https:\\\/\\\/kidsplay.lt\\\/\"},{\"@type\":\"ListItem\",\"position\":2,\"name\":\"Parduotuv\u0117\",\"item\":\"https:\\\/\\\/kidsplay.lt\\\/parduotuve\\\/\"},{\"@type\":\"ListItem\",\"position\":3,\"name\":\"Magnetin\u0117 lenta vaikams ki\u0161kis\"}]},{\"@type\":\"WebSite\",\"@id\":\"https:\\\/\\\/kidsplay.lt\\\/#website\",\"url\":\"https:\\\/\\\/kidsplay.lt\\\/\",\"name\":\"Kidsplay.lt\",\"description\":\"\u012evairios prek\u0117s vaikams\",\"publisher\":{\"@id\":\"https:\\\/\\\/kidsplay.lt\\\/#organization\"},\"alternateName\":\"Kidsplay\",\"potentialAction\":[{\"@type\":\"SearchAction\",\"target\":{\"@type\":\"EntryPoint\",\"urlTemplate\":\"https:\\\/\\\/kidsplay.lt\\\/?s={search_term_string}\"},\"query-input\":{\"@type\":\"PropertyValueSpecification\",\"valueRequired\":true,\"valueName\":\"search_term_string\"}}],\"inLanguage\":\"lv-LV\"},{\"@type\":\"Organization\",\"@id\":\"https:\\\/\\\/kidsplay.lt\\\/#organization\",\"name\":\"KidsPlay\",\"url\":\"https:\\\/\\\/kidsplay.lt\\\/\",\"logo\":{\"@type\":\"ImageObject\",\"inLanguage\":\"lv-LV\",\"@id\":\"https:\\\/\\\/kidsplay.lt\\\/#\\\/schema\\\/logo\\\/image\\\/\",\"url\":\"https:\\\/\\\/kidsplay.lt\\\/wp-content\\\/uploads\\\/2023\\\/07\\\/kidsplay-logo.png\",\"contentUrl\":\"https:\\\/\\\/kidsplay.lt\\\/wp-content\\\/uploads\\\/2023\\\/07\\\/kidsplay-logo.png\",\"width\":451,\"height\":98,\"caption\":\"KidsPlay\"},\"image\":{\"@id\":\"https:\\\/\\\/kidsplay.lt\\\/#\\\/schema\\\/logo\\\/image\\\/\"},\"sameAs\":[\"https:\\\/\\\/www.facebook.com\\\/www.kidsplay.lt\"]}]}<\/script>\n<!-- \/ Yoast SEO plugin. -->","yoast_head_json":{"title":"Magnetin\u0117 lenta vaikams ki\u0161kis","description":"Magnetin\u0117 lenta vaikams ki\u0161kis - KidsPlay. Did\u017eiausias vaik\u0173 \u017eaisl\u0173 pasirinkimas.","robots":{"index":"index","follow":"follow","max-snippet":"max-snippet:-1","max-image-preview":"max-image-preview:large","max-video-preview":"max-video-preview:-1"},"canonical":"https:\/\/kidsplay.lt\/lv\/products\/magnetine-lenta-vaikams-kiskis\/","og_locale":"lv_LV","og_type":"article","og_title":"Magnetin\u0117 lenta vaikams ki\u0161kis","og_description":"Magnetin\u0117 lenta vaikams ki\u0161kis - KidsPlay. Did\u017eiausias vaik\u0173 \u017eaisl\u0173 pasirinkimas.","og_url":"https:\/\/kidsplay.lt\/lv\/products\/magnetine-lenta-vaikams-kiskis\/","og_site_name":"KidsPlay","article_publisher":"https:\/\/www.facebook.com\/www.kidsplay.lt","article_modified_time":"2026-04-13T12:19:42+00:00","og_image":[{"width":1000,"height":1000,"url":"https:\/\/kidsplay.lt\/wp-content\/uploads\/2024\/11\/Magnetine-lenta-vaikams-kiskis.jpg","type":"image\/jpeg"}],"twitter_card":"summary_large_image","twitter_misc":{"Est. reading time":"1 min\u016bte"},"schema":{"@context":"https:\/\/schema.org","@graph":[{"@type":"WebPage","@id":"https:\/\/kidsplay.lt\/produktas\/magnetine-lenta-vaikams-kiskis\/","url":"https:\/\/kidsplay.lt\/produktas\/magnetine-lenta-vaikams-kiskis\/","name":"Magnetin\u0117 lenta vaikams ki\u0161kis","isPartOf":{"@id":"https:\/\/kidsplay.lt\/#website"},"primaryImageOfPage":{"@id":"https:\/\/kidsplay.lt\/produktas\/magnetine-lenta-vaikams-kiskis\/#primaryimage"},"image":{"@id":"https:\/\/kidsplay.lt\/produktas\/magnetine-lenta-vaikams-kiskis\/#primaryimage"},"thumbnailUrl":"https:\/\/kidsplay.lt\/wp-content\/uploads\/2024\/11\/Magnetine-lenta-vaikams-kiskis.jpg","datePublished":"2026-02-26T07:42:13+00:00","dateModified":"2026-04-13T12:19:42+00:00","description":"Magnetin\u0117 lenta vaikams ki\u0161kis - KidsPlay. Did\u017eiausias vaik\u0173 \u017eaisl\u0173 pasirinkimas.","breadcrumb":{"@id":"https:\/\/kidsplay.lt\/produktas\/magnetine-lenta-vaikams-kiskis\/#breadcrumb"},"inLanguage":"lv-LV","potentialAction":[{"@type":"ReadAction","target":["https:\/\/kidsplay.lt\/produktas\/magnetine-lenta-vaikams-kiskis\/"]}]},{"@type":"ImageObject","inLanguage":"lv-LV","@id":"https:\/\/kidsplay.lt\/produktas\/magnetine-lenta-vaikams-kiskis\/#primaryimage","url":"https:\/\/kidsplay.lt\/wp-content\/uploads\/2024\/11\/Magnetine-lenta-vaikams-kiskis.jpg","contentUrl":"https:\/\/kidsplay.lt\/wp-content\/uploads\/2024\/11\/Magnetine-lenta-vaikams-kiskis.jpg","width":1000,"height":1000,"caption":"Magnetin\u0117 lenta vaikams ki\u0161kis"},{"@type":"BreadcrumbList","@id":"https:\/\/kidsplay.lt\/produktas\/magnetine-lenta-vaikams-kiskis\/#breadcrumb","itemListElement":[{"@type":"ListItem","position":1,"name":"Pagrindinis","item":"https:\/\/kidsplay.lt\/"},{"@type":"ListItem","position":2,"name":"Parduotuv\u0117","item":"https:\/\/kidsplay.lt\/parduotuve\/"},{"@type":"ListItem","position":3,"name":"Magnetin\u0117 lenta vaikams ki\u0161kis"}]},{"@type":"WebSite","@id":"https:\/\/kidsplay.lt\/#website","url":"https:\/\/kidsplay.lt\/","name":"B\u0113rnu sp\u0113les.lv","description":"\u012evairios prek\u0117s vaikams","publisher":{"@id":"https:\/\/kidsplay.lt\/#organization"},"alternateName":"Kidsplay","potentialAction":[{"@type":"SearchAction","target":{"@type":"EntryPoint","urlTemplate":"https:\/\/kidsplay.lt\/?s={search_term_string}"},"query-input":{"@type":"PropertyValueSpecification","valueRequired":true,"valueName":"search_term_string"}}],"inLanguage":"lv-LV"},{"@type":"Organization","@id":"https:\/\/kidsplay.lt\/#organization","name":"B\u0113rnu sp\u0113le","url":"https:\/\/kidsplay.lt\/","logo":{"@type":"ImageObject","inLanguage":"lv-LV","@id":"https:\/\/kidsplay.lt\/#\/schema\/logo\/image\/","url":"https:\/\/kidsplay.lt\/wp-content\/uploads\/2023\/07\/kidsplay-logo.png","contentUrl":"https:\/\/kidsplay.lt\/wp-content\/uploads\/2023\/07\/kidsplay-logo.png","width":451,"height":98,"caption":"KidsPlay"},"image":{"@id":"https:\/\/kidsplay.lt\/#\/schema\/logo\/image\/"},"sameAs":["https:\/\/www.facebook.com\/www.kidsplay.lt"]}]}},"_links":{"self":[{"href":"https:\/\/kidsplay.lt\/lv\/wp-json\/wp\/v2\/product\/90307","targetHints":{"allow":["GET"]}}],"collection":[{"href":"https:\/\/kidsplay.lt\/lv\/wp-json\/wp\/v2\/product"}],"about":[{"href":"https:\/\/kidsplay.lt\/lv\/wp-json\/wp\/v2\/types\/product"}],"version-history":[{"count":1,"href":"https:\/\/kidsplay.lt\/lv\/wp-json\/wp\/v2\/product\/90307\/revisions"}],"predecessor-version":[{"id":90308,"href":"https:\/\/kidsplay.lt\/lv\/wp-json\/wp\/v2\/product\/90307\/revisions\/90308"}],"wp:featuredmedia":[{"embeddable":true,"href":"https:\/\/kidsplay.lt\/lv\/wp-json\/wp\/v2\/media\/58069"}],"wp:attachment":[{"href":"https:\/\/kidsplay.lt\/lv\/wp-json\/wp\/v2\/media?parent=90307"}],"wp:term":[{"taxonomy":"product_brand","embeddable":true,"href":"https:\/\/kidsplay.lt\/lv\/wp-json\/wp\/v2\/product_brand?post=90307"},{"taxonomy":"product_cat","embeddable":true,"href":"https:\/\/kidsplay.lt\/lv\/wp-json\/wp\/v2\/product_cat?post=90307"},{"taxonomy":"product_tag","embeddable":true,"href":"https:\/\/kidsplay.lt\/lv\/wp-json\/wp\/v2\/product_tag?post=90307"}],"curies":[{"name":"wp","href":"https:\/\/api.w.org\/{rel}","templated":true}]}}