{"id":90311,"date":"2026-02-26T09:42:18","date_gmt":"2026-02-26T07:42:18","guid":{"rendered":"https:\/\/kidsplay.lt\/produktas\/woopie-baby-vonios-zaislu-rinkinys-puodelis-antis-ir-muilo-dozatorius-2\/"},"modified":"2026-04-07T10:55:31","modified_gmt":"2026-04-07T07:55:31","slug":"woopie-baby-vonios-zaislu-rinkinys-puodelis-antis-ir-muilo-dozatorius-2","status":"publish","type":"product","link":"https:\/\/kidsplay.lt\/lv\/products\/woopie-baby-vonios-zaislu-rinkinys-puodelis-antis-ir-muilo-dozatorius-2\/","title":{"rendered":"WOOPIE BABY vannas rota\u013clietu komplekts: kr\u016bz\u012bte, p\u012ble un ziepju dozators"},"content":{"rendered":"<p>WOOPIE\u00a0vonios\u00a0\u017eaisl\u0173 rinkinys\u00a0yra ne tik \u017eaislas, bet ir b\u016bdas paversti kasdienes maudynes tikru nuotykiu! Rinkin\u012f sudaro \u017eavinga antis, \u017eavus muilo dozatorius ir spalvingas puodelis. \u0160i\u00a0novatori\u0161ka muilin\u0117\u00a0yra\u00a0daugiau nei tik muilo dozatorius!\u00a0\u012erengtas putojimo funkcija,\u00a0jis paver\u010dia\u00a0\u012fprast\u0105\u00a0muil\u0105\u00a0\u0161velniomis\u00a0, puriomis putomis\u00a0, kurios ne tik puikiai valo, bet ir suteikia daug d\u017eiaugsmo j\u016bs\u0173 ma\u017eyliui. Ner\u016bpestinga ir pl\u016bduriuojanti\u00a0antis\u00a0paskatins kiekvien\u0105 vaik\u0105 pasisemti k\u016brybi\u0161kumo, o\u00a0perpildymo puodelis\u00a0yra dar vienas stebuklingas elementas, leid\u017eiantis vaikams m\u0117gautis nesibaigian\u010diais vandens \u017eaidimais \u2013 ma\u017eyliai gali pilti vanden\u012f i\u0161 vienos vietos \u012f kit\u0105, steb\u0117dami besikei\u010dian\u010di\u0105 t\u0117km\u0119.<\/p>\n<p>Rakstur\u012bgs:<\/p>\n<p> \t&#8211; \u017daislas\u00a0nuo 18 m\u0117nesi\u0173 am\u017eiaus<br \/>\n \t&#8211; Puikiai tinka maudyn\u0117ms<br \/>\n \t&#8211;\u00a0Kiekvienas rinkinio elementas yra\u00a0kruop\u0161\u010diai sukurtas atsi\u017evelgiant\u00a0\u012f\u00a0saugum\u0105\u00a0ir\u00a0patogum\u0105<br \/>\n \t&#8211;\u00a0Rinkinyje yra\u00a0puodelis, antis\u00a0ir\u00a0muilo\u00a0dozatorius<br \/>\n \t&#8211; Auk\u0161tos kokyb\u0117s med\u017eiagos<br \/>\n \t&#8211;\u00a0Dozatorius\u00a0putoja muil\u0105, sukurdamas putas<\/p>\n<p>Komplekt\u0101 ietilpst:<\/p>\n<p> \t&#8211; Put\u0173 dozatorius<br \/>\n \t&#8211; Antis maudyn\u0117ms<br \/>\n \t&#8211; Perpildymo puodelis<\/p>\n<p>Rota\u013clieta att\u012bst\u0101s:<\/p>\n<p> \t&#8211; smulkiosios motorikos \u012fg\u016bd\u017eiai,<br \/>\n \t&#8211; aki\u0173-rank\u0173 koordinacija<br \/>\n \t&#8211; prie\u017easties ir pasekm\u0117s supratimas<br \/>\n \t&#8211; socialiniai \u012fg\u016bd\u017eiai<\/p>","protected":false},"excerpt":{"rendered":"<p>WOOPIE\u00a0vonios\u00a0\u017eaisl\u0173 rinkinys\u00a0yra ne tik \u017eaislas, bet ir b\u016bdas paversti kasdienes maudynes tikru nuotykiu! Rinkin\u012f sudaro \u017eavinga antis, \u017eavus muilo dozatorius<\/p>","protected":false},"featured_media":66972,"template":"","meta":{"_acf_changed":false,"_glsr_average":0,"_glsr_ranking":0,"_glsr_reviews":0},"product_brand":[],"product_cat":[440,229],"product_tag":[],"class_list":{"0":"post-90311","1":"product","2":"type-product","3":"status-publish","4":"has-post-thumbnail","6":"product_cat-vonios-zaislai","7":"product_cat-zaislai-vaikams","8":"\"style=\"background-color: #2ecc711c;\"","10":"first","11":"instock","12":"purchasable","13":"product-type-simple"},"acf":[],"yoast_head":"<!-- This site is optimized with the Yoast SEO plugin v27.3 - https:\/\/yoast.com\/product\/yoast-seo-wordpress\/ -->\n<title>WOOPIE BABY vonios \u017eaisl\u0173 rinkinys: puodelis, antis ir muilo dozatorius<\/title>\n<meta name=\"description\" content=\"WOOPIE BABY vonios \u017eaisl\u0173 rinkinys: puodelis, antis ir muilo dozatorius - KidsPlay. Did\u017eiausias vaik\u0173 \u017eaisl\u0173 pasirinkimas.\" \/>\n<meta name=\"robots\" content=\"index, follow, max-snippet:-1, max-image-preview:large, max-video-preview:-1\" \/>\n<link rel=\"canonical\" href=\"https:\/\/kidsplay.lt\/lv\/products\/woopie-baby-vonios-zaislu-rinkinys-puodelis-antis-ir-muilo-dozatorius-2\/\" \/>\n<meta property=\"og:locale\" content=\"lv_LV\" \/>\n<meta property=\"og:type\" content=\"article\" \/>\n<meta property=\"og:title\" content=\"WOOPIE BABY vonios \u017eaisl\u0173 rinkinys: puodelis, antis ir muilo dozatorius\" \/>\n<meta property=\"og:description\" content=\"WOOPIE BABY vonios \u017eaisl\u0173 rinkinys: puodelis, antis ir muilo dozatorius - KidsPlay. Did\u017eiausias vaik\u0173 \u017eaisl\u0173 pasirinkimas.\" \/>\n<meta property=\"og:url\" content=\"https:\/\/kidsplay.lt\/lv\/products\/woopie-baby-vonios-zaislu-rinkinys-puodelis-antis-ir-muilo-dozatorius-2\/\" \/>\n<meta property=\"og:site_name\" content=\"KidsPlay\" \/>\n<meta property=\"article:publisher\" content=\"https:\/\/www.facebook.com\/www.kidsplay.lt\" \/>\n<meta property=\"article:modified_time\" content=\"2026-04-07T07:55:31+00:00\" \/>\n<meta property=\"og:image\" content=\"https:\/\/kidsplay.lt\/wp-content\/uploads\/2025\/09\/WOOPIE-BABY-vonios-zaislu-rinkinys-puodelis-antis-ir-muilo-dozatorius.jpg\" \/>\n\t<meta property=\"og:image:width\" content=\"1000\" \/>\n\t<meta property=\"og:image:height\" content=\"1000\" \/>\n\t<meta property=\"og:image:type\" content=\"image\/jpeg\" \/>\n<meta name=\"twitter:card\" content=\"summary_large_image\" \/>\n<meta name=\"twitter:label1\" content=\"Est. reading time\" \/>\n\t<meta name=\"twitter:data1\" content=\"1 min\u016bte\" \/>\n<script type=\"application\/ld+json\" class=\"yoast-schema-graph\">{\"@context\":\"https:\\\/\\\/schema.org\",\"@graph\":[{\"@type\":\"WebPage\",\"@id\":\"https:\\\/\\\/kidsplay.lt\\\/produktas\\\/woopie-baby-vonios-zaislu-rinkinys-puodelis-antis-ir-muilo-dozatorius-2\\\/\",\"url\":\"https:\\\/\\\/kidsplay.lt\\\/produktas\\\/woopie-baby-vonios-zaislu-rinkinys-puodelis-antis-ir-muilo-dozatorius-2\\\/\",\"name\":\"WOOPIE BABY vonios \u017eaisl\u0173 rinkinys: puodelis, antis ir muilo dozatorius\",\"isPartOf\":{\"@id\":\"https:\\\/\\\/kidsplay.lt\\\/#website\"},\"primaryImageOfPage\":{\"@id\":\"https:\\\/\\\/kidsplay.lt\\\/produktas\\\/woopie-baby-vonios-zaislu-rinkinys-puodelis-antis-ir-muilo-dozatorius-2\\\/#primaryimage\"},\"image\":{\"@id\":\"https:\\\/\\\/kidsplay.lt\\\/produktas\\\/woopie-baby-vonios-zaislu-rinkinys-puodelis-antis-ir-muilo-dozatorius-2\\\/#primaryimage\"},\"thumbnailUrl\":\"https:\\\/\\\/kidsplay.lt\\\/wp-content\\\/uploads\\\/2025\\\/09\\\/WOOPIE-BABY-vonios-zaislu-rinkinys-puodelis-antis-ir-muilo-dozatorius.jpg\",\"datePublished\":\"2026-02-26T07:42:18+00:00\",\"dateModified\":\"2026-04-07T07:55:31+00:00\",\"description\":\"WOOPIE BABY vonios \u017eaisl\u0173 rinkinys: puodelis, antis ir muilo dozatorius - KidsPlay. Did\u017eiausias vaik\u0173 \u017eaisl\u0173 pasirinkimas.\",\"breadcrumb\":{\"@id\":\"https:\\\/\\\/kidsplay.lt\\\/produktas\\\/woopie-baby-vonios-zaislu-rinkinys-puodelis-antis-ir-muilo-dozatorius-2\\\/#breadcrumb\"},\"inLanguage\":\"lv-LV\",\"potentialAction\":[{\"@type\":\"ReadAction\",\"target\":[\"https:\\\/\\\/kidsplay.lt\\\/produktas\\\/woopie-baby-vonios-zaislu-rinkinys-puodelis-antis-ir-muilo-dozatorius-2\\\/\"]}]},{\"@type\":\"ImageObject\",\"inLanguage\":\"lv-LV\",\"@id\":\"https:\\\/\\\/kidsplay.lt\\\/produktas\\\/woopie-baby-vonios-zaislu-rinkinys-puodelis-antis-ir-muilo-dozatorius-2\\\/#primaryimage\",\"url\":\"https:\\\/\\\/kidsplay.lt\\\/wp-content\\\/uploads\\\/2025\\\/09\\\/WOOPIE-BABY-vonios-zaislu-rinkinys-puodelis-antis-ir-muilo-dozatorius.jpg\",\"contentUrl\":\"https:\\\/\\\/kidsplay.lt\\\/wp-content\\\/uploads\\\/2025\\\/09\\\/WOOPIE-BABY-vonios-zaislu-rinkinys-puodelis-antis-ir-muilo-dozatorius.jpg\",\"width\":1000,\"height\":1000,\"caption\":\"WOOPIE BABY vonios \u017eaisl\u0173 rinkinys: puodelis\"},{\"@type\":\"BreadcrumbList\",\"@id\":\"https:\\\/\\\/kidsplay.lt\\\/produktas\\\/woopie-baby-vonios-zaislu-rinkinys-puodelis-antis-ir-muilo-dozatorius-2\\\/#breadcrumb\",\"itemListElement\":[{\"@type\":\"ListItem\",\"position\":1,\"name\":\"Pagrindinis\",\"item\":\"https:\\\/\\\/kidsplay.lt\\\/\"},{\"@type\":\"ListItem\",\"position\":2,\"name\":\"Parduotuv\u0117\",\"item\":\"https:\\\/\\\/kidsplay.lt\\\/parduotuve\\\/\"},{\"@type\":\"ListItem\",\"position\":3,\"name\":\"WOOPIE BABY vonios \u017eaisl\u0173 rinkinys: puodelis, antis ir muilo dozatorius\"}]},{\"@type\":\"WebSite\",\"@id\":\"https:\\\/\\\/kidsplay.lt\\\/#website\",\"url\":\"https:\\\/\\\/kidsplay.lt\\\/\",\"name\":\"Kidsplay.lt\",\"description\":\"\u012evairios prek\u0117s vaikams\",\"publisher\":{\"@id\":\"https:\\\/\\\/kidsplay.lt\\\/#organization\"},\"alternateName\":\"Kidsplay\",\"potentialAction\":[{\"@type\":\"SearchAction\",\"target\":{\"@type\":\"EntryPoint\",\"urlTemplate\":\"https:\\\/\\\/kidsplay.lt\\\/?s={search_term_string}\"},\"query-input\":{\"@type\":\"PropertyValueSpecification\",\"valueRequired\":true,\"valueName\":\"search_term_string\"}}],\"inLanguage\":\"lv-LV\"},{\"@type\":\"Organization\",\"@id\":\"https:\\\/\\\/kidsplay.lt\\\/#organization\",\"name\":\"KidsPlay\",\"url\":\"https:\\\/\\\/kidsplay.lt\\\/\",\"logo\":{\"@type\":\"ImageObject\",\"inLanguage\":\"lv-LV\",\"@id\":\"https:\\\/\\\/kidsplay.lt\\\/#\\\/schema\\\/logo\\\/image\\\/\",\"url\":\"https:\\\/\\\/kidsplay.lt\\\/wp-content\\\/uploads\\\/2023\\\/07\\\/kidsplay-logo.png\",\"contentUrl\":\"https:\\\/\\\/kidsplay.lt\\\/wp-content\\\/uploads\\\/2023\\\/07\\\/kidsplay-logo.png\",\"width\":451,\"height\":98,\"caption\":\"KidsPlay\"},\"image\":{\"@id\":\"https:\\\/\\\/kidsplay.lt\\\/#\\\/schema\\\/logo\\\/image\\\/\"},\"sameAs\":[\"https:\\\/\\\/www.facebook.com\\\/www.kidsplay.lt\"]}]}<\/script>\n<!-- \/ Yoast SEO plugin. -->","yoast_head_json":{"title":"WOOPIE BABY vannas rota\u013clietu komplekts: kr\u016bz\u012bte, p\u012ble un ziepju dozators","description":"WOOPIE BABY vonios \u017eaisl\u0173 rinkinys: puodelis, antis ir muilo dozatorius - KidsPlay. Did\u017eiausias vaik\u0173 \u017eaisl\u0173 pasirinkimas.","robots":{"index":"index","follow":"follow","max-snippet":"max-snippet:-1","max-image-preview":"max-image-preview:large","max-video-preview":"max-video-preview:-1"},"canonical":"https:\/\/kidsplay.lt\/lv\/products\/woopie-baby-vonios-zaislu-rinkinys-puodelis-antis-ir-muilo-dozatorius-2\/","og_locale":"lv_LV","og_type":"article","og_title":"WOOPIE BABY vonios \u017eaisl\u0173 rinkinys: puodelis, antis ir muilo dozatorius","og_description":"WOOPIE BABY vonios \u017eaisl\u0173 rinkinys: puodelis, antis ir muilo dozatorius - KidsPlay. Did\u017eiausias vaik\u0173 \u017eaisl\u0173 pasirinkimas.","og_url":"https:\/\/kidsplay.lt\/lv\/products\/woopie-baby-vonios-zaislu-rinkinys-puodelis-antis-ir-muilo-dozatorius-2\/","og_site_name":"KidsPlay","article_publisher":"https:\/\/www.facebook.com\/www.kidsplay.lt","article_modified_time":"2026-04-07T07:55:31+00:00","og_image":[{"width":1000,"height":1000,"url":"https:\/\/kidsplay.lt\/wp-content\/uploads\/2025\/09\/WOOPIE-BABY-vonios-zaislu-rinkinys-puodelis-antis-ir-muilo-dozatorius.jpg","type":"image\/jpeg"}],"twitter_card":"summary_large_image","twitter_misc":{"Est. reading time":"1 min\u016bte"},"schema":{"@context":"https:\/\/schema.org","@graph":[{"@type":"WebPage","@id":"https:\/\/kidsplay.lt\/produktas\/woopie-baby-vonios-zaislu-rinkinys-puodelis-antis-ir-muilo-dozatorius-2\/","url":"https:\/\/kidsplay.lt\/produktas\/woopie-baby-vonios-zaislu-rinkinys-puodelis-antis-ir-muilo-dozatorius-2\/","name":"WOOPIE BABY vannas rota\u013clietu komplekts: kr\u016bz\u012bte, p\u012ble un ziepju dozators","isPartOf":{"@id":"https:\/\/kidsplay.lt\/#website"},"primaryImageOfPage":{"@id":"https:\/\/kidsplay.lt\/produktas\/woopie-baby-vonios-zaislu-rinkinys-puodelis-antis-ir-muilo-dozatorius-2\/#primaryimage"},"image":{"@id":"https:\/\/kidsplay.lt\/produktas\/woopie-baby-vonios-zaislu-rinkinys-puodelis-antis-ir-muilo-dozatorius-2\/#primaryimage"},"thumbnailUrl":"https:\/\/kidsplay.lt\/wp-content\/uploads\/2025\/09\/WOOPIE-BABY-vonios-zaislu-rinkinys-puodelis-antis-ir-muilo-dozatorius.jpg","datePublished":"2026-02-26T07:42:18+00:00","dateModified":"2026-04-07T07:55:31+00:00","description":"WOOPIE BABY vonios \u017eaisl\u0173 rinkinys: puodelis, antis ir muilo dozatorius - KidsPlay. Did\u017eiausias vaik\u0173 \u017eaisl\u0173 pasirinkimas.","breadcrumb":{"@id":"https:\/\/kidsplay.lt\/produktas\/woopie-baby-vonios-zaislu-rinkinys-puodelis-antis-ir-muilo-dozatorius-2\/#breadcrumb"},"inLanguage":"lv-LV","potentialAction":[{"@type":"ReadAction","target":["https:\/\/kidsplay.lt\/produktas\/woopie-baby-vonios-zaislu-rinkinys-puodelis-antis-ir-muilo-dozatorius-2\/"]}]},{"@type":"ImageObject","inLanguage":"lv-LV","@id":"https:\/\/kidsplay.lt\/produktas\/woopie-baby-vonios-zaislu-rinkinys-puodelis-antis-ir-muilo-dozatorius-2\/#primaryimage","url":"https:\/\/kidsplay.lt\/wp-content\/uploads\/2025\/09\/WOOPIE-BABY-vonios-zaislu-rinkinys-puodelis-antis-ir-muilo-dozatorius.jpg","contentUrl":"https:\/\/kidsplay.lt\/wp-content\/uploads\/2025\/09\/WOOPIE-BABY-vonios-zaislu-rinkinys-puodelis-antis-ir-muilo-dozatorius.jpg","width":1000,"height":1000,"caption":"WOOPIE BABY vonios \u017eaisl\u0173 rinkinys: puodelis"},{"@type":"BreadcrumbList","@id":"https:\/\/kidsplay.lt\/produktas\/woopie-baby-vonios-zaislu-rinkinys-puodelis-antis-ir-muilo-dozatorius-2\/#breadcrumb","itemListElement":[{"@type":"ListItem","position":1,"name":"Pagrindinis","item":"https:\/\/kidsplay.lt\/"},{"@type":"ListItem","position":2,"name":"Parduotuv\u0117","item":"https:\/\/kidsplay.lt\/parduotuve\/"},{"@type":"ListItem","position":3,"name":"WOOPIE BABY vonios \u017eaisl\u0173 rinkinys: puodelis, antis ir muilo dozatorius"}]},{"@type":"WebSite","@id":"https:\/\/kidsplay.lt\/#website","url":"https:\/\/kidsplay.lt\/","name":"B\u0113rnu sp\u0113les.lv","description":"\u012evairios prek\u0117s vaikams","publisher":{"@id":"https:\/\/kidsplay.lt\/#organization"},"alternateName":"Kidsplay","potentialAction":[{"@type":"SearchAction","target":{"@type":"EntryPoint","urlTemplate":"https:\/\/kidsplay.lt\/?s={search_term_string}"},"query-input":{"@type":"PropertyValueSpecification","valueRequired":true,"valueName":"search_term_string"}}],"inLanguage":"lv-LV"},{"@type":"Organization","@id":"https:\/\/kidsplay.lt\/#organization","name":"B\u0113rnu sp\u0113le","url":"https:\/\/kidsplay.lt\/","logo":{"@type":"ImageObject","inLanguage":"lv-LV","@id":"https:\/\/kidsplay.lt\/#\/schema\/logo\/image\/","url":"https:\/\/kidsplay.lt\/wp-content\/uploads\/2023\/07\/kidsplay-logo.png","contentUrl":"https:\/\/kidsplay.lt\/wp-content\/uploads\/2023\/07\/kidsplay-logo.png","width":451,"height":98,"caption":"KidsPlay"},"image":{"@id":"https:\/\/kidsplay.lt\/#\/schema\/logo\/image\/"},"sameAs":["https:\/\/www.facebook.com\/www.kidsplay.lt"]}]}},"_links":{"self":[{"href":"https:\/\/kidsplay.lt\/lv\/wp-json\/wp\/v2\/product\/90311","targetHints":{"allow":["GET"]}}],"collection":[{"href":"https:\/\/kidsplay.lt\/lv\/wp-json\/wp\/v2\/product"}],"about":[{"href":"https:\/\/kidsplay.lt\/lv\/wp-json\/wp\/v2\/types\/product"}],"version-history":[{"count":1,"href":"https:\/\/kidsplay.lt\/lv\/wp-json\/wp\/v2\/product\/90311\/revisions"}],"predecessor-version":[{"id":90312,"href":"https:\/\/kidsplay.lt\/lv\/wp-json\/wp\/v2\/product\/90311\/revisions\/90312"}],"wp:featuredmedia":[{"embeddable":true,"href":"https:\/\/kidsplay.lt\/lv\/wp-json\/wp\/v2\/media\/66972"}],"wp:attachment":[{"href":"https:\/\/kidsplay.lt\/lv\/wp-json\/wp\/v2\/media?parent=90311"}],"wp:term":[{"taxonomy":"product_brand","embeddable":true,"href":"https:\/\/kidsplay.lt\/lv\/wp-json\/wp\/v2\/product_brand?post=90311"},{"taxonomy":"product_cat","embeddable":true,"href":"https:\/\/kidsplay.lt\/lv\/wp-json\/wp\/v2\/product_cat?post=90311"},{"taxonomy":"product_tag","embeddable":true,"href":"https:\/\/kidsplay.lt\/lv\/wp-json\/wp\/v2\/product_tag?post=90311"}],"curies":[{"name":"wp","href":"https:\/\/api.w.org\/{rel}","templated":true}]}}