{"id":90313,"date":"2026-02-26T09:42:21","date_gmt":"2026-02-26T07:42:21","guid":{"rendered":"https:\/\/kidsplay.lt\/produktas\/3in1-interaktyvus-vezimelis\/"},"modified":"2026-02-26T20:03:54","modified_gmt":"2026-02-26T18:03:54","slug":"3in1-interaktyvus-vezimelis","status":"publish","type":"product","link":"https:\/\/kidsplay.lt\/lv\/products\/3in1-interaktyvus-vezimelis\/","title":{"rendered":"3in1 Interaktyvus ve\u017eim\u0117lis"},"content":{"rendered":"<p>Serialas\u00a0\u00a0\u201eLittle Smoby\u201c\u00a0\u00a0buvo sukurtas galvojant apie ma\u017eiausius vaikus. \u010cia rasite daugyb\u0119 \u017eaisl\u0173 \u2013 gara\u017e\u0173, va\u017eiuojam\u0173j\u0173 automobili\u0173, virtuvi\u0173 ir ma\u017e\u0173 \u017eaisl\u0173. Viskas padaryta pastelin\u0117mis spalvomis. Tai vaik\u0173 pam\u0117gti \u017eaislai \u2013 visi\u0161kai nauja versija.<\/p>\n<p>Raksturojums:<\/p>\n<p> \t&#8211; 3in1 \u017eaislas &#8211; st\u016bmikas, l\u0117li\u0173 ve\u017eim\u0117lis ir interaktyvi lenta,<br \/>\n \t&#8211; lavina motorinius \u012fg\u016bd\u017eius, skatina poj\u016b\u010di\u0173 vystym\u0105si ir rank\u0173-aki\u0173 koordinacij\u0105,<br \/>\n \t&#8211; ergonomi\u0161ka rankena ir apsauginis stabdys u\u017etikrina stabilum\u0105 \u017eengiant pirmuosius \u017eingsnius,<br \/>\n \t&#8211; tvirta konstrukcija,<br \/>\n \t&#8211; Pagrindas ant 4 dideli\u0173 rat\u0173,<br \/>\n \t&#8211; interaktyvioji lenta gali b\u016bti nuimama, kad vaikas gal\u0117t\u0173 j\u0105 ne\u0161tis bet kur &#8211; vir\u0161uje esanti rankena pritaikyta ma\u017eoms rankyt\u0117ms,<br \/>\n \t&#8211; turi besisukan\u010di\u0105 \u0105sel\u0119, raktu valdomas duris lobiams, kilnojam\u0105 \u017eym\u0119 su veidrod\u017eiu, besisukan\u010di\u0105 g\u0117l\u0119, kilnojam\u0105 boru\u017e\u0119 ir rag\u0105,<br \/>\n \t&#8211; leid\u017eia \u017eaisti tiek stovint, tiek s\u0117dint,<br \/>\n \t&#8211; judantys elementai padeda lavinti vaiko miklum\u0105 ir skatina pirm\u0105j\u0105 prie\u017easties ir pasekm\u0117s ry\u0161io jungt\u012f,<br \/>\n \t&#8211; suapvalintos formos garantuoja saug\u0173 \u017eaidim\u0105.<\/p>","protected":false},"excerpt":{"rendered":"<p>Serialas\u00a0\u00a0\u201eLittle Smoby\u201c\u00a0\u00a0buvo sukurtas galvojant apie ma\u017eiausius vaikus. \u010cia rasite daugyb\u0119 \u017eaisl\u0173 \u2013 gara\u017e\u0173, va\u017eiuojam\u0173j\u0173 automobili\u0173, virtuvi\u0173 ir ma\u017e\u0173 \u017eaisl\u0173. Viskas<\/p>","protected":false},"featured_media":58083,"template":"","meta":{"_acf_changed":false,"_glsr_average":0,"_glsr_ranking":0,"_glsr_reviews":0},"product_brand":[],"product_cat":[882,392],"product_tag":[],"class_list":{"0":"post-90313","1":"product","2":"type-product","3":"status-publish","4":"has-post-thumbnail","6":"product_cat-kudikiu-prieziura","7":"product_cat-stumdukai-ir-vaikstynes","8":"\"style=\"background-color: #2ecc711c;\"","10":"first","11":"outofstock","12":"purchasable","13":"product-type-simple"},"acf":[],"yoast_head":"<!-- This site is optimized with the Yoast SEO plugin v27.3 - https:\/\/yoast.com\/product\/yoast-seo-wordpress\/ -->\n<title>3in1 Interaktyvus ve\u017eim\u0117lis<\/title>\n<meta name=\"description\" content=\"3in1 Interaktyvus ve\u017eim\u0117lis - KidsPlay. Did\u017eiausias vaik\u0173 \u017eaisl\u0173 pasirinkimas.\" \/>\n<meta name=\"robots\" content=\"index, follow, max-snippet:-1, max-image-preview:large, max-video-preview:-1\" \/>\n<link rel=\"canonical\" href=\"https:\/\/kidsplay.lt\/lv\/products\/3in1-interaktyvus-vezimelis\/\" \/>\n<meta property=\"og:locale\" content=\"lv_LV\" \/>\n<meta property=\"og:type\" content=\"article\" \/>\n<meta property=\"og:title\" content=\"3in1 Interaktyvus ve\u017eim\u0117lis\" \/>\n<meta property=\"og:description\" content=\"3in1 Interaktyvus ve\u017eim\u0117lis - KidsPlay. Did\u017eiausias vaik\u0173 \u017eaisl\u0173 pasirinkimas.\" \/>\n<meta property=\"og:url\" content=\"https:\/\/kidsplay.lt\/lv\/products\/3in1-interaktyvus-vezimelis\/\" \/>\n<meta property=\"og:site_name\" content=\"KidsPlay\" \/>\n<meta property=\"article:publisher\" content=\"https:\/\/www.facebook.com\/www.kidsplay.lt\" \/>\n<meta property=\"article:modified_time\" content=\"2026-02-26T18:03:54+00:00\" \/>\n<meta property=\"og:image\" content=\"https:\/\/kidsplay.lt\/wp-content\/uploads\/2024\/11\/3in1-Interaktyvus-vezimelis.jpg\" \/>\n\t<meta property=\"og:image:width\" content=\"831\" \/>\n\t<meta property=\"og:image:height\" content=\"831\" \/>\n\t<meta property=\"og:image:type\" content=\"image\/jpeg\" \/>\n<meta name=\"twitter:card\" content=\"summary_large_image\" \/>\n<meta name=\"twitter:label1\" content=\"Est. reading time\" \/>\n\t<meta name=\"twitter:data1\" content=\"1 min\u016bte\" \/>\n<script type=\"application\/ld+json\" class=\"yoast-schema-graph\">{\"@context\":\"https:\\\/\\\/schema.org\",\"@graph\":[{\"@type\":\"WebPage\",\"@id\":\"https:\\\/\\\/kidsplay.lt\\\/produktas\\\/3in1-interaktyvus-vezimelis\\\/\",\"url\":\"https:\\\/\\\/kidsplay.lt\\\/produktas\\\/3in1-interaktyvus-vezimelis\\\/\",\"name\":\"3in1 Interaktyvus ve\u017eim\u0117lis\",\"isPartOf\":{\"@id\":\"https:\\\/\\\/kidsplay.lt\\\/#website\"},\"primaryImageOfPage\":{\"@id\":\"https:\\\/\\\/kidsplay.lt\\\/produktas\\\/3in1-interaktyvus-vezimelis\\\/#primaryimage\"},\"image\":{\"@id\":\"https:\\\/\\\/kidsplay.lt\\\/produktas\\\/3in1-interaktyvus-vezimelis\\\/#primaryimage\"},\"thumbnailUrl\":\"https:\\\/\\\/kidsplay.lt\\\/wp-content\\\/uploads\\\/2024\\\/11\\\/3in1-Interaktyvus-vezimelis.jpg\",\"datePublished\":\"2026-02-26T07:42:21+00:00\",\"dateModified\":\"2026-02-26T18:03:54+00:00\",\"description\":\"3in1 Interaktyvus ve\u017eim\u0117lis - KidsPlay. Did\u017eiausias vaik\u0173 \u017eaisl\u0173 pasirinkimas.\",\"breadcrumb\":{\"@id\":\"https:\\\/\\\/kidsplay.lt\\\/produktas\\\/3in1-interaktyvus-vezimelis\\\/#breadcrumb\"},\"inLanguage\":\"lv-LV\",\"potentialAction\":[{\"@type\":\"ReadAction\",\"target\":[\"https:\\\/\\\/kidsplay.lt\\\/produktas\\\/3in1-interaktyvus-vezimelis\\\/\"]}]},{\"@type\":\"ImageObject\",\"inLanguage\":\"lv-LV\",\"@id\":\"https:\\\/\\\/kidsplay.lt\\\/produktas\\\/3in1-interaktyvus-vezimelis\\\/#primaryimage\",\"url\":\"https:\\\/\\\/kidsplay.lt\\\/wp-content\\\/uploads\\\/2024\\\/11\\\/3in1-Interaktyvus-vezimelis.jpg\",\"contentUrl\":\"https:\\\/\\\/kidsplay.lt\\\/wp-content\\\/uploads\\\/2024\\\/11\\\/3in1-Interaktyvus-vezimelis.jpg\",\"width\":831,\"height\":831,\"caption\":\"3in1 Interaktyvus ve\u017eim\u0117lis\"},{\"@type\":\"BreadcrumbList\",\"@id\":\"https:\\\/\\\/kidsplay.lt\\\/produktas\\\/3in1-interaktyvus-vezimelis\\\/#breadcrumb\",\"itemListElement\":[{\"@type\":\"ListItem\",\"position\":1,\"name\":\"Pagrindinis\",\"item\":\"https:\\\/\\\/kidsplay.lt\\\/\"},{\"@type\":\"ListItem\",\"position\":2,\"name\":\"Parduotuv\u0117\",\"item\":\"https:\\\/\\\/kidsplay.lt\\\/parduotuve\\\/\"},{\"@type\":\"ListItem\",\"position\":3,\"name\":\"3in1 Interaktyvus ve\u017eim\u0117lis\"}]},{\"@type\":\"WebSite\",\"@id\":\"https:\\\/\\\/kidsplay.lt\\\/#website\",\"url\":\"https:\\\/\\\/kidsplay.lt\\\/\",\"name\":\"Kidsplay.lt\",\"description\":\"\u012evairios prek\u0117s vaikams\",\"publisher\":{\"@id\":\"https:\\\/\\\/kidsplay.lt\\\/#organization\"},\"alternateName\":\"Kidsplay\",\"potentialAction\":[{\"@type\":\"SearchAction\",\"target\":{\"@type\":\"EntryPoint\",\"urlTemplate\":\"https:\\\/\\\/kidsplay.lt\\\/?s={search_term_string}\"},\"query-input\":{\"@type\":\"PropertyValueSpecification\",\"valueRequired\":true,\"valueName\":\"search_term_string\"}}],\"inLanguage\":\"lv-LV\"},{\"@type\":\"Organization\",\"@id\":\"https:\\\/\\\/kidsplay.lt\\\/#organization\",\"name\":\"KidsPlay\",\"url\":\"https:\\\/\\\/kidsplay.lt\\\/\",\"logo\":{\"@type\":\"ImageObject\",\"inLanguage\":\"lv-LV\",\"@id\":\"https:\\\/\\\/kidsplay.lt\\\/#\\\/schema\\\/logo\\\/image\\\/\",\"url\":\"https:\\\/\\\/kidsplay.lt\\\/wp-content\\\/uploads\\\/2023\\\/07\\\/kidsplay-logo.png\",\"contentUrl\":\"https:\\\/\\\/kidsplay.lt\\\/wp-content\\\/uploads\\\/2023\\\/07\\\/kidsplay-logo.png\",\"width\":451,\"height\":98,\"caption\":\"KidsPlay\"},\"image\":{\"@id\":\"https:\\\/\\\/kidsplay.lt\\\/#\\\/schema\\\/logo\\\/image\\\/\"},\"sameAs\":[\"https:\\\/\\\/www.facebook.com\\\/www.kidsplay.lt\"]}]}<\/script>\n<!-- \/ Yoast SEO plugin. -->","yoast_head_json":{"title":"3in1 Interaktyvus ve\u017eim\u0117lis","description":"3in1 Interaktyvus ve\u017eim\u0117lis - KidsPlay. Did\u017eiausias vaik\u0173 \u017eaisl\u0173 pasirinkimas.","robots":{"index":"index","follow":"follow","max-snippet":"max-snippet:-1","max-image-preview":"max-image-preview:large","max-video-preview":"max-video-preview:-1"},"canonical":"https:\/\/kidsplay.lt\/lv\/products\/3in1-interaktyvus-vezimelis\/","og_locale":"lv_LV","og_type":"article","og_title":"3in1 Interaktyvus ve\u017eim\u0117lis","og_description":"3in1 Interaktyvus ve\u017eim\u0117lis - KidsPlay. Did\u017eiausias vaik\u0173 \u017eaisl\u0173 pasirinkimas.","og_url":"https:\/\/kidsplay.lt\/lv\/products\/3in1-interaktyvus-vezimelis\/","og_site_name":"KidsPlay","article_publisher":"https:\/\/www.facebook.com\/www.kidsplay.lt","article_modified_time":"2026-02-26T18:03:54+00:00","og_image":[{"width":831,"height":831,"url":"https:\/\/kidsplay.lt\/wp-content\/uploads\/2024\/11\/3in1-Interaktyvus-vezimelis.jpg","type":"image\/jpeg"}],"twitter_card":"summary_large_image","twitter_misc":{"Est. reading time":"1 min\u016bte"},"schema":{"@context":"https:\/\/schema.org","@graph":[{"@type":"WebPage","@id":"https:\/\/kidsplay.lt\/produktas\/3in1-interaktyvus-vezimelis\/","url":"https:\/\/kidsplay.lt\/produktas\/3in1-interaktyvus-vezimelis\/","name":"3in1 Interaktyvus ve\u017eim\u0117lis","isPartOf":{"@id":"https:\/\/kidsplay.lt\/#website"},"primaryImageOfPage":{"@id":"https:\/\/kidsplay.lt\/produktas\/3in1-interaktyvus-vezimelis\/#primaryimage"},"image":{"@id":"https:\/\/kidsplay.lt\/produktas\/3in1-interaktyvus-vezimelis\/#primaryimage"},"thumbnailUrl":"https:\/\/kidsplay.lt\/wp-content\/uploads\/2024\/11\/3in1-Interaktyvus-vezimelis.jpg","datePublished":"2026-02-26T07:42:21+00:00","dateModified":"2026-02-26T18:03:54+00:00","description":"3in1 Interaktyvus ve\u017eim\u0117lis - KidsPlay. Did\u017eiausias vaik\u0173 \u017eaisl\u0173 pasirinkimas.","breadcrumb":{"@id":"https:\/\/kidsplay.lt\/produktas\/3in1-interaktyvus-vezimelis\/#breadcrumb"},"inLanguage":"lv-LV","potentialAction":[{"@type":"ReadAction","target":["https:\/\/kidsplay.lt\/produktas\/3in1-interaktyvus-vezimelis\/"]}]},{"@type":"ImageObject","inLanguage":"lv-LV","@id":"https:\/\/kidsplay.lt\/produktas\/3in1-interaktyvus-vezimelis\/#primaryimage","url":"https:\/\/kidsplay.lt\/wp-content\/uploads\/2024\/11\/3in1-Interaktyvus-vezimelis.jpg","contentUrl":"https:\/\/kidsplay.lt\/wp-content\/uploads\/2024\/11\/3in1-Interaktyvus-vezimelis.jpg","width":831,"height":831,"caption":"3in1 Interaktyvus ve\u017eim\u0117lis"},{"@type":"BreadcrumbList","@id":"https:\/\/kidsplay.lt\/produktas\/3in1-interaktyvus-vezimelis\/#breadcrumb","itemListElement":[{"@type":"ListItem","position":1,"name":"Pagrindinis","item":"https:\/\/kidsplay.lt\/"},{"@type":"ListItem","position":2,"name":"Parduotuv\u0117","item":"https:\/\/kidsplay.lt\/parduotuve\/"},{"@type":"ListItem","position":3,"name":"3in1 Interaktyvus ve\u017eim\u0117lis"}]},{"@type":"WebSite","@id":"https:\/\/kidsplay.lt\/#website","url":"https:\/\/kidsplay.lt\/","name":"B\u0113rnu sp\u0113les.lv","description":"\u012evairios prek\u0117s vaikams","publisher":{"@id":"https:\/\/kidsplay.lt\/#organization"},"alternateName":"Kidsplay","potentialAction":[{"@type":"SearchAction","target":{"@type":"EntryPoint","urlTemplate":"https:\/\/kidsplay.lt\/?s={search_term_string}"},"query-input":{"@type":"PropertyValueSpecification","valueRequired":true,"valueName":"search_term_string"}}],"inLanguage":"lv-LV"},{"@type":"Organization","@id":"https:\/\/kidsplay.lt\/#organization","name":"B\u0113rnu sp\u0113le","url":"https:\/\/kidsplay.lt\/","logo":{"@type":"ImageObject","inLanguage":"lv-LV","@id":"https:\/\/kidsplay.lt\/#\/schema\/logo\/image\/","url":"https:\/\/kidsplay.lt\/wp-content\/uploads\/2023\/07\/kidsplay-logo.png","contentUrl":"https:\/\/kidsplay.lt\/wp-content\/uploads\/2023\/07\/kidsplay-logo.png","width":451,"height":98,"caption":"KidsPlay"},"image":{"@id":"https:\/\/kidsplay.lt\/#\/schema\/logo\/image\/"},"sameAs":["https:\/\/www.facebook.com\/www.kidsplay.lt"]}]}},"_links":{"self":[{"href":"https:\/\/kidsplay.lt\/lv\/wp-json\/wp\/v2\/product\/90313","targetHints":{"allow":["GET"]}}],"collection":[{"href":"https:\/\/kidsplay.lt\/lv\/wp-json\/wp\/v2\/product"}],"about":[{"href":"https:\/\/kidsplay.lt\/lv\/wp-json\/wp\/v2\/types\/product"}],"version-history":[{"count":1,"href":"https:\/\/kidsplay.lt\/lv\/wp-json\/wp\/v2\/product\/90313\/revisions"}],"predecessor-version":[{"id":90314,"href":"https:\/\/kidsplay.lt\/lv\/wp-json\/wp\/v2\/product\/90313\/revisions\/90314"}],"wp:featuredmedia":[{"embeddable":true,"href":"https:\/\/kidsplay.lt\/lv\/wp-json\/wp\/v2\/media\/58083"}],"wp:attachment":[{"href":"https:\/\/kidsplay.lt\/lv\/wp-json\/wp\/v2\/media?parent=90313"}],"wp:term":[{"taxonomy":"product_brand","embeddable":true,"href":"https:\/\/kidsplay.lt\/lv\/wp-json\/wp\/v2\/product_brand?post=90313"},{"taxonomy":"product_cat","embeddable":true,"href":"https:\/\/kidsplay.lt\/lv\/wp-json\/wp\/v2\/product_cat?post=90313"},{"taxonomy":"product_tag","embeddable":true,"href":"https:\/\/kidsplay.lt\/lv\/wp-json\/wp\/v2\/product_tag?post=90313"}],"curies":[{"name":"wp","href":"https:\/\/api.w.org\/{rel}","templated":true}]}}