{"id":90319,"date":"2026-02-26T09:42:29","date_gmt":"2026-02-26T07:42:29","guid":{"rendered":"https:\/\/kidsplay.lt\/produktas\/sensorinis-kilimelis-ortopedinis-galvosukis-5-vnt\/"},"modified":"2026-04-13T15:19:54","modified_gmt":"2026-04-13T12:19:54","slug":"sensorinis-kilimelis-ortopedinis-galvosukis-5-vnt","status":"publish","type":"product","link":"https:\/\/kidsplay.lt\/lv\/products\/sensorinis-kilimelis-ortopedinis-galvosukis-5-vnt\/","title":{"rendered":"Sensor\u0101 pakl\u0101ji\u0146a ortop\u0113disk\u0101 puzle 5 gab."},"content":{"rendered":"<p>\u201eWoopie z\u012bmola ieteiktais sensoriskais pakl\u0101ji\u0146\u0161 ar lielisk\u0101m ortop\u0113disk\u0101m \u012bpa\u0161\u012bb\u0101m ir b\u016btisks mazu\u013ca att\u012bst\u012bbas atbalstam. Turkl\u0101t tas var sag\u0101d\u0101t lielu prieku b\u0113rniem, kuriem pat\u012bk staig\u0101t bas\u0101m k\u0101j\u0101m. Komplekt\u0101 ietilpst 5 elementi\/puzles ar da\u017e\u0101du veidu ciet\u0101m un m\u012bkst\u0101m konstrukcij\u0101m, kas lieliski papildina viena otru.<br \/>\nTas sast\u0101v no virsm\u0101m, kas stiprina \u0137erme\u0146a kodolu un nodro\u0161ina l\u012bdzsvaru un stabilit\u0101ti treni\u0146a laik\u0101. Papildu ieguvums ir pot\u012b\u0161u un iek\u0161\u0113jo musku\u013cu nostiprin\u0101\u0161ana, kas pal\u012bdz uztur\u0113t pareizu st\u0101ju. Komplekts lieliski papildina citus \u0161\u012bs s\u0113rijas komplektus.<\/p>\n<p>Pakl\u0101ji\u0146a lieto\u0161ana stimul\u0113 ma\u0146as, mas\u0113 p\u0113das un nov\u0113r\u0161 plakan\u0101s p\u0113das. Pakl\u0101ji\u0146i ietekm\u0113 ar\u012b b\u0113rna sensorisko integr\u0101ciju, kas ir sp\u0113ja sajust un rea\u0123\u0113t uz \u0137erme\u0146a un vides sniegto inform\u0101ciju.<\/p>\n<p>Raksturojums:<\/p>\n<p> \t\u2013 sensorisks, ortop\u0113disks pakl\u0101ji\u0146\u0161, sak\u0101rtots k\u0101 puzle<br \/>\n \t\u2013 cietas un m\u012bkstas virsmas ar da\u017e\u0101d\u0101m funkcij\u0101m un konstrukcij\u0101m<br \/>\n \t- vesel\u012bba un izklaide<br \/>\n \t- b\u0113rniem, kuriem pat\u012bk staig\u0101t bas\u0101m k\u0101j\u0101m<\/p>\n<p>Elementi:<\/p>\n<p> \t\u2013 2x cietas kniedes<br \/>\n \t\u2013 1x m\u012bkstais apvalks<br \/>\n \t\u2013 1x ciets koka stumbrs<br \/>\n \t\u2013 1x for\u0161s ezis<\/p>\n<p>Komplekts lieliski papildina citus \u0161\u012bs s\u0113rijas komplektus.<\/p>\n<p>Komplektus var kombin\u0113t, lai izveidotu liel\u0101ku telpu.<\/p>","protected":false},"excerpt":{"rendered":"<p>\u201eWoopie\u201c\u00a0prek\u0117s \u017eenklo \u00a0rekomenduojamas\u00a0jutimo kilim\u0117lis\u00a0, pasi\u017eymintis puikiomis\u00a0ortopedin\u0117mis\u00a0savyb\u0117mis , yra b\u016btinas\u00a0j\u016bs\u0173 k\u016bdikio vystymuisi\u00a0palaikyti\u00a0. Be to, tai gali b\u016bti\u00a0labai smagu\u00a0vaikams, kurie m\u0117gsta vaik\u0161\u010dioti\u00a0basomis\u00a0.<\/p>","protected":false},"featured_media":57915,"template":"","meta":{"_acf_changed":false,"_glsr_average":0,"_glsr_ranking":0,"_glsr_reviews":0},"product_brand":[],"product_cat":[887],"product_tag":[],"class_list":{"0":"post-90319","1":"product","2":"type-product","3":"status-publish","4":"has-post-thumbnail","6":"product_cat-sensoriniai-kilimeliai-kudikiams","7":"\"style=\"background-color: #2ecc711c;\"","9":"first","10":"instock","11":"purchasable","12":"product-type-simple"},"acf":[],"yoast_head":"<!-- This site is optimized with the Yoast SEO plugin v27.4 - https:\/\/yoast.com\/product\/yoast-seo-wordpress\/ -->\n<title>Sensorinis kilim\u0117lis ortopedinis galvos\u016bkis 5 vnt.<\/title>\n<meta name=\"description\" content=\"Sensorinis kilim\u0117lis ortopedinis galvos\u016bkis 5 vnt. - KidsPlay. Did\u017eiausias vaik\u0173 \u017eaisl\u0173 pasirinkimas.\" \/>\n<meta name=\"robots\" content=\"index, follow, max-snippet:-1, max-image-preview:large, max-video-preview:-1\" \/>\n<link rel=\"canonical\" href=\"https:\/\/kidsplay.lt\/lv\/products\/sensorinis-kilimelis-ortopedinis-galvosukis-5-vnt\/\" \/>\n<meta property=\"og:locale\" content=\"lv_LV\" \/>\n<meta property=\"og:type\" content=\"article\" \/>\n<meta property=\"og:title\" content=\"Sensorinis kilim\u0117lis ortopedinis galvos\u016bkis 5 vnt.\" \/>\n<meta property=\"og:description\" content=\"Sensorinis kilim\u0117lis ortopedinis galvos\u016bkis 5 vnt. - KidsPlay. Did\u017eiausias vaik\u0173 \u017eaisl\u0173 pasirinkimas.\" \/>\n<meta property=\"og:url\" content=\"https:\/\/kidsplay.lt\/lv\/products\/sensorinis-kilimelis-ortopedinis-galvosukis-5-vnt\/\" \/>\n<meta property=\"og:site_name\" content=\"KidsPlay\" \/>\n<meta property=\"article:publisher\" content=\"https:\/\/www.facebook.com\/www.kidsplay.lt\" \/>\n<meta property=\"article:modified_time\" content=\"2026-04-13T12:19:54+00:00\" \/>\n<meta property=\"og:image\" content=\"https:\/\/kidsplay.lt\/wp-content\/uploads\/2024\/11\/Sensorinis-kilimelis-ortopedinis-galvosukis-5-vnt.jpg\" \/>\n\t<meta property=\"og:image:width\" content=\"1000\" \/>\n\t<meta property=\"og:image:height\" content=\"1000\" \/>\n\t<meta property=\"og:image:type\" content=\"image\/jpeg\" \/>\n<meta name=\"twitter:card\" content=\"summary_large_image\" \/>\n<meta name=\"twitter:label1\" content=\"Est. reading time\" \/>\n\t<meta name=\"twitter:data1\" content=\"1 min\u016bte\" \/>\n<script type=\"application\/ld+json\" class=\"yoast-schema-graph\">{\"@context\":\"https:\\\/\\\/schema.org\",\"@graph\":[{\"@type\":\"WebPage\",\"@id\":\"https:\\\/\\\/kidsplay.lt\\\/produktas\\\/sensorinis-kilimelis-ortopedinis-galvosukis-5-vnt\\\/\",\"url\":\"https:\\\/\\\/kidsplay.lt\\\/produktas\\\/sensorinis-kilimelis-ortopedinis-galvosukis-5-vnt\\\/\",\"name\":\"Sensorinis kilim\u0117lis ortopedinis galvos\u016bkis 5 vnt.\",\"isPartOf\":{\"@id\":\"https:\\\/\\\/kidsplay.lt\\\/#website\"},\"primaryImageOfPage\":{\"@id\":\"https:\\\/\\\/kidsplay.lt\\\/produktas\\\/sensorinis-kilimelis-ortopedinis-galvosukis-5-vnt\\\/#primaryimage\"},\"image\":{\"@id\":\"https:\\\/\\\/kidsplay.lt\\\/produktas\\\/sensorinis-kilimelis-ortopedinis-galvosukis-5-vnt\\\/#primaryimage\"},\"thumbnailUrl\":\"https:\\\/\\\/kidsplay.lt\\\/wp-content\\\/uploads\\\/2024\\\/11\\\/Sensorinis-kilimelis-ortopedinis-galvosukis-5-vnt.jpg\",\"datePublished\":\"2026-02-26T07:42:29+00:00\",\"dateModified\":\"2026-04-13T12:19:54+00:00\",\"description\":\"Sensorinis kilim\u0117lis ortopedinis galvos\u016bkis 5 vnt. - KidsPlay. Did\u017eiausias vaik\u0173 \u017eaisl\u0173 pasirinkimas.\",\"breadcrumb\":{\"@id\":\"https:\\\/\\\/kidsplay.lt\\\/produktas\\\/sensorinis-kilimelis-ortopedinis-galvosukis-5-vnt\\\/#breadcrumb\"},\"inLanguage\":\"lv-LV\",\"potentialAction\":[{\"@type\":\"ReadAction\",\"target\":[\"https:\\\/\\\/kidsplay.lt\\\/produktas\\\/sensorinis-kilimelis-ortopedinis-galvosukis-5-vnt\\\/\"]}]},{\"@type\":\"ImageObject\",\"inLanguage\":\"lv-LV\",\"@id\":\"https:\\\/\\\/kidsplay.lt\\\/produktas\\\/sensorinis-kilimelis-ortopedinis-galvosukis-5-vnt\\\/#primaryimage\",\"url\":\"https:\\\/\\\/kidsplay.lt\\\/wp-content\\\/uploads\\\/2024\\\/11\\\/Sensorinis-kilimelis-ortopedinis-galvosukis-5-vnt.jpg\",\"contentUrl\":\"https:\\\/\\\/kidsplay.lt\\\/wp-content\\\/uploads\\\/2024\\\/11\\\/Sensorinis-kilimelis-ortopedinis-galvosukis-5-vnt.jpg\",\"width\":1000,\"height\":1000,\"caption\":\"Sensorinis kilim\u0117lis ortopedinis galvos\u016bkis 5 vnt.\"},{\"@type\":\"BreadcrumbList\",\"@id\":\"https:\\\/\\\/kidsplay.lt\\\/produktas\\\/sensorinis-kilimelis-ortopedinis-galvosukis-5-vnt\\\/#breadcrumb\",\"itemListElement\":[{\"@type\":\"ListItem\",\"position\":1,\"name\":\"Pagrindinis\",\"item\":\"https:\\\/\\\/kidsplay.lt\\\/\"},{\"@type\":\"ListItem\",\"position\":2,\"name\":\"Parduotuv\u0117\",\"item\":\"https:\\\/\\\/kidsplay.lt\\\/parduotuve\\\/\"},{\"@type\":\"ListItem\",\"position\":3,\"name\":\"Sensorinis kilim\u0117lis ortopedinis galvos\u016bkis 5 vnt.\"}]},{\"@type\":\"WebSite\",\"@id\":\"https:\\\/\\\/kidsplay.lt\\\/#website\",\"url\":\"https:\\\/\\\/kidsplay.lt\\\/\",\"name\":\"Kidsplay.lt\",\"description\":\"\u012evairios prek\u0117s vaikams\",\"publisher\":{\"@id\":\"https:\\\/\\\/kidsplay.lt\\\/#organization\"},\"alternateName\":\"Kidsplay\",\"potentialAction\":[{\"@type\":\"SearchAction\",\"target\":{\"@type\":\"EntryPoint\",\"urlTemplate\":\"https:\\\/\\\/kidsplay.lt\\\/?s={search_term_string}\"},\"query-input\":{\"@type\":\"PropertyValueSpecification\",\"valueRequired\":true,\"valueName\":\"search_term_string\"}}],\"inLanguage\":\"lv-LV\"},{\"@type\":\"Organization\",\"@id\":\"https:\\\/\\\/kidsplay.lt\\\/#organization\",\"name\":\"KidsPlay\",\"url\":\"https:\\\/\\\/kidsplay.lt\\\/\",\"logo\":{\"@type\":\"ImageObject\",\"inLanguage\":\"lv-LV\",\"@id\":\"https:\\\/\\\/kidsplay.lt\\\/#\\\/schema\\\/logo\\\/image\\\/\",\"url\":\"https:\\\/\\\/kidsplay.lt\\\/wp-content\\\/uploads\\\/2023\\\/07\\\/kidsplay-logo.png\",\"contentUrl\":\"https:\\\/\\\/kidsplay.lt\\\/wp-content\\\/uploads\\\/2023\\\/07\\\/kidsplay-logo.png\",\"width\":451,\"height\":98,\"caption\":\"KidsPlay\"},\"image\":{\"@id\":\"https:\\\/\\\/kidsplay.lt\\\/#\\\/schema\\\/logo\\\/image\\\/\"},\"sameAs\":[\"https:\\\/\\\/www.facebook.com\\\/www.kidsplay.lt\"]}]}<\/script>\n<!-- \/ Yoast SEO plugin. -->","yoast_head_json":{"title":"Sensor\u0101 pakl\u0101ji\u0146a ortop\u0113disk\u0101 puzle 5 gab.","description":"Sensorinis kilim\u0117lis ortopedinis galvos\u016bkis 5 vnt. - KidsPlay. Did\u017eiausias vaik\u0173 \u017eaisl\u0173 pasirinkimas.","robots":{"index":"index","follow":"follow","max-snippet":"max-snippet:-1","max-image-preview":"max-image-preview:large","max-video-preview":"max-video-preview:-1"},"canonical":"https:\/\/kidsplay.lt\/lv\/products\/sensorinis-kilimelis-ortopedinis-galvosukis-5-vnt\/","og_locale":"lv_LV","og_type":"article","og_title":"Sensorinis kilim\u0117lis ortopedinis galvos\u016bkis 5 vnt.","og_description":"Sensorinis kilim\u0117lis ortopedinis galvos\u016bkis 5 vnt. - KidsPlay. Did\u017eiausias vaik\u0173 \u017eaisl\u0173 pasirinkimas.","og_url":"https:\/\/kidsplay.lt\/lv\/products\/sensorinis-kilimelis-ortopedinis-galvosukis-5-vnt\/","og_site_name":"KidsPlay","article_publisher":"https:\/\/www.facebook.com\/www.kidsplay.lt","article_modified_time":"2026-04-13T12:19:54+00:00","og_image":[{"width":1000,"height":1000,"url":"https:\/\/kidsplay.lt\/wp-content\/uploads\/2024\/11\/Sensorinis-kilimelis-ortopedinis-galvosukis-5-vnt.jpg","type":"image\/jpeg"}],"twitter_card":"summary_large_image","twitter_misc":{"Est. reading time":"1 min\u016bte"},"schema":{"@context":"https:\/\/schema.org","@graph":[{"@type":"WebPage","@id":"https:\/\/kidsplay.lt\/produktas\/sensorinis-kilimelis-ortopedinis-galvosukis-5-vnt\/","url":"https:\/\/kidsplay.lt\/produktas\/sensorinis-kilimelis-ortopedinis-galvosukis-5-vnt\/","name":"Sensor\u0101 pakl\u0101ji\u0146a ortop\u0113disk\u0101 puzle 5 gab.","isPartOf":{"@id":"https:\/\/kidsplay.lt\/#website"},"primaryImageOfPage":{"@id":"https:\/\/kidsplay.lt\/produktas\/sensorinis-kilimelis-ortopedinis-galvosukis-5-vnt\/#primaryimage"},"image":{"@id":"https:\/\/kidsplay.lt\/produktas\/sensorinis-kilimelis-ortopedinis-galvosukis-5-vnt\/#primaryimage"},"thumbnailUrl":"https:\/\/kidsplay.lt\/wp-content\/uploads\/2024\/11\/Sensorinis-kilimelis-ortopedinis-galvosukis-5-vnt.jpg","datePublished":"2026-02-26T07:42:29+00:00","dateModified":"2026-04-13T12:19:54+00:00","description":"Sensorinis kilim\u0117lis ortopedinis galvos\u016bkis 5 vnt. - KidsPlay. Did\u017eiausias vaik\u0173 \u017eaisl\u0173 pasirinkimas.","breadcrumb":{"@id":"https:\/\/kidsplay.lt\/produktas\/sensorinis-kilimelis-ortopedinis-galvosukis-5-vnt\/#breadcrumb"},"inLanguage":"lv-LV","potentialAction":[{"@type":"ReadAction","target":["https:\/\/kidsplay.lt\/produktas\/sensorinis-kilimelis-ortopedinis-galvosukis-5-vnt\/"]}]},{"@type":"ImageObject","inLanguage":"lv-LV","@id":"https:\/\/kidsplay.lt\/produktas\/sensorinis-kilimelis-ortopedinis-galvosukis-5-vnt\/#primaryimage","url":"https:\/\/kidsplay.lt\/wp-content\/uploads\/2024\/11\/Sensorinis-kilimelis-ortopedinis-galvosukis-5-vnt.jpg","contentUrl":"https:\/\/kidsplay.lt\/wp-content\/uploads\/2024\/11\/Sensorinis-kilimelis-ortopedinis-galvosukis-5-vnt.jpg","width":1000,"height":1000,"caption":"Sensorinis kilim\u0117lis ortopedinis galvos\u016bkis 5 vnt."},{"@type":"BreadcrumbList","@id":"https:\/\/kidsplay.lt\/produktas\/sensorinis-kilimelis-ortopedinis-galvosukis-5-vnt\/#breadcrumb","itemListElement":[{"@type":"ListItem","position":1,"name":"Pagrindinis","item":"https:\/\/kidsplay.lt\/"},{"@type":"ListItem","position":2,"name":"Parduotuv\u0117","item":"https:\/\/kidsplay.lt\/parduotuve\/"},{"@type":"ListItem","position":3,"name":"Sensorinis kilim\u0117lis ortopedinis galvos\u016bkis 5 vnt."}]},{"@type":"WebSite","@id":"https:\/\/kidsplay.lt\/#website","url":"https:\/\/kidsplay.lt\/","name":"B\u0113rnu sp\u0113les.lv","description":"\u012evairios prek\u0117s vaikams","publisher":{"@id":"https:\/\/kidsplay.lt\/#organization"},"alternateName":"Kidsplay","potentialAction":[{"@type":"SearchAction","target":{"@type":"EntryPoint","urlTemplate":"https:\/\/kidsplay.lt\/?s={search_term_string}"},"query-input":{"@type":"PropertyValueSpecification","valueRequired":true,"valueName":"search_term_string"}}],"inLanguage":"lv-LV"},{"@type":"Organization","@id":"https:\/\/kidsplay.lt\/#organization","name":"B\u0113rnu sp\u0113le","url":"https:\/\/kidsplay.lt\/","logo":{"@type":"ImageObject","inLanguage":"lv-LV","@id":"https:\/\/kidsplay.lt\/#\/schema\/logo\/image\/","url":"https:\/\/kidsplay.lt\/wp-content\/uploads\/2023\/07\/kidsplay-logo.png","contentUrl":"https:\/\/kidsplay.lt\/wp-content\/uploads\/2023\/07\/kidsplay-logo.png","width":451,"height":98,"caption":"KidsPlay"},"image":{"@id":"https:\/\/kidsplay.lt\/#\/schema\/logo\/image\/"},"sameAs":["https:\/\/www.facebook.com\/www.kidsplay.lt"]}]}},"_links":{"self":[{"href":"https:\/\/kidsplay.lt\/lv\/wp-json\/wp\/v2\/product\/90319","targetHints":{"allow":["GET"]}}],"collection":[{"href":"https:\/\/kidsplay.lt\/lv\/wp-json\/wp\/v2\/product"}],"about":[{"href":"https:\/\/kidsplay.lt\/lv\/wp-json\/wp\/v2\/types\/product"}],"version-history":[{"count":1,"href":"https:\/\/kidsplay.lt\/lv\/wp-json\/wp\/v2\/product\/90319\/revisions"}],"predecessor-version":[{"id":90320,"href":"https:\/\/kidsplay.lt\/lv\/wp-json\/wp\/v2\/product\/90319\/revisions\/90320"}],"wp:featuredmedia":[{"embeddable":true,"href":"https:\/\/kidsplay.lt\/lv\/wp-json\/wp\/v2\/media\/57915"}],"wp:attachment":[{"href":"https:\/\/kidsplay.lt\/lv\/wp-json\/wp\/v2\/media?parent=90319"}],"wp:term":[{"taxonomy":"product_brand","embeddable":true,"href":"https:\/\/kidsplay.lt\/lv\/wp-json\/wp\/v2\/product_brand?post=90319"},{"taxonomy":"product_cat","embeddable":true,"href":"https:\/\/kidsplay.lt\/lv\/wp-json\/wp\/v2\/product_cat?post=90319"},{"taxonomy":"product_tag","embeddable":true,"href":"https:\/\/kidsplay.lt\/lv\/wp-json\/wp\/v2\/product_tag?post=90319"}],"curies":[{"name":"wp","href":"https:\/\/api.w.org\/{rel}","templated":true}]}}