{"id":90323,"date":"2026-02-26T09:42:34","date_gmt":"2026-02-26T07:42:34","guid":{"rendered":"https:\/\/kidsplay.lt\/produktas\/krepsinio-rinkinio-reguliavimas-99-125-cm-kamuolys-pompa\/"},"modified":"2026-04-07T10:55:43","modified_gmt":"2026-04-07T07:55:43","slug":"krepsinio-rinkinio-reguliavimas-99-125-cm-kamuolys-pompa","status":"publish","type":"product","link":"https:\/\/kidsplay.lt\/lv\/products\/krepsinio-rinkinio-reguliavimas-99-125-cm-kamuolys-pompa\/","title":{"rendered":"Basketbola komplekta regul\u0113\u0161ana 99\u2013125 cm + bumba + pumpis"},"content":{"rendered":"<p>Superinis Woopie krep\u0161inio rinkinys\u00a0su\u00a0kamuoliuku\u00a0ir pompa\u00a0yra tobulas sportinis rinkinys J\u016bs\u0173 vaikui! Rinkinys\u00a0paskatins\u00a0vaik\u0105\u00a0sportuoti.\u00a0Krep\u0161inio \u017eaidimas pad\u0117s j\u016bs\u0173 vaikui i\u0161siugdyti vadinam\u0105j\u012f\u00a0stambiosios motorikos \u012fg\u016bd\u017eius\u00a0, kurie idealiai tinka tinkamam vaiko vystymuisi. Krep\u0161inis\u00a0auga kartu su vaiku\u00a0ir yra reguliuojamo auk\u0161\u010dio. Didelis privalumas, kad gamin\u012f galima naudoti tiek\u00a0viduje\u00a0, tiek\u00a0lauke\u00a0\u2013 J\u016bs\u0173 vaikas gal\u0117s \u017eaisti nepriklausomai nuo oro s\u0105lyg\u0173. Krep\u0161inio kamuolys yra pakankamai didelis (\u00a0auk\u0161tis:\u00a0125 cm\u00a0), kad leis j\u016bs\u0173 vaikui \u017eaisti profesionalias rungtynes \u200b\u200bsu draugais. Baig\u0119 \u017eaidim\u0105,\u00a0galite pad\u0117ti kamuoliuk\u0105 atgal \u012f speciali\u0105 viet\u0105\u00a0(netoli pagrindo)<\/p>\n<p>Raksturojums:<\/p>\n<p> \t&#8211; pilnas krep\u0161inio\u00a0sporto komplektas,\u00a0plius\u00a0kamuolys,\u00a0plius\u00a0pompa,<br \/>\n \t&#8211; turi\u00a0auk\u0161\u010dio reguliavimo galimybes (99cm-125cm),<\/p>\n<p> \t&#8211; galite pad\u0117ti kamuol\u012f ant krep\u0161inio pagrindo,<br \/>\n \t&#8211; skatina\/mobilizuoja vaikus sportuoti,<br \/>\n \t&#8211; pagamintas i\u0161 vaikams patogios med\u017eiagos,<br \/>\n \t&#8211; vaik\u0173\u00a0stambiosios motorikos\u00a0ugdymas ,<br \/>\n \t&#8211; naudoti\u00a0namuose\u00a0ir\u00a0lauke.<\/p>","protected":false},"excerpt":{"rendered":"<p>Superinis Woopie krep\u0161inio rinkinys\u00a0su\u00a0kamuoliuku\u00a0ir pompa\u00a0yra tobulas sportinis rinkinys J\u016bs\u0173 vaikui! Rinkinys\u00a0paskatins\u00a0vaik\u0105\u00a0sportuoti.\u00a0Krep\u0161inio \u017eaidimas pad\u0117s j\u016bs\u0173 vaikui i\u0161siugdyti vadinam\u0105j\u012f\u00a0stambiosios motorikos \u012fg\u016bd\u017eius\u00a0, kurie<\/p>","protected":false},"featured_media":57927,"template":"","meta":{"_acf_changed":false,"_glsr_average":0,"_glsr_ranking":0,"_glsr_reviews":0},"product_brand":[],"product_cat":[233,430],"product_tag":[],"class_list":{"0":"post-90323","1":"product","2":"type-product","3":"status-publish","4":"has-post-thumbnail","6":"product_cat-lauko-pramogos","7":"product_cat-zaidimai-ir-linksmybes","8":"\"style=\"background-color: #2ecc711c;\"","10":"first","11":"instock","12":"purchasable","13":"product-type-simple"},"acf":[],"yoast_head":"<!-- This site is optimized with the Yoast SEO plugin v27.3 - https:\/\/yoast.com\/product\/yoast-seo-wordpress\/ -->\n<title>Krep\u0161inio rinkinio reguliavimas 99 &#8211; 125 cm + Kamuolys + Pompa<\/title>\n<meta name=\"description\" content=\"Krep\u0161inio rinkinio reguliavimas 99 &#8211; 125 cm + Kamuolys + Pompa - KidsPlay. Did\u017eiausias vaik\u0173 \u017eaisl\u0173 pasirinkimas.\" \/>\n<meta name=\"robots\" content=\"index, follow, max-snippet:-1, max-image-preview:large, max-video-preview:-1\" \/>\n<link rel=\"canonical\" href=\"https:\/\/kidsplay.lt\/lv\/products\/krepsinio-rinkinio-reguliavimas-99-125-cm-kamuolys-pompa\/\" \/>\n<meta property=\"og:locale\" content=\"lv_LV\" \/>\n<meta property=\"og:type\" content=\"article\" \/>\n<meta property=\"og:title\" content=\"Krep\u0161inio rinkinio reguliavimas 99 &#8211; 125 cm + Kamuolys + Pompa\" \/>\n<meta property=\"og:description\" content=\"Krep\u0161inio rinkinio reguliavimas 99 &#8211; 125 cm + Kamuolys + Pompa - KidsPlay. Did\u017eiausias vaik\u0173 \u017eaisl\u0173 pasirinkimas.\" \/>\n<meta property=\"og:url\" content=\"https:\/\/kidsplay.lt\/lv\/products\/krepsinio-rinkinio-reguliavimas-99-125-cm-kamuolys-pompa\/\" \/>\n<meta property=\"og:site_name\" content=\"KidsPlay\" \/>\n<meta property=\"article:publisher\" content=\"https:\/\/www.facebook.com\/www.kidsplay.lt\" \/>\n<meta property=\"article:modified_time\" content=\"2026-04-07T07:55:43+00:00\" \/>\n<meta property=\"og:image\" content=\"https:\/\/kidsplay.lt\/wp-content\/uploads\/2024\/11\/Krepsinio-rinkinio-reguliavimas-99-\u2013-125-cm-Kamuolys-Pompa.jpg\" \/>\n\t<meta property=\"og:image:width\" content=\"1000\" \/>\n\t<meta property=\"og:image:height\" content=\"1000\" \/>\n\t<meta property=\"og:image:type\" content=\"image\/jpeg\" \/>\n<meta name=\"twitter:card\" content=\"summary_large_image\" \/>\n<meta name=\"twitter:label1\" content=\"Est. reading time\" \/>\n\t<meta name=\"twitter:data1\" content=\"1 min\u016bte\" \/>\n<script type=\"application\/ld+json\" class=\"yoast-schema-graph\">{\"@context\":\"https:\\\/\\\/schema.org\",\"@graph\":[{\"@type\":\"WebPage\",\"@id\":\"https:\\\/\\\/kidsplay.lt\\\/produktas\\\/krepsinio-rinkinio-reguliavimas-99-125-cm-kamuolys-pompa\\\/\",\"url\":\"https:\\\/\\\/kidsplay.lt\\\/produktas\\\/krepsinio-rinkinio-reguliavimas-99-125-cm-kamuolys-pompa\\\/\",\"name\":\"Krep\u0161inio rinkinio reguliavimas 99 &#8211; 125 cm + Kamuolys + Pompa\",\"isPartOf\":{\"@id\":\"https:\\\/\\\/kidsplay.lt\\\/#website\"},\"primaryImageOfPage\":{\"@id\":\"https:\\\/\\\/kidsplay.lt\\\/produktas\\\/krepsinio-rinkinio-reguliavimas-99-125-cm-kamuolys-pompa\\\/#primaryimage\"},\"image\":{\"@id\":\"https:\\\/\\\/kidsplay.lt\\\/produktas\\\/krepsinio-rinkinio-reguliavimas-99-125-cm-kamuolys-pompa\\\/#primaryimage\"},\"thumbnailUrl\":\"https:\\\/\\\/kidsplay.lt\\\/wp-content\\\/uploads\\\/2024\\\/11\\\/Krepsinio-rinkinio-reguliavimas-99-\u2013-125-cm-Kamuolys-Pompa.jpg\",\"datePublished\":\"2026-02-26T07:42:34+00:00\",\"dateModified\":\"2026-04-07T07:55:43+00:00\",\"description\":\"Krep\u0161inio rinkinio reguliavimas 99 &#8211; 125 cm + Kamuolys + Pompa - KidsPlay. Did\u017eiausias vaik\u0173 \u017eaisl\u0173 pasirinkimas.\",\"breadcrumb\":{\"@id\":\"https:\\\/\\\/kidsplay.lt\\\/produktas\\\/krepsinio-rinkinio-reguliavimas-99-125-cm-kamuolys-pompa\\\/#breadcrumb\"},\"inLanguage\":\"lv-LV\",\"potentialAction\":[{\"@type\":\"ReadAction\",\"target\":[\"https:\\\/\\\/kidsplay.lt\\\/produktas\\\/krepsinio-rinkinio-reguliavimas-99-125-cm-kamuolys-pompa\\\/\"]}]},{\"@type\":\"ImageObject\",\"inLanguage\":\"lv-LV\",\"@id\":\"https:\\\/\\\/kidsplay.lt\\\/produktas\\\/krepsinio-rinkinio-reguliavimas-99-125-cm-kamuolys-pompa\\\/#primaryimage\",\"url\":\"https:\\\/\\\/kidsplay.lt\\\/wp-content\\\/uploads\\\/2024\\\/11\\\/Krepsinio-rinkinio-reguliavimas-99-\u2013-125-cm-Kamuolys-Pompa.jpg\",\"contentUrl\":\"https:\\\/\\\/kidsplay.lt\\\/wp-content\\\/uploads\\\/2024\\\/11\\\/Krepsinio-rinkinio-reguliavimas-99-\u2013-125-cm-Kamuolys-Pompa.jpg\",\"width\":1000,\"height\":1000,\"caption\":\"Krep\u0161inio rinkinio reguliavimas 99 &#8211; 125 cm + Kamuolys + Pompa\"},{\"@type\":\"BreadcrumbList\",\"@id\":\"https:\\\/\\\/kidsplay.lt\\\/produktas\\\/krepsinio-rinkinio-reguliavimas-99-125-cm-kamuolys-pompa\\\/#breadcrumb\",\"itemListElement\":[{\"@type\":\"ListItem\",\"position\":1,\"name\":\"Pagrindinis\",\"item\":\"https:\\\/\\\/kidsplay.lt\\\/\"},{\"@type\":\"ListItem\",\"position\":2,\"name\":\"Parduotuv\u0117\",\"item\":\"https:\\\/\\\/kidsplay.lt\\\/parduotuve\\\/\"},{\"@type\":\"ListItem\",\"position\":3,\"name\":\"Krep\u0161inio rinkinio reguliavimas 99 &#8211; 125 cm + Kamuolys + Pompa\"}]},{\"@type\":\"WebSite\",\"@id\":\"https:\\\/\\\/kidsplay.lt\\\/#website\",\"url\":\"https:\\\/\\\/kidsplay.lt\\\/\",\"name\":\"Kidsplay.lt\",\"description\":\"\u012evairios prek\u0117s vaikams\",\"publisher\":{\"@id\":\"https:\\\/\\\/kidsplay.lt\\\/#organization\"},\"alternateName\":\"Kidsplay\",\"potentialAction\":[{\"@type\":\"SearchAction\",\"target\":{\"@type\":\"EntryPoint\",\"urlTemplate\":\"https:\\\/\\\/kidsplay.lt\\\/?s={search_term_string}\"},\"query-input\":{\"@type\":\"PropertyValueSpecification\",\"valueRequired\":true,\"valueName\":\"search_term_string\"}}],\"inLanguage\":\"lv-LV\"},{\"@type\":\"Organization\",\"@id\":\"https:\\\/\\\/kidsplay.lt\\\/#organization\",\"name\":\"KidsPlay\",\"url\":\"https:\\\/\\\/kidsplay.lt\\\/\",\"logo\":{\"@type\":\"ImageObject\",\"inLanguage\":\"lv-LV\",\"@id\":\"https:\\\/\\\/kidsplay.lt\\\/#\\\/schema\\\/logo\\\/image\\\/\",\"url\":\"https:\\\/\\\/kidsplay.lt\\\/wp-content\\\/uploads\\\/2023\\\/07\\\/kidsplay-logo.png\",\"contentUrl\":\"https:\\\/\\\/kidsplay.lt\\\/wp-content\\\/uploads\\\/2023\\\/07\\\/kidsplay-logo.png\",\"width\":451,\"height\":98,\"caption\":\"KidsPlay\"},\"image\":{\"@id\":\"https:\\\/\\\/kidsplay.lt\\\/#\\\/schema\\\/logo\\\/image\\\/\"},\"sameAs\":[\"https:\\\/\\\/www.facebook.com\\\/www.kidsplay.lt\"]}]}<\/script>\n<!-- \/ Yoast SEO plugin. -->","yoast_head_json":{"title":"Basketbola komplekta regul\u0113\u0161ana 99\u2013125 cm + bumba + pumpis","description":"Krep\u0161inio rinkinio reguliavimas 99 &#8211; 125 cm + Kamuolys + Pompa - KidsPlay. Did\u017eiausias vaik\u0173 \u017eaisl\u0173 pasirinkimas.","robots":{"index":"index","follow":"follow","max-snippet":"max-snippet:-1","max-image-preview":"max-image-preview:large","max-video-preview":"max-video-preview:-1"},"canonical":"https:\/\/kidsplay.lt\/lv\/products\/krepsinio-rinkinio-reguliavimas-99-125-cm-kamuolys-pompa\/","og_locale":"lv_LV","og_type":"article","og_title":"Krep\u0161inio rinkinio reguliavimas 99 &#8211; 125 cm + Kamuolys + Pompa","og_description":"Krep\u0161inio rinkinio reguliavimas 99 &#8211; 125 cm + Kamuolys + Pompa - KidsPlay. Did\u017eiausias vaik\u0173 \u017eaisl\u0173 pasirinkimas.","og_url":"https:\/\/kidsplay.lt\/lv\/products\/krepsinio-rinkinio-reguliavimas-99-125-cm-kamuolys-pompa\/","og_site_name":"KidsPlay","article_publisher":"https:\/\/www.facebook.com\/www.kidsplay.lt","article_modified_time":"2026-04-07T07:55:43+00:00","og_image":[{"width":1000,"height":1000,"url":"https:\/\/kidsplay.lt\/wp-content\/uploads\/2024\/11\/Krepsinio-rinkinio-reguliavimas-99-\u2013-125-cm-Kamuolys-Pompa.jpg","type":"image\/jpeg"}],"twitter_card":"summary_large_image","twitter_misc":{"Est. reading time":"1 min\u016bte"},"schema":{"@context":"https:\/\/schema.org","@graph":[{"@type":"WebPage","@id":"https:\/\/kidsplay.lt\/produktas\/krepsinio-rinkinio-reguliavimas-99-125-cm-kamuolys-pompa\/","url":"https:\/\/kidsplay.lt\/produktas\/krepsinio-rinkinio-reguliavimas-99-125-cm-kamuolys-pompa\/","name":"Basketbola komplekta regul\u0113\u0161ana 99\u2013125 cm + bumba + pumpis","isPartOf":{"@id":"https:\/\/kidsplay.lt\/#website"},"primaryImageOfPage":{"@id":"https:\/\/kidsplay.lt\/produktas\/krepsinio-rinkinio-reguliavimas-99-125-cm-kamuolys-pompa\/#primaryimage"},"image":{"@id":"https:\/\/kidsplay.lt\/produktas\/krepsinio-rinkinio-reguliavimas-99-125-cm-kamuolys-pompa\/#primaryimage"},"thumbnailUrl":"https:\/\/kidsplay.lt\/wp-content\/uploads\/2024\/11\/Krepsinio-rinkinio-reguliavimas-99-\u2013-125-cm-Kamuolys-Pompa.jpg","datePublished":"2026-02-26T07:42:34+00:00","dateModified":"2026-04-07T07:55:43+00:00","description":"Krep\u0161inio rinkinio reguliavimas 99 &#8211; 125 cm + Kamuolys + Pompa - KidsPlay. Did\u017eiausias vaik\u0173 \u017eaisl\u0173 pasirinkimas.","breadcrumb":{"@id":"https:\/\/kidsplay.lt\/produktas\/krepsinio-rinkinio-reguliavimas-99-125-cm-kamuolys-pompa\/#breadcrumb"},"inLanguage":"lv-LV","potentialAction":[{"@type":"ReadAction","target":["https:\/\/kidsplay.lt\/produktas\/krepsinio-rinkinio-reguliavimas-99-125-cm-kamuolys-pompa\/"]}]},{"@type":"ImageObject","inLanguage":"lv-LV","@id":"https:\/\/kidsplay.lt\/produktas\/krepsinio-rinkinio-reguliavimas-99-125-cm-kamuolys-pompa\/#primaryimage","url":"https:\/\/kidsplay.lt\/wp-content\/uploads\/2024\/11\/Krepsinio-rinkinio-reguliavimas-99-\u2013-125-cm-Kamuolys-Pompa.jpg","contentUrl":"https:\/\/kidsplay.lt\/wp-content\/uploads\/2024\/11\/Krepsinio-rinkinio-reguliavimas-99-\u2013-125-cm-Kamuolys-Pompa.jpg","width":1000,"height":1000,"caption":"Krep\u0161inio rinkinio reguliavimas 99 &#8211; 125 cm + Kamuolys + Pompa"},{"@type":"BreadcrumbList","@id":"https:\/\/kidsplay.lt\/produktas\/krepsinio-rinkinio-reguliavimas-99-125-cm-kamuolys-pompa\/#breadcrumb","itemListElement":[{"@type":"ListItem","position":1,"name":"Pagrindinis","item":"https:\/\/kidsplay.lt\/"},{"@type":"ListItem","position":2,"name":"Parduotuv\u0117","item":"https:\/\/kidsplay.lt\/parduotuve\/"},{"@type":"ListItem","position":3,"name":"Krep\u0161inio rinkinio reguliavimas 99 &#8211; 125 cm + Kamuolys + Pompa"}]},{"@type":"WebSite","@id":"https:\/\/kidsplay.lt\/#website","url":"https:\/\/kidsplay.lt\/","name":"B\u0113rnu sp\u0113les.lv","description":"\u012evairios prek\u0117s vaikams","publisher":{"@id":"https:\/\/kidsplay.lt\/#organization"},"alternateName":"Kidsplay","potentialAction":[{"@type":"SearchAction","target":{"@type":"EntryPoint","urlTemplate":"https:\/\/kidsplay.lt\/?s={search_term_string}"},"query-input":{"@type":"PropertyValueSpecification","valueRequired":true,"valueName":"search_term_string"}}],"inLanguage":"lv-LV"},{"@type":"Organization","@id":"https:\/\/kidsplay.lt\/#organization","name":"B\u0113rnu sp\u0113le","url":"https:\/\/kidsplay.lt\/","logo":{"@type":"ImageObject","inLanguage":"lv-LV","@id":"https:\/\/kidsplay.lt\/#\/schema\/logo\/image\/","url":"https:\/\/kidsplay.lt\/wp-content\/uploads\/2023\/07\/kidsplay-logo.png","contentUrl":"https:\/\/kidsplay.lt\/wp-content\/uploads\/2023\/07\/kidsplay-logo.png","width":451,"height":98,"caption":"KidsPlay"},"image":{"@id":"https:\/\/kidsplay.lt\/#\/schema\/logo\/image\/"},"sameAs":["https:\/\/www.facebook.com\/www.kidsplay.lt"]}]}},"_links":{"self":[{"href":"https:\/\/kidsplay.lt\/lv\/wp-json\/wp\/v2\/product\/90323","targetHints":{"allow":["GET"]}}],"collection":[{"href":"https:\/\/kidsplay.lt\/lv\/wp-json\/wp\/v2\/product"}],"about":[{"href":"https:\/\/kidsplay.lt\/lv\/wp-json\/wp\/v2\/types\/product"}],"version-history":[{"count":1,"href":"https:\/\/kidsplay.lt\/lv\/wp-json\/wp\/v2\/product\/90323\/revisions"}],"predecessor-version":[{"id":90324,"href":"https:\/\/kidsplay.lt\/lv\/wp-json\/wp\/v2\/product\/90323\/revisions\/90324"}],"wp:featuredmedia":[{"embeddable":true,"href":"https:\/\/kidsplay.lt\/lv\/wp-json\/wp\/v2\/media\/57927"}],"wp:attachment":[{"href":"https:\/\/kidsplay.lt\/lv\/wp-json\/wp\/v2\/media?parent=90323"}],"wp:term":[{"taxonomy":"product_brand","embeddable":true,"href":"https:\/\/kidsplay.lt\/lv\/wp-json\/wp\/v2\/product_brand?post=90323"},{"taxonomy":"product_cat","embeddable":true,"href":"https:\/\/kidsplay.lt\/lv\/wp-json\/wp\/v2\/product_cat?post=90323"},{"taxonomy":"product_tag","embeddable":true,"href":"https:\/\/kidsplay.lt\/lv\/wp-json\/wp\/v2\/product_tag?post=90323"}],"curies":[{"name":"wp","href":"https:\/\/api.w.org\/{rel}","templated":true}]}}