{"id":90327,"date":"2026-02-26T09:42:40","date_gmt":"2026-02-26T07:42:40","guid":{"rendered":"https:\/\/kidsplay.lt\/produktas\/woopie-magnetine-lenta-vaikams-montessori-magpad-dramblys-2\/"},"modified":"2026-04-13T15:20:10","modified_gmt":"2026-04-13T12:20:10","slug":"woopie-magnetine-lenta-vaikams-montessori-magpad-dramblys-2","status":"publish","type":"product","link":"https:\/\/kidsplay.lt\/lv\/products\/woopie-magnetine-lenta-vaikams-montessori-magpad-dramblys-2\/","title":{"rendered":"WOOPIE magn\u0113tisk\u0101 t\u0101fele b\u0113rniem Montessori MagPad zilonis"},"content":{"rendered":"<p>WOOPIE\u00a0magnetin\u0117 lenta\u00a0\u201e\u00a0MagPad\u201c\u00a0atveria j\u016bs\u0173 vaikui duris \u012f k\u016brybi\u0161kumo ir lavinimo pasaul\u012f. \u0160i unikali lenta leid\u017eia j\u016bs\u0173 vaikui\u00a0kurti unikalius ra\u0161tus ir mozaikas\u00a0. Be pa\u010dios lentos, rinkinyje yra magnetinis \u017eymeklis ir 84 magnetiniai mygtukai k\u016brybai. Vienintel\u0117s ribos yra j\u0173 vaizduot\u0117 ir k\u016brybi\u0161kumas \u2013 j\u016bs\u0173 vaikas gali laisvai kurti ra\u0161tus pagal savo id\u0117jas.\u00a0Mygtukai yra tvirti ir patvar\u016bs\u00a0, o surinkimas yra\u00a0intuityvus ir paprastas\u00a0. \u0160is rinkinys yra ne tik smagus, bet ir puiki\u00a0priemon\u0117 mokytis\u00a0ir lavinti rankinius \u012fg\u016bd\u017eius, susikaupim\u0105 ir vaizduot\u0119.<\/p>\n<p>Rakstur\u012bgs:<\/p>\n<p> \t\u2013 B\u0113rniem no 3 gadu vecuma<br \/>\n \t&#8211; Sud\u0117tyje yra\u00a084 spalvingi mygtukai<br \/>\n \t&#8211; \u017daislo valdymas paprastas, tiesiog pakelkite mygtuk\u0105\u00a0magnetiniu ra\u0161ikliu\u00a0ir pad\u0117kite j\u012f tinkamoje vietoje!<br \/>\n \t&#8211;\u00a0\u00a012\u00a0dvipusi\u0173 korteli\u0173 su paruo\u0161tais\u00a0surinkimo\u00a0\u0161ablonais<br \/>\n \t&#8211; Skatina\u00a0k\u016brybi\u0161kum\u0105, vaizduot\u0119\u00a0ir lavina\u00a0rankinius \u012fg\u016bd\u017eius<\/p>\n<p>Komplekt\u0101 ietilpst:<\/p>\n<p> \t&#8211; MagPad magnetin\u0117 lenta<br \/>\n \t&#8211; Magnetinis ra\u0161iklis<br \/>\n \t&#8211; 84 spalvoti mygtukai<br \/>\n \t&#8211; 12 dvipusi\u0173 korteli\u0173 su ra\u0161tais<\/p>\n<p>Rota\u013clieta att\u012bst\u0101s:<\/p>\n<p> \t\u2013 Motorisk\u0101s prasmes<br \/>\n \t&#8211; K\u016brybi\u0161kumas<br \/>\n \t&#8211; Vaizduot\u0117<\/p>","protected":false},"excerpt":{"rendered":"<p>WOOPIE\u00a0magnetin\u0117 lenta\u00a0\u201e\u00a0MagPad\u201c\u00a0atveria j\u016bs\u0173 vaikui duris \u012f k\u016brybi\u0161kumo ir lavinimo pasaul\u012f. \u0160i unikali lenta leid\u017eia j\u016bs\u0173 vaikui\u00a0kurti unikalius ra\u0161tus ir mozaikas\u00a0.<\/p>","protected":false},"featured_media":66999,"template":"","meta":{"_acf_changed":false,"_glsr_average":0,"_glsr_ranking":0,"_glsr_reviews":0},"product_brand":[],"product_cat":[388,229],"product_tag":[],"class_list":{"0":"post-90327","1":"product","2":"type-product","3":"status-publish","4":"has-post-thumbnail","6":"product_cat-edukaciniai-lavinamieji-zaislai","7":"product_cat-zaislai-vaikams","8":"\"style=\"background-color: #2ecc711c;\"","10":"first","11":"instock","12":"purchasable","13":"product-type-simple"},"acf":[],"yoast_head":"<!-- This site is optimized with the Yoast SEO plugin v27.4 - https:\/\/yoast.com\/product\/yoast-seo-wordpress\/ -->\n<title>WOOPIE magnetin\u0117 lenta vaikams Montessori MagPad dramblys<\/title>\n<meta name=\"description\" content=\"WOOPIE magnetin\u0117 lenta vaikams Montessori MagPad dramblys - KidsPlay. Did\u017eiausias vaik\u0173 \u017eaisl\u0173 pasirinkimas.\" \/>\n<meta name=\"robots\" content=\"index, follow, max-snippet:-1, max-image-preview:large, max-video-preview:-1\" \/>\n<link rel=\"canonical\" href=\"https:\/\/kidsplay.lt\/lv\/products\/woopie-magnetine-lenta-vaikams-montessori-magpad-dramblys-2\/\" \/>\n<meta property=\"og:locale\" content=\"lv_LV\" \/>\n<meta property=\"og:type\" content=\"article\" \/>\n<meta property=\"og:title\" content=\"WOOPIE magnetin\u0117 lenta vaikams Montessori MagPad dramblys\" \/>\n<meta property=\"og:description\" content=\"WOOPIE magnetin\u0117 lenta vaikams Montessori MagPad dramblys - KidsPlay. Did\u017eiausias vaik\u0173 \u017eaisl\u0173 pasirinkimas.\" \/>\n<meta property=\"og:url\" content=\"https:\/\/kidsplay.lt\/lv\/products\/woopie-magnetine-lenta-vaikams-montessori-magpad-dramblys-2\/\" \/>\n<meta property=\"og:site_name\" content=\"KidsPlay\" \/>\n<meta property=\"article:publisher\" content=\"https:\/\/www.facebook.com\/www.kidsplay.lt\" \/>\n<meta property=\"article:modified_time\" content=\"2026-04-13T12:20:10+00:00\" \/>\n<meta property=\"og:image\" content=\"https:\/\/kidsplay.lt\/wp-content\/uploads\/2025\/09\/WOOPIE-magnetine-lenta-vaikams-Montessori-MagPad-dramblys.jpg\" \/>\n\t<meta property=\"og:image:width\" content=\"1000\" \/>\n\t<meta property=\"og:image:height\" content=\"1000\" \/>\n\t<meta property=\"og:image:type\" content=\"image\/jpeg\" \/>\n<meta name=\"twitter:card\" content=\"summary_large_image\" \/>\n<meta name=\"twitter:label1\" content=\"Est. reading time\" \/>\n\t<meta name=\"twitter:data1\" content=\"1 min\u016bte\" \/>\n<script type=\"application\/ld+json\" class=\"yoast-schema-graph\">{\"@context\":\"https:\\\/\\\/schema.org\",\"@graph\":[{\"@type\":\"WebPage\",\"@id\":\"https:\\\/\\\/kidsplay.lt\\\/produktas\\\/woopie-magnetine-lenta-vaikams-montessori-magpad-dramblys-2\\\/\",\"url\":\"https:\\\/\\\/kidsplay.lt\\\/produktas\\\/woopie-magnetine-lenta-vaikams-montessori-magpad-dramblys-2\\\/\",\"name\":\"WOOPIE magnetin\u0117 lenta vaikams Montessori MagPad dramblys\",\"isPartOf\":{\"@id\":\"https:\\\/\\\/kidsplay.lt\\\/#website\"},\"primaryImageOfPage\":{\"@id\":\"https:\\\/\\\/kidsplay.lt\\\/produktas\\\/woopie-magnetine-lenta-vaikams-montessori-magpad-dramblys-2\\\/#primaryimage\"},\"image\":{\"@id\":\"https:\\\/\\\/kidsplay.lt\\\/produktas\\\/woopie-magnetine-lenta-vaikams-montessori-magpad-dramblys-2\\\/#primaryimage\"},\"thumbnailUrl\":\"https:\\\/\\\/kidsplay.lt\\\/wp-content\\\/uploads\\\/2025\\\/09\\\/WOOPIE-magnetine-lenta-vaikams-Montessori-MagPad-dramblys.jpg\",\"datePublished\":\"2026-02-26T07:42:40+00:00\",\"dateModified\":\"2026-04-13T12:20:10+00:00\",\"description\":\"WOOPIE magnetin\u0117 lenta vaikams Montessori MagPad dramblys - KidsPlay. Did\u017eiausias vaik\u0173 \u017eaisl\u0173 pasirinkimas.\",\"breadcrumb\":{\"@id\":\"https:\\\/\\\/kidsplay.lt\\\/produktas\\\/woopie-magnetine-lenta-vaikams-montessori-magpad-dramblys-2\\\/#breadcrumb\"},\"inLanguage\":\"lv-LV\",\"potentialAction\":[{\"@type\":\"ReadAction\",\"target\":[\"https:\\\/\\\/kidsplay.lt\\\/produktas\\\/woopie-magnetine-lenta-vaikams-montessori-magpad-dramblys-2\\\/\"]}]},{\"@type\":\"ImageObject\",\"inLanguage\":\"lv-LV\",\"@id\":\"https:\\\/\\\/kidsplay.lt\\\/produktas\\\/woopie-magnetine-lenta-vaikams-montessori-magpad-dramblys-2\\\/#primaryimage\",\"url\":\"https:\\\/\\\/kidsplay.lt\\\/wp-content\\\/uploads\\\/2025\\\/09\\\/WOOPIE-magnetine-lenta-vaikams-Montessori-MagPad-dramblys.jpg\",\"contentUrl\":\"https:\\\/\\\/kidsplay.lt\\\/wp-content\\\/uploads\\\/2025\\\/09\\\/WOOPIE-magnetine-lenta-vaikams-Montessori-MagPad-dramblys.jpg\",\"width\":1000,\"height\":1000,\"caption\":\"WOOPIE magnetin\u0117 lenta vaikams Montessori MagPad dramblys\"},{\"@type\":\"BreadcrumbList\",\"@id\":\"https:\\\/\\\/kidsplay.lt\\\/produktas\\\/woopie-magnetine-lenta-vaikams-montessori-magpad-dramblys-2\\\/#breadcrumb\",\"itemListElement\":[{\"@type\":\"ListItem\",\"position\":1,\"name\":\"Pagrindinis\",\"item\":\"https:\\\/\\\/kidsplay.lt\\\/\"},{\"@type\":\"ListItem\",\"position\":2,\"name\":\"Parduotuv\u0117\",\"item\":\"https:\\\/\\\/kidsplay.lt\\\/parduotuve\\\/\"},{\"@type\":\"ListItem\",\"position\":3,\"name\":\"WOOPIE magnetin\u0117 lenta vaikams Montessori MagPad dramblys\"}]},{\"@type\":\"WebSite\",\"@id\":\"https:\\\/\\\/kidsplay.lt\\\/#website\",\"url\":\"https:\\\/\\\/kidsplay.lt\\\/\",\"name\":\"Kidsplay.lt\",\"description\":\"\u012evairios prek\u0117s vaikams\",\"publisher\":{\"@id\":\"https:\\\/\\\/kidsplay.lt\\\/#organization\"},\"alternateName\":\"Kidsplay\",\"potentialAction\":[{\"@type\":\"SearchAction\",\"target\":{\"@type\":\"EntryPoint\",\"urlTemplate\":\"https:\\\/\\\/kidsplay.lt\\\/?s={search_term_string}\"},\"query-input\":{\"@type\":\"PropertyValueSpecification\",\"valueRequired\":true,\"valueName\":\"search_term_string\"}}],\"inLanguage\":\"lv-LV\"},{\"@type\":\"Organization\",\"@id\":\"https:\\\/\\\/kidsplay.lt\\\/#organization\",\"name\":\"KidsPlay\",\"url\":\"https:\\\/\\\/kidsplay.lt\\\/\",\"logo\":{\"@type\":\"ImageObject\",\"inLanguage\":\"lv-LV\",\"@id\":\"https:\\\/\\\/kidsplay.lt\\\/#\\\/schema\\\/logo\\\/image\\\/\",\"url\":\"https:\\\/\\\/kidsplay.lt\\\/wp-content\\\/uploads\\\/2023\\\/07\\\/kidsplay-logo.png\",\"contentUrl\":\"https:\\\/\\\/kidsplay.lt\\\/wp-content\\\/uploads\\\/2023\\\/07\\\/kidsplay-logo.png\",\"width\":451,\"height\":98,\"caption\":\"KidsPlay\"},\"image\":{\"@id\":\"https:\\\/\\\/kidsplay.lt\\\/#\\\/schema\\\/logo\\\/image\\\/\"},\"sameAs\":[\"https:\\\/\\\/www.facebook.com\\\/www.kidsplay.lt\"]}]}<\/script>\n<!-- \/ Yoast SEO plugin. -->","yoast_head_json":{"title":"WOOPIE magn\u0113tisk\u0101 t\u0101fele b\u0113rniem Montessori MagPad zilonis","description":"WOOPIE magnetin\u0117 lenta vaikams Montessori MagPad dramblys - KidsPlay. Did\u017eiausias vaik\u0173 \u017eaisl\u0173 pasirinkimas.","robots":{"index":"index","follow":"follow","max-snippet":"max-snippet:-1","max-image-preview":"max-image-preview:large","max-video-preview":"max-video-preview:-1"},"canonical":"https:\/\/kidsplay.lt\/lv\/products\/woopie-magnetine-lenta-vaikams-montessori-magpad-dramblys-2\/","og_locale":"lv_LV","og_type":"article","og_title":"WOOPIE magnetin\u0117 lenta vaikams Montessori MagPad dramblys","og_description":"WOOPIE magnetin\u0117 lenta vaikams Montessori MagPad dramblys - KidsPlay. Did\u017eiausias vaik\u0173 \u017eaisl\u0173 pasirinkimas.","og_url":"https:\/\/kidsplay.lt\/lv\/products\/woopie-magnetine-lenta-vaikams-montessori-magpad-dramblys-2\/","og_site_name":"KidsPlay","article_publisher":"https:\/\/www.facebook.com\/www.kidsplay.lt","article_modified_time":"2026-04-13T12:20:10+00:00","og_image":[{"width":1000,"height":1000,"url":"https:\/\/kidsplay.lt\/wp-content\/uploads\/2025\/09\/WOOPIE-magnetine-lenta-vaikams-Montessori-MagPad-dramblys.jpg","type":"image\/jpeg"}],"twitter_card":"summary_large_image","twitter_misc":{"Est. reading time":"1 min\u016bte"},"schema":{"@context":"https:\/\/schema.org","@graph":[{"@type":"WebPage","@id":"https:\/\/kidsplay.lt\/produktas\/woopie-magnetine-lenta-vaikams-montessori-magpad-dramblys-2\/","url":"https:\/\/kidsplay.lt\/produktas\/woopie-magnetine-lenta-vaikams-montessori-magpad-dramblys-2\/","name":"WOOPIE magn\u0113tisk\u0101 t\u0101fele b\u0113rniem Montessori MagPad zilonis","isPartOf":{"@id":"https:\/\/kidsplay.lt\/#website"},"primaryImageOfPage":{"@id":"https:\/\/kidsplay.lt\/produktas\/woopie-magnetine-lenta-vaikams-montessori-magpad-dramblys-2\/#primaryimage"},"image":{"@id":"https:\/\/kidsplay.lt\/produktas\/woopie-magnetine-lenta-vaikams-montessori-magpad-dramblys-2\/#primaryimage"},"thumbnailUrl":"https:\/\/kidsplay.lt\/wp-content\/uploads\/2025\/09\/WOOPIE-magnetine-lenta-vaikams-Montessori-MagPad-dramblys.jpg","datePublished":"2026-02-26T07:42:40+00:00","dateModified":"2026-04-13T12:20:10+00:00","description":"WOOPIE magnetin\u0117 lenta vaikams Montessori MagPad dramblys - KidsPlay. Did\u017eiausias vaik\u0173 \u017eaisl\u0173 pasirinkimas.","breadcrumb":{"@id":"https:\/\/kidsplay.lt\/produktas\/woopie-magnetine-lenta-vaikams-montessori-magpad-dramblys-2\/#breadcrumb"},"inLanguage":"lv-LV","potentialAction":[{"@type":"ReadAction","target":["https:\/\/kidsplay.lt\/produktas\/woopie-magnetine-lenta-vaikams-montessori-magpad-dramblys-2\/"]}]},{"@type":"ImageObject","inLanguage":"lv-LV","@id":"https:\/\/kidsplay.lt\/produktas\/woopie-magnetine-lenta-vaikams-montessori-magpad-dramblys-2\/#primaryimage","url":"https:\/\/kidsplay.lt\/wp-content\/uploads\/2025\/09\/WOOPIE-magnetine-lenta-vaikams-Montessori-MagPad-dramblys.jpg","contentUrl":"https:\/\/kidsplay.lt\/wp-content\/uploads\/2025\/09\/WOOPIE-magnetine-lenta-vaikams-Montessori-MagPad-dramblys.jpg","width":1000,"height":1000,"caption":"WOOPIE magnetin\u0117 lenta vaikams Montessori MagPad dramblys"},{"@type":"BreadcrumbList","@id":"https:\/\/kidsplay.lt\/produktas\/woopie-magnetine-lenta-vaikams-montessori-magpad-dramblys-2\/#breadcrumb","itemListElement":[{"@type":"ListItem","position":1,"name":"Pagrindinis","item":"https:\/\/kidsplay.lt\/"},{"@type":"ListItem","position":2,"name":"Parduotuv\u0117","item":"https:\/\/kidsplay.lt\/parduotuve\/"},{"@type":"ListItem","position":3,"name":"WOOPIE magnetin\u0117 lenta vaikams Montessori MagPad dramblys"}]},{"@type":"WebSite","@id":"https:\/\/kidsplay.lt\/#website","url":"https:\/\/kidsplay.lt\/","name":"B\u0113rnu sp\u0113les.lv","description":"\u012evairios prek\u0117s vaikams","publisher":{"@id":"https:\/\/kidsplay.lt\/#organization"},"alternateName":"Kidsplay","potentialAction":[{"@type":"SearchAction","target":{"@type":"EntryPoint","urlTemplate":"https:\/\/kidsplay.lt\/?s={search_term_string}"},"query-input":{"@type":"PropertyValueSpecification","valueRequired":true,"valueName":"search_term_string"}}],"inLanguage":"lv-LV"},{"@type":"Organization","@id":"https:\/\/kidsplay.lt\/#organization","name":"B\u0113rnu sp\u0113le","url":"https:\/\/kidsplay.lt\/","logo":{"@type":"ImageObject","inLanguage":"lv-LV","@id":"https:\/\/kidsplay.lt\/#\/schema\/logo\/image\/","url":"https:\/\/kidsplay.lt\/wp-content\/uploads\/2023\/07\/kidsplay-logo.png","contentUrl":"https:\/\/kidsplay.lt\/wp-content\/uploads\/2023\/07\/kidsplay-logo.png","width":451,"height":98,"caption":"KidsPlay"},"image":{"@id":"https:\/\/kidsplay.lt\/#\/schema\/logo\/image\/"},"sameAs":["https:\/\/www.facebook.com\/www.kidsplay.lt"]}]}},"_links":{"self":[{"href":"https:\/\/kidsplay.lt\/lv\/wp-json\/wp\/v2\/product\/90327","targetHints":{"allow":["GET"]}}],"collection":[{"href":"https:\/\/kidsplay.lt\/lv\/wp-json\/wp\/v2\/product"}],"about":[{"href":"https:\/\/kidsplay.lt\/lv\/wp-json\/wp\/v2\/types\/product"}],"version-history":[{"count":1,"href":"https:\/\/kidsplay.lt\/lv\/wp-json\/wp\/v2\/product\/90327\/revisions"}],"predecessor-version":[{"id":90328,"href":"https:\/\/kidsplay.lt\/lv\/wp-json\/wp\/v2\/product\/90327\/revisions\/90328"}],"wp:featuredmedia":[{"embeddable":true,"href":"https:\/\/kidsplay.lt\/lv\/wp-json\/wp\/v2\/media\/66999"}],"wp:attachment":[{"href":"https:\/\/kidsplay.lt\/lv\/wp-json\/wp\/v2\/media?parent=90327"}],"wp:term":[{"taxonomy":"product_brand","embeddable":true,"href":"https:\/\/kidsplay.lt\/lv\/wp-json\/wp\/v2\/product_brand?post=90327"},{"taxonomy":"product_cat","embeddable":true,"href":"https:\/\/kidsplay.lt\/lv\/wp-json\/wp\/v2\/product_cat?post=90327"},{"taxonomy":"product_tag","embeddable":true,"href":"https:\/\/kidsplay.lt\/lv\/wp-json\/wp\/v2\/product_tag?post=90327"}],"curies":[{"name":"wp","href":"https:\/\/api.w.org\/{rel}","templated":true}]}}