{"id":90331,"date":"2026-02-26T09:42:45","date_gmt":"2026-02-26T07:42:45","guid":{"rendered":"https:\/\/kidsplay.lt\/produktas\/akumuliatorinis-traktorius\/"},"modified":"2026-03-23T09:08:23","modified_gmt":"2026-03-23T07:08:23","slug":"akumuliatorinis-traktorius","status":"publish","type":"product","link":"https:\/\/kidsplay.lt\/lv\/products\/akumuliatorinis-traktorius\/","title":{"rendered":"Akumuliatorinis traktorius"},"content":{"rendered":"<p>Farmer PowerTrac akumuliatorinis traktorius\u00a0\u00a0yra puiki dovana bet kuriam vaikui. Traktorius skirtas\u00a0vaikams nuo 3 met\u0173\u00a0, labai lengvai valdomas ir leis juo lengvai va\u017eiuoti net ma\u017eiausiems naudotojams. Maksimali gaminio apkrova yra\u00a050 kg\u00a0. Traktorius\u00a0turi priekin\u0117s ir atbulin\u0117s eigos svirt\u012f\u00a0, kuri tikrai palengvins vairavim\u0105, ir\u00a0garsin\u012f signal\u0105\u00a0, kurio d\u0117ka vartotojas gal\u0117s \u012fjungti garso signal\u0105. Saugumo sumetimais traktorius turi\u00a0automatin\u012f stabd\u012f\u00a0, kai tik vaikas nuima koj\u0105 nuo duj\u0173 pedalo. Traktorius turi\u00a06 V varikl\u012f su kairiojo galinio rato pavara\u00a0ir\u00a0grandin\u0117s apsauga nuo perkaitimo\u00a0.\u00a0Neabejotinai didelis \u0161io gaminio privalumas yra galimyb\u0117 \u012fkrauti i\u0161 i\u0161or\u0117s (per akumuliatori\u0173) naudojant \u012fkrovikl\u012f.<\/p>\n<p>Charakteristika:<\/p>\n<p> \tTraktorius\u00a0labai lengvai valdomas\u00a0,<br \/>\n \tTraktorius turi\u00a0priekin\u0117s ir atbulin\u0117s eigos svirt\u012f\u00a0,<br \/>\n \tTraktorius turi\u00a0garso signal\u0105\u00a0,<br \/>\n \tSaugumo sumetimais\u00a0traktorius\u00a0turi\u00a0automatin\u012f stabd\u012f,\u00a0kai tik vaikas nuima koj\u0105 nuo duj\u0173 pedalo,<br \/>\n \tTraktorius turi\u00a06 V varikl\u012f su kairiojo galinio rato pavara\u00a0ir\u00a0grandin\u0117s apsauga nuo perkaitimo\u00a0,<br \/>\n \tI\u0161orinio \u012fkrovimo\u00a0galimyb\u0117\u00a0(per akumuliatori\u0173) naudojant \u012fkrovikl\u012f,<br \/>\n \t3 metams.<\/p>","protected":false},"excerpt":{"rendered":"<p>Farmer PowerTrac akumuliatorinis traktorius\u00a0\u00a0yra puiki dovana bet kuriam vaikui. Traktorius skirtas\u00a0vaikams nuo 3 met\u0173\u00a0, labai lengvai valdomas ir leis juo<\/p>","protected":false},"featured_media":57810,"template":"","meta":{"_acf_changed":false,"_glsr_average":0,"_glsr_ranking":0,"_glsr_reviews":0},"product_brand":[],"product_cat":[310,237],"product_tag":[],"class_list":{"0":"post-90331","1":"product","2":"type-product","3":"status-publish","4":"has-post-thumbnail","6":"product_cat-akumuliatorines-transporto-priemones","7":"product_cat-judejimo-priemones","8":"\"style=\"background-color: #2ecc711c;\"","10":"first","11":"outofstock","12":"purchasable","13":"product-type-simple"},"acf":[],"yoast_head":"<!-- This site is optimized with the Yoast SEO plugin v27.3 - https:\/\/yoast.com\/product\/yoast-seo-wordpress\/ -->\n<title>Akumuliatorinis traktorius<\/title>\n<meta name=\"description\" content=\"Akumuliatorinis traktorius - KidsPlay. Did\u017eiausias vaik\u0173 \u017eaisl\u0173 pasirinkimas.\" \/>\n<meta name=\"robots\" content=\"index, follow, max-snippet:-1, max-image-preview:large, max-video-preview:-1\" \/>\n<link rel=\"canonical\" href=\"https:\/\/kidsplay.lt\/lv\/products\/akumuliatorinis-traktorius\/\" \/>\n<meta property=\"og:locale\" content=\"lv_LV\" \/>\n<meta property=\"og:type\" content=\"article\" \/>\n<meta property=\"og:title\" content=\"Akumuliatorinis traktorius\" \/>\n<meta property=\"og:description\" content=\"Akumuliatorinis traktorius - KidsPlay. Did\u017eiausias vaik\u0173 \u017eaisl\u0173 pasirinkimas.\" \/>\n<meta property=\"og:url\" content=\"https:\/\/kidsplay.lt\/lv\/products\/akumuliatorinis-traktorius\/\" \/>\n<meta property=\"og:site_name\" content=\"KidsPlay\" \/>\n<meta property=\"article:publisher\" content=\"https:\/\/www.facebook.com\/www.kidsplay.lt\" \/>\n<meta property=\"article:modified_time\" content=\"2026-03-23T07:08:23+00:00\" \/>\n<meta property=\"og:image\" content=\"https:\/\/kidsplay.lt\/wp-content\/uploads\/2024\/11\/Akumuliatorinis-traktorius.jpg\" \/>\n\t<meta property=\"og:image:width\" content=\"1000\" \/>\n\t<meta property=\"og:image:height\" content=\"1000\" \/>\n\t<meta property=\"og:image:type\" content=\"image\/jpeg\" \/>\n<meta name=\"twitter:card\" content=\"summary_large_image\" \/>\n<meta name=\"twitter:label1\" content=\"Est. reading time\" \/>\n\t<meta name=\"twitter:data1\" content=\"1 min\u016bte\" \/>\n<script type=\"application\/ld+json\" class=\"yoast-schema-graph\">{\"@context\":\"https:\\\/\\\/schema.org\",\"@graph\":[{\"@type\":\"WebPage\",\"@id\":\"https:\\\/\\\/kidsplay.lt\\\/produktas\\\/akumuliatorinis-traktorius\\\/\",\"url\":\"https:\\\/\\\/kidsplay.lt\\\/produktas\\\/akumuliatorinis-traktorius\\\/\",\"name\":\"Akumuliatorinis traktorius\",\"isPartOf\":{\"@id\":\"https:\\\/\\\/kidsplay.lt\\\/#website\"},\"primaryImageOfPage\":{\"@id\":\"https:\\\/\\\/kidsplay.lt\\\/produktas\\\/akumuliatorinis-traktorius\\\/#primaryimage\"},\"image\":{\"@id\":\"https:\\\/\\\/kidsplay.lt\\\/produktas\\\/akumuliatorinis-traktorius\\\/#primaryimage\"},\"thumbnailUrl\":\"https:\\\/\\\/kidsplay.lt\\\/wp-content\\\/uploads\\\/2024\\\/11\\\/Akumuliatorinis-traktorius.jpg\",\"datePublished\":\"2026-02-26T07:42:45+00:00\",\"dateModified\":\"2026-03-23T07:08:23+00:00\",\"description\":\"Akumuliatorinis traktorius - KidsPlay. Did\u017eiausias vaik\u0173 \u017eaisl\u0173 pasirinkimas.\",\"breadcrumb\":{\"@id\":\"https:\\\/\\\/kidsplay.lt\\\/produktas\\\/akumuliatorinis-traktorius\\\/#breadcrumb\"},\"inLanguage\":\"lv-LV\",\"potentialAction\":[{\"@type\":\"ReadAction\",\"target\":[\"https:\\\/\\\/kidsplay.lt\\\/produktas\\\/akumuliatorinis-traktorius\\\/\"]}]},{\"@type\":\"ImageObject\",\"inLanguage\":\"lv-LV\",\"@id\":\"https:\\\/\\\/kidsplay.lt\\\/produktas\\\/akumuliatorinis-traktorius\\\/#primaryimage\",\"url\":\"https:\\\/\\\/kidsplay.lt\\\/wp-content\\\/uploads\\\/2024\\\/11\\\/Akumuliatorinis-traktorius.jpg\",\"contentUrl\":\"https:\\\/\\\/kidsplay.lt\\\/wp-content\\\/uploads\\\/2024\\\/11\\\/Akumuliatorinis-traktorius.jpg\",\"width\":1000,\"height\":1000,\"caption\":\"Akumuliatorinis traktorius\"},{\"@type\":\"BreadcrumbList\",\"@id\":\"https:\\\/\\\/kidsplay.lt\\\/produktas\\\/akumuliatorinis-traktorius\\\/#breadcrumb\",\"itemListElement\":[{\"@type\":\"ListItem\",\"position\":1,\"name\":\"Pagrindinis\",\"item\":\"https:\\\/\\\/kidsplay.lt\\\/\"},{\"@type\":\"ListItem\",\"position\":2,\"name\":\"Parduotuv\u0117\",\"item\":\"https:\\\/\\\/kidsplay.lt\\\/parduotuve\\\/\"},{\"@type\":\"ListItem\",\"position\":3,\"name\":\"Akumuliatorinis traktorius\"}]},{\"@type\":\"WebSite\",\"@id\":\"https:\\\/\\\/kidsplay.lt\\\/#website\",\"url\":\"https:\\\/\\\/kidsplay.lt\\\/\",\"name\":\"Kidsplay.lt\",\"description\":\"\u012evairios prek\u0117s vaikams\",\"publisher\":{\"@id\":\"https:\\\/\\\/kidsplay.lt\\\/#organization\"},\"alternateName\":\"Kidsplay\",\"potentialAction\":[{\"@type\":\"SearchAction\",\"target\":{\"@type\":\"EntryPoint\",\"urlTemplate\":\"https:\\\/\\\/kidsplay.lt\\\/?s={search_term_string}\"},\"query-input\":{\"@type\":\"PropertyValueSpecification\",\"valueRequired\":true,\"valueName\":\"search_term_string\"}}],\"inLanguage\":\"lv-LV\"},{\"@type\":\"Organization\",\"@id\":\"https:\\\/\\\/kidsplay.lt\\\/#organization\",\"name\":\"KidsPlay\",\"url\":\"https:\\\/\\\/kidsplay.lt\\\/\",\"logo\":{\"@type\":\"ImageObject\",\"inLanguage\":\"lv-LV\",\"@id\":\"https:\\\/\\\/kidsplay.lt\\\/#\\\/schema\\\/logo\\\/image\\\/\",\"url\":\"https:\\\/\\\/kidsplay.lt\\\/wp-content\\\/uploads\\\/2023\\\/07\\\/kidsplay-logo.png\",\"contentUrl\":\"https:\\\/\\\/kidsplay.lt\\\/wp-content\\\/uploads\\\/2023\\\/07\\\/kidsplay-logo.png\",\"width\":451,\"height\":98,\"caption\":\"KidsPlay\"},\"image\":{\"@id\":\"https:\\\/\\\/kidsplay.lt\\\/#\\\/schema\\\/logo\\\/image\\\/\"},\"sameAs\":[\"https:\\\/\\\/www.facebook.com\\\/www.kidsplay.lt\"]}]}<\/script>\n<!-- \/ Yoast SEO plugin. -->","yoast_head_json":{"title":"Akumuliatorinis traktorius","description":"Akumuliatorinis traktorius - KidsPlay. Did\u017eiausias vaik\u0173 \u017eaisl\u0173 pasirinkimas.","robots":{"index":"index","follow":"follow","max-snippet":"max-snippet:-1","max-image-preview":"max-image-preview:large","max-video-preview":"max-video-preview:-1"},"canonical":"https:\/\/kidsplay.lt\/lv\/products\/akumuliatorinis-traktorius\/","og_locale":"lv_LV","og_type":"article","og_title":"Akumuliatorinis traktorius","og_description":"Akumuliatorinis traktorius - KidsPlay. Did\u017eiausias vaik\u0173 \u017eaisl\u0173 pasirinkimas.","og_url":"https:\/\/kidsplay.lt\/lv\/products\/akumuliatorinis-traktorius\/","og_site_name":"KidsPlay","article_publisher":"https:\/\/www.facebook.com\/www.kidsplay.lt","article_modified_time":"2026-03-23T07:08:23+00:00","og_image":[{"width":1000,"height":1000,"url":"https:\/\/kidsplay.lt\/wp-content\/uploads\/2024\/11\/Akumuliatorinis-traktorius.jpg","type":"image\/jpeg"}],"twitter_card":"summary_large_image","twitter_misc":{"Est. reading time":"1 min\u016bte"},"schema":{"@context":"https:\/\/schema.org","@graph":[{"@type":"WebPage","@id":"https:\/\/kidsplay.lt\/produktas\/akumuliatorinis-traktorius\/","url":"https:\/\/kidsplay.lt\/produktas\/akumuliatorinis-traktorius\/","name":"Akumuliatorinis traktorius","isPartOf":{"@id":"https:\/\/kidsplay.lt\/#website"},"primaryImageOfPage":{"@id":"https:\/\/kidsplay.lt\/produktas\/akumuliatorinis-traktorius\/#primaryimage"},"image":{"@id":"https:\/\/kidsplay.lt\/produktas\/akumuliatorinis-traktorius\/#primaryimage"},"thumbnailUrl":"https:\/\/kidsplay.lt\/wp-content\/uploads\/2024\/11\/Akumuliatorinis-traktorius.jpg","datePublished":"2026-02-26T07:42:45+00:00","dateModified":"2026-03-23T07:08:23+00:00","description":"Akumuliatorinis traktorius - KidsPlay. Did\u017eiausias vaik\u0173 \u017eaisl\u0173 pasirinkimas.","breadcrumb":{"@id":"https:\/\/kidsplay.lt\/produktas\/akumuliatorinis-traktorius\/#breadcrumb"},"inLanguage":"lv-LV","potentialAction":[{"@type":"ReadAction","target":["https:\/\/kidsplay.lt\/produktas\/akumuliatorinis-traktorius\/"]}]},{"@type":"ImageObject","inLanguage":"lv-LV","@id":"https:\/\/kidsplay.lt\/produktas\/akumuliatorinis-traktorius\/#primaryimage","url":"https:\/\/kidsplay.lt\/wp-content\/uploads\/2024\/11\/Akumuliatorinis-traktorius.jpg","contentUrl":"https:\/\/kidsplay.lt\/wp-content\/uploads\/2024\/11\/Akumuliatorinis-traktorius.jpg","width":1000,"height":1000,"caption":"Akumuliatorinis traktorius"},{"@type":"BreadcrumbList","@id":"https:\/\/kidsplay.lt\/produktas\/akumuliatorinis-traktorius\/#breadcrumb","itemListElement":[{"@type":"ListItem","position":1,"name":"Pagrindinis","item":"https:\/\/kidsplay.lt\/"},{"@type":"ListItem","position":2,"name":"Parduotuv\u0117","item":"https:\/\/kidsplay.lt\/parduotuve\/"},{"@type":"ListItem","position":3,"name":"Akumuliatorinis traktorius"}]},{"@type":"WebSite","@id":"https:\/\/kidsplay.lt\/#website","url":"https:\/\/kidsplay.lt\/","name":"B\u0113rnu sp\u0113les.lv","description":"\u012evairios prek\u0117s vaikams","publisher":{"@id":"https:\/\/kidsplay.lt\/#organization"},"alternateName":"Kidsplay","potentialAction":[{"@type":"SearchAction","target":{"@type":"EntryPoint","urlTemplate":"https:\/\/kidsplay.lt\/?s={search_term_string}"},"query-input":{"@type":"PropertyValueSpecification","valueRequired":true,"valueName":"search_term_string"}}],"inLanguage":"lv-LV"},{"@type":"Organization","@id":"https:\/\/kidsplay.lt\/#organization","name":"B\u0113rnu sp\u0113le","url":"https:\/\/kidsplay.lt\/","logo":{"@type":"ImageObject","inLanguage":"lv-LV","@id":"https:\/\/kidsplay.lt\/#\/schema\/logo\/image\/","url":"https:\/\/kidsplay.lt\/wp-content\/uploads\/2023\/07\/kidsplay-logo.png","contentUrl":"https:\/\/kidsplay.lt\/wp-content\/uploads\/2023\/07\/kidsplay-logo.png","width":451,"height":98,"caption":"KidsPlay"},"image":{"@id":"https:\/\/kidsplay.lt\/#\/schema\/logo\/image\/"},"sameAs":["https:\/\/www.facebook.com\/www.kidsplay.lt"]}]}},"_links":{"self":[{"href":"https:\/\/kidsplay.lt\/lv\/wp-json\/wp\/v2\/product\/90331","targetHints":{"allow":["GET"]}}],"collection":[{"href":"https:\/\/kidsplay.lt\/lv\/wp-json\/wp\/v2\/product"}],"about":[{"href":"https:\/\/kidsplay.lt\/lv\/wp-json\/wp\/v2\/types\/product"}],"version-history":[{"count":1,"href":"https:\/\/kidsplay.lt\/lv\/wp-json\/wp\/v2\/product\/90331\/revisions"}],"predecessor-version":[{"id":90332,"href":"https:\/\/kidsplay.lt\/lv\/wp-json\/wp\/v2\/product\/90331\/revisions\/90332"}],"wp:featuredmedia":[{"embeddable":true,"href":"https:\/\/kidsplay.lt\/lv\/wp-json\/wp\/v2\/media\/57810"}],"wp:attachment":[{"href":"https:\/\/kidsplay.lt\/lv\/wp-json\/wp\/v2\/media?parent=90331"}],"wp:term":[{"taxonomy":"product_brand","embeddable":true,"href":"https:\/\/kidsplay.lt\/lv\/wp-json\/wp\/v2\/product_brand?post=90331"},{"taxonomy":"product_cat","embeddable":true,"href":"https:\/\/kidsplay.lt\/lv\/wp-json\/wp\/v2\/product_cat?post=90331"},{"taxonomy":"product_tag","embeddable":true,"href":"https:\/\/kidsplay.lt\/lv\/wp-json\/wp\/v2\/product_tag?post=90331"}],"curies":[{"name":"wp","href":"https:\/\/api.w.org\/{rel}","templated":true}]}}