{"id":90347,"date":"2026-02-26T09:43:13","date_gmt":"2026-02-26T07:43:13","guid":{"rendered":"https:\/\/kidsplay.lt\/produktas\/elektriniai-traukiniu-begiai-su-traukiniu\/"},"modified":"2026-04-13T15:20:41","modified_gmt":"2026-04-13T12:20:41","slug":"elektriniai-traukiniu-begiai-su-traukiniu","status":"publish","type":"product","link":"https:\/\/kidsplay.lt\/lv\/products\/elektriniai-traukiniu-begiai-su-traukiniu\/","title":{"rendered":"Elektriniai traukini\u0173 b\u0117giai su traukiniu"},"content":{"rendered":"<p>WOOPIE Classical Train + 29 aksesuarai\u00a0yra puikus gaminys, kuris kiekvienam ma\u017eajam traukinio ma\u0161inistui suteiks daug d\u017eiaugsmo ir linksmybi\u0173. Gaminys pagamintas skiriant i\u0161skirtin\u012f d\u0117mes\u012f kiekvienai smulkmenai. \u012e komplekt\u0105 \u012feina:\u00a0vik\u0161ras, lokomotyvas, anglies vagonas ir vagonai\u00a0. \u017daidimas skatins kiekvieno vaiko\u00a0k\u016brybi\u0161kum\u0105, vaizduot\u0119\u00a0ir lavins\u00a0rankinius \u012fg\u016bd\u017eius\u00a0. Va\u017eiuojant lokomotyvas skleid\u017eia tikrovi\u0161kus garsus, dega priekiniai \u017eibintai ir i\u0161 kamino kyla d\u016bmai. B\u0117giai turi labai paprastas jungtis, tod\u0117l viso traukinio surinkimas yra vaiki\u0161kas \u017eaidimas! Produktas skirtas\u00a0vyresniems nei 3 met\u0173 vaikams.<\/p>\n<p>Raksturojums:<\/p>\n<p> \t&#8211; auk\u0161ta darbo kokyb\u0117;<br \/>\n \t&#8211; produktas, skirtas vyresniems nei 3 met\u0173\u00a0vaikams ,<br \/>\n \t&#8211; rinkin\u012f sudaro 29 elementai, \u012fskaitant: : b\u0117giai, lokomotyvas, anglies vagonas, vagonai,<br \/>\n \t&#8211; va\u017eiuojant lokomotyvas skleid\u017eia\u00a0tikrovi\u0161k\u0105 gars\u0105\u00a0ir\u00a0u\u017esidega priekinis \u0161viesos diodas\u00a0, o\u00a0i\u0161 kamino kyla d\u016bmai,<br \/>\n \t&#8211; paprastas b\u016bdas sujungti takelius,<br \/>\n \t&#8211; lokomotyvo su vagonais ilgis:\u00a0\u00a094 cm,<br \/>\n \t&#8211; takelio ilgis:\u00a0\u00a0\u00a0460 cm,<br \/>\n \t&#8211; takelio matmenys:\u00a0\u00a0\u00a0170 x 82 cm,<br \/>\n \t&#8211; Reikalingos baterijos: 4 x AA\u00a0(\u012f komplekt\u0105 ne\u012feina).<\/p>\n<p>\u017daislas:<\/p>\n<p> \t&#8211; lavina rankinius \u012fg\u016bd\u017eius,<br \/>\n \t&#8211; lavina vaizduot\u0119,<br \/>\n \t&#8211; skatina k\u016brybi\u0161kum\u0105.<\/p>","protected":false},"excerpt":{"rendered":"<p>WOOPIE Classical Train + 29 aksesuarai\u00a0yra puikus gaminys, kuris kiekvienam ma\u017eajam traukinio ma\u0161inistui suteiks daug d\u017eiaugsmo ir linksmybi\u0173. Gaminys pagamintas<\/p>","protected":false},"featured_media":57289,"template":"","meta":{"_acf_changed":false,"_glsr_average":0,"_glsr_ranking":0,"_glsr_reviews":0},"product_brand":[],"product_cat":[448,229],"product_tag":[],"class_list":{"0":"post-90347","1":"product","2":"type-product","3":"status-publish","4":"has-post-thumbnail","6":"product_cat-automobiliai-ir-transportas","7":"product_cat-zaislai-vaikams","8":"\"style=\"background-color: #2ecc711c;\"","10":"first","11":"instock","12":"purchasable","13":"product-type-simple"},"acf":[],"yoast_head":"<!-- This site is optimized with the Yoast SEO plugin v27.4 - https:\/\/yoast.com\/product\/yoast-seo-wordpress\/ -->\n<title>Elektriniai traukini\u0173 b\u0117giai su traukiniu<\/title>\n<meta name=\"description\" content=\"Elektriniai traukini\u0173 b\u0117giai su traukiniu - KidsPlay. Did\u017eiausias vaik\u0173 \u017eaisl\u0173 pasirinkimas.\" \/>\n<meta name=\"robots\" content=\"index, follow, max-snippet:-1, max-image-preview:large, max-video-preview:-1\" \/>\n<link rel=\"canonical\" href=\"https:\/\/kidsplay.lt\/lv\/products\/elektriniai-traukiniu-begiai-su-traukiniu\/\" \/>\n<meta property=\"og:locale\" content=\"lv_LV\" \/>\n<meta property=\"og:type\" content=\"article\" \/>\n<meta property=\"og:title\" content=\"Elektriniai traukini\u0173 b\u0117giai su traukiniu\" \/>\n<meta property=\"og:description\" content=\"Elektriniai traukini\u0173 b\u0117giai su traukiniu - KidsPlay. Did\u017eiausias vaik\u0173 \u017eaisl\u0173 pasirinkimas.\" \/>\n<meta property=\"og:url\" content=\"https:\/\/kidsplay.lt\/lv\/products\/elektriniai-traukiniu-begiai-su-traukiniu\/\" \/>\n<meta property=\"og:site_name\" content=\"KidsPlay\" \/>\n<meta property=\"article:publisher\" content=\"https:\/\/www.facebook.com\/www.kidsplay.lt\" \/>\n<meta property=\"article:modified_time\" content=\"2026-04-13T12:20:41+00:00\" \/>\n<meta property=\"og:image\" content=\"https:\/\/kidsplay.lt\/wp-content\/uploads\/2024\/10\/Elektriniai-traukiniu-begiai-su-traukiniu.jpg\" \/>\n\t<meta property=\"og:image:width\" content=\"719\" \/>\n\t<meta property=\"og:image:height\" content=\"719\" \/>\n\t<meta property=\"og:image:type\" content=\"image\/jpeg\" \/>\n<meta name=\"twitter:card\" content=\"summary_large_image\" \/>\n<meta name=\"twitter:label1\" content=\"Est. reading time\" \/>\n\t<meta name=\"twitter:data1\" content=\"1 min\u016bte\" \/>\n<script type=\"application\/ld+json\" class=\"yoast-schema-graph\">{\"@context\":\"https:\\\/\\\/schema.org\",\"@graph\":[{\"@type\":\"WebPage\",\"@id\":\"https:\\\/\\\/kidsplay.lt\\\/produktas\\\/elektriniai-traukiniu-begiai-su-traukiniu\\\/\",\"url\":\"https:\\\/\\\/kidsplay.lt\\\/produktas\\\/elektriniai-traukiniu-begiai-su-traukiniu\\\/\",\"name\":\"Elektriniai traukini\u0173 b\u0117giai su traukiniu\",\"isPartOf\":{\"@id\":\"https:\\\/\\\/kidsplay.lt\\\/#website\"},\"primaryImageOfPage\":{\"@id\":\"https:\\\/\\\/kidsplay.lt\\\/produktas\\\/elektriniai-traukiniu-begiai-su-traukiniu\\\/#primaryimage\"},\"image\":{\"@id\":\"https:\\\/\\\/kidsplay.lt\\\/produktas\\\/elektriniai-traukiniu-begiai-su-traukiniu\\\/#primaryimage\"},\"thumbnailUrl\":\"https:\\\/\\\/kidsplay.lt\\\/wp-content\\\/uploads\\\/2024\\\/10\\\/Elektriniai-traukiniu-begiai-su-traukiniu.jpg\",\"datePublished\":\"2026-02-26T07:43:13+00:00\",\"dateModified\":\"2026-04-13T12:20:41+00:00\",\"description\":\"Elektriniai traukini\u0173 b\u0117giai su traukiniu - KidsPlay. Did\u017eiausias vaik\u0173 \u017eaisl\u0173 pasirinkimas.\",\"breadcrumb\":{\"@id\":\"https:\\\/\\\/kidsplay.lt\\\/produktas\\\/elektriniai-traukiniu-begiai-su-traukiniu\\\/#breadcrumb\"},\"inLanguage\":\"lv-LV\",\"potentialAction\":[{\"@type\":\"ReadAction\",\"target\":[\"https:\\\/\\\/kidsplay.lt\\\/produktas\\\/elektriniai-traukiniu-begiai-su-traukiniu\\\/\"]}]},{\"@type\":\"ImageObject\",\"inLanguage\":\"lv-LV\",\"@id\":\"https:\\\/\\\/kidsplay.lt\\\/produktas\\\/elektriniai-traukiniu-begiai-su-traukiniu\\\/#primaryimage\",\"url\":\"https:\\\/\\\/kidsplay.lt\\\/wp-content\\\/uploads\\\/2024\\\/10\\\/Elektriniai-traukiniu-begiai-su-traukiniu.jpg\",\"contentUrl\":\"https:\\\/\\\/kidsplay.lt\\\/wp-content\\\/uploads\\\/2024\\\/10\\\/Elektriniai-traukiniu-begiai-su-traukiniu.jpg\",\"width\":719,\"height\":719,\"caption\":\"Elektriniai traukini\u0173 b\u0117giai su traukiniu\"},{\"@type\":\"BreadcrumbList\",\"@id\":\"https:\\\/\\\/kidsplay.lt\\\/produktas\\\/elektriniai-traukiniu-begiai-su-traukiniu\\\/#breadcrumb\",\"itemListElement\":[{\"@type\":\"ListItem\",\"position\":1,\"name\":\"Pagrindinis\",\"item\":\"https:\\\/\\\/kidsplay.lt\\\/\"},{\"@type\":\"ListItem\",\"position\":2,\"name\":\"Parduotuv\u0117\",\"item\":\"https:\\\/\\\/kidsplay.lt\\\/parduotuve\\\/\"},{\"@type\":\"ListItem\",\"position\":3,\"name\":\"Elektriniai traukini\u0173 b\u0117giai su traukiniu\"}]},{\"@type\":\"WebSite\",\"@id\":\"https:\\\/\\\/kidsplay.lt\\\/#website\",\"url\":\"https:\\\/\\\/kidsplay.lt\\\/\",\"name\":\"Kidsplay.lt\",\"description\":\"\u012evairios prek\u0117s vaikams\",\"publisher\":{\"@id\":\"https:\\\/\\\/kidsplay.lt\\\/#organization\"},\"alternateName\":\"Kidsplay\",\"potentialAction\":[{\"@type\":\"SearchAction\",\"target\":{\"@type\":\"EntryPoint\",\"urlTemplate\":\"https:\\\/\\\/kidsplay.lt\\\/?s={search_term_string}\"},\"query-input\":{\"@type\":\"PropertyValueSpecification\",\"valueRequired\":true,\"valueName\":\"search_term_string\"}}],\"inLanguage\":\"lv-LV\"},{\"@type\":\"Organization\",\"@id\":\"https:\\\/\\\/kidsplay.lt\\\/#organization\",\"name\":\"KidsPlay\",\"url\":\"https:\\\/\\\/kidsplay.lt\\\/\",\"logo\":{\"@type\":\"ImageObject\",\"inLanguage\":\"lv-LV\",\"@id\":\"https:\\\/\\\/kidsplay.lt\\\/#\\\/schema\\\/logo\\\/image\\\/\",\"url\":\"https:\\\/\\\/kidsplay.lt\\\/wp-content\\\/uploads\\\/2023\\\/07\\\/kidsplay-logo.png\",\"contentUrl\":\"https:\\\/\\\/kidsplay.lt\\\/wp-content\\\/uploads\\\/2023\\\/07\\\/kidsplay-logo.png\",\"width\":451,\"height\":98,\"caption\":\"KidsPlay\"},\"image\":{\"@id\":\"https:\\\/\\\/kidsplay.lt\\\/#\\\/schema\\\/logo\\\/image\\\/\"},\"sameAs\":[\"https:\\\/\\\/www.facebook.com\\\/www.kidsplay.lt\"]}]}<\/script>\n<!-- \/ Yoast SEO plugin. -->","yoast_head_json":{"title":"Elektriniai traukini\u0173 b\u0117giai su traukiniu","description":"Elektriniai traukini\u0173 b\u0117giai su traukiniu - KidsPlay. Did\u017eiausias vaik\u0173 \u017eaisl\u0173 pasirinkimas.","robots":{"index":"index","follow":"follow","max-snippet":"max-snippet:-1","max-image-preview":"max-image-preview:large","max-video-preview":"max-video-preview:-1"},"canonical":"https:\/\/kidsplay.lt\/lv\/products\/elektriniai-traukiniu-begiai-su-traukiniu\/","og_locale":"lv_LV","og_type":"article","og_title":"Elektriniai traukini\u0173 b\u0117giai su traukiniu","og_description":"Elektriniai traukini\u0173 b\u0117giai su traukiniu - KidsPlay. Did\u017eiausias vaik\u0173 \u017eaisl\u0173 pasirinkimas.","og_url":"https:\/\/kidsplay.lt\/lv\/products\/elektriniai-traukiniu-begiai-su-traukiniu\/","og_site_name":"KidsPlay","article_publisher":"https:\/\/www.facebook.com\/www.kidsplay.lt","article_modified_time":"2026-04-13T12:20:41+00:00","og_image":[{"width":719,"height":719,"url":"https:\/\/kidsplay.lt\/wp-content\/uploads\/2024\/10\/Elektriniai-traukiniu-begiai-su-traukiniu.jpg","type":"image\/jpeg"}],"twitter_card":"summary_large_image","twitter_misc":{"Est. reading time":"1 min\u016bte"},"schema":{"@context":"https:\/\/schema.org","@graph":[{"@type":"WebPage","@id":"https:\/\/kidsplay.lt\/produktas\/elektriniai-traukiniu-begiai-su-traukiniu\/","url":"https:\/\/kidsplay.lt\/produktas\/elektriniai-traukiniu-begiai-su-traukiniu\/","name":"Elektriniai traukini\u0173 b\u0117giai su traukiniu","isPartOf":{"@id":"https:\/\/kidsplay.lt\/#website"},"primaryImageOfPage":{"@id":"https:\/\/kidsplay.lt\/produktas\/elektriniai-traukiniu-begiai-su-traukiniu\/#primaryimage"},"image":{"@id":"https:\/\/kidsplay.lt\/produktas\/elektriniai-traukiniu-begiai-su-traukiniu\/#primaryimage"},"thumbnailUrl":"https:\/\/kidsplay.lt\/wp-content\/uploads\/2024\/10\/Elektriniai-traukiniu-begiai-su-traukiniu.jpg","datePublished":"2026-02-26T07:43:13+00:00","dateModified":"2026-04-13T12:20:41+00:00","description":"Elektriniai traukini\u0173 b\u0117giai su traukiniu - KidsPlay. Did\u017eiausias vaik\u0173 \u017eaisl\u0173 pasirinkimas.","breadcrumb":{"@id":"https:\/\/kidsplay.lt\/produktas\/elektriniai-traukiniu-begiai-su-traukiniu\/#breadcrumb"},"inLanguage":"lv-LV","potentialAction":[{"@type":"ReadAction","target":["https:\/\/kidsplay.lt\/produktas\/elektriniai-traukiniu-begiai-su-traukiniu\/"]}]},{"@type":"ImageObject","inLanguage":"lv-LV","@id":"https:\/\/kidsplay.lt\/produktas\/elektriniai-traukiniu-begiai-su-traukiniu\/#primaryimage","url":"https:\/\/kidsplay.lt\/wp-content\/uploads\/2024\/10\/Elektriniai-traukiniu-begiai-su-traukiniu.jpg","contentUrl":"https:\/\/kidsplay.lt\/wp-content\/uploads\/2024\/10\/Elektriniai-traukiniu-begiai-su-traukiniu.jpg","width":719,"height":719,"caption":"Elektriniai traukini\u0173 b\u0117giai su traukiniu"},{"@type":"BreadcrumbList","@id":"https:\/\/kidsplay.lt\/produktas\/elektriniai-traukiniu-begiai-su-traukiniu\/#breadcrumb","itemListElement":[{"@type":"ListItem","position":1,"name":"Pagrindinis","item":"https:\/\/kidsplay.lt\/"},{"@type":"ListItem","position":2,"name":"Parduotuv\u0117","item":"https:\/\/kidsplay.lt\/parduotuve\/"},{"@type":"ListItem","position":3,"name":"Elektriniai traukini\u0173 b\u0117giai su traukiniu"}]},{"@type":"WebSite","@id":"https:\/\/kidsplay.lt\/#website","url":"https:\/\/kidsplay.lt\/","name":"B\u0113rnu sp\u0113les.lv","description":"\u012evairios prek\u0117s vaikams","publisher":{"@id":"https:\/\/kidsplay.lt\/#organization"},"alternateName":"Kidsplay","potentialAction":[{"@type":"SearchAction","target":{"@type":"EntryPoint","urlTemplate":"https:\/\/kidsplay.lt\/?s={search_term_string}"},"query-input":{"@type":"PropertyValueSpecification","valueRequired":true,"valueName":"search_term_string"}}],"inLanguage":"lv-LV"},{"@type":"Organization","@id":"https:\/\/kidsplay.lt\/#organization","name":"B\u0113rnu sp\u0113le","url":"https:\/\/kidsplay.lt\/","logo":{"@type":"ImageObject","inLanguage":"lv-LV","@id":"https:\/\/kidsplay.lt\/#\/schema\/logo\/image\/","url":"https:\/\/kidsplay.lt\/wp-content\/uploads\/2023\/07\/kidsplay-logo.png","contentUrl":"https:\/\/kidsplay.lt\/wp-content\/uploads\/2023\/07\/kidsplay-logo.png","width":451,"height":98,"caption":"KidsPlay"},"image":{"@id":"https:\/\/kidsplay.lt\/#\/schema\/logo\/image\/"},"sameAs":["https:\/\/www.facebook.com\/www.kidsplay.lt"]}]}},"_links":{"self":[{"href":"https:\/\/kidsplay.lt\/lv\/wp-json\/wp\/v2\/product\/90347","targetHints":{"allow":["GET"]}}],"collection":[{"href":"https:\/\/kidsplay.lt\/lv\/wp-json\/wp\/v2\/product"}],"about":[{"href":"https:\/\/kidsplay.lt\/lv\/wp-json\/wp\/v2\/types\/product"}],"version-history":[{"count":1,"href":"https:\/\/kidsplay.lt\/lv\/wp-json\/wp\/v2\/product\/90347\/revisions"}],"predecessor-version":[{"id":90348,"href":"https:\/\/kidsplay.lt\/lv\/wp-json\/wp\/v2\/product\/90347\/revisions\/90348"}],"wp:featuredmedia":[{"embeddable":true,"href":"https:\/\/kidsplay.lt\/lv\/wp-json\/wp\/v2\/media\/57289"}],"wp:attachment":[{"href":"https:\/\/kidsplay.lt\/lv\/wp-json\/wp\/v2\/media?parent=90347"}],"wp:term":[{"taxonomy":"product_brand","embeddable":true,"href":"https:\/\/kidsplay.lt\/lv\/wp-json\/wp\/v2\/product_brand?post=90347"},{"taxonomy":"product_cat","embeddable":true,"href":"https:\/\/kidsplay.lt\/lv\/wp-json\/wp\/v2\/product_cat?post=90347"},{"taxonomy":"product_tag","embeddable":true,"href":"https:\/\/kidsplay.lt\/lv\/wp-json\/wp\/v2\/product_tag?post=90347"}],"curies":[{"name":"wp","href":"https:\/\/api.w.org\/{rel}","templated":true}]}}