{"id":90353,"date":"2026-02-26T09:43:22","date_gmt":"2026-02-26T07:43:22","guid":{"rendered":"https:\/\/kidsplay.lt\/produktas\/automobiliu-paleidimo-rinkinys\/"},"modified":"2026-04-07T09:37:12","modified_gmt":"2026-04-07T06:37:12","slug":"automobiliu-paleidimo-rinkinys","status":"publish","type":"product","link":"https:\/\/kidsplay.lt\/lv\/products\/automobiliu-paleidimo-rinkinys\/","title":{"rendered":"Automobili\u0173 paleidimo rinkinys"},"content":{"rendered":"<p>Automobilis su\u00a0WOOPIE\u00a0mark\u0117s paleidimo \u012ftaisu\u00a0yra puiki id\u0117ja vaikams.\u00a0Automobilio\u00a0viduje\u00a0yra\u00a0dvi ma\u017eesn\u0117s transporto priemon\u0117s ant rat\u0173\u00a0. Visame rinkinyje\u00a0yra\u00a0paleidimo priemon\u0117\u00a0, kuri\u00a0leid\u017eia dar labiau pa\u012fvairinti pramogas. \u012estatykite automobil\u012f \u012f katapult\u0105, pasukite vair\u0105 ir paspauskite garso signal\u0105, ir j\u016bs\u0173 automobilis i\u0161\u0161oks i\u0161 transporto priemon\u0117s! Automobilyje taip pat yra\u00a0sensorini\u0173 element\u0173,\u00a0toki\u0173 kaip garsai ratuose, kai jie sukasi. Puikus pasirinkimas \u017eaisti su draugais arba vienam.<\/p>\n<p>Produkto charakteristikos:<\/p>\n<p> \t&#8211; \u017eaislas\u00a0nuo 18 m\u0117nesi\u0173 am\u017eiaus,<br \/>\n \t&#8211; komplekte yra\u00a02 ma\u017eesn\u0117s transporto priemon\u0117s\u00a0ant rat\u0173,<br \/>\n \t&#8211;\u00a0\u012frengta paleidimo priemon\u0117,\u00a0skirta katapultuoti transporto priemones,<br \/>\n \t&#8211;\u00a0turi jutimo elementus\u00a0: besisukan\u010di\u0173 rat\u0173 skleid\u017eiamus garsus,<br \/>\n \t&#8211; puiki pramoga vienam ar keliems \u017emon\u0117ms,<br \/>\n \t&#8211;\u00a0stimuliuoja vaiko poj\u016b\u010dius:\u00a0lavina rank\u0173 ir aki\u0173 koordinacij\u0105 bei skatina aktyv\u0173 \u017eaidim\u0105<\/p>","protected":false},"excerpt":{"rendered":"<p>Automobilis su\u00a0WOOPIE\u00a0mark\u0117s paleidimo \u012ftaisu\u00a0yra puiki id\u0117ja vaikams.\u00a0Automobilio\u00a0viduje\u00a0yra\u00a0dvi ma\u017eesn\u0117s transporto priemon\u0117s ant rat\u0173\u00a0. Visame rinkinyje\u00a0yra\u00a0paleidimo priemon\u0117\u00a0, kuri\u00a0leid\u017eia dar labiau pa\u012fvairinti pramogas.<\/p>","protected":false},"featured_media":57296,"template":"","meta":{"_acf_changed":false,"_glsr_average":0,"_glsr_ranking":0,"_glsr_reviews":0},"product_brand":[],"product_cat":[396,229],"product_tag":[],"class_list":{"0":"post-90353","1":"product","2":"type-product","3":"status-publish","4":"has-post-thumbnail","6":"product_cat-kudikiu-zaislai-vaikams2","7":"product_cat-zaislai-vaikams","8":"\"style=\"background-color: #2ecc711c;\"","10":"first","11":"instock","12":"purchasable","13":"product-type-simple"},"acf":[],"yoast_head":"<!-- This site is optimized with the Yoast SEO plugin v27.3 - https:\/\/yoast.com\/product\/yoast-seo-wordpress\/ -->\n<title>Automobili\u0173 paleidimo rinkinys<\/title>\n<meta name=\"description\" content=\"Automobili\u0173 paleidimo rinkinys - KidsPlay. Did\u017eiausias vaik\u0173 \u017eaisl\u0173 pasirinkimas.\" \/>\n<meta name=\"robots\" content=\"index, follow, max-snippet:-1, max-image-preview:large, max-video-preview:-1\" \/>\n<link rel=\"canonical\" href=\"https:\/\/kidsplay.lt\/lv\/products\/automobiliu-paleidimo-rinkinys\/\" \/>\n<meta property=\"og:locale\" content=\"lv_LV\" \/>\n<meta property=\"og:type\" content=\"article\" \/>\n<meta property=\"og:title\" content=\"Automobili\u0173 paleidimo rinkinys\" \/>\n<meta property=\"og:description\" content=\"Automobili\u0173 paleidimo rinkinys - KidsPlay. Did\u017eiausias vaik\u0173 \u017eaisl\u0173 pasirinkimas.\" \/>\n<meta property=\"og:url\" content=\"https:\/\/kidsplay.lt\/lv\/products\/automobiliu-paleidimo-rinkinys\/\" \/>\n<meta property=\"og:site_name\" content=\"KidsPlay\" \/>\n<meta property=\"article:publisher\" content=\"https:\/\/www.facebook.com\/www.kidsplay.lt\" \/>\n<meta property=\"article:modified_time\" content=\"2026-04-07T06:37:12+00:00\" \/>\n<meta property=\"og:image\" content=\"https:\/\/kidsplay.lt\/wp-content\/uploads\/2024\/10\/Automobiliu-paleidimo-rinkinys.jpg\" \/>\n\t<meta property=\"og:image:width\" content=\"1000\" \/>\n\t<meta property=\"og:image:height\" content=\"1000\" \/>\n\t<meta property=\"og:image:type\" content=\"image\/jpeg\" \/>\n<meta name=\"twitter:card\" content=\"summary_large_image\" \/>\n<meta name=\"twitter:label1\" content=\"Est. reading time\" \/>\n\t<meta name=\"twitter:data1\" content=\"1 min\u016bte\" \/>\n<script type=\"application\/ld+json\" class=\"yoast-schema-graph\">{\"@context\":\"https:\\\/\\\/schema.org\",\"@graph\":[{\"@type\":\"WebPage\",\"@id\":\"https:\\\/\\\/kidsplay.lt\\\/produktas\\\/automobiliu-paleidimo-rinkinys\\\/\",\"url\":\"https:\\\/\\\/kidsplay.lt\\\/produktas\\\/automobiliu-paleidimo-rinkinys\\\/\",\"name\":\"Automobili\u0173 paleidimo rinkinys\",\"isPartOf\":{\"@id\":\"https:\\\/\\\/kidsplay.lt\\\/#website\"},\"primaryImageOfPage\":{\"@id\":\"https:\\\/\\\/kidsplay.lt\\\/produktas\\\/automobiliu-paleidimo-rinkinys\\\/#primaryimage\"},\"image\":{\"@id\":\"https:\\\/\\\/kidsplay.lt\\\/produktas\\\/automobiliu-paleidimo-rinkinys\\\/#primaryimage\"},\"thumbnailUrl\":\"https:\\\/\\\/kidsplay.lt\\\/wp-content\\\/uploads\\\/2024\\\/10\\\/Automobiliu-paleidimo-rinkinys.jpg\",\"datePublished\":\"2026-02-26T07:43:22+00:00\",\"dateModified\":\"2026-04-07T06:37:12+00:00\",\"description\":\"Automobili\u0173 paleidimo rinkinys - KidsPlay. Did\u017eiausias vaik\u0173 \u017eaisl\u0173 pasirinkimas.\",\"breadcrumb\":{\"@id\":\"https:\\\/\\\/kidsplay.lt\\\/produktas\\\/automobiliu-paleidimo-rinkinys\\\/#breadcrumb\"},\"inLanguage\":\"lv-LV\",\"potentialAction\":[{\"@type\":\"ReadAction\",\"target\":[\"https:\\\/\\\/kidsplay.lt\\\/produktas\\\/automobiliu-paleidimo-rinkinys\\\/\"]}]},{\"@type\":\"ImageObject\",\"inLanguage\":\"lv-LV\",\"@id\":\"https:\\\/\\\/kidsplay.lt\\\/produktas\\\/automobiliu-paleidimo-rinkinys\\\/#primaryimage\",\"url\":\"https:\\\/\\\/kidsplay.lt\\\/wp-content\\\/uploads\\\/2024\\\/10\\\/Automobiliu-paleidimo-rinkinys.jpg\",\"contentUrl\":\"https:\\\/\\\/kidsplay.lt\\\/wp-content\\\/uploads\\\/2024\\\/10\\\/Automobiliu-paleidimo-rinkinys.jpg\",\"width\":1000,\"height\":1000,\"caption\":\"Automobili\u0173 paleidimo rinkinys\"},{\"@type\":\"BreadcrumbList\",\"@id\":\"https:\\\/\\\/kidsplay.lt\\\/produktas\\\/automobiliu-paleidimo-rinkinys\\\/#breadcrumb\",\"itemListElement\":[{\"@type\":\"ListItem\",\"position\":1,\"name\":\"Pagrindinis\",\"item\":\"https:\\\/\\\/kidsplay.lt\\\/\"},{\"@type\":\"ListItem\",\"position\":2,\"name\":\"Parduotuv\u0117\",\"item\":\"https:\\\/\\\/kidsplay.lt\\\/parduotuve\\\/\"},{\"@type\":\"ListItem\",\"position\":3,\"name\":\"Automobili\u0173 paleidimo rinkinys\"}]},{\"@type\":\"WebSite\",\"@id\":\"https:\\\/\\\/kidsplay.lt\\\/#website\",\"url\":\"https:\\\/\\\/kidsplay.lt\\\/\",\"name\":\"Kidsplay.lt\",\"description\":\"\u012evairios prek\u0117s vaikams\",\"publisher\":{\"@id\":\"https:\\\/\\\/kidsplay.lt\\\/#organization\"},\"alternateName\":\"Kidsplay\",\"potentialAction\":[{\"@type\":\"SearchAction\",\"target\":{\"@type\":\"EntryPoint\",\"urlTemplate\":\"https:\\\/\\\/kidsplay.lt\\\/?s={search_term_string}\"},\"query-input\":{\"@type\":\"PropertyValueSpecification\",\"valueRequired\":true,\"valueName\":\"search_term_string\"}}],\"inLanguage\":\"lv-LV\"},{\"@type\":\"Organization\",\"@id\":\"https:\\\/\\\/kidsplay.lt\\\/#organization\",\"name\":\"KidsPlay\",\"url\":\"https:\\\/\\\/kidsplay.lt\\\/\",\"logo\":{\"@type\":\"ImageObject\",\"inLanguage\":\"lv-LV\",\"@id\":\"https:\\\/\\\/kidsplay.lt\\\/#\\\/schema\\\/logo\\\/image\\\/\",\"url\":\"https:\\\/\\\/kidsplay.lt\\\/wp-content\\\/uploads\\\/2023\\\/07\\\/kidsplay-logo.png\",\"contentUrl\":\"https:\\\/\\\/kidsplay.lt\\\/wp-content\\\/uploads\\\/2023\\\/07\\\/kidsplay-logo.png\",\"width\":451,\"height\":98,\"caption\":\"KidsPlay\"},\"image\":{\"@id\":\"https:\\\/\\\/kidsplay.lt\\\/#\\\/schema\\\/logo\\\/image\\\/\"},\"sameAs\":[\"https:\\\/\\\/www.facebook.com\\\/www.kidsplay.lt\"]}]}<\/script>\n<!-- \/ Yoast SEO plugin. -->","yoast_head_json":{"title":"Automobili\u0173 paleidimo rinkinys","description":"Automobili\u0173 paleidimo rinkinys - KidsPlay. Did\u017eiausias vaik\u0173 \u017eaisl\u0173 pasirinkimas.","robots":{"index":"index","follow":"follow","max-snippet":"max-snippet:-1","max-image-preview":"max-image-preview:large","max-video-preview":"max-video-preview:-1"},"canonical":"https:\/\/kidsplay.lt\/lv\/products\/automobiliu-paleidimo-rinkinys\/","og_locale":"lv_LV","og_type":"article","og_title":"Automobili\u0173 paleidimo rinkinys","og_description":"Automobili\u0173 paleidimo rinkinys - KidsPlay. Did\u017eiausias vaik\u0173 \u017eaisl\u0173 pasirinkimas.","og_url":"https:\/\/kidsplay.lt\/lv\/products\/automobiliu-paleidimo-rinkinys\/","og_site_name":"KidsPlay","article_publisher":"https:\/\/www.facebook.com\/www.kidsplay.lt","article_modified_time":"2026-04-07T06:37:12+00:00","og_image":[{"width":1000,"height":1000,"url":"https:\/\/kidsplay.lt\/wp-content\/uploads\/2024\/10\/Automobiliu-paleidimo-rinkinys.jpg","type":"image\/jpeg"}],"twitter_card":"summary_large_image","twitter_misc":{"Est. reading time":"1 min\u016bte"},"schema":{"@context":"https:\/\/schema.org","@graph":[{"@type":"WebPage","@id":"https:\/\/kidsplay.lt\/produktas\/automobiliu-paleidimo-rinkinys\/","url":"https:\/\/kidsplay.lt\/produktas\/automobiliu-paleidimo-rinkinys\/","name":"Automobili\u0173 paleidimo rinkinys","isPartOf":{"@id":"https:\/\/kidsplay.lt\/#website"},"primaryImageOfPage":{"@id":"https:\/\/kidsplay.lt\/produktas\/automobiliu-paleidimo-rinkinys\/#primaryimage"},"image":{"@id":"https:\/\/kidsplay.lt\/produktas\/automobiliu-paleidimo-rinkinys\/#primaryimage"},"thumbnailUrl":"https:\/\/kidsplay.lt\/wp-content\/uploads\/2024\/10\/Automobiliu-paleidimo-rinkinys.jpg","datePublished":"2026-02-26T07:43:22+00:00","dateModified":"2026-04-07T06:37:12+00:00","description":"Automobili\u0173 paleidimo rinkinys - KidsPlay. Did\u017eiausias vaik\u0173 \u017eaisl\u0173 pasirinkimas.","breadcrumb":{"@id":"https:\/\/kidsplay.lt\/produktas\/automobiliu-paleidimo-rinkinys\/#breadcrumb"},"inLanguage":"lv-LV","potentialAction":[{"@type":"ReadAction","target":["https:\/\/kidsplay.lt\/produktas\/automobiliu-paleidimo-rinkinys\/"]}]},{"@type":"ImageObject","inLanguage":"lv-LV","@id":"https:\/\/kidsplay.lt\/produktas\/automobiliu-paleidimo-rinkinys\/#primaryimage","url":"https:\/\/kidsplay.lt\/wp-content\/uploads\/2024\/10\/Automobiliu-paleidimo-rinkinys.jpg","contentUrl":"https:\/\/kidsplay.lt\/wp-content\/uploads\/2024\/10\/Automobiliu-paleidimo-rinkinys.jpg","width":1000,"height":1000,"caption":"Automobili\u0173 paleidimo rinkinys"},{"@type":"BreadcrumbList","@id":"https:\/\/kidsplay.lt\/produktas\/automobiliu-paleidimo-rinkinys\/#breadcrumb","itemListElement":[{"@type":"ListItem","position":1,"name":"Pagrindinis","item":"https:\/\/kidsplay.lt\/"},{"@type":"ListItem","position":2,"name":"Parduotuv\u0117","item":"https:\/\/kidsplay.lt\/parduotuve\/"},{"@type":"ListItem","position":3,"name":"Automobili\u0173 paleidimo rinkinys"}]},{"@type":"WebSite","@id":"https:\/\/kidsplay.lt\/#website","url":"https:\/\/kidsplay.lt\/","name":"B\u0113rnu sp\u0113les.lv","description":"\u012evairios prek\u0117s vaikams","publisher":{"@id":"https:\/\/kidsplay.lt\/#organization"},"alternateName":"Kidsplay","potentialAction":[{"@type":"SearchAction","target":{"@type":"EntryPoint","urlTemplate":"https:\/\/kidsplay.lt\/?s={search_term_string}"},"query-input":{"@type":"PropertyValueSpecification","valueRequired":true,"valueName":"search_term_string"}}],"inLanguage":"lv-LV"},{"@type":"Organization","@id":"https:\/\/kidsplay.lt\/#organization","name":"B\u0113rnu sp\u0113le","url":"https:\/\/kidsplay.lt\/","logo":{"@type":"ImageObject","inLanguage":"lv-LV","@id":"https:\/\/kidsplay.lt\/#\/schema\/logo\/image\/","url":"https:\/\/kidsplay.lt\/wp-content\/uploads\/2023\/07\/kidsplay-logo.png","contentUrl":"https:\/\/kidsplay.lt\/wp-content\/uploads\/2023\/07\/kidsplay-logo.png","width":451,"height":98,"caption":"KidsPlay"},"image":{"@id":"https:\/\/kidsplay.lt\/#\/schema\/logo\/image\/"},"sameAs":["https:\/\/www.facebook.com\/www.kidsplay.lt"]}]}},"_links":{"self":[{"href":"https:\/\/kidsplay.lt\/lv\/wp-json\/wp\/v2\/product\/90353","targetHints":{"allow":["GET"]}}],"collection":[{"href":"https:\/\/kidsplay.lt\/lv\/wp-json\/wp\/v2\/product"}],"about":[{"href":"https:\/\/kidsplay.lt\/lv\/wp-json\/wp\/v2\/types\/product"}],"version-history":[{"count":1,"href":"https:\/\/kidsplay.lt\/lv\/wp-json\/wp\/v2\/product\/90353\/revisions"}],"predecessor-version":[{"id":90354,"href":"https:\/\/kidsplay.lt\/lv\/wp-json\/wp\/v2\/product\/90353\/revisions\/90354"}],"wp:featuredmedia":[{"embeddable":true,"href":"https:\/\/kidsplay.lt\/lv\/wp-json\/wp\/v2\/media\/57296"}],"wp:attachment":[{"href":"https:\/\/kidsplay.lt\/lv\/wp-json\/wp\/v2\/media?parent=90353"}],"wp:term":[{"taxonomy":"product_brand","embeddable":true,"href":"https:\/\/kidsplay.lt\/lv\/wp-json\/wp\/v2\/product_brand?post=90353"},{"taxonomy":"product_cat","embeddable":true,"href":"https:\/\/kidsplay.lt\/lv\/wp-json\/wp\/v2\/product_cat?post=90353"},{"taxonomy":"product_tag","embeddable":true,"href":"https:\/\/kidsplay.lt\/lv\/wp-json\/wp\/v2\/product_tag?post=90353"}],"curies":[{"name":"wp","href":"https:\/\/api.w.org\/{rel}","templated":true}]}}