{"id":90359,"date":"2026-02-26T09:43:31","date_gmt":"2026-02-26T07:43:31","guid":{"rendered":"https:\/\/kidsplay.lt\/produktas\/minkstas-sensorinis-kamuolys-maziems-vaikams-su-garsu-woopie-baby\/"},"modified":"2026-03-23T07:36:13","modified_gmt":"2026-03-23T05:36:13","slug":"minkstas-sensorinis-kamuolys-maziems-vaikams-su-garsu-woopie-baby","status":"publish","type":"product","link":"https:\/\/kidsplay.lt\/lv\/products\/minkstas-sensorinis-kamuolys-maziems-vaikams-su-garsu-woopie-baby\/","title":{"rendered":"Mink\u0161tas sensorinis kamuolys ma\u017eiems vaikams su garsu WOOPIE BABY"},"content":{"rendered":"<p>WOOPIE prek\u0117s \u017eenklo mink\u0161tas sensorinis kamuolys yra puikus \u017eaislas k\u016bdikiui. Vaikas gali suspausti, \u012fk\u0105sti, sugriebti etiketes ir purtyti \u017eaisl\u0105, kad i\u0161girst\u0173 gars\u0105. \u017daislas daro \u012ftak\u0105 vaiko sensorinei integracijai, lavina lyt\u0117jimo ir klausos poj\u016bt\u012f. Naudodami \u012fvairias strukt\u016bras, tekst\u016bras ir spalvas, didiname vaiko jautrum\u0105 pasaulio suvokimui, skatiname poj\u016b\u010dius. \u017daislas nat\u016braliai skatina vaik\u0105 b\u016bti aktyviam. \u0160io tipo \u017eaislai palaiko tinkam\u0105 intelekto ir motorikos vystym\u0105si.<\/p>\n<p>Charakteristika:<\/p>\n<p>&#8211; nuo 3 m\u0117nesi\u0173 am\u017eiaus,<br \/>\n&#8211; sensorinis \u017eaislas k\u016bdikiams,<br \/>\n&#8211; mink\u0161tas,<br \/>\n&#8211; turi \u012fd\u0117klus,<br \/>\n&#8211; papurtant skleid\u017eia gars\u0105.<\/p>\n<p>\u017daislas vysto:<\/p>\n<p>&#8211; poj\u016b\u010diai &#8211; lyt\u0117jimas ir klausa<\/p>","protected":false},"excerpt":{"rendered":"<p>WOOPIE prek\u0117s \u017eenklo mink\u0161tas sensorinis kamuolys yra puikus \u017eaislas k\u016bdikiui. Vaikas gali suspausti, \u012fk\u0105sti, sugriebti etiketes ir purtyti \u017eaisl\u0105, kad<\/p>","protected":false},"featured_media":51537,"template":"","meta":{"_acf_changed":false,"_glsr_average":0,"_glsr_ranking":0,"_glsr_reviews":0},"product_brand":[],"product_cat":[396,229],"product_tag":[],"class_list":{"0":"post-90359","1":"product","2":"type-product","3":"status-publish","4":"has-post-thumbnail","6":"product_cat-kudikiu-zaislai-vaikams2","7":"product_cat-zaislai-vaikams","8":"\"style=\"background-color: #2ecc711c;\"","10":"first","11":"outofstock","12":"purchasable","13":"product-type-simple"},"acf":[],"yoast_head":"<!-- This site is optimized with the Yoast SEO plugin v27.3 - https:\/\/yoast.com\/product\/yoast-seo-wordpress\/ -->\n<title>Mink\u0161tas sensorinis kamuolys ma\u017eiems vaikams su garsu WOOPIE BABY<\/title>\n<meta name=\"description\" content=\"WOOPIE prek\u0117s \u017eenklo mink\u0161tas sensorinis kamuolys yra puikus \u017eaislas k\u016bdikiui. Vaikas gali suspausti, \u012fk\u0105sti, sugriebti etiketes ir purtyti \u017eaisl\u0105.\" \/>\n<meta name=\"robots\" content=\"index, follow, max-snippet:-1, max-image-preview:large, max-video-preview:-1\" \/>\n<link rel=\"canonical\" href=\"https:\/\/kidsplay.lt\/lv\/products\/minkstas-sensorinis-kamuolys-maziems-vaikams-su-garsu-woopie-baby\/\" \/>\n<meta property=\"og:locale\" content=\"lv_LV\" \/>\n<meta property=\"og:type\" content=\"article\" \/>\n<meta property=\"og:title\" content=\"Mink\u0161tas sensorinis kamuolys ma\u017eiems vaikams su garsu WOOPIE BABY\" \/>\n<meta property=\"og:description\" content=\"WOOPIE prek\u0117s \u017eenklo mink\u0161tas sensorinis kamuolys yra puikus \u017eaislas k\u016bdikiui. Vaikas gali suspausti, \u012fk\u0105sti, sugriebti etiketes ir purtyti \u017eaisl\u0105.\" \/>\n<meta property=\"og:url\" content=\"https:\/\/kidsplay.lt\/lv\/products\/minkstas-sensorinis-kamuolys-maziems-vaikams-su-garsu-woopie-baby\/\" \/>\n<meta property=\"og:site_name\" content=\"KidsPlay\" \/>\n<meta property=\"article:publisher\" content=\"https:\/\/www.facebook.com\/www.kidsplay.lt\" \/>\n<meta property=\"article:modified_time\" content=\"2026-03-23T05:36:13+00:00\" \/>\n<meta property=\"og:image\" content=\"https:\/\/kidsplay.lt\/wp-content\/uploads\/2024\/09\/Minkstas-sensorinis-kamuolys-maziems-vaikams-su-garsu-WOOPIE-BABY.jpg\" \/>\n\t<meta property=\"og:image:width\" content=\"1000\" \/>\n\t<meta property=\"og:image:height\" content=\"1000\" \/>\n\t<meta property=\"og:image:type\" content=\"image\/jpeg\" \/>\n<meta name=\"twitter:card\" content=\"summary_large_image\" \/>\n<meta name=\"twitter:label1\" content=\"Est. reading time\" \/>\n\t<meta name=\"twitter:data1\" content=\"1 min\u016bte\" \/>\n<script type=\"application\/ld+json\" class=\"yoast-schema-graph\">{\"@context\":\"https:\\\/\\\/schema.org\",\"@graph\":[{\"@type\":\"WebPage\",\"@id\":\"https:\\\/\\\/kidsplay.lt\\\/produktas\\\/minkstas-sensorinis-kamuolys-maziems-vaikams-su-garsu-woopie-baby\\\/\",\"url\":\"https:\\\/\\\/kidsplay.lt\\\/produktas\\\/minkstas-sensorinis-kamuolys-maziems-vaikams-su-garsu-woopie-baby\\\/\",\"name\":\"Mink\u0161tas sensorinis kamuolys ma\u017eiems vaikams su garsu WOOPIE BABY\",\"isPartOf\":{\"@id\":\"https:\\\/\\\/kidsplay.lt\\\/#website\"},\"primaryImageOfPage\":{\"@id\":\"https:\\\/\\\/kidsplay.lt\\\/produktas\\\/minkstas-sensorinis-kamuolys-maziems-vaikams-su-garsu-woopie-baby\\\/#primaryimage\"},\"image\":{\"@id\":\"https:\\\/\\\/kidsplay.lt\\\/produktas\\\/minkstas-sensorinis-kamuolys-maziems-vaikams-su-garsu-woopie-baby\\\/#primaryimage\"},\"thumbnailUrl\":\"https:\\\/\\\/kidsplay.lt\\\/wp-content\\\/uploads\\\/2024\\\/09\\\/Minkstas-sensorinis-kamuolys-maziems-vaikams-su-garsu-WOOPIE-BABY.jpg\",\"datePublished\":\"2026-02-26T07:43:31+00:00\",\"dateModified\":\"2026-03-23T05:36:13+00:00\",\"description\":\"WOOPIE prek\u0117s \u017eenklo mink\u0161tas sensorinis kamuolys yra puikus \u017eaislas k\u016bdikiui. Vaikas gali suspausti, \u012fk\u0105sti, sugriebti etiketes ir purtyti \u017eaisl\u0105.\",\"breadcrumb\":{\"@id\":\"https:\\\/\\\/kidsplay.lt\\\/produktas\\\/minkstas-sensorinis-kamuolys-maziems-vaikams-su-garsu-woopie-baby\\\/#breadcrumb\"},\"inLanguage\":\"lv-LV\",\"potentialAction\":[{\"@type\":\"ReadAction\",\"target\":[\"https:\\\/\\\/kidsplay.lt\\\/produktas\\\/minkstas-sensorinis-kamuolys-maziems-vaikams-su-garsu-woopie-baby\\\/\"]}]},{\"@type\":\"ImageObject\",\"inLanguage\":\"lv-LV\",\"@id\":\"https:\\\/\\\/kidsplay.lt\\\/produktas\\\/minkstas-sensorinis-kamuolys-maziems-vaikams-su-garsu-woopie-baby\\\/#primaryimage\",\"url\":\"https:\\\/\\\/kidsplay.lt\\\/wp-content\\\/uploads\\\/2024\\\/09\\\/Minkstas-sensorinis-kamuolys-maziems-vaikams-su-garsu-WOOPIE-BABY.jpg\",\"contentUrl\":\"https:\\\/\\\/kidsplay.lt\\\/wp-content\\\/uploads\\\/2024\\\/09\\\/Minkstas-sensorinis-kamuolys-maziems-vaikams-su-garsu-WOOPIE-BABY.jpg\",\"width\":1000,\"height\":1000,\"caption\":\"Mink\u0161tas sensorinis kamuolys ma\u017eiems vaikams su garsu WOOPIE BABY\"},{\"@type\":\"BreadcrumbList\",\"@id\":\"https:\\\/\\\/kidsplay.lt\\\/produktas\\\/minkstas-sensorinis-kamuolys-maziems-vaikams-su-garsu-woopie-baby\\\/#breadcrumb\",\"itemListElement\":[{\"@type\":\"ListItem\",\"position\":1,\"name\":\"Pagrindinis\",\"item\":\"https:\\\/\\\/kidsplay.lt\\\/\"},{\"@type\":\"ListItem\",\"position\":2,\"name\":\"Parduotuv\u0117\",\"item\":\"https:\\\/\\\/kidsplay.lt\\\/parduotuve\\\/\"},{\"@type\":\"ListItem\",\"position\":3,\"name\":\"Mink\u0161tas sensorinis kamuolys ma\u017eiems vaikams su garsu WOOPIE BABY\"}]},{\"@type\":\"WebSite\",\"@id\":\"https:\\\/\\\/kidsplay.lt\\\/#website\",\"url\":\"https:\\\/\\\/kidsplay.lt\\\/\",\"name\":\"Kidsplay.lt\",\"description\":\"\u012evairios prek\u0117s vaikams\",\"publisher\":{\"@id\":\"https:\\\/\\\/kidsplay.lt\\\/#organization\"},\"alternateName\":\"Kidsplay\",\"potentialAction\":[{\"@type\":\"SearchAction\",\"target\":{\"@type\":\"EntryPoint\",\"urlTemplate\":\"https:\\\/\\\/kidsplay.lt\\\/?s={search_term_string}\"},\"query-input\":{\"@type\":\"PropertyValueSpecification\",\"valueRequired\":true,\"valueName\":\"search_term_string\"}}],\"inLanguage\":\"lv-LV\"},{\"@type\":\"Organization\",\"@id\":\"https:\\\/\\\/kidsplay.lt\\\/#organization\",\"name\":\"KidsPlay\",\"url\":\"https:\\\/\\\/kidsplay.lt\\\/\",\"logo\":{\"@type\":\"ImageObject\",\"inLanguage\":\"lv-LV\",\"@id\":\"https:\\\/\\\/kidsplay.lt\\\/#\\\/schema\\\/logo\\\/image\\\/\",\"url\":\"https:\\\/\\\/kidsplay.lt\\\/wp-content\\\/uploads\\\/2023\\\/07\\\/kidsplay-logo.png\",\"contentUrl\":\"https:\\\/\\\/kidsplay.lt\\\/wp-content\\\/uploads\\\/2023\\\/07\\\/kidsplay-logo.png\",\"width\":451,\"height\":98,\"caption\":\"KidsPlay\"},\"image\":{\"@id\":\"https:\\\/\\\/kidsplay.lt\\\/#\\\/schema\\\/logo\\\/image\\\/\"},\"sameAs\":[\"https:\\\/\\\/www.facebook.com\\\/www.kidsplay.lt\"]}]}<\/script>\n<!-- \/ Yoast SEO plugin. -->","yoast_head_json":{"title":"Mink\u0161tas sensorinis kamuolys ma\u017eiems vaikams su garsu WOOPIE BABY","description":"WOOPIE prek\u0117s \u017eenklo mink\u0161tas sensorinis kamuolys yra puikus \u017eaislas k\u016bdikiui. Vaikas gali suspausti, \u012fk\u0105sti, sugriebti etiketes ir purtyti \u017eaisl\u0105.","robots":{"index":"index","follow":"follow","max-snippet":"max-snippet:-1","max-image-preview":"max-image-preview:large","max-video-preview":"max-video-preview:-1"},"canonical":"https:\/\/kidsplay.lt\/lv\/products\/minkstas-sensorinis-kamuolys-maziems-vaikams-su-garsu-woopie-baby\/","og_locale":"lv_LV","og_type":"article","og_title":"Mink\u0161tas sensorinis kamuolys ma\u017eiems vaikams su garsu WOOPIE BABY","og_description":"WOOPIE prek\u0117s \u017eenklo mink\u0161tas sensorinis kamuolys yra puikus \u017eaislas k\u016bdikiui. Vaikas gali suspausti, \u012fk\u0105sti, sugriebti etiketes ir purtyti \u017eaisl\u0105.","og_url":"https:\/\/kidsplay.lt\/lv\/products\/minkstas-sensorinis-kamuolys-maziems-vaikams-su-garsu-woopie-baby\/","og_site_name":"KidsPlay","article_publisher":"https:\/\/www.facebook.com\/www.kidsplay.lt","article_modified_time":"2026-03-23T05:36:13+00:00","og_image":[{"width":1000,"height":1000,"url":"https:\/\/kidsplay.lt\/wp-content\/uploads\/2024\/09\/Minkstas-sensorinis-kamuolys-maziems-vaikams-su-garsu-WOOPIE-BABY.jpg","type":"image\/jpeg"}],"twitter_card":"summary_large_image","twitter_misc":{"Est. reading time":"1 min\u016bte"},"schema":{"@context":"https:\/\/schema.org","@graph":[{"@type":"WebPage","@id":"https:\/\/kidsplay.lt\/produktas\/minkstas-sensorinis-kamuolys-maziems-vaikams-su-garsu-woopie-baby\/","url":"https:\/\/kidsplay.lt\/produktas\/minkstas-sensorinis-kamuolys-maziems-vaikams-su-garsu-woopie-baby\/","name":"Mink\u0161tas sensorinis kamuolys ma\u017eiems vaikams su garsu WOOPIE BABY","isPartOf":{"@id":"https:\/\/kidsplay.lt\/#website"},"primaryImageOfPage":{"@id":"https:\/\/kidsplay.lt\/produktas\/minkstas-sensorinis-kamuolys-maziems-vaikams-su-garsu-woopie-baby\/#primaryimage"},"image":{"@id":"https:\/\/kidsplay.lt\/produktas\/minkstas-sensorinis-kamuolys-maziems-vaikams-su-garsu-woopie-baby\/#primaryimage"},"thumbnailUrl":"https:\/\/kidsplay.lt\/wp-content\/uploads\/2024\/09\/Minkstas-sensorinis-kamuolys-maziems-vaikams-su-garsu-WOOPIE-BABY.jpg","datePublished":"2026-02-26T07:43:31+00:00","dateModified":"2026-03-23T05:36:13+00:00","description":"WOOPIE prek\u0117s \u017eenklo mink\u0161tas sensorinis kamuolys yra puikus \u017eaislas k\u016bdikiui. Vaikas gali suspausti, \u012fk\u0105sti, sugriebti etiketes ir purtyti \u017eaisl\u0105.","breadcrumb":{"@id":"https:\/\/kidsplay.lt\/produktas\/minkstas-sensorinis-kamuolys-maziems-vaikams-su-garsu-woopie-baby\/#breadcrumb"},"inLanguage":"lv-LV","potentialAction":[{"@type":"ReadAction","target":["https:\/\/kidsplay.lt\/produktas\/minkstas-sensorinis-kamuolys-maziems-vaikams-su-garsu-woopie-baby\/"]}]},{"@type":"ImageObject","inLanguage":"lv-LV","@id":"https:\/\/kidsplay.lt\/produktas\/minkstas-sensorinis-kamuolys-maziems-vaikams-su-garsu-woopie-baby\/#primaryimage","url":"https:\/\/kidsplay.lt\/wp-content\/uploads\/2024\/09\/Minkstas-sensorinis-kamuolys-maziems-vaikams-su-garsu-WOOPIE-BABY.jpg","contentUrl":"https:\/\/kidsplay.lt\/wp-content\/uploads\/2024\/09\/Minkstas-sensorinis-kamuolys-maziems-vaikams-su-garsu-WOOPIE-BABY.jpg","width":1000,"height":1000,"caption":"Mink\u0161tas sensorinis kamuolys ma\u017eiems vaikams su garsu WOOPIE BABY"},{"@type":"BreadcrumbList","@id":"https:\/\/kidsplay.lt\/produktas\/minkstas-sensorinis-kamuolys-maziems-vaikams-su-garsu-woopie-baby\/#breadcrumb","itemListElement":[{"@type":"ListItem","position":1,"name":"Pagrindinis","item":"https:\/\/kidsplay.lt\/"},{"@type":"ListItem","position":2,"name":"Parduotuv\u0117","item":"https:\/\/kidsplay.lt\/parduotuve\/"},{"@type":"ListItem","position":3,"name":"Mink\u0161tas sensorinis kamuolys ma\u017eiems vaikams su garsu WOOPIE BABY"}]},{"@type":"WebSite","@id":"https:\/\/kidsplay.lt\/#website","url":"https:\/\/kidsplay.lt\/","name":"B\u0113rnu sp\u0113les.lv","description":"\u012evairios prek\u0117s vaikams","publisher":{"@id":"https:\/\/kidsplay.lt\/#organization"},"alternateName":"Kidsplay","potentialAction":[{"@type":"SearchAction","target":{"@type":"EntryPoint","urlTemplate":"https:\/\/kidsplay.lt\/?s={search_term_string}"},"query-input":{"@type":"PropertyValueSpecification","valueRequired":true,"valueName":"search_term_string"}}],"inLanguage":"lv-LV"},{"@type":"Organization","@id":"https:\/\/kidsplay.lt\/#organization","name":"B\u0113rnu sp\u0113le","url":"https:\/\/kidsplay.lt\/","logo":{"@type":"ImageObject","inLanguage":"lv-LV","@id":"https:\/\/kidsplay.lt\/#\/schema\/logo\/image\/","url":"https:\/\/kidsplay.lt\/wp-content\/uploads\/2023\/07\/kidsplay-logo.png","contentUrl":"https:\/\/kidsplay.lt\/wp-content\/uploads\/2023\/07\/kidsplay-logo.png","width":451,"height":98,"caption":"KidsPlay"},"image":{"@id":"https:\/\/kidsplay.lt\/#\/schema\/logo\/image\/"},"sameAs":["https:\/\/www.facebook.com\/www.kidsplay.lt"]}]}},"_links":{"self":[{"href":"https:\/\/kidsplay.lt\/lv\/wp-json\/wp\/v2\/product\/90359","targetHints":{"allow":["GET"]}}],"collection":[{"href":"https:\/\/kidsplay.lt\/lv\/wp-json\/wp\/v2\/product"}],"about":[{"href":"https:\/\/kidsplay.lt\/lv\/wp-json\/wp\/v2\/types\/product"}],"version-history":[{"count":1,"href":"https:\/\/kidsplay.lt\/lv\/wp-json\/wp\/v2\/product\/90359\/revisions"}],"predecessor-version":[{"id":90360,"href":"https:\/\/kidsplay.lt\/lv\/wp-json\/wp\/v2\/product\/90359\/revisions\/90360"}],"wp:featuredmedia":[{"embeddable":true,"href":"https:\/\/kidsplay.lt\/lv\/wp-json\/wp\/v2\/media\/51537"}],"wp:attachment":[{"href":"https:\/\/kidsplay.lt\/lv\/wp-json\/wp\/v2\/media?parent=90359"}],"wp:term":[{"taxonomy":"product_brand","embeddable":true,"href":"https:\/\/kidsplay.lt\/lv\/wp-json\/wp\/v2\/product_brand?post=90359"},{"taxonomy":"product_cat","embeddable":true,"href":"https:\/\/kidsplay.lt\/lv\/wp-json\/wp\/v2\/product_cat?post=90359"},{"taxonomy":"product_tag","embeddable":true,"href":"https:\/\/kidsplay.lt\/lv\/wp-json\/wp\/v2\/product_tag?post=90359"}],"curies":[{"name":"wp","href":"https:\/\/api.w.org\/{rel}","templated":true}]}}