{"id":90361,"date":"2026-02-26T09:43:33","date_gmt":"2026-02-26T07:43:33","guid":{"rendered":"https:\/\/kidsplay.lt\/produktas\/lankstus-sensorinis-kubeliu-rusiuotojas-vaikams-spalvingu-formu-abecele-15-vnt-woopie-baby\/"},"modified":"2026-03-26T13:14:03","modified_gmt":"2026-03-26T11:14:03","slug":"lankstus-sensorinis-kubeliu-rusiuotojas-vaikams-spalvingu-formu-abecele-15-vnt-woopie-baby","status":"publish","type":"product","link":"https:\/\/kidsplay.lt\/lv\/products\/lankstus-sensorinis-kubeliu-rusiuotojas-vaikams-spalvingu-formu-abecele-15-vnt-woopie-baby\/","title":{"rendered":"Lankstus sensorinis kubeli\u0173 r\u016b\u0161iuotojas vaikams spalving\u0173 form\u0173 ab\u0117c\u0117l\u0117 15 vnt. WOOPIE BABY"},"content":{"rendered":"<p>\u201eWoopie\u201c prek\u0117s \u017eenklo \u201eFlexible Sensor Cube\u201c kubas paskatins j\u016bs\u0173 vaiko vystym\u0105si! Vaiko \u017eaidimas susideda i\u0161 element\u0173 \u012fd\u0117jimo ir i\u0161\u0117mimo i\u0161 edukacinio kubo, be to, viena sienel\u0117 yra klasikinis r\u016b\u0161iuotojas su atitinkamomis geometrin\u0117mis fig\u016bromis ir raid\u0117mis. \u017daisdamas vaikas lavina poj\u016b\u010dius, tobulina rankinius \u012fg\u016bd\u017eius. Kiekviena i\u0161 kalad\u0117li\u0173 i\u0161siskiria, o tai pakankamai su\u017eadina vaiko smalsum\u0105, kad nor\u0117t\u0173si jas i\u0161imti ir pad\u0117ti atgal \u012f r\u016b\u0161iuotoj\u0105. \u017daislas lavina jutimo ir proto \u012fg\u016bd\u017eius bei skatina eksperimentuoti. Be to, kai vaikas paaugs, kalad\u0117l\u0117s gali b\u016bti naudojamos spalv\u0173, form\u0173 ir raid\u017ei\u0173 mokymuisi. B\u016btinas \u017eaislas vaikui ankstyvame gyvenimo etape!<\/p>\n<p>Charakteristika:<\/p>\n<p>&#8211; \u017eaislas nuo 18 m\u0117nesi\u0173 am\u017eiaus,<br \/>\n&#8211; rinkin\u012f sudaro: kubeli\u0173 r\u016b\u0161iuotojas + 14 \u012fvairi\u0173 kiet\u0173 kalad\u0117li\u0173,<br \/>\n&#8211; apima element\u0173 \u012fterpim\u0105 ir pa\u0161alinim\u0105 i\u0161 edukacinio kubo,<br \/>\n&#8211; kiekvienas blokas turi skirting\u0105 tekst\u016br\u0105, spalv\u0105 ir form\u0105,<br \/>\n&#8211; kai vaikas paaugs, kalad\u0117l\u0117s gali b\u016bti naudojamos spalv\u0173, form\u0173 ir raid\u017ei\u0173 mokymuisi;<br \/>\n&#8211; skatina eksperimentuoti,<br \/>\n&#8211; kulk\u0161nis turi elastines gumines juostas.<\/p>\n<p>\u017daislas vysto:<\/p>\n<p>&#8211; vaiko protas ir poj\u016b\u010diai,<br \/>\n&#8211; rankiniai \u012fg\u016bd\u017eiai &#8211; smulkioji motorika,<br \/>\n&#8211; smalsumas.<\/p>","protected":false},"excerpt":{"rendered":"<p>\u201eWoopie\u201c prek\u0117s \u017eenklo \u201eFlexible Sensor Cube\u201c kubas paskatins j\u016bs\u0173 vaiko vystym\u0105si! Vaiko \u017eaidimas susideda i\u0161 element\u0173 \u012fd\u0117jimo ir i\u0161\u0117mimo i\u0161<\/p>","protected":false},"featured_media":51552,"template":"","meta":{"_acf_changed":false,"_glsr_average":0,"_glsr_ranking":0,"_glsr_reviews":0},"product_brand":[],"product_cat":[396,229],"product_tag":[],"class_list":{"0":"post-90361","1":"product","2":"type-product","3":"status-publish","4":"has-post-thumbnail","6":"product_cat-kudikiu-zaislai-vaikams2","7":"product_cat-zaislai-vaikams","8":"\"style=\"background-color: #2ecc711c;\"","10":"first","11":"outofstock","12":"purchasable","13":"product-type-simple"},"acf":[],"yoast_head":"<!-- This site is optimized with the Yoast SEO plugin v27.3 - https:\/\/yoast.com\/product\/yoast-seo-wordpress\/ -->\n<title>Lankstus sensorinis kubeli\u0173 r\u016b\u0161iuotojas vaikams spalving\u0173 form\u0173 ab\u0117c\u0117l\u0117 15 vnt. WOOPIE BABY<\/title>\n<meta name=\"description\" content=\"\u201eWoopie\u201c prek\u0117s \u017eenklo \u201eFlexible Sensor Cube\u201c kubas paskatins j\u016bs\u0173 vaiko vystym\u0105si! Vaiko \u017eaidimas susideda i\u0161 element\u0173 \u012fd\u0117jimo ir i\u0161\u0117mimo.\" \/>\n<meta name=\"robots\" content=\"index, follow, max-snippet:-1, max-image-preview:large, max-video-preview:-1\" \/>\n<link rel=\"canonical\" href=\"https:\/\/kidsplay.lt\/lv\/products\/lankstus-sensorinis-kubeliu-rusiuotojas-vaikams-spalvingu-formu-abecele-15-vnt-woopie-baby\/\" \/>\n<meta property=\"og:locale\" content=\"lv_LV\" \/>\n<meta property=\"og:type\" content=\"article\" \/>\n<meta property=\"og:title\" content=\"Lankstus sensorinis kubeli\u0173 r\u016b\u0161iuotojas vaikams spalving\u0173 form\u0173 ab\u0117c\u0117l\u0117 15 vnt. WOOPIE BABY\" \/>\n<meta property=\"og:description\" content=\"\u201eWoopie\u201c prek\u0117s \u017eenklo \u201eFlexible Sensor Cube\u201c kubas paskatins j\u016bs\u0173 vaiko vystym\u0105si! Vaiko \u017eaidimas susideda i\u0161 element\u0173 \u012fd\u0117jimo ir i\u0161\u0117mimo.\" \/>\n<meta property=\"og:url\" content=\"https:\/\/kidsplay.lt\/lv\/products\/lankstus-sensorinis-kubeliu-rusiuotojas-vaikams-spalvingu-formu-abecele-15-vnt-woopie-baby\/\" \/>\n<meta property=\"og:site_name\" content=\"KidsPlay\" \/>\n<meta property=\"article:publisher\" content=\"https:\/\/www.facebook.com\/www.kidsplay.lt\" \/>\n<meta property=\"article:modified_time\" content=\"2026-03-26T11:14:03+00:00\" \/>\n<meta property=\"og:image\" content=\"https:\/\/kidsplay.lt\/wp-content\/uploads\/2024\/09\/Lankstus-sensorinis-kubeliu-rusiuotojas-vaikams-spalvingu-formu-abecele-15-vnt.-WOOPIE-BABY.jpg\" \/>\n\t<meta property=\"og:image:width\" content=\"1000\" \/>\n\t<meta property=\"og:image:height\" content=\"1000\" \/>\n\t<meta property=\"og:image:type\" content=\"image\/jpeg\" \/>\n<meta name=\"twitter:card\" content=\"summary_large_image\" \/>\n<meta name=\"twitter:label1\" content=\"Est. reading time\" \/>\n\t<meta name=\"twitter:data1\" content=\"1 min\u016bte\" \/>\n<script type=\"application\/ld+json\" class=\"yoast-schema-graph\">{\"@context\":\"https:\\\/\\\/schema.org\",\"@graph\":[{\"@type\":\"WebPage\",\"@id\":\"https:\\\/\\\/kidsplay.lt\\\/produktas\\\/lankstus-sensorinis-kubeliu-rusiuotojas-vaikams-spalvingu-formu-abecele-15-vnt-woopie-baby\\\/\",\"url\":\"https:\\\/\\\/kidsplay.lt\\\/produktas\\\/lankstus-sensorinis-kubeliu-rusiuotojas-vaikams-spalvingu-formu-abecele-15-vnt-woopie-baby\\\/\",\"name\":\"Lankstus sensorinis kubeli\u0173 r\u016b\u0161iuotojas vaikams spalving\u0173 form\u0173 ab\u0117c\u0117l\u0117 15 vnt. WOOPIE BABY\",\"isPartOf\":{\"@id\":\"https:\\\/\\\/kidsplay.lt\\\/#website\"},\"primaryImageOfPage\":{\"@id\":\"https:\\\/\\\/kidsplay.lt\\\/produktas\\\/lankstus-sensorinis-kubeliu-rusiuotojas-vaikams-spalvingu-formu-abecele-15-vnt-woopie-baby\\\/#primaryimage\"},\"image\":{\"@id\":\"https:\\\/\\\/kidsplay.lt\\\/produktas\\\/lankstus-sensorinis-kubeliu-rusiuotojas-vaikams-spalvingu-formu-abecele-15-vnt-woopie-baby\\\/#primaryimage\"},\"thumbnailUrl\":\"https:\\\/\\\/kidsplay.lt\\\/wp-content\\\/uploads\\\/2024\\\/09\\\/Lankstus-sensorinis-kubeliu-rusiuotojas-vaikams-spalvingu-formu-abecele-15-vnt.-WOOPIE-BABY.jpg\",\"datePublished\":\"2026-02-26T07:43:33+00:00\",\"dateModified\":\"2026-03-26T11:14:03+00:00\",\"description\":\"\u201eWoopie\u201c prek\u0117s \u017eenklo \u201eFlexible Sensor Cube\u201c kubas paskatins j\u016bs\u0173 vaiko vystym\u0105si! Vaiko \u017eaidimas susideda i\u0161 element\u0173 \u012fd\u0117jimo ir i\u0161\u0117mimo.\",\"breadcrumb\":{\"@id\":\"https:\\\/\\\/kidsplay.lt\\\/produktas\\\/lankstus-sensorinis-kubeliu-rusiuotojas-vaikams-spalvingu-formu-abecele-15-vnt-woopie-baby\\\/#breadcrumb\"},\"inLanguage\":\"lv-LV\",\"potentialAction\":[{\"@type\":\"ReadAction\",\"target\":[\"https:\\\/\\\/kidsplay.lt\\\/produktas\\\/lankstus-sensorinis-kubeliu-rusiuotojas-vaikams-spalvingu-formu-abecele-15-vnt-woopie-baby\\\/\"]}]},{\"@type\":\"ImageObject\",\"inLanguage\":\"lv-LV\",\"@id\":\"https:\\\/\\\/kidsplay.lt\\\/produktas\\\/lankstus-sensorinis-kubeliu-rusiuotojas-vaikams-spalvingu-formu-abecele-15-vnt-woopie-baby\\\/#primaryimage\",\"url\":\"https:\\\/\\\/kidsplay.lt\\\/wp-content\\\/uploads\\\/2024\\\/09\\\/Lankstus-sensorinis-kubeliu-rusiuotojas-vaikams-spalvingu-formu-abecele-15-vnt.-WOOPIE-BABY.jpg\",\"contentUrl\":\"https:\\\/\\\/kidsplay.lt\\\/wp-content\\\/uploads\\\/2024\\\/09\\\/Lankstus-sensorinis-kubeliu-rusiuotojas-vaikams-spalvingu-formu-abecele-15-vnt.-WOOPIE-BABY.jpg\",\"width\":1000,\"height\":1000,\"caption\":\"Lankstus sensorinis kubeli\u0173 r\u016b\u0161iuotojas vaikams spalving\u0173 form\u0173 ab\u0117c\u0117l\u0117 15 vnt. WOOPIE BABY\"},{\"@type\":\"BreadcrumbList\",\"@id\":\"https:\\\/\\\/kidsplay.lt\\\/produktas\\\/lankstus-sensorinis-kubeliu-rusiuotojas-vaikams-spalvingu-formu-abecele-15-vnt-woopie-baby\\\/#breadcrumb\",\"itemListElement\":[{\"@type\":\"ListItem\",\"position\":1,\"name\":\"Pagrindinis\",\"item\":\"https:\\\/\\\/kidsplay.lt\\\/\"},{\"@type\":\"ListItem\",\"position\":2,\"name\":\"Parduotuv\u0117\",\"item\":\"https:\\\/\\\/kidsplay.lt\\\/parduotuve\\\/\"},{\"@type\":\"ListItem\",\"position\":3,\"name\":\"Lankstus sensorinis kubeli\u0173 r\u016b\u0161iuotojas vaikams spalving\u0173 form\u0173 ab\u0117c\u0117l\u0117 15 vnt. WOOPIE BABY\"}]},{\"@type\":\"WebSite\",\"@id\":\"https:\\\/\\\/kidsplay.lt\\\/#website\",\"url\":\"https:\\\/\\\/kidsplay.lt\\\/\",\"name\":\"Kidsplay.lt\",\"description\":\"\u012evairios prek\u0117s vaikams\",\"publisher\":{\"@id\":\"https:\\\/\\\/kidsplay.lt\\\/#organization\"},\"alternateName\":\"Kidsplay\",\"potentialAction\":[{\"@type\":\"SearchAction\",\"target\":{\"@type\":\"EntryPoint\",\"urlTemplate\":\"https:\\\/\\\/kidsplay.lt\\\/?s={search_term_string}\"},\"query-input\":{\"@type\":\"PropertyValueSpecification\",\"valueRequired\":true,\"valueName\":\"search_term_string\"}}],\"inLanguage\":\"lv-LV\"},{\"@type\":\"Organization\",\"@id\":\"https:\\\/\\\/kidsplay.lt\\\/#organization\",\"name\":\"KidsPlay\",\"url\":\"https:\\\/\\\/kidsplay.lt\\\/\",\"logo\":{\"@type\":\"ImageObject\",\"inLanguage\":\"lv-LV\",\"@id\":\"https:\\\/\\\/kidsplay.lt\\\/#\\\/schema\\\/logo\\\/image\\\/\",\"url\":\"https:\\\/\\\/kidsplay.lt\\\/wp-content\\\/uploads\\\/2023\\\/07\\\/kidsplay-logo.png\",\"contentUrl\":\"https:\\\/\\\/kidsplay.lt\\\/wp-content\\\/uploads\\\/2023\\\/07\\\/kidsplay-logo.png\",\"width\":451,\"height\":98,\"caption\":\"KidsPlay\"},\"image\":{\"@id\":\"https:\\\/\\\/kidsplay.lt\\\/#\\\/schema\\\/logo\\\/image\\\/\"},\"sameAs\":[\"https:\\\/\\\/www.facebook.com\\\/www.kidsplay.lt\"]}]}<\/script>\n<!-- \/ Yoast SEO plugin. -->","yoast_head_json":{"title":"Lankstus sensorinis kubeli\u0173 r\u016b\u0161iuotojas vaikams spalving\u0173 form\u0173 ab\u0117c\u0117l\u0117 15 vnt. WOOPIE BABY","description":"\u201eWoopie\u201c prek\u0117s \u017eenklo \u201eFlexible Sensor Cube\u201c kubas paskatins j\u016bs\u0173 vaiko vystym\u0105si! Vaiko \u017eaidimas susideda i\u0161 element\u0173 \u012fd\u0117jimo ir i\u0161\u0117mimo.","robots":{"index":"index","follow":"follow","max-snippet":"max-snippet:-1","max-image-preview":"max-image-preview:large","max-video-preview":"max-video-preview:-1"},"canonical":"https:\/\/kidsplay.lt\/lv\/products\/lankstus-sensorinis-kubeliu-rusiuotojas-vaikams-spalvingu-formu-abecele-15-vnt-woopie-baby\/","og_locale":"lv_LV","og_type":"article","og_title":"Lankstus sensorinis kubeli\u0173 r\u016b\u0161iuotojas vaikams spalving\u0173 form\u0173 ab\u0117c\u0117l\u0117 15 vnt. WOOPIE BABY","og_description":"\u201eWoopie\u201c prek\u0117s \u017eenklo \u201eFlexible Sensor Cube\u201c kubas paskatins j\u016bs\u0173 vaiko vystym\u0105si! Vaiko \u017eaidimas susideda i\u0161 element\u0173 \u012fd\u0117jimo ir i\u0161\u0117mimo.","og_url":"https:\/\/kidsplay.lt\/lv\/products\/lankstus-sensorinis-kubeliu-rusiuotojas-vaikams-spalvingu-formu-abecele-15-vnt-woopie-baby\/","og_site_name":"KidsPlay","article_publisher":"https:\/\/www.facebook.com\/www.kidsplay.lt","article_modified_time":"2026-03-26T11:14:03+00:00","og_image":[{"width":1000,"height":1000,"url":"https:\/\/kidsplay.lt\/wp-content\/uploads\/2024\/09\/Lankstus-sensorinis-kubeliu-rusiuotojas-vaikams-spalvingu-formu-abecele-15-vnt.-WOOPIE-BABY.jpg","type":"image\/jpeg"}],"twitter_card":"summary_large_image","twitter_misc":{"Est. reading time":"1 min\u016bte"},"schema":{"@context":"https:\/\/schema.org","@graph":[{"@type":"WebPage","@id":"https:\/\/kidsplay.lt\/produktas\/lankstus-sensorinis-kubeliu-rusiuotojas-vaikams-spalvingu-formu-abecele-15-vnt-woopie-baby\/","url":"https:\/\/kidsplay.lt\/produktas\/lankstus-sensorinis-kubeliu-rusiuotojas-vaikams-spalvingu-formu-abecele-15-vnt-woopie-baby\/","name":"Lankstus sensorinis kubeli\u0173 r\u016b\u0161iuotojas vaikams spalving\u0173 form\u0173 ab\u0117c\u0117l\u0117 15 vnt. WOOPIE BABY","isPartOf":{"@id":"https:\/\/kidsplay.lt\/#website"},"primaryImageOfPage":{"@id":"https:\/\/kidsplay.lt\/produktas\/lankstus-sensorinis-kubeliu-rusiuotojas-vaikams-spalvingu-formu-abecele-15-vnt-woopie-baby\/#primaryimage"},"image":{"@id":"https:\/\/kidsplay.lt\/produktas\/lankstus-sensorinis-kubeliu-rusiuotojas-vaikams-spalvingu-formu-abecele-15-vnt-woopie-baby\/#primaryimage"},"thumbnailUrl":"https:\/\/kidsplay.lt\/wp-content\/uploads\/2024\/09\/Lankstus-sensorinis-kubeliu-rusiuotojas-vaikams-spalvingu-formu-abecele-15-vnt.-WOOPIE-BABY.jpg","datePublished":"2026-02-26T07:43:33+00:00","dateModified":"2026-03-26T11:14:03+00:00","description":"\u201eWoopie\u201c prek\u0117s \u017eenklo \u201eFlexible Sensor Cube\u201c kubas paskatins j\u016bs\u0173 vaiko vystym\u0105si! Vaiko \u017eaidimas susideda i\u0161 element\u0173 \u012fd\u0117jimo ir i\u0161\u0117mimo.","breadcrumb":{"@id":"https:\/\/kidsplay.lt\/produktas\/lankstus-sensorinis-kubeliu-rusiuotojas-vaikams-spalvingu-formu-abecele-15-vnt-woopie-baby\/#breadcrumb"},"inLanguage":"lv-LV","potentialAction":[{"@type":"ReadAction","target":["https:\/\/kidsplay.lt\/produktas\/lankstus-sensorinis-kubeliu-rusiuotojas-vaikams-spalvingu-formu-abecele-15-vnt-woopie-baby\/"]}]},{"@type":"ImageObject","inLanguage":"lv-LV","@id":"https:\/\/kidsplay.lt\/produktas\/lankstus-sensorinis-kubeliu-rusiuotojas-vaikams-spalvingu-formu-abecele-15-vnt-woopie-baby\/#primaryimage","url":"https:\/\/kidsplay.lt\/wp-content\/uploads\/2024\/09\/Lankstus-sensorinis-kubeliu-rusiuotojas-vaikams-spalvingu-formu-abecele-15-vnt.-WOOPIE-BABY.jpg","contentUrl":"https:\/\/kidsplay.lt\/wp-content\/uploads\/2024\/09\/Lankstus-sensorinis-kubeliu-rusiuotojas-vaikams-spalvingu-formu-abecele-15-vnt.-WOOPIE-BABY.jpg","width":1000,"height":1000,"caption":"Lankstus sensorinis kubeli\u0173 r\u016b\u0161iuotojas vaikams spalving\u0173 form\u0173 ab\u0117c\u0117l\u0117 15 vnt. WOOPIE BABY"},{"@type":"BreadcrumbList","@id":"https:\/\/kidsplay.lt\/produktas\/lankstus-sensorinis-kubeliu-rusiuotojas-vaikams-spalvingu-formu-abecele-15-vnt-woopie-baby\/#breadcrumb","itemListElement":[{"@type":"ListItem","position":1,"name":"Pagrindinis","item":"https:\/\/kidsplay.lt\/"},{"@type":"ListItem","position":2,"name":"Parduotuv\u0117","item":"https:\/\/kidsplay.lt\/parduotuve\/"},{"@type":"ListItem","position":3,"name":"Lankstus sensorinis kubeli\u0173 r\u016b\u0161iuotojas vaikams spalving\u0173 form\u0173 ab\u0117c\u0117l\u0117 15 vnt. WOOPIE BABY"}]},{"@type":"WebSite","@id":"https:\/\/kidsplay.lt\/#website","url":"https:\/\/kidsplay.lt\/","name":"B\u0113rnu sp\u0113les.lv","description":"\u012evairios prek\u0117s vaikams","publisher":{"@id":"https:\/\/kidsplay.lt\/#organization"},"alternateName":"Kidsplay","potentialAction":[{"@type":"SearchAction","target":{"@type":"EntryPoint","urlTemplate":"https:\/\/kidsplay.lt\/?s={search_term_string}"},"query-input":{"@type":"PropertyValueSpecification","valueRequired":true,"valueName":"search_term_string"}}],"inLanguage":"lv-LV"},{"@type":"Organization","@id":"https:\/\/kidsplay.lt\/#organization","name":"B\u0113rnu sp\u0113le","url":"https:\/\/kidsplay.lt\/","logo":{"@type":"ImageObject","inLanguage":"lv-LV","@id":"https:\/\/kidsplay.lt\/#\/schema\/logo\/image\/","url":"https:\/\/kidsplay.lt\/wp-content\/uploads\/2023\/07\/kidsplay-logo.png","contentUrl":"https:\/\/kidsplay.lt\/wp-content\/uploads\/2023\/07\/kidsplay-logo.png","width":451,"height":98,"caption":"KidsPlay"},"image":{"@id":"https:\/\/kidsplay.lt\/#\/schema\/logo\/image\/"},"sameAs":["https:\/\/www.facebook.com\/www.kidsplay.lt"]}]}},"_links":{"self":[{"href":"https:\/\/kidsplay.lt\/lv\/wp-json\/wp\/v2\/product\/90361","targetHints":{"allow":["GET"]}}],"collection":[{"href":"https:\/\/kidsplay.lt\/lv\/wp-json\/wp\/v2\/product"}],"about":[{"href":"https:\/\/kidsplay.lt\/lv\/wp-json\/wp\/v2\/types\/product"}],"version-history":[{"count":1,"href":"https:\/\/kidsplay.lt\/lv\/wp-json\/wp\/v2\/product\/90361\/revisions"}],"predecessor-version":[{"id":90362,"href":"https:\/\/kidsplay.lt\/lv\/wp-json\/wp\/v2\/product\/90361\/revisions\/90362"}],"wp:featuredmedia":[{"embeddable":true,"href":"https:\/\/kidsplay.lt\/lv\/wp-json\/wp\/v2\/media\/51552"}],"wp:attachment":[{"href":"https:\/\/kidsplay.lt\/lv\/wp-json\/wp\/v2\/media?parent=90361"}],"wp:term":[{"taxonomy":"product_brand","embeddable":true,"href":"https:\/\/kidsplay.lt\/lv\/wp-json\/wp\/v2\/product_brand?post=90361"},{"taxonomy":"product_cat","embeddable":true,"href":"https:\/\/kidsplay.lt\/lv\/wp-json\/wp\/v2\/product_cat?post=90361"},{"taxonomy":"product_tag","embeddable":true,"href":"https:\/\/kidsplay.lt\/lv\/wp-json\/wp\/v2\/product_tag?post=90361"}],"curies":[{"name":"wp","href":"https:\/\/api.w.org\/{rel}","templated":true}]}}