{"id":90363,"date":"2026-02-26T09:43:36","date_gmt":"2026-02-26T07:43:36","guid":{"rendered":"https:\/\/kidsplay.lt\/produktas\/kamuoliuku-bokstas-su-ciuozykla\/"},"modified":"2026-04-07T10:56:20","modified_gmt":"2026-04-07T07:56:20","slug":"kamuoliuku-bokstas-su-ciuozykla","status":"publish","type":"product","link":"https:\/\/kidsplay.lt\/lv\/products\/kamuoliuku-bokstas-su-ciuozykla\/","title":{"rendered":"Bumbi\u0146u tornis ar slidkalni\u0146u"},"content":{"rendered":"<p>Penki\u0173 lygi\u0173 rutulin\u0117 \u010diuo\u017eykla\u00a0su triuk\u0173 krep\u0161iu i\u0161\u00a0WOOPIE\u00a0prek\u0117s \u017eenklo yra puiki dovana j\u016bs\u0173 vaikui! \u017daisdamas ma\u017eylis\u00a0su\u017eino, kaip\u00a0ant pasvirusi\u0173 pavir\u0161i\u0173 veikia sferin\u0117s formos. Kamuoliuk\u0173 viduje yra nedideli elementai, kurie\u00a0ried\u0117dami\u00a0skleid\u017eia garsus , suteikian\u010dius\u00a0papildom\u0173 jutimini\u0173 potyri\u0173\u00a0. \u010ciuo\u017eykla turi\u00a0penkis spalvingus lygius\u00a0, kuriuos turi \u012fveikti vaiko pad\u0117tas kamuoliukas. Vir\u0161uje yra gra\u017eus li\u016btas su krep\u0161eliu, kur\u012f vaikas stengsis pasiekti, taip lavindamas savo\u00a0rank\u0173 \u012fg\u016bd\u017eius, koordinacij\u0105 ir tikslum\u0105\u00a0. \u017daislas pagamintas i\u0161\u00a0saugaus ir sertifikuoto plastiko\u00a0. Tai puikus b\u016bdas mokytis smagiai!<\/p>\n<p>Charakteristika:<\/p>\n<p> \t&#8211; \u017eaislas vaikams\u00a0nuo 18 m\u0117n<br \/>\n \t&#8211; yra\u00a0bar\u0161kan\u010di\u0173 kamuoliuk\u0173, skirt\u0173 papildomiems jutimo potyriams<br \/>\n \t&#8211;\u00a0penki spalvingi\u00a0kamuolio \u012fveikimo lygiai<br \/>\n \t&#8211; lavina koordinacij\u0105, tikslum\u0105 ir rank\u0173 \u012fg\u016bd\u017eius<br \/>\n \t&#8211; pagamintas i\u0161\u00a0saugaus\u00a0ir sertifikuoto plastiko<br \/>\n \t&#8211;\u00a0rinkin\u012f sudaro:\u00a03 kamuoliukai<\/p>","protected":false},"excerpt":{"rendered":"<p>Penki\u0173 lygi\u0173 rutulin\u0117 \u010diuo\u017eykla\u00a0su triuk\u0173 krep\u0161iu i\u0161\u00a0WOOPIE\u00a0prek\u0117s \u017eenklo yra puiki dovana j\u016bs\u0173 vaikui! \u017daisdamas ma\u017eylis\u00a0su\u017eino, kaip\u00a0ant pasvirusi\u0173 pavir\u0161i\u0173 veikia sferin\u0117s<\/p>","protected":false},"featured_media":54634,"template":"","meta":{"_acf_changed":false,"_glsr_average":0,"_glsr_ranking":0,"_glsr_reviews":0},"product_brand":[],"product_cat":[396,229],"product_tag":[],"class_list":{"0":"post-90363","1":"product","2":"type-product","3":"status-publish","4":"has-post-thumbnail","6":"product_cat-kudikiu-zaislai-vaikams2","7":"product_cat-zaislai-vaikams","8":"\"style=\"background-color: #2ecc711c;\"","10":"first","11":"instock","12":"purchasable","13":"product-type-simple"},"acf":[],"yoast_head":"<!-- This site is optimized with the Yoast SEO plugin v27.3 - https:\/\/yoast.com\/product\/yoast-seo-wordpress\/ -->\n<title>Kamuoliuk\u0173 bok\u0161tas su \u010diuo\u017eykla<\/title>\n<meta name=\"description\" content=\"Kamuoliuk\u0173 bok\u0161tas su \u010diuo\u017eykla - KidsPlay. Did\u017eiausias vaik\u0173 \u017eaisl\u0173 pasirinkimas.\" \/>\n<meta name=\"robots\" content=\"index, follow, max-snippet:-1, max-image-preview:large, max-video-preview:-1\" \/>\n<link rel=\"canonical\" href=\"https:\/\/kidsplay.lt\/lv\/products\/kamuoliuku-bokstas-su-ciuozykla\/\" \/>\n<meta property=\"og:locale\" content=\"lv_LV\" \/>\n<meta property=\"og:type\" content=\"article\" \/>\n<meta property=\"og:title\" content=\"Kamuoliuk\u0173 bok\u0161tas su \u010diuo\u017eykla\" \/>\n<meta property=\"og:description\" content=\"Kamuoliuk\u0173 bok\u0161tas su \u010diuo\u017eykla - KidsPlay. Did\u017eiausias vaik\u0173 \u017eaisl\u0173 pasirinkimas.\" \/>\n<meta property=\"og:url\" content=\"https:\/\/kidsplay.lt\/lv\/products\/kamuoliuku-bokstas-su-ciuozykla\/\" \/>\n<meta property=\"og:site_name\" content=\"KidsPlay\" \/>\n<meta property=\"article:publisher\" content=\"https:\/\/www.facebook.com\/www.kidsplay.lt\" \/>\n<meta property=\"article:modified_time\" content=\"2026-04-07T07:56:20+00:00\" \/>\n<meta property=\"og:image\" content=\"https:\/\/kidsplay.lt\/wp-content\/uploads\/2024\/09\/Kamuoliuku-bokstas-su-ciuozykla.jpg\" \/>\n\t<meta property=\"og:image:width\" content=\"1000\" \/>\n\t<meta property=\"og:image:height\" content=\"1000\" \/>\n\t<meta property=\"og:image:type\" content=\"image\/jpeg\" \/>\n<meta name=\"twitter:card\" content=\"summary_large_image\" \/>\n<meta name=\"twitter:label1\" content=\"Est. reading time\" \/>\n\t<meta name=\"twitter:data1\" content=\"1 min\u016bte\" \/>\n<script type=\"application\/ld+json\" class=\"yoast-schema-graph\">{\"@context\":\"https:\\\/\\\/schema.org\",\"@graph\":[{\"@type\":\"WebPage\",\"@id\":\"https:\\\/\\\/kidsplay.lt\\\/produktas\\\/kamuoliuku-bokstas-su-ciuozykla\\\/\",\"url\":\"https:\\\/\\\/kidsplay.lt\\\/produktas\\\/kamuoliuku-bokstas-su-ciuozykla\\\/\",\"name\":\"Kamuoliuk\u0173 bok\u0161tas su \u010diuo\u017eykla\",\"isPartOf\":{\"@id\":\"https:\\\/\\\/kidsplay.lt\\\/#website\"},\"primaryImageOfPage\":{\"@id\":\"https:\\\/\\\/kidsplay.lt\\\/produktas\\\/kamuoliuku-bokstas-su-ciuozykla\\\/#primaryimage\"},\"image\":{\"@id\":\"https:\\\/\\\/kidsplay.lt\\\/produktas\\\/kamuoliuku-bokstas-su-ciuozykla\\\/#primaryimage\"},\"thumbnailUrl\":\"https:\\\/\\\/kidsplay.lt\\\/wp-content\\\/uploads\\\/2024\\\/09\\\/Kamuoliuku-bokstas-su-ciuozykla.jpg\",\"datePublished\":\"2026-02-26T07:43:36+00:00\",\"dateModified\":\"2026-04-07T07:56:20+00:00\",\"description\":\"Kamuoliuk\u0173 bok\u0161tas su \u010diuo\u017eykla - KidsPlay. Did\u017eiausias vaik\u0173 \u017eaisl\u0173 pasirinkimas.\",\"breadcrumb\":{\"@id\":\"https:\\\/\\\/kidsplay.lt\\\/produktas\\\/kamuoliuku-bokstas-su-ciuozykla\\\/#breadcrumb\"},\"inLanguage\":\"lv-LV\",\"potentialAction\":[{\"@type\":\"ReadAction\",\"target\":[\"https:\\\/\\\/kidsplay.lt\\\/produktas\\\/kamuoliuku-bokstas-su-ciuozykla\\\/\"]}]},{\"@type\":\"ImageObject\",\"inLanguage\":\"lv-LV\",\"@id\":\"https:\\\/\\\/kidsplay.lt\\\/produktas\\\/kamuoliuku-bokstas-su-ciuozykla\\\/#primaryimage\",\"url\":\"https:\\\/\\\/kidsplay.lt\\\/wp-content\\\/uploads\\\/2024\\\/09\\\/Kamuoliuku-bokstas-su-ciuozykla.jpg\",\"contentUrl\":\"https:\\\/\\\/kidsplay.lt\\\/wp-content\\\/uploads\\\/2024\\\/09\\\/Kamuoliuku-bokstas-su-ciuozykla.jpg\",\"width\":1000,\"height\":1000,\"caption\":\"Kamuoliuk\u0173 bok\u0161tas su \u010diuo\u017eykla\"},{\"@type\":\"BreadcrumbList\",\"@id\":\"https:\\\/\\\/kidsplay.lt\\\/produktas\\\/kamuoliuku-bokstas-su-ciuozykla\\\/#breadcrumb\",\"itemListElement\":[{\"@type\":\"ListItem\",\"position\":1,\"name\":\"Pagrindinis\",\"item\":\"https:\\\/\\\/kidsplay.lt\\\/\"},{\"@type\":\"ListItem\",\"position\":2,\"name\":\"Parduotuv\u0117\",\"item\":\"https:\\\/\\\/kidsplay.lt\\\/parduotuve\\\/\"},{\"@type\":\"ListItem\",\"position\":3,\"name\":\"Kamuoliuk\u0173 bok\u0161tas su \u010diuo\u017eykla\"}]},{\"@type\":\"WebSite\",\"@id\":\"https:\\\/\\\/kidsplay.lt\\\/#website\",\"url\":\"https:\\\/\\\/kidsplay.lt\\\/\",\"name\":\"Kidsplay.lt\",\"description\":\"\u012evairios prek\u0117s vaikams\",\"publisher\":{\"@id\":\"https:\\\/\\\/kidsplay.lt\\\/#organization\"},\"alternateName\":\"Kidsplay\",\"potentialAction\":[{\"@type\":\"SearchAction\",\"target\":{\"@type\":\"EntryPoint\",\"urlTemplate\":\"https:\\\/\\\/kidsplay.lt\\\/?s={search_term_string}\"},\"query-input\":{\"@type\":\"PropertyValueSpecification\",\"valueRequired\":true,\"valueName\":\"search_term_string\"}}],\"inLanguage\":\"lv-LV\"},{\"@type\":\"Organization\",\"@id\":\"https:\\\/\\\/kidsplay.lt\\\/#organization\",\"name\":\"KidsPlay\",\"url\":\"https:\\\/\\\/kidsplay.lt\\\/\",\"logo\":{\"@type\":\"ImageObject\",\"inLanguage\":\"lv-LV\",\"@id\":\"https:\\\/\\\/kidsplay.lt\\\/#\\\/schema\\\/logo\\\/image\\\/\",\"url\":\"https:\\\/\\\/kidsplay.lt\\\/wp-content\\\/uploads\\\/2023\\\/07\\\/kidsplay-logo.png\",\"contentUrl\":\"https:\\\/\\\/kidsplay.lt\\\/wp-content\\\/uploads\\\/2023\\\/07\\\/kidsplay-logo.png\",\"width\":451,\"height\":98,\"caption\":\"KidsPlay\"},\"image\":{\"@id\":\"https:\\\/\\\/kidsplay.lt\\\/#\\\/schema\\\/logo\\\/image\\\/\"},\"sameAs\":[\"https:\\\/\\\/www.facebook.com\\\/www.kidsplay.lt\"]}]}<\/script>\n<!-- \/ Yoast SEO plugin. -->","yoast_head_json":{"title":"Bumbi\u0146u tornis ar slidkalni\u0146u","description":"Kamuoliuk\u0173 bok\u0161tas su \u010diuo\u017eykla - KidsPlay. Did\u017eiausias vaik\u0173 \u017eaisl\u0173 pasirinkimas.","robots":{"index":"index","follow":"follow","max-snippet":"max-snippet:-1","max-image-preview":"max-image-preview:large","max-video-preview":"max-video-preview:-1"},"canonical":"https:\/\/kidsplay.lt\/lv\/products\/kamuoliuku-bokstas-su-ciuozykla\/","og_locale":"lv_LV","og_type":"article","og_title":"Kamuoliuk\u0173 bok\u0161tas su \u010diuo\u017eykla","og_description":"Kamuoliuk\u0173 bok\u0161tas su \u010diuo\u017eykla - KidsPlay. Did\u017eiausias vaik\u0173 \u017eaisl\u0173 pasirinkimas.","og_url":"https:\/\/kidsplay.lt\/lv\/products\/kamuoliuku-bokstas-su-ciuozykla\/","og_site_name":"KidsPlay","article_publisher":"https:\/\/www.facebook.com\/www.kidsplay.lt","article_modified_time":"2026-04-07T07:56:20+00:00","og_image":[{"width":1000,"height":1000,"url":"https:\/\/kidsplay.lt\/wp-content\/uploads\/2024\/09\/Kamuoliuku-bokstas-su-ciuozykla.jpg","type":"image\/jpeg"}],"twitter_card":"summary_large_image","twitter_misc":{"Est. reading time":"1 min\u016bte"},"schema":{"@context":"https:\/\/schema.org","@graph":[{"@type":"WebPage","@id":"https:\/\/kidsplay.lt\/produktas\/kamuoliuku-bokstas-su-ciuozykla\/","url":"https:\/\/kidsplay.lt\/produktas\/kamuoliuku-bokstas-su-ciuozykla\/","name":"Bumbi\u0146u tornis ar slidkalni\u0146u","isPartOf":{"@id":"https:\/\/kidsplay.lt\/#website"},"primaryImageOfPage":{"@id":"https:\/\/kidsplay.lt\/produktas\/kamuoliuku-bokstas-su-ciuozykla\/#primaryimage"},"image":{"@id":"https:\/\/kidsplay.lt\/produktas\/kamuoliuku-bokstas-su-ciuozykla\/#primaryimage"},"thumbnailUrl":"https:\/\/kidsplay.lt\/wp-content\/uploads\/2024\/09\/Kamuoliuku-bokstas-su-ciuozykla.jpg","datePublished":"2026-02-26T07:43:36+00:00","dateModified":"2026-04-07T07:56:20+00:00","description":"Kamuoliuk\u0173 bok\u0161tas su \u010diuo\u017eykla - KidsPlay. Did\u017eiausias vaik\u0173 \u017eaisl\u0173 pasirinkimas.","breadcrumb":{"@id":"https:\/\/kidsplay.lt\/produktas\/kamuoliuku-bokstas-su-ciuozykla\/#breadcrumb"},"inLanguage":"lv-LV","potentialAction":[{"@type":"ReadAction","target":["https:\/\/kidsplay.lt\/produktas\/kamuoliuku-bokstas-su-ciuozykla\/"]}]},{"@type":"ImageObject","inLanguage":"lv-LV","@id":"https:\/\/kidsplay.lt\/produktas\/kamuoliuku-bokstas-su-ciuozykla\/#primaryimage","url":"https:\/\/kidsplay.lt\/wp-content\/uploads\/2024\/09\/Kamuoliuku-bokstas-su-ciuozykla.jpg","contentUrl":"https:\/\/kidsplay.lt\/wp-content\/uploads\/2024\/09\/Kamuoliuku-bokstas-su-ciuozykla.jpg","width":1000,"height":1000,"caption":"Kamuoliuk\u0173 bok\u0161tas su \u010diuo\u017eykla"},{"@type":"BreadcrumbList","@id":"https:\/\/kidsplay.lt\/produktas\/kamuoliuku-bokstas-su-ciuozykla\/#breadcrumb","itemListElement":[{"@type":"ListItem","position":1,"name":"Pagrindinis","item":"https:\/\/kidsplay.lt\/"},{"@type":"ListItem","position":2,"name":"Parduotuv\u0117","item":"https:\/\/kidsplay.lt\/parduotuve\/"},{"@type":"ListItem","position":3,"name":"Kamuoliuk\u0173 bok\u0161tas su \u010diuo\u017eykla"}]},{"@type":"WebSite","@id":"https:\/\/kidsplay.lt\/#website","url":"https:\/\/kidsplay.lt\/","name":"B\u0113rnu sp\u0113les.lv","description":"\u012evairios prek\u0117s vaikams","publisher":{"@id":"https:\/\/kidsplay.lt\/#organization"},"alternateName":"Kidsplay","potentialAction":[{"@type":"SearchAction","target":{"@type":"EntryPoint","urlTemplate":"https:\/\/kidsplay.lt\/?s={search_term_string}"},"query-input":{"@type":"PropertyValueSpecification","valueRequired":true,"valueName":"search_term_string"}}],"inLanguage":"lv-LV"},{"@type":"Organization","@id":"https:\/\/kidsplay.lt\/#organization","name":"B\u0113rnu sp\u0113le","url":"https:\/\/kidsplay.lt\/","logo":{"@type":"ImageObject","inLanguage":"lv-LV","@id":"https:\/\/kidsplay.lt\/#\/schema\/logo\/image\/","url":"https:\/\/kidsplay.lt\/wp-content\/uploads\/2023\/07\/kidsplay-logo.png","contentUrl":"https:\/\/kidsplay.lt\/wp-content\/uploads\/2023\/07\/kidsplay-logo.png","width":451,"height":98,"caption":"KidsPlay"},"image":{"@id":"https:\/\/kidsplay.lt\/#\/schema\/logo\/image\/"},"sameAs":["https:\/\/www.facebook.com\/www.kidsplay.lt"]}]}},"_links":{"self":[{"href":"https:\/\/kidsplay.lt\/lv\/wp-json\/wp\/v2\/product\/90363","targetHints":{"allow":["GET"]}}],"collection":[{"href":"https:\/\/kidsplay.lt\/lv\/wp-json\/wp\/v2\/product"}],"about":[{"href":"https:\/\/kidsplay.lt\/lv\/wp-json\/wp\/v2\/types\/product"}],"version-history":[{"count":1,"href":"https:\/\/kidsplay.lt\/lv\/wp-json\/wp\/v2\/product\/90363\/revisions"}],"predecessor-version":[{"id":90364,"href":"https:\/\/kidsplay.lt\/lv\/wp-json\/wp\/v2\/product\/90363\/revisions\/90364"}],"wp:featuredmedia":[{"embeddable":true,"href":"https:\/\/kidsplay.lt\/lv\/wp-json\/wp\/v2\/media\/54634"}],"wp:attachment":[{"href":"https:\/\/kidsplay.lt\/lv\/wp-json\/wp\/v2\/media?parent=90363"}],"wp:term":[{"taxonomy":"product_brand","embeddable":true,"href":"https:\/\/kidsplay.lt\/lv\/wp-json\/wp\/v2\/product_brand?post=90363"},{"taxonomy":"product_cat","embeddable":true,"href":"https:\/\/kidsplay.lt\/lv\/wp-json\/wp\/v2\/product_cat?post=90363"},{"taxonomy":"product_tag","embeddable":true,"href":"https:\/\/kidsplay.lt\/lv\/wp-json\/wp\/v2\/product_tag?post=90363"}],"curies":[{"name":"wp","href":"https:\/\/api.w.org\/{rel}","templated":true}]}}