{"id":90369,"date":"2026-02-26T09:43:44","date_gmt":"2026-02-26T07:43:44","guid":{"rendered":"https:\/\/kidsplay.lt\/produktas\/vaikiskos-sodo-supynes\/"},"modified":"2026-04-07T10:56:26","modified_gmt":"2026-04-07T07:56:26","slug":"vaikiskos-sodo-supynes","status":"publish","type":"product","link":"https:\/\/kidsplay.lt\/lv\/product\/vaikiskos-sodo-supynes\/","title":{"rendered":"Vaiki\u0161kos sodo s\u016bpyn\u0117s"},"content":{"rendered":"<p>Woopie\u00a0s\u016bpyn\u0117s\u00a03in1\u00a0suteiks puiki\u0105 pramog\u0105 nuo pat ma\u017eens!\u00a0\u00a0Vienviet\u0117s s\u016bpyn\u0117s turi\u00a0stabil\u0173\u00a0,\u00a0masyv\u0173\u00a0ir\u00a0patvar\u0173\u00a0stov\u0105 su\u00a0\u201ekoj\u0173\u201c\u00a0apsauga\u00a0. D\u0117l savo dizaino s\u016bpyn\u0117s gali b\u016bti naudojamos tiek\u00a0viduje\u00a0, tiek\u00a0lauke\u00a0.\u00a0D\u0117l\u00a0nuimamo koj\u0173 u\u017evalkalo ir nuimamo atlo\u0161o\u00a0s\u016bpyn\u0117s puikiai tiks ir vyresniems vaikams.\u00a0Produktas turi\u00a03 naudojimo variantus\u00a0:\u00a0k\u016bdiki\u0173 s\u016bpyn\u0117s su atlo\u0161u ir koj\u0173 u\u017edangalu, s\u016bpyn\u0117s su atlo\u0161u arba s\u016bpyn\u0117s be atlo\u0161o. Laikui b\u0117gant, vaikui augant, s\u016bpyn\u0117s dalys gali b\u016bti lengvai i\u0161ardomos \u2013\u00a0s\u016bpyn\u0117s auga kartu su vaiku\u00a0!\u00a0Saugos dir\u017eai\u00a0u\u017etikrina saug\u0173 \u017eaidim\u0105, o judantys elementai\u00a0vysto \u201erank\u0173 jud\u0117jim\u0105\u201c\u00a0. Atstumas nuo s\u0117dyn\u0117s iki \u017eem\u0117s 35 cm. S\u016bpyn\u0117s teigiamai veikia\u00a0vaiko motorini\u0173 \u012fg\u016bd\u017ei\u0173\u00a0vystym\u0105si ir yra idealus \u017eaislas\u00a0veiklai\u00a0!<\/p>\n<p>Charakteristika:<\/p>\n<p> \t3 naudojimo galimyb\u0117s d\u0117l\u00a0\u00a0nuimamo koj\u0173 u\u017evalkalo ir nuimamo atlo\u0161o,<br \/>\n \tatstumas nuo s\u0117dyn\u0117s iki \u017eem\u0117s\u00a0:\u00a035\u00a0\u00a0cm,<br \/>\n \tpagamintas i\u0161\u00a0\u00a0draugi\u0161kos\u00a0,\u00a0\u00a0saugios\u00a0\u00a0ir\u00a0\u00a0patvarios\u00a0\u00a0med\u017eiagos vaikams,<br \/>\n \tstambiosios motorikos (koj\u0173 raumen\u0173 vystymasis), smulkiosios motorikos (\u00a0&#8222;rank\u0173 jud\u0117jimo&#8221;\u00a0), pusiausvyros ir koordinacijos\u00a0\u00a0lavinimas\u00a0vaike,<br \/>\n \tskirtas naudoti\u00a0\u00a0namuose\u00a0\u00a0ir\u00a0\u00a0lauke.<\/p>\n<p>Woopie\u00a0yra viena i\u0161 pirmaujan\u010di\u0173 plastikini\u0173 \u017eaisl\u0173 gamintoj\u0173 Europoje. Mochtoys produktai s\u0117kmingai parduodami vidaus rinkoje ir visoje Europoje.<\/p>\n<p>\u201eWoopie\u201c prek\u0117s \u017eenklo \u017eaislai turi vien\u0105 tiksl\u0105 \u2013 prad\u017eiuginti vaikus! Tarp gausaus asortimento Woopie, be kita ko, turi karnavalini\u0173 kostium\u0173 ir kostium\u0173 vaikams, taip pat pakabinamas s\u016bpynes, putplas\u010dio \u017eaislus, \u012fvairi\u0173 r\u016b\u0161i\u0173 sodo \u017eaislus ir dar daugiau! Leiskite save nuvilioti linksmybi\u0173 \u2013 leiskite save nuvilti Woop!<\/p>","protected":false},"excerpt":{"rendered":"<p>Woopie\u00a0s\u016bpyn\u0117s\u00a03in1\u00a0suteiks puiki\u0105 pramog\u0105 nuo pat ma\u017eens!\u00a0\u00a0Vienviet\u0117s s\u016bpyn\u0117s turi\u00a0stabil\u0173\u00a0,\u00a0masyv\u0173\u00a0ir\u00a0patvar\u0173\u00a0stov\u0105 su\u00a0\u201ekoj\u0173\u201c\u00a0apsauga\u00a0. D\u0117l savo dizaino s\u016bpyn\u0117s gali b\u016bti naudojamos tiek\u00a0viduje\u00a0, tiek\u00a0lauke\u00a0.\u00a0D\u0117l\u00a0nuimamo koj\u0173 u\u017evalkalo<\/p>","protected":false},"featured_media":54680,"template":"","meta":{"_acf_changed":false,"_glsr_average":0,"_glsr_ranking":0,"_glsr_reviews":0},"product_brand":[],"product_cat":[233,232],"product_tag":[],"class_list":{"0":"post-90369","1":"product","2":"type-product","3":"status-publish","4":"has-post-thumbnail","6":"product_cat-lauko-pramogos","7":"product_cat-supynes","8":"\"style=\"background-color: #2ecc711c;\"","10":"first","11":"instock","12":"purchasable","13":"product-type-simple"},"acf":[],"yoast_head":"<!-- This site is optimized with the Yoast SEO plugin v27.3 - https:\/\/yoast.com\/product\/yoast-seo-wordpress\/ -->\n<title>Vaiki\u0161kos sodo s\u016bpyn\u0117s<\/title>\n<meta name=\"description\" content=\"Vaiki\u0161kos sodo s\u016bpyn\u0117s - KidsPlay. Did\u017eiausias vaik\u0173 \u017eaisl\u0173 pasirinkimas.\" \/>\n<meta name=\"robots\" content=\"index, follow, max-snippet:-1, max-image-preview:large, max-video-preview:-1\" \/>\n<link rel=\"canonical\" href=\"https:\/\/kidsplay.lt\/lv\/product\/vaikiskos-sodo-supynes\/\" \/>\n<meta property=\"og:locale\" content=\"lv_LV\" \/>\n<meta property=\"og:type\" content=\"article\" \/>\n<meta property=\"og:title\" content=\"Vaiki\u0161kos sodo s\u016bpyn\u0117s\" \/>\n<meta property=\"og:description\" content=\"Vaiki\u0161kos sodo s\u016bpyn\u0117s - KidsPlay. Did\u017eiausias vaik\u0173 \u017eaisl\u0173 pasirinkimas.\" \/>\n<meta property=\"og:url\" content=\"https:\/\/kidsplay.lt\/lv\/product\/vaikiskos-sodo-supynes\/\" \/>\n<meta property=\"og:site_name\" content=\"KidsPlay\" \/>\n<meta property=\"article:publisher\" content=\"https:\/\/www.facebook.com\/www.kidsplay.lt\" \/>\n<meta property=\"article:modified_time\" content=\"2026-04-07T07:56:26+00:00\" \/>\n<meta property=\"og:image\" content=\"https:\/\/kidsplay.lt\/wp-content\/uploads\/2024\/09\/Vaikiskos-sodo-supynes.jpg\" \/>\n\t<meta property=\"og:image:width\" content=\"1000\" \/>\n\t<meta property=\"og:image:height\" content=\"1000\" \/>\n\t<meta property=\"og:image:type\" content=\"image\/jpeg\" \/>\n<meta name=\"twitter:card\" content=\"summary_large_image\" \/>\n<meta name=\"twitter:label1\" content=\"Est. reading time\" \/>\n\t<meta name=\"twitter:data1\" content=\"1 min\u016bte\" \/>\n<script type=\"application\/ld+json\" class=\"yoast-schema-graph\">{\"@context\":\"https:\\\/\\\/schema.org\",\"@graph\":[{\"@type\":\"WebPage\",\"@id\":\"https:\\\/\\\/kidsplay.lt\\\/produktas\\\/vaikiskos-sodo-supynes\\\/\",\"url\":\"https:\\\/\\\/kidsplay.lt\\\/produktas\\\/vaikiskos-sodo-supynes\\\/\",\"name\":\"Vaiki\u0161kos sodo s\u016bpyn\u0117s\",\"isPartOf\":{\"@id\":\"https:\\\/\\\/kidsplay.lt\\\/#website\"},\"primaryImageOfPage\":{\"@id\":\"https:\\\/\\\/kidsplay.lt\\\/produktas\\\/vaikiskos-sodo-supynes\\\/#primaryimage\"},\"image\":{\"@id\":\"https:\\\/\\\/kidsplay.lt\\\/produktas\\\/vaikiskos-sodo-supynes\\\/#primaryimage\"},\"thumbnailUrl\":\"https:\\\/\\\/kidsplay.lt\\\/wp-content\\\/uploads\\\/2024\\\/09\\\/Vaikiskos-sodo-supynes.jpg\",\"datePublished\":\"2026-02-26T07:43:44+00:00\",\"dateModified\":\"2026-04-07T07:56:26+00:00\",\"description\":\"Vaiki\u0161kos sodo s\u016bpyn\u0117s - KidsPlay. Did\u017eiausias vaik\u0173 \u017eaisl\u0173 pasirinkimas.\",\"breadcrumb\":{\"@id\":\"https:\\\/\\\/kidsplay.lt\\\/produktas\\\/vaikiskos-sodo-supynes\\\/#breadcrumb\"},\"inLanguage\":\"lv-LV\",\"potentialAction\":[{\"@type\":\"ReadAction\",\"target\":[\"https:\\\/\\\/kidsplay.lt\\\/produktas\\\/vaikiskos-sodo-supynes\\\/\"]}]},{\"@type\":\"ImageObject\",\"inLanguage\":\"lv-LV\",\"@id\":\"https:\\\/\\\/kidsplay.lt\\\/produktas\\\/vaikiskos-sodo-supynes\\\/#primaryimage\",\"url\":\"https:\\\/\\\/kidsplay.lt\\\/wp-content\\\/uploads\\\/2024\\\/09\\\/Vaikiskos-sodo-supynes.jpg\",\"contentUrl\":\"https:\\\/\\\/kidsplay.lt\\\/wp-content\\\/uploads\\\/2024\\\/09\\\/Vaikiskos-sodo-supynes.jpg\",\"width\":1000,\"height\":1000,\"caption\":\"Vaiki\u0161kos sodo s\u016bpyn\u0117s\"},{\"@type\":\"BreadcrumbList\",\"@id\":\"https:\\\/\\\/kidsplay.lt\\\/produktas\\\/vaikiskos-sodo-supynes\\\/#breadcrumb\",\"itemListElement\":[{\"@type\":\"ListItem\",\"position\":1,\"name\":\"Pagrindinis\",\"item\":\"https:\\\/\\\/kidsplay.lt\\\/\"},{\"@type\":\"ListItem\",\"position\":2,\"name\":\"Parduotuv\u0117\",\"item\":\"https:\\\/\\\/kidsplay.lt\\\/parduotuve\\\/\"},{\"@type\":\"ListItem\",\"position\":3,\"name\":\"Vaiki\u0161kos sodo s\u016bpyn\u0117s\"}]},{\"@type\":\"WebSite\",\"@id\":\"https:\\\/\\\/kidsplay.lt\\\/#website\",\"url\":\"https:\\\/\\\/kidsplay.lt\\\/\",\"name\":\"Kidsplay.lt\",\"description\":\"\u012evairios prek\u0117s vaikams\",\"publisher\":{\"@id\":\"https:\\\/\\\/kidsplay.lt\\\/#organization\"},\"alternateName\":\"Kidsplay\",\"potentialAction\":[{\"@type\":\"SearchAction\",\"target\":{\"@type\":\"EntryPoint\",\"urlTemplate\":\"https:\\\/\\\/kidsplay.lt\\\/?s={search_term_string}\"},\"query-input\":{\"@type\":\"PropertyValueSpecification\",\"valueRequired\":true,\"valueName\":\"search_term_string\"}}],\"inLanguage\":\"lv-LV\"},{\"@type\":\"Organization\",\"@id\":\"https:\\\/\\\/kidsplay.lt\\\/#organization\",\"name\":\"KidsPlay\",\"url\":\"https:\\\/\\\/kidsplay.lt\\\/\",\"logo\":{\"@type\":\"ImageObject\",\"inLanguage\":\"lv-LV\",\"@id\":\"https:\\\/\\\/kidsplay.lt\\\/#\\\/schema\\\/logo\\\/image\\\/\",\"url\":\"https:\\\/\\\/kidsplay.lt\\\/wp-content\\\/uploads\\\/2023\\\/07\\\/kidsplay-logo.png\",\"contentUrl\":\"https:\\\/\\\/kidsplay.lt\\\/wp-content\\\/uploads\\\/2023\\\/07\\\/kidsplay-logo.png\",\"width\":451,\"height\":98,\"caption\":\"KidsPlay\"},\"image\":{\"@id\":\"https:\\\/\\\/kidsplay.lt\\\/#\\\/schema\\\/logo\\\/image\\\/\"},\"sameAs\":[\"https:\\\/\\\/www.facebook.com\\\/www.kidsplay.lt\"]}]}<\/script>\n<!-- \/ Yoast SEO plugin. -->","yoast_head_json":{"title":"Vaiki\u0161kos sodo s\u016bpyn\u0117s","description":"Vaiki\u0161kos sodo s\u016bpyn\u0117s - KidsPlay. Did\u017eiausias vaik\u0173 \u017eaisl\u0173 pasirinkimas.","robots":{"index":"index","follow":"follow","max-snippet":"max-snippet:-1","max-image-preview":"max-image-preview:large","max-video-preview":"max-video-preview:-1"},"canonical":"https:\/\/kidsplay.lt\/lv\/product\/vaikiskos-sodo-supynes\/","og_locale":"lv_LV","og_type":"article","og_title":"Vaiki\u0161kos sodo s\u016bpyn\u0117s","og_description":"Vaiki\u0161kos sodo s\u016bpyn\u0117s - KidsPlay. Did\u017eiausias vaik\u0173 \u017eaisl\u0173 pasirinkimas.","og_url":"https:\/\/kidsplay.lt\/lv\/product\/vaikiskos-sodo-supynes\/","og_site_name":"KidsPlay","article_publisher":"https:\/\/www.facebook.com\/www.kidsplay.lt","article_modified_time":"2026-04-07T07:56:26+00:00","og_image":[{"width":1000,"height":1000,"url":"https:\/\/kidsplay.lt\/wp-content\/uploads\/2024\/09\/Vaikiskos-sodo-supynes.jpg","type":"image\/jpeg"}],"twitter_card":"summary_large_image","twitter_misc":{"Est. reading time":"1 min\u016bte"},"schema":{"@context":"https:\/\/schema.org","@graph":[{"@type":"WebPage","@id":"https:\/\/kidsplay.lt\/produktas\/vaikiskos-sodo-supynes\/","url":"https:\/\/kidsplay.lt\/produktas\/vaikiskos-sodo-supynes\/","name":"Vaiki\u0161kos sodo s\u016bpyn\u0117s","isPartOf":{"@id":"https:\/\/kidsplay.lt\/#website"},"primaryImageOfPage":{"@id":"https:\/\/kidsplay.lt\/produktas\/vaikiskos-sodo-supynes\/#primaryimage"},"image":{"@id":"https:\/\/kidsplay.lt\/produktas\/vaikiskos-sodo-supynes\/#primaryimage"},"thumbnailUrl":"https:\/\/kidsplay.lt\/wp-content\/uploads\/2024\/09\/Vaikiskos-sodo-supynes.jpg","datePublished":"2026-02-26T07:43:44+00:00","dateModified":"2026-04-07T07:56:26+00:00","description":"Vaiki\u0161kos sodo s\u016bpyn\u0117s - KidsPlay. Did\u017eiausias vaik\u0173 \u017eaisl\u0173 pasirinkimas.","breadcrumb":{"@id":"https:\/\/kidsplay.lt\/produktas\/vaikiskos-sodo-supynes\/#breadcrumb"},"inLanguage":"lv-LV","potentialAction":[{"@type":"ReadAction","target":["https:\/\/kidsplay.lt\/produktas\/vaikiskos-sodo-supynes\/"]}]},{"@type":"ImageObject","inLanguage":"lv-LV","@id":"https:\/\/kidsplay.lt\/produktas\/vaikiskos-sodo-supynes\/#primaryimage","url":"https:\/\/kidsplay.lt\/wp-content\/uploads\/2024\/09\/Vaikiskos-sodo-supynes.jpg","contentUrl":"https:\/\/kidsplay.lt\/wp-content\/uploads\/2024\/09\/Vaikiskos-sodo-supynes.jpg","width":1000,"height":1000,"caption":"Vaiki\u0161kos sodo s\u016bpyn\u0117s"},{"@type":"BreadcrumbList","@id":"https:\/\/kidsplay.lt\/produktas\/vaikiskos-sodo-supynes\/#breadcrumb","itemListElement":[{"@type":"ListItem","position":1,"name":"Pagrindinis","item":"https:\/\/kidsplay.lt\/"},{"@type":"ListItem","position":2,"name":"Parduotuv\u0117","item":"https:\/\/kidsplay.lt\/parduotuve\/"},{"@type":"ListItem","position":3,"name":"Vaiki\u0161kos sodo s\u016bpyn\u0117s"}]},{"@type":"WebSite","@id":"https:\/\/kidsplay.lt\/#website","url":"https:\/\/kidsplay.lt\/","name":"B\u0113rnu sp\u0113les.lv","description":"\u012evairios prek\u0117s vaikams","publisher":{"@id":"https:\/\/kidsplay.lt\/#organization"},"alternateName":"Kidsplay","potentialAction":[{"@type":"SearchAction","target":{"@type":"EntryPoint","urlTemplate":"https:\/\/kidsplay.lt\/?s={search_term_string}"},"query-input":{"@type":"PropertyValueSpecification","valueRequired":true,"valueName":"search_term_string"}}],"inLanguage":"lv-LV"},{"@type":"Organization","@id":"https:\/\/kidsplay.lt\/#organization","name":"B\u0113rnu sp\u0113le","url":"https:\/\/kidsplay.lt\/","logo":{"@type":"ImageObject","inLanguage":"lv-LV","@id":"https:\/\/kidsplay.lt\/#\/schema\/logo\/image\/","url":"https:\/\/kidsplay.lt\/wp-content\/uploads\/2023\/07\/kidsplay-logo.png","contentUrl":"https:\/\/kidsplay.lt\/wp-content\/uploads\/2023\/07\/kidsplay-logo.png","width":451,"height":98,"caption":"KidsPlay"},"image":{"@id":"https:\/\/kidsplay.lt\/#\/schema\/logo\/image\/"},"sameAs":["https:\/\/www.facebook.com\/www.kidsplay.lt"]}]}},"_links":{"self":[{"href":"https:\/\/kidsplay.lt\/lv\/wp-json\/wp\/v2\/product\/90369","targetHints":{"allow":["GET"]}}],"collection":[{"href":"https:\/\/kidsplay.lt\/lv\/wp-json\/wp\/v2\/product"}],"about":[{"href":"https:\/\/kidsplay.lt\/lv\/wp-json\/wp\/v2\/types\/product"}],"version-history":[{"count":1,"href":"https:\/\/kidsplay.lt\/lv\/wp-json\/wp\/v2\/product\/90369\/revisions"}],"predecessor-version":[{"id":90370,"href":"https:\/\/kidsplay.lt\/lv\/wp-json\/wp\/v2\/product\/90369\/revisions\/90370"}],"wp:featuredmedia":[{"embeddable":true,"href":"https:\/\/kidsplay.lt\/lv\/wp-json\/wp\/v2\/media\/54680"}],"wp:attachment":[{"href":"https:\/\/kidsplay.lt\/lv\/wp-json\/wp\/v2\/media?parent=90369"}],"wp:term":[{"taxonomy":"product_brand","embeddable":true,"href":"https:\/\/kidsplay.lt\/lv\/wp-json\/wp\/v2\/product_brand?post=90369"},{"taxonomy":"product_cat","embeddable":true,"href":"https:\/\/kidsplay.lt\/lv\/wp-json\/wp\/v2\/product_cat?post=90369"},{"taxonomy":"product_tag","embeddable":true,"href":"https:\/\/kidsplay.lt\/lv\/wp-json\/wp\/v2\/product_tag?post=90369"}],"curies":[{"name":"wp","href":"https:\/\/api.w.org\/{rel}","templated":true}]}}