{"id":90375,"date":"2026-02-26T09:43:53","date_gmt":"2026-02-26T07:43:53","guid":{"rendered":"https:\/\/kidsplay.lt\/produktas\/6-kamuoliuku-rinkinys-ir-sukurys\/"},"modified":"2026-03-23T09:09:27","modified_gmt":"2026-03-23T07:09:27","slug":"6-kamuoliuku-rinkinys-ir-sukurys","status":"publish","type":"product","link":"https:\/\/kidsplay.lt\/lv\/products\/6-kamuoliuku-rinkinys-ir-sukurys\/","title":{"rendered":"6 kamuoliuk\u0173 rinkinys ir sukurys"},"content":{"rendered":"<p>WOOPIE\u00a0rutulinis takelis\u00a0\u00a0 yra\u00a0spiralinis bok\u0161tas\u00a0, suteikiantis begalin\u012f malonum\u0105. \u0160\u012f spalving\u0105 rinkin\u012f sudaro\u00a010 spalving\u0173 dali\u0173\u00a0, kurias\u00a0j\u016bs\u0173 ma\u017eylis gali lengvai sukrauti\u00a0vien\u0105 ant kitos. Atleiskite kamuoliukus po vien\u0105 i\u0161 auk\u0161\u010diausio lygio ir steb\u0117kite, kaip jie rieda ir si\u016bbuoja po vien\u0105. Rutuliniame takelyje yra\u00a06 skirting\u0173 spalv\u0173 lengvi ir lengvai\u00a0suimami kamuoliukai, kurie judant skleid\u017eia gars\u0105. Dydis tinka ma\u017eoms rankyt\u0117ms ir\u00a0padeda lavinti rank\u0173 ir aki\u0173 koordinacij\u0105\u00a0.<\/p>\n<p>Raksturojums:<\/p>\n<p> \t&#8211; nuo\u00a018 m\u0117nesi\u0173 am\u017eiaus<br \/>\n \t&#8211;\u00a0rinkin\u012f sudaro:\u00a06 kamuoliukai<br \/>\n \t&#8211; rutuliukai\u00a0skleid\u017eia gars\u0105,\u00a0pana\u0161\u0173 \u012f\u00a0bar\u0161k\u0117jim\u0105<br \/>\n \t&#8211; saug\u016bs elementai<br \/>\n \t&#8211; dalys gali b\u016bti lengvai sujungiamos viena su kita<\/p>\n<p>\u017daislas vysto:<\/p>\n<p> \t&#8211; aki\u0173-rank\u0173 koordinacija<br \/>\n \t&#8211; suprasti prie\u017eastis ir pasekmes<br \/>\n \t&#8211; motoriniai \u012fg\u016bd\u017eiai<br \/>\n \t&#8211; spalv\u0173 diskriminacija<\/p>","protected":false},"excerpt":{"rendered":"<p>WOOPIE\u00a0rutulinis takelis\u00a0\u00a0 yra\u00a0spiralinis bok\u0161tas\u00a0, suteikiantis begalin\u012f malonum\u0105. \u0160\u012f spalving\u0105 rinkin\u012f sudaro\u00a010 spalving\u0173 dali\u0173\u00a0, kurias\u00a0j\u016bs\u0173 ma\u017eylis gali lengvai sukrauti\u00a0vien\u0105 ant kitos.<\/p>","protected":false},"featured_media":51606,"template":"","meta":{"_acf_changed":false,"_glsr_average":0,"_glsr_ranking":0,"_glsr_reviews":0},"product_brand":[],"product_cat":[396,229],"product_tag":[],"class_list":{"0":"post-90375","1":"product","2":"type-product","3":"status-publish","4":"has-post-thumbnail","6":"product_cat-kudikiu-zaislai-vaikams2","7":"product_cat-zaislai-vaikams","8":"\"style=\"background-color: #2ecc711c;\"","10":"first","11":"outofstock","12":"purchasable","13":"product-type-simple"},"acf":[],"yoast_head":"<!-- This site is optimized with the Yoast SEO plugin v27.4 - https:\/\/yoast.com\/product\/yoast-seo-wordpress\/ -->\n<title>6 kamuoliuk\u0173 rinkinys ir sukurys<\/title>\n<meta name=\"description\" content=\"6 kamuoliuk\u0173 rinkinys ir sukurys - KidsPlay. Did\u017eiausias vaik\u0173 \u017eaisl\u0173 pasirinkimas.\" \/>\n<meta name=\"robots\" content=\"index, follow, max-snippet:-1, max-image-preview:large, max-video-preview:-1\" \/>\n<link rel=\"canonical\" href=\"https:\/\/kidsplay.lt\/lv\/products\/6-kamuoliuku-rinkinys-ir-sukurys\/\" \/>\n<meta property=\"og:locale\" content=\"lv_LV\" \/>\n<meta property=\"og:type\" content=\"article\" \/>\n<meta property=\"og:title\" content=\"6 kamuoliuk\u0173 rinkinys ir sukurys\" \/>\n<meta property=\"og:description\" content=\"6 kamuoliuk\u0173 rinkinys ir sukurys - KidsPlay. Did\u017eiausias vaik\u0173 \u017eaisl\u0173 pasirinkimas.\" \/>\n<meta property=\"og:url\" content=\"https:\/\/kidsplay.lt\/lv\/products\/6-kamuoliuku-rinkinys-ir-sukurys\/\" \/>\n<meta property=\"og:site_name\" content=\"KidsPlay\" \/>\n<meta property=\"article:publisher\" content=\"https:\/\/www.facebook.com\/www.kidsplay.lt\" \/>\n<meta property=\"article:modified_time\" content=\"2026-03-23T07:09:27+00:00\" \/>\n<meta property=\"og:image\" content=\"https:\/\/kidsplay.lt\/wp-content\/uploads\/2024\/09\/6-kamuoliuku-rinkinys-ir-sukurys.jpg\" \/>\n\t<meta property=\"og:image:width\" content=\"1000\" \/>\n\t<meta property=\"og:image:height\" content=\"1000\" \/>\n\t<meta property=\"og:image:type\" content=\"image\/jpeg\" \/>\n<meta name=\"twitter:card\" content=\"summary_large_image\" \/>\n<meta name=\"twitter:label1\" content=\"Est. reading time\" \/>\n\t<meta name=\"twitter:data1\" content=\"1 min\u016bte\" \/>\n<script type=\"application\/ld+json\" class=\"yoast-schema-graph\">{\"@context\":\"https:\\\/\\\/schema.org\",\"@graph\":[{\"@type\":\"WebPage\",\"@id\":\"https:\\\/\\\/kidsplay.lt\\\/produktas\\\/6-kamuoliuku-rinkinys-ir-sukurys\\\/\",\"url\":\"https:\\\/\\\/kidsplay.lt\\\/produktas\\\/6-kamuoliuku-rinkinys-ir-sukurys\\\/\",\"name\":\"6 kamuoliuk\u0173 rinkinys ir sukurys\",\"isPartOf\":{\"@id\":\"https:\\\/\\\/kidsplay.lt\\\/#website\"},\"primaryImageOfPage\":{\"@id\":\"https:\\\/\\\/kidsplay.lt\\\/produktas\\\/6-kamuoliuku-rinkinys-ir-sukurys\\\/#primaryimage\"},\"image\":{\"@id\":\"https:\\\/\\\/kidsplay.lt\\\/produktas\\\/6-kamuoliuku-rinkinys-ir-sukurys\\\/#primaryimage\"},\"thumbnailUrl\":\"https:\\\/\\\/kidsplay.lt\\\/wp-content\\\/uploads\\\/2024\\\/09\\\/6-kamuoliuku-rinkinys-ir-sukurys.jpg\",\"datePublished\":\"2026-02-26T07:43:53+00:00\",\"dateModified\":\"2026-03-23T07:09:27+00:00\",\"description\":\"6 kamuoliuk\u0173 rinkinys ir sukurys - KidsPlay. Did\u017eiausias vaik\u0173 \u017eaisl\u0173 pasirinkimas.\",\"breadcrumb\":{\"@id\":\"https:\\\/\\\/kidsplay.lt\\\/produktas\\\/6-kamuoliuku-rinkinys-ir-sukurys\\\/#breadcrumb\"},\"inLanguage\":\"lv-LV\",\"potentialAction\":[{\"@type\":\"ReadAction\",\"target\":[\"https:\\\/\\\/kidsplay.lt\\\/produktas\\\/6-kamuoliuku-rinkinys-ir-sukurys\\\/\"]}]},{\"@type\":\"ImageObject\",\"inLanguage\":\"lv-LV\",\"@id\":\"https:\\\/\\\/kidsplay.lt\\\/produktas\\\/6-kamuoliuku-rinkinys-ir-sukurys\\\/#primaryimage\",\"url\":\"https:\\\/\\\/kidsplay.lt\\\/wp-content\\\/uploads\\\/2024\\\/09\\\/6-kamuoliuku-rinkinys-ir-sukurys.jpg\",\"contentUrl\":\"https:\\\/\\\/kidsplay.lt\\\/wp-content\\\/uploads\\\/2024\\\/09\\\/6-kamuoliuku-rinkinys-ir-sukurys.jpg\",\"width\":1000,\"height\":1000,\"caption\":\"6 kamuoliuk\u0173 rinkinys ir sukurys\"},{\"@type\":\"BreadcrumbList\",\"@id\":\"https:\\\/\\\/kidsplay.lt\\\/produktas\\\/6-kamuoliuku-rinkinys-ir-sukurys\\\/#breadcrumb\",\"itemListElement\":[{\"@type\":\"ListItem\",\"position\":1,\"name\":\"Pagrindinis\",\"item\":\"https:\\\/\\\/kidsplay.lt\\\/\"},{\"@type\":\"ListItem\",\"position\":2,\"name\":\"Parduotuv\u0117\",\"item\":\"https:\\\/\\\/kidsplay.lt\\\/parduotuve\\\/\"},{\"@type\":\"ListItem\",\"position\":3,\"name\":\"6 kamuoliuk\u0173 rinkinys ir sukurys\"}]},{\"@type\":\"WebSite\",\"@id\":\"https:\\\/\\\/kidsplay.lt\\\/#website\",\"url\":\"https:\\\/\\\/kidsplay.lt\\\/\",\"name\":\"Kidsplay.lt\",\"description\":\"\u012evairios prek\u0117s vaikams\",\"publisher\":{\"@id\":\"https:\\\/\\\/kidsplay.lt\\\/#organization\"},\"alternateName\":\"Kidsplay\",\"potentialAction\":[{\"@type\":\"SearchAction\",\"target\":{\"@type\":\"EntryPoint\",\"urlTemplate\":\"https:\\\/\\\/kidsplay.lt\\\/?s={search_term_string}\"},\"query-input\":{\"@type\":\"PropertyValueSpecification\",\"valueRequired\":true,\"valueName\":\"search_term_string\"}}],\"inLanguage\":\"lv-LV\"},{\"@type\":\"Organization\",\"@id\":\"https:\\\/\\\/kidsplay.lt\\\/#organization\",\"name\":\"KidsPlay\",\"url\":\"https:\\\/\\\/kidsplay.lt\\\/\",\"logo\":{\"@type\":\"ImageObject\",\"inLanguage\":\"lv-LV\",\"@id\":\"https:\\\/\\\/kidsplay.lt\\\/#\\\/schema\\\/logo\\\/image\\\/\",\"url\":\"https:\\\/\\\/kidsplay.lt\\\/wp-content\\\/uploads\\\/2023\\\/07\\\/kidsplay-logo.png\",\"contentUrl\":\"https:\\\/\\\/kidsplay.lt\\\/wp-content\\\/uploads\\\/2023\\\/07\\\/kidsplay-logo.png\",\"width\":451,\"height\":98,\"caption\":\"KidsPlay\"},\"image\":{\"@id\":\"https:\\\/\\\/kidsplay.lt\\\/#\\\/schema\\\/logo\\\/image\\\/\"},\"sameAs\":[\"https:\\\/\\\/www.facebook.com\\\/www.kidsplay.lt\"]}]}<\/script>\n<!-- \/ Yoast SEO plugin. -->","yoast_head_json":{"title":"6 kamuoliuk\u0173 rinkinys ir sukurys","description":"6 kamuoliuk\u0173 rinkinys ir sukurys - KidsPlay. Did\u017eiausias vaik\u0173 \u017eaisl\u0173 pasirinkimas.","robots":{"index":"index","follow":"follow","max-snippet":"max-snippet:-1","max-image-preview":"max-image-preview:large","max-video-preview":"max-video-preview:-1"},"canonical":"https:\/\/kidsplay.lt\/lv\/products\/6-kamuoliuku-rinkinys-ir-sukurys\/","og_locale":"lv_LV","og_type":"article","og_title":"6 kamuoliuk\u0173 rinkinys ir sukurys","og_description":"6 kamuoliuk\u0173 rinkinys ir sukurys - KidsPlay. Did\u017eiausias vaik\u0173 \u017eaisl\u0173 pasirinkimas.","og_url":"https:\/\/kidsplay.lt\/lv\/products\/6-kamuoliuku-rinkinys-ir-sukurys\/","og_site_name":"KidsPlay","article_publisher":"https:\/\/www.facebook.com\/www.kidsplay.lt","article_modified_time":"2026-03-23T07:09:27+00:00","og_image":[{"width":1000,"height":1000,"url":"https:\/\/kidsplay.lt\/wp-content\/uploads\/2024\/09\/6-kamuoliuku-rinkinys-ir-sukurys.jpg","type":"image\/jpeg"}],"twitter_card":"summary_large_image","twitter_misc":{"Est. reading time":"1 min\u016bte"},"schema":{"@context":"https:\/\/schema.org","@graph":[{"@type":"WebPage","@id":"https:\/\/kidsplay.lt\/produktas\/6-kamuoliuku-rinkinys-ir-sukurys\/","url":"https:\/\/kidsplay.lt\/produktas\/6-kamuoliuku-rinkinys-ir-sukurys\/","name":"6 kamuoliuk\u0173 rinkinys ir sukurys","isPartOf":{"@id":"https:\/\/kidsplay.lt\/#website"},"primaryImageOfPage":{"@id":"https:\/\/kidsplay.lt\/produktas\/6-kamuoliuku-rinkinys-ir-sukurys\/#primaryimage"},"image":{"@id":"https:\/\/kidsplay.lt\/produktas\/6-kamuoliuku-rinkinys-ir-sukurys\/#primaryimage"},"thumbnailUrl":"https:\/\/kidsplay.lt\/wp-content\/uploads\/2024\/09\/6-kamuoliuku-rinkinys-ir-sukurys.jpg","datePublished":"2026-02-26T07:43:53+00:00","dateModified":"2026-03-23T07:09:27+00:00","description":"6 kamuoliuk\u0173 rinkinys ir sukurys - KidsPlay. Did\u017eiausias vaik\u0173 \u017eaisl\u0173 pasirinkimas.","breadcrumb":{"@id":"https:\/\/kidsplay.lt\/produktas\/6-kamuoliuku-rinkinys-ir-sukurys\/#breadcrumb"},"inLanguage":"lv-LV","potentialAction":[{"@type":"ReadAction","target":["https:\/\/kidsplay.lt\/produktas\/6-kamuoliuku-rinkinys-ir-sukurys\/"]}]},{"@type":"ImageObject","inLanguage":"lv-LV","@id":"https:\/\/kidsplay.lt\/produktas\/6-kamuoliuku-rinkinys-ir-sukurys\/#primaryimage","url":"https:\/\/kidsplay.lt\/wp-content\/uploads\/2024\/09\/6-kamuoliuku-rinkinys-ir-sukurys.jpg","contentUrl":"https:\/\/kidsplay.lt\/wp-content\/uploads\/2024\/09\/6-kamuoliuku-rinkinys-ir-sukurys.jpg","width":1000,"height":1000,"caption":"6 kamuoliuk\u0173 rinkinys ir sukurys"},{"@type":"BreadcrumbList","@id":"https:\/\/kidsplay.lt\/produktas\/6-kamuoliuku-rinkinys-ir-sukurys\/#breadcrumb","itemListElement":[{"@type":"ListItem","position":1,"name":"Pagrindinis","item":"https:\/\/kidsplay.lt\/"},{"@type":"ListItem","position":2,"name":"Parduotuv\u0117","item":"https:\/\/kidsplay.lt\/parduotuve\/"},{"@type":"ListItem","position":3,"name":"6 kamuoliuk\u0173 rinkinys ir sukurys"}]},{"@type":"WebSite","@id":"https:\/\/kidsplay.lt\/#website","url":"https:\/\/kidsplay.lt\/","name":"B\u0113rnu sp\u0113les.lv","description":"\u012evairios prek\u0117s vaikams","publisher":{"@id":"https:\/\/kidsplay.lt\/#organization"},"alternateName":"Kidsplay","potentialAction":[{"@type":"SearchAction","target":{"@type":"EntryPoint","urlTemplate":"https:\/\/kidsplay.lt\/?s={search_term_string}"},"query-input":{"@type":"PropertyValueSpecification","valueRequired":true,"valueName":"search_term_string"}}],"inLanguage":"lv-LV"},{"@type":"Organization","@id":"https:\/\/kidsplay.lt\/#organization","name":"B\u0113rnu sp\u0113le","url":"https:\/\/kidsplay.lt\/","logo":{"@type":"ImageObject","inLanguage":"lv-LV","@id":"https:\/\/kidsplay.lt\/#\/schema\/logo\/image\/","url":"https:\/\/kidsplay.lt\/wp-content\/uploads\/2023\/07\/kidsplay-logo.png","contentUrl":"https:\/\/kidsplay.lt\/wp-content\/uploads\/2023\/07\/kidsplay-logo.png","width":451,"height":98,"caption":"KidsPlay"},"image":{"@id":"https:\/\/kidsplay.lt\/#\/schema\/logo\/image\/"},"sameAs":["https:\/\/www.facebook.com\/www.kidsplay.lt"]}]}},"_links":{"self":[{"href":"https:\/\/kidsplay.lt\/lv\/wp-json\/wp\/v2\/product\/90375","targetHints":{"allow":["GET"]}}],"collection":[{"href":"https:\/\/kidsplay.lt\/lv\/wp-json\/wp\/v2\/product"}],"about":[{"href":"https:\/\/kidsplay.lt\/lv\/wp-json\/wp\/v2\/types\/product"}],"version-history":[{"count":1,"href":"https:\/\/kidsplay.lt\/lv\/wp-json\/wp\/v2\/product\/90375\/revisions"}],"predecessor-version":[{"id":90376,"href":"https:\/\/kidsplay.lt\/lv\/wp-json\/wp\/v2\/product\/90375\/revisions\/90376"}],"wp:featuredmedia":[{"embeddable":true,"href":"https:\/\/kidsplay.lt\/lv\/wp-json\/wp\/v2\/media\/51606"}],"wp:attachment":[{"href":"https:\/\/kidsplay.lt\/lv\/wp-json\/wp\/v2\/media?parent=90375"}],"wp:term":[{"taxonomy":"product_brand","embeddable":true,"href":"https:\/\/kidsplay.lt\/lv\/wp-json\/wp\/v2\/product_brand?post=90375"},{"taxonomy":"product_cat","embeddable":true,"href":"https:\/\/kidsplay.lt\/lv\/wp-json\/wp\/v2\/product_cat?post=90375"},{"taxonomy":"product_tag","embeddable":true,"href":"https:\/\/kidsplay.lt\/lv\/wp-json\/wp\/v2\/product_tag?post=90375"}],"curies":[{"name":"wp","href":"https:\/\/api.w.org\/{rel}","templated":true}]}}