{"id":90377,"date":"2026-02-26T09:43:55","date_gmt":"2026-02-26T07:43:55","guid":{"rendered":"https:\/\/kidsplay.lt\/produktas\/interaktyvus-pliusinis-zaislas-skirtas-kudikiams-su-lopsine-woopie-baby\/"},"modified":"2026-03-23T09:09:30","modified_gmt":"2026-03-23T07:09:30","slug":"interaktyvus-pliusinis-zaislas-skirtas-kudikiams-su-lopsine-woopie-baby","status":"publish","type":"product","link":"https:\/\/kidsplay.lt\/lv\/products\/interaktyvus-pliusinis-zaislas-skirtas-kudikiams-su-lopsine-woopie-baby\/","title":{"rendered":"Interaktyvus pliu\u0161inis \u017eaislas skirtas  k\u016bdikiams su lop\u0161ine WOOPIE BABY"},"content":{"rendered":"<p>Interaktyvus pliu\u0161inis bulius nuramins ir u\u017emigdys j\u016bs\u0173 vaik\u0105. \u017daislas turi galimyb\u0119 \u012fjungti lop\u0161in\u0119 j\u016bs\u0173 ma\u017eajam vaikui ir spalvingas lemputes, kuri\u0173 d\u0117ka j\u016bs\u0173 ma\u017eyliui nebus nuobodu su \u017eaislu. \u0160is \u0161velnus liesti me\u0161kiukas taps j\u016bs\u0173 vaiko draugu nuo pat ma\u017eens. \u017daislas tinka k\u016bdikiams, tod\u0117l yra mink\u0161tas ir pripildytas vatos, tod\u0117l nereik\u0117s jaudintis, kad vaikas jam nieko nedarys. Be to, pliu\u0161in\u012f \u017eaisl\u0105 galima saugiai ir lengvai nuvalyti (nuimant mechanizm\u0105), nesibaiminant, kad jis bus sugadintas.<\/p>\n<p>Raksturojums:<\/p>\n<p>&#8211; \u017eaislas, skirtas k\u016bdikiams,<br \/>\n&#8211; puikiai tinka kaip pliu\u0161inis \u017eaislas u\u017emigti,<br \/>\n&#8211; jis pagamintas i\u0161 subtilios med\u017eiagos ir u\u017epildytas vata,<br \/>\n&#8211; \u0161viesos ir garso efektai,<br \/>\n&#8211; viduje esant\u012f mechanizm\u0105 galima i\u0161ardyti, kad b\u016bt\u0173 galima i\u0161plauti \u017eaisl\u0105,<br \/>\n&#8211; Baterijos poreikis: 2 x AG13.<\/p>\n<p>\u017daislas vysto:<\/p>\n<p>&#8211; vaizduot\u0117s,<br \/>\n&#8211; k\u016brybi\u0161kumas,<br \/>\n&#8211; bendravimas,<br \/>\n&#8211; \u012fsiminimas.<\/p>","protected":false},"excerpt":{"rendered":"<p>Interaktyvus pliu\u0161inis bulius nuramins ir u\u017emigdys j\u016bs\u0173 vaik\u0105. \u017daislas turi galimyb\u0119 \u012fjungti lop\u0161in\u0119 j\u016bs\u0173 ma\u017eajam vaikui ir spalvingas lemputes, kuri\u0173<\/p>","protected":false},"featured_media":51636,"template":"","meta":{"_acf_changed":false,"_glsr_average":0,"_glsr_ranking":0,"_glsr_reviews":0},"product_brand":[],"product_cat":[396,882,458,229],"product_tag":[],"class_list":{"0":"post-90377","1":"product","2":"type-product","3":"status-publish","4":"has-post-thumbnail","6":"product_cat-kudikiu-zaislai-vaikams2","7":"product_cat-kudikiu-prieziura","8":"product_cat-ramiam-uzmigimui","9":"product_cat-zaislai-vaikams","10":"\"style=\"background-color: #2ecc711c;\"","12":"first","13":"outofstock","14":"purchasable","15":"product-type-simple"},"acf":[],"yoast_head":"<!-- This site is optimized with the Yoast SEO plugin v27.3 - https:\/\/yoast.com\/product\/yoast-seo-wordpress\/ -->\n<title>Interaktyvus pliu\u0161inis \u017eaislas skirtas k\u016bdikiams su lop\u0161ine WOOPIE BABY<\/title>\n<meta name=\"description\" content=\"Interaktyvus pliu\u0161inis bulius nuramins ir u\u017emigdys j\u016bs\u0173 vaik\u0105. \u017daislas turi galimyb\u0119 \u012fjungti lop\u0161in\u0119 j\u016bs\u0173 ma\u017eajam vaikui ir spalvingas lemputes.\" \/>\n<meta name=\"robots\" content=\"index, follow, max-snippet:-1, max-image-preview:large, max-video-preview:-1\" \/>\n<link rel=\"canonical\" href=\"https:\/\/kidsplay.lt\/lv\/products\/interaktyvus-pliusinis-zaislas-skirtas-kudikiams-su-lopsine-woopie-baby\/\" \/>\n<meta property=\"og:locale\" content=\"lv_LV\" \/>\n<meta property=\"og:type\" content=\"article\" \/>\n<meta property=\"og:title\" content=\"Interaktyvus pliu\u0161inis \u017eaislas skirtas k\u016bdikiams su lop\u0161ine WOOPIE BABY\" \/>\n<meta property=\"og:description\" content=\"Interaktyvus pliu\u0161inis bulius nuramins ir u\u017emigdys j\u016bs\u0173 vaik\u0105. \u017daislas turi galimyb\u0119 \u012fjungti lop\u0161in\u0119 j\u016bs\u0173 ma\u017eajam vaikui ir spalvingas lemputes.\" \/>\n<meta property=\"og:url\" content=\"https:\/\/kidsplay.lt\/lv\/products\/interaktyvus-pliusinis-zaislas-skirtas-kudikiams-su-lopsine-woopie-baby\/\" \/>\n<meta property=\"og:site_name\" content=\"KidsPlay\" \/>\n<meta property=\"article:publisher\" content=\"https:\/\/www.facebook.com\/www.kidsplay.lt\" \/>\n<meta property=\"article:modified_time\" content=\"2026-03-23T07:09:30+00:00\" \/>\n<meta property=\"og:image\" content=\"https:\/\/kidsplay.lt\/wp-content\/uploads\/2024\/09\/Interaktyvus-pliusinis-zaislas-skirtas-kudikiams-su-lopsine-WOOPIE-BABY-5.jpg\" \/>\n\t<meta property=\"og:image:width\" content=\"1000\" \/>\n\t<meta property=\"og:image:height\" content=\"1000\" \/>\n\t<meta property=\"og:image:type\" content=\"image\/jpeg\" \/>\n<meta name=\"twitter:card\" content=\"summary_large_image\" \/>\n<meta name=\"twitter:label1\" content=\"Est. reading time\" \/>\n\t<meta name=\"twitter:data1\" content=\"1 min\u016bte\" \/>\n<script type=\"application\/ld+json\" class=\"yoast-schema-graph\">{\"@context\":\"https:\\\/\\\/schema.org\",\"@graph\":[{\"@type\":\"WebPage\",\"@id\":\"https:\\\/\\\/kidsplay.lt\\\/produktas\\\/interaktyvus-pliusinis-zaislas-skirtas-kudikiams-su-lopsine-woopie-baby\\\/\",\"url\":\"https:\\\/\\\/kidsplay.lt\\\/produktas\\\/interaktyvus-pliusinis-zaislas-skirtas-kudikiams-su-lopsine-woopie-baby\\\/\",\"name\":\"Interaktyvus pliu\u0161inis \u017eaislas skirtas k\u016bdikiams su lop\u0161ine WOOPIE BABY\",\"isPartOf\":{\"@id\":\"https:\\\/\\\/kidsplay.lt\\\/#website\"},\"primaryImageOfPage\":{\"@id\":\"https:\\\/\\\/kidsplay.lt\\\/produktas\\\/interaktyvus-pliusinis-zaislas-skirtas-kudikiams-su-lopsine-woopie-baby\\\/#primaryimage\"},\"image\":{\"@id\":\"https:\\\/\\\/kidsplay.lt\\\/produktas\\\/interaktyvus-pliusinis-zaislas-skirtas-kudikiams-su-lopsine-woopie-baby\\\/#primaryimage\"},\"thumbnailUrl\":\"https:\\\/\\\/kidsplay.lt\\\/wp-content\\\/uploads\\\/2024\\\/09\\\/Interaktyvus-pliusinis-zaislas-skirtas-kudikiams-su-lopsine-WOOPIE-BABY-5.jpg\",\"datePublished\":\"2026-02-26T07:43:55+00:00\",\"dateModified\":\"2026-03-23T07:09:30+00:00\",\"description\":\"Interaktyvus pliu\u0161inis bulius nuramins ir u\u017emigdys j\u016bs\u0173 vaik\u0105. \u017daislas turi galimyb\u0119 \u012fjungti lop\u0161in\u0119 j\u016bs\u0173 ma\u017eajam vaikui ir spalvingas lemputes.\",\"breadcrumb\":{\"@id\":\"https:\\\/\\\/kidsplay.lt\\\/produktas\\\/interaktyvus-pliusinis-zaislas-skirtas-kudikiams-su-lopsine-woopie-baby\\\/#breadcrumb\"},\"inLanguage\":\"lv-LV\",\"potentialAction\":[{\"@type\":\"ReadAction\",\"target\":[\"https:\\\/\\\/kidsplay.lt\\\/produktas\\\/interaktyvus-pliusinis-zaislas-skirtas-kudikiams-su-lopsine-woopie-baby\\\/\"]}]},{\"@type\":\"ImageObject\",\"inLanguage\":\"lv-LV\",\"@id\":\"https:\\\/\\\/kidsplay.lt\\\/produktas\\\/interaktyvus-pliusinis-zaislas-skirtas-kudikiams-su-lopsine-woopie-baby\\\/#primaryimage\",\"url\":\"https:\\\/\\\/kidsplay.lt\\\/wp-content\\\/uploads\\\/2024\\\/09\\\/Interaktyvus-pliusinis-zaislas-skirtas-kudikiams-su-lopsine-WOOPIE-BABY-5.jpg\",\"contentUrl\":\"https:\\\/\\\/kidsplay.lt\\\/wp-content\\\/uploads\\\/2024\\\/09\\\/Interaktyvus-pliusinis-zaislas-skirtas-kudikiams-su-lopsine-WOOPIE-BABY-5.jpg\",\"width\":1000,\"height\":1000,\"caption\":\"Interaktyvus pliu\u0161inis \u017eaislas skirtas k\u016bdikiams su lop\u0161ine WOOPIE BABY\"},{\"@type\":\"BreadcrumbList\",\"@id\":\"https:\\\/\\\/kidsplay.lt\\\/produktas\\\/interaktyvus-pliusinis-zaislas-skirtas-kudikiams-su-lopsine-woopie-baby\\\/#breadcrumb\",\"itemListElement\":[{\"@type\":\"ListItem\",\"position\":1,\"name\":\"Pagrindinis\",\"item\":\"https:\\\/\\\/kidsplay.lt\\\/\"},{\"@type\":\"ListItem\",\"position\":2,\"name\":\"Parduotuv\u0117\",\"item\":\"https:\\\/\\\/kidsplay.lt\\\/parduotuve\\\/\"},{\"@type\":\"ListItem\",\"position\":3,\"name\":\"Interaktyvus pliu\u0161inis \u017eaislas skirtas k\u016bdikiams su lop\u0161ine WOOPIE BABY\"}]},{\"@type\":\"WebSite\",\"@id\":\"https:\\\/\\\/kidsplay.lt\\\/#website\",\"url\":\"https:\\\/\\\/kidsplay.lt\\\/\",\"name\":\"Kidsplay.lt\",\"description\":\"\u012evairios prek\u0117s vaikams\",\"publisher\":{\"@id\":\"https:\\\/\\\/kidsplay.lt\\\/#organization\"},\"alternateName\":\"Kidsplay\",\"potentialAction\":[{\"@type\":\"SearchAction\",\"target\":{\"@type\":\"EntryPoint\",\"urlTemplate\":\"https:\\\/\\\/kidsplay.lt\\\/?s={search_term_string}\"},\"query-input\":{\"@type\":\"PropertyValueSpecification\",\"valueRequired\":true,\"valueName\":\"search_term_string\"}}],\"inLanguage\":\"lv-LV\"},{\"@type\":\"Organization\",\"@id\":\"https:\\\/\\\/kidsplay.lt\\\/#organization\",\"name\":\"KidsPlay\",\"url\":\"https:\\\/\\\/kidsplay.lt\\\/\",\"logo\":{\"@type\":\"ImageObject\",\"inLanguage\":\"lv-LV\",\"@id\":\"https:\\\/\\\/kidsplay.lt\\\/#\\\/schema\\\/logo\\\/image\\\/\",\"url\":\"https:\\\/\\\/kidsplay.lt\\\/wp-content\\\/uploads\\\/2023\\\/07\\\/kidsplay-logo.png\",\"contentUrl\":\"https:\\\/\\\/kidsplay.lt\\\/wp-content\\\/uploads\\\/2023\\\/07\\\/kidsplay-logo.png\",\"width\":451,\"height\":98,\"caption\":\"KidsPlay\"},\"image\":{\"@id\":\"https:\\\/\\\/kidsplay.lt\\\/#\\\/schema\\\/logo\\\/image\\\/\"},\"sameAs\":[\"https:\\\/\\\/www.facebook.com\\\/www.kidsplay.lt\"]}]}<\/script>\n<!-- \/ Yoast SEO plugin. -->","yoast_head_json":{"title":"Interaktyvus pliu\u0161inis \u017eaislas skirtas k\u016bdikiams su lop\u0161ine WOOPIE BABY","description":"Interaktyvus pliu\u0161inis bulius nuramins ir u\u017emigdys j\u016bs\u0173 vaik\u0105. \u017daislas turi galimyb\u0119 \u012fjungti lop\u0161in\u0119 j\u016bs\u0173 ma\u017eajam vaikui ir spalvingas lemputes.","robots":{"index":"index","follow":"follow","max-snippet":"max-snippet:-1","max-image-preview":"max-image-preview:large","max-video-preview":"max-video-preview:-1"},"canonical":"https:\/\/kidsplay.lt\/lv\/products\/interaktyvus-pliusinis-zaislas-skirtas-kudikiams-su-lopsine-woopie-baby\/","og_locale":"lv_LV","og_type":"article","og_title":"Interaktyvus pliu\u0161inis \u017eaislas skirtas k\u016bdikiams su lop\u0161ine WOOPIE BABY","og_description":"Interaktyvus pliu\u0161inis bulius nuramins ir u\u017emigdys j\u016bs\u0173 vaik\u0105. \u017daislas turi galimyb\u0119 \u012fjungti lop\u0161in\u0119 j\u016bs\u0173 ma\u017eajam vaikui ir spalvingas lemputes.","og_url":"https:\/\/kidsplay.lt\/lv\/products\/interaktyvus-pliusinis-zaislas-skirtas-kudikiams-su-lopsine-woopie-baby\/","og_site_name":"KidsPlay","article_publisher":"https:\/\/www.facebook.com\/www.kidsplay.lt","article_modified_time":"2026-03-23T07:09:30+00:00","og_image":[{"width":1000,"height":1000,"url":"https:\/\/kidsplay.lt\/wp-content\/uploads\/2024\/09\/Interaktyvus-pliusinis-zaislas-skirtas-kudikiams-su-lopsine-WOOPIE-BABY-5.jpg","type":"image\/jpeg"}],"twitter_card":"summary_large_image","twitter_misc":{"Est. reading time":"1 min\u016bte"},"schema":{"@context":"https:\/\/schema.org","@graph":[{"@type":"WebPage","@id":"https:\/\/kidsplay.lt\/produktas\/interaktyvus-pliusinis-zaislas-skirtas-kudikiams-su-lopsine-woopie-baby\/","url":"https:\/\/kidsplay.lt\/produktas\/interaktyvus-pliusinis-zaislas-skirtas-kudikiams-su-lopsine-woopie-baby\/","name":"Interaktyvus pliu\u0161inis \u017eaislas skirtas k\u016bdikiams su lop\u0161ine WOOPIE BABY","isPartOf":{"@id":"https:\/\/kidsplay.lt\/#website"},"primaryImageOfPage":{"@id":"https:\/\/kidsplay.lt\/produktas\/interaktyvus-pliusinis-zaislas-skirtas-kudikiams-su-lopsine-woopie-baby\/#primaryimage"},"image":{"@id":"https:\/\/kidsplay.lt\/produktas\/interaktyvus-pliusinis-zaislas-skirtas-kudikiams-su-lopsine-woopie-baby\/#primaryimage"},"thumbnailUrl":"https:\/\/kidsplay.lt\/wp-content\/uploads\/2024\/09\/Interaktyvus-pliusinis-zaislas-skirtas-kudikiams-su-lopsine-WOOPIE-BABY-5.jpg","datePublished":"2026-02-26T07:43:55+00:00","dateModified":"2026-03-23T07:09:30+00:00","description":"Interaktyvus pliu\u0161inis bulius nuramins ir u\u017emigdys j\u016bs\u0173 vaik\u0105. \u017daislas turi galimyb\u0119 \u012fjungti lop\u0161in\u0119 j\u016bs\u0173 ma\u017eajam vaikui ir spalvingas lemputes.","breadcrumb":{"@id":"https:\/\/kidsplay.lt\/produktas\/interaktyvus-pliusinis-zaislas-skirtas-kudikiams-su-lopsine-woopie-baby\/#breadcrumb"},"inLanguage":"lv-LV","potentialAction":[{"@type":"ReadAction","target":["https:\/\/kidsplay.lt\/produktas\/interaktyvus-pliusinis-zaislas-skirtas-kudikiams-su-lopsine-woopie-baby\/"]}]},{"@type":"ImageObject","inLanguage":"lv-LV","@id":"https:\/\/kidsplay.lt\/produktas\/interaktyvus-pliusinis-zaislas-skirtas-kudikiams-su-lopsine-woopie-baby\/#primaryimage","url":"https:\/\/kidsplay.lt\/wp-content\/uploads\/2024\/09\/Interaktyvus-pliusinis-zaislas-skirtas-kudikiams-su-lopsine-WOOPIE-BABY-5.jpg","contentUrl":"https:\/\/kidsplay.lt\/wp-content\/uploads\/2024\/09\/Interaktyvus-pliusinis-zaislas-skirtas-kudikiams-su-lopsine-WOOPIE-BABY-5.jpg","width":1000,"height":1000,"caption":"Interaktyvus pliu\u0161inis \u017eaislas skirtas k\u016bdikiams su lop\u0161ine WOOPIE BABY"},{"@type":"BreadcrumbList","@id":"https:\/\/kidsplay.lt\/produktas\/interaktyvus-pliusinis-zaislas-skirtas-kudikiams-su-lopsine-woopie-baby\/#breadcrumb","itemListElement":[{"@type":"ListItem","position":1,"name":"Pagrindinis","item":"https:\/\/kidsplay.lt\/"},{"@type":"ListItem","position":2,"name":"Parduotuv\u0117","item":"https:\/\/kidsplay.lt\/parduotuve\/"},{"@type":"ListItem","position":3,"name":"Interaktyvus pliu\u0161inis \u017eaislas skirtas k\u016bdikiams su lop\u0161ine WOOPIE BABY"}]},{"@type":"WebSite","@id":"https:\/\/kidsplay.lt\/#website","url":"https:\/\/kidsplay.lt\/","name":"B\u0113rnu sp\u0113les.lv","description":"\u012evairios prek\u0117s vaikams","publisher":{"@id":"https:\/\/kidsplay.lt\/#organization"},"alternateName":"Kidsplay","potentialAction":[{"@type":"SearchAction","target":{"@type":"EntryPoint","urlTemplate":"https:\/\/kidsplay.lt\/?s={search_term_string}"},"query-input":{"@type":"PropertyValueSpecification","valueRequired":true,"valueName":"search_term_string"}}],"inLanguage":"lv-LV"},{"@type":"Organization","@id":"https:\/\/kidsplay.lt\/#organization","name":"B\u0113rnu sp\u0113le","url":"https:\/\/kidsplay.lt\/","logo":{"@type":"ImageObject","inLanguage":"lv-LV","@id":"https:\/\/kidsplay.lt\/#\/schema\/logo\/image\/","url":"https:\/\/kidsplay.lt\/wp-content\/uploads\/2023\/07\/kidsplay-logo.png","contentUrl":"https:\/\/kidsplay.lt\/wp-content\/uploads\/2023\/07\/kidsplay-logo.png","width":451,"height":98,"caption":"KidsPlay"},"image":{"@id":"https:\/\/kidsplay.lt\/#\/schema\/logo\/image\/"},"sameAs":["https:\/\/www.facebook.com\/www.kidsplay.lt"]}]}},"_links":{"self":[{"href":"https:\/\/kidsplay.lt\/lv\/wp-json\/wp\/v2\/product\/90377","targetHints":{"allow":["GET"]}}],"collection":[{"href":"https:\/\/kidsplay.lt\/lv\/wp-json\/wp\/v2\/product"}],"about":[{"href":"https:\/\/kidsplay.lt\/lv\/wp-json\/wp\/v2\/types\/product"}],"version-history":[{"count":1,"href":"https:\/\/kidsplay.lt\/lv\/wp-json\/wp\/v2\/product\/90377\/revisions"}],"predecessor-version":[{"id":90378,"href":"https:\/\/kidsplay.lt\/lv\/wp-json\/wp\/v2\/product\/90377\/revisions\/90378"}],"wp:featuredmedia":[{"embeddable":true,"href":"https:\/\/kidsplay.lt\/lv\/wp-json\/wp\/v2\/media\/51636"}],"wp:attachment":[{"href":"https:\/\/kidsplay.lt\/lv\/wp-json\/wp\/v2\/media?parent=90377"}],"wp:term":[{"taxonomy":"product_brand","embeddable":true,"href":"https:\/\/kidsplay.lt\/lv\/wp-json\/wp\/v2\/product_brand?post=90377"},{"taxonomy":"product_cat","embeddable":true,"href":"https:\/\/kidsplay.lt\/lv\/wp-json\/wp\/v2\/product_cat?post=90377"},{"taxonomy":"product_tag","embeddable":true,"href":"https:\/\/kidsplay.lt\/lv\/wp-json\/wp\/v2\/product_tag?post=90377"}],"curies":[{"name":"wp","href":"https:\/\/api.w.org\/{rel}","templated":true}]}}