{"id":90381,"date":"2026-02-26T09:44:01","date_gmt":"2026-02-26T07:44:01","guid":{"rendered":"https:\/\/kidsplay.lt\/produktas\/woopie-slaugytojos-drabuziu-komplektas\/"},"modified":"2026-04-07T10:56:36","modified_gmt":"2026-04-07T07:56:36","slug":"woopie-slaugytojos-drabuziu-komplektas","status":"publish","type":"product","link":"https:\/\/kidsplay.lt\/lv\/products\/woopie-slaugytojos-drabuziu-komplektas\/","title":{"rendered":"WOOPIE slaugytojos drabu\u017ei\u0173 komplektas"},"content":{"rendered":"<p>Patikimo prek\u0117s \u017eenklo Woopie\u00a0slaugytojo kostiumas vaikams\u00a0ugdys j\u016bs\u0173 vaiko\u00a0aistr\u0105\u00a0pad\u0117ti kitiems. Daugelis vaik\u0173 svajoja\u00a0b\u016bti gydytojais ar slaugytojais\u00a0, o d\u0117v\u0117dami drabu\u017eius jie gal\u0117s jaustis kaip gydytojai ar slaugytojai. Vaidmen\u0173 \u017eaidimas lavina j\u016bs\u0173 vaiko\u00a0vaizduot\u0119\u00a0ir\u00a0k\u016brybi\u0161kum\u0105\u00a0!\u00a0Slaugytojo kostiumas \u2013 tobulas kostiumas vaikams, kurie m\u0117gsta pad\u0117ti kitiems, m\u0117gsta \u017eaisti \u012fvairius su ligoni\u0173 gydymu susijusius \u017eaidimus ir svajoja ateityje tapti slaugytoju.<\/p>\n<p>Charakteristika:<\/p>\n<p> \t&#8211; puikiai atkartota slaugytojos apranga,<br \/>\n \t&#8211; erdvios ki\u0161en\u0117s,<br \/>\n \t&#8211; skirtas vaikams iki ma\u017edaug 120 cm \u016bgio.<br \/>\n \t&#8211; slaugytojo kepurait\u0117.<\/p>\n<p>Komplekt\u0101 ietilpst:<\/p>\n<p> \t&#8211;\u00a0slaugytojos kepurait\u0117 ir prijuost\u0117 &#8211; abu balti su medicinin\u0117s pagalbos simboliu.<\/p>","protected":false},"excerpt":{"rendered":"<p>Patikimo prek\u0117s \u017eenklo Woopie\u00a0slaugytojo kostiumas vaikams\u00a0ugdys j\u016bs\u0173 vaiko\u00a0aistr\u0105\u00a0pad\u0117ti kitiems. Daugelis vaik\u0173 svajoja\u00a0b\u016bti gydytojais ar slaugytojais\u00a0, o d\u0117v\u0117dami drabu\u017eius jie gal\u0117s<\/p>","protected":false},"featured_media":51710,"template":"","meta":{"_acf_changed":false,"_glsr_average":0,"_glsr_ranking":0,"_glsr_reviews":0},"product_brand":[],"product_cat":[904,399],"product_tag":[],"class_list":{"0":"post-90381","1":"product","2":"type-product","3":"status-publish","4":"has-post-thumbnail","6":"product_cat-gydytojai","7":"product_cat-vaidmenu-zaidimai-2","8":"\"style=\"background-color: #2ecc711c;\"","10":"first","11":"instock","12":"purchasable","13":"product-type-simple"},"acf":[],"yoast_head":"<!-- This site is optimized with the Yoast SEO plugin v27.3 - https:\/\/yoast.com\/product\/yoast-seo-wordpress\/ -->\n<title>WOOPIE slaugytojos drabu\u017ei\u0173 komplektas<\/title>\n<meta name=\"description\" content=\"WOOPIE slaugytojos drabu\u017ei\u0173 komplektas - KidsPlay. Did\u017eiausias vaik\u0173 \u017eaisl\u0173 pasirinkimas.\" \/>\n<meta name=\"robots\" content=\"index, follow, max-snippet:-1, max-image-preview:large, max-video-preview:-1\" \/>\n<link rel=\"canonical\" href=\"https:\/\/kidsplay.lt\/lv\/products\/woopie-slaugytojos-drabuziu-komplektas\/\" \/>\n<meta property=\"og:locale\" content=\"lv_LV\" \/>\n<meta property=\"og:type\" content=\"article\" \/>\n<meta property=\"og:title\" content=\"WOOPIE slaugytojos drabu\u017ei\u0173 komplektas\" \/>\n<meta property=\"og:description\" content=\"WOOPIE slaugytojos drabu\u017ei\u0173 komplektas - KidsPlay. Did\u017eiausias vaik\u0173 \u017eaisl\u0173 pasirinkimas.\" \/>\n<meta property=\"og:url\" content=\"https:\/\/kidsplay.lt\/lv\/products\/woopie-slaugytojos-drabuziu-komplektas\/\" \/>\n<meta property=\"og:site_name\" content=\"KidsPlay\" \/>\n<meta property=\"article:publisher\" content=\"https:\/\/www.facebook.com\/www.kidsplay.lt\" \/>\n<meta property=\"article:modified_time\" content=\"2026-04-07T07:56:36+00:00\" \/>\n<meta property=\"og:image\" content=\"https:\/\/kidsplay.lt\/wp-content\/uploads\/2024\/09\/WOOPIE-slaugytojos-drabuziu-komplektas.jpg\" \/>\n\t<meta property=\"og:image:width\" content=\"450\" \/>\n\t<meta property=\"og:image:height\" content=\"450\" \/>\n\t<meta property=\"og:image:type\" content=\"image\/jpeg\" \/>\n<meta name=\"twitter:card\" content=\"summary_large_image\" \/>\n<meta name=\"twitter:label1\" content=\"Est. reading time\" \/>\n\t<meta name=\"twitter:data1\" content=\"1 min\u016bte\" \/>\n<script type=\"application\/ld+json\" class=\"yoast-schema-graph\">{\"@context\":\"https:\\\/\\\/schema.org\",\"@graph\":[{\"@type\":\"WebPage\",\"@id\":\"https:\\\/\\\/kidsplay.lt\\\/produktas\\\/woopie-slaugytojos-drabuziu-komplektas\\\/\",\"url\":\"https:\\\/\\\/kidsplay.lt\\\/produktas\\\/woopie-slaugytojos-drabuziu-komplektas\\\/\",\"name\":\"WOOPIE slaugytojos drabu\u017ei\u0173 komplektas\",\"isPartOf\":{\"@id\":\"https:\\\/\\\/kidsplay.lt\\\/#website\"},\"primaryImageOfPage\":{\"@id\":\"https:\\\/\\\/kidsplay.lt\\\/produktas\\\/woopie-slaugytojos-drabuziu-komplektas\\\/#primaryimage\"},\"image\":{\"@id\":\"https:\\\/\\\/kidsplay.lt\\\/produktas\\\/woopie-slaugytojos-drabuziu-komplektas\\\/#primaryimage\"},\"thumbnailUrl\":\"https:\\\/\\\/kidsplay.lt\\\/wp-content\\\/uploads\\\/2024\\\/09\\\/WOOPIE-slaugytojos-drabuziu-komplektas.jpg\",\"datePublished\":\"2026-02-26T07:44:01+00:00\",\"dateModified\":\"2026-04-07T07:56:36+00:00\",\"description\":\"WOOPIE slaugytojos drabu\u017ei\u0173 komplektas - KidsPlay. Did\u017eiausias vaik\u0173 \u017eaisl\u0173 pasirinkimas.\",\"breadcrumb\":{\"@id\":\"https:\\\/\\\/kidsplay.lt\\\/produktas\\\/woopie-slaugytojos-drabuziu-komplektas\\\/#breadcrumb\"},\"inLanguage\":\"lv-LV\",\"potentialAction\":[{\"@type\":\"ReadAction\",\"target\":[\"https:\\\/\\\/kidsplay.lt\\\/produktas\\\/woopie-slaugytojos-drabuziu-komplektas\\\/\"]}]},{\"@type\":\"ImageObject\",\"inLanguage\":\"lv-LV\",\"@id\":\"https:\\\/\\\/kidsplay.lt\\\/produktas\\\/woopie-slaugytojos-drabuziu-komplektas\\\/#primaryimage\",\"url\":\"https:\\\/\\\/kidsplay.lt\\\/wp-content\\\/uploads\\\/2024\\\/09\\\/WOOPIE-slaugytojos-drabuziu-komplektas.jpg\",\"contentUrl\":\"https:\\\/\\\/kidsplay.lt\\\/wp-content\\\/uploads\\\/2024\\\/09\\\/WOOPIE-slaugytojos-drabuziu-komplektas.jpg\",\"width\":450,\"height\":450,\"caption\":\"WOOPIE slaugytojos drabu\u017ei\u0173 komplektas\"},{\"@type\":\"BreadcrumbList\",\"@id\":\"https:\\\/\\\/kidsplay.lt\\\/produktas\\\/woopie-slaugytojos-drabuziu-komplektas\\\/#breadcrumb\",\"itemListElement\":[{\"@type\":\"ListItem\",\"position\":1,\"name\":\"Pagrindinis\",\"item\":\"https:\\\/\\\/kidsplay.lt\\\/\"},{\"@type\":\"ListItem\",\"position\":2,\"name\":\"Parduotuv\u0117\",\"item\":\"https:\\\/\\\/kidsplay.lt\\\/parduotuve\\\/\"},{\"@type\":\"ListItem\",\"position\":3,\"name\":\"WOOPIE slaugytojos drabu\u017ei\u0173 komplektas\"}]},{\"@type\":\"WebSite\",\"@id\":\"https:\\\/\\\/kidsplay.lt\\\/#website\",\"url\":\"https:\\\/\\\/kidsplay.lt\\\/\",\"name\":\"Kidsplay.lt\",\"description\":\"\u012evairios prek\u0117s vaikams\",\"publisher\":{\"@id\":\"https:\\\/\\\/kidsplay.lt\\\/#organization\"},\"alternateName\":\"Kidsplay\",\"potentialAction\":[{\"@type\":\"SearchAction\",\"target\":{\"@type\":\"EntryPoint\",\"urlTemplate\":\"https:\\\/\\\/kidsplay.lt\\\/?s={search_term_string}\"},\"query-input\":{\"@type\":\"PropertyValueSpecification\",\"valueRequired\":true,\"valueName\":\"search_term_string\"}}],\"inLanguage\":\"lv-LV\"},{\"@type\":\"Organization\",\"@id\":\"https:\\\/\\\/kidsplay.lt\\\/#organization\",\"name\":\"KidsPlay\",\"url\":\"https:\\\/\\\/kidsplay.lt\\\/\",\"logo\":{\"@type\":\"ImageObject\",\"inLanguage\":\"lv-LV\",\"@id\":\"https:\\\/\\\/kidsplay.lt\\\/#\\\/schema\\\/logo\\\/image\\\/\",\"url\":\"https:\\\/\\\/kidsplay.lt\\\/wp-content\\\/uploads\\\/2023\\\/07\\\/kidsplay-logo.png\",\"contentUrl\":\"https:\\\/\\\/kidsplay.lt\\\/wp-content\\\/uploads\\\/2023\\\/07\\\/kidsplay-logo.png\",\"width\":451,\"height\":98,\"caption\":\"KidsPlay\"},\"image\":{\"@id\":\"https:\\\/\\\/kidsplay.lt\\\/#\\\/schema\\\/logo\\\/image\\\/\"},\"sameAs\":[\"https:\\\/\\\/www.facebook.com\\\/www.kidsplay.lt\"]}]}<\/script>\n<!-- \/ Yoast SEO plugin. -->","yoast_head_json":{"title":"WOOPIE slaugytojos drabu\u017ei\u0173 komplektas","description":"WOOPIE slaugytojos drabu\u017ei\u0173 komplektas - KidsPlay. Did\u017eiausias vaik\u0173 \u017eaisl\u0173 pasirinkimas.","robots":{"index":"index","follow":"follow","max-snippet":"max-snippet:-1","max-image-preview":"max-image-preview:large","max-video-preview":"max-video-preview:-1"},"canonical":"https:\/\/kidsplay.lt\/lv\/products\/woopie-slaugytojos-drabuziu-komplektas\/","og_locale":"lv_LV","og_type":"article","og_title":"WOOPIE slaugytojos drabu\u017ei\u0173 komplektas","og_description":"WOOPIE slaugytojos drabu\u017ei\u0173 komplektas - KidsPlay. Did\u017eiausias vaik\u0173 \u017eaisl\u0173 pasirinkimas.","og_url":"https:\/\/kidsplay.lt\/lv\/products\/woopie-slaugytojos-drabuziu-komplektas\/","og_site_name":"KidsPlay","article_publisher":"https:\/\/www.facebook.com\/www.kidsplay.lt","article_modified_time":"2026-04-07T07:56:36+00:00","og_image":[{"width":450,"height":450,"url":"https:\/\/kidsplay.lt\/wp-content\/uploads\/2024\/09\/WOOPIE-slaugytojos-drabuziu-komplektas.jpg","type":"image\/jpeg"}],"twitter_card":"summary_large_image","twitter_misc":{"Est. reading time":"1 min\u016bte"},"schema":{"@context":"https:\/\/schema.org","@graph":[{"@type":"WebPage","@id":"https:\/\/kidsplay.lt\/produktas\/woopie-slaugytojos-drabuziu-komplektas\/","url":"https:\/\/kidsplay.lt\/produktas\/woopie-slaugytojos-drabuziu-komplektas\/","name":"WOOPIE slaugytojos drabu\u017ei\u0173 komplektas","isPartOf":{"@id":"https:\/\/kidsplay.lt\/#website"},"primaryImageOfPage":{"@id":"https:\/\/kidsplay.lt\/produktas\/woopie-slaugytojos-drabuziu-komplektas\/#primaryimage"},"image":{"@id":"https:\/\/kidsplay.lt\/produktas\/woopie-slaugytojos-drabuziu-komplektas\/#primaryimage"},"thumbnailUrl":"https:\/\/kidsplay.lt\/wp-content\/uploads\/2024\/09\/WOOPIE-slaugytojos-drabuziu-komplektas.jpg","datePublished":"2026-02-26T07:44:01+00:00","dateModified":"2026-04-07T07:56:36+00:00","description":"WOOPIE slaugytojos drabu\u017ei\u0173 komplektas - KidsPlay. Did\u017eiausias vaik\u0173 \u017eaisl\u0173 pasirinkimas.","breadcrumb":{"@id":"https:\/\/kidsplay.lt\/produktas\/woopie-slaugytojos-drabuziu-komplektas\/#breadcrumb"},"inLanguage":"lv-LV","potentialAction":[{"@type":"ReadAction","target":["https:\/\/kidsplay.lt\/produktas\/woopie-slaugytojos-drabuziu-komplektas\/"]}]},{"@type":"ImageObject","inLanguage":"lv-LV","@id":"https:\/\/kidsplay.lt\/produktas\/woopie-slaugytojos-drabuziu-komplektas\/#primaryimage","url":"https:\/\/kidsplay.lt\/wp-content\/uploads\/2024\/09\/WOOPIE-slaugytojos-drabuziu-komplektas.jpg","contentUrl":"https:\/\/kidsplay.lt\/wp-content\/uploads\/2024\/09\/WOOPIE-slaugytojos-drabuziu-komplektas.jpg","width":450,"height":450,"caption":"WOOPIE slaugytojos drabu\u017ei\u0173 komplektas"},{"@type":"BreadcrumbList","@id":"https:\/\/kidsplay.lt\/produktas\/woopie-slaugytojos-drabuziu-komplektas\/#breadcrumb","itemListElement":[{"@type":"ListItem","position":1,"name":"Pagrindinis","item":"https:\/\/kidsplay.lt\/"},{"@type":"ListItem","position":2,"name":"Parduotuv\u0117","item":"https:\/\/kidsplay.lt\/parduotuve\/"},{"@type":"ListItem","position":3,"name":"WOOPIE slaugytojos drabu\u017ei\u0173 komplektas"}]},{"@type":"WebSite","@id":"https:\/\/kidsplay.lt\/#website","url":"https:\/\/kidsplay.lt\/","name":"B\u0113rnu sp\u0113les.lv","description":"\u012evairios prek\u0117s vaikams","publisher":{"@id":"https:\/\/kidsplay.lt\/#organization"},"alternateName":"Kidsplay","potentialAction":[{"@type":"SearchAction","target":{"@type":"EntryPoint","urlTemplate":"https:\/\/kidsplay.lt\/?s={search_term_string}"},"query-input":{"@type":"PropertyValueSpecification","valueRequired":true,"valueName":"search_term_string"}}],"inLanguage":"lv-LV"},{"@type":"Organization","@id":"https:\/\/kidsplay.lt\/#organization","name":"B\u0113rnu sp\u0113le","url":"https:\/\/kidsplay.lt\/","logo":{"@type":"ImageObject","inLanguage":"lv-LV","@id":"https:\/\/kidsplay.lt\/#\/schema\/logo\/image\/","url":"https:\/\/kidsplay.lt\/wp-content\/uploads\/2023\/07\/kidsplay-logo.png","contentUrl":"https:\/\/kidsplay.lt\/wp-content\/uploads\/2023\/07\/kidsplay-logo.png","width":451,"height":98,"caption":"KidsPlay"},"image":{"@id":"https:\/\/kidsplay.lt\/#\/schema\/logo\/image\/"},"sameAs":["https:\/\/www.facebook.com\/www.kidsplay.lt"]}]}},"_links":{"self":[{"href":"https:\/\/kidsplay.lt\/lv\/wp-json\/wp\/v2\/product\/90381","targetHints":{"allow":["GET"]}}],"collection":[{"href":"https:\/\/kidsplay.lt\/lv\/wp-json\/wp\/v2\/product"}],"about":[{"href":"https:\/\/kidsplay.lt\/lv\/wp-json\/wp\/v2\/types\/product"}],"version-history":[{"count":1,"href":"https:\/\/kidsplay.lt\/lv\/wp-json\/wp\/v2\/product\/90381\/revisions"}],"predecessor-version":[{"id":90382,"href":"https:\/\/kidsplay.lt\/lv\/wp-json\/wp\/v2\/product\/90381\/revisions\/90382"}],"wp:featuredmedia":[{"embeddable":true,"href":"https:\/\/kidsplay.lt\/lv\/wp-json\/wp\/v2\/media\/51710"}],"wp:attachment":[{"href":"https:\/\/kidsplay.lt\/lv\/wp-json\/wp\/v2\/media?parent=90381"}],"wp:term":[{"taxonomy":"product_brand","embeddable":true,"href":"https:\/\/kidsplay.lt\/lv\/wp-json\/wp\/v2\/product_brand?post=90381"},{"taxonomy":"product_cat","embeddable":true,"href":"https:\/\/kidsplay.lt\/lv\/wp-json\/wp\/v2\/product_cat?post=90381"},{"taxonomy":"product_tag","embeddable":true,"href":"https:\/\/kidsplay.lt\/lv\/wp-json\/wp\/v2\/product_tag?post=90381"}],"curies":[{"name":"wp","href":"https:\/\/api.w.org\/{rel}","templated":true}]}}