{"id":90383,"date":"2026-02-26T09:44:03","date_gmt":"2026-02-26T07:44:03","guid":{"rendered":"https:\/\/kidsplay.lt\/produktas\/woopie-sodo-purkstuvas-raketa\/"},"modified":"2026-04-13T15:21:22","modified_gmt":"2026-04-13T12:21:22","slug":"woopie-sodo-purkstuvas-raketa","status":"publish","type":"product","link":"https:\/\/kidsplay.lt\/lv\/products\/woopie-sodo-purkstuvas-raketa\/","title":{"rendered":"WOOPIE Sodo purk\u0161tuvas raketa"},"content":{"rendered":"<p>WOOPIE prek\u0117s \u017eenklo\u00a0raketos formos\u00a0purk\u0161tuvas\u00a0\u201edu viename\u201c\u00a0sujungia dvi funkcijas: puikiai tiks kaip \u017eaislas vaikui, taip pat dr\u0117kins j\u016bs\u0173 sod\u0105. Kai vanduo teka per spalvingus vamzdelius, kurie yra lankst\u016bs, vanduo\u00a0pursteli \u012fvairiomis kryptimis\u00a0. Jis pagamintas i\u0161\u00a0auk\u0161\u010diausios kokyb\u0117s\u00a0med\u017eiagos, kuri tikrai pravers beproti\u0161k\u0173 linksmybi\u0173 metu. Purk\u0161tukas yra lengvas, o kra\u0161tai lyg\u016bs, kad vaikai gal\u0117t\u0173 liesti. D\u0117l \u0161ios prie\u017easties produktas yra\u00a0saugus naudoti\u00a0.\u00a0Charakteristika:<\/p>\n<p> \t&#8211; nuo\u00a03 met\u0173 am\u017eiaus,<br \/>\n \t&#8211;\u00a02in1\u00a0vaiki\u0161kas \u017eaislas ir sodo purk\u0161tuvas,<br \/>\n \t&#8211; pridedamas\u00a0purk\u0161tuvo antgalis ,<br \/>\n \t&#8211;\u00a0360 laipsni\u0173 kampu besisukan\u010dios\u00a0pur\u0161kimo svirties ,<br \/>\n \t&#8211;\u00a0lyg\u016bs kra\u0161tai,\u00a0u\u017etikrinantys saugum\u0105,<br \/>\n \t&#8211; standartin\u0117\u00a01\/2 colio jungtis.<\/p>\n<p>\u017daislas vysto:<\/p>\n<p> \t&#8211; motoriniai \u012fg\u016bd\u017eiai,<br \/>\n \t&#8211; aki\u0173-rank\u0173 koordinacija,<br \/>\n \t&#8211; k\u016brybi\u0161kumas ir vaizduot\u0117.<\/p>","protected":false},"excerpt":{"rendered":"<p>WOOPIE prek\u0117s \u017eenklo\u00a0raketos formos\u00a0purk\u0161tuvas\u00a0\u201edu viename\u201c\u00a0sujungia dvi funkcijas: puikiai tiks kaip \u017eaislas vaikui, taip pat dr\u0117kins j\u016bs\u0173 sod\u0105. Kai vanduo teka<\/p>","protected":false},"featured_media":54625,"template":"","meta":{"_acf_changed":false,"_glsr_average":0,"_glsr_ranking":0,"_glsr_reviews":0},"product_brand":[],"product_cat":[233,390],"product_tag":[],"class_list":{"0":"post-90383","1":"product","2":"type-product","3":"status-publish","4":"has-post-thumbnail","6":"product_cat-lauko-pramogos","7":"product_cat-vandens-pramogos","8":"\"style=\"background-color: #2ecc711c;\"","10":"first","11":"instock","12":"purchasable","13":"product-type-simple"},"acf":[],"yoast_head":"<!-- This site is optimized with the Yoast SEO plugin v27.4 - https:\/\/yoast.com\/product\/yoast-seo-wordpress\/ -->\n<title>WOOPIE Sodo purk\u0161tuvas raketa<\/title>\n<meta name=\"description\" content=\"WOOPIE Sodo purk\u0161tuvas raketa - KidsPlay. Did\u017eiausias vaik\u0173 \u017eaisl\u0173 pasirinkimas.\" \/>\n<meta name=\"robots\" content=\"index, follow, max-snippet:-1, max-image-preview:large, max-video-preview:-1\" \/>\n<link rel=\"canonical\" href=\"https:\/\/kidsplay.lt\/lv\/products\/woopie-sodo-purkstuvas-raketa\/\" \/>\n<meta property=\"og:locale\" content=\"lv_LV\" \/>\n<meta property=\"og:type\" content=\"article\" \/>\n<meta property=\"og:title\" content=\"WOOPIE Sodo purk\u0161tuvas raketa\" \/>\n<meta property=\"og:description\" content=\"WOOPIE Sodo purk\u0161tuvas raketa - KidsPlay. Did\u017eiausias vaik\u0173 \u017eaisl\u0173 pasirinkimas.\" \/>\n<meta property=\"og:url\" content=\"https:\/\/kidsplay.lt\/lv\/products\/woopie-sodo-purkstuvas-raketa\/\" \/>\n<meta property=\"og:site_name\" content=\"KidsPlay\" \/>\n<meta property=\"article:publisher\" content=\"https:\/\/www.facebook.com\/www.kidsplay.lt\" \/>\n<meta property=\"article:modified_time\" content=\"2026-04-13T12:21:22+00:00\" \/>\n<meta property=\"og:image\" content=\"https:\/\/kidsplay.lt\/wp-content\/uploads\/2024\/09\/WOOPIE-Sodo-purkstuvas-raketa.jpg\" \/>\n\t<meta property=\"og:image:width\" content=\"1000\" \/>\n\t<meta property=\"og:image:height\" content=\"1000\" \/>\n\t<meta property=\"og:image:type\" content=\"image\/jpeg\" \/>\n<meta name=\"twitter:card\" content=\"summary_large_image\" \/>\n<meta name=\"twitter:label1\" content=\"Est. reading time\" \/>\n\t<meta name=\"twitter:data1\" content=\"1 min\u016bte\" \/>\n<script type=\"application\/ld+json\" class=\"yoast-schema-graph\">{\"@context\":\"https:\\\/\\\/schema.org\",\"@graph\":[{\"@type\":\"WebPage\",\"@id\":\"https:\\\/\\\/kidsplay.lt\\\/produktas\\\/woopie-sodo-purkstuvas-raketa\\\/\",\"url\":\"https:\\\/\\\/kidsplay.lt\\\/produktas\\\/woopie-sodo-purkstuvas-raketa\\\/\",\"name\":\"WOOPIE Sodo purk\u0161tuvas raketa\",\"isPartOf\":{\"@id\":\"https:\\\/\\\/kidsplay.lt\\\/#website\"},\"primaryImageOfPage\":{\"@id\":\"https:\\\/\\\/kidsplay.lt\\\/produktas\\\/woopie-sodo-purkstuvas-raketa\\\/#primaryimage\"},\"image\":{\"@id\":\"https:\\\/\\\/kidsplay.lt\\\/produktas\\\/woopie-sodo-purkstuvas-raketa\\\/#primaryimage\"},\"thumbnailUrl\":\"https:\\\/\\\/kidsplay.lt\\\/wp-content\\\/uploads\\\/2024\\\/09\\\/WOOPIE-Sodo-purkstuvas-raketa.jpg\",\"datePublished\":\"2026-02-26T07:44:03+00:00\",\"dateModified\":\"2026-04-13T12:21:22+00:00\",\"description\":\"WOOPIE Sodo purk\u0161tuvas raketa - KidsPlay. Did\u017eiausias vaik\u0173 \u017eaisl\u0173 pasirinkimas.\",\"breadcrumb\":{\"@id\":\"https:\\\/\\\/kidsplay.lt\\\/produktas\\\/woopie-sodo-purkstuvas-raketa\\\/#breadcrumb\"},\"inLanguage\":\"lv-LV\",\"potentialAction\":[{\"@type\":\"ReadAction\",\"target\":[\"https:\\\/\\\/kidsplay.lt\\\/produktas\\\/woopie-sodo-purkstuvas-raketa\\\/\"]}]},{\"@type\":\"ImageObject\",\"inLanguage\":\"lv-LV\",\"@id\":\"https:\\\/\\\/kidsplay.lt\\\/produktas\\\/woopie-sodo-purkstuvas-raketa\\\/#primaryimage\",\"url\":\"https:\\\/\\\/kidsplay.lt\\\/wp-content\\\/uploads\\\/2024\\\/09\\\/WOOPIE-Sodo-purkstuvas-raketa.jpg\",\"contentUrl\":\"https:\\\/\\\/kidsplay.lt\\\/wp-content\\\/uploads\\\/2024\\\/09\\\/WOOPIE-Sodo-purkstuvas-raketa.jpg\",\"width\":1000,\"height\":1000,\"caption\":\"WOOPIE Sodo purk\u0161tuvas raketa\"},{\"@type\":\"BreadcrumbList\",\"@id\":\"https:\\\/\\\/kidsplay.lt\\\/produktas\\\/woopie-sodo-purkstuvas-raketa\\\/#breadcrumb\",\"itemListElement\":[{\"@type\":\"ListItem\",\"position\":1,\"name\":\"Pagrindinis\",\"item\":\"https:\\\/\\\/kidsplay.lt\\\/\"},{\"@type\":\"ListItem\",\"position\":2,\"name\":\"Parduotuv\u0117\",\"item\":\"https:\\\/\\\/kidsplay.lt\\\/parduotuve\\\/\"},{\"@type\":\"ListItem\",\"position\":3,\"name\":\"WOOPIE Sodo purk\u0161tuvas raketa\"}]},{\"@type\":\"WebSite\",\"@id\":\"https:\\\/\\\/kidsplay.lt\\\/#website\",\"url\":\"https:\\\/\\\/kidsplay.lt\\\/\",\"name\":\"Kidsplay.lt\",\"description\":\"\u012evairios prek\u0117s vaikams\",\"publisher\":{\"@id\":\"https:\\\/\\\/kidsplay.lt\\\/#organization\"},\"alternateName\":\"Kidsplay\",\"potentialAction\":[{\"@type\":\"SearchAction\",\"target\":{\"@type\":\"EntryPoint\",\"urlTemplate\":\"https:\\\/\\\/kidsplay.lt\\\/?s={search_term_string}\"},\"query-input\":{\"@type\":\"PropertyValueSpecification\",\"valueRequired\":true,\"valueName\":\"search_term_string\"}}],\"inLanguage\":\"lv-LV\"},{\"@type\":\"Organization\",\"@id\":\"https:\\\/\\\/kidsplay.lt\\\/#organization\",\"name\":\"KidsPlay\",\"url\":\"https:\\\/\\\/kidsplay.lt\\\/\",\"logo\":{\"@type\":\"ImageObject\",\"inLanguage\":\"lv-LV\",\"@id\":\"https:\\\/\\\/kidsplay.lt\\\/#\\\/schema\\\/logo\\\/image\\\/\",\"url\":\"https:\\\/\\\/kidsplay.lt\\\/wp-content\\\/uploads\\\/2023\\\/07\\\/kidsplay-logo.png\",\"contentUrl\":\"https:\\\/\\\/kidsplay.lt\\\/wp-content\\\/uploads\\\/2023\\\/07\\\/kidsplay-logo.png\",\"width\":451,\"height\":98,\"caption\":\"KidsPlay\"},\"image\":{\"@id\":\"https:\\\/\\\/kidsplay.lt\\\/#\\\/schema\\\/logo\\\/image\\\/\"},\"sameAs\":[\"https:\\\/\\\/www.facebook.com\\\/www.kidsplay.lt\"]}]}<\/script>\n<!-- \/ Yoast SEO plugin. -->","yoast_head_json":{"title":"WOOPIE Sodo purk\u0161tuvas raketa","description":"WOOPIE Sodo purk\u0161tuvas raketa - KidsPlay. Did\u017eiausias vaik\u0173 \u017eaisl\u0173 pasirinkimas.","robots":{"index":"index","follow":"follow","max-snippet":"max-snippet:-1","max-image-preview":"max-image-preview:large","max-video-preview":"max-video-preview:-1"},"canonical":"https:\/\/kidsplay.lt\/lv\/products\/woopie-sodo-purkstuvas-raketa\/","og_locale":"lv_LV","og_type":"article","og_title":"WOOPIE Sodo purk\u0161tuvas raketa","og_description":"WOOPIE Sodo purk\u0161tuvas raketa - KidsPlay. Did\u017eiausias vaik\u0173 \u017eaisl\u0173 pasirinkimas.","og_url":"https:\/\/kidsplay.lt\/lv\/products\/woopie-sodo-purkstuvas-raketa\/","og_site_name":"KidsPlay","article_publisher":"https:\/\/www.facebook.com\/www.kidsplay.lt","article_modified_time":"2026-04-13T12:21:22+00:00","og_image":[{"width":1000,"height":1000,"url":"https:\/\/kidsplay.lt\/wp-content\/uploads\/2024\/09\/WOOPIE-Sodo-purkstuvas-raketa.jpg","type":"image\/jpeg"}],"twitter_card":"summary_large_image","twitter_misc":{"Est. reading time":"1 min\u016bte"},"schema":{"@context":"https:\/\/schema.org","@graph":[{"@type":"WebPage","@id":"https:\/\/kidsplay.lt\/produktas\/woopie-sodo-purkstuvas-raketa\/","url":"https:\/\/kidsplay.lt\/produktas\/woopie-sodo-purkstuvas-raketa\/","name":"WOOPIE Sodo purk\u0161tuvas raketa","isPartOf":{"@id":"https:\/\/kidsplay.lt\/#website"},"primaryImageOfPage":{"@id":"https:\/\/kidsplay.lt\/produktas\/woopie-sodo-purkstuvas-raketa\/#primaryimage"},"image":{"@id":"https:\/\/kidsplay.lt\/produktas\/woopie-sodo-purkstuvas-raketa\/#primaryimage"},"thumbnailUrl":"https:\/\/kidsplay.lt\/wp-content\/uploads\/2024\/09\/WOOPIE-Sodo-purkstuvas-raketa.jpg","datePublished":"2026-02-26T07:44:03+00:00","dateModified":"2026-04-13T12:21:22+00:00","description":"WOOPIE Sodo purk\u0161tuvas raketa - KidsPlay. Did\u017eiausias vaik\u0173 \u017eaisl\u0173 pasirinkimas.","breadcrumb":{"@id":"https:\/\/kidsplay.lt\/produktas\/woopie-sodo-purkstuvas-raketa\/#breadcrumb"},"inLanguage":"lv-LV","potentialAction":[{"@type":"ReadAction","target":["https:\/\/kidsplay.lt\/produktas\/woopie-sodo-purkstuvas-raketa\/"]}]},{"@type":"ImageObject","inLanguage":"lv-LV","@id":"https:\/\/kidsplay.lt\/produktas\/woopie-sodo-purkstuvas-raketa\/#primaryimage","url":"https:\/\/kidsplay.lt\/wp-content\/uploads\/2024\/09\/WOOPIE-Sodo-purkstuvas-raketa.jpg","contentUrl":"https:\/\/kidsplay.lt\/wp-content\/uploads\/2024\/09\/WOOPIE-Sodo-purkstuvas-raketa.jpg","width":1000,"height":1000,"caption":"WOOPIE Sodo purk\u0161tuvas raketa"},{"@type":"BreadcrumbList","@id":"https:\/\/kidsplay.lt\/produktas\/woopie-sodo-purkstuvas-raketa\/#breadcrumb","itemListElement":[{"@type":"ListItem","position":1,"name":"Pagrindinis","item":"https:\/\/kidsplay.lt\/"},{"@type":"ListItem","position":2,"name":"Parduotuv\u0117","item":"https:\/\/kidsplay.lt\/parduotuve\/"},{"@type":"ListItem","position":3,"name":"WOOPIE Sodo purk\u0161tuvas raketa"}]},{"@type":"WebSite","@id":"https:\/\/kidsplay.lt\/#website","url":"https:\/\/kidsplay.lt\/","name":"B\u0113rnu sp\u0113les.lv","description":"\u012evairios prek\u0117s vaikams","publisher":{"@id":"https:\/\/kidsplay.lt\/#organization"},"alternateName":"Kidsplay","potentialAction":[{"@type":"SearchAction","target":{"@type":"EntryPoint","urlTemplate":"https:\/\/kidsplay.lt\/?s={search_term_string}"},"query-input":{"@type":"PropertyValueSpecification","valueRequired":true,"valueName":"search_term_string"}}],"inLanguage":"lv-LV"},{"@type":"Organization","@id":"https:\/\/kidsplay.lt\/#organization","name":"B\u0113rnu sp\u0113le","url":"https:\/\/kidsplay.lt\/","logo":{"@type":"ImageObject","inLanguage":"lv-LV","@id":"https:\/\/kidsplay.lt\/#\/schema\/logo\/image\/","url":"https:\/\/kidsplay.lt\/wp-content\/uploads\/2023\/07\/kidsplay-logo.png","contentUrl":"https:\/\/kidsplay.lt\/wp-content\/uploads\/2023\/07\/kidsplay-logo.png","width":451,"height":98,"caption":"KidsPlay"},"image":{"@id":"https:\/\/kidsplay.lt\/#\/schema\/logo\/image\/"},"sameAs":["https:\/\/www.facebook.com\/www.kidsplay.lt"]}]}},"_links":{"self":[{"href":"https:\/\/kidsplay.lt\/lv\/wp-json\/wp\/v2\/product\/90383","targetHints":{"allow":["GET"]}}],"collection":[{"href":"https:\/\/kidsplay.lt\/lv\/wp-json\/wp\/v2\/product"}],"about":[{"href":"https:\/\/kidsplay.lt\/lv\/wp-json\/wp\/v2\/types\/product"}],"version-history":[{"count":1,"href":"https:\/\/kidsplay.lt\/lv\/wp-json\/wp\/v2\/product\/90383\/revisions"}],"predecessor-version":[{"id":90384,"href":"https:\/\/kidsplay.lt\/lv\/wp-json\/wp\/v2\/product\/90383\/revisions\/90384"}],"wp:featuredmedia":[{"embeddable":true,"href":"https:\/\/kidsplay.lt\/lv\/wp-json\/wp\/v2\/media\/54625"}],"wp:attachment":[{"href":"https:\/\/kidsplay.lt\/lv\/wp-json\/wp\/v2\/media?parent=90383"}],"wp:term":[{"taxonomy":"product_brand","embeddable":true,"href":"https:\/\/kidsplay.lt\/lv\/wp-json\/wp\/v2\/product_brand?post=90383"},{"taxonomy":"product_cat","embeddable":true,"href":"https:\/\/kidsplay.lt\/lv\/wp-json\/wp\/v2\/product_cat?post=90383"},{"taxonomy":"product_tag","embeddable":true,"href":"https:\/\/kidsplay.lt\/lv\/wp-json\/wp\/v2\/product_tag?post=90383"}],"curies":[{"name":"wp","href":"https:\/\/api.w.org\/{rel}","templated":true}]}}