{"id":90387,"date":"2026-02-26T09:44:09","date_gmt":"2026-02-26T07:44:09","guid":{"rendered":"https:\/\/kidsplay.lt\/produktas\/woopie-3in1-zvejybos-zaidimas-vandens-ir-smelio-staliukas\/"},"modified":"2026-04-07T10:56:45","modified_gmt":"2026-04-07T07:56:45","slug":"woopie-3in1-zvejybos-zaidimas-vandens-ir-smelio-staliukas","status":"publish","type":"product","link":"https:\/\/kidsplay.lt\/lv\/products\/woopie-3in1-zvejybos-zaidimas-vandens-ir-smelio-staliukas\/","title":{"rendered":"WOOPIE 3in1 mak\u0161\u0137er\u0113\u0161anas sp\u0113le, \u016bdens un smil\u0161u galds"},"content":{"rendered":"<p>3in1 vandens stalo \u017evejybos \u017eaidim\u0173 sm\u0117lio d\u0117\u017e\u0117\u00a0\u00a0i\u0161 \u017einomo\u00a0\u00a0WOOPIE\u00a0\u00a0prek\u0117s \u017eenklo yra puikus produktas m\u016bs\u0173 ma\u017eiausiems vaikams. Pripildykite bak\u0105 vandens ir leiskite savo vaikams\u00a0smagiai praleisti laik\u0105 vandenyje.\u00a0\u00a0 Stalas gali b\u016bti naudojamas ir kaip\u00a0sm\u0117lio d\u0117\u017e\u0117\u00a0.\u00a0\u00a0Rinkin\u012f sudaro 6 elementai\u00a0, \u012fskaitant vandens stal\u0105, me\u0161ker\u0119, vandens \u0161auk\u0161t\u0105, 3 perpildymo kamuoliukus ir 3 \u017euvis. \u017duvys\u00a0turi magnetus\u00a0ir gali b\u016bti papildomai\u00a0suvyniotos\u00a0, kad pl\u016bduriuot\u0173 ant vandens. Rinkinys yra puikus gaminys\u00a0\u00a0\u017eaisti namuose ir lauke.\u00a0\u00a0J\u016bs\u0173 vaikui patiks \u017evejoti.<\/p>\n<p>Charakteristika:<\/p>\n<p> \t&#8211; nuo\u00a0\u00a03 met\u0173 am\u017eiaus<br \/>\n \t&#8211; 3 viename:\u00a0\u00a0stalas, sm\u0117lio d\u0117\u017e\u0117, \u017evejybos \u017eaidimas<br \/>\n \t&#8211;\u00a0\u00a0rinkinyje yra\u00a09 elementai<br \/>\n \t&#8211; vaikas gali\u00a0gaudyti\u00a0\u017euv\u012f\u00a0me\u0161kere\u00a0<br \/>\n \t&#8211; \u017euvis gali b\u016bti\u00a0suvyniota\u00a0, kad pl\u016bduriuot\u0173 ant vandens<br \/>\n \t&#8211; lavina\u00a0\u00a0rankinius \u012fg\u016bd\u017eius\u00a0\u00a0ir\u00a0\u00a0supratim\u0105 apie supant\u012f pasaul\u012f<br \/>\n \t&#8211; \u017eaisti lauke arba namuose<\/p>\n<p>Komplekt\u0101 ietilpst:<\/p>\n<p> \t&#8211; 3 \u017euvys<br \/>\n \t&#8211; 3 perpildymo rutuliai<br \/>\n \t&#8211; me\u0161ker\u0117<br \/>\n \t&#8211; \u0161auk\u0161tas vandeniui<br \/>\n \t&#8211; stalas<\/p>","protected":false},"excerpt":{"rendered":"<p>3in1 vandens stalo \u017evejybos \u017eaidim\u0173 sm\u0117lio d\u0117\u017e\u0117\u00a0\u00a0i\u0161 \u017einomo\u00a0\u00a0WOOPIE\u00a0\u00a0prek\u0117s \u017eenklo yra puikus produktas m\u016bs\u0173 ma\u017eiausiems vaikams. Pripildykite bak\u0105 vandens ir leiskite<\/p>","protected":false},"featured_media":51728,"template":"","meta":{"_acf_changed":false,"_glsr_average":0,"_glsr_ranking":0,"_glsr_reviews":0},"product_brand":[],"product_cat":[395],"product_tag":[],"class_list":{"0":"post-90387","1":"product","2":"type-product","3":"status-publish","4":"has-post-thumbnail","6":"product_cat-vandens-ir-smelio-staliukai","7":"\"style=\"background-color: #2ecc711c;\"","9":"first","10":"instock","11":"purchasable","12":"product-type-simple"},"acf":[],"yoast_head":"<!-- This site is optimized with the Yoast SEO plugin v27.3 - https:\/\/yoast.com\/product\/yoast-seo-wordpress\/ -->\n<title>WOOPIE 3in1 \u017evejybos \u017eaidimas, vandens ir sm\u0117lio staliukas<\/title>\n<meta name=\"description\" content=\"WOOPIE 3in1 \u017evejybos \u017eaidimas, vandens ir sm\u0117lio staliukas - KidsPlay. Did\u017eiausias vaik\u0173 \u017eaisl\u0173 pasirinkimas.\" \/>\n<meta name=\"robots\" content=\"index, follow, max-snippet:-1, max-image-preview:large, max-video-preview:-1\" \/>\n<link rel=\"canonical\" href=\"https:\/\/kidsplay.lt\/lv\/products\/woopie-3in1-zvejybos-zaidimas-vandens-ir-smelio-staliukas\/\" \/>\n<meta property=\"og:locale\" content=\"lv_LV\" \/>\n<meta property=\"og:type\" content=\"article\" \/>\n<meta property=\"og:title\" content=\"WOOPIE 3in1 \u017evejybos \u017eaidimas, vandens ir sm\u0117lio staliukas\" \/>\n<meta property=\"og:description\" content=\"WOOPIE 3in1 \u017evejybos \u017eaidimas, vandens ir sm\u0117lio staliukas - KidsPlay. Did\u017eiausias vaik\u0173 \u017eaisl\u0173 pasirinkimas.\" \/>\n<meta property=\"og:url\" content=\"https:\/\/kidsplay.lt\/lv\/products\/woopie-3in1-zvejybos-zaidimas-vandens-ir-smelio-staliukas\/\" \/>\n<meta property=\"og:site_name\" content=\"KidsPlay\" \/>\n<meta property=\"article:publisher\" content=\"https:\/\/www.facebook.com\/www.kidsplay.lt\" \/>\n<meta property=\"article:modified_time\" content=\"2026-04-07T07:56:45+00:00\" \/>\n<meta property=\"og:image\" content=\"https:\/\/kidsplay.lt\/wp-content\/uploads\/2024\/09\/WOOPIE-3in1-zvejybos-zaidimas-vandens-ir-smelio-staliukas.jpg\" \/>\n\t<meta property=\"og:image:width\" content=\"1000\" \/>\n\t<meta property=\"og:image:height\" content=\"1000\" \/>\n\t<meta property=\"og:image:type\" content=\"image\/jpeg\" \/>\n<meta name=\"twitter:card\" content=\"summary_large_image\" \/>\n<meta name=\"twitter:label1\" content=\"Est. reading time\" \/>\n\t<meta name=\"twitter:data1\" content=\"1 min\u016bte\" \/>\n<script type=\"application\/ld+json\" class=\"yoast-schema-graph\">{\"@context\":\"https:\\\/\\\/schema.org\",\"@graph\":[{\"@type\":\"WebPage\",\"@id\":\"https:\\\/\\\/kidsplay.lt\\\/produktas\\\/woopie-3in1-zvejybos-zaidimas-vandens-ir-smelio-staliukas\\\/\",\"url\":\"https:\\\/\\\/kidsplay.lt\\\/produktas\\\/woopie-3in1-zvejybos-zaidimas-vandens-ir-smelio-staliukas\\\/\",\"name\":\"WOOPIE 3in1 \u017evejybos \u017eaidimas, vandens ir sm\u0117lio staliukas\",\"isPartOf\":{\"@id\":\"https:\\\/\\\/kidsplay.lt\\\/#website\"},\"primaryImageOfPage\":{\"@id\":\"https:\\\/\\\/kidsplay.lt\\\/produktas\\\/woopie-3in1-zvejybos-zaidimas-vandens-ir-smelio-staliukas\\\/#primaryimage\"},\"image\":{\"@id\":\"https:\\\/\\\/kidsplay.lt\\\/produktas\\\/woopie-3in1-zvejybos-zaidimas-vandens-ir-smelio-staliukas\\\/#primaryimage\"},\"thumbnailUrl\":\"https:\\\/\\\/kidsplay.lt\\\/wp-content\\\/uploads\\\/2024\\\/09\\\/WOOPIE-3in1-zvejybos-zaidimas-vandens-ir-smelio-staliukas.jpg\",\"datePublished\":\"2026-02-26T07:44:09+00:00\",\"dateModified\":\"2026-04-07T07:56:45+00:00\",\"description\":\"WOOPIE 3in1 \u017evejybos \u017eaidimas, vandens ir sm\u0117lio staliukas - KidsPlay. Did\u017eiausias vaik\u0173 \u017eaisl\u0173 pasirinkimas.\",\"breadcrumb\":{\"@id\":\"https:\\\/\\\/kidsplay.lt\\\/produktas\\\/woopie-3in1-zvejybos-zaidimas-vandens-ir-smelio-staliukas\\\/#breadcrumb\"},\"inLanguage\":\"lv-LV\",\"potentialAction\":[{\"@type\":\"ReadAction\",\"target\":[\"https:\\\/\\\/kidsplay.lt\\\/produktas\\\/woopie-3in1-zvejybos-zaidimas-vandens-ir-smelio-staliukas\\\/\"]}]},{\"@type\":\"ImageObject\",\"inLanguage\":\"lv-LV\",\"@id\":\"https:\\\/\\\/kidsplay.lt\\\/produktas\\\/woopie-3in1-zvejybos-zaidimas-vandens-ir-smelio-staliukas\\\/#primaryimage\",\"url\":\"https:\\\/\\\/kidsplay.lt\\\/wp-content\\\/uploads\\\/2024\\\/09\\\/WOOPIE-3in1-zvejybos-zaidimas-vandens-ir-smelio-staliukas.jpg\",\"contentUrl\":\"https:\\\/\\\/kidsplay.lt\\\/wp-content\\\/uploads\\\/2024\\\/09\\\/WOOPIE-3in1-zvejybos-zaidimas-vandens-ir-smelio-staliukas.jpg\",\"width\":1000,\"height\":1000,\"caption\":\"WOOPIE 3in1 \u017evejybos \u017eaidimas\"},{\"@type\":\"BreadcrumbList\",\"@id\":\"https:\\\/\\\/kidsplay.lt\\\/produktas\\\/woopie-3in1-zvejybos-zaidimas-vandens-ir-smelio-staliukas\\\/#breadcrumb\",\"itemListElement\":[{\"@type\":\"ListItem\",\"position\":1,\"name\":\"Pagrindinis\",\"item\":\"https:\\\/\\\/kidsplay.lt\\\/\"},{\"@type\":\"ListItem\",\"position\":2,\"name\":\"Parduotuv\u0117\",\"item\":\"https:\\\/\\\/kidsplay.lt\\\/parduotuve\\\/\"},{\"@type\":\"ListItem\",\"position\":3,\"name\":\"WOOPIE 3in1 \u017evejybos \u017eaidimas, vandens ir sm\u0117lio staliukas\"}]},{\"@type\":\"WebSite\",\"@id\":\"https:\\\/\\\/kidsplay.lt\\\/#website\",\"url\":\"https:\\\/\\\/kidsplay.lt\\\/\",\"name\":\"Kidsplay.lt\",\"description\":\"\u012evairios prek\u0117s vaikams\",\"publisher\":{\"@id\":\"https:\\\/\\\/kidsplay.lt\\\/#organization\"},\"alternateName\":\"Kidsplay\",\"potentialAction\":[{\"@type\":\"SearchAction\",\"target\":{\"@type\":\"EntryPoint\",\"urlTemplate\":\"https:\\\/\\\/kidsplay.lt\\\/?s={search_term_string}\"},\"query-input\":{\"@type\":\"PropertyValueSpecification\",\"valueRequired\":true,\"valueName\":\"search_term_string\"}}],\"inLanguage\":\"lv-LV\"},{\"@type\":\"Organization\",\"@id\":\"https:\\\/\\\/kidsplay.lt\\\/#organization\",\"name\":\"KidsPlay\",\"url\":\"https:\\\/\\\/kidsplay.lt\\\/\",\"logo\":{\"@type\":\"ImageObject\",\"inLanguage\":\"lv-LV\",\"@id\":\"https:\\\/\\\/kidsplay.lt\\\/#\\\/schema\\\/logo\\\/image\\\/\",\"url\":\"https:\\\/\\\/kidsplay.lt\\\/wp-content\\\/uploads\\\/2023\\\/07\\\/kidsplay-logo.png\",\"contentUrl\":\"https:\\\/\\\/kidsplay.lt\\\/wp-content\\\/uploads\\\/2023\\\/07\\\/kidsplay-logo.png\",\"width\":451,\"height\":98,\"caption\":\"KidsPlay\"},\"image\":{\"@id\":\"https:\\\/\\\/kidsplay.lt\\\/#\\\/schema\\\/logo\\\/image\\\/\"},\"sameAs\":[\"https:\\\/\\\/www.facebook.com\\\/www.kidsplay.lt\"]}]}<\/script>\n<!-- \/ Yoast SEO plugin. -->","yoast_head_json":{"title":"WOOPIE 3in1 mak\u0161\u0137er\u0113\u0161anas sp\u0113le, \u016bdens un smil\u0161u galds","description":"WOOPIE 3in1 \u017evejybos \u017eaidimas, vandens ir sm\u0117lio staliukas - KidsPlay. Did\u017eiausias vaik\u0173 \u017eaisl\u0173 pasirinkimas.","robots":{"index":"index","follow":"follow","max-snippet":"max-snippet:-1","max-image-preview":"max-image-preview:large","max-video-preview":"max-video-preview:-1"},"canonical":"https:\/\/kidsplay.lt\/lv\/products\/woopie-3in1-zvejybos-zaidimas-vandens-ir-smelio-staliukas\/","og_locale":"lv_LV","og_type":"article","og_title":"WOOPIE 3in1 \u017evejybos \u017eaidimas, vandens ir sm\u0117lio staliukas","og_description":"WOOPIE 3in1 \u017evejybos \u017eaidimas, vandens ir sm\u0117lio staliukas - KidsPlay. Did\u017eiausias vaik\u0173 \u017eaisl\u0173 pasirinkimas.","og_url":"https:\/\/kidsplay.lt\/lv\/products\/woopie-3in1-zvejybos-zaidimas-vandens-ir-smelio-staliukas\/","og_site_name":"KidsPlay","article_publisher":"https:\/\/www.facebook.com\/www.kidsplay.lt","article_modified_time":"2026-04-07T07:56:45+00:00","og_image":[{"width":1000,"height":1000,"url":"https:\/\/kidsplay.lt\/wp-content\/uploads\/2024\/09\/WOOPIE-3in1-zvejybos-zaidimas-vandens-ir-smelio-staliukas.jpg","type":"image\/jpeg"}],"twitter_card":"summary_large_image","twitter_misc":{"Est. reading time":"1 min\u016bte"},"schema":{"@context":"https:\/\/schema.org","@graph":[{"@type":"WebPage","@id":"https:\/\/kidsplay.lt\/produktas\/woopie-3in1-zvejybos-zaidimas-vandens-ir-smelio-staliukas\/","url":"https:\/\/kidsplay.lt\/produktas\/woopie-3in1-zvejybos-zaidimas-vandens-ir-smelio-staliukas\/","name":"WOOPIE 3in1 mak\u0161\u0137er\u0113\u0161anas sp\u0113le, \u016bdens un smil\u0161u galds","isPartOf":{"@id":"https:\/\/kidsplay.lt\/#website"},"primaryImageOfPage":{"@id":"https:\/\/kidsplay.lt\/produktas\/woopie-3in1-zvejybos-zaidimas-vandens-ir-smelio-staliukas\/#primaryimage"},"image":{"@id":"https:\/\/kidsplay.lt\/produktas\/woopie-3in1-zvejybos-zaidimas-vandens-ir-smelio-staliukas\/#primaryimage"},"thumbnailUrl":"https:\/\/kidsplay.lt\/wp-content\/uploads\/2024\/09\/WOOPIE-3in1-zvejybos-zaidimas-vandens-ir-smelio-staliukas.jpg","datePublished":"2026-02-26T07:44:09+00:00","dateModified":"2026-04-07T07:56:45+00:00","description":"WOOPIE 3in1 \u017evejybos \u017eaidimas, vandens ir sm\u0117lio staliukas - KidsPlay. Did\u017eiausias vaik\u0173 \u017eaisl\u0173 pasirinkimas.","breadcrumb":{"@id":"https:\/\/kidsplay.lt\/produktas\/woopie-3in1-zvejybos-zaidimas-vandens-ir-smelio-staliukas\/#breadcrumb"},"inLanguage":"lv-LV","potentialAction":[{"@type":"ReadAction","target":["https:\/\/kidsplay.lt\/produktas\/woopie-3in1-zvejybos-zaidimas-vandens-ir-smelio-staliukas\/"]}]},{"@type":"ImageObject","inLanguage":"lv-LV","@id":"https:\/\/kidsplay.lt\/produktas\/woopie-3in1-zvejybos-zaidimas-vandens-ir-smelio-staliukas\/#primaryimage","url":"https:\/\/kidsplay.lt\/wp-content\/uploads\/2024\/09\/WOOPIE-3in1-zvejybos-zaidimas-vandens-ir-smelio-staliukas.jpg","contentUrl":"https:\/\/kidsplay.lt\/wp-content\/uploads\/2024\/09\/WOOPIE-3in1-zvejybos-zaidimas-vandens-ir-smelio-staliukas.jpg","width":1000,"height":1000,"caption":"WOOPIE 3in1 \u017evejybos \u017eaidimas"},{"@type":"BreadcrumbList","@id":"https:\/\/kidsplay.lt\/produktas\/woopie-3in1-zvejybos-zaidimas-vandens-ir-smelio-staliukas\/#breadcrumb","itemListElement":[{"@type":"ListItem","position":1,"name":"Pagrindinis","item":"https:\/\/kidsplay.lt\/"},{"@type":"ListItem","position":2,"name":"Parduotuv\u0117","item":"https:\/\/kidsplay.lt\/parduotuve\/"},{"@type":"ListItem","position":3,"name":"WOOPIE 3in1 \u017evejybos \u017eaidimas, vandens ir sm\u0117lio staliukas"}]},{"@type":"WebSite","@id":"https:\/\/kidsplay.lt\/#website","url":"https:\/\/kidsplay.lt\/","name":"B\u0113rnu sp\u0113les.lv","description":"\u012evairios prek\u0117s vaikams","publisher":{"@id":"https:\/\/kidsplay.lt\/#organization"},"alternateName":"Kidsplay","potentialAction":[{"@type":"SearchAction","target":{"@type":"EntryPoint","urlTemplate":"https:\/\/kidsplay.lt\/?s={search_term_string}"},"query-input":{"@type":"PropertyValueSpecification","valueRequired":true,"valueName":"search_term_string"}}],"inLanguage":"lv-LV"},{"@type":"Organization","@id":"https:\/\/kidsplay.lt\/#organization","name":"B\u0113rnu sp\u0113le","url":"https:\/\/kidsplay.lt\/","logo":{"@type":"ImageObject","inLanguage":"lv-LV","@id":"https:\/\/kidsplay.lt\/#\/schema\/logo\/image\/","url":"https:\/\/kidsplay.lt\/wp-content\/uploads\/2023\/07\/kidsplay-logo.png","contentUrl":"https:\/\/kidsplay.lt\/wp-content\/uploads\/2023\/07\/kidsplay-logo.png","width":451,"height":98,"caption":"KidsPlay"},"image":{"@id":"https:\/\/kidsplay.lt\/#\/schema\/logo\/image\/"},"sameAs":["https:\/\/www.facebook.com\/www.kidsplay.lt"]}]}},"_links":{"self":[{"href":"https:\/\/kidsplay.lt\/lv\/wp-json\/wp\/v2\/product\/90387","targetHints":{"allow":["GET"]}}],"collection":[{"href":"https:\/\/kidsplay.lt\/lv\/wp-json\/wp\/v2\/product"}],"about":[{"href":"https:\/\/kidsplay.lt\/lv\/wp-json\/wp\/v2\/types\/product"}],"version-history":[{"count":1,"href":"https:\/\/kidsplay.lt\/lv\/wp-json\/wp\/v2\/product\/90387\/revisions"}],"predecessor-version":[{"id":90388,"href":"https:\/\/kidsplay.lt\/lv\/wp-json\/wp\/v2\/product\/90387\/revisions\/90388"}],"wp:featuredmedia":[{"embeddable":true,"href":"https:\/\/kidsplay.lt\/lv\/wp-json\/wp\/v2\/media\/51728"}],"wp:attachment":[{"href":"https:\/\/kidsplay.lt\/lv\/wp-json\/wp\/v2\/media?parent=90387"}],"wp:term":[{"taxonomy":"product_brand","embeddable":true,"href":"https:\/\/kidsplay.lt\/lv\/wp-json\/wp\/v2\/product_brand?post=90387"},{"taxonomy":"product_cat","embeddable":true,"href":"https:\/\/kidsplay.lt\/lv\/wp-json\/wp\/v2\/product_cat?post=90387"},{"taxonomy":"product_tag","embeddable":true,"href":"https:\/\/kidsplay.lt\/lv\/wp-json\/wp\/v2\/product_tag?post=90387"}],"curies":[{"name":"wp","href":"https:\/\/api.w.org\/{rel}","templated":true}]}}